{"id":9984,"date":"2021-06-02T18:08:55","date_gmt":"2021-06-02T15:08:55","guid":{"rendered":"https:\/\/sachviet.eu\/shop\/bo-sach-ehon-cung-to-di-da-ngoai-nhe-set-4-quyen\/"},"modified":"2022-01-18T03:14:11","modified_gmt":"2022-01-18T01:14:11","slug":"bo-sach-ehon-cung-to-di-da-ngoai-nhe-set-4-quyen","status":"publish","type":"product","link":"https:\/\/sachviet.eu\/en\/shop\/bo-sach-ehon-cung-to-di-da-ngoai-nhe-set-4-quyen\/","title":{"rendered":"B\u1ed9 S\u00e1ch Ehon &#8211; C\u00f9ng T\u1edb \u0110i D\u00e3 Ngo\u1ea1i Nh\u00e9! &#8211; Set 4 quy\u1ec3n"},"content":{"rendered":"<p>H\u00f4m nay l\u00e0 ng\u00e0y \u0111i d\u00e3 ngo\u1ea1i m\u00e0 c\u00e1c b\u1ea1n nh\u1ecf \u0111\u00e3 r\u1ea5t h\u00e1o h\u1ee9c mong \u0111\u1ee3i. C\u00e1c b\u1ea1n leo l\u00ean chi\u1ebfc xe bu\u00fdt th\u1eadt to v\u00e0 \u0111i \u0111\u1ebfn \u0111\u1ed3i nho \u0111\u1ec3 h\u00e1i nho. V\u1eady m\u00e0 t\u1eeb s\u00e1ng tr\u1eddi l\u1ea1i \u0111\u1ed5 m\u01b0a r\u00e0o.<\/p>\n<p>Chi\u1ebfc xe ch\u1ea1y b\u0103ng qua th\u00e0nh ph\u1ed1, r\u1ed3i ch\u1ea1y v\u1ec1 ph\u00eda ng\u1ecdn n\u00fai. \u0110\u01b0\u1eddng h\u1ea7m \u0111ang \u1edf ph\u00eda tr\u01b0\u1edbc r\u1ed3i k\u00eca.<\/p>\n<p>Khi xe chui ra kh\u1ecfi \u0111\u01b0\u1eddng h\u1ea7m, th\u00ec r\u1eebng l\u00e1 phong v\u00e0ng r\u1ef1c r\u1ee1 hi\u1ec7n ra. Tr\u1eddi v\u1eabn ti\u1ebfp t\u1ee5c m\u01b0a.<\/p>\n<p>Khi xe ch\u1ea1y chui ra kh\u1ecfi \u0111\u01b0\u1eddng h\u1ea7m l\u00e0 \u0111\u1ebfn m\u1ed9t eo bi\u1ec3n. M\u01b0a \u0111\u00e3 ng\u1edbt d\u1ea7n.<\/p>\n","protected":false},"excerpt":{"rendered":"<p>H\u00f4m nay l\u00e0 ng\u00e0y \u0111i d\u00e3 ngo\u1ea1i m\u00e0 c\u00e1c b\u1ea1n nh\u1ecf \u0111\u00e3 r\u1ea5t h\u00e1o h\u1ee9c mong \u0111\u1ee3i. C\u00e1c b\u1ea1n leo l\u00ean chi\u1ebfc xe bu\u00fdt th\u1eadt to v\u00e0 \u0111i \u0111\u1ebfn \u0111\u1ed3i nho \u0111\u1ec3 h\u00e1i nho. V\u1eady m\u00e0 t\u1eeb s\u00e1ng tr\u1eddi l\u1ea1i \u0111\u1ed5 m\u01b0a r\u00e0o.<\/p>\n<p>Chi\u1ebfc xe ch\u1ea1y b\u0103ng qua th\u00e0nh ph\u1ed1, r\u1ed3i ch\u1ea1y v\u1ec1 ph\u00eda ng\u1ecdn n\u00fai. \u0110\u01b0\u1eddng h\u1ea7m \u0111ang \u1edf ph\u00eda tr\u01b0\u1edbc r\u1ed3i k\u00eca.<\/p>\n<p>Khi xe chui ra kh\u1ecfi \u0111\u01b0\u1eddng h\u1ea7m, th\u00ec r\u1eebng l\u00e1 phong v\u00e0ng r\u1ef1c r\u1ee1 hi\u1ec7n ra. Tr\u1eddi v\u1eabn ti\u1ebfp t\u1ee5c m\u01b0a.<\/p>\n<p>Khi xe ch\u1ea1y chui ra kh\u1ecfi \u0111\u01b0\u1eddng h\u1ea7m l\u00e0 \u0111\u1ebfn m\u1ed9t eo bi\u1ec3n. M\u01b0a \u0111\u00e3 ng\u1edbt d\u1ea7n.<\/p>\n","protected":false},"featured_media":9979,"template":"","meta":{"_acf_changed":false},"product_brand":[],"product_cat":[25,17],"product_tag":[],"class_list":{"0":"post-9984","1":"product","2":"type-product","3":"status-publish","4":"has-post-thumbnail","6":"product_cat-nhi-dong-6-tuoi-12-tuoi","7":"product_cat-sach-danh-cho-cac-be","9":"first","10":"outofstock","11":"taxable","12":"shipping-taxable","13":"purchasable","14":"product-type-simple"},"supplier_id":null,"supplier_sku":"","barcode":null,"atum_controlled":true,"out_stock_date":"2022-01-18 01:14:11","out_stock_threshold":null,"inheritable":false,"inbound_stock":0,"stock_on_hold":0,"sold_today":0,"sales_last_days":0,"reserved_stock":0,"customer_returns":0,"warehouse_damage":0,"lost_in_post":0,"other_logs":0,"out_stock_days":1471,"lost_sales":0,"has_location":false,"update_date":"2026-01-28T23:10:45","atum_locations":[],"atum_stock_status":"outofstock","restock_status":false,"low_stock_amount":"","sales_update_date":"2026-01-28T23:10:45","calc_backorders":null,"acf":{"publisher":{"ID":1474,"post_author":"1","post_date":"2021-02-17 01:12:51","post_date_gmt":"2021-02-16 23:12:51","post_content":"","post_title":"Th\u00e1i H\u00e0","post_excerpt":"","post_status":"publish","comment_status":"closed","ping_status":"closed","post_password":"","post_name":"thai-ha","to_ping":"","pinged":"","post_modified":"2021-02-17 01:12:51","post_modified_gmt":"2021-02-16 23:12:51","post_content_filtered":"","post_parent":0,"guid":"https:\/\/sachviet.eu\/nha-phat-hanh\/thai-ha\/","menu_order":0,"post_type":"publisher","post_mime_type":"","comment_count":"0","filter":"raw"}},"_links":{"self":[{"href":"https:\/\/sachviet.eu\/en\/wp-json\/wp\/v2\/product\/9984","targetHints":{"allow":["GET"]}}],"collection":[{"href":"https:\/\/sachviet.eu\/en\/wp-json\/wp\/v2\/product"}],"about":[{"href":"https:\/\/sachviet.eu\/en\/wp-json\/wp\/v2\/types\/product"}],"wp:featuredmedia":[{"embeddable":true,"href":"https:\/\/sachviet.eu\/en\/wp-json\/wp\/v2\/media\/9979"}],"wp:attachment":[{"href":"https:\/\/sachviet.eu\/en\/wp-json\/wp\/v2\/media?parent=9984"}],"wp:term":[{"taxonomy":"product_brand","embeddable":true,"href":"https:\/\/sachviet.eu\/en\/wp-json\/wp\/v2\/product_brand?post=9984"},{"taxonomy":"product_cat","embeddable":true,"href":"https:\/\/sachviet.eu\/en\/wp-json\/wp\/v2\/product_cat?post=9984"},{"taxonomy":"product_tag","embeddable":true,"href":"https:\/\/sachviet.eu\/en\/wp-json\/wp\/v2\/product_tag?post=9984"}],"curies":[{"name":"wp","href":"https:\/\/api.w.org\/{rel}","templated":true}]}}