{"id":9975,"date":"2021-06-02T18:02:32","date_gmt":"2021-06-02T15:02:32","guid":{"rendered":"https:\/\/sachviet.eu\/shop\/boxset-your-name-phien-ban-manga\/"},"modified":"2021-06-15T11:16:06","modified_gmt":"2021-06-15T08:16:06","slug":"boxset-your-name-phien-ban-manga","status":"publish","type":"product","link":"https:\/\/sachviet.eu\/en\/shop\/boxset-your-name-phien-ban-manga\/","title":{"rendered":"Boxset Your Name &#8211; Phi\u00ean B\u1ea3n Manga"},"content":{"rendered":"<p>\u1ede m\u1ed9t n\u01a1i heo h\u00fat, c\u00f3 m\u1ed9t th\u1ecb tr\u1ea5n nh\u1ecf x\u00edu, kh\u00f4ng c\u00f2n v\u0103n v\u1eadt g\u00ec hi\u1ec3n h\u00e1ch ngo\u00e0i m\u1ed9t ng\u00f4i \u0111\u1ec1n \u0111\u00e3 b\u1ecb thu nh\u1ecf quy m\u00f4, m\u1ed9t s\u1ea3n ph\u1ea9m d\u00e2y t\u1ebft kh\u00f4ng c\u00f2n ai hi\u1ec3u \u00fd ngh\u0129a, v\u00e0 m\u1ed9t c\u00f4ng ngh\u1ec7 l\u00e0m r\u01b0\u1ee3u khi\u1ebfn thanh thi\u1ebfu ni\u00ean c\u1ef1c k\u00ec ng\u1ea7n ng\u1ea1i.<\/p>\n<p>Mitsuha c\u0169ng n\u1eb1m trong s\u1ed1 c\u00e1c thanh thi\u1ebfu ni\u00ean \u1ea5y. C\u00f4 khao kh\u00e1t tho\u00e1t kh\u1ecfi c\u00e1i th\u1ecb tr\u1ea5n ch\u1eadt ch\u1ed9i nhi\u1ec1u s\u0103m soi va ch\u1ea1m, \u0111\u1ec3 \u0111\u1ebfn s\u1ed1ng \u1edf th\u00e0nh ph\u1ed1 l\u1edbn. V\u00e0o m\u1ed9t \u0111\u00eam t\u1ed1i t\u0103m, c\u00f4 ch\u00e1n ch\u01b0\u1eddng k\u00eau l\u00ean, \u201cKi\u1ebfp sau, xin h\u00e3y cho con l\u00e0m m\u1ed9t anh ch\u00e0ng \u0111\u1eb9p trai \u1edf Tokyo!\u201d<\/p>\n<p>R\u1ed3i v\u00e0o m\u1ed9t ng\u00e0y s\u00e1ng s\u1ee7a, c\u00f4 qu\u1ea3 nhi\u00ean th\u1ea5y m\u00ecnh bi\u1ebfn th\u00e0nh m\u1ed9t ch\u00e0ng trai. T\u1ec9nh d\u1eady trong c\u0103n ph\u00f2ng l\u1ea1 l\u1eabm, g\u1eb7p g\u1ee1 nh\u1eefng ng\u01b0\u1eddi b\u1ea1n kh\u00f4ng quen, khung c\u1ea3nh s\u1ea7m u\u1ea5t c\u1ee7a Tokyo tr\u1ea3i r\u1ed9ng tr\u01b0\u1edbc m\u1eaft. B\u1ed1i r\u1ed1i nh\u01b0ng m\u00e3n nguy\u1ec7n, Mitsuha h\u00e1o h\u1ee9c t\u1eadn h\u01b0\u1edfng cu\u1ed9c s\u1ed1ng n\u01a1i \u0111\u00f4 th\u1ecb ph\u1ed3n hoa c\u00f4 v\u1eabn h\u1eb1ng \u01b0\u1edbc mong.<\/p>\n<p>C\u00f9ng l\u00fac \u0111\u00f3 Taki, m\u1ed9t nam sinh c\u1ea5p ba s\u1ed1ng \u1edf Tokyo, l\u1ea1i th\u1ea5y m\u00ecnh bi\u1ebfn th\u00e0nh m\u1ed9t n\u1eef sinh s\u1ed1ng \u1edf v\u00f9ng qu\u00ea h\u1ebbo l\u00e1nh m\u00e0 c\u1eadu ch\u01b0a t\u1eebng \u0111\u1ebfn.<\/p>\n<p>T\u00ecnh tr\u1ea1ng k\u00ec l\u1ea1 \u0111\u00f3 c\u1ee9 l\u1eb7p \u0111i l\u1eb7p l\u1ea1i.<\/p>\n<p>Hai ng\u01b0\u1eddi d\u1ea7n d\u1ea7n nh\u1eadn ra s\u1ef1 ng\u1eaft qu\u00e3ng trong k\u00ed \u1ee9c v\u00e0 th\u1eddi gian.<\/p>\n<p>C\u01a1 th\u1ec3 ho\u00e1n \u0111\u1ed5i, cu\u1ed9c s\u1ed1ng x\u00e1o tr\u1ed9n h\u1ebft l\u1ea7n n\u00e0y \u0111\u1ebfn l\u1ea7n kh\u00e1c, tuy b\u1ed1i r\u1ed1i nh\u01b0ng Taki v\u00e0 Mitsuha mau ch\u00f3ng ch\u1ea5p nh\u1eadn s\u1ef1 th\u1eadt. Hai ng\u01b0\u1eddi trao \u0111\u1ed5i l\u1eddi nh\u1eafn qua v\u1edf ghi v\u00e0 \u0111i\u1ec7n tho\u1ea1i, \u0111\u00f4i khi c\u00e3i c\u1ecd, \u0111\u00f4i khi t\u1eadn h\u01b0\u1edfng cu\u1ed9c s\u1ed1ng c\u1ee7a nhau, c\u1ee9 th\u1ebf c\u00f9ng tr\u1ea3i qua nh\u1eefng ng\u00e0y th\u00e1ng \u1ea5y.<\/p>\n<p>Nh\u01b0ng ngay khi hai ng\u01b0\u1eddi b\u1eaft \u0111\u1ea7u m\u1edf l\u00f2ng, t\u00ecnh tr\u1ea1ng ho\u00e1n \u0111\u1ed5i \u0111\u1ed9t nhi\u00ean d\u1eebng l\u1ea1i.<\/p>\n<p>\u0110\u00e2y l\u00e0 c\u00e2u chuy\u1ec7n k\u00ec di\u1ec7u v\u1ec1 duy\u00ean h\u1ed9i ng\u1ed9 gi\u1eefa hai ng\u01b0\u1eddi ch\u01b0a t\u1eebng g\u1eb7p g\u1ee1, v\u1ec1 m\u1ed9t m\u1ed1i t\u00ecnh g\u00e2y s\u1eefng s\u1edd do c\u00f3 s\u1ef1 can thi\u1ec7p c\u1ee7a thi\u00ean tai, d\u00f2ng th\u1eddi gian v\u00e0 \u0111\u1ecbnh m\u1ec7nh an b\u00e0i t\u1eeb h\u00e0ng ng\u00e0n n\u0103m v\u1ec1 tr\u01b0\u1edbc.<\/p>\n<p>Sau th\u00e0nh c\u00f4ng vang d\u1ed9i c\u1ee7a phi\u00ean b\u1ea3n \u0111i\u1ec7n \u1ea3nh v\u00e0 ti\u1ec3u thuy\u1ebft, m\u1ed1i t\u00ecnh thi\u00ean tai \u0111\u1ecbnh m\u1ec7nh an b\u00e0i \u0111\u00f3 gi\u1edd tr\u1edf l\u1ea1i v\u1edbi ch\u00fang ta trong ba t\u1eadp truy\u1ec7n tranh c\u00f9ng t\u00ean, chi ti\u1ebft, g\u1ecdn g\u00e0ng, t\u01b0\u01a1i tr\u1ebb.<\/p>\n","protected":false},"excerpt":{"rendered":"<p>\u1ede m\u1ed9t n\u01a1i heo h\u00fat, c\u00f3 m\u1ed9t th\u1ecb tr\u1ea5n nh\u1ecf x\u00edu, kh\u00f4ng c\u00f2n v\u0103n v\u1eadt g\u00ec hi\u1ec3n h\u00e1ch ngo\u00e0i m\u1ed9t ng\u00f4i \u0111\u1ec1n \u0111\u00e3 b\u1ecb thu nh\u1ecf quy m\u00f4, m\u1ed9t s\u1ea3n ph\u1ea9m d\u00e2y t\u1ebft kh\u00f4ng c\u00f2n ai hi\u1ec3u \u00fd ngh\u0129a, v\u00e0 m\u1ed9t c\u00f4ng ngh\u1ec7 l\u00e0m r\u01b0\u1ee3u khi\u1ebfn thanh thi\u1ebfu ni\u00ean c\u1ef1c k\u00ec ng\u1ea7n ng\u1ea1i.<\/p>\n<p>Mitsuha c\u0169ng n\u1eb1m trong s\u1ed1 c\u00e1c thanh thi\u1ebfu ni\u00ean \u1ea5y. C\u00f4 khao kh\u00e1t tho\u00e1t kh\u1ecfi c\u00e1i th\u1ecb tr\u1ea5n ch\u1eadt ch\u1ed9i nhi\u1ec1u s\u0103m soi va ch\u1ea1m, \u0111\u1ec3 \u0111\u1ebfn s\u1ed1ng \u1edf th\u00e0nh ph\u1ed1 l\u1edbn. V\u00e0o m\u1ed9t \u0111\u00eam t\u1ed1i t\u0103m, c\u00f4 ch\u00e1n ch\u01b0\u1eddng k\u00eau l\u00ean, \u201cKi\u1ebfp sau, xin h\u00e3y cho con l\u00e0m m\u1ed9t anh ch\u00e0ng \u0111\u1eb9p trai \u1edf Tokyo!\u201d<\/p>\n<p>R\u1ed3i v\u00e0o m\u1ed9t ng\u00e0y s\u00e1ng s\u1ee7a, c\u00f4 qu\u1ea3 nhi\u00ean th\u1ea5y m\u00ecnh bi\u1ebfn th\u00e0nh m\u1ed9t ch\u00e0ng trai. T\u1ec9nh d\u1eady trong c\u0103n ph\u00f2ng l\u1ea1 l\u1eabm, g\u1eb7p g\u1ee1 nh\u1eefng ng\u01b0\u1eddi b\u1ea1n kh\u00f4ng quen, khung c\u1ea3nh s\u1ea7m u\u1ea5t c\u1ee7a Tokyo tr\u1ea3i r\u1ed9ng tr\u01b0\u1edbc m\u1eaft. B\u1ed1i r\u1ed1i nh\u01b0ng m\u00e3n nguy\u1ec7n, Mitsuha h\u00e1o h\u1ee9c t\u1eadn h\u01b0\u1edfng cu\u1ed9c s\u1ed1ng n\u01a1i \u0111\u00f4 th\u1ecb ph\u1ed3n hoa c\u00f4 v\u1eabn h\u1eb1ng \u01b0\u1edbc mong.<\/p>\n<p>C\u00f9ng l\u00fac \u0111\u00f3 Taki, m\u1ed9t nam sinh c\u1ea5p ba s\u1ed1ng \u1edf Tokyo, l\u1ea1i th\u1ea5y m\u00ecnh bi\u1ebfn th\u00e0nh m\u1ed9t n\u1eef sinh s\u1ed1ng \u1edf v\u00f9ng qu\u00ea h\u1ebbo l\u00e1nh m\u00e0 c\u1eadu ch\u01b0a t\u1eebng \u0111\u1ebfn.<\/p>\n<p>T\u00ecnh tr\u1ea1ng k\u00ec l\u1ea1 \u0111\u00f3 c\u1ee9 l\u1eb7p \u0111i l\u1eb7p l\u1ea1i.<\/p>\n<p>Hai ng\u01b0\u1eddi d\u1ea7n d\u1ea7n nh\u1eadn ra s\u1ef1 ng\u1eaft qu\u00e3ng trong k\u00ed \u1ee9c v\u00e0 th\u1eddi gian.<\/p>\n<p>C\u01a1 th\u1ec3 ho\u00e1n \u0111\u1ed5i, cu\u1ed9c s\u1ed1ng x\u00e1o tr\u1ed9n h\u1ebft l\u1ea7n n\u00e0y \u0111\u1ebfn l\u1ea7n kh\u00e1c, tuy b\u1ed1i r\u1ed1i nh\u01b0ng Taki v\u00e0 Mitsuha mau ch\u00f3ng ch\u1ea5p nh\u1eadn s\u1ef1 th\u1eadt. Hai ng\u01b0\u1eddi trao \u0111\u1ed5i l\u1eddi nh\u1eafn qua v\u1edf ghi v\u00e0 \u0111i\u1ec7n tho\u1ea1i, \u0111\u00f4i khi c\u00e3i c\u1ecd, \u0111\u00f4i khi t\u1eadn h\u01b0\u1edfng cu\u1ed9c s\u1ed1ng c\u1ee7a nhau, c\u1ee9 th\u1ebf c\u00f9ng tr\u1ea3i qua nh\u1eefng ng\u00e0y th\u00e1ng \u1ea5y.<\/p>\n<p>Nh\u01b0ng ngay khi hai ng\u01b0\u1eddi b\u1eaft \u0111\u1ea7u m\u1edf l\u00f2ng, t\u00ecnh tr\u1ea1ng ho\u00e1n \u0111\u1ed5i \u0111\u1ed9t nhi\u00ean d\u1eebng l\u1ea1i.<\/p>\n<p>\u0110\u00e2y l\u00e0 c\u00e2u chuy\u1ec7n k\u00ec di\u1ec7u v\u1ec1 duy\u00ean h\u1ed9i ng\u1ed9 gi\u1eefa hai ng\u01b0\u1eddi ch\u01b0a t\u1eebng g\u1eb7p g\u1ee1, v\u1ec1 m\u1ed9t m\u1ed1i t\u00ecnh g\u00e2y s\u1eefng s\u1edd do c\u00f3 s\u1ef1 can thi\u1ec7p c\u1ee7a thi\u00ean tai, d\u00f2ng th\u1eddi gian v\u00e0 \u0111\u1ecbnh m\u1ec7nh an b\u00e0i t\u1eeb h\u00e0ng ng\u00e0n n\u0103m v\u1ec1 tr\u01b0\u1edbc.<\/p>\n<p>Sau th\u00e0nh c\u00f4ng vang d\u1ed9i c\u1ee7a phi\u00ean b\u1ea3n \u0111i\u1ec7n \u1ea3nh v\u00e0 ti\u1ec3u thuy\u1ebft, m\u1ed1i t\u00ecnh thi\u00ean tai \u0111\u1ecbnh m\u1ec7nh an b\u00e0i \u0111\u00f3 gi\u1edd tr\u1edf l\u1ea1i v\u1edbi ch\u00fang ta trong ba t\u1eadp truy\u1ec7n tranh c\u00f9ng t\u00ean, chi ti\u1ebft, g\u1ecdn g\u00e0ng, t\u01b0\u01a1i tr\u1ebb.<\/p>\n","protected":false},"featured_media":9973,"template":"","meta":{"_acf_changed":false},"product_brand":[],"product_cat":[29],"product_tag":[],"class_list":{"0":"post-9975","1":"product","2":"type-product","3":"status-publish","4":"has-post-thumbnail","6":"product_cat-manga-comics","8":"first","9":"outofstock","10":"taxable","11":"shipping-taxable","12":"purchasable","13":"product-type-simple"},"supplier_id":null,"supplier_sku":"","barcode":null,"atum_controlled":true,"out_stock_date":"2021-06-15 08:16:06","out_stock_threshold":null,"inheritable":false,"inbound_stock":1,"stock_on_hold":0,"sold_today":0,"sales_last_days":0,"reserved_stock":0,"customer_returns":0,"warehouse_damage":0,"lost_in_post":0,"other_logs":0,"out_stock_days":1688,"lost_sales":3855,"has_location":false,"update_date":"2026-01-28T23:10:45","atum_locations":[],"atum_stock_status":"outofstock","restock_status":false,"low_stock_amount":"","sales_update_date":"2026-01-28T23:10:45","calc_backorders":null,"acf":{"publisher":{"ID":8612,"post_author":"1","post_date":"2021-04-28 14:27:30","post_date_gmt":"2021-04-28 11:27:30","post_content":"","post_title":"IPM","post_excerpt":"","post_status":"publish","comment_status":"closed","ping_status":"closed","post_password":"","post_name":"ipm","to_ping":"","pinged":"","post_modified":"2021-04-28 14:27:30","post_modified_gmt":"2021-04-28 11:27:30","post_content_filtered":"","post_parent":0,"guid":"https:\/\/sachviet.eu\/nha-phat-hanh\/ipm\/","menu_order":0,"post_type":"publisher","post_mime_type":"","comment_count":"0","filter":"raw"}},"_links":{"self":[{"href":"https:\/\/sachviet.eu\/en\/wp-json\/wp\/v2\/product\/9975","targetHints":{"allow":["GET"]}}],"collection":[{"href":"https:\/\/sachviet.eu\/en\/wp-json\/wp\/v2\/product"}],"about":[{"href":"https:\/\/sachviet.eu\/en\/wp-json\/wp\/v2\/types\/product"}],"wp:featuredmedia":[{"embeddable":true,"href":"https:\/\/sachviet.eu\/en\/wp-json\/wp\/v2\/media\/9973"}],"wp:attachment":[{"href":"https:\/\/sachviet.eu\/en\/wp-json\/wp\/v2\/media?parent=9975"}],"wp:term":[{"taxonomy":"product_brand","embeddable":true,"href":"https:\/\/sachviet.eu\/en\/wp-json\/wp\/v2\/product_brand?post=9975"},{"taxonomy":"product_cat","embeddable":true,"href":"https:\/\/sachviet.eu\/en\/wp-json\/wp\/v2\/product_cat?post=9975"},{"taxonomy":"product_tag","embeddable":true,"href":"https:\/\/sachviet.eu\/en\/wp-json\/wp\/v2\/product_tag?post=9975"}],"curies":[{"name":"wp","href":"https:\/\/api.w.org\/{rel}","templated":true}]}}