{"id":9959,"date":"2021-06-02T18:01:42","date_gmt":"2021-06-02T15:01:42","guid":{"rendered":"https:\/\/sachviet.eu\/shop\/hoang-tu-be-an-ban-minh-hoa-mau-viet-nam\/"},"modified":"2021-10-24T23:01:51","modified_gmt":"2021-10-24T20:01:51","slug":"hoang-tu-be-an-ban-minh-hoa-mau-viet-nam","status":"publish","type":"product","link":"https:\/\/sachviet.eu\/en\/shop\/hoang-tu-be-an-ban-minh-hoa-mau-viet-nam\/","title":{"rendered":"Ho\u00e0ng T\u1eed B\u00e9 &#8211; \u1ea4n B\u1ea3n Minh H\u1ecda M\u00e0u Vi\u1ec7t Nam"},"content":{"rendered":"<p>T\u00e1c ph\u1ea9m kinh \u0111i\u1ec3n \u201cHo\u00e0ng t\u1eed b\u00e9\u201d ra m\u1eaft \u1ea5n b\u1ea3n minh h\u1ecda m\u00e0u \u0111\u1ea7u ti\u00ean do h\u1ecda s\u0129 tr\u1ebb Vi\u1ec7t Nam th\u1ef1c hi\u1ec7n.<\/p>\n<p> S\u00e1ch in m\u00e0u to\u00e0n b\u1ed9, c\u00f3 b\u00eca c\u1ee9ng k\u00e8m b\u00eca \u00e1o, m\u1ed7i cu\u1ed1n t\u1eb7ng k\u00e8m 01 bookmark \u201cHo\u00e0ng t\u1eed b\u00e9\u201d xinh x\u1eafn.<\/p>\n<p> Nh\u00e0 v\u0103n Antoine de Saint-Exup\u00e9ry (1900-1944) : \u00d4ng sinh t\u1ea1i Lyon, Ph\u00e1p. Chi\u1ebfn tranh Th\u1ebf gi\u1edbi l\u1ea7n th\u1ee9 nh\u1ea5t \u00f4ng theo m\u1eb9 sang Th\u1ee5y S\u0129. N\u0103m 1917, tr\u1edf v\u1ec1 Ph\u00e1p, h\u1ecdc trung h\u1ecdc t\u1ea1i Paris, sau \u0111\u00f3 \u00f4ng v\u00e0o tr\u01b0\u1eddng M\u1ef9 thu\u1eadt. Trong chi\u1ebfn tranh Th\u1ebf gi\u1edbi l\u1ea7n th\u1ee9 hai, \u00f4ng tham gia kh\u00f4ng qu\u00e2n. Ng\u00e0y 31.7.1944, m\u00e1y bay c\u1ee7a \u00f4ng m\u1ea5t t\u00edch tr\u00ean b\u1ea7u tr\u1eddi \u0110\u1ecba Trung H\u1ea3i.<\/p>\n<p> D\u1ecbch gi\u1ea3, nh\u00e0 v\u0103n Nguy\u1ec5n Th\u00e0nh Long (1925 &#8211; 1991) l\u00e0 c\u00e2y b\u00fat chuy\u00ean v\u1ec1 truy\u1ec7n ng\u1eafn v\u00e0 k\u00fd. Ngo\u00e0i s\u00e1ng t\u00e1c, \u00f4ng c\u00f2n d\u1ecbch \u201cHo\u00e0ng t\u1eed b\u00e9\u201d, \u201cQu\u00ea x\u1ee9 con ng\u01b0\u1eddi\u201d c\u1ee7a Saint Exup\u00e9ry.<\/p>\n<p> H\u1ecda s\u0129 Nguy\u1ec5n Th\u00e0nh V\u0169: Ch\u00e0ng ho\u1ea1 s\u0129 t\u1ef1 do sinh n\u0103m 1993, y\u00eau tr\u1ebb con v\u00e0 m\u01a1 \u01b0\u1edbc v\u1ebd \u0111\u01b0\u1ee3c th\u1eadt nhi\u1ec1u<\/p>\n<p>s\u00e1ch tranh thi\u1ebfu nhi Vi\u1ec7t Nam. Mong mu\u1ed1n c\u1ee7a V\u0169 l\u00e0 n\u00e9t v\u1ebd v\u00e0 c\u00e2u chuy\u1ec7n c\u1ee7a m\u00ecnh s\u1ebd \u0111\u1ebfn \u0111\u01b0\u1ee3c v\u1edbi nhi\u1ec1u em nh\u1ecf \u1edf v\u00f9ng s\u00e2u v\u00f9ng xa, n\u01a1i c\u00e1c em kh\u00f4ng c\u00f3 nhi\u1ec1u \u0111i\u1ec1u ki\u1ec7n \u0111\u1ec3 \u0111\u1ecdc s\u00e1ch.<\/p>\n<p> \u201c&#8230; C\u1eadu ho\u00e0ng t\u1eed ch\u1ee3p m\u1eaft ng\u1ee7, t\u00f4i b\u1ebf em l\u00ean v\u00f2ng tay t\u00f4i v\u00e0 l\u1ea1i l\u00ean \u0111\u01b0\u1eddng. L\u00f2ng t\u00f4i x\u00fac \u0111\u1ed9ng. T\u00f4i c\u00f3 c\u1ea3m gi\u00e1c nh\u01b0 tr\u00ean M\u1eb7t \u0110\u1ea5t n\u00e0y kh\u00f4ng c\u00f3 g\u00ec mong manh h\u01a1n. Nh\u1edd \u00e1nh s\u00e1ng tr\u0103ng, t\u00f4i nh\u00ecn th\u1ea5y v\u1ea7ng tr\u00e1n nh\u1ee3t nh\u1ea1t \u1ea5y, \u0111\u00f4i m\u1eaft nh\u1eafm nghi\u1ec1n c\u00e1c l\u1eb5ng t\u00f3c run r\u1ea9y tr\u01b0\u1edbc gi\u00f3, v\u00e0 t\u00f4i ngh\u0129 th\u1ea7m: &#8220;C\u00e1i m\u00e0 ta nh\u00ecn th\u1ea5y \u0111\u00e2y ch\u1ec9 l\u00e0 c\u00e1i v\u1ecf. C\u00e1i quan tr\u1ecdng nh\u1ea5t th\u00ec kh\u00f4ng nh\u00ecn th\u1ea5y \u0111\u01b0\u1ee3c&#8230;&#8221;<\/p>\n","protected":false},"excerpt":{"rendered":"<p>T\u00e1c ph\u1ea9m kinh \u0111i\u1ec3n \u201cHo\u00e0ng t\u1eed b\u00e9\u201d ra m\u1eaft \u1ea5n b\u1ea3n minh h\u1ecda m\u00e0u \u0111\u1ea7u ti\u00ean do h\u1ecda s\u0129 tr\u1ebb Vi\u1ec7t Nam th\u1ef1c hi\u1ec7n.<\/p>\n<p> S\u00e1ch in m\u00e0u to\u00e0n b\u1ed9, c\u00f3 b\u00eca c\u1ee9ng k\u00e8m b\u00eca \u00e1o, m\u1ed7i cu\u1ed1n t\u1eb7ng k\u00e8m 01 bookmark \u201cHo\u00e0ng t\u1eed b\u00e9\u201d xinh x\u1eafn.<\/p>\n<p> Nh\u00e0 v\u0103n Antoine de Saint-Exup\u00e9ry (1900-1944) : \u00d4ng sinh t\u1ea1i Lyon, Ph\u00e1p. Chi\u1ebfn tranh Th\u1ebf gi\u1edbi l\u1ea7n th\u1ee9 nh\u1ea5t \u00f4ng theo m\u1eb9 sang Th\u1ee5y S\u0129. N\u0103m 1917, tr\u1edf v\u1ec1 Ph\u00e1p, h\u1ecdc trung h\u1ecdc t\u1ea1i Paris, sau \u0111\u00f3 \u00f4ng v\u00e0o tr\u01b0\u1eddng M\u1ef9 thu\u1eadt. Trong chi\u1ebfn tranh Th\u1ebf gi\u1edbi l\u1ea7n th\u1ee9 hai, \u00f4ng tham gia kh\u00f4ng qu\u00e2n. Ng\u00e0y 31.7.1944, m\u00e1y bay c\u1ee7a \u00f4ng m\u1ea5t t\u00edch tr\u00ean b\u1ea7u tr\u1eddi \u0110\u1ecba Trung H\u1ea3i.<\/p>\n<p> D\u1ecbch gi\u1ea3, nh\u00e0 v\u0103n Nguy\u1ec5n Th\u00e0nh Long (1925 &#8211; 1991) l\u00e0 c\u00e2y b\u00fat chuy\u00ean v\u1ec1 truy\u1ec7n ng\u1eafn v\u00e0 k\u00fd. Ngo\u00e0i s\u00e1ng t\u00e1c, \u00f4ng c\u00f2n d\u1ecbch \u201cHo\u00e0ng t\u1eed b\u00e9\u201d, \u201cQu\u00ea x\u1ee9 con ng\u01b0\u1eddi\u201d c\u1ee7a Saint Exup\u00e9ry.<\/p>\n<p> H\u1ecda s\u0129 Nguy\u1ec5n Th\u00e0nh V\u0169: Ch\u00e0ng ho\u1ea1 s\u0129 t\u1ef1 do sinh n\u0103m 1993, y\u00eau tr\u1ebb con v\u00e0 m\u01a1 \u01b0\u1edbc v\u1ebd \u0111\u01b0\u1ee3c th\u1eadt nhi\u1ec1u<\/p>\n<p>s\u00e1ch tranh thi\u1ebfu nhi Vi\u1ec7t Nam. Mong mu\u1ed1n c\u1ee7a V\u0169 l\u00e0 n\u00e9t v\u1ebd v\u00e0 c\u00e2u chuy\u1ec7n c\u1ee7a m\u00ecnh s\u1ebd \u0111\u1ebfn \u0111\u01b0\u1ee3c v\u1edbi nhi\u1ec1u em nh\u1ecf \u1edf v\u00f9ng s\u00e2u v\u00f9ng xa, n\u01a1i c\u00e1c em kh\u00f4ng c\u00f3 nhi\u1ec1u \u0111i\u1ec1u ki\u1ec7n \u0111\u1ec3 \u0111\u1ecdc s\u00e1ch.<\/p>\n<p> \u201c&#8230; C\u1eadu ho\u00e0ng t\u1eed ch\u1ee3p m\u1eaft ng\u1ee7, t\u00f4i b\u1ebf em l\u00ean v\u00f2ng tay t\u00f4i v\u00e0 l\u1ea1i l\u00ean \u0111\u01b0\u1eddng. L\u00f2ng t\u00f4i x\u00fac \u0111\u1ed9ng. T\u00f4i c\u00f3 c\u1ea3m gi\u00e1c nh\u01b0 tr\u00ean M\u1eb7t \u0110\u1ea5t n\u00e0y kh\u00f4ng c\u00f3 g\u00ec mong manh h\u01a1n. Nh\u1edd \u00e1nh s\u00e1ng tr\u0103ng, t\u00f4i nh\u00ecn th\u1ea5y v\u1ea7ng tr\u00e1n nh\u1ee3t nh\u1ea1t \u1ea5y, \u0111\u00f4i m\u1eaft nh\u1eafm nghi\u1ec1n c\u00e1c l\u1eb5ng t\u00f3c run r\u1ea9y tr\u01b0\u1edbc gi\u00f3, v\u00e0 t\u00f4i ngh\u0129 th\u1ea7m: &#8220;C\u00e1i m\u00e0 ta nh\u00ecn th\u1ea5y \u0111\u00e2y ch\u1ec9 l\u00e0 c\u00e1i v\u1ecf. C\u00e1i quan tr\u1ecdng nh\u1ea5t th\u00ec kh\u00f4ng nh\u00ecn th\u1ea5y \u0111\u01b0\u1ee3c&#8230;&#8221;<\/p>\n","protected":false},"featured_media":9949,"template":"","meta":{"_acf_changed":false},"product_brand":[],"product_cat":[17,26],"product_tag":[],"class_list":{"0":"post-9959","1":"product","2":"type-product","3":"status-publish","4":"has-post-thumbnail","6":"product_cat-sach-danh-cho-cac-be","7":"product_cat-thieu-nien-11-tuoi-18-tuoi","9":"first","10":"outofstock","11":"taxable","12":"shipping-taxable","13":"purchasable","14":"product-type-simple"},"supplier_id":null,"supplier_sku":"","barcode":null,"atum_controlled":true,"out_stock_date":"2021-10-24 20:01:51","out_stock_threshold":null,"inheritable":false,"inbound_stock":1,"stock_on_hold":0,"sold_today":0,"sales_last_days":0,"reserved_stock":0,"customer_returns":0,"warehouse_damage":0,"lost_in_post":0,"other_logs":0,"out_stock_days":1557,"lost_sales":0,"has_location":false,"update_date":"2026-01-28T23:10:45","atum_locations":[],"atum_stock_status":"outofstock","restock_status":false,"low_stock_amount":"","sales_update_date":"2026-01-28T23:10:45","calc_backorders":null,"acf":{"publisher":{"ID":1454,"post_author":"1","post_date":"2021-02-17 01:11:34","post_date_gmt":"2021-02-16 23:11:34","post_content":"<!-- wp:flatsome\/uxbuilder -->\n<h1 style=\"text-align: center;\"><strong>Kim \u0110\u1ed3ng<\/strong><\/h1>\n[row]\n\n[col span=\"3\" span__sm=\"12\"]\n\n[ux_image id=\"1534\" image_size=\"medium\"]\n\n\n[\/col]\n[col span=\"9\" span__sm=\"12\"]\n\n<p>Nh\u00e0 xu\u1ea5t b\u1ea3n Kim \u0110\u1ed3ng tr\u1ef1c thu\u1ed9c Trung \u01b0\u01a1ng \u0110o\u00e0n TNCS H\u1ed3 Ch\u00ed Minh l\u00e0 Nh\u00e0 xu\u1ea5t b\u1ea3n t\u1ed5ng h\u1ee3p c\u00f3 ch\u1ee9c n\u0103ng xu\u1ea5t b\u1ea3n s\u00e1ch v\u00e0 v\u0103n h\u00f3a ph\u1ea9m ph\u1ee5c v\u1ee5 thi\u1ebfu nhi v\u00e0 c\u00e1c b\u1eadc ph\u1ee5 huynh trong c\u1ea3 n\u01b0\u1edbc, qu\u1ea3ng b\u00e1 v\u00e0 gi\u1edbi thi\u1ec7u v\u0103n h\u00f3a Vi\u1ec7t Nam ra th\u1ebf gi\u1edbi.<br \/>Nh\u00e0 xu\u1ea5t b\u1ea3n c\u00f3 nhi\u1ec7m v\u1ee5 t\u1ed5 ch\u1ee9c b\u1ea3n th\u1ea3o, bi\u00ean so\u1ea1n, bi\u00ean d\u1ecbch, xu\u1ea5t b\u1ea3n v\u00e0 ph\u00e1t h\u00e0nh c\u00e1c xu\u1ea5t b\u1ea3n ph\u1ea9m c\u00f3 n\u1ed9i dung: gi\u00e1o d\u1ee5c truy\u1ec1n th\u1ed1ng d\u00e2n t\u1ed9c, gi\u00e1o d\u1ee5c v\u1ec1 tri th\u1ee9c, ki\u1ebfn th\u1ee9c\u2026 tr\u00ean c\u00e1c l\u0129nh v\u1ef1c v\u0103n h\u1ecdc, ngh\u1ec7 thu\u1eadt, khoa h\u1ecdc k\u1ef9 thu\u1eadt nh\u1eb1m cung c\u1ea5p cho c\u00e1c em thi\u1ebfu nhi c\u0169ng nh\u01b0 c\u00e1c b\u1eadc ph\u1ee5 huynh c\u00e1c ki\u1ebfn th\u1ee9c c\u1ea7n thi\u1ebft trong cu\u1ed9c s\u1ed1ng, nh\u1eefng tinh hoa c\u1ee7a tri th\u1ee9c nh\u00e2n lo\u1ea1i nh\u1eb1m g\u00f3p ph\u1ea7n gi\u00e1o d\u1ee5c v\u00e0 h\u00ecnh th\u00e0nh nh\u00e2n c\u00e1ch th\u1ebf h\u1ec7 tr\u1ebb.<br \/>\u0110\u1ed1i t\u01b0\u1ee3ng ph\u1ee5c v\u1ee5 c\u1ee7a Nh\u00e0 xu\u1ea5t b\u1ea3n l\u00e0 c\u00e1c em t\u1eeb tu\u1ed5i nh\u00e0 tr\u1ebb m\u1eabu gi\u00e1o (1 \u0111\u1ebfn 5 tu\u1ed5i), nhi \u0111\u1ed3ng (6 \u0111\u1ebfn 9 tu\u1ed5i), thi\u1ebfu ni\u00ean (10 \u0111\u1ebfn 15 tu\u1ed5i) \u0111\u1ebfn c\u00e1c em tu\u1ed5i m\u1edbi l\u1edbn (16 \u0111\u1ebfn 18 tu\u1ed5i) v\u00e0 c\u00e1c b\u1eadc ph\u1ee5 huynh.<\/p>\n\n[\/col]\n\n[\/row]\n\n<!-- \/wp:flatsome\/uxbuilder -->","post_title":"Kim \u0110\u1ed3ng","post_excerpt":"","post_status":"publish","comment_status":"closed","ping_status":"closed","post_password":"","post_name":"kim-dong","to_ping":"","pinged":"","post_modified":"2021-02-17 01:31:56","post_modified_gmt":"2021-02-16 23:31:56","post_content_filtered":"","post_parent":0,"guid":"https:\/\/sachviet.eu\/nha-phat-hanh\/kim-dong\/","menu_order":0,"post_type":"publisher","post_mime_type":"","comment_count":"0","filter":"raw"}},"_links":{"self":[{"href":"https:\/\/sachviet.eu\/en\/wp-json\/wp\/v2\/product\/9959","targetHints":{"allow":["GET"]}}],"collection":[{"href":"https:\/\/sachviet.eu\/en\/wp-json\/wp\/v2\/product"}],"about":[{"href":"https:\/\/sachviet.eu\/en\/wp-json\/wp\/v2\/types\/product"}],"wp:featuredmedia":[{"embeddable":true,"href":"https:\/\/sachviet.eu\/en\/wp-json\/wp\/v2\/media\/9949"}],"wp:attachment":[{"href":"https:\/\/sachviet.eu\/en\/wp-json\/wp\/v2\/media?parent=9959"}],"wp:term":[{"taxonomy":"product_brand","embeddable":true,"href":"https:\/\/sachviet.eu\/en\/wp-json\/wp\/v2\/product_brand?post=9959"},{"taxonomy":"product_cat","embeddable":true,"href":"https:\/\/sachviet.eu\/en\/wp-json\/wp\/v2\/product_cat?post=9959"},{"taxonomy":"product_tag","embeddable":true,"href":"https:\/\/sachviet.eu\/en\/wp-json\/wp\/v2\/product_tag?post=9959"}],"curies":[{"name":"wp","href":"https:\/\/api.w.org\/{rel}","templated":true}]}}