{"id":9946,"date":"2021-06-02T18:00:40","date_gmt":"2021-06-02T15:00:40","guid":{"rendered":"https:\/\/sachviet.eu\/shop\/thoi-khac-dinh-menh-tai-ban\/"},"modified":"2021-12-21T15:54:02","modified_gmt":"2021-12-21T13:54:02","slug":"thoi-khac-dinh-menh-tai-ban","status":"publish","type":"product","link":"https:\/\/sachviet.eu\/en\/shop\/thoi-khac-dinh-menh-tai-ban\/","title":{"rendered":"Th\u1eddi Kh\u1eafc \u0110\u1ecbnh M\u1ec7nh (T\u00e1i b\u1ea3n)"},"content":{"rendered":"<p>M\u1ed9t k\u1ebf ho\u1ea1ch ho\u00e0n h\u1ea3o h\u01b0\u1edbng \u0111\u1ebfn m\u1ee5c ti\u00eau kh\u00f4ng ai ng\u1edd t\u1edbi.<\/p>\n<p>Nevile Strange, \u0111\u1eb9p trai, gi\u00e0u c\u00f3, m\u1ed9t v\u1eadn \u0111\u1ed9ng vi\u00ean t\u00e0i n\u0103ng c\u00f3 cu\u1ed9c s\u1ed1ng \u0111\u00e1ng m\u01a1 \u01b0\u1edbc c\u00f9ng c\u00f4 v\u1ee3 Kay xinh \u0111\u1eb9p, tr\u00e0n \u0111\u1ea7y s\u1ee9c s\u1ed1ng nh\u01b0ng n\u00f3ng t\u00ednh. Audrey Strange, v\u1ee3 tr\u01b0\u1edbc c\u1ee7a Nevile, m\u1ed9t qu\u00fd c\u00f4 duy\u00ean d\u00e1ng nh\u01b0ng lu\u00f4n l\u1eb7ng l\u1ebd v\u00e0 b\u00ed \u1ea9n v\u1edbi m\u1ed9t s\u1ef1 \u00e1m \u1ea3nh m\u01a1 h\u1ed3. Thomas Royde, tr\u1edf v\u1ec1 sau t\u00e1m n\u0103m xa qu\u00ea, m\u1ed9t con ng\u01b0\u1eddi ki\u1ec7m l\u1eddi v\u00e0 kh\u00f3 hi\u1ec3u. Edward Latimer, m\u1ed9t v\u0169 c\u00f4ng tuy\u1ec7t v\u1eddi c\u00f3 b\u1ec1 ngo\u00e0i h\u00e0o nho\u00e1ng khi\u1ebfn ng\u01b0\u1eddi kh\u00e1c ph\u1ea3i ganh t\u1ef5. Mary Aldin, c\u00f4 qu\u1ea3n gia th\u00e1o v\u00e1t, kh\u00e9o l\u00e9o v\u00e0 lu\u00f4n \u0111i\u1ec1m t\u0129nh. Angus MacWhirter, m\u1ed9t k\u1ebb t\u1ef1 s\u00e1t b\u1ea5t th\u00e0nh v\u00e0 kh\u00f4ng bi\u1ebft n\u00f3i d\u1ed1i. Nh\u1eefng con ng\u01b0\u1eddi d\u01b0\u1eddng nh\u01b0 kh\u00f4ng c\u00f3 \u0111i\u1ec3m chung nh\u01b0ng l\u1ea1i c\u00f3 nh\u1eefng ch\u1ed3ng ch\u00e9o trong c\u00e1c m\u1ed1i quan h\u1ec7 \u0111\u00f3 g\u1eb7p nhau t\u1ea1i m\u1ed9t th\u1eddi \u0111i\u1ec3m, h\u1ecd kh\u00f4ng bi\u1ebft \u0111i\u1ec1u g\u00ec s\u1eafp x\u1ea3y ra, h\u1ecd kh\u00f4ng bi\u1ebft m\u1ecdi l\u1eddi n\u00f3i v\u00e0 h\u00e0nh \u0111\u1ed9ng c\u1ee7a h\u1ecd \u0111\u1ec1u \u0111\u00e3 \u0111\u01b0\u1ee3c t\u00ednh to\u00e1n k\u1ef9 l\u01b0\u1ee1ng cho m\u1ed9t \u00e2m m\u01b0u gi\u1ebft ng\u01b0\u1eddi. \u0110i\u1ec1u g\u00ec \u0111\u00e3 x\u1ea3y ra? Ai l\u00e0 hung th\u1ee7 v\u00e0 ai l\u00e0 n\u1ea1n nh\u00e2n th\u1eadt s\u1ef1?<\/p>\n","protected":false},"excerpt":{"rendered":"<p>M\u1ed9t k\u1ebf ho\u1ea1ch ho\u00e0n h\u1ea3o h\u01b0\u1edbng \u0111\u1ebfn m\u1ee5c ti\u00eau kh\u00f4ng ai ng\u1edd t\u1edbi.<\/p>\n<p>Nevile Strange, \u0111\u1eb9p trai, gi\u00e0u c\u00f3, m\u1ed9t v\u1eadn \u0111\u1ed9ng vi\u00ean t\u00e0i n\u0103ng c\u00f3 cu\u1ed9c s\u1ed1ng \u0111\u00e1ng m\u01a1 \u01b0\u1edbc c\u00f9ng c\u00f4 v\u1ee3 Kay xinh \u0111\u1eb9p, tr\u00e0n \u0111\u1ea7y s\u1ee9c s\u1ed1ng nh\u01b0ng n\u00f3ng t\u00ednh. Audrey Strange, v\u1ee3 tr\u01b0\u1edbc c\u1ee7a Nevile, m\u1ed9t qu\u00fd c\u00f4 duy\u00ean d\u00e1ng nh\u01b0ng lu\u00f4n l\u1eb7ng l\u1ebd v\u00e0 b\u00ed \u1ea9n v\u1edbi m\u1ed9t s\u1ef1 \u00e1m \u1ea3nh m\u01a1 h\u1ed3. Thomas Royde, tr\u1edf v\u1ec1 sau t\u00e1m n\u0103m xa qu\u00ea, m\u1ed9t con ng\u01b0\u1eddi ki\u1ec7m l\u1eddi v\u00e0 kh\u00f3 hi\u1ec3u. Edward Latimer, m\u1ed9t v\u0169 c\u00f4ng tuy\u1ec7t v\u1eddi c\u00f3 b\u1ec1 ngo\u00e0i h\u00e0o nho\u00e1ng khi\u1ebfn ng\u01b0\u1eddi kh\u00e1c ph\u1ea3i ganh t\u1ef5. Mary Aldin, c\u00f4 qu\u1ea3n gia th\u00e1o v\u00e1t, kh\u00e9o l\u00e9o v\u00e0 lu\u00f4n \u0111i\u1ec1m t\u0129nh. Angus MacWhirter, m\u1ed9t k\u1ebb t\u1ef1 s\u00e1t b\u1ea5t th\u00e0nh v\u00e0 kh\u00f4ng bi\u1ebft n\u00f3i d\u1ed1i. Nh\u1eefng con ng\u01b0\u1eddi d\u01b0\u1eddng nh\u01b0 kh\u00f4ng c\u00f3 \u0111i\u1ec3m chung nh\u01b0ng l\u1ea1i c\u00f3 nh\u1eefng ch\u1ed3ng ch\u00e9o trong c\u00e1c m\u1ed1i quan h\u1ec7 \u0111\u00f3 g\u1eb7p nhau t\u1ea1i m\u1ed9t th\u1eddi \u0111i\u1ec3m, h\u1ecd kh\u00f4ng bi\u1ebft \u0111i\u1ec1u g\u00ec s\u1eafp x\u1ea3y ra, h\u1ecd kh\u00f4ng bi\u1ebft m\u1ecdi l\u1eddi n\u00f3i v\u00e0 h\u00e0nh \u0111\u1ed9ng c\u1ee7a h\u1ecd \u0111\u1ec1u \u0111\u00e3 \u0111\u01b0\u1ee3c t\u00ednh to\u00e1n k\u1ef9 l\u01b0\u1ee1ng cho m\u1ed9t \u00e2m m\u01b0u gi\u1ebft ng\u01b0\u1eddi. \u0110i\u1ec1u g\u00ec \u0111\u00e3 x\u1ea3y ra? Ai l\u00e0 hung th\u1ee7 v\u00e0 ai l\u00e0 n\u1ea1n nh\u00e2n th\u1eadt s\u1ef1?<\/p>\n","protected":false},"featured_media":9939,"template":"","meta":{"_acf_changed":false},"product_brand":[],"product_cat":[15,72],"product_tag":[],"class_list":{"0":"post-9946","1":"product","2":"type-product","3":"status-publish","4":"has-post-thumbnail","6":"product_cat-sach-danh-cho-nguoi-lon","7":"product_cat-trinh-tham-kinh-di","9":"first","10":"outofstock","11":"taxable","12":"shipping-taxable","13":"purchasable","14":"product-type-simple"},"supplier_id":null,"supplier_sku":"","barcode":null,"atum_controlled":true,"out_stock_date":"2021-12-21 13:54:02","out_stock_threshold":null,"inheritable":false,"inbound_stock":1,"stock_on_hold":0,"sold_today":0,"sales_last_days":0,"reserved_stock":0,"customer_returns":0,"warehouse_damage":0,"lost_in_post":0,"other_logs":0,"out_stock_days":1499,"lost_sales":0,"has_location":false,"update_date":"2026-01-28T23:10:45","atum_locations":[],"atum_stock_status":"outofstock","restock_status":false,"low_stock_amount":"","sales_update_date":"2026-01-28T23:10:45","calc_backorders":null,"acf":{"publisher":{"ID":1517,"post_author":"1","post_date":"2021-02-17 01:14:41","post_date_gmt":"2021-02-16 23:14:41","post_content":"","post_title":"NXB Tr\u1ebb","post_excerpt":"","post_status":"publish","comment_status":"closed","ping_status":"closed","post_password":"","post_name":"nxb-tre","to_ping":"","pinged":"","post_modified":"2021-02-17 01:14:41","post_modified_gmt":"2021-02-16 23:14:41","post_content_filtered":"","post_parent":0,"guid":"https:\/\/sachviet.eu\/nha-phat-hanh\/nxb-tre\/","menu_order":0,"post_type":"publisher","post_mime_type":"","comment_count":"0","filter":"raw"}},"_links":{"self":[{"href":"https:\/\/sachviet.eu\/en\/wp-json\/wp\/v2\/product\/9946","targetHints":{"allow":["GET"]}}],"collection":[{"href":"https:\/\/sachviet.eu\/en\/wp-json\/wp\/v2\/product"}],"about":[{"href":"https:\/\/sachviet.eu\/en\/wp-json\/wp\/v2\/types\/product"}],"wp:featuredmedia":[{"embeddable":true,"href":"https:\/\/sachviet.eu\/en\/wp-json\/wp\/v2\/media\/9939"}],"wp:attachment":[{"href":"https:\/\/sachviet.eu\/en\/wp-json\/wp\/v2\/media?parent=9946"}],"wp:term":[{"taxonomy":"product_brand","embeddable":true,"href":"https:\/\/sachviet.eu\/en\/wp-json\/wp\/v2\/product_brand?post=9946"},{"taxonomy":"product_cat","embeddable":true,"href":"https:\/\/sachviet.eu\/en\/wp-json\/wp\/v2\/product_cat?post=9946"},{"taxonomy":"product_tag","embeddable":true,"href":"https:\/\/sachviet.eu\/en\/wp-json\/wp\/v2\/product_tag?post=9946"}],"curies":[{"name":"wp","href":"https:\/\/api.w.org\/{rel}","templated":true}]}}