{"id":9938,"date":"2021-06-02T17:59:49","date_gmt":"2021-06-02T14:59:49","guid":{"rendered":"https:\/\/sachviet.eu\/shop\/goi-em-bang-ten-anh-call-me-by-your-name\/"},"modified":"2021-12-01T18:55:56","modified_gmt":"2021-12-01T16:55:56","slug":"goi-em-bang-ten-anh-call-me-by-your-name","status":"publish","type":"product","link":"https:\/\/sachviet.eu\/en\/shop\/goi-em-bang-ten-anh-call-me-by-your-name\/","title":{"rendered":"G\u1ecdi Em B\u1eb1ng T\u00ean Anh &#8211; Call Me By Your Name"},"content":{"rendered":"<p>G\u1ecdi Em B\u1eb1ng T\u00ean Anh<\/p>\n<p>G\u1ecdi em b\u1eb1ng t\u00ean anh l\u00e0 c\u00e2u chuy\u1ec7n t\u00ecnh y\u00eau b\u1ea5t ng\u1edd v\u00e0 m\u1ea1nh m\u1ebd n\u1ea3y n\u1edf gi\u1eefa thi\u1ebfu ni\u00ean 17 tu\u1ed5i t\u00ean Elio v\u1edbi Oliver, m\u1ed9t h\u1ecdc gi\u1ea3 M\u1ef9 l\u00e0 kh\u00e1ch tr\u1ecd m\u00f9a h\u00e8 \u1edf c\u0103n bi\u1ec7t th\u1ef1 c\u1ee7a ba m\u1eb9 Elio t\u1ea1i v\u00f9ng duy\u00ean h\u1ea3i Riviera n\u01b0\u1edbc \u00dd th\u1eadp ni\u00ean 1980. Trong nh\u1eefng tu\u1ea7n m\u00f9a h\u00e8 s\u00f4i \u0111\u1ed9ng \u1ea5y, d\u00f2ng ch\u1ea3y cu\u1ed3n cu\u1ed9n \u00e1m \u1ea3nh v\u00e0 \u0111am m\u00ea b\u1ecb k\u00ecm n\u00e9n c\u00e0ng l\u00e0m m\u00e3nh li\u1ec7t th\u00eam t\u00ecnh y\u00eau gi\u1eefa hai ch\u00e0ng trai tr\u1ebb. Cu\u1ed1n ti\u1ec3u thuy\u1ebft \u0111\u1ea7u tay c\u1ee7a Andr\u00e9 Aciman l\u00e0 m\u1ed9t kh\u00fac bi ca ch\u00e2n th\u00e0nh v\u00e0 c\u1ea3m \u0111\u1ed9ng d\u00e0nh cho t\u00ecnh y\u00eau con ng\u01b0\u1eddi. M\u1ed9t cu\u1ed1n s\u00e1ch kh\u00f4ng th\u1ec3 n\u00e0o qu\u00ean.<\/p>\n","protected":false},"excerpt":{"rendered":"<p>G\u1ecdi Em B\u1eb1ng T\u00ean Anh<\/p>\n<p>G\u1ecdi em b\u1eb1ng t\u00ean anh l\u00e0 c\u00e2u chuy\u1ec7n t\u00ecnh y\u00eau b\u1ea5t ng\u1edd v\u00e0 m\u1ea1nh m\u1ebd n\u1ea3y n\u1edf gi\u1eefa thi\u1ebfu ni\u00ean 17 tu\u1ed5i t\u00ean Elio v\u1edbi Oliver, m\u1ed9t h\u1ecdc gi\u1ea3 M\u1ef9 l\u00e0 kh\u00e1ch tr\u1ecd m\u00f9a h\u00e8 \u1edf c\u0103n bi\u1ec7t th\u1ef1 c\u1ee7a ba m\u1eb9 Elio t\u1ea1i v\u00f9ng duy\u00ean h\u1ea3i Riviera n\u01b0\u1edbc \u00dd th\u1eadp ni\u00ean 1980. Trong nh\u1eefng tu\u1ea7n m\u00f9a h\u00e8 s\u00f4i \u0111\u1ed9ng \u1ea5y, d\u00f2ng ch\u1ea3y cu\u1ed3n cu\u1ed9n \u00e1m \u1ea3nh v\u00e0 \u0111am m\u00ea b\u1ecb k\u00ecm n\u00e9n c\u00e0ng l\u00e0m m\u00e3nh li\u1ec7t th\u00eam t\u00ecnh y\u00eau gi\u1eefa hai ch\u00e0ng trai tr\u1ebb. Cu\u1ed1n ti\u1ec3u thuy\u1ebft \u0111\u1ea7u tay c\u1ee7a Andr\u00e9 Aciman l\u00e0 m\u1ed9t kh\u00fac bi ca ch\u00e2n th\u00e0nh v\u00e0 c\u1ea3m \u0111\u1ed9ng d\u00e0nh cho t\u00ecnh y\u00eau con ng\u01b0\u1eddi. M\u1ed9t cu\u1ed1n s\u00e1ch kh\u00f4ng th\u1ec3 n\u00e0o qu\u00ean.<\/p>\n","protected":false},"featured_media":9928,"template":"","meta":{"_acf_changed":false},"product_brand":[],"product_cat":[15,45],"product_tag":[],"class_list":{"0":"post-9938","1":"product","2":"type-product","3":"status-publish","4":"has-post-thumbnail","6":"product_cat-sach-danh-cho-nguoi-lon","7":"product_cat-tieu-thuyet","9":"first","10":"outofstock","11":"taxable","12":"shipping-taxable","13":"purchasable","14":"product-type-simple"},"supplier_id":null,"supplier_sku":"","barcode":null,"atum_controlled":true,"out_stock_date":"2021-12-01 16:55:56","out_stock_threshold":null,"inheritable":false,"inbound_stock":1,"stock_on_hold":0,"sold_today":0,"sales_last_days":0,"reserved_stock":0,"customer_returns":0,"warehouse_damage":0,"lost_in_post":0,"other_logs":0,"out_stock_days":1519,"lost_sales":0,"has_location":false,"update_date":"2026-01-28T23:10:45","atum_locations":[],"atum_stock_status":"outofstock","restock_status":false,"low_stock_amount":"","sales_update_date":"2026-01-28T23:10:45","calc_backorders":null,"acf":{"publisher":{"ID":1517,"post_author":"1","post_date":"2021-02-17 01:14:41","post_date_gmt":"2021-02-16 23:14:41","post_content":"","post_title":"NXB Tr\u1ebb","post_excerpt":"","post_status":"publish","comment_status":"closed","ping_status":"closed","post_password":"","post_name":"nxb-tre","to_ping":"","pinged":"","post_modified":"2021-02-17 01:14:41","post_modified_gmt":"2021-02-16 23:14:41","post_content_filtered":"","post_parent":0,"guid":"https:\/\/sachviet.eu\/nha-phat-hanh\/nxb-tre\/","menu_order":0,"post_type":"publisher","post_mime_type":"","comment_count":"0","filter":"raw"}},"_links":{"self":[{"href":"https:\/\/sachviet.eu\/en\/wp-json\/wp\/v2\/product\/9938","targetHints":{"allow":["GET"]}}],"collection":[{"href":"https:\/\/sachviet.eu\/en\/wp-json\/wp\/v2\/product"}],"about":[{"href":"https:\/\/sachviet.eu\/en\/wp-json\/wp\/v2\/types\/product"}],"wp:featuredmedia":[{"embeddable":true,"href":"https:\/\/sachviet.eu\/en\/wp-json\/wp\/v2\/media\/9928"}],"wp:attachment":[{"href":"https:\/\/sachviet.eu\/en\/wp-json\/wp\/v2\/media?parent=9938"}],"wp:term":[{"taxonomy":"product_brand","embeddable":true,"href":"https:\/\/sachviet.eu\/en\/wp-json\/wp\/v2\/product_brand?post=9938"},{"taxonomy":"product_cat","embeddable":true,"href":"https:\/\/sachviet.eu\/en\/wp-json\/wp\/v2\/product_cat?post=9938"},{"taxonomy":"product_tag","embeddable":true,"href":"https:\/\/sachviet.eu\/en\/wp-json\/wp\/v2\/product_tag?post=9938"}],"curies":[{"name":"wp","href":"https:\/\/api.w.org\/{rel}","templated":true}]}}