{"id":9927,"date":"2021-06-02T17:59:02","date_gmt":"2021-06-02T14:59:02","guid":{"rendered":"https:\/\/sachviet.eu\/shop\/think-and-grow-rich-13-nguyen-tac-nghi-giau-lam-giau-tai-ban\/"},"modified":"2021-09-11T14:11:06","modified_gmt":"2021-09-11T11:11:06","slug":"think-and-grow-rich-13-nguyen-tac-nghi-giau-lam-giau-tai-ban","status":"publish","type":"product","link":"https:\/\/sachviet.eu\/en\/shop\/think-and-grow-rich-13-nguyen-tac-nghi-giau-lam-giau-tai-ban\/","title":{"rendered":"Think And Grow Rich &#8211; 13 Nguy\u00ean T\u1eafc Ngh\u0129 Gi\u00e0u, L\u00e0m Gi\u00e0u (T\u00e1i B\u1ea3n)"},"content":{"rendered":"<p>Cu\u1ed1n s\u00e1ch s\u1ebd gi\u00fap b\u1ea1n tr\u1edf n\u00ean gi\u00e0u c\u00f3, l\u00e0m gi\u00e0u cho cu\u1ed9c s\u1ed1ng c\u1ee7a b\u1ea1n tr\u00ean t\u1ea5t c\u1ea3 c\u00e1c ph\u01b0\u01a1ng di\u1ec7n c\u1ee7a cu\u1ed9c s\u1ed1ng ch\u1ee9 kh\u00f4ng ch\u1ec9 v\u1ec1 t\u00e0i ch\u00ednh v\u00e0 v\u1eadt ch\u1ea5t.<\/p>\n<p>Think and grow rich \u2013 13 nguy\u00ean t\u1eafc ngh\u0129 gi\u00e0u, l\u00e0m gi\u00e0u l\u00e0 cu\u1ed1n s\u00e1ch \u201cch\u1ec9 d\u1eabn\u201d duy nh\u1ea5t ch\u1ec9 ra nh\u1eefng ngu\u1ed3n l\u1ef1c b\u1ea1n ph\u1ea3i c\u00f3 \u0111\u1ec3 th\u00e0nh c\u00f4ng. M\u1ed7i ch\u01b0\u01a1ng trong cu\u1ed1n s\u00e1ch \u0111\u1ec1u \u0111\u1ec1 c\u1eadp \u0111\u1ebfn b\u00ed quy\u1ebft ki\u1ebfm ti\u1ec1n, t\u1eeb vi\u1ec7c c\u00f3 ni\u1ec1m tin, c\u00f3 mong mu\u1ed1n \u0111\u1ebfn nh\u1eefng ki\u1ebfn th\u1ee9c chuy\u00ean s\u00e2u, nh\u1eefng \u00fd t\u01b0\u1edfng, nh\u1eefng k\u1ebf ho\u1ea1ch, nh\u1eefng c\u00e1ch \u0111\u01b0a ra quy\u1ebft \u0111\u1ecbnh.<\/p>\n<p>\u201cTHINK AND GROW RICH<\/p>\n<p>Mua n\u00f3\u2026 B\u1ea1n c\u00f3 m\u1ed9t cu\u1ed1n s\u00e1ch.<\/p>\n<p>\u0110\u1ecdc n\u00f3\u2026 B\u1ea1n c\u00f3 m\u1ed9t k\u1ebf ho\u1ea1ch l\u00e0m gi\u00e0u<\/p>\n<p>L\u00e0m theo k\u1ebf ho\u1ea1ch \u0111\u00f3\u2026 B\u1ea1n c\u00f3 c\u1ea3 th\u1ebf gi\u1edbi!\u201d<\/p>\n<p>(Cactus Jack Barringer &#8211; Doanh nh\u00e2n, nh\u00e0 ph\u00e1t minh)<\/p>\n<p>Theo quy lu\u1eadt t\u1ef1 nhi\u00ean, b\u00ed quy\u1ebft n\u00e0y s\u1ebd bu\u1ed9c b\u1ea1n ph\u1ea3i tr\u1ea3 gi\u00e1, nh\u01b0ng c\u00e1i gi\u00e1 ph\u1ea3i tr\u1ea3  th\u1ea5p h\u01a1n r\u1ea5t nhi\u1ec1u so v\u1edbi gi\u00e1 tr\u1ecb th\u1ef1c s\u1ef1 c\u1ee7a n\u00f3. N\u00f3 kh\u00f4ng th\u1ec3 \u0111\u01b0\u1ee3c \u0111\u1ecbnh gi\u00e1 b\u1edfi nh\u1eefng ng\u01b0\u1eddi kh\u00f4ng mu\u1ed1n t\u00ecm ki\u1ebfm n\u00f3. B\u00ed quy\u1ebft n\u00e0y c\u0169ng kh\u00f4ng th\u1ec3 cho \u0111i v\u00ec n\u00f3 kh\u00f4ng th\u1ec3 mua \u0111\u01b0\u1ee3c b\u1eb1ng ti\u1ec1n, b\u1edfi n\u00f3 c\u00f3 hai ph\u1ea7n v\u00e0 m\u1ed9t ph\u1ea7n v\u1ed1n \u0111\u00e3 t\u1ed3n t\u1ea1i trong nh\u1eefng con ng\u01b0\u1eddi s\u1eb5n s\u00e0ng \u0111\u00f3n nh\u1eadn n\u00f3.<\/p>\n<p>Th\u00f4ng tin t\u00e1c gi\u1ea3:<\/p>\n<p>Oliver Napoleon Hill (26\/10\/1883 \u2013 08\/11\/1970) l\u00e0 t\u00e1c gi\u1ea3 ng\u01b0\u1eddi M\u1ef9, \u00f4ng \u0111\u01b0\u1ee3c m\u1ec7nh danh l\u00e0 ng\u01b0\u1eddi s\u00e1ng l\u1eadp ra Khoa h\u1ecdc th\u00e0nh c\u00f4ng. \u00d4ng l\u00e0 c\u1ed1 v\u1ea5n cho hai v\u1ecb t\u1ed5ng th\u1ed1ng Hoa K\u1ef3 Woodrow Wilson v\u00e0 Franklin D. Roosevelt. Napoleon Hill c\u00f3 \u1ea3nh h\u01b0\u1edfng \u0111\u1ebfn th\u00e0nh c\u00f4ng c\u1ee7a r\u1ea5t nhi\u1ec1u ng\u01b0\u1eddi, \u0111\u1eb7c bi\u1ec7t l\u00e0 qua tri\u1ebft l\u00fd l\u00e0m gi\u00e0u trong cu\u1ed1n s\u00e1ch n\u00e0y. \u00d4ng l\u00e0 t\u00e1c gi\u1ea3 c\u1ee7a h\u01a1n 30 cu\u1ed1n s\u00e1ch, trong \u0111\u00f3 c\u00f3 Success through a Positive Mental Attitude vi\u1ebft c\u00f9ng W. Clement Stone. \u00d4ng c\u0169ng s\u00e1ng l\u1eadp ra ba t\u1ea1p ch\u00ed: Hill\u2019s Golden Rule (1919), Napoleon Hill\u2019s Magazine (1921) v\u00e0 Inspiration Magazine (1931).<\/p>\n<p>Tr\u00edch \u0111o\u1ea1n:<\/p>\n<p>B\u00e0i h\u1ecdc 50 xu v\u1ec1 l\u00f2ng ki\u00ean \u0111\u1ecbnh:<\/p>\n<p>Darby \u0111\u00e3 c\u00f3 may m\u1eafn ch\u1ee9ng ki\u1ebfn m\u1ed9t c\u00e2u chuy\u1ec7n gi\u00fap anh nh\u1eadn ra r\u1eb1ng \u201ckh\u00f4ng\u201d kh\u00f4ng nh\u1ea5t thi\u1ebft ph\u1ea3i l\u00e0 KH\u00d4NG. V\u00e0o m\u1ed9t bu\u1ed5i chi\u1ec1u, anh \u0111ang gi\u00fap b\u00e1c m\u00ecnh xay b\u1ed9t m\u00ec. R\u1ea5t nh\u1eb9 nh\u00e0ng, chi\u1ebfc c\u1eeda b\u1ed7ng \u0111\u01b0\u1ee3c m\u1edf ra v\u00e0 m\u1ed9t b\u00e9 g\u00e1i xu\u1ea5t hi\u1ec7n, c\u00f4 b\u00e9 l\u00e0 con c\u1ee7a m\u1ed9t trong nh\u1eefng gia \u0111\u00ecnh da \u0111en l\u0129nh canh, c\u00f4 b\u01b0\u1edbc v\u00e0o v\u00e0 d\u1eebng ch\u00e2n g\u1ea7n tr\u01b0\u1edbc c\u1eeda. Ng\u01b0\u1eddi b\u00e1c ng\u01b0\u1edbc nh\u00ecn th\u1ea5y \u0111\u1ee9a b\u00e9 v\u00e0 qu\u00e1t: \u201cM\u00e0y mu\u1ed1n g\u00ec?\u201d<\/p>\n<p>B\u00e9 g\u00e1i tr\u1ea3 l\u1eddi l\u1ec5 ph\u00e9p: \u201cM\u1eb9 ch\u00e1u n\u00f3i r\u1eb1ng \u00f4ng h\u00e3y tr\u1ea3 b\u00e0 50 xu!\u201d<\/p>\n<p>Ng\u01b0\u1eddi b\u00e1c \u0111\u00e1p l\u1ea1i: \u201cTao kh\u00f4ng tr\u1ea3. Gi\u1edd th\u00ec v\u1ec1 \u0111i.\u201d<\/p>\n<p>\u0110\u1ee9a b\u00e9 tr\u1ea3 l\u1eddi \u201cV\u00e2ng\u201d, nh\u01b0ng c\u00f4 b\u00e9 kh\u00f4ng b\u1ecf v\u1ec1. Ng\u01b0\u1eddi b\u00e1c quay tr\u1edf l\u1ea1i v\u1edbi c\u00f4ng vi\u1ec7c c\u1ee7a m\u00ecnh, \u00f4ng c\u0169ng b\u1eadn n\u00ean kh\u00f4ng \u0111\u1ec3 \u00fd r\u1eb1ng \u0111\u1ee9a tr\u1ebb kh\u00f4ng h\u1ec1 b\u1ecf \u0111i. Khi \u00f4ng ng\u01b0\u1edbc nh\u00ecn l\u00ean, \u0111\u1ee9a tr\u1ebb v\u1eabn \u0111\u1ee9ng \u0111\u00f3, \u00f4ng h\u00e9t l\u00ean gi\u1eadn d\u1eef: \u201cTao b\u1ea3o m\u00e0y v\u1ec1 nh\u00e0 ngay. N\u1ebfu kh\u00f4ng tao s\u1ebd \u0111\u00e1nh m\u00e0y!\u201d.<\/p>\n<p>C\u00f4 b\u00e9 tr\u1ea3 l\u1eddi \u201cV\u00e2ng,\u201d nh\u01b0ng kh\u00f4ng h\u1ec1 di chuy\u1ec3n d\u00f9 ch\u1ec9 1cm. \u00d4ng b\u1ecf bao t\u1ea3i l\u00faa m\u00ec \u0111ang \u0111\u1ecbnh \u0111\u1ed5 v\u00e0o m\u00e1y xay xu\u1ed1ng, nh\u1eb7t m\u1ea3nh v\u00e1n c\u1ee7a th\u00f9ng r\u01b0\u1ee3u l\u00ean v\u00e0 \u0111i \u0111\u1ebfn ch\u1ed7 b\u00e9 g\u00e1i v\u1edbi khu\u00f4n m\u1eb7t gi\u1eadn d\u1eef. Darby n\u00edn th\u1edf. Anh ngh\u0129 m\u00ecnh s\u1eafp ph\u1ea3i ch\u1ee9ng ki\u1ebfn c\u1ea3nh \u0111\u00e1nh \u0111\u1eadp t\u00e0n nh\u1eabn. Anh bi\u1ebft b\u00e1c m\u00ecnh l\u00e0 m\u1ed9t ng\u01b0\u1eddi hung d\u1eef. V\u00e0o th\u1eddi \u0111i\u1ec3m \u0111\u00f3, nh\u1eefng \u0111\u1ee9a tr\u1ebb nh\u00e0 ngh\u00e8o, \u0111\u1eb7c bi\u1ec7t l\u00e0 con c\u1ee7a nh\u1eefng gia \u0111\u00ecnh l\u0129nh canh kh\u00f4ng \u0111\u01b0\u1ee3c ph\u00e9p t\u1ecf ra v\u00f4 l\u1ec5.<\/p>\n<p>Khi ng\u01b0\u1eddi b\u00e1c ti\u1ebfn \u0111\u1ebfn ch\u1ed7 \u0111\u1ee9a tr\u1ebb \u0111ang \u0111\u1ee9ng, c\u00f4 b\u00e9 nhanh ch\u00f3ng ti\u1ebfn l\u00ean ph\u00eda tr\u01b0\u1edbc m\u1ed9t b\u01b0\u1edbc n\u1eefa, nh\u00ecn th\u1eb3ng v\u00e0o m\u1eaft c\u1ee7a \u00f4ng v\u00e0 g\u00e0o l\u00ean v\u1edbi m\u1ed9t \u00e2m thanh ch\u00f3i tai: \u201cTR\u1ea2 L\u1ea0I 50 XU CHO M\u1eb8 T\u00d4I!\u201d<\/p>\n<p>Ng\u01b0\u1eddi b\u00e1c \u0111\u1ee9ng kh\u1ef1ng l\u1ea1i, m\u1eaft kh\u00f4ng r\u1eddi c\u00f4 b\u00e9, \u00f4ng t\u1eeb t\u1eeb b\u1ecf m\u1ea3nh v\u00e1n xu\u1ed1ng v\u00e0 r\u00fat trong t\u00fai ra 50 xu tr\u1ea3 cho c\u00f4. \u0110\u1ee9a b\u00e9 nh\u1eadn ti\u1ec1n, t\u1eeb t\u1eeb b\u01b0\u1edbc l\u1ea1i ph\u00eda sau, m\u1eaft v\u1eabn kh\u00f4ng r\u1eddi kh\u1ecfi ng\u01b0\u1eddi \u0111\u00e0n \u00f4ng m\u00e0 c\u00f4 b\u00e9 v\u1eeba ch\u1ebf ng\u1ef1. Sau khi c\u00f4 b\u00e9 \u0111i kh\u1ecfi, ng\u01b0\u1eddi b\u00e1c ng\u1ed3i xu\u1ed1ng c\u00e1i th\u00f9ng g\u1ea7n \u0111\u00f3 v\u00e0 nh\u00ecn ra ngo\u00e0i c\u1eeda s\u1ed5 h\u01a1n 10 ph\u00fat li\u1ec1n. \u00d4ng ng\u1ed3i \u0111\u00f3 tr\u1ea7m t\u01b0, s\u1ee3 h\u00e3i nh\u01b0 th\u1ec3 \u00f4ng v\u1eeba b\u1ecb m\u1ed9t tr\u1eadn \u0111\u00f2n.<\/p>\n<p>Darby c\u0169ng b\u1ea5t ng\u1edd v\u00e0 kh\u00f4ng kh\u1ecfi suy ngh\u0129. L\u1ea7n \u0111\u1ea7u ti\u00ean trong cu\u1ed9c \u0111\u1eddi, anh ch\u1ee9ng ki\u1ebfn m\u1ed9t \u0111\u1ee9a tr\u1ebb da \u0111en ki\u1ec3m so\u00e1t \u0111\u01b0\u1ee3c m\u1ed9t ng\u01b0\u1eddi l\u1edbn da tr\u1eafng. L\u00e0m th\u1ebf n\u00e0o m\u00e0 c\u00f4 b\u00e9 \u0111\u00f3 c\u00f3 th\u1ec3 l\u00e0m \u0111\u01b0\u1ee3c \u0111i\u1ec1u \u0111\u00f3. S\u1ee9c m\u1ea1nh k\u1ef3 l\u1ea1 n\u00e0o \u0111\u00e3 khi\u1ebfn \u0111\u1ee9a tr\u1ebb ch\u1ebf ng\u1ef1 \u0111\u01b0\u1ee3c ng\u01b0\u1eddi \u0111\u00e0n \u00f4ng n\u00e0y.<\/p>\n","protected":false},"excerpt":{"rendered":"<p>Cu\u1ed1n s\u00e1ch s\u1ebd gi\u00fap b\u1ea1n tr\u1edf n\u00ean gi\u00e0u c\u00f3, l\u00e0m gi\u00e0u cho cu\u1ed9c s\u1ed1ng c\u1ee7a b\u1ea1n tr\u00ean t\u1ea5t c\u1ea3 c\u00e1c ph\u01b0\u01a1ng di\u1ec7n c\u1ee7a cu\u1ed9c s\u1ed1ng ch\u1ee9 kh\u00f4ng ch\u1ec9 v\u1ec1 t\u00e0i ch\u00ednh v\u00e0 v\u1eadt ch\u1ea5t.<\/p>\n<p>Think and grow rich \u2013 13 nguy\u00ean t\u1eafc ngh\u0129 gi\u00e0u, l\u00e0m gi\u00e0u l\u00e0 cu\u1ed1n s\u00e1ch \u201cch\u1ec9 d\u1eabn\u201d duy nh\u1ea5t ch\u1ec9 ra nh\u1eefng ngu\u1ed3n l\u1ef1c b\u1ea1n ph\u1ea3i c\u00f3 \u0111\u1ec3 th\u00e0nh c\u00f4ng. M\u1ed7i ch\u01b0\u01a1ng trong cu\u1ed1n s\u00e1ch \u0111\u1ec1u \u0111\u1ec1 c\u1eadp \u0111\u1ebfn b\u00ed quy\u1ebft ki\u1ebfm ti\u1ec1n, t\u1eeb vi\u1ec7c c\u00f3 ni\u1ec1m tin, c\u00f3 mong mu\u1ed1n \u0111\u1ebfn nh\u1eefng ki\u1ebfn th\u1ee9c chuy\u00ean s\u00e2u, nh\u1eefng \u00fd t\u01b0\u1edfng, nh\u1eefng k\u1ebf ho\u1ea1ch, nh\u1eefng c\u00e1ch \u0111\u01b0a ra quy\u1ebft \u0111\u1ecbnh.<\/p>\n<p>\u201cTHINK AND GROW RICH<\/p>\n<p>Mua n\u00f3\u2026 B\u1ea1n c\u00f3 m\u1ed9t cu\u1ed1n s\u00e1ch.<\/p>\n<p>\u0110\u1ecdc n\u00f3\u2026 B\u1ea1n c\u00f3 m\u1ed9t k\u1ebf ho\u1ea1ch l\u00e0m gi\u00e0u<\/p>\n<p>L\u00e0m theo k\u1ebf ho\u1ea1ch \u0111\u00f3\u2026 B\u1ea1n c\u00f3 c\u1ea3 th\u1ebf gi\u1edbi!\u201d<\/p>\n<p>(Cactus Jack Barringer &#8211; Doanh nh\u00e2n, nh\u00e0 ph\u00e1t minh)<\/p>\n<p>Theo quy lu\u1eadt t\u1ef1 nhi\u00ean, b\u00ed quy\u1ebft n\u00e0y s\u1ebd bu\u1ed9c b\u1ea1n ph\u1ea3i tr\u1ea3 gi\u00e1, nh\u01b0ng c\u00e1i gi\u00e1 ph\u1ea3i tr\u1ea3  th\u1ea5p h\u01a1n r\u1ea5t nhi\u1ec1u so v\u1edbi gi\u00e1 tr\u1ecb th\u1ef1c s\u1ef1 c\u1ee7a n\u00f3. N\u00f3 kh\u00f4ng th\u1ec3 \u0111\u01b0\u1ee3c \u0111\u1ecbnh gi\u00e1 b\u1edfi nh\u1eefng ng\u01b0\u1eddi kh\u00f4ng mu\u1ed1n t\u00ecm ki\u1ebfm n\u00f3. B\u00ed quy\u1ebft n\u00e0y c\u0169ng kh\u00f4ng th\u1ec3 cho \u0111i v\u00ec n\u00f3 kh\u00f4ng th\u1ec3 mua \u0111\u01b0\u1ee3c b\u1eb1ng ti\u1ec1n, b\u1edfi n\u00f3 c\u00f3 hai ph\u1ea7n v\u00e0 m\u1ed9t ph\u1ea7n v\u1ed1n \u0111\u00e3 t\u1ed3n t\u1ea1i trong nh\u1eefng con ng\u01b0\u1eddi s\u1eb5n s\u00e0ng \u0111\u00f3n nh\u1eadn n\u00f3.<\/p>\n","protected":false},"featured_media":9926,"template":"","meta":{"_acf_changed":false},"product_brand":[],"product_cat":[18],"product_tag":[],"class_list":{"0":"post-9927","1":"product","2":"type-product","3":"status-publish","4":"has-post-thumbnail","6":"product_cat-kinh-te","8":"first","9":"outofstock","10":"taxable","11":"shipping-taxable","12":"purchasable","13":"product-type-simple"},"supplier_id":null,"supplier_sku":"","barcode":null,"atum_controlled":true,"out_stock_date":"2021-09-11 11:11:06","out_stock_threshold":null,"inheritable":false,"inbound_stock":1,"stock_on_hold":0,"sold_today":0,"sales_last_days":0,"reserved_stock":0,"customer_returns":0,"warehouse_damage":0,"lost_in_post":0,"other_logs":0,"out_stock_days":1600,"lost_sales":0,"has_location":false,"update_date":"2026-01-28T23:10:45","atum_locations":[],"atum_stock_status":"outofstock","restock_status":false,"low_stock_amount":"","sales_update_date":"2026-01-28T23:10:45","calc_backorders":null,"acf":{"publisher":{"ID":1474,"post_author":"1","post_date":"2021-02-17 01:12:51","post_date_gmt":"2021-02-16 23:12:51","post_content":"","post_title":"Th\u00e1i H\u00e0","post_excerpt":"","post_status":"publish","comment_status":"closed","ping_status":"closed","post_password":"","post_name":"thai-ha","to_ping":"","pinged":"","post_modified":"2021-02-17 01:12:51","post_modified_gmt":"2021-02-16 23:12:51","post_content_filtered":"","post_parent":0,"guid":"https:\/\/sachviet.eu\/nha-phat-hanh\/thai-ha\/","menu_order":0,"post_type":"publisher","post_mime_type":"","comment_count":"0","filter":"raw"}},"_links":{"self":[{"href":"https:\/\/sachviet.eu\/en\/wp-json\/wp\/v2\/product\/9927","targetHints":{"allow":["GET"]}}],"collection":[{"href":"https:\/\/sachviet.eu\/en\/wp-json\/wp\/v2\/product"}],"about":[{"href":"https:\/\/sachviet.eu\/en\/wp-json\/wp\/v2\/types\/product"}],"wp:featuredmedia":[{"embeddable":true,"href":"https:\/\/sachviet.eu\/en\/wp-json\/wp\/v2\/media\/9926"}],"wp:attachment":[{"href":"https:\/\/sachviet.eu\/en\/wp-json\/wp\/v2\/media?parent=9927"}],"wp:term":[{"taxonomy":"product_brand","embeddable":true,"href":"https:\/\/sachviet.eu\/en\/wp-json\/wp\/v2\/product_brand?post=9927"},{"taxonomy":"product_cat","embeddable":true,"href":"https:\/\/sachviet.eu\/en\/wp-json\/wp\/v2\/product_cat?post=9927"},{"taxonomy":"product_tag","embeddable":true,"href":"https:\/\/sachviet.eu\/en\/wp-json\/wp\/v2\/product_tag?post=9927"}],"curies":[{"name":"wp","href":"https:\/\/api.w.org\/{rel}","templated":true}]}}