{"id":9925,"date":"2021-06-02T17:58:57","date_gmt":"2021-06-02T14:58:57","guid":{"rendered":"https:\/\/sachviet.eu\/shop\/tim-em-noi-anh\/"},"modified":"2023-05-22T13:42:21","modified_gmt":"2023-05-22T10:42:21","slug":"tim-em-noi-anh","status":"publish","type":"product","link":"https:\/\/sachviet.eu\/en\/shop\/tim-em-noi-anh\/","title":{"rendered":"T\u00ecm Em N\u01a1i Anh"},"content":{"rendered":"<p>\u0110\u00e2y l\u00e0 cu\u1ed1n ti\u1ebfp theo sau &#8220;G\u1ecdi em b\u1eb1ng t\u00ean anh&#8221; (Call me by your name). Nh\u1eefng nh\u00e2n v\u1eadt g\u1eb7p l\u1ea1i, v\u00e0 c\u00e2u chuy\u1ec7n nhi\u1ec1u n\u0103m sau, khi h\u1ecd \u0111\u1ec1u \u0111\u00e3 l\u1edbn tu\u1ed5i h\u01a1n v\u00e0 c\u00f3 nh\u1eefng ng\u00e3 r\u1ebd ri\u00eang trong cu\u1ed9c \u0111\u1eddi m\u00ecnh.<br \/>\nT\u00e1c gi\u1ea3 chia s\u1ebb th\u00eam v\u1ec1 quy\u1ebft \u0111\u1ecbnh vi\u1ebft ti\u1ebfp c\u00e2u chuy\u1ec7n: &#8220;T\u00f4i v\u1eabn lu\u00f4n \u0111au \u0111\u00e1u v\u1ec1 c\u00e2u chuy\u1ec7n dang d\u1edf trong G\u1ecdi em b\u1eb1ng t\u00ean anh. D\u00f9 l\u00e0 ng\u01b0\u1eddi t\u1ea1o n\u00ean c\u00e1c nh\u00e2n v\u1eadt v\u00e0 cu\u1ed9c \u0111\u1eddi h\u1ecd, t\u00f4i kh\u00f4ng th\u1ec3 ng\u1edd r\u1eb1ng ch\u00ednh c\u00e1c nh\u00e2n v\u1eadt l\u1ea1i khi\u1ebfn t\u00f4i tr\u0103n tr\u1edf v\u1ec1 nh\u1eefng xao \u0111\u1ed9ng c\u1ee7a t\u00ecnh y\u00eau &#8211; \u0111i\u1ec1u m\u00e0 t\u00f4i kh\u00f4ng hay bi\u1ebft cho \u0111\u1ebfn khi ho\u00e0n thi\u1ec7n cu\u1ed1n s\u00e1ch. B\u1ed9 phim \u0111i\u1ec7n \u1ea3nh chuy\u1ec3n th\u1ec3 t\u1eeb cu\u1ed1n ti\u1ec3u thuy\u1ebft \u0111\u00e3 gi\u00fap t\u00f4i nh\u1eadn ra r\u1eb1ng m\u00ecnh mu\u1ed1n \u0111\u01b0\u1ee3c tr\u1edf l\u1ea1i v\u1edbi Elio v\u00e0 Oliver v\u00e0 ti\u1ebfp t\u1ee5c \u0111\u1ed3ng h\u00e0nh v\u1edbi 2 con ng\u01b0\u1eddi \u1ea5y&#8221;.<\/p>\n<p>Find Me \u0111\u01b0\u1ee3c chia l\u00e0m b\u1ed1n ph\u1ea7n: Tempo, Cadenza, Capriccio v\u00e0 Da Capo, nh\u01b0 m\u1ed9t b\u1ea3n nh\u1ea1c l\u00f4i cu\u1ed1n c\u00f3 nh\u1ecbp \u0111i\u1ec7u v\u00e0 h\u01a1i th\u1edf ri\u00eang, c\u00f9ng nh\u1eefng \u0111o\u1ea1n ph\u00f3ng t\u00fang ng\u1eabu h\u1ee9ng n\u00f3i l\u00ean ti\u1ebfng l\u00f2ng ng\u01b0\u1eddi ch\u01a1i.<\/p>\n<p>Tempo<\/p>\n<p>Ph\u1ea7n \u0111\u1ea7u ti\u00ean \u0111\u01b0\u1ee3c thu\u1eadt l\u1ea1i b\u1edfi l\u1eddi c\u1ee7a Samuel &#8220;Sami&#8221; Perlman, cha c\u1ee7a Elio Perlman. M\u01b0\u1eddi n\u0103m sau c\u00e1c s\u1ef1 ki\u1ec7n c\u1ee7a Call Me By Your Name, Sami Perlman g\u1eb7p m\u1ed9t ng\u01b0\u1eddi ph\u1ee5 n\u1eef tr\u1ebb tu\u1ed5i t\u00ean l\u00e0 Miranda khi \u0111i t\u00e0u \u0111\u1ebfn Rome. Hai ng\u01b0\u1eddi nhanh ch\u00f3ng tr\u1edf n\u00ean th\u00e2n thi\u1ebft v\u00e0 b\u1eaft \u0111\u1ea7u m\u1ed9t m\u1ed1i quan h\u1ec7 l\u00e3ng m\u1ea1n. Trong khi \u1edf Rome, c\u1eb7p \u0111\u00f4i \u0111\u1ebfn th\u0103m ng\u01b0\u1eddi cha \u1ed1m y\u1ebfu c\u1ee7a Miranda, tham d\u1ef1 m\u1ed9t bu\u1ed5i thuy\u1ebft tr\u00ecnh c\u00f4ng khai do Sami t\u1ed5 ch\u1ee9c v\u00e0 g\u1eb7p \u0111\u01b0\u1ee3c Elio.<\/p>\n<p>Cadenza<br \/>\nPh\u1ea7n th\u1ee9 hai \u0111\u01b0\u1ee3c thu\u1eadt l\u1ea1i b\u1edfi l\u1eddi c\u1ee7a Elio. N\u0103m n\u0103m sau, Elio l\u00e0m gi\u00e1o vi\u00ean d\u1ea1y piano \u1edf Paris. T\u1ea1i m\u1ed9t bu\u1ed5i h\u00f2a nh\u1ea1c, anh g\u1eb7p m\u1ed9t ng\u01b0\u1eddi \u0111\u00e0n \u00f4ng l\u1edbn tu\u1ed5i t\u00ean l\u00e0 Michel, v\u00e0 h\u1ecd b\u1eaft \u0111\u1ea7u m\u1ed9t m\u1ed1i quan h\u1ec7 l\u00e3ng m\u1ea1n. H\u1ecd \u0111\u1ebfn th\u0103m ng\u00f4i nh\u00e0 th\u1eddi th\u01a1 \u1ea5u c\u1ee7a Michel \u1edf v\u00f9ng n\u00f4ng th\u00f4n n\u01b0\u1edbc Ph\u00e1p, v\u00e0 k\u1ebft th\u00fac m\u1ed1i quan h\u1ec7 v\u00e0i tu\u1ea7n sau \u0111\u00f3 b\u1edfi cu\u1ed1i c\u00f9ng, ng\u01b0\u1eddi c\u0169 trong tr\u00e1i tim anh kh\u00f4ng th\u1ec3 thay th\u1ebf.<br \/>\nCapriccio<br \/>\nPh\u1ea7n th\u1ee9 ba \u0111\u01b0\u1ee3c thu\u1eadt l\u1ea1i b\u1edfi l\u1eddi c\u1ee7a Oliver. V\u00e0i n\u0103m sau, Oliver l\u00e0m gi\u00e1o s\u01b0 t\u1ea1i m\u1ed9t tr\u01b0\u1eddng cao \u0111\u1eb3ng \u1edf New Hampshire. Anh \u1ea5y \u0111\u00e3 l\u1eadp gia \u0111\u00ecnh v\u00e0 c\u00f3 con, nh\u01b0ng trong th\u00e2m t\u00e2m l\u1ea1i nu\u00f4i d\u01b0\u1ee1ng n\u1ed7i nh\u1edb v\u1ec1 kho\u1ea3ng th\u1eddi gian anh \u1ea5y \u1edf b\u00ean Elio khi c\u00f2n l\u00e0 sinh vi\u00ean \u0111\u1ea1i h\u1ecdc. Anh \u1ea5y \u0111o\u00e0n t\u1ee5 v\u1edbi Elio \u1edf \u00dd, v\u00e0 h\u1ecd k\u1ebft n\u1ed1i l\u1ea1i m\u1ed9t c\u00e1ch l\u00e3ng m\u1ea1n. M\u1eb7c d\u00f9 cha c\u1ee7a Elio \u0111\u00e3 ch\u1ebft, \u00f4ng v\u1eabn c\u00f3 m\u1ed9t \u0111\u1ee9a con v\u1edbi Miranda, \u0111\u1eb7t t\u00ean theo Oliver &#8211; Ollie Nh\u1ecf.<br \/>\nDa Capo<br \/>\nPh\u1ea7n cu\u1ed1i c\u00f9ng \u0111\u01b0\u1ee3c thu\u1eadt l\u1ea1i b\u1edfi l\u1eddi c\u1ee7a Elio. Elio v\u00e0 Oliver l\u1ea1i \u1edf c\u00f9ng nhau, c\u00f9ng nu\u00f4i d\u01b0\u1ee1ng Ollie Nh\u1ecf, em trai c\u00f9ng cha kh\u00e1c m\u1eb9 c\u1ee7a Elio. Ph\u1ea7n k\u1ebft n\u00e0y di\u1ec5n ra kh\u00f4ng l\u00e2u sau c\u00e1c s\u1ef1 ki\u1ec7n trong Capriccio.<\/p>\n","protected":false},"excerpt":{"rendered":"<p>\u0110\u00e2y l\u00e0 cu\u1ed1n ti\u1ebfp theo sau &#8220;G\u1ecdi em b\u1eb1ng t\u00ean anh&#8221; (Call me by your name). Nh\u1eefng nh\u00e2n v\u1eadt g\u1eb7p l\u1ea1i, v\u00e0 c\u00e2u chuy\u1ec7n nhi\u1ec1u n\u0103m sau, khi h\u1ecd \u0111\u1ec1u \u0111\u00e3 l\u1edbn tu\u1ed5i h\u01a1n v\u00e0 c\u00f3 nh\u1eefng ng\u00e3 r\u1ebd ri\u00eang trong cu\u1ed9c \u0111\u1eddi m\u00ecnh.<br \/>\nT\u00e1c gi\u1ea3 chia s\u1ebb th\u00eam v\u1ec1 quy\u1ebft \u0111\u1ecbnh vi\u1ebft ti\u1ebfp c\u00e2u chuy\u1ec7n: &#8220;T\u00f4i v\u1eabn lu\u00f4n \u0111au \u0111\u00e1u v\u1ec1 c\u00e2u chuy\u1ec7n dang d\u1edf trong G\u1ecdi em b\u1eb1ng t\u00ean anh. D\u00f9 l\u00e0 ng\u01b0\u1eddi t\u1ea1o n\u00ean c\u00e1c nh\u00e2n v\u1eadt v\u00e0 cu\u1ed9c \u0111\u1eddi h\u1ecd, t\u00f4i kh\u00f4ng th\u1ec3 ng\u1edd r\u1eb1ng ch\u00ednh c\u00e1c nh\u00e2n v\u1eadt l\u1ea1i khi\u1ebfn t\u00f4i tr\u0103n tr\u1edf v\u1ec1 nh\u1eefng xao \u0111\u1ed9ng c\u1ee7a t\u00ecnh y\u00eau &#8211; \u0111i\u1ec1u m\u00e0 t\u00f4i kh\u00f4ng hay bi\u1ebft cho \u0111\u1ebfn khi ho\u00e0n thi\u1ec7n cu\u1ed1n s\u00e1ch. B\u1ed9 phim \u0111i\u1ec7n \u1ea3nh chuy\u1ec3n th\u1ec3 t\u1eeb cu\u1ed1n ti\u1ec3u thuy\u1ebft \u0111\u00e3 gi\u00fap t\u00f4i nh\u1eadn ra r\u1eb1ng m\u00ecnh mu\u1ed1n \u0111\u01b0\u1ee3c tr\u1edf l\u1ea1i v\u1edbi Elio v\u00e0 Oliver v\u00e0 ti\u1ebfp t\u1ee5c \u0111\u1ed3ng h\u00e0nh v\u1edbi 2 con ng\u01b0\u1eddi \u1ea5y&#8221;.<\/p>\n<p>Find Me \u0111\u01b0\u1ee3c chia l\u00e0m b\u1ed1n ph\u1ea7n: Tempo, Cadenza, Capriccio v\u00e0 Da Capo, nh\u01b0 m\u1ed9t b\u1ea3n nh\u1ea1c l\u00f4i cu\u1ed1n c\u00f3 nh\u1ecbp \u0111i\u1ec7u v\u00e0 h\u01a1i th\u1edf ri\u00eang, c\u00f9ng nh\u1eefng \u0111o\u1ea1n ph\u00f3ng t\u00fang ng\u1eabu h\u1ee9ng n\u00f3i l\u00ean ti\u1ebfng l\u00f2ng ng\u01b0\u1eddi ch\u01a1i.<\/p>\n<p>Tempo<\/p>\n<p>Ph\u1ea7n \u0111\u1ea7u ti\u00ean \u0111\u01b0\u1ee3c thu\u1eadt l\u1ea1i b\u1edfi l\u1eddi c\u1ee7a Samuel &#8220;Sami&#8221; Perlman, cha c\u1ee7a Elio Perlman. M\u01b0\u1eddi n\u0103m sau c\u00e1c s\u1ef1 ki\u1ec7n c\u1ee7a Call Me By Your Name, Sami Perlman g\u1eb7p m\u1ed9t ng\u01b0\u1eddi ph\u1ee5 n\u1eef tr\u1ebb tu\u1ed5i t\u00ean l\u00e0 Miranda khi \u0111i t\u00e0u \u0111\u1ebfn Rome. Hai ng\u01b0\u1eddi nhanh ch\u00f3ng tr\u1edf n\u00ean th\u00e2n thi\u1ebft v\u00e0 b\u1eaft \u0111\u1ea7u m\u1ed9t m\u1ed1i quan h\u1ec7 l\u00e3ng m\u1ea1n. Trong khi \u1edf Rome, c\u1eb7p \u0111\u00f4i \u0111\u1ebfn th\u0103m ng\u01b0\u1eddi cha \u1ed1m y\u1ebfu c\u1ee7a Miranda, tham d\u1ef1 m\u1ed9t bu\u1ed5i thuy\u1ebft tr\u00ecnh c\u00f4ng khai do Sami t\u1ed5 ch\u1ee9c v\u00e0 g\u1eb7p \u0111\u01b0\u1ee3c Elio.<\/p>\n<p>Cadenza<br \/>\nPh\u1ea7n th\u1ee9 hai \u0111\u01b0\u1ee3c thu\u1eadt l\u1ea1i b\u1edfi l\u1eddi c\u1ee7a Elio. N\u0103m n\u0103m sau, Elio l\u00e0m gi\u00e1o vi\u00ean d\u1ea1y piano \u1edf Paris. T\u1ea1i m\u1ed9t bu\u1ed5i h\u00f2a nh\u1ea1c, anh g\u1eb7p m\u1ed9t ng\u01b0\u1eddi \u0111\u00e0n \u00f4ng l\u1edbn tu\u1ed5i t\u00ean l\u00e0 Michel, v\u00e0 h\u1ecd b\u1eaft \u0111\u1ea7u m\u1ed9t m\u1ed1i quan h\u1ec7 l\u00e3ng m\u1ea1n. H\u1ecd \u0111\u1ebfn th\u0103m ng\u00f4i nh\u00e0 th\u1eddi th\u01a1 \u1ea5u c\u1ee7a Michel \u1edf v\u00f9ng n\u00f4ng th\u00f4n n\u01b0\u1edbc Ph\u00e1p, v\u00e0 k\u1ebft th\u00fac m\u1ed1i quan h\u1ec7 v\u00e0i tu\u1ea7n sau \u0111\u00f3 b\u1edfi cu\u1ed1i c\u00f9ng, ng\u01b0\u1eddi c\u0169 trong tr\u00e1i tim anh kh\u00f4ng th\u1ec3 thay th\u1ebf.<br \/>\nCapriccio<br \/>\nPh\u1ea7n th\u1ee9 ba \u0111\u01b0\u1ee3c thu\u1eadt l\u1ea1i b\u1edfi l\u1eddi c\u1ee7a Oliver. V\u00e0i n\u0103m sau, Oliver l\u00e0m gi\u00e1o s\u01b0 t\u1ea1i m\u1ed9t tr\u01b0\u1eddng cao \u0111\u1eb3ng \u1edf New Hampshire. Anh \u1ea5y \u0111\u00e3 l\u1eadp gia \u0111\u00ecnh v\u00e0 c\u00f3 con, nh\u01b0ng trong th\u00e2m t\u00e2m l\u1ea1i nu\u00f4i d\u01b0\u1ee1ng n\u1ed7i nh\u1edb v\u1ec1 kho\u1ea3ng th\u1eddi gian anh \u1ea5y \u1edf b\u00ean Elio khi c\u00f2n l\u00e0 sinh vi\u00ean \u0111\u1ea1i h\u1ecdc. Anh \u1ea5y \u0111o\u00e0n t\u1ee5 v\u1edbi Elio \u1edf \u00dd, v\u00e0 h\u1ecd k\u1ebft n\u1ed1i l\u1ea1i m\u1ed9t c\u00e1ch l\u00e3ng m\u1ea1n. M\u1eb7c d\u00f9 cha c\u1ee7a Elio \u0111\u00e3 ch\u1ebft, \u00f4ng v\u1eabn c\u00f3 m\u1ed9t \u0111\u1ee9a con v\u1edbi Miranda, \u0111\u1eb7t t\u00ean theo Oliver &#8211; Ollie Nh\u1ecf.<br \/>\nDa Capo<br \/>\nPh\u1ea7n cu\u1ed1i c\u00f9ng \u0111\u01b0\u1ee3c thu\u1eadt l\u1ea1i b\u1edfi l\u1eddi c\u1ee7a Elio. Elio v\u00e0 Oliver l\u1ea1i \u1edf c\u00f9ng nhau, c\u00f9ng nu\u00f4i d\u01b0\u1ee1ng Ollie Nh\u1ecf, em trai c\u00f9ng cha kh\u00e1c m\u1eb9 c\u1ee7a Elio. Ph\u1ea7n k\u1ebft n\u00e0y di\u1ec5n ra kh\u00f4ng l\u00e2u sau c\u00e1c s\u1ef1 ki\u1ec7n trong Capriccio.<\/p>\n","protected":false},"featured_media":9910,"template":"","meta":{"_acf_changed":false},"product_brand":[],"product_cat":[15,45],"product_tag":[],"class_list":{"0":"post-9925","1":"product","2":"type-product","3":"status-publish","4":"has-post-thumbnail","6":"product_cat-sach-danh-cho-nguoi-lon","7":"product_cat-tieu-thuyet","9":"first","10":"outofstock","11":"taxable","12":"shipping-taxable","13":"purchasable","14":"product-type-simple"},"supplier_id":null,"supplier_sku":"","barcode":null,"atum_controlled":true,"out_stock_date":"2023-05-22 10:42:21","out_stock_threshold":null,"inheritable":false,"inbound_stock":1,"stock_on_hold":0,"sold_today":0,"sales_last_days":0,"reserved_stock":0,"customer_returns":0,"warehouse_damage":0,"lost_in_post":0,"other_logs":0,"out_stock_days":982,"lost_sales":0,"has_location":false,"update_date":"2026-01-28T23:10:45","atum_locations":[],"atum_stock_status":"outofstock","restock_status":false,"low_stock_amount":"","sales_update_date":"2026-01-28T23:10:45","calc_backorders":null,"acf":{"publisher":{"ID":1517,"post_author":"1","post_date":"2021-02-17 01:14:41","post_date_gmt":"2021-02-16 23:14:41","post_content":"","post_title":"NXB Tr\u1ebb","post_excerpt":"","post_status":"publish","comment_status":"closed","ping_status":"closed","post_password":"","post_name":"nxb-tre","to_ping":"","pinged":"","post_modified":"2021-02-17 01:14:41","post_modified_gmt":"2021-02-16 23:14:41","post_content_filtered":"","post_parent":0,"guid":"https:\/\/sachviet.eu\/nha-phat-hanh\/nxb-tre\/","menu_order":0,"post_type":"publisher","post_mime_type":"","comment_count":"0","filter":"raw"}},"_links":{"self":[{"href":"https:\/\/sachviet.eu\/en\/wp-json\/wp\/v2\/product\/9925","targetHints":{"allow":["GET"]}}],"collection":[{"href":"https:\/\/sachviet.eu\/en\/wp-json\/wp\/v2\/product"}],"about":[{"href":"https:\/\/sachviet.eu\/en\/wp-json\/wp\/v2\/types\/product"}],"wp:featuredmedia":[{"embeddable":true,"href":"https:\/\/sachviet.eu\/en\/wp-json\/wp\/v2\/media\/9910"}],"wp:attachment":[{"href":"https:\/\/sachviet.eu\/en\/wp-json\/wp\/v2\/media?parent=9925"}],"wp:term":[{"taxonomy":"product_brand","embeddable":true,"href":"https:\/\/sachviet.eu\/en\/wp-json\/wp\/v2\/product_brand?post=9925"},{"taxonomy":"product_cat","embeddable":true,"href":"https:\/\/sachviet.eu\/en\/wp-json\/wp\/v2\/product_cat?post=9925"},{"taxonomy":"product_tag","embeddable":true,"href":"https:\/\/sachviet.eu\/en\/wp-json\/wp\/v2\/product_tag?post=9925"}],"curies":[{"name":"wp","href":"https:\/\/api.w.org\/{rel}","templated":true}]}}