{"id":9896,"date":"2021-06-02T17:56:54","date_gmt":"2021-06-02T14:56:54","guid":{"rendered":"https:\/\/sachviet.eu\/shop\/ban-luon-noi-khong-sao-nhung-toi-biet-ban-tung-khoc-tham-rat-nhieu-lan\/"},"modified":"2023-04-15T19:53:22","modified_gmt":"2023-04-15T16:53:22","slug":"ban-luon-noi-khong-sao-nhung-toi-biet-ban-tung-khoc-tham-rat-nhieu-lan","status":"publish","type":"product","link":"https:\/\/sachviet.eu\/en\/shop\/ban-luon-noi-khong-sao-nhung-toi-biet-ban-tung-khoc-tham-rat-nhieu-lan\/","title":{"rendered":"B\u1ea1n lu\u00f4n n\u00f3i kh\u00f4ng sao, nh\u01b0ng t\u00f4i bi\u1ebft b\u1ea1n t\u1eebng kh\u00f3c th\u1ea7m r\u1ea5t nhi\u1ec1u l\u1ea7n"},"content":{"rendered":"<p>L\u1ea7n g\u1ea7n \u0111\u00e2y nh\u1ea5t b\u1ea1n kh\u00f3c l\u00e0 khi n\u00e0o?<\/p>\n<p>L\u00e0 do nh\u1eefng t\u00ecnh hu\u1ed1ng b\u1ed9t ph\u00e1t trong c\u00f4ng vi\u1ec7c khi\u1ebfn b\u1ea1n kh\u00f4ng k\u1ecbp tr\u1edf tay, hay do trong l\u00fac c\u00e3i v\u00e3, nh\u1eefng l\u1eddi g\u00e2y t\u1ed5n th\u01b0\u01a1ng c\u1ee7a ng\u01b0\u1eddi b\u1ea1n y\u00eau th\u01b0\u01a1ng khi\u1ebfn b\u1ea1n ph\u1ea3i \u0111au l\u00f2ng?<\/p>\n<p>Ho\u1eb7c do nh\u1eefng suy ngh\u0129 \u00e1p \u0111\u1eb7t c\u1ee7a b\u1ed1 m\u1eb9, x\u00e3 h\u1ed9i v\u00e0 tu\u1ed5i tr\u01b0\u1edfng th\u00e0nh khi\u1ebfn b\u1ea1n c\u1ea3m th\u1ea5y m\u1ec7t m\u1ecfi?<\/p>\n<p>M\u1eb7c d\u00f9 khi g\u1eb7p ph\u1ea3i nh\u1eefng chuy\u1ec7n n\u00e0y, b\u1ea1n lu\u00f4n n\u00f3i kh\u00f4ng sao, nh\u01b0ng t\u00f4i bi\u1ebft b\u1ea1n t\u1eebng kh\u00f3c th\u1ea7m r\u1ea5t nhi\u1ec1u l\u1ea7n. C\u00f3 \u0111i\u1ec1u mong b\u1ea1n \u0111\u1eebng qu\u00ean, Nh\u1ea5t Thi\u1ec1n l\u00fac n\u00e0o c\u0169ng \u1edf b\u00ean b\u1ea1n.<\/p>\n<p>H\u00e3y \u0111\u1ec3 Nh\u1ea5t Thi\u1ec1n s\u01b0\u1edfi \u1ea5m tr\u00e1i tim \u0111ang \u01b0\u1edbt \u0111\u1eabm n\u01b0\u1edbc m\u1eaft \u1ea5y c\u1ee7a b\u1ea1n nh\u00e9!<\/p>\n<p>***<\/p>\n<p>Nh\u1ea5t Thi\u1ec1n Ti\u1ec3u H\u00f2a Th\u01b0\u1ee3ng  l\u00e0 m\u1ed9t nh\u00e2n v\u1eadt ho\u1ea1t h\u00ecnh c\u00f3 h\u01a1n 80 tri\u1ec7u ng\u01b0\u1eddi theo d\u00f5i tr\u00ean nhi\u1ec1u n\u1ec1n t\u1ea3ng m\u1ea1ng x\u00e3 h\u1ed9i kh\u00e1c nhau, h\u01a1n 48 tri\u1ec7u ng\u01b0\u1eddi xem c\u00e1c video ch\u1eef l\u00e0nh m\u1ed7i ng\u00e0y tr\u00ean Tik-Tok, h\u01a1n 8 tri\u1ec7u ng\u01b0\u1eddi d\u00f9ng Weibo v\u00e0 Wechat \u0111\u01b0\u1ee3c truy\u1ec1n c\u1ea3m h\u1ee9ng s\u1ed1ng qua c\u00e1c c\u00e2u chuy\u1ec7n nh\u1ecf h\u00e0ng ng\u00e0y, b\u00ean c\u1ea1nh \u0111\u00f3 c\u00e1c video ho\u1ea1t h\u1ecda ph\u00e1t s\u00f3ng lu\u00f4n \u0111\u1ea1t t\u1ec9 su\u1ea5t tr\u00ean 20 t\u1ef7 l\u01b0\u1ee3t xem v\u00e0 gi\u00e0nh \u0111\u01b0\u1ee3c nhi\u1ec1u gi\u1ea3i th\u01b0\u1edfng l\u1edbn nh\u01b0 Gi\u1ea3i R\u1ed3ng V\u00e0ng cho phim ho\u1ea1t h\u00ecnh Trung Qu\u1ed1c, Gi\u1ea3i phim ho\u1ea1t h\u00ecnh chuy\u1ec3n th\u1ec3 HOT trong n\u0103m 2019, Gi\u1ea3i th\u01b0\u1edfng cho nh\u00e2n v\u1eadt n\u1ed5i ti\u1ebfng v\u1edbi c\u00e1c video HOT tr\u00ean Weibo\u2026 v.v\u2026<\/p>\n<p>Phim ho\u1ea1t h\u00ecnh, truy\u1ec7n tranh v\u00e0 \u00e2m nh\u1ea1c c\u00f9ng c\u00e1c n\u1ed9i dung kh\u00e1c v\u1ec1 Nh\u1ea5t Thi\u1ec1n Ti\u1ec3u H\u00f2a Th\u01b0\u1ee3ng \u0111\u01b0\u1ee3c lan truy\u1ec1n r\u1ed9ng r\u00e3i tr\u00ean m\u1ea1ng x\u00e3 h\u1ed9i, t\u00edch c\u1ef1c s\u01b0\u1edfi \u1ea5m v\u00e0 ch\u1eefa l\u00e0nh cho h\u00e0ng tri\u1ec7u ng\u01b0\u1eddi m\u1ed7i ng\u00e0y ngo\u00e0i ra c\u00f2n mang l\u1ea1i c\u1ea3m h\u1ee9ng s\u1ed1ng t\u00edch c\u1ef1c v\u00e0 qu\u1ea3ng b\u00e1 n\u1ec1n v\u0103n h\u00f3a truy\u1ec1n th\u1ed1ng c\u1ee7a \u0111\u1ea5t n\u01b0\u1edbc Trung Hoa. Cu\u1ed1n s\u00e1ch \u201cB\u1ea1n lu\u00f4n n\u00f3i kh\u00f4ng sao, nh\u01b0ng t\u00f4i bi\u1ebft b\u1ea1n t\u1eebng kh\u00f3c th\u1ea7m r\u1ea5t nhi\u1ec1u l\u1ea7n\u201d c\u1ee7a Nh\u1ea5t Thi\u1ec1n \u0111\u00e3 \u0111\u01b0\u1ee3c xu\u1ea5t b\u1ea3n t\u1ea1i nhi\u1ec1u c\u00e1c qu\u1ed1c gia kh\u00e1c nhau v\u00e0 \u0111\u01b0\u1ee3c bi\u00ean d\u1ecbch sang nhi\u1ec1u lo\u1ea1i ng\u00f4n ng\u1eef nh\u01b0 Anh, H\u00e0n, T\u00e2y Ban Nha v\u00e0 \u0111\u01b0\u1ee3c \u0111\u00f4ng \u0111\u1ea3o c\u00e1c \u0111\u1ed9c gi\u1ea3 tr\u00ean to\u00e0n th\u1ebf gi\u1edbi \u0111\u00f3n nh\u1eadn, nay \u0111\u00e3 ch\u00ednh th\u1ee9c c\u00f3 m\u1eb7t t\u1ea1i Vi\u1ec7t Nam.<\/p>\n","protected":false},"excerpt":{"rendered":"<p>L\u1ea7n g\u1ea7n \u0111\u00e2y nh\u1ea5t b\u1ea1n kh\u00f3c l\u00e0 khi n\u00e0o?<\/p>\n<p>L\u00e0 do nh\u1eefng t\u00ecnh hu\u1ed1ng b\u1ed9t ph\u00e1t trong c\u00f4ng vi\u1ec7c khi\u1ebfn b\u1ea1n kh\u00f4ng k\u1ecbp tr\u1edf tay, hay do trong l\u00fac c\u00e3i v\u00e3, nh\u1eefng l\u1eddi g\u00e2y t\u1ed5n th\u01b0\u01a1ng c\u1ee7a ng\u01b0\u1eddi b\u1ea1n y\u00eau th\u01b0\u01a1ng khi\u1ebfn b\u1ea1n ph\u1ea3i \u0111au l\u00f2ng?<\/p>\n<p>Ho\u1eb7c do nh\u1eefng suy ngh\u0129 \u00e1p \u0111\u1eb7t c\u1ee7a b\u1ed1 m\u1eb9, x\u00e3 h\u1ed9i v\u00e0 tu\u1ed5i tr\u01b0\u1edfng th\u00e0nh khi\u1ebfn b\u1ea1n c\u1ea3m th\u1ea5y m\u1ec7t m\u1ecfi?<\/p>\n<p>M\u1eb7c d\u00f9 khi g\u1eb7p ph\u1ea3i nh\u1eefng chuy\u1ec7n n\u00e0y, b\u1ea1n lu\u00f4n n\u00f3i kh\u00f4ng sao, nh\u01b0ng t\u00f4i bi\u1ebft b\u1ea1n t\u1eebng kh\u00f3c th\u1ea7m r\u1ea5t nhi\u1ec1u l\u1ea7n. C\u00f3 \u0111i\u1ec1u mong b\u1ea1n \u0111\u1eebng qu\u00ean, Nh\u1ea5t Thi\u1ec1n l\u00fac n\u00e0o c\u0169ng \u1edf b\u00ean b\u1ea1n.<\/p>\n<p>H\u00e3y \u0111\u1ec3 Nh\u1ea5t Thi\u1ec1n s\u01b0\u1edfi \u1ea5m tr\u00e1i tim \u0111ang \u01b0\u1edbt \u0111\u1eabm n\u01b0\u1edbc m\u1eaft \u1ea5y c\u1ee7a b\u1ea1n nh\u00e9!<\/p>\n<p>***<\/p>\n<p>Nh\u1ea5t Thi\u1ec1n Ti\u1ec3u H\u00f2a Th\u01b0\u1ee3ng  l\u00e0 m\u1ed9t nh\u00e2n v\u1eadt ho\u1ea1t h\u00ecnh c\u00f3 h\u01a1n 80 tri\u1ec7u ng\u01b0\u1eddi theo d\u00f5i tr\u00ean nhi\u1ec1u n\u1ec1n t\u1ea3ng m\u1ea1ng x\u00e3 h\u1ed9i kh\u00e1c nhau, h\u01a1n 48 tri\u1ec7u ng\u01b0\u1eddi xem c\u00e1c video ch\u1eef l\u00e0nh m\u1ed7i ng\u00e0y tr\u00ean Tik-Tok, h\u01a1n 8 tri\u1ec7u ng\u01b0\u1eddi d\u00f9ng Weibo v\u00e0 Wechat \u0111\u01b0\u1ee3c truy\u1ec1n c\u1ea3m h\u1ee9ng s\u1ed1ng qua c\u00e1c c\u00e2u chuy\u1ec7n nh\u1ecf h\u00e0ng ng\u00e0y, b\u00ean c\u1ea1nh \u0111\u00f3 c\u00e1c video ho\u1ea1t h\u1ecda ph\u00e1t s\u00f3ng lu\u00f4n \u0111\u1ea1t t\u1ec9 su\u1ea5t tr\u00ean 20 t\u1ef7 l\u01b0\u1ee3t xem v\u00e0 gi\u00e0nh \u0111\u01b0\u1ee3c nhi\u1ec1u gi\u1ea3i th\u01b0\u1edfng l\u1edbn nh\u01b0 Gi\u1ea3i R\u1ed3ng V\u00e0ng cho phim ho\u1ea1t h\u00ecnh Trung Qu\u1ed1c, Gi\u1ea3i phim ho\u1ea1t h\u00ecnh chuy\u1ec3n th\u1ec3 HOT trong n\u0103m 2019, Gi\u1ea3i th\u01b0\u1edfng cho nh\u00e2n v\u1eadt n\u1ed5i ti\u1ebfng v\u1edbi c\u00e1c video HOT tr\u00ean Weibo\u2026 v.v\u2026<\/p>\n<p>Phim ho\u1ea1t h\u00ecnh, truy\u1ec7n tranh v\u00e0 \u00e2m nh\u1ea1c c\u00f9ng c\u00e1c n\u1ed9i dung kh\u00e1c v\u1ec1 Nh\u1ea5t Thi\u1ec1n Ti\u1ec3u H\u00f2a Th\u01b0\u1ee3ng \u0111\u01b0\u1ee3c lan truy\u1ec1n r\u1ed9ng r\u00e3i tr\u00ean m\u1ea1ng x\u00e3 h\u1ed9i, t\u00edch c\u1ef1c s\u01b0\u1edfi \u1ea5m v\u00e0 ch\u1eefa l\u00e0nh cho h\u00e0ng tri\u1ec7u ng\u01b0\u1eddi m\u1ed7i ng\u00e0y ngo\u00e0i ra c\u00f2n mang l\u1ea1i c\u1ea3m h\u1ee9ng s\u1ed1ng t\u00edch c\u1ef1c v\u00e0 qu\u1ea3ng b\u00e1 n\u1ec1n v\u0103n h\u00f3a truy\u1ec1n th\u1ed1ng c\u1ee7a \u0111\u1ea5t n\u01b0\u1edbc Trung Hoa. Cu\u1ed1n s\u00e1ch \u201cB\u1ea1n lu\u00f4n n\u00f3i kh\u00f4ng sao, nh\u01b0ng t\u00f4i bi\u1ebft b\u1ea1n t\u1eebng kh\u00f3c th\u1ea7m r\u1ea5t nhi\u1ec1u l\u1ea7n\u201d c\u1ee7a Nh\u1ea5t Thi\u1ec1n \u0111\u00e3 \u0111\u01b0\u1ee3c xu\u1ea5t b\u1ea3n t\u1ea1i nhi\u1ec1u c\u00e1c qu\u1ed1c gia kh\u00e1c nhau v\u00e0 \u0111\u01b0\u1ee3c bi\u00ean d\u1ecbch sang nhi\u1ec1u lo\u1ea1i ng\u00f4n ng\u1eef nh\u01b0 Anh, H\u00e0n, T\u00e2y Ban Nha v\u00e0 \u0111\u01b0\u1ee3c \u0111\u00f4ng \u0111\u1ea3o c\u00e1c \u0111\u1ed9c gi\u1ea3 tr\u00ean to\u00e0n th\u1ebf gi\u1edbi \u0111\u00f3n nh\u1eadn, nay \u0111\u00e3 ch\u00ednh th\u1ee9c c\u00f3 m\u1eb7t t\u1ea1i Vi\u1ec7t Nam.<\/p>\n","protected":false},"featured_media":9892,"template":"","meta":{"_acf_changed":false},"product_brand":[],"product_cat":[15,46],"product_tag":[],"class_list":{"0":"post-9896","1":"product","2":"type-product","3":"status-publish","4":"has-post-thumbnail","6":"product_cat-sach-danh-cho-nguoi-lon","7":"product_cat-ky-nang-song","9":"first","10":"outofstock","11":"taxable","12":"shipping-taxable","13":"purchasable","14":"product-type-simple"},"supplier_id":null,"supplier_sku":"","barcode":null,"atum_controlled":true,"out_stock_date":"2023-04-15 16:53:22","out_stock_threshold":null,"inheritable":false,"inbound_stock":1,"stock_on_hold":0,"sold_today":0,"sales_last_days":0,"reserved_stock":0,"customer_returns":0,"warehouse_damage":0,"lost_in_post":0,"other_logs":0,"out_stock_days":1019,"lost_sales":0,"has_location":false,"update_date":"2026-01-28T23:10:45","atum_locations":[],"atum_stock_status":"outofstock","restock_status":false,"low_stock_amount":"","sales_update_date":"2026-01-28T23:10:45","calc_backorders":null,"acf":{"publisher":{"ID":1785,"post_author":"1","post_date":"2021-02-17 01:54:46","post_date_gmt":"2021-02-16 23:54:46","post_content":"<!-- wp:flatsome\/uxbuilder -->\n<h1 style=\"text-align: center;\"><strong>AZ VIETNAM<\/strong><\/h1>\n[row]\n\n[col span=\"8\" span__sm=\"12\"]\n\n<p>Th\u00e0nh l\u1eadp n\u0103m: 2015<br \/>V\u1ed1n \u0111\u1ea7u t\u01b0: 4,000,000,000 \u0111\u1ed3ng<br \/><strong>L\u0129nh v\u1ef1c:<\/strong><br \/>- Xu\u1ea5t b\u1ea3n v\u00e0 ph\u00e1t h\u00e0nh v\u0103n h\u00f3a ph\u1ea9m<br \/>- Cung c\u1ea5p v\u0103n h\u00f3a ph\u1ea9m, c\u00e1c s\u1ea3n ph\u1ea9m cho in \u1ea5n, trang thi\u1ebft b\u1ecb cho c\u00e1c th\u01b0 vi\u1ec7n v\u00e0 trung t\u00e2m s\u00e1ch tr\u00ean c\u1ea3 n\u01b0\u1edbc.<br \/>- Th\u1eddi trang v\u00e0 c\u00e1c s\u1ea3n ph\u1ea9m li\u00ean quan \u0111\u1ebfn l\u0129nh v\u1ef1c th\u1eddi trang<br \/>- Xu\u1ea5t nh\u1eadp kh\u1ea9u c\u00e1c s\u1ea3n ph\u1ea9m v\u0103n h\u00f3a<\/p>\n<p><strong>Quy m\u00f4:<\/strong> 60 nh\u00e2n vi\u00ean<br \/>Kh\u1edfi ngu\u1ed3n c\u1ee7a AZ Vi\u1ec7t Nam ng\u00e0y nay l\u00e0 C\u00f4ng ty TNHH Trung t\u00e2m S\u00e1ch v\u00e0 Thi\u1ebft b\u1ecb Th\u01b0 vi\u1ec7n, v\u1edbi ho\u1ea1t \u0111\u1ed9ng \u0111\u1ea7u ti\u00ean l\u00e0 cung c\u1ea5p s\u00e1ch, trang thi\u1ebft b\u1ecb, v\u0103n h\u00f3a ph\u1ea9m cho c\u00e1c th\u01b0 vi\u1ec7n v\u00e0 trung t\u00e2m s\u00e1ch tr\u00ean c\u1ea3 n\u01b0\u1edbc. T\u1eeb cu\u1ed1i n\u0103m 2010 \u0111\u1ebfn nay, ch\u00fang t\u00f4i \u0111\u00e3 kh\u00f4ng ng\u1eebng n\u1ed7 l\u1ef1c khai ph\u00e1 v\u00e0 ph\u00e1t tri\u1ec3n c\u00e1c d\u00f2ng s\u1ea3n ph\u1ea9m m\u1edbi v\u1edbi 8 th\u01b0\u01a1ng hi\u1ec7u uy t\u00edn. \u0110\u1ec3 \u0111\u00e1p \u1ee9ng nhu c\u1ea7u ph\u00e1t tri\u1ec3n ng\u00e0y m\u1ed9t l\u1edbn m\u1ea1nh v\u00e0 t\u1eadp h\u1ee3p c\u00e1c th\u01b0\u01a1ng hi\u1ec7u \u0111\u00e3 \u0111\u01b0\u1ee3c ch\u00fang t\u00f4i x\u00e2y d\u1ef1ng, 2015 C\u00f4ng ty TNHH AZ Vi\u1ec7t Nam \u0111\u00e3 ra \u0111\u1eddi v\u1edbi s\u1ee9 m\u1ec7nh mang \u0111\u1ebfn nhi\u1ec1u h\u01a1n n\u1eefa nh\u1eefng gi\u00e1 tr\u1ecb tinh th\u1ea7n, tri th\u1ee9c ti\u00ean ti\u1ebfn cho ng\u01b0\u1eddi ti\u00eau d\u00f9ng b\u1eb1ng vi\u1ec7c cung c\u1ea5p nh\u1eefng s\u1ea3n ph\u1ea9m c\u00f3 ch\u1ea5t l\u01b0\u1ee3ng.<\/p>\n\n[\/col]\n[col span=\"4\" span__sm=\"12\"]\n\n[ux_image id=\"1836\" image_size=\"medium\"]\n\n\n[\/col]\n\n[\/row]\n\n<!-- \/wp:flatsome\/uxbuilder -->","post_title":"AZ Vi\u1ec7t Nam","post_excerpt":"","post_status":"publish","comment_status":"closed","ping_status":"closed","post_password":"","post_name":"az-viet-nam","to_ping":"","pinged":"","post_modified":"2021-02-17 22:07:10","post_modified_gmt":"2021-02-17 20:07:10","post_content_filtered":"","post_parent":0,"guid":"https:\/\/sachviet.eu\/nha-phat-hanh\/az-viet-nam\/","menu_order":0,"post_type":"publisher","post_mime_type":"","comment_count":"0","filter":"raw"}},"_links":{"self":[{"href":"https:\/\/sachviet.eu\/en\/wp-json\/wp\/v2\/product\/9896","targetHints":{"allow":["GET"]}}],"collection":[{"href":"https:\/\/sachviet.eu\/en\/wp-json\/wp\/v2\/product"}],"about":[{"href":"https:\/\/sachviet.eu\/en\/wp-json\/wp\/v2\/types\/product"}],"wp:featuredmedia":[{"embeddable":true,"href":"https:\/\/sachviet.eu\/en\/wp-json\/wp\/v2\/media\/9892"}],"wp:attachment":[{"href":"https:\/\/sachviet.eu\/en\/wp-json\/wp\/v2\/media?parent=9896"}],"wp:term":[{"taxonomy":"product_brand","embeddable":true,"href":"https:\/\/sachviet.eu\/en\/wp-json\/wp\/v2\/product_brand?post=9896"},{"taxonomy":"product_cat","embeddable":true,"href":"https:\/\/sachviet.eu\/en\/wp-json\/wp\/v2\/product_cat?post=9896"},{"taxonomy":"product_tag","embeddable":true,"href":"https:\/\/sachviet.eu\/en\/wp-json\/wp\/v2\/product_tag?post=9896"}],"curies":[{"name":"wp","href":"https:\/\/api.w.org\/{rel}","templated":true}]}}