{"id":9891,"date":"2021-06-02T17:56:35","date_gmt":"2021-06-02T14:56:35","guid":{"rendered":"https:\/\/sachviet.eu\/shop\/sapiens-luoc-su-loai-nguoi-bang-tranh-tap-1-khoi-dau-cua-loai-nguoi\/"},"modified":"2023-01-25T23:11:29","modified_gmt":"2023-01-25T21:11:29","slug":"sapiens-luoc-su-loai-nguoi-bang-tranh-tap-1-khoi-dau-cua-loai-nguoi","status":"publish","type":"product","link":"https:\/\/sachviet.eu\/en\/shop\/sapiens-luoc-su-loai-nguoi-bang-tranh-tap-1-khoi-dau-cua-loai-nguoi\/","title":{"rendered":"Sapiens &#8211; L\u01b0\u1ee3c S\u1eed Lo\u00e0i Ng\u01b0\u1eddi B\u1eb1ng Tranh &#8211; T\u1eadp 1: Kh\u1edfi \u0110\u1ea7u C\u1ee7a Lo\u00e0i Ng\u01b0\u1eddi"},"content":{"rendered":"<p>B\u1ed9 truy\u1ec7n tranh n\u00e0y \u0111\u01b0\u1ee3c chuy\u1ec3n th\u1ec3 t\u1eeb cu\u1ed1n s\u00e1ch best-seller \u201cSapiens: L\u01b0\u1ee3c s\u1eed lo\u00e0i ng\u01b0\u1eddi\u201d c\u1ee7a t\u00e1c gi\u1ea3 n\u1ed5i ti\u1ebfng Yuval Harari.<\/p>\n<p>Harari \u0111\u00e3 h\u1ee3p t\u00e1c v\u1edbi c\u00e1c ngh\u1ec7 s\u0129 truy\u1ec7n tranh n\u1ed5i ti\u1ebfng David Vandermeulen (\u0111\u1ed3ng s\u00e1ng t\u00e1c) v\u00e0 Daniel Casanave (h\u1ecda s\u0129 minh h\u1ecda), \u0111\u1ec3 t\u1ea1o ra m\u1ed9t lo\u1ea1t t\u1eadp truy\u1ec7n \u0111\u1ed3 h\u1ecda nh\u1eb1m thu h\u00fat nh\u1eefng \u0111\u1ed9c gi\u1ea3 kh\u00f4ng th\u01b0\u1eddng xuy\u00ean c\u1ee7a m\u1ea3ng khoa h\u1ecdc v\u00e0 l\u1ecbch s\u1eed.<\/p>\n<p>T\u1eadp s\u00e1ch bao g\u1ed3m nhi\u1ec1u h\u00ecnh \u1ea3nh minh h\u1ecda \u0111\u1ea7y \u0111\u1ee7 m\u00e0u s\u1eafc v\u00e0 v\u0103n b\u1ea3n d\u1ec5 hi\u1ec3u s\u1ebd l\u00e0m n\u1ed9i dung c\u1ee7a t\u00e1c ph\u1ea9m tr\u1edf n\u00ean h\u1ea5p d\u1eabn h\u01a1n d\u00e0nh cho \u0111\u1ed9c gi\u1ea3 m\u1ecdi l\u1ee9a tu\u1ed5i. D\u1ef1 ki\u1ebfn s\u1ebd c\u00f3 4 t\u1eadp d\u1ef1a tr\u00ean 4 ph\u1ea7n ch\u00ednh c\u1ee7a t\u00e1c ph\u1ea9m g\u1ed1c, v\u00e0 t\u1eadp \u0111\u1ea7u ti\u00ean \u0111\u00e3 \u0111\u01b0\u1ee3c ph\u00e1t h\u00e0nh tr\u00ean th\u1ebf gi\u1edbi v\u00e0o cu\u1ed1i th\u00e1ng 10\/2020, t\u1eadp 2 d\u1ef1 ki\u1ebfn xu\u1ea5t b\u1ea3n v\u00e0o n\u0103m 2021<\/p>\n<p>\u0110\u00e2y l\u00e0 t\u1eadp 1 c\u1ee7a b\u1ed9 truy\u1ec7n t\u1eadp trung v\u00e0o s\u1ef1 h\u00ecnh th\u00e0nh n\u00ean lo\u00e0i ng\u01b0\u1eddi \u0111ang th\u1ed1ng tr\u1ecb Tr\u00e1i \u0111\u1ea5t hi\u1ec7n nay. C\u1ea5u tr\u00fac t\u1eadp 1 g\u1ed3m 4 ph\u1ea7n:<\/p>\n<p>_Nh\u1eefng k\u1ebb n\u1ed5i lo\u1ea1n tr\u00ean \u0111\u1ed3ng c\u1ecf: lo\u00e0i ng\u01b0\u1eddi ban \u0111\u1ea7u ch\u1ec9 l\u00e0 m\u1ed9t \u0111\u1ed9ng v\u1eadt b\u00ecnh th\u01b0\u1eddng nh\u01b0 bao lo\u00e0i kh\u00e1c, v\u00e0 \u0111\u00e3 t\u1ed3n t\u1ea1i nhi\u1ec1u lo\u00e0i ng\u01b0\u1eddi kh\u00e1c nhau trong qu\u00e1 tr\u00ecnh ti\u1ebfn h\u00f3a. B\u1ed9 n\u00e3o l\u1edbn l\u00e0 \u0111\u1eb7c \u0111i\u1ec3m kh\u00e1c bi\u1ec7t v\u1edbi c\u00e1c lo\u00e0i v\u1eadt kh\u00e1c, t\u1eeb \u0111\u00f3 khi\u1ebfn lo\u00e0i ng\u01b0\u1eddi c\u00f3 kh\u1ea3 n\u0103ng h\u1ecdc h\u1ecfi, s\u1ed1ng t\u1eadp trung theo nh\u00f3m c\u00f3 c\u1ea5u tr\u00fac ph\u1ee9c t\u1ea1p, v\u00e0 ch\u1ebf t\u1ea1o c\u00f4ng c\u1ee5 hay bi\u1ebft s\u1eed d\u1ee5ng l\u1eeda trong cu\u1ed9c s\u1ed1ng. C\u00e1c lo\u00e0i ng\u01b0\u1eddi c\u00f3 kh\u1ea3 n\u0103ng \u0111\u00e3 lai gi\u1ed1ng v\u1edbi nhau, tuy nhi\u00ean vi\u1ec7c t\u1ea1i sao ch\u1ec9 c\u00f2n lo\u00e0i ng\u01b0\u1eddi Sapiens t\u1ed3n t\u1ea1i trong khi c\u00e1c lo\u00e0i ng\u01b0\u1eddi kh\u00e1c b\u1ecb tuy\u1ec7t ch\u1ee7ng v\u1eabn c\u00f2n l\u00e0 c\u00e2u h\u1ecfi \u0111\u1ec3 ng\u1ecf.<\/p>\n<p>_Nh\u1eefng b\u1eadc th\u1ea7y h\u01b0 c\u1ea5u: 70.000 n\u0103m tr\u01b0\u1edbc, Sapiens \u0111\u00e3 c\u00f3 m\u1ed9t cu\u1ed9c C\u00e1ch m\u1ea1ng Nh\u1eadn th\u1ee9c. Lo\u00e0i ng\u01b0\u1eddi \u0111\u00e3 \u0111\u1ec3 l\u1ea1i nh\u1eefng c\u00f4ng tr\u00ecnh, th\u00e0nh qu\u1ea3 nh\u00e2n t\u1ea1o nh\u1edd v\u00e0o vi\u1ec7c h\u1ee3p t\u00e1c tr\u00ean quy m\u00f4 l\u1edbn, th\u00f4ng qua qu\u00e1 tr\u00ecnh giao ti\u1ebfp b\u1eb1ng ng\u00f4n ng\u1eef v\u00e0 trao \u0111\u1ed5i th\u00f4ng tin. D\u01b0\u1edbi ng\u01b0\u1ee1ng 150 c\u00e1 th\u1ec3, con ng\u01b0\u1eddi c\u00f3 th\u1ec3 duy tr\u00ec h\u1ee3p t\u00e1c d\u1ef1a tr\u00ean s\u1ef1 th\u00e2n quen, c\u00f2n tr\u00ean ng\u01b0\u1ee1ng \u0111\u00f3, con ng\u01b0\u1eddi \u0111\u00e3 s\u00e1ng t\u00e1c ra nh\u1eefng c\u00e2u chuy\u1ec7n, truy\u1ec1n thuy\u1ebft v\u00e0 tin t\u01b0\u1edfng v\u00e0o ch\u00fang. Nh\u1eefng th\u1ee9 nh\u01b0 c\u00f4ng ty, t\u00f4n gi\u00e1o, th\u1ea7n linh \u0111\u1ec1u l\u00e0 k\u1ebft qu\u1ea3 t\u1eeb tr\u00ed t\u01b0\u1edfng t\u01b0\u1ee3ng c\u1ee7a con ng\u01b0\u1eddi, ch\u00fang t\u1ea1o th\u00e0nh c\u00e1i g\u1ecdi l\u00e0 \u0111\u1eb7c \u0111i\u1ec3m v\u0103n h\u00f3a, gi\u00fap \u0111\u1ea9y nhanh qu\u00e1 tr\u00ecnh ti\u1ebfn h\u00f3a.<\/p>\n<p>_T\u00ecnh d\u1ee5c, n\u00f3i d\u1ed1i v\u00e0 tranh hang \u0111\u1ed9ng: k\u1ec3 v\u1ec1 cu\u1ed9c s\u1ed1ng c\u1ee7a con ng\u01b0\u1eddi sau C\u00e1ch m\u1ea1ng Nh\u1eadn th\u1ee9c v\u00e0 tr\u01b0\u1edbc C\u00e1ch m\u1ea1ng N\u00f4ng nghi\u1ec7p. C\u00e1c nh\u00f3m Sapiens r\u1ea5t kh\u00e1c nhau v\u1ec1 c\u1ea5u tr\u00fac x\u00e3 h\u1ed9i, gia \u0111\u00ecnh, ni\u1ec1m tin t\u00f4n gi\u00e1o. Tuy nhi\u00ean, n\u00f3i chung h\u1ecd s\u1ed1ng th\u00e0nh c\u00e1c nh\u00f3m nh\u1ecf, s\u1ed1ng x\u00ea d\u1ecbch, ph\u1ee5 thu\u1ed9c v\u00e0o nhi\u1ec1u ngu\u1ed3n th\u1ee9c \u0103n t\u1ef1 nhi\u00ean. H\u1ecd c\u00f3 ki\u1ebfn th\u1ee9c v\u00e0 k\u0129 n\u0103ng v\u01b0\u1ee3t tr\u1ed9i trong m\u00f4i tr\u01b0\u1eddng s\u1ed1ng c\u1ee7a h\u1ecd. Hi\u1ec7n c\u00f3 r\u1ea5t \u00edt b\u1eb1ng ch\u1ee9ng \u0111\u1ec3 c\u00f3 th\u1ec3 kh\u1eb3ng \u0111\u1ecbnh v\u1ec1 \u0111\u1eddi s\u1ed1ng v\u0103n h\u00f3a tinh th\u1ea7n c\u1ee7a ng\u01b0\u1eddi ti\u1ec1n s\u1eed.<\/p>\n<p>_Nh\u1eefng k\u1ebb s\u00e1t nh\u00e2n li\u00ean l\u1ee5c \u0111\u1ecba: trong qu\u00e1 tr\u00ecnh t\u1ecfa ra kh\u1eafp \u0111\u1ecba c\u1ea7u, con ng\u01b0\u1eddi \u0111\u00e3 g\u00e2y ra nhi\u1ec1u th\u1ea3m h\u1ecda sinh th\u00e1i, l\u00e0m nhi\u1ec1u lo\u00e0i \u0111\u1ed9ng v\u1eadt b\u1ea3n \u0111\u1ecba tuy\u1ec7t ch\u1ee7ng. T\u00e1c gi\u1ea3 \u0111\u00e3 n\u00eau ra m\u1ed9t phi\u00ean t\u00f2a gi\u1ea3 t\u01b0\u1edfng x\u00e9t x\u1eed lo\u00e0i Sapiens v\u00ec t\u1ed9i \u00e1c n\u00e0y, v\u00e0 t\u1ea5t c\u1ea3 con ng\u01b0\u1eddi \u0111\u1ec1u g\u00f3p ph\u1ea7n ch\u1ecbu tr\u00e1ch nhi\u1ec7m chung.<\/p>\n","protected":false},"excerpt":{"rendered":"<p>B\u1ed9 truy\u1ec7n tranh n\u00e0y \u0111\u01b0\u1ee3c chuy\u1ec3n th\u1ec3 t\u1eeb cu\u1ed1n s\u00e1ch best-seller \u201cSapiens: L\u01b0\u1ee3c s\u1eed lo\u00e0i ng\u01b0\u1eddi\u201d c\u1ee7a t\u00e1c gi\u1ea3 n\u1ed5i ti\u1ebfng Yuval Harari.<\/p>\n<p>Harari \u0111\u00e3 h\u1ee3p t\u00e1c v\u1edbi c\u00e1c ngh\u1ec7 s\u0129 truy\u1ec7n tranh n\u1ed5i ti\u1ebfng David Vandermeulen (\u0111\u1ed3ng s\u00e1ng t\u00e1c) v\u00e0 Daniel Casanave (h\u1ecda s\u0129 minh h\u1ecda), \u0111\u1ec3 t\u1ea1o ra m\u1ed9t lo\u1ea1t t\u1eadp truy\u1ec7n \u0111\u1ed3 h\u1ecda nh\u1eb1m thu h\u00fat nh\u1eefng \u0111\u1ed9c gi\u1ea3 kh\u00f4ng th\u01b0\u1eddng xuy\u00ean c\u1ee7a m\u1ea3ng khoa h\u1ecdc v\u00e0 l\u1ecbch s\u1eed.<\/p>\n<p>T\u1eadp s\u00e1ch bao g\u1ed3m nhi\u1ec1u h\u00ecnh \u1ea3nh minh h\u1ecda \u0111\u1ea7y \u0111\u1ee7 m\u00e0u s\u1eafc v\u00e0 v\u0103n b\u1ea3n d\u1ec5 hi\u1ec3u s\u1ebd l\u00e0m n\u1ed9i dung c\u1ee7a t\u00e1c ph\u1ea9m tr\u1edf n\u00ean h\u1ea5p d\u1eabn h\u01a1n d\u00e0nh cho \u0111\u1ed9c gi\u1ea3 m\u1ecdi l\u1ee9a tu\u1ed5i. D\u1ef1 ki\u1ebfn s\u1ebd c\u00f3 4 t\u1eadp d\u1ef1a tr\u00ean 4 ph\u1ea7n ch\u00ednh c\u1ee7a t\u00e1c ph\u1ea9m g\u1ed1c, v\u00e0 t\u1eadp \u0111\u1ea7u ti\u00ean \u0111\u00e3 \u0111\u01b0\u1ee3c ph\u00e1t h\u00e0nh tr\u00ean th\u1ebf gi\u1edbi v\u00e0o cu\u1ed1i th\u00e1ng 10\/2020, t\u1eadp 2 d\u1ef1 ki\u1ebfn xu\u1ea5t b\u1ea3n v\u00e0o n\u0103m 2021<\/p>\n<p>\u0110\u00e2y l\u00e0 t\u1eadp 1 c\u1ee7a b\u1ed9 truy\u1ec7n t\u1eadp trung v\u00e0o s\u1ef1 h\u00ecnh th\u00e0nh n\u00ean lo\u00e0i ng\u01b0\u1eddi \u0111ang th\u1ed1ng tr\u1ecb Tr\u00e1i \u0111\u1ea5t hi\u1ec7n nay. C\u1ea5u tr\u00fac t\u1eadp 1 g\u1ed3m 4 ph\u1ea7n:<\/p>\n<p>_Nh\u1eefng k\u1ebb n\u1ed5i lo\u1ea1n tr\u00ean \u0111\u1ed3ng c\u1ecf: lo\u00e0i ng\u01b0\u1eddi ban \u0111\u1ea7u ch\u1ec9 l\u00e0 m\u1ed9t \u0111\u1ed9ng v\u1eadt b\u00ecnh th\u01b0\u1eddng nh\u01b0 bao lo\u00e0i kh\u00e1c, v\u00e0 \u0111\u00e3 t\u1ed3n t\u1ea1i nhi\u1ec1u lo\u00e0i ng\u01b0\u1eddi kh\u00e1c nhau trong qu\u00e1 tr\u00ecnh ti\u1ebfn h\u00f3a. B\u1ed9 n\u00e3o l\u1edbn l\u00e0 \u0111\u1eb7c \u0111i\u1ec3m kh\u00e1c bi\u1ec7t v\u1edbi c\u00e1c lo\u00e0i v\u1eadt kh\u00e1c, t\u1eeb \u0111\u00f3 khi\u1ebfn lo\u00e0i ng\u01b0\u1eddi c\u00f3 kh\u1ea3 n\u0103ng h\u1ecdc h\u1ecfi, s\u1ed1ng t\u1eadp trung theo nh\u00f3m c\u00f3 c\u1ea5u tr\u00fac ph\u1ee9c t\u1ea1p, v\u00e0 ch\u1ebf t\u1ea1o c\u00f4ng c\u1ee5 hay bi\u1ebft s\u1eed d\u1ee5ng l\u1eeda trong cu\u1ed9c s\u1ed1ng. C\u00e1c lo\u00e0i ng\u01b0\u1eddi c\u00f3 kh\u1ea3 n\u0103ng \u0111\u00e3 lai gi\u1ed1ng v\u1edbi nhau, tuy nhi\u00ean vi\u1ec7c t\u1ea1i sao ch\u1ec9 c\u00f2n lo\u00e0i ng\u01b0\u1eddi Sapiens t\u1ed3n t\u1ea1i trong khi c\u00e1c lo\u00e0i ng\u01b0\u1eddi kh\u00e1c b\u1ecb tuy\u1ec7t ch\u1ee7ng v\u1eabn c\u00f2n l\u00e0 c\u00e2u h\u1ecfi \u0111\u1ec3 ng\u1ecf.<\/p>\n<p>_Nh\u1eefng b\u1eadc th\u1ea7y h\u01b0 c\u1ea5u: 70.000 n\u0103m tr\u01b0\u1edbc, Sapiens \u0111\u00e3 c\u00f3 m\u1ed9t cu\u1ed9c C\u00e1ch m\u1ea1ng Nh\u1eadn th\u1ee9c. Lo\u00e0i ng\u01b0\u1eddi \u0111\u00e3 \u0111\u1ec3 l\u1ea1i nh\u1eefng c\u00f4ng tr\u00ecnh, th\u00e0nh qu\u1ea3 nh\u00e2n t\u1ea1o nh\u1edd v\u00e0o vi\u1ec7c h\u1ee3p t\u00e1c tr\u00ean quy m\u00f4 l\u1edbn, th\u00f4ng qua qu\u00e1 tr\u00ecnh giao ti\u1ebfp b\u1eb1ng ng\u00f4n ng\u1eef v\u00e0 trao \u0111\u1ed5i th\u00f4ng tin. D\u01b0\u1edbi ng\u01b0\u1ee1ng 150 c\u00e1 th\u1ec3, con ng\u01b0\u1eddi c\u00f3 th\u1ec3 duy tr\u00ec h\u1ee3p t\u00e1c d\u1ef1a tr\u00ean s\u1ef1 th\u00e2n quen, c\u00f2n tr\u00ean ng\u01b0\u1ee1ng \u0111\u00f3, con ng\u01b0\u1eddi \u0111\u00e3 s\u00e1ng t\u00e1c ra nh\u1eefng c\u00e2u chuy\u1ec7n, truy\u1ec1n thuy\u1ebft v\u00e0 tin t\u01b0\u1edfng v\u00e0o ch\u00fang. Nh\u1eefng th\u1ee9 nh\u01b0 c\u00f4ng ty, t\u00f4n gi\u00e1o, th\u1ea7n linh \u0111\u1ec1u l\u00e0 k\u1ebft qu\u1ea3 t\u1eeb tr\u00ed t\u01b0\u1edfng t\u01b0\u1ee3ng c\u1ee7a con ng\u01b0\u1eddi, ch\u00fang t\u1ea1o th\u00e0nh c\u00e1i g\u1ecdi l\u00e0 \u0111\u1eb7c \u0111i\u1ec3m v\u0103n h\u00f3a, gi\u00fap \u0111\u1ea9y nhanh qu\u00e1 tr\u00ecnh ti\u1ebfn h\u00f3a.<\/p>\n<p>_T\u00ecnh d\u1ee5c, n\u00f3i d\u1ed1i v\u00e0 tranh hang \u0111\u1ed9ng: k\u1ec3 v\u1ec1 cu\u1ed9c s\u1ed1ng c\u1ee7a con ng\u01b0\u1eddi sau C\u00e1ch m\u1ea1ng Nh\u1eadn th\u1ee9c v\u00e0 tr\u01b0\u1edbc C\u00e1ch m\u1ea1ng N\u00f4ng nghi\u1ec7p. C\u00e1c nh\u00f3m Sapiens r\u1ea5t kh\u00e1c nhau v\u1ec1 c\u1ea5u tr\u00fac x\u00e3 h\u1ed9i, gia \u0111\u00ecnh, ni\u1ec1m tin t\u00f4n gi\u00e1o. Tuy nhi\u00ean, n\u00f3i chung h\u1ecd s\u1ed1ng th\u00e0nh c\u00e1c nh\u00f3m nh\u1ecf, s\u1ed1ng x\u00ea d\u1ecbch, ph\u1ee5 thu\u1ed9c v\u00e0o nhi\u1ec1u ngu\u1ed3n th\u1ee9c \u0103n t\u1ef1 nhi\u00ean. H\u1ecd c\u00f3 ki\u1ebfn th\u1ee9c v\u00e0 k\u0129 n\u0103ng v\u01b0\u1ee3t tr\u1ed9i trong m\u00f4i tr\u01b0\u1eddng s\u1ed1ng c\u1ee7a h\u1ecd. Hi\u1ec7n c\u00f3 r\u1ea5t \u00edt b\u1eb1ng ch\u1ee9ng \u0111\u1ec3 c\u00f3 th\u1ec3 kh\u1eb3ng \u0111\u1ecbnh v\u1ec1 \u0111\u1eddi s\u1ed1ng v\u0103n h\u00f3a tinh th\u1ea7n c\u1ee7a ng\u01b0\u1eddi ti\u1ec1n s\u1eed.<\/p>\n<p>_Nh\u1eefng k\u1ebb s\u00e1t nh\u00e2n li\u00ean l\u1ee5c \u0111\u1ecba: trong qu\u00e1 tr\u00ecnh t\u1ecfa ra kh\u1eafp \u0111\u1ecba c\u1ea7u, con ng\u01b0\u1eddi \u0111\u00e3 g\u00e2y ra nhi\u1ec1u th\u1ea3m h\u1ecda sinh th\u00e1i, l\u00e0m nhi\u1ec1u lo\u00e0i \u0111\u1ed9ng v\u1eadt b\u1ea3n \u0111\u1ecba tuy\u1ec7t ch\u1ee7ng. T\u00e1c gi\u1ea3 \u0111\u00e3 n\u00eau ra m\u1ed9t phi\u00ean t\u00f2a gi\u1ea3 t\u01b0\u1edfng x\u00e9t x\u1eed lo\u00e0i Sapiens v\u00ec t\u1ed9i \u00e1c n\u00e0y, v\u00e0 t\u1ea5t c\u1ea3 con ng\u01b0\u1eddi \u0111\u1ec1u g\u00f3p ph\u1ea7n ch\u1ecbu tr\u00e1ch nhi\u1ec7m chung.<\/p>\n","protected":false},"featured_media":9885,"template":"","meta":{"_acf_changed":false},"product_brand":[],"product_cat":[18],"product_tag":[85,81],"class_list":{"0":"post-9891","1":"product","2":"type-product","3":"status-publish","4":"has-post-thumbnail","6":"product_cat-kinh-te","7":"product_tag-special-editions","8":"product_tag-sach-gia-uu-dai","10":"first","11":"instock","12":"sale","13":"taxable","14":"shipping-taxable","15":"purchasable","16":"product-type-simple"},"supplier_id":null,"supplier_sku":"","barcode":null,"atum_controlled":true,"out_stock_date":null,"out_stock_threshold":null,"inheritable":false,"inbound_stock":0,"stock_on_hold":0,"sold_today":0,"sales_last_days":0,"reserved_stock":0,"customer_returns":0,"warehouse_damage":0,"lost_in_post":0,"other_logs":0,"out_stock_days":0,"lost_sales":0,"has_location":false,"update_date":"2026-01-28T23:10:45","atum_locations":[],"atum_stock_status":"instock","restock_status":false,"low_stock_amount":"","sales_update_date":"2026-01-28T23:10:45","calc_backorders":null,"acf":{"publisher":{"ID":2817,"post_author":"1","post_date":"2021-02-27 00:00:35","post_date_gmt":"2021-02-26 22:00:35","post_content":"","post_title":"Alpha Books","post_excerpt":"","post_status":"publish","comment_status":"closed","ping_status":"closed","post_password":"","post_name":"alpha-books","to_ping":"","pinged":"","post_modified":"2021-02-27 00:00:35","post_modified_gmt":"2021-02-26 22:00:35","post_content_filtered":"","post_parent":0,"guid":"https:\/\/sachviet.eu\/nha-phat-hanh\/alpha-books\/","menu_order":0,"post_type":"publisher","post_mime_type":"","comment_count":"0","filter":"raw"}},"_links":{"self":[{"href":"https:\/\/sachviet.eu\/en\/wp-json\/wp\/v2\/product\/9891","targetHints":{"allow":["GET"]}}],"collection":[{"href":"https:\/\/sachviet.eu\/en\/wp-json\/wp\/v2\/product"}],"about":[{"href":"https:\/\/sachviet.eu\/en\/wp-json\/wp\/v2\/types\/product"}],"wp:featuredmedia":[{"embeddable":true,"href":"https:\/\/sachviet.eu\/en\/wp-json\/wp\/v2\/media\/9885"}],"wp:attachment":[{"href":"https:\/\/sachviet.eu\/en\/wp-json\/wp\/v2\/media?parent=9891"}],"wp:term":[{"taxonomy":"product_brand","embeddable":true,"href":"https:\/\/sachviet.eu\/en\/wp-json\/wp\/v2\/product_brand?post=9891"},{"taxonomy":"product_cat","embeddable":true,"href":"https:\/\/sachviet.eu\/en\/wp-json\/wp\/v2\/product_cat?post=9891"},{"taxonomy":"product_tag","embeddable":true,"href":"https:\/\/sachviet.eu\/en\/wp-json\/wp\/v2\/product_tag?post=9891"}],"curies":[{"name":"wp","href":"https:\/\/api.w.org\/{rel}","templated":true}]}}