{"id":989,"date":"2021-02-14T00:24:51","date_gmt":"2021-02-13T22:24:51","guid":{"rendered":"https:\/\/sachviet.eu\/shop\/toi-khong-thich-on-ao\/"},"modified":"2022-12-08T12:20:49","modified_gmt":"2022-12-08T10:20:49","slug":"toi-khong-thich-on-ao","status":"publish","type":"product","link":"https:\/\/sachviet.eu\/en\/shop\/toi-khong-thich-on-ao\/","title":{"rendered":"T\u00f4i kh\u00f4ng th\u00edch \u1ed3n \u00e0o"},"content":{"rendered":"<p><strong>C\u1ea2M \u01a0N NH\u1eeeNG D\u1ecaU D\u00c0NG NH\u1ece B\u00c9<\/strong><\/p>\n<p>B\u1ea1n c\u00f3 nh\u1eadn ra kh\u00f4ng, r\u1eb1ng cu\u1ed9c s\u1ed1ng c\u1ee7a m\u00ecnh v\u1ed1n \u0111\u01b0\u1ee3c t\u1ea1o n\u00ean nh\u1edd l\u00f2ng t\u1ed1t c\u1ee7a nh\u1eefng ng\u01b0\u1eddi xung quanh. Nh\u1edd c\u00f3 h\u1ecd m\u00e0 m\u1ed7i ng\u00e0y c\u1ee7a m\u00ecnh tr\u1edf n\u00ean \u0111\u00e1ng y\u00eau v\u00e0 \u0111\u00e1ng s\u1ed1ng h\u01a1n.<\/p>\n<p>R\u1ea5t nhi\u1ec1u khi, m\u1ed9t c\u1eed ch\u1ec9 \u1ea5m l\u00f2ng d\u00f9 nh\u1ecf b\u00e9 c\u0169ng \u0111\u1ee7 \u0111\u1ec3 b\u1ea1n c\u00f3 th\u00eam ni\u1ec1m tin v\u00e0o cu\u1ed9c s\u1ed1ng.<\/p>\n<p>Nh\u01b0 l\u00e0 v\u00e0o m\u1ed9t ng\u00e0y m\u1ec7t m\u1ecfi, c\u00f3 ai \u0111\u00f3 \u0111\u01b0a b\u1ea1n v\u1ec1 khi tr\u1eddi \u0111\u00e3 t\u1ed1i, c\u00f3 ai \u0111\u00f3 nh\u01b0\u1eddng ch\u1ed7 cho b\u1ea1n tr\u00ean xe bus, c\u00f3 ai \u0111\u00f3 ch\u1ec9 \u0111\u01b0\u1eddng gi\u00fap b\u1ea1n, nh\u1eafc b\u1ea1n h\u00e3y g\u1ea1t ch\u00e2n ch\u1ed1ng l\u00ean k\u1ebbo ng\u00e3,&#8230;<\/p>\n<p>Nh\u01b0 l\u00e0 trong nh\u1eefng kho\u1ea3nh kh\u1eafc tuy\u1ec7t v\u1ecdng nh\u1ea5t, b\u1ea1n v\u1eabn nh\u1edb \u0111\u1ebfn m\u00ecnh c\u00f2n c\u00f3 ba m\u1eb9 \u1edf nh\u00e0, v\u00ec m\u1ed9t c\u00e2u n\u00f3i &#8220;ba m\u1eb9 s\u1ebd kh\u00f4ng bao gi\u1edd r\u1eddi b\u1ecf con&#8221; m\u00e0 l\u1ea1i c\u00f3 \u0111\u1ed9ng l\u1ef1c \u0111\u1ee9ng l\u00ean.<\/p>\n<p>L\u00f2ng bi\u1ebft \u01a1n v\u1edbi nh\u1eefng \u0111i\u1ec1u d\u1ecbu d\u00e0ng nh\u1ecf b\u00e9 \u1ea5y khi\u1ebfn b\u1ea1n tin r\u1eb1ng, \u0111\u1eb1ng sau t\u1ea5t c\u1ea3 m\u1ecdi s\u1ef1 s\u1eafc nh\u1ecdn x\u00f4 b\u1ed3 c\u1ee7a cu\u1ed9c s\u1ed1ng, v\u1eabn lu\u00f4n c\u00f3 nh\u1eefng b\u00ecnh y\u00ean xoa d\u1ecbu \u0111i t\u1ea5t c\u1ea3. \u0110i\u1ec1u \u0111\u00f3 gi\u00fap b\u1ea1n n\u1ea1p th\u00eam n\u0103ng l\u01b0\u1ee3ng t\u00edch c\u1ef1c \u0111\u1ec3 bao dung v\u1edbi nh\u1eefng th\u1ee9 v\u1ed1n ch\u1eb3ng h\u1ec1 d\u1ec5 ch\u1ecbu ngo\u00e0i kia.<\/p>\n<p>Th\u1ef1c h\u00e0nh l\u00f2ng bi\u1ebft \u01a1n l\u00e0 m\u1ed9t ph\u1ea7n kh\u00f4ng th\u1ec3 thi\u1ebfu \u0111\u1ec3 h\u1ea1nh ph\u00fac m\u1ed7i ng\u00e0y. B\u1ea1n c\u00f3 th\u1ec3 t\u00ecm th\u1ea5y nh\u1eefng &#8220;b\u00e0i t\u1eadp&#8221; d\u1ec5 th\u01b0\u01a1ng t\u1ea1i \u0111\u00e2y nh\u00e9:<\/p>\n<p>T\u00f4i kh\u00f4ng th\u00edch \u1ed3n \u00e0o &#8211; Cu\u1ed1n s\u00e1ch gi\u00fap b\u1ea1n tr\u1edf th\u00e0nh phi\u00ean b\u1ea3n an t\u0129nh h\u01a1n, gi\u00e1 tr\u1ecb h\u01a1n<\/p>\n  <div class=\"banner-grid-wrapper\">\n  <div id=\"banner-grid-1246061819\" class=\"banner-grid row row-grid row-small\" data-packery-options=\"\">\n                      \n<div class=\"col grid-col large-7 grid-col-1\" ><div class=\"col-inner\">\n\t<div class=\"img has-hover x md-x lg-x y md-y lg-y\" id=\"image_583142768\">\n\t\t\t\t\t\t\t\t<div class=\"img-inner dark\" >\n\t\t\t<img loading=\"lazy\" decoding=\"async\" width=\"1020\" height=\"765\" src=\"https:\/\/sachviet.eu\/wp-content\/uploads\/2021\/02\/72939962_2405962856183804_2123072179170967552_o-1024x768.jpg\" class=\"attachment-large size-large\" alt=\"\" srcset=\"https:\/\/sachviet.eu\/wp-content\/uploads\/2021\/02\/72939962_2405962856183804_2123072179170967552_o-1024x768.jpg 1024w, https:\/\/sachviet.eu\/wp-content\/uploads\/2021\/02\/72939962_2405962856183804_2123072179170967552_o-300x225.jpg 300w, https:\/\/sachviet.eu\/wp-content\/uploads\/2021\/02\/72939962_2405962856183804_2123072179170967552_o-768x576.jpg 768w, https:\/\/sachviet.eu\/wp-content\/uploads\/2021\/02\/72939962_2405962856183804_2123072179170967552_o-600x450.jpg 600w, https:\/\/sachviet.eu\/wp-content\/uploads\/2021\/02\/72939962_2405962856183804_2123072179170967552_o.jpg 1200w\" sizes=\"auto, (max-width: 1020px) 100vw, 1020px\" \/>\t\t\t\t\t\t\n\t\t\t\t\t<\/div>\n\t\t\t\t\t\t\t\t\n<style>\n#image_583142768 {\n  width: 100%;\n}\n<\/style>\n\t<\/div>\n\t\n<\/div><\/div>\n<div class=\"col grid-col large-5 grid-col-1\" ><div class=\"col-inner\">\n\t<div class=\"img has-hover x md-x lg-x y md-y lg-y\" id=\"image_495088416\">\n\t\t\t\t\t\t\t\t<div class=\"img-inner dark\" >\n\t\t\t<img loading=\"lazy\" decoding=\"async\" width=\"900\" height=\"900\" src=\"https:\/\/sachviet.eu\/wp-content\/uploads\/2021\/02\/75050029_2382716955175061_5885260069276221440_n.jpg\" class=\"attachment-large size-large\" alt=\"\" srcset=\"https:\/\/sachviet.eu\/wp-content\/uploads\/2021\/02\/75050029_2382716955175061_5885260069276221440_n.jpg 900w, https:\/\/sachviet.eu\/wp-content\/uploads\/2021\/02\/75050029_2382716955175061_5885260069276221440_n-300x300.jpg 300w, https:\/\/sachviet.eu\/wp-content\/uploads\/2021\/02\/75050029_2382716955175061_5885260069276221440_n-150x150.jpg 150w, https:\/\/sachviet.eu\/wp-content\/uploads\/2021\/02\/75050029_2382716955175061_5885260069276221440_n-768x768.jpg 768w, https:\/\/sachviet.eu\/wp-content\/uploads\/2021\/02\/75050029_2382716955175061_5885260069276221440_n-600x600.jpg 600w, https:\/\/sachviet.eu\/wp-content\/uploads\/2021\/02\/75050029_2382716955175061_5885260069276221440_n-100x100.jpg 100w\" sizes=\"auto, (max-width: 900px) 100vw, 900px\" \/>\t\t\t\t\t\t\n\t\t\t\t\t<\/div>\n\t\t\t\t\t\t\t\t\n<style>\n#image_495088416 {\n  width: 100%;\n}\n<\/style>\n\t<\/div>\n\t\n<\/div><\/div>\n            <\/div>\n    <style>\n    #banner-grid-1246061819 .grid-col-1{height: 600px}\n    #banner-grid-1246061819 .grid-col-1-2{height: 300px}\n    #banner-grid-1246061819 .grid-col-1-3{height:200px}\n    #banner-grid-1246061819 .grid-col-2-3{height: 400px}\n    #banner-grid-1246061819 .grid-col-1-4{height: 150px}\n    #banner-grid-1246061819 .grid-col-3-4{height: 450px}\n\n\n    \n    \n\n  <\/style>\n    <\/div>\n  \n","protected":false},"excerpt":{"rendered":"<p><strong>NH\u1eeeNG TH\u1ee8 GI\u00c1 TR\u1eca TH\u00cc KH\u00d4NG \u1ed2N \u00c0O<\/strong><\/p>\n<p>\u0110\u1ea1i b\u00e0ng m\u1ed9t m\u00ecnh bay l\u01b0\u1ee3n tr\u00ean nh\u1eefng t\u1ea7ng m\u00e2y, l\u0169 g\u00e0 th\u00ec k\u00eau quang qu\u00e1c d\u01b0\u1edbi m\u1eb7t \u0111\u1ea5t.<br \/>\nNh\u1eefng t\u1edd ti\u1ec1n gi\u1ea5y nh\u1eb9 b\u1eabng nh\u01b0ng mua \u0111\u01b0\u1ee3c nhi\u1ec1u th\u1ee9 h\u01a1n \u0111\u1ed1ng ti\u1ec1n xu leng keng.<br \/>\nNh\u1eefng ng\u01b0\u1eddi gi\u1ea3n d\u1ecb v\u00e0 khi\u00eam t\u1ed1n t\u1ea1o ra nhi\u1ec1u gi\u00e1 tr\u1ecb x\u00e3 h\u1ed9i h\u01a1n nh\u1eefng k\u1ebb ba hoa.<br \/>\n\u1ed2n \u00e0o l\u00e0 \u00e2m thanh c\u1ee7a cu\u1ed9c s\u1ed1ng hi\u1ec7n \u0111\u1ea1i t\u00f4n s\u00f9ng v\u1eadt ch\u1ea5t v\u00e0 h\u01b0 danh. S\u1ed1ng gi\u1eefa \u1ed3n \u00e0o, con ng\u01b0\u1eddi kh\u00f3 m\u00e0 t\u0129nh l\u1eb7ng. Khi t\u00e2m tr\u00ed xao \u0111\u1ed9ng, h\u1ed7n lo\u1ea1n, con ng\u01b0\u1eddi s\u1ebd d\u1ec5 d\u00e0ng n\u1ed5i n\u00f3ng, \u0111\u01b0a ra nh\u1eefng quy\u1ebft \u0111\u1ecbnh sai l\u1ea7m, d\u1ec5 sinh b\u1ec7nh t\u1eadt, t\u1ef1 t\u1ed5n th\u01b0\u01a1ng ch\u00ednh m\u00ecnh.<br \/>\nV\u1eady th\u00ec, h\u00e3y t\u1ef1 cho b\u1ea3n th\u00e2n nh\u1eefng gi\u00e2y ph\u00fat l\u1eb7ng y\u00ean \u0111\u1ec3:<br \/>\nH\u00edt s\u00e2u v\u00e0 th\u1edf ch\u1eadm &#8211; \u0111\u1ec3 c\u1ea3m nh\u1eadn s\u1ef1 hi\u1ec7n di\u1ec7n c\u1ee7a th\u1ef1c t\u1ea1i, \u0111\u1ec3 kh\u00f4ng l\u1ea1c l\u1ed1i v\u00ec m\u1ea3i ch\u1ea1y theo nh\u1eefng \u0111i\u1ec1u ph\u00f9 phi\u1ebfm.<\/p>\n<p>\u0110\u1ecdc th\u1eadt ch\u1eadm v\u00e0 chi\u00eam nghi\u1ec7m nh\u1eefng c\u00e2u ch\u1eef \u0111\u1eb9p \u0111\u1ebd &#8211; \u0111\u1ec3 c\u00f3 t\u01b0 duy s\u00e2u s\u1eafc v\u00e0 s\u1ef1 \u0111\u1ed3ng c\u1ea3m \u0111\u00e1ng qu\u00fd h\u01a1n khi ch\u1ec9 \u0111\u1ecdc qua loa v\u00e0i d\u00f2ng status tr\u00ean m\u1ea1ng.<br \/>\n\u00d4m l\u1ea5y c\u01a1 th\u1ec3 v\u00e0 l\u1eafng nghe tr\u00e1i tim m\u00ecnh &#8211; \u0111\u1ec3 th\u1ea5u hi\u1ec3u v\u00e0 y\u00eau th\u01b0\u01a1ng b\u1ea3n th\u00e2n nhi\u1ec1u h\u01a1n, \u0111\u1ec3 kh\u00f4ng b\u1ecf m\u1eb7c ch\u00ednh m\u00ecnh v\u00ec kh\u00f4ng bi\u1ebft \u201ct\u00f4i l\u00e0 ai\u201d.<\/p>\n<p>B\u1edfi v\u00ec:<br \/>\nY\u00ean l\u1eb7ng l\u00e0 c\u00e1ch \u0111\u1ec3 ch\u00fang ta \u0111i v\u00e0o nh\u1eefng \u0111i\u1ec1u s\u00e2u th\u1eb3m.<br \/>\nT\u1ed1i gi\u1ea3n l\u00e0 c\u00e1ch \u0111\u1ec3 ch\u00fang ta s\u1ed1ng tr\u1ecdn v\u1eb9n nh\u1ea5t.<\/p>\n<p>T\u1eeb h\u00f4m nay, v\u1eabn v\u1edbi 24 gi\u1edd \u0111\u00f3, h\u00e3y d\u00e0nh th\u1eddi gian qu\u00fd gi\u00e1 luy\u1ec7n t\u1eadp c\u00e2u th\u1ea7n ch\u00fa \u201cT\u00f4i kh\u00f4ng th\u00edch \u1ed3n \u00e0o\u201d &#8211; \u0111\u1ec3 tr\u1edf th\u00e0nh m\u1ed9t phi\u00ean b\u1ea3n an t\u0129nh h\u01a1n, gi\u00e1 tr\u1ecb h\u01a1n.<\/p>\n","protected":false},"featured_media":977,"template":"","meta":{"_acf_changed":false},"product_brand":[],"product_cat":[15,47],"product_tag":[],"class_list":{"0":"post-989","1":"product","2":"type-product","3":"status-publish","4":"has-post-thumbnail","6":"product_cat-sach-danh-cho-nguoi-lon","7":"product_cat-truyen-ngan-tan-van","9":"first","10":"outofstock","11":"taxable","12":"shipping-taxable","13":"purchasable","14":"product-type-simple"},"supplier_id":null,"supplier_sku":"","barcode":null,"atum_controlled":true,"out_stock_date":"2022-12-08 10:20:49","out_stock_threshold":null,"inheritable":false,"inbound_stock":0,"stock_on_hold":0,"sold_today":0,"sales_last_days":0,"reserved_stock":0,"customer_returns":0,"warehouse_damage":0,"lost_in_post":0,"other_logs":0,"out_stock_days":1147,"lost_sales":0,"has_location":false,"update_date":"2026-01-28T23:10:29","atum_locations":[],"atum_stock_status":"outofstock","restock_status":false,"low_stock_amount":"","sales_update_date":"2026-01-28T23:10:29","calc_backorders":null,"acf":{"publisher":{"ID":1460,"post_author":"1","post_date":"2021-02-17 01:12:24","post_date_gmt":"2021-02-16 23:12:24","post_content":"<!-- wp:flatsome\/uxbuilder -->\n<h1 style=\"text-align: center;\"><strong>Skybooks<\/strong><\/h1>\n[row]\n\n[col span=\"7\" span__sm=\"12\"]\n\n<p>C\u00f4ng ty ph\u00e1t h\u00e0nh s\u00e1ch Skybooks. \"T\u00f4i tr\u1ebb, t\u00f4i \u0111am m\u00ea\" v\u1edbi s\u1ee9 m\u1ec7nh lan to\u1ea3 c\u1ea3m x\u00fac v\u00e0 k\u1ebft n\u1ed1i t\u00e2m h\u1ed3n<\/p>\n<p><strong>Skybooks l\u00e0 c\u00e2u chuy\u1ec7n k\u1ec3 v\u1ec1:<\/strong><br \/>M\u1ed9t th\u1ebf h\u1ec7 ng\u01b0\u1eddi vi\u1ebft tr\u1ebb, \u0111am m\u00ea v\u0103n ch\u01b0\u01a1ng v\u00e0 t\u00f4n tr\u1ecdng, g\u00ecn gi\u1eef, s\u00e1ng t\u1ea1o Ti\u1ebfng Vi\u1ec7t. M\u1ed9t th\u1ebf h\u1ec7 \u0111\u1ed9c gi\u1ea3 tr\u1ebb, \u0111am m\u00ea kh\u00e1m ph\u00e1 ng\u00f4n ng\u1eef v\u00e0 say m\u00ea \u0111\u1ebfn v\u1edbi th\u1ebf gi\u1edbi c\u1ee7a nh\u1eefng quy\u1ec3n s\u00e1ch. M\u1ed9t th\u1ebf h\u1ec7 ng\u01b0\u1eddi l\u00e0m s\u00e1ch tr\u1ebb, \u0111am m\u00ea mang nh\u1eefng gi\u00e1 tr\u1ecb tinh th\u1ea7n l\u1ea1i g\u1ea7n ng\u01b0\u1eddi \u0111\u1ecdc.<br \/>Trong b\u1ed9 nh\u1eadn d\u1ea1ng th\u01b0\u01a1ng hi\u1ec7u:<br \/>Skybooks v\u1edbi ch\u1eef Sky m\u00e0u xanh da tr\u1eddi c\u00f3 \u00fd ngh\u0129a l\u00e0 c\u00f4ng ty B\u1ea7u Tr\u1eddi - n\u01a1i t\u1ea5t c\u1ea3 \u01b0\u1edbc m\u01a1 \u0111\u01b0\u1ee3c t\u1ef1 do tung c\u00e1nh.<br \/>V\u1edbi logo h\u00ecnh hoa b\u1ed3 c\u00f4ng anh \u0111ang bay t\u01b0\u1ee3ng tr\u01b0ng cho s\u1ef1 lan to\u1ea3 c\u1ea3m x\u00fac v\u00e0 kh\u00e1t v\u1ecdng bay cao.<br \/>K\u1ebb v\u1ea1ch logo c\u00f3 n\u1ec1n m\u00e0u ghi x\u00e1m xu\u1ea5t hi\u1ec7n tr\u00ean b\u00eca m\u1ecdi \u1ea5n ph\u1ea9m th\u1ec3 hi\u1ec7n con \u0111\u01b0\u1eddng b\u01b0\u1edbc v\u00e0o th\u1ecb tr\u01b0\u1eddng s\u00e1ch v\u00e0 chinh ph\u1ee5c \u0111\u1ed9c gi\u1ea3 l\u00e0 m\u1ed9t h\u00e0nh tr\u00ecnh d\u00e0i, \u0111\u1ea7y gian kh\u00f3, c\u00f3 nhi\u1ec1u b\u00e3o t\u1ed1, nh\u01b0ng ch\u1ec9 c\u1ea7n n\u1ed7 l\u1ef1c c\u1ed1 g\u1eafng nh\u1ea5t \u0111\u1ecbnh s\u1ebd ngo\u1ea1n m\u1ee5c v\u01b0\u1ee3t qua. \u0110\u1ec3 kh\u1eb3ng \u0111\u1ecbnh v\u00e0 ch\u1ee9ng minh ch\u00ednh m\u00ecnh!<\/p>\n\n[\/col]\n[col span=\"5\" span__sm=\"12\"]\n\n[ux_image id=\"1825\" image_size=\"medium\"]\n\n\n[\/col]\n\n[\/row]\n\n<!-- \/wp:flatsome\/uxbuilder -->","post_title":"Skybooks","post_excerpt":"","post_status":"publish","comment_status":"closed","ping_status":"closed","post_password":"","post_name":"skybooks","to_ping":"","pinged":"","post_modified":"2021-02-17 01:57:31","post_modified_gmt":"2021-02-16 23:57:31","post_content_filtered":"","post_parent":0,"guid":"https:\/\/sachviet.eu\/nha-phat-hanh\/skybooks\/","menu_order":0,"post_type":"publisher","post_mime_type":"","comment_count":"0","filter":"raw"}},"_links":{"self":[{"href":"https:\/\/sachviet.eu\/en\/wp-json\/wp\/v2\/product\/989","targetHints":{"allow":["GET"]}}],"collection":[{"href":"https:\/\/sachviet.eu\/en\/wp-json\/wp\/v2\/product"}],"about":[{"href":"https:\/\/sachviet.eu\/en\/wp-json\/wp\/v2\/types\/product"}],"wp:featuredmedia":[{"embeddable":true,"href":"https:\/\/sachviet.eu\/en\/wp-json\/wp\/v2\/media\/977"}],"wp:attachment":[{"href":"https:\/\/sachviet.eu\/en\/wp-json\/wp\/v2\/media?parent=989"}],"wp:term":[{"taxonomy":"product_brand","embeddable":true,"href":"https:\/\/sachviet.eu\/en\/wp-json\/wp\/v2\/product_brand?post=989"},{"taxonomy":"product_cat","embeddable":true,"href":"https:\/\/sachviet.eu\/en\/wp-json\/wp\/v2\/product_cat?post=989"},{"taxonomy":"product_tag","embeddable":true,"href":"https:\/\/sachviet.eu\/en\/wp-json\/wp\/v2\/product_tag?post=989"}],"curies":[{"name":"wp","href":"https:\/\/api.w.org\/{rel}","templated":true}]}}