{"id":9884,"date":"2021-06-02T17:56:08","date_gmt":"2021-06-02T14:56:08","guid":{"rendered":"https:\/\/sachviet.eu\/shop\/thien-tai-ben-trai-ke-dien-ben-phai\/"},"modified":"2021-08-16T13:43:21","modified_gmt":"2021-08-16T10:43:21","slug":"thien-tai-ben-trai-ke-dien-ben-phai","status":"publish","type":"product","link":"https:\/\/sachviet.eu\/en\/shop\/thien-tai-ben-trai-ke-dien-ben-phai\/","title":{"rendered":"Thi\u00ean T\u00e0i B\u00ean Tr\u00e1i, K\u1ebb \u0110i\u00ean B\u00ean Ph\u1ea3i"},"content":{"rendered":"<p>N\u1ebeU M\u1ed8T NG\u00c0Y ANH TH\u1ea4Y T\u00d4I \u0110I\u00caN, TH\u1ef0C RA CH\u00cdNH L\u00c0 ANH \u0110I\u00caN \u0110\u1ea4Y!<\/p>\n<p>H\u1ee1i nh\u1eefng con ng\u01b0\u1eddi \u0111ang o\u1eb1n m\u00ecnh trong cu\u1ed9c s\u1ed1ng, b\u1ea1n bi\u1ebft g\u00ec v\u1ec1 th\u1ebf gi\u1edbi c\u1ee7a m\u00ecnh? L\u00e0 v\u00f4 v\u00e0n th\u1ee9 l\u00fd thuy\u1ebft \u0111\u01b0\u1ee3c c\u00e1c b\u1eadc v\u0129 nh\u00e2n ki\u1ec3m ch\u1ee9ng, l\u00e0 lu\u1eadt l\u1ec7, l\u00e0 c\u1ea3 ngh\u00ecn th\u1ee9 s\u1ef1 th\u1eadt b\u1ecdc trong c\u00e1i l\u1ed1t hi\u1ec3n nhi\u00ean, hay nh\u1eefng tri\u1ebft l\u00fd c\u1ee9ng nh\u1eafc c\u1ee7a cu\u1ed9c \u0111\u1eddi?<\/p>\n<p>L\u1ea1i \u0111\u00e2y, v\u01b0\u1ee3t qua th\u1ee9 nh\u1eadn th\u1ee9c t\u1ebb nh\u1ea1t b\u1ecb \u0111\u00f3ng k\u00edn b\u1eb1ng con m\u1eaft tr\u1ea7n gian, khai m\u1edf to\u00e0n b\u1ed9 suy ngh\u0129, \u0111\u1ec3 d\u00f2ng m\u00e1u trong b\u1ea1n s\u1ee5c s\u00f4i tr\u01b0\u1edbc nh\u1eefng \u0111i\u1ec1u k\u1ef3 v\u0129, ph\u00e1 v\u1ee1 m\u1ecdi quy t\u1eafc. Th\u1ebf gi\u1edbi s\u1ebd g\u1ecdi b\u1ea1n l\u00e0 k\u1ebb \u0111i\u00ean, nh\u01b0ng v\u1eady th\u00ec c\u00f3 sao? Ranh gi\u1edbi duy nh\u1ea5t gi\u1eefa k\u1ebb \u0111i\u00ean v\u00e0 thi\u00ean t\u00e0i ch\u1eb3ng qua l\u00e0 m\u1ed9t s\u1ee3i ch\u1ec9 m\u1ecfng manh: Thi\u00ean t\u00e0i ch\u1ee9ng minh \u0111\u01b0\u1ee3c th\u1ebf gi\u1edbi c\u1ee7a m\u00ecnh, c\u00f2n k\u1ebb \u0111i\u00ean ch\u01b0a k\u1ecbp l\u00e0m \u0111i\u1ec1u \u0111\u00f3. Ch\u1ecdn tr\u1edf th\u00e0nh m\u1ed9t k\u1ebb \u0111i\u00ean \u0111\u1ec3 v\u1eaby v\u00f9ng gi\u1eefa nh\u00e2n gian lo\u1ea1n th\u1ebf hay kh\u00f3a h\u1ebft ch\u00fang l\u1ea1i, s\u1ed1ng m\u00e3i m\u1ed9t cu\u1ed9c \u0111\u1eddi b\u00ecnh th\u01b0\u1eddng khi\u1ebfn b\u1ea1n c\u1ea3m th\u1ea5y h\u1ea1nh ph\u00fac h\u01a1n?<\/p>\n<p>Thi\u00ean t\u00e0i b\u00ean tr\u00e1i, k\u1ebb \u0111i\u00ean b\u00ean ph\u1ea3i l\u00e0 cu\u1ed1n s\u00e1ch d\u00e0nh cho nh\u1eefng ng\u01b0\u1eddi \u0111i\u00ean r\u1ed3, nh\u1eefng k\u1ebb g\u00e2y r\u1ed1i, nh\u1eefng ng\u01b0\u1eddi ch\u1ed1ng \u0111\u1ed1i, nh\u1eefng m\u1ea3nh gh\u00e9p h\u00ecnh tr\u00f2n trong nh\u1eefng \u00f4 vu\u00f4ng kh\u00f4ng v\u1eeba v\u1eb7n\u2026 nh\u1eefng ng\u01b0\u1eddi nh\u00ecn m\u1ecdi th\u1ee9 kh\u00e1c bi\u1ec7t, kh\u00f4ng quan t\u00e2m \u0111\u1ebfn quy t\u1eafc. B\u1ea1n c\u00f3 th\u1ec3 \u0111\u1ed3ng \u00fd, c\u00f3 th\u1ec3 ph\u1ea3n \u0111\u1ed1i, c\u00f3 th\u1ec3 vinh danh hay l\u0103ng m\u1ea1 h\u1ecd, nh\u01b0ng \u0111i\u1ec1u duy nh\u1ea5t b\u1ea1n kh\u00f4ng th\u1ec3 l\u00e0m l\u00e0 ph\u1ee7 nh\u1eadn s\u1ef1 t\u1ed3n t\u1ea1i c\u1ee7a h\u1ecd. \u0110\u00f3 l\u00e0 nh\u1eefng ng\u01b0\u1eddi lu\u00f4n t\u1ea1o ra s\u1ef1 thay \u0111\u1ed5i trong khi h\u1ea7u h\u1ebft con ng\u01b0\u1eddi ch\u1ec9 s\u1ed1ng r\u1eadp khu\u00f4n nh\u01b0 m\u1ed9t c\u00e1i m\u00e1y. \u0110a s\u1ed1 \u0111\u1ec1u ngh\u0129 h\u1ecd th\u1eadt \u0111i\u00ean r\u1ed3 nh\u01b0ng n\u1ebfu nh\u00ecn \u1edf g\u00f3c kh\u00e1c, ta l\u1ea1i th\u1ea5y h\u1ecd thi\u00ean t\u00e0i. B\u1edfi ch\u1ec9 nh\u1eefng ng\u01b0\u1eddi \u0111\u1ee7 \u0111i\u00ean ngh\u0129 r\u1eb1ng h\u1ecd c\u00f3 th\u1ec3 thay \u0111\u1ed5i th\u1ebf gi\u1edbi m\u1edbi l\u00e0 nh\u1eefng ng\u01b0\u1eddi l\u00e0m \u0111\u01b0\u1ee3c \u0111i\u1ec1u \u0111\u00f3. <\/p>\n<p>Ch\u00e0o m\u1eebng \u0111\u1ebfn v\u1edbi th\u1ebf gi\u1edbi c\u1ee7a nh\u1eefng k\u1ebb \u0111i\u00ean.<\/p>\n","protected":false},"excerpt":{"rendered":"<p>N\u1ebeU M\u1ed8T NG\u00c0Y ANH TH\u1ea4Y T\u00d4I \u0110I\u00caN, TH\u1ef0C RA CH\u00cdNH L\u00c0 ANH \u0110I\u00caN \u0110\u1ea4Y!<\/p>\n<p>H\u1ee1i nh\u1eefng con ng\u01b0\u1eddi \u0111ang o\u1eb1n m\u00ecnh trong cu\u1ed9c s\u1ed1ng, b\u1ea1n bi\u1ebft g\u00ec v\u1ec1 th\u1ebf gi\u1edbi c\u1ee7a m\u00ecnh? L\u00e0 v\u00f4 v\u00e0n th\u1ee9 l\u00fd thuy\u1ebft \u0111\u01b0\u1ee3c c\u00e1c b\u1eadc v\u0129 nh\u00e2n ki\u1ec3m ch\u1ee9ng, l\u00e0 lu\u1eadt l\u1ec7, l\u00e0 c\u1ea3 ngh\u00ecn th\u1ee9 s\u1ef1 th\u1eadt b\u1ecdc trong c\u00e1i l\u1ed1t hi\u1ec3n nhi\u00ean, hay nh\u1eefng tri\u1ebft l\u00fd c\u1ee9ng nh\u1eafc c\u1ee7a cu\u1ed9c \u0111\u1eddi?<\/p>\n<p>L\u1ea1i \u0111\u00e2y, v\u01b0\u1ee3t qua th\u1ee9 nh\u1eadn th\u1ee9c t\u1ebb nh\u1ea1t b\u1ecb \u0111\u00f3ng k\u00edn b\u1eb1ng con m\u1eaft tr\u1ea7n gian, khai m\u1edf to\u00e0n b\u1ed9 suy ngh\u0129, \u0111\u1ec3 d\u00f2ng m\u00e1u trong b\u1ea1n s\u1ee5c s\u00f4i tr\u01b0\u1edbc nh\u1eefng \u0111i\u1ec1u k\u1ef3 v\u0129, ph\u00e1 v\u1ee1 m\u1ecdi quy t\u1eafc. Th\u1ebf gi\u1edbi s\u1ebd g\u1ecdi b\u1ea1n l\u00e0 k\u1ebb \u0111i\u00ean, nh\u01b0ng v\u1eady th\u00ec c\u00f3 sao? Ranh gi\u1edbi duy nh\u1ea5t gi\u1eefa k\u1ebb \u0111i\u00ean v\u00e0 thi\u00ean t\u00e0i ch\u1eb3ng qua l\u00e0 m\u1ed9t s\u1ee3i ch\u1ec9 m\u1ecfng manh: Thi\u00ean t\u00e0i ch\u1ee9ng minh \u0111\u01b0\u1ee3c th\u1ebf gi\u1edbi c\u1ee7a m\u00ecnh, c\u00f2n k\u1ebb \u0111i\u00ean ch\u01b0a k\u1ecbp l\u00e0m \u0111i\u1ec1u \u0111\u00f3. Ch\u1ecdn tr\u1edf th\u00e0nh m\u1ed9t k\u1ebb \u0111i\u00ean \u0111\u1ec3 v\u1eaby v\u00f9ng gi\u1eefa nh\u00e2n gian lo\u1ea1n th\u1ebf hay kh\u00f3a h\u1ebft ch\u00fang l\u1ea1i, s\u1ed1ng m\u00e3i m\u1ed9t cu\u1ed9c \u0111\u1eddi b\u00ecnh th\u01b0\u1eddng khi\u1ebfn b\u1ea1n c\u1ea3m th\u1ea5y h\u1ea1nh ph\u00fac h\u01a1n?<\/p>\n<p>Thi\u00ean t\u00e0i b\u00ean tr\u00e1i, k\u1ebb \u0111i\u00ean b\u00ean ph\u1ea3i l\u00e0 cu\u1ed1n s\u00e1ch d\u00e0nh cho nh\u1eefng ng\u01b0\u1eddi \u0111i\u00ean r\u1ed3, nh\u1eefng k\u1ebb g\u00e2y r\u1ed1i, nh\u1eefng ng\u01b0\u1eddi ch\u1ed1ng \u0111\u1ed1i, nh\u1eefng m\u1ea3nh gh\u00e9p h\u00ecnh tr\u00f2n trong nh\u1eefng \u00f4 vu\u00f4ng kh\u00f4ng v\u1eeba v\u1eb7n\u2026 nh\u1eefng ng\u01b0\u1eddi nh\u00ecn m\u1ecdi th\u1ee9 kh\u00e1c bi\u1ec7t, kh\u00f4ng quan t\u00e2m \u0111\u1ebfn quy t\u1eafc. B\u1ea1n c\u00f3 th\u1ec3 \u0111\u1ed3ng \u00fd, c\u00f3 th\u1ec3 ph\u1ea3n \u0111\u1ed1i, c\u00f3 th\u1ec3 vinh danh hay l\u0103ng m\u1ea1 h\u1ecd, nh\u01b0ng \u0111i\u1ec1u duy nh\u1ea5t b\u1ea1n kh\u00f4ng th\u1ec3 l\u00e0m l\u00e0 ph\u1ee7 nh\u1eadn s\u1ef1 t\u1ed3n t\u1ea1i c\u1ee7a h\u1ecd. \u0110\u00f3 l\u00e0 nh\u1eefng ng\u01b0\u1eddi lu\u00f4n t\u1ea1o ra s\u1ef1 thay \u0111\u1ed5i trong khi h\u1ea7u h\u1ebft con ng\u01b0\u1eddi ch\u1ec9 s\u1ed1ng r\u1eadp khu\u00f4n nh\u01b0 m\u1ed9t c\u00e1i m\u00e1y. \u0110a s\u1ed1 \u0111\u1ec1u ngh\u0129 h\u1ecd th\u1eadt \u0111i\u00ean r\u1ed3 nh\u01b0ng n\u1ebfu nh\u00ecn \u1edf g\u00f3c kh\u00e1c, ta l\u1ea1i th\u1ea5y h\u1ecd thi\u00ean t\u00e0i. B\u1edfi ch\u1ec9 nh\u1eefng ng\u01b0\u1eddi \u0111\u1ee7 \u0111i\u00ean ngh\u0129 r\u1eb1ng h\u1ecd c\u00f3 th\u1ec3 thay \u0111\u1ed5i th\u1ebf gi\u1edbi m\u1edbi l\u00e0 nh\u1eefng ng\u01b0\u1eddi l\u00e0m \u0111\u01b0\u1ee3c \u0111i\u1ec1u \u0111\u00f3. <\/p>\n<p>Ch\u00e0o m\u1eebng \u0111\u1ebfn v\u1edbi th\u1ebf gi\u1edbi c\u1ee7a nh\u1eefng k\u1ebb \u0111i\u00ean.<\/p>\n","protected":false},"featured_media":9882,"template":"","meta":{"_acf_changed":false},"product_brand":[],"product_cat":[15,47],"product_tag":[],"class_list":{"0":"post-9884","1":"product","2":"type-product","3":"status-publish","4":"has-post-thumbnail","6":"product_cat-sach-danh-cho-nguoi-lon","7":"product_cat-truyen-ngan-tan-van","9":"first","10":"outofstock","11":"taxable","12":"shipping-taxable","13":"purchasable","14":"product-type-simple"},"supplier_id":null,"supplier_sku":"","barcode":null,"atum_controlled":true,"out_stock_date":"2021-08-16 10:43:21","out_stock_threshold":null,"inheritable":false,"inbound_stock":1,"stock_on_hold":0,"sold_today":0,"sales_last_days":0,"reserved_stock":0,"customer_returns":0,"warehouse_damage":0,"lost_in_post":0,"other_logs":0,"out_stock_days":1626,"lost_sales":0,"has_location":false,"update_date":"2026-01-28T23:10:45","atum_locations":[],"atum_stock_status":"outofstock","restock_status":false,"low_stock_amount":"","sales_update_date":"2026-01-28T23:10:45","calc_backorders":null,"acf":{"publisher":{"ID":1785,"post_author":"1","post_date":"2021-02-17 01:54:46","post_date_gmt":"2021-02-16 23:54:46","post_content":"<!-- wp:flatsome\/uxbuilder -->\n<h1 style=\"text-align: center;\"><strong>AZ VIETNAM<\/strong><\/h1>\n[row]\n\n[col span=\"8\" span__sm=\"12\"]\n\n<p>Th\u00e0nh l\u1eadp n\u0103m: 2015<br \/>V\u1ed1n \u0111\u1ea7u t\u01b0: 4,000,000,000 \u0111\u1ed3ng<br \/><strong>L\u0129nh v\u1ef1c:<\/strong><br \/>- Xu\u1ea5t b\u1ea3n v\u00e0 ph\u00e1t h\u00e0nh v\u0103n h\u00f3a ph\u1ea9m<br \/>- Cung c\u1ea5p v\u0103n h\u00f3a ph\u1ea9m, c\u00e1c s\u1ea3n ph\u1ea9m cho in \u1ea5n, trang thi\u1ebft b\u1ecb cho c\u00e1c th\u01b0 vi\u1ec7n v\u00e0 trung t\u00e2m s\u00e1ch tr\u00ean c\u1ea3 n\u01b0\u1edbc.<br \/>- Th\u1eddi trang v\u00e0 c\u00e1c s\u1ea3n ph\u1ea9m li\u00ean quan \u0111\u1ebfn l\u0129nh v\u1ef1c th\u1eddi trang<br \/>- Xu\u1ea5t nh\u1eadp kh\u1ea9u c\u00e1c s\u1ea3n ph\u1ea9m v\u0103n h\u00f3a<\/p>\n<p><strong>Quy m\u00f4:<\/strong> 60 nh\u00e2n vi\u00ean<br \/>Kh\u1edfi ngu\u1ed3n c\u1ee7a AZ Vi\u1ec7t Nam ng\u00e0y nay l\u00e0 C\u00f4ng ty TNHH Trung t\u00e2m S\u00e1ch v\u00e0 Thi\u1ebft b\u1ecb Th\u01b0 vi\u1ec7n, v\u1edbi ho\u1ea1t \u0111\u1ed9ng \u0111\u1ea7u ti\u00ean l\u00e0 cung c\u1ea5p s\u00e1ch, trang thi\u1ebft b\u1ecb, v\u0103n h\u00f3a ph\u1ea9m cho c\u00e1c th\u01b0 vi\u1ec7n v\u00e0 trung t\u00e2m s\u00e1ch tr\u00ean c\u1ea3 n\u01b0\u1edbc. T\u1eeb cu\u1ed1i n\u0103m 2010 \u0111\u1ebfn nay, ch\u00fang t\u00f4i \u0111\u00e3 kh\u00f4ng ng\u1eebng n\u1ed7 l\u1ef1c khai ph\u00e1 v\u00e0 ph\u00e1t tri\u1ec3n c\u00e1c d\u00f2ng s\u1ea3n ph\u1ea9m m\u1edbi v\u1edbi 8 th\u01b0\u01a1ng hi\u1ec7u uy t\u00edn. \u0110\u1ec3 \u0111\u00e1p \u1ee9ng nhu c\u1ea7u ph\u00e1t tri\u1ec3n ng\u00e0y m\u1ed9t l\u1edbn m\u1ea1nh v\u00e0 t\u1eadp h\u1ee3p c\u00e1c th\u01b0\u01a1ng hi\u1ec7u \u0111\u00e3 \u0111\u01b0\u1ee3c ch\u00fang t\u00f4i x\u00e2y d\u1ef1ng, 2015 C\u00f4ng ty TNHH AZ Vi\u1ec7t Nam \u0111\u00e3 ra \u0111\u1eddi v\u1edbi s\u1ee9 m\u1ec7nh mang \u0111\u1ebfn nhi\u1ec1u h\u01a1n n\u1eefa nh\u1eefng gi\u00e1 tr\u1ecb tinh th\u1ea7n, tri th\u1ee9c ti\u00ean ti\u1ebfn cho ng\u01b0\u1eddi ti\u00eau d\u00f9ng b\u1eb1ng vi\u1ec7c cung c\u1ea5p nh\u1eefng s\u1ea3n ph\u1ea9m c\u00f3 ch\u1ea5t l\u01b0\u1ee3ng.<\/p>\n\n[\/col]\n[col span=\"4\" span__sm=\"12\"]\n\n[ux_image id=\"1836\" image_size=\"medium\"]\n\n\n[\/col]\n\n[\/row]\n\n<!-- \/wp:flatsome\/uxbuilder -->","post_title":"AZ Vi\u1ec7t Nam","post_excerpt":"","post_status":"publish","comment_status":"closed","ping_status":"closed","post_password":"","post_name":"az-viet-nam","to_ping":"","pinged":"","post_modified":"2021-02-17 22:07:10","post_modified_gmt":"2021-02-17 20:07:10","post_content_filtered":"","post_parent":0,"guid":"https:\/\/sachviet.eu\/nha-phat-hanh\/az-viet-nam\/","menu_order":0,"post_type":"publisher","post_mime_type":"","comment_count":"0","filter":"raw"}},"_links":{"self":[{"href":"https:\/\/sachviet.eu\/en\/wp-json\/wp\/v2\/product\/9884","targetHints":{"allow":["GET"]}}],"collection":[{"href":"https:\/\/sachviet.eu\/en\/wp-json\/wp\/v2\/product"}],"about":[{"href":"https:\/\/sachviet.eu\/en\/wp-json\/wp\/v2\/types\/product"}],"wp:featuredmedia":[{"embeddable":true,"href":"https:\/\/sachviet.eu\/en\/wp-json\/wp\/v2\/media\/9882"}],"wp:attachment":[{"href":"https:\/\/sachviet.eu\/en\/wp-json\/wp\/v2\/media?parent=9884"}],"wp:term":[{"taxonomy":"product_brand","embeddable":true,"href":"https:\/\/sachviet.eu\/en\/wp-json\/wp\/v2\/product_brand?post=9884"},{"taxonomy":"product_cat","embeddable":true,"href":"https:\/\/sachviet.eu\/en\/wp-json\/wp\/v2\/product_cat?post=9884"},{"taxonomy":"product_tag","embeddable":true,"href":"https:\/\/sachviet.eu\/en\/wp-json\/wp\/v2\/product_tag?post=9884"}],"curies":[{"name":"wp","href":"https:\/\/api.w.org\/{rel}","templated":true}]}}