{"id":9881,"date":"2021-06-02T17:55:56","date_gmt":"2021-06-02T14:55:56","guid":{"rendered":"https:\/\/sachviet.eu\/shop\/sach-nguoi-trong-muon-nghe\/"},"modified":"2023-04-05T23:27:10","modified_gmt":"2023-04-05T20:27:10","slug":"sach-nguoi-trong-muon-nghe","status":"publish","type":"product","link":"https:\/\/sachviet.eu\/en\/shop\/sach-nguoi-trong-muon-nghe\/","title":{"rendered":"S\u00e1ch Ng\u01b0\u1eddi trong mu\u00f4n ngh\u1ec1"},"content":{"rendered":"<p>H\u1ea7u h\u1ebft nh\u1eefng ng\u01b0\u1eddi tr\u1ebb \u0111\u1ec1u \u0111\u00e3 t\u1eebng ho\u1eb7c \u0111ang tr\u1ea3i qua c\u1ea3m gi\u00e1c kh\u00f4ng bi\u1ebft m\u00ecnh thu\u1ed9c v\u1ec1 \u0111\u00e2u. Kh\u00f3 kh\u0103n l\u1edbn nh\u1ea5t c\u00f3 l\u1ebd kh\u00f4ng ph\u1ea3i l\u00e0 ki\u1ebfm \u0111\u01b0\u1ee3c vi\u1ec7c, m\u00e0 l\u00e0 ch\u1ecdn \u0111\u01b0\u1ee3c m\u1ed9t ngh\u1ec1 th\u1ef1c s\u1ef1 ph\u00f9 h\u1ee3p v\u1edbi b\u1ea3n th\u00e2n. Tr\u00ean h\u00e0nh tr\u00ecnh ki\u1ebfm t\u00ecm \u1ea5y, ng\u01b0\u1eddi tr\u1ebb ph\u1ea3i g\u00e1nh tr\u00ean vai r\u1ea5t nhi\u1ec1u \u00e1p l\u1ef1c v\u00f4 h\u00ecnh t\u1eeb gia \u0111\u00ecnh v\u00e0 x\u00e3 h\u1ed9i. \u0110i h\u1ecdc th\u00ec ng\u00e0nh ph\u1ea3i &#8220;hot&#8221;, tr\u01b0\u1eddng ph\u1ea3i &#8220;x\u1ecbn&#8221;. \u0110i l\u00e0m th\u00ec v\u1ecb tr\u00ed ph\u1ea3i \u201coai&#8221;, l\u01b0\u01a1ng th\u00e1ng ph\u1ea3i \u201ccao&#8221;, c\u00f4ng ty ph\u1ea3i \u201ckh\u1ee7ng&#8221;. <\/p>\n<p>Ch\u00fang ta m\u1ea3i ch\u1ea1y theo nh\u1eefng th\u1ee9 b\u1ec1 n\u1ed5i m\u00e0 qu\u00ean m\u1ea5t r\u1eb1ng m\u1ee5c \u0111\u00edch sau c\u00f9ng c\u1ee7a vi\u1ec7c ch\u1ecdn ng\u00e0nh, ch\u1ecdn ngh\u1ec1 l\u00e0 gi\u00fap m\u00ecnh t\u00ecm \u0111\u01b0\u1ee3c \u0111i\u1ec3m giao thoa gi\u1eefa n\u0103ng l\u1ef1c, s\u1edf th\u00edch c\u00e1 nh\u00e2n v\u1edbi nhu c\u1ea7u c\u1ee7a x\u00e3 h\u1ed9i.<\/p>\n<p>Ng\u01b0\u1eddi Trong Mu\u00f4n Ngh\u1ec1 hi v\u1ecdng c\u00f3 th\u1ec3 k\u00e9o b\u1ea1n l\u1ea1i g\u1ea7n h\u01a1n v\u1edbi m\u1ee5c \u0111\u00edch b\u1ea3n ch\u1ea5t \u1ea5y. Cu\u1ed1n s\u00e1ch l\u00e0 tuy\u1ec3n t\u1eadp nh\u1eefng c\u00e2u chuy\u1ec7n \u0111i l\u00e0m t\u00e2m huy\u1ebft \u0111\u1ebfn t\u1eeb nh\u1eefng c\u00e2y vi\u1ebft d\u00e0y d\u1eb7n kinh nghi\u1ec7m trong c\u00e1c l\u0129nh v\u1ef1c chuy\u00ean m\u00f4n v\u00e0 nh\u1eefng m\u00f4i tr\u01b0\u1eddng l\u00e0m vi\u1ec7c kh\u00e1c nhau. Nh\u1eefng chia s\u1ebb n\u00e0y s\u1ebd gi\u00fap c\u00e1c b\u1ea1n h\u1ecdc sinh, sinh vi\u00ean c\u00f3 m\u1ed9t c\u00e1i nh\u00ecn to\u00e0n di\u1ec7n h\u01a1n v\u1ec1 th\u1ebf gi\u1edbi c\u00f4ng vi\u1ec7c th\u1ef1c th\u1ee5: <\/p>\n<p>&#8211; L\u00e0m vi\u1ec7c t\u1ea1i t\u1eadp \u0111o\u00e0n l\u1edbn th\u00ec kh\u00e1c g\u00ec v\u1edbi m\u00f4i tr\u01b0\u1eddng startup, nh\u00e0 n\u01b0\u1edbc, v\u00e0 freelance? <\/p>\n<p>&#8211; L\u00e0m th\u1ebf n\u00e0o \u0111\u1ec3 c\u00f3 \u0111\u01b0\u1ee3c m\u1ed9t t\u01b0 duy \u0111\u00fang \u0111\u1eafn trong vi\u1ec7c l\u1ef1a ch\u1ecdn ngh\u1ec1 nghi\u1ec7p, v\u00e0 c\u1ea7n chu\u1ea9n b\u1ecb nh\u1eefng g\u00ec t\u1eeb khi c\u00f2n ng\u1ed3i tr\u00ean gh\u1ebf nh\u00e0 tr\u01b0\u1eddng? <\/p>\n<p>&#8211; \u0110\u00e2u l\u00e0 nh\u1eefng \u0111i\u1ec3m \u0111\u1eb7c th\u00f9 c\u1ee7a m\u1ed7i ng\u00e0nh ngh\u1ec1 \u2013 t\u1eeb C\u00f4ng ngh\u1ec7 th\u00f4ng tin, K\u1ef9 thu\u1eadt, Ki\u1ec3m to\u00e1n cho t\u1edbi Gi\u00e1o d\u1ee5c, Y t\u1ebf, Marketing, th\u1eadm ch\u00ed l\u00e0 nh\u1eefng ngh\u1ec1 r\u1ea5t m\u1edbi nh\u01b0 l\u00e0m Game, l\u00e0m Youtube? <\/p>\n<p>Xuy\u00ean su\u1ed1t cu\u1ed1n s\u00e1ch n\u00e0y, c\u00e1c b\u1ea1n c\u00f3 th\u1ec3 thu th\u1eadp th\u00eam nh\u1eefng th\u00f4ng tin h\u1eefu \u00edch c\u0169ng nh\u01b0 gia t\u0103ng th\u00eam c\u00e1c c\u01a1 h\u1ed9i vi\u1ec7c l\u00e0m th\u00f4ng qua vi\u1ec7c scan c\u00e1c QR code \u1edf cu\u1ed1i m\u1ed7i ch\u01b0\u01a1ng. <\/p>\n<p>B\u1ea1n kh\u00f4ng b\u1eaft bu\u1ed9c ph\u1ea3i ch\u1ecdn \u201c\u0111\u00fang&#8221; m\u1ed9t c\u00f4ng vi\u1ec7c v\u00e0 l\u00e0m \u0111i\u1ec1u \u0111\u00f3 c\u1ea3 \u0111\u1eddi, b\u1edfi v\u00ec m\u1ed7i ng\u01b0\u1eddi lu\u00f4n c\u00f3 th\u1ec3 h\u1ecdc \u0111\u01b0\u1ee3c \u0111i\u1ec1u g\u00ec \u0111\u00f3 t\u1eeb nh\u1eefng l\u1ef1a ch\u1ecdn sai l\u1ea7m. Th\u1ebf nh\u01b0ng b\u1ea1n lu\u00f4n c\u00f3 th\u1ec3 m\u00e0i s\u1eafc kh\u1ea3 n\u0103ng h\u1ecdc h\u1ecfi c\u1ee7a b\u1ea3n th\u00e2n \u0111\u1ec3 th\u00edch nghi v\u00e0 s\u1eb5n s\u00e0ng cho m\u1ed9t th\u1ebf gi\u1edbi vi\u1ec7c l\u00e0m lu\u00f4n kh\u00f4ng ng\u1eebng thay \u0111\u1ed5i. Hi v\u1ecdng Ng\u01b0\u1eddi Trong Mu\u00f4n Ngh\u1ec1 c\u00f3 th\u1ec3 \u0111\u1ed3ng h\u00e0nh c\u00f9ng b\u1ea1n tr\u00ean ch\u1eb7ng \u0111\u01b0\u1eddng n\u00e0y. <\/p>\n","protected":false},"excerpt":{"rendered":"<p>H\u1ea7u h\u1ebft nh\u1eefng ng\u01b0\u1eddi tr\u1ebb \u0111\u1ec1u \u0111\u00e3 t\u1eebng ho\u1eb7c \u0111ang tr\u1ea3i qua c\u1ea3m gi\u00e1c kh\u00f4ng bi\u1ebft m\u00ecnh thu\u1ed9c v\u1ec1 \u0111\u00e2u. Kh\u00f3 kh\u0103n l\u1edbn nh\u1ea5t c\u00f3 l\u1ebd kh\u00f4ng ph\u1ea3i l\u00e0 ki\u1ebfm \u0111\u01b0\u1ee3c vi\u1ec7c, m\u00e0 l\u00e0 ch\u1ecdn \u0111\u01b0\u1ee3c m\u1ed9t ngh\u1ec1 th\u1ef1c s\u1ef1 ph\u00f9 h\u1ee3p v\u1edbi b\u1ea3n th\u00e2n. Tr\u00ean h\u00e0nh tr\u00ecnh ki\u1ebfm t\u00ecm \u1ea5y, ng\u01b0\u1eddi tr\u1ebb ph\u1ea3i g\u00e1nh tr\u00ean vai r\u1ea5t nhi\u1ec1u \u00e1p l\u1ef1c v\u00f4 h\u00ecnh t\u1eeb gia \u0111\u00ecnh v\u00e0 x\u00e3 h\u1ed9i. \u0110i h\u1ecdc th\u00ec ng\u00e0nh ph\u1ea3i &#8220;hot&#8221;, tr\u01b0\u1eddng ph\u1ea3i &#8220;x\u1ecbn&#8221;. \u0110i l\u00e0m th\u00ec v\u1ecb tr\u00ed ph\u1ea3i \u201coai&#8221;, l\u01b0\u01a1ng th\u00e1ng ph\u1ea3i \u201ccao&#8221;, c\u00f4ng ty ph\u1ea3i \u201ckh\u1ee7ng&#8221;. <\/p>\n<p>Ch\u00fang ta m\u1ea3i ch\u1ea1y theo nh\u1eefng th\u1ee9 b\u1ec1 n\u1ed5i m\u00e0 qu\u00ean m\u1ea5t r\u1eb1ng m\u1ee5c \u0111\u00edch sau c\u00f9ng c\u1ee7a vi\u1ec7c ch\u1ecdn ng\u00e0nh, ch\u1ecdn ngh\u1ec1 l\u00e0 gi\u00fap m\u00ecnh t\u00ecm \u0111\u01b0\u1ee3c \u0111i\u1ec3m giao thoa gi\u1eefa n\u0103ng l\u1ef1c, s\u1edf th\u00edch c\u00e1 nh\u00e2n v\u1edbi nhu c\u1ea7u c\u1ee7a x\u00e3 h\u1ed9i.<\/p>\n<p>Ng\u01b0\u1eddi Trong Mu\u00f4n Ngh\u1ec1 hi v\u1ecdng c\u00f3 th\u1ec3 k\u00e9o b\u1ea1n l\u1ea1i g\u1ea7n h\u01a1n v\u1edbi m\u1ee5c \u0111\u00edch b\u1ea3n ch\u1ea5t \u1ea5y. Cu\u1ed1n s\u00e1ch l\u00e0 tuy\u1ec3n t\u1eadp nh\u1eefng c\u00e2u chuy\u1ec7n \u0111i l\u00e0m t\u00e2m huy\u1ebft \u0111\u1ebfn t\u1eeb nh\u1eefng c\u00e2y vi\u1ebft d\u00e0y d\u1eb7n kinh nghi\u1ec7m trong c\u00e1c l\u0129nh v\u1ef1c chuy\u00ean m\u00f4n v\u00e0 nh\u1eefng m\u00f4i tr\u01b0\u1eddng l\u00e0m vi\u1ec7c kh\u00e1c nhau. Nh\u1eefng chia s\u1ebb n\u00e0y s\u1ebd gi\u00fap c\u00e1c b\u1ea1n h\u1ecdc sinh, sinh vi\u00ean c\u00f3 m\u1ed9t c\u00e1i nh\u00ecn to\u00e0n di\u1ec7n h\u01a1n v\u1ec1 th\u1ebf gi\u1edbi c\u00f4ng vi\u1ec7c th\u1ef1c th\u1ee5: <\/p>\n<p>&#8211; L\u00e0m vi\u1ec7c t\u1ea1i t\u1eadp \u0111o\u00e0n l\u1edbn th\u00ec kh\u00e1c g\u00ec v\u1edbi m\u00f4i tr\u01b0\u1eddng startup, nh\u00e0 n\u01b0\u1edbc, v\u00e0 freelance? <\/p>\n<p>&#8211; L\u00e0m th\u1ebf n\u00e0o \u0111\u1ec3 c\u00f3 \u0111\u01b0\u1ee3c m\u1ed9t t\u01b0 duy \u0111\u00fang \u0111\u1eafn trong vi\u1ec7c l\u1ef1a ch\u1ecdn ngh\u1ec1 nghi\u1ec7p, v\u00e0 c\u1ea7n chu\u1ea9n b\u1ecb nh\u1eefng g\u00ec t\u1eeb khi c\u00f2n ng\u1ed3i tr\u00ean gh\u1ebf nh\u00e0 tr\u01b0\u1eddng? <\/p>\n<p>&#8211; \u0110\u00e2u l\u00e0 nh\u1eefng \u0111i\u1ec3m \u0111\u1eb7c th\u00f9 c\u1ee7a m\u1ed7i ng\u00e0nh ngh\u1ec1 \u2013 t\u1eeb C\u00f4ng ngh\u1ec7 th\u00f4ng tin, K\u1ef9 thu\u1eadt, Ki\u1ec3m to\u00e1n cho t\u1edbi Gi\u00e1o d\u1ee5c, Y t\u1ebf, Marketing, th\u1eadm ch\u00ed l\u00e0 nh\u1eefng ngh\u1ec1 r\u1ea5t m\u1edbi nh\u01b0 l\u00e0m Game, l\u00e0m Youtube? <\/p>\n<p>Xuy\u00ean su\u1ed1t cu\u1ed1n s\u00e1ch n\u00e0y, c\u00e1c b\u1ea1n c\u00f3 th\u1ec3 thu th\u1eadp th\u00eam nh\u1eefng th\u00f4ng tin h\u1eefu \u00edch c\u0169ng nh\u01b0 gia t\u0103ng th\u00eam c\u00e1c c\u01a1 h\u1ed9i vi\u1ec7c l\u00e0m th\u00f4ng qua vi\u1ec7c scan c\u00e1c QR code \u1edf cu\u1ed1i m\u1ed7i ch\u01b0\u01a1ng. <\/p>\n<p>B\u1ea1n kh\u00f4ng b\u1eaft bu\u1ed9c ph\u1ea3i ch\u1ecdn \u201c\u0111\u00fang&#8221; m\u1ed9t c\u00f4ng vi\u1ec7c v\u00e0 l\u00e0m \u0111i\u1ec1u \u0111\u00f3 c\u1ea3 \u0111\u1eddi, b\u1edfi v\u00ec m\u1ed7i ng\u01b0\u1eddi lu\u00f4n c\u00f3 th\u1ec3 h\u1ecdc \u0111\u01b0\u1ee3c \u0111i\u1ec1u g\u00ec \u0111\u00f3 t\u1eeb nh\u1eefng l\u1ef1a ch\u1ecdn sai l\u1ea7m. Th\u1ebf nh\u01b0ng b\u1ea1n lu\u00f4n c\u00f3 th\u1ec3 m\u00e0i s\u1eafc kh\u1ea3 n\u0103ng h\u1ecdc h\u1ecfi c\u1ee7a b\u1ea3n th\u00e2n \u0111\u1ec3 th\u00edch nghi v\u00e0 s\u1eb5n s\u00e0ng cho m\u1ed9t th\u1ebf gi\u1edbi vi\u1ec7c l\u00e0m lu\u00f4n kh\u00f4ng ng\u1eebng thay \u0111\u1ed5i. Hi v\u1ecdng Ng\u01b0\u1eddi Trong Mu\u00f4n Ngh\u1ec1 c\u00f3 th\u1ec3 \u0111\u1ed3ng h\u00e0nh c\u00f9ng b\u1ea1n tr\u00ean ch\u1eb7ng \u0111\u01b0\u1eddng n\u00e0y.<\/p>\n","protected":false},"featured_media":9880,"template":"","meta":{"_acf_changed":false},"product_brand":[],"product_cat":[18,15,47],"product_tag":[],"class_list":{"0":"post-9881","1":"product","2":"type-product","3":"status-publish","4":"has-post-thumbnail","6":"product_cat-kinh-te","7":"product_cat-sach-danh-cho-nguoi-lon","8":"product_cat-truyen-ngan-tan-van","10":"first","11":"outofstock","12":"taxable","13":"shipping-taxable","14":"purchasable","15":"product-type-simple"},"supplier_id":null,"supplier_sku":"","barcode":null,"atum_controlled":true,"out_stock_date":"2023-04-05 20:27:10","out_stock_threshold":null,"inheritable":false,"inbound_stock":1,"stock_on_hold":0,"sold_today":0,"sales_last_days":0,"reserved_stock":0,"customer_returns":0,"warehouse_damage":0,"lost_in_post":0,"other_logs":0,"out_stock_days":1029,"lost_sales":0,"has_location":false,"update_date":"2026-01-28T23:10:45","atum_locations":[],"atum_stock_status":"outofstock","restock_status":false,"low_stock_amount":"","sales_update_date":"2026-01-28T23:10:45","calc_backorders":null,"acf":{"publisher":{"ID":9879,"post_author":"1","post_date":"2021-06-02 17:55:53","post_date_gmt":"2021-06-02 14:55:53","post_content":"","post_title":"NXB H\u1ed3ng \u0110\u1ee9c","post_excerpt":"","post_status":"publish","comment_status":"closed","ping_status":"closed","post_password":"","post_name":"nxb-hong-duc","to_ping":"","pinged":"","post_modified":"2021-06-02 17:55:53","post_modified_gmt":"2021-06-02 14:55:53","post_content_filtered":"","post_parent":0,"guid":"https:\/\/sachviet.eu\/nha-phat-hanh\/nxb-hong-duc\/","menu_order":0,"post_type":"publisher","post_mime_type":"","comment_count":"0","filter":"raw"}},"_links":{"self":[{"href":"https:\/\/sachviet.eu\/en\/wp-json\/wp\/v2\/product\/9881","targetHints":{"allow":["GET"]}}],"collection":[{"href":"https:\/\/sachviet.eu\/en\/wp-json\/wp\/v2\/product"}],"about":[{"href":"https:\/\/sachviet.eu\/en\/wp-json\/wp\/v2\/types\/product"}],"wp:featuredmedia":[{"embeddable":true,"href":"https:\/\/sachviet.eu\/en\/wp-json\/wp\/v2\/media\/9880"}],"wp:attachment":[{"href":"https:\/\/sachviet.eu\/en\/wp-json\/wp\/v2\/media?parent=9881"}],"wp:term":[{"taxonomy":"product_brand","embeddable":true,"href":"https:\/\/sachviet.eu\/en\/wp-json\/wp\/v2\/product_brand?post=9881"},{"taxonomy":"product_cat","embeddable":true,"href":"https:\/\/sachviet.eu\/en\/wp-json\/wp\/v2\/product_cat?post=9881"},{"taxonomy":"product_tag","embeddable":true,"href":"https:\/\/sachviet.eu\/en\/wp-json\/wp\/v2\/product_tag?post=9881"}],"curies":[{"name":"wp","href":"https:\/\/api.w.org\/{rel}","templated":true}]}}