{"id":9878,"date":"2021-06-02T17:55:49","date_gmt":"2021-06-02T14:55:49","guid":{"rendered":"https:\/\/sachviet.eu\/shop\/nghien-cuu-sinh\/"},"modified":"2021-06-22T00:05:58","modified_gmt":"2021-06-21T21:05:58","slug":"nghien-cuu-sinh","status":"publish","type":"product","link":"https:\/\/sachviet.eu\/en\/shop\/nghien-cuu-sinh\/","title":{"rendered":"Nghi\u00ean C\u1ee9u Sinh"},"content":{"rendered":"<p>N\u1ebfu  b\u1ea1n  l\u00e0  m\u1ed9t  nghi\u00ean  c\u1ee9u  sinh,  l\u1ea1i  l\u00e0  m\u1ed9t  c\u00f4  g\u00e1i  tr\u1ef1c  ph\u00f2ng  th\u00ed nghi\u1ec7m \u1edf m\u1ed9t tr\u01b0\u1eddng \u0111\u1ea1i h\u1ecdc M\u1ef9, c\u00f4ng vi\u1ec7c \u0111\u00e3 \u0111\u1ee7 \u00e1p l\u1ef1c. B\u1ea1n l\u1ea1i \u0111\u1ebfn t\u1eeb Vi\u1ec7t Nam, t\u1eeb m\u1ed9t x\u00e3 h\u1ed9i v\u00f4 c\u00f9ng kh\u00e1c bi\u1ec7t, b\u1ea1n s\u1ebd r\u1ed1i b\u1eddi v\u1edbi c\u00e1c m\u00ea cung khoa h\u1ecdc&#8230; Nh\u01b0ng \u1edf \u0111\u00e2y, Ng\u00e2n &#8211; c\u00f4 g\u00e1i nghi\u00ean c\u1ee9u sinh &#8211; \u0111\u00e3 t\u00ecm th\u1ea5y ni\u1ec1m vui h\u00e0ng \u0111\u00eam, khi c\u00f3 m\u1ed9t ai \u0111\u00f3 \u00e2n c\u1ea7n vi\u1ebft nh\u1eefng m\u1ea9u gi\u1ea5y d\u1eb7n d\u00f2 ch\u1ec9 b\u1ea3o v\u1ec1 c\u00e1c c\u00f4ng th\u1ee9c th\u00ed nghi\u1ec7m, r\u1ed3i l\u1ea1i c\u00f3 m\u1ed9t b\u00f3ng h\u00ecnh &#8220;qu\u00e1 \u0111\u1eb9p \u0111\u1ec3 tin l\u00e0 c\u00f3 th\u1eadt&#8221; l\u01b0\u1edbt qua. \u0110\u1eb1ng sau nh\u1eefng m\u1ed9ng m\u01a1 h\u1ed3ng ph\u1ea5n l\u00e0 c\u1ea3 nh\u1eefng \u0111ua tranh kh\u1eafc nghi\u1ec7t, nh\u1eefng toan t\u00ednh n\u01a1i t\u01b0\u1edfng nh\u01b0 ch\u1ec9 c\u00f3 s\u1ef1 c\u00f4ng b\u1eb1ng v\u00e0 tuy\u1ec7t \u0111\u1ed1i \u0111\u00fang \u0111\u1eafn c\u1ee7a khoa h\u1ecdc soi s\u00e1ng. Ng\u00e2n s\u1ebd kh\u1eb3ng \u0111\u1ecbnh m\u00ecnh th\u1ebf n\u00e0o, nh\u01b0 m\u1ed9t c\u00f4 n\u00e0ng \u01b0a ti\u1ec3u thuy\u1ebft di\u1ec5m t\u00ecnh hay c\u1ee9ng r\u1eafn ch\u1ebf ng\u1ef1 ho\u00e0n c\u1ea3nh nhi\u1ec1u kh\u1eafc kho\u1ea3i c\u00f4 \u0111\u01a1n? <\/p>\n","protected":false},"excerpt":{"rendered":"<p>N\u1ebfu  b\u1ea1n  l\u00e0  m\u1ed9t  nghi\u00ean  c\u1ee9u  sinh,  l\u1ea1i  l\u00e0  m\u1ed9t  c\u00f4  g\u00e1i  tr\u1ef1c  ph\u00f2ng  th\u00ed nghi\u1ec7m \u1edf m\u1ed9t tr\u01b0\u1eddng \u0111\u1ea1i h\u1ecdc M\u1ef9, c\u00f4ng vi\u1ec7c \u0111\u00e3 \u0111\u1ee7 \u00e1p l\u1ef1c. B\u1ea1n l\u1ea1i \u0111\u1ebfn t\u1eeb Vi\u1ec7t Nam, t\u1eeb m\u1ed9t x\u00e3 h\u1ed9i v\u00f4 c\u00f9ng kh\u00e1c bi\u1ec7t, b\u1ea1n s\u1ebd r\u1ed1i b\u1eddi v\u1edbi c\u00e1c m\u00ea cung khoa h\u1ecdc&#8230; Nh\u01b0ng \u1edf \u0111\u00e2y, Ng\u00e2n &#8211; c\u00f4 g\u00e1i nghi\u00ean c\u1ee9u sinh &#8211; \u0111\u00e3 t\u00ecm th\u1ea5y ni\u1ec1m vui h\u00e0ng \u0111\u00eam, khi c\u00f3 m\u1ed9t ai \u0111\u00f3 \u00e2n c\u1ea7n vi\u1ebft nh\u1eefng m\u1ea9u gi\u1ea5y d\u1eb7n d\u00f2 ch\u1ec9 b\u1ea3o v\u1ec1 c\u00e1c c\u00f4ng th\u1ee9c th\u00ed nghi\u1ec7m, r\u1ed3i l\u1ea1i c\u00f3 m\u1ed9t b\u00f3ng h\u00ecnh &#8220;qu\u00e1 \u0111\u1eb9p \u0111\u1ec3 tin l\u00e0 c\u00f3 th\u1eadt&#8221; l\u01b0\u1edbt qua. \u0110\u1eb1ng sau nh\u1eefng m\u1ed9ng m\u01a1 h\u1ed3ng ph\u1ea5n l\u00e0 c\u1ea3 nh\u1eefng \u0111ua tranh kh\u1eafc nghi\u1ec7t, nh\u1eefng toan t\u00ednh n\u01a1i t\u01b0\u1edfng nh\u01b0 ch\u1ec9 c\u00f3 s\u1ef1 c\u00f4ng b\u1eb1ng v\u00e0 tuy\u1ec7t \u0111\u1ed1i \u0111\u00fang \u0111\u1eafn c\u1ee7a khoa h\u1ecdc soi s\u00e1ng. Ng\u00e2n s\u1ebd kh\u1eb3ng \u0111\u1ecbnh m\u00ecnh th\u1ebf n\u00e0o, nh\u01b0 m\u1ed9t c\u00f4 n\u00e0ng \u01b0a ti\u1ec3u thuy\u1ebft di\u1ec5m t\u00ecnh hay c\u1ee9ng r\u1eafn ch\u1ebf ng\u1ef1 ho\u00e0n c\u1ea3nh nhi\u1ec1u kh\u1eafc kho\u1ea3i c\u00f4 \u0111\u01a1n?<\/p>\n","protected":false},"featured_media":9876,"template":"","meta":{"_acf_changed":false},"product_brand":[],"product_cat":[15,47],"product_tag":[],"class_list":{"0":"post-9878","1":"product","2":"type-product","3":"status-publish","4":"has-post-thumbnail","6":"product_cat-sach-danh-cho-nguoi-lon","7":"product_cat-truyen-ngan-tan-van","9":"first","10":"outofstock","11":"taxable","12":"shipping-taxable","13":"purchasable","14":"product-type-simple"},"supplier_id":null,"supplier_sku":"","barcode":null,"atum_controlled":true,"out_stock_date":"2021-06-21 21:05:58","out_stock_threshold":null,"inheritable":false,"inbound_stock":2,"stock_on_hold":0,"sold_today":0,"sales_last_days":0,"reserved_stock":0,"customer_returns":0,"warehouse_damage":0,"lost_in_post":0,"other_logs":0,"out_stock_days":1682,"lost_sales":0,"has_location":false,"update_date":"2026-01-28T23:10:45","atum_locations":[],"atum_stock_status":"outofstock","restock_status":false,"low_stock_amount":"","sales_update_date":"2026-01-28T23:10:45","calc_backorders":null,"acf":{"publisher":{"ID":1517,"post_author":"1","post_date":"2021-02-17 01:14:41","post_date_gmt":"2021-02-16 23:14:41","post_content":"","post_title":"NXB Tr\u1ebb","post_excerpt":"","post_status":"publish","comment_status":"closed","ping_status":"closed","post_password":"","post_name":"nxb-tre","to_ping":"","pinged":"","post_modified":"2021-02-17 01:14:41","post_modified_gmt":"2021-02-16 23:14:41","post_content_filtered":"","post_parent":0,"guid":"https:\/\/sachviet.eu\/nha-phat-hanh\/nxb-tre\/","menu_order":0,"post_type":"publisher","post_mime_type":"","comment_count":"0","filter":"raw"}},"_links":{"self":[{"href":"https:\/\/sachviet.eu\/en\/wp-json\/wp\/v2\/product\/9878","targetHints":{"allow":["GET"]}}],"collection":[{"href":"https:\/\/sachviet.eu\/en\/wp-json\/wp\/v2\/product"}],"about":[{"href":"https:\/\/sachviet.eu\/en\/wp-json\/wp\/v2\/types\/product"}],"wp:featuredmedia":[{"embeddable":true,"href":"https:\/\/sachviet.eu\/en\/wp-json\/wp\/v2\/media\/9876"}],"wp:attachment":[{"href":"https:\/\/sachviet.eu\/en\/wp-json\/wp\/v2\/media?parent=9878"}],"wp:term":[{"taxonomy":"product_brand","embeddable":true,"href":"https:\/\/sachviet.eu\/en\/wp-json\/wp\/v2\/product_brand?post=9878"},{"taxonomy":"product_cat","embeddable":true,"href":"https:\/\/sachviet.eu\/en\/wp-json\/wp\/v2\/product_cat?post=9878"},{"taxonomy":"product_tag","embeddable":true,"href":"https:\/\/sachviet.eu\/en\/wp-json\/wp\/v2\/product_tag?post=9878"}],"curies":[{"name":"wp","href":"https:\/\/api.w.org\/{rel}","templated":true}]}}