{"id":9875,"date":"2021-06-02T17:55:38","date_gmt":"2021-06-02T14:55:38","guid":{"rendered":"https:\/\/sachviet.eu\/shop\/con-minh-chang-le-lai-vut\/"},"modified":"2022-01-12T10:03:22","modified_gmt":"2022-01-12T08:03:22","slug":"con-minh-chang-le-lai-vut","status":"publish","type":"product","link":"https:\/\/sachviet.eu\/en\/shop\/con-minh-chang-le-lai-vut\/","title":{"rendered":"Con m\u00ecnh ch\u1eb3ng l\u1ebd l\u1ea1i &#8220;v\u1ee9t&#8221;"},"content":{"rendered":"<p>Qua cu\u1ed1n s\u00e1ch n\u00e0y, ba t\u00e1c gi\u1ea3 mu\u1ed1n truy\u1ec1n t\u1ea3i \u0111\u1ebfn c\u00e1c b\u1eadc ph\u1ee5 huynh th\u00f4ng \u0111i\u1ec7p: Con b\u1ea1n \u0111ang s\u1ed1ng trong m\u1ed9t th\u1ebf gi\u1edbi m\u00e0 b\u1ea1n kh\u00f4ng th\u1ec3 t\u01b0\u1edfng t\u01b0\u1ee3ng \u0111\u01b0\u1ee3c khi \u1edf \u0111\u1ed9 tu\u1ed5i c\u1ee7a ch\u00fang. Nh\u1eefng c\u00e1ch l\u00e0m cha m\u1eb9 hi\u1ec7u qu\u1ea3 c\u1ee7a th\u1ebf h\u1ec7 tr\u01b0\u1edbc s\u1ebd kh\u00f4ng c\u00f2n hi\u1ec7u qu\u1ea3 n\u1eefa. B\u1ea1n kh\u00f4ng bi\u1ebft \u0111i\u1ec1u g\u00ec m\u1edbi l\u00e0 quan tr\u1ecdng v\u1edbi con m\u00ecnh, b\u1ea1n c\u0169ng kh\u00f4ng hi\u1ec3u nh\u1eefng gi\u00e1 tr\u1ecb c\u1ee7a ch\u00fang. Vi\u1ec7c c\u1ed1 g\u1eafng \u00e1p d\u1ee5ng c\u00e1c k\u1ef9 thu\u1eadt ki\u1ec3m so\u00e1t v\u00e0 tr\u1eebng ph\u1ea1t c\u1ee7a cha m\u1eb9 truy\u1ec1n th\u1ed1ng s\u1ebd ch\u1ec9 t\u1ea1o ra nh\u1eefng \u0111\u1ee9a tr\u1ebb kh\u00f4ng h\u1ea1nh ph\u00fac, th\u1eadm ch\u00ed g\u00e2y t\u1ed5n h\u1ea1i \u0111\u1ebfn s\u1ee9c kh\u1ecfe t\u00e2m th\u1ea7n c\u1ee7a ch\u00fang.<\/p>\n<p>\u0110\u1ecdc Con m\u00ecnh ch\u1eb3ng l\u1ebd l\u1ea1i \u201cv\u1ee9t\u201d?, b\u1ea1n s\u1ebd t\u00ecm \u0111\u01b0\u1ee3c nh\u1eefng l\u1eddi khuy\u00ean, \u0111\u01b0\u1ee3c nghe nh\u1eefng c\u00e2u chuy\u1ec7n, hi\u1ec3u h\u01a1n v\u1ec1 nh\u1eefng t\u01b0 duy v\u00e0 nguy\u00ean t\u1eafc linh ho\u1ea1t c\u00f3 th\u1ec3 \u00e1p d\u1ee5ng trong gia \u0111\u00ecnh, t\u1eeb \u0111\u00f3 gi\u00fap b\u1ea1n t\u00ecm ra c\u00e1ch nu\u00f4i d\u1ea1y con hi\u1ec7u qu\u1ea3 h\u01a1n, b\u1edbt hoang mang v\u1edbi vai tr\u00f2 l\u00e0m cha m\u1eb9 c\u1ee7a m\u00ecnh trong m\u1ed9t th\u1ebf gi\u1edbi \u0111ang thay \u0111\u1ed5i d\u1eef d\u1ed9i.<\/p>\n<p>S\u00e1ch \u0111\u01b0\u1ee3c chia th\u00e0nh 5 ph\u1ea7n ch\u00ednh g\u1ed3m:<\/p>\n<p>\u201cNh\u00ecn c\u00e2y s\u1eeda \u0111\u1ea5t, nh\u00ecn con s\u1eeda m\u00ecnh\u201d<br \/>\nD\u1ea1y con c\u00f3 \u0111\u1ed9ng l\u1ef1c v\u00e0 th\u00f3i quen h\u1ecdc<br \/>\nR\u00e8n con th\u00e1i \u0111\u1ed9 s\u1ed1ng \u0111\u00fang<br \/>\nC\u00e1c v\u1ea5n \u0111\u1ec1 c\u1ee7a tu\u1ed5i v\u1ecb th\u00e0nh ni\u00ean<br \/>\n\u0110\u1ec3 con tr\u01b0\u1edfng th\u00e0nh, cha m\u1eb9 c\u1ea7n d\u0169ng c\u1ea3m<\/p>\n","protected":false},"excerpt":{"rendered":"<p>Qua cu\u1ed1n s\u00e1ch n\u00e0y, ba t\u00e1c gi\u1ea3 mu\u1ed1n truy\u1ec1n t\u1ea3i \u0111\u1ebfn c\u00e1c b\u1eadc ph\u1ee5 huynh th\u00f4ng \u0111i\u1ec7p: Con b\u1ea1n \u0111ang s\u1ed1ng trong m\u1ed9t th\u1ebf gi\u1edbi m\u00e0 b\u1ea1n kh\u00f4ng th\u1ec3 t\u01b0\u1edfng t\u01b0\u1ee3ng \u0111\u01b0\u1ee3c khi \u1edf \u0111\u1ed9 tu\u1ed5i c\u1ee7a ch\u00fang. Nh\u1eefng c\u00e1ch l\u00e0m cha m\u1eb9 hi\u1ec7u qu\u1ea3 c\u1ee7a th\u1ebf h\u1ec7 tr\u01b0\u1edbc s\u1ebd kh\u00f4ng c\u00f2n hi\u1ec7u qu\u1ea3 n\u1eefa. B\u1ea1n kh\u00f4ng bi\u1ebft \u0111i\u1ec1u g\u00ec m\u1edbi l\u00e0 quan tr\u1ecdng v\u1edbi con m\u00ecnh, b\u1ea1n c\u0169ng kh\u00f4ng hi\u1ec3u nh\u1eefng gi\u00e1 tr\u1ecb c\u1ee7a ch\u00fang. Vi\u1ec7c c\u1ed1 g\u1eafng \u00e1p d\u1ee5ng c\u00e1c k\u1ef9 thu\u1eadt ki\u1ec3m so\u00e1t v\u00e0 tr\u1eebng ph\u1ea1t c\u1ee7a cha m\u1eb9 truy\u1ec1n th\u1ed1ng s\u1ebd ch\u1ec9 t\u1ea1o ra nh\u1eefng \u0111\u1ee9a tr\u1ebb kh\u00f4ng h\u1ea1nh ph\u00fac, th\u1eadm ch\u00ed g\u00e2y t\u1ed5n h\u1ea1i \u0111\u1ebfn s\u1ee9c kh\u1ecfe t\u00e2m th\u1ea7n c\u1ee7a ch\u00fang.<\/p>\n<p>\u0110\u1ecdc Con m\u00ecnh ch\u1eb3ng l\u1ebd l\u1ea1i \u201cv\u1ee9t\u201d?, b\u1ea1n s\u1ebd t\u00ecm \u0111\u01b0\u1ee3c nh\u1eefng l\u1eddi khuy\u00ean, \u0111\u01b0\u1ee3c nghe nh\u1eefng c\u00e2u chuy\u1ec7n, hi\u1ec3u h\u01a1n v\u1ec1 nh\u1eefng t\u01b0 duy v\u00e0 nguy\u00ean t\u1eafc linh ho\u1ea1t c\u00f3 th\u1ec3 \u00e1p d\u1ee5ng trong gia \u0111\u00ecnh, t\u1eeb \u0111\u00f3 gi\u00fap b\u1ea1n t\u00ecm ra c\u00e1ch nu\u00f4i d\u1ea1y con hi\u1ec7u qu\u1ea3 h\u01a1n, b\u1edbt hoang mang v\u1edbi vai tr\u00f2 l\u00e0m cha m\u1eb9 c\u1ee7a m\u00ecnh trong m\u1ed9t th\u1ebf gi\u1edbi \u0111ang thay \u0111\u1ed5i d\u1eef d\u1ed9i.<\/p>\n<p>S\u00e1ch \u0111\u01b0\u1ee3c chia th\u00e0nh 5 ph\u1ea7n ch\u00ednh g\u1ed3m:<\/p>\n<p>\u201cNh\u00ecn c\u00e2y s\u1eeda \u0111\u1ea5t, nh\u00ecn con s\u1eeda m\u00ecnh\u201d<br \/>\nD\u1ea1y con c\u00f3 \u0111\u1ed9ng l\u1ef1c v\u00e0 th\u00f3i quen h\u1ecdc<br \/>\nR\u00e8n con th\u00e1i \u0111\u1ed9 s\u1ed1ng \u0111\u00fang<br \/>\nC\u00e1c v\u1ea5n \u0111\u1ec1 c\u1ee7a tu\u1ed5i v\u1ecb th\u00e0nh ni\u00ean<br \/>\n\u0110\u1ec3 con tr\u01b0\u1edfng th\u00e0nh, cha m\u1eb9 c\u1ea7n d\u0169ng c\u1ea3m<\/p>\n","protected":false},"featured_media":9874,"template":"","meta":{"_acf_changed":false},"product_brand":[],"product_cat":[19],"product_tag":[],"class_list":{"0":"post-9875","1":"product","2":"type-product","3":"status-publish","4":"has-post-thumbnail","6":"product_cat-nuoi-day-con","8":"first","9":"instock","10":"taxable","11":"shipping-taxable","12":"purchasable","13":"product-type-simple"},"supplier_id":null,"supplier_sku":"","barcode":null,"atum_controlled":true,"out_stock_date":null,"out_stock_threshold":null,"inheritable":false,"inbound_stock":2,"stock_on_hold":0,"sold_today":0,"sales_last_days":0,"reserved_stock":0,"customer_returns":0,"warehouse_damage":0,"lost_in_post":0,"other_logs":0,"out_stock_days":0,"lost_sales":0,"has_location":false,"update_date":"2026-01-28T23:10:45","atum_locations":[],"atum_stock_status":"instock","restock_status":false,"low_stock_amount":"","sales_update_date":"2026-01-28T23:10:45","calc_backorders":null,"acf":{"publisher":{"ID":2817,"post_author":"1","post_date":"2021-02-27 00:00:35","post_date_gmt":"2021-02-26 22:00:35","post_content":"","post_title":"Alpha Books","post_excerpt":"","post_status":"publish","comment_status":"closed","ping_status":"closed","post_password":"","post_name":"alpha-books","to_ping":"","pinged":"","post_modified":"2021-02-27 00:00:35","post_modified_gmt":"2021-02-26 22:00:35","post_content_filtered":"","post_parent":0,"guid":"https:\/\/sachviet.eu\/nha-phat-hanh\/alpha-books\/","menu_order":0,"post_type":"publisher","post_mime_type":"","comment_count":"0","filter":"raw"}},"_links":{"self":[{"href":"https:\/\/sachviet.eu\/en\/wp-json\/wp\/v2\/product\/9875","targetHints":{"allow":["GET"]}}],"collection":[{"href":"https:\/\/sachviet.eu\/en\/wp-json\/wp\/v2\/product"}],"about":[{"href":"https:\/\/sachviet.eu\/en\/wp-json\/wp\/v2\/types\/product"}],"wp:featuredmedia":[{"embeddable":true,"href":"https:\/\/sachviet.eu\/en\/wp-json\/wp\/v2\/media\/9874"}],"wp:attachment":[{"href":"https:\/\/sachviet.eu\/en\/wp-json\/wp\/v2\/media?parent=9875"}],"wp:term":[{"taxonomy":"product_brand","embeddable":true,"href":"https:\/\/sachviet.eu\/en\/wp-json\/wp\/v2\/product_brand?post=9875"},{"taxonomy":"product_cat","embeddable":true,"href":"https:\/\/sachviet.eu\/en\/wp-json\/wp\/v2\/product_cat?post=9875"},{"taxonomy":"product_tag","embeddable":true,"href":"https:\/\/sachviet.eu\/en\/wp-json\/wp\/v2\/product_tag?post=9875"}],"curies":[{"name":"wp","href":"https:\/\/api.w.org\/{rel}","templated":true}]}}