{"id":9873,"date":"2021-06-02T17:53:04","date_gmt":"2021-06-02T14:53:04","guid":{"rendered":"https:\/\/sachviet.eu\/shop\/thi-tham-chuyen-nho-chuyen-to\/"},"modified":"2021-06-03T23:27:05","modified_gmt":"2021-06-03T20:27:05","slug":"thi-tham-chuyen-nho-chuyen-to","status":"publish","type":"product","link":"https:\/\/sachviet.eu\/en\/shop\/thi-tham-chuyen-nho-chuyen-to\/","title":{"rendered":"Th\u00ec th\u1ea7m chuy\u1ec7n nh\u1ecf chuy\u1ec7n to"},"content":{"rendered":"<p>TH\u00cc TH\u1ea6M CHUY\u1ec6N NH\u1ece CHUY\u1ec6N TO: T\u1eea T\u00ccNH Y\u00caU \u0110\u1ebeN T\u00ccNH D\u1ee4C<\/p>\n<p>Th\u00ec th\u1ea7m chuy\u1ec7n nh\u1ecf chuy\u1ec7n to l\u00e0 cu\u1ed1n s\u00e1ch t\u1eadp h\u1ee3p nh\u1eefng b\u00e0i vi\u1ebft v\u00e0 nh\u1eefng l\u1eddi \u201ct\u00e2m s\u1ef1 m\u1ecfng\u201d t\u1eeb nh\u1eefng n\u0103m th\u00e1ng t\u00e1c gi\u1ea3 &#8211; B\u00e1c s\u0129 Nguy\u1ec5n Lan H\u1ea3i l\u00e0m v\u1ec1 gi\u00e1o d\u1ee5c gi\u1edbi t\u00ednh (GDGT) v\u00e0 gi\u00e1o d\u1ee5c t\u00ecnh d\u1ee5c v\u1edbi nhi\u1ec1u \u0111\u1ed1i t\u01b0\u1ee3ng \u0111\u1ee7 m\u1ecdi l\u1ee9a tu\u1ed5i.<\/p>\n<p>Th\u1eadt v\u1eady, t\u00ecnh d\u1ee5c l\u00e0 c\u1ea3m nh\u1eadn v\u1ec1 sex c\u1ee7a c\u00e1c gi\u00e1c quan (m\u1eaft nh\u00ecn, m\u0169i ng\u1eedi, tai nghe, tay s\u1edd, l\u01b0\u1ee1i n\u1ebfm v\u00e0 c\u1ea3 \u00f3c t\u01b0\u1edfng t\u01b0\u1ee3ng), c\u00e1c gi\u00e1c quan nh\u01b0 m\u1ed9t c\u00e1i n\u1ec1n  r\u00ean \u0111\u00f3 ta x\u00e2y d\u1ef1ng c\u00e1c kho\u00e1i c\u1ea3m, ho\u1eb7c v\u00ed nh\u01b0 m\u1ed9t m\u1ea3nh \u0111\u1ea5t m\u00e0 ta cu\u1ed1c x\u1edbi, gieo tr\u1ed3ng, ch\u0103m b\u00f3n v\u00e0 thu ho\u1ea1ch v\u1ec1 nh\u1eefng hoa tr\u00e1i c\u1ee7a t\u00ecnh y\u00eau. Trong gi\u1edbi th\u1ef1c v\u1eadt, hoa tr\u00e1i l\u00e0 c\u01a1 quan sinh s\u1ea3n c\u1ee7a ch\u00fang, hoa l\u00e0 \u0111\u1ec3 th\u1ee5 ph\u1ea5n, h\u1ea1t qu\u1ea3 v\u00e0 c\u1ee7 l\u00e0 \u0111\u1ec3 gieo tr\u1ed3ng cho m\u00f9a sau. V\u00e0 trong gi\u1ea3i ph\u1eabu ng\u01b0\u1eddi, nh\u1eefng c\u01a1 quan sinh d\u1ee5c g\u1ee3i nh\u1edb \u0111\u1ebfn h\u00ecnh \u1ea3nh c\u1ee7a c\u00e1c lo\u1ea1i hoa, c\u1ee7, qu\u1ea3 l\u00e0m sao!<\/p>\n<p>Trong nhi\u1ec1u n\u0103m l\u00e0m vi\u1ec7c, B\u00e1c s\u0129 Nguy\u1ec5n Lan H\u1ea3i \u0111\u00e3 g\u1eb7p hai hi\u1ec7n t\u01b0\u1ee3ng ph\u1ed5 bi\u1ebfn:<\/p>\n<p>T\u00ecnh tr\u1ea1ng \u201cm\u00f9 gi\u1edbi\u201d: Thanh thi\u1ebfu ni\u00ean ng\u00e0y nay kh\u00f4ng b\u1ecb m\u00f9 ch\u1eef, m\u00f9 tin h\u1ecdc hay m\u00f9 ngo\u1ea1i ng\u1eef m\u00e0 b\u1ecb m\u00f9 gi\u1edbi. H\u1ecd d\u00f2 d\u1eabm gi\u1eefa hai b\u1edd v\u1ef1c, m\u1ed9t b\u00ean l\u00e0 thi\u1ebfu hi\u1ec3u bi\u1ebft nh\u1eefng ki\u1ebfn th\u1ee9c c\u01a1 b\u1ea3n v\u1ec1 gi\u1edbi, gi\u1edbi t\u00ednh, t\u00ecnh d\u1ee5c, b\u00ean kia l\u00e0 hoa m\u1eaft v\u00ec bi\u1ebft qu\u00e1 nhi\u1ec1u th\u1ee9 tr\u00ean xa l\u1ed9 th\u00f4ng tin nh\u01b0ng l\u1ea1i thi\u1ebfu ch\u1ec9 d\u1eabn chuy\u00ean m\u00f4n.<\/p>\n<p>T\u00ecnh tr\u1ea1ng \u201cth\u1ea5t h\u1ecdc trong h\u00f4n nh\u00e2n\u201d: Th\u1eddi n\u00e0o th\u00ec tr\u01b0\u1edbc khi l\u00e0m ngh\u1ec1 g\u00ec c\u0169ng ph\u1ea3i h\u1ecdc, c\u00f3 ngh\u1ec1 h\u1ecdc kh\u00e1 c\u00f4ng phu v\u00e0 thi c\u1eed r\u1ea5t tr\u1ea7n ai, \u0111\u1ed7 \u0111\u1ea1t r\u1ed3i (g\u1ecdi l\u00e0 \u201c\u0111\u1ea1i \u0111\u0103ng khoa\u201d) m\u1edbi \u0111\u01b0\u1ee3c h\u00e0nh ngh\u1ec1, \u1ea5y v\u1eady m\u00e0 c\u00f3 m\u1ed9t vi\u1ec7c r\u1ea5t quan tr\u1ecdng trong \u0111\u1eddi ng\u01b0\u1eddi l\u00e0 l\u1ea5y v\u1ee3 (g\u1ecdi l\u00e0 \u201cti\u1ec3u \u0111\u0103ng khoa\u201d) th\u00ec l\u1ea1i tr\u00f4ng v\u00e0o quy lu\u1eadt \u201ctr\u0103ng \u0111\u1ebfn r\u1eb1m tr\u0103ng tr\u00f2n\u201d. C\u00e1c b\u1eadc cha m\u1eb9 gi\u1eef con m\u00ecnh tr\u00e1nh xa nh\u1eefng chuy\u1ec7n trai g\u00e1i \u201cthi\u1ebfu \u0111\u1ee9ng \u0111\u1eafn\u201d ch\u1ee9 \u0111\u1eebng n\u00f3i \u0111\u1ebfn vi\u1ec7c \u201cv\u1ebd \u0111\u01b0\u1eddng cho h\u01b0\u01a1u ch\u1ea1y\u201d. C\u00e0ng con nh\u00e0<\/p>\n<p>l\u00e0nh, \u201cthanh ni\u00ean nghi\u00eam t\u00fac\u201d l\u1ea1i c\u00e0ng kh\u00f4ng t\u00f2 m\u00f2 t\u00ecm hi\u1ec3u chuy\u1ec7n gi\u1edbi t\u00ednh, chuy\u1ec7n ph\u00f2ng the,&#8230; (Tr\u1eeb l\u1edbp Gi\u00e1o l\u00fd H\u00f4n nh\u00e2n b\u00ean C\u00f4ng gi\u00e1o m\u00e0 c\u00e1c \u0111\u00f4i b\u1ea1n tr\u1ebb b\u1eaft bu\u1ed9c ph\u1ea3i kinh qua tr\u01b0\u1edbc khi b\u01b0\u1edbc v\u00e0o \u0111\u1eddi s\u1ed1ng l\u1ee9a \u0111\u00f4i v\u00e0 l\u1edbp D\u1ef1 b\u1ecb h\u00f4n nh\u00e2n\/ Ti\u1ec1n h\u00f4n nh\u00e2n do m\u1ed9t s\u1ed1 H\u1ed9i \u0111o\u00e0n t\u1ed5 ch\u1ee9c).<\/p>\n<p>\u0110\u00f3 ch\u00ednh l\u00e0 l\u00fd do c\u00f3 nh\u1eefng \u201cth\u1eafc m\u1eafc bi\u1ebft h\u1ecfi ai\u201d khi ng\u01b0\u1eddi ta ch\u1eadp ch\u1eefng b\u01b0\u1edbc tr\u00ean con \u0111\u01b0\u1eddng kh\u00e1m ph\u00e1 b\u1ea3n th\u00e2n, tr\u00ean con \u0111\u01b0\u1eddng t\u00ecnh v\u00e0 ngay c\u1ea3 khi ng\u01b0\u1eddi ta \u0111\u00e3 \u0111\u1ea7u hai th\u1ee9 t\u00f3c. C\u0169ng l\u00e0 l\u00fd do B\u00e1c s\u0129 Nguy\u1ec5n Lan H\u1ea3i vi\u1ebft b\u00e1o \u0111\u1ec3 \u0111\u1ebfn g\u1ea7n h\u01a1n v\u1edbi nh\u1eefng b\u1ea1n \u0111\u1ecdc, g\u00f3p m\u1ed9t ph\u1ea7n trong vi\u1ec7c gi\u00fap GDGT v\u00e0 t\u00ecnh d\u1ee5c b\u1edbt l\u00e0 m\u1ed9t v\u00f9ng m\u1edd trong quan ni\u1ec7m truy\u1ec1n th\u1ed1ng c\u1ee7a ng\u01b0\u1eddi Vi\u1ec7t m\u00ecnh.<\/p>\n<p>M\u1eddi c\u00e1c b\u1ea1n \u0111\u00f3n \u0111\u1ecdc Th\u00ec th\u1ea7m chuy\u1ec7n nh\u1ecf chuy\u1ec7n to!<\/p>\n","protected":false},"excerpt":{"rendered":"<p>Th\u00ec th\u1ea7m chuy\u1ec7n nh\u1ecf chuy\u1ec7n to l\u00e0 cu\u1ed1n s\u00e1ch t\u1eadp h\u1ee3p nh\u1eefng b\u00e0i vi\u1ebft v\u00e0 nh\u1eefng l\u1eddi \u201ct\u00e2m s\u1ef1 m\u1ecfng\u201d t\u1eeb nh\u1eefng n\u0103m th\u00e1ng t\u00e1c gi\u1ea3 &#8211; B\u00e1c s\u0129 Nguy\u1ec5n Lan H\u1ea3i l\u00e0m v\u1ec1 gi\u00e1o d\u1ee5c gi\u1edbi t\u00ednh (GDGT) v\u00e0 gi\u00e1o d\u1ee5c t\u00ecnh d\u1ee5c v\u1edbi nhi\u1ec1u \u0111\u1ed1i t\u01b0\u1ee3ng \u0111\u1ee7 m\u1ecdi l\u1ee9a tu\u1ed5i.<\/p>\n<p>Th\u1eadt v\u1eady, t\u00ecnh d\u1ee5c l\u00e0 c\u1ea3m nh\u1eadn v\u1ec1 sex c\u1ee7a c\u00e1c gi\u00e1c quan (m\u1eaft nh\u00ecn, m\u0169i ng\u1eedi, tai nghe, tay s\u1edd, l\u01b0\u1ee1i n\u1ebfm v\u00e0 c\u1ea3 \u00f3c t\u01b0\u1edfng t\u01b0\u1ee3ng), c\u00e1c gi\u00e1c quan nh\u01b0 m\u1ed9t c\u00e1i n\u1ec1n  r\u00ean \u0111\u00f3 ta x\u00e2y d\u1ef1ng c\u00e1c kho\u00e1i c\u1ea3m, ho\u1eb7c v\u00ed nh\u01b0 m\u1ed9t m\u1ea3nh \u0111\u1ea5t m\u00e0 ta cu\u1ed1c x\u1edbi, gieo tr\u1ed3ng, ch\u0103m b\u00f3n v\u00e0 thu ho\u1ea1ch v\u1ec1 nh\u1eefng hoa tr\u00e1i c\u1ee7a t\u00ecnh y\u00eau. Trong gi\u1edbi th\u1ef1c v\u1eadt, hoa tr\u00e1i l\u00e0 c\u01a1 quan sinh s\u1ea3n c\u1ee7a ch\u00fang, hoa l\u00e0 \u0111\u1ec3 th\u1ee5 ph\u1ea5n, h\u1ea1t qu\u1ea3 v\u00e0 c\u1ee7 l\u00e0 \u0111\u1ec3 gieo tr\u1ed3ng cho m\u00f9a sau. V\u00e0 trong gi\u1ea3i ph\u1eabu ng\u01b0\u1eddi, nh\u1eefng c\u01a1 quan sinh d\u1ee5c g\u1ee3i nh\u1edb \u0111\u1ebfn h\u00ecnh \u1ea3nh c\u1ee7a c\u00e1c lo\u1ea1i hoa, c\u1ee7, qu\u1ea3 l\u00e0m sao!<\/p>\n<p>Trong nhi\u1ec1u n\u0103m l\u00e0m vi\u1ec7c, B\u00e1c s\u0129 Nguy\u1ec5n Lan H\u1ea3i \u0111\u00e3 g\u1eb7p hai hi\u1ec7n t\u01b0\u1ee3ng ph\u1ed5 bi\u1ebfn:<\/p>\n<p>T\u00ecnh tr\u1ea1ng \u201cm\u00f9 gi\u1edbi\u201d: Thanh thi\u1ebfu ni\u00ean ng\u00e0y nay kh\u00f4ng b\u1ecb m\u00f9 ch\u1eef, m\u00f9 tin h\u1ecdc hay m\u00f9 ngo\u1ea1i ng\u1eef m\u00e0 b\u1ecb m\u00f9 gi\u1edbi. H\u1ecd d\u00f2 d\u1eabm gi\u1eefa hai b\u1edd v\u1ef1c, m\u1ed9t b\u00ean l\u00e0 thi\u1ebfu hi\u1ec3u bi\u1ebft nh\u1eefng ki\u1ebfn th\u1ee9c c\u01a1 b\u1ea3n v\u1ec1 gi\u1edbi, gi\u1edbi t\u00ednh, t\u00ecnh d\u1ee5c, b\u00ean kia l\u00e0 hoa m\u1eaft v\u00ec bi\u1ebft qu\u00e1 nhi\u1ec1u th\u1ee9 tr\u00ean xa l\u1ed9 th\u00f4ng tin nh\u01b0ng l\u1ea1i thi\u1ebfu ch\u1ec9 d\u1eabn chuy\u00ean m\u00f4n.<\/p>\n<p>T\u00ecnh tr\u1ea1ng \u201cth\u1ea5t h\u1ecdc trong h\u00f4n nh\u00e2n\u201d: Th\u1eddi n\u00e0o th\u00ec tr\u01b0\u1edbc khi l\u00e0m ngh\u1ec1 g\u00ec c\u0169ng ph\u1ea3i h\u1ecdc, c\u00f3 ngh\u1ec1 h\u1ecdc kh\u00e1 c\u00f4ng phu v\u00e0 thi c\u1eed r\u1ea5t tr\u1ea7n ai, \u0111\u1ed7 \u0111\u1ea1t r\u1ed3i (g\u1ecdi l\u00e0 \u201c\u0111\u1ea1i \u0111\u0103ng khoa\u201d) m\u1edbi \u0111\u01b0\u1ee3c h\u00e0nh ngh\u1ec1, \u1ea5y v\u1eady m\u00e0 c\u00f3 m\u1ed9t vi\u1ec7c r\u1ea5t quan tr\u1ecdng trong \u0111\u1eddi ng\u01b0\u1eddi l\u00e0 l\u1ea5y v\u1ee3 (g\u1ecdi l\u00e0 \u201cti\u1ec3u \u0111\u0103ng khoa\u201d) th\u00ec l\u1ea1i tr\u00f4ng v\u00e0o quy lu\u1eadt \u201ctr\u0103ng \u0111\u1ebfn r\u1eb1m tr\u0103ng tr\u00f2n\u201d. C\u00e1c b\u1eadc cha m\u1eb9 gi\u1eef con m\u00ecnh tr\u00e1nh xa nh\u1eefng chuy\u1ec7n trai g\u00e1i \u201cthi\u1ebfu \u0111\u1ee9ng \u0111\u1eafn\u201d ch\u1ee9 \u0111\u1eebng n\u00f3i \u0111\u1ebfn vi\u1ec7c \u201cv\u1ebd \u0111\u01b0\u1eddng cho h\u01b0\u01a1u ch\u1ea1y\u201d. C\u00e0ng con nh\u00e0<\/p>\n<p>l\u00e0nh, \u201cthanh ni\u00ean nghi\u00eam t\u00fac\u201d l\u1ea1i c\u00e0ng kh\u00f4ng t\u00f2 m\u00f2 t\u00ecm hi\u1ec3u chuy\u1ec7n gi\u1edbi t\u00ednh, chuy\u1ec7n ph\u00f2ng the,&#8230; (Tr\u1eeb l\u1edbp Gi\u00e1o l\u00fd H\u00f4n nh\u00e2n b\u00ean C\u00f4ng gi\u00e1o m\u00e0 c\u00e1c \u0111\u00f4i b\u1ea1n tr\u1ebb b\u1eaft bu\u1ed9c ph\u1ea3i kinh qua tr\u01b0\u1edbc khi b\u01b0\u1edbc v\u00e0o \u0111\u1eddi s\u1ed1ng l\u1ee9a \u0111\u00f4i v\u00e0 l\u1edbp D\u1ef1 b\u1ecb h\u00f4n nh\u00e2n\/ Ti\u1ec1n h\u00f4n nh\u00e2n do m\u1ed9t s\u1ed1 H\u1ed9i \u0111o\u00e0n t\u1ed5 ch\u1ee9c).<\/p>\n<p>\u0110\u00f3 ch\u00ednh l\u00e0 l\u00fd do c\u00f3 nh\u1eefng \u201cth\u1eafc m\u1eafc bi\u1ebft h\u1ecfi ai\u201d khi ng\u01b0\u1eddi ta ch\u1eadp ch\u1eefng b\u01b0\u1edbc tr\u00ean con \u0111\u01b0\u1eddng kh\u00e1m ph\u00e1 b\u1ea3n th\u00e2n, tr\u00ean con \u0111\u01b0\u1eddng t\u00ecnh v\u00e0 ngay c\u1ea3 khi ng\u01b0\u1eddi ta \u0111\u00e3 \u0111\u1ea7u hai th\u1ee9 t\u00f3c. C\u0169ng l\u00e0 l\u00fd do B\u00e1c s\u0129 Nguy\u1ec5n Lan H\u1ea3i vi\u1ebft b\u00e1o \u0111\u1ec3 \u0111\u1ebfn g\u1ea7n h\u01a1n v\u1edbi nh\u1eefng b\u1ea1n \u0111\u1ecdc, g\u00f3p m\u1ed9t ph\u1ea7n trong vi\u1ec7c gi\u00fap GDGT v\u00e0 t\u00ecnh d\u1ee5c b\u1edbt l\u00e0 m\u1ed9t v\u00f9ng m\u1edd trong quan ni\u1ec7m truy\u1ec1n th\u1ed1ng c\u1ee7a ng\u01b0\u1eddi Vi\u1ec7t m\u00ecnh.<\/p>\n<p>M\u1eddi c\u00e1c b\u1ea1n \u0111\u00f3n \u0111\u1ecdc Th\u00ec th\u1ea7m chuy\u1ec7n nh\u1ecf chuy\u1ec7n to!<\/p>\n","protected":false},"featured_media":9872,"template":"","meta":{"_acf_changed":false},"product_brand":[],"product_cat":[19],"product_tag":[],"class_list":{"0":"post-9873","1":"product","2":"type-product","3":"status-publish","4":"has-post-thumbnail","6":"product_cat-nuoi-day-con","8":"first","9":"instock","10":"taxable","11":"shipping-taxable","12":"purchasable","13":"product-type-simple"},"supplier_id":null,"supplier_sku":"","barcode":null,"atum_controlled":true,"out_stock_date":null,"out_stock_threshold":null,"inheritable":false,"inbound_stock":1,"stock_on_hold":0,"sold_today":0,"sales_last_days":0,"reserved_stock":0,"customer_returns":0,"warehouse_damage":0,"lost_in_post":0,"other_logs":0,"out_stock_days":0,"lost_sales":0,"has_location":false,"update_date":"2026-01-28T23:10:45","atum_locations":[],"atum_stock_status":"instock","restock_status":false,"low_stock_amount":"","sales_update_date":"2026-01-28T23:10:45","calc_backorders":null,"acf":{"publisher":{"ID":9871,"post_author":"1","post_date":"2021-06-02 17:52:59","post_date_gmt":"2021-06-02 14:52:59","post_content":"","post_title":"Saigon Books","post_excerpt":"","post_status":"publish","comment_status":"closed","ping_status":"closed","post_password":"","post_name":"saigon-books","to_ping":"","pinged":"","post_modified":"2021-06-02 17:52:59","post_modified_gmt":"2021-06-02 14:52:59","post_content_filtered":"","post_parent":0,"guid":"https:\/\/sachviet.eu\/nha-phat-hanh\/saigon-books\/","menu_order":0,"post_type":"publisher","post_mime_type":"","comment_count":"0","filter":"raw"}},"_links":{"self":[{"href":"https:\/\/sachviet.eu\/en\/wp-json\/wp\/v2\/product\/9873","targetHints":{"allow":["GET"]}}],"collection":[{"href":"https:\/\/sachviet.eu\/en\/wp-json\/wp\/v2\/product"}],"about":[{"href":"https:\/\/sachviet.eu\/en\/wp-json\/wp\/v2\/types\/product"}],"wp:featuredmedia":[{"embeddable":true,"href":"https:\/\/sachviet.eu\/en\/wp-json\/wp\/v2\/media\/9872"}],"wp:attachment":[{"href":"https:\/\/sachviet.eu\/en\/wp-json\/wp\/v2\/media?parent=9873"}],"wp:term":[{"taxonomy":"product_brand","embeddable":true,"href":"https:\/\/sachviet.eu\/en\/wp-json\/wp\/v2\/product_brand?post=9873"},{"taxonomy":"product_cat","embeddable":true,"href":"https:\/\/sachviet.eu\/en\/wp-json\/wp\/v2\/product_cat?post=9873"},{"taxonomy":"product_tag","embeddable":true,"href":"https:\/\/sachviet.eu\/en\/wp-json\/wp\/v2\/product_tag?post=9873"}],"curies":[{"name":"wp","href":"https:\/\/api.w.org\/{rel}","templated":true}]}}