{"id":9861,"date":"2021-06-02T01:44:11","date_gmt":"2021-06-01T22:44:11","guid":{"rendered":"https:\/\/sachviet.eu\/shop\/nhat-ky-truong-thanh-cua-dua-tre-ngoan-set-10-quyen\/"},"modified":"2021-07-22T23:25:20","modified_gmt":"2021-07-22T20:25:20","slug":"nhat-ky-truong-thanh-cua-dua-tre-ngoan-set-10-quyen","status":"publish","type":"product","link":"https:\/\/sachviet.eu\/en\/shop\/nhat-ky-truong-thanh-cua-dua-tre-ngoan-set-10-quyen\/","title":{"rendered":"Nh\u1eadt k\u00fd tr\u01b0\u1edfng th\u00e0nh c\u1ee7a \u0111\u1ee9a tr\u1ebb ngoan &#8211; Set 10 quy\u1ec3n"},"content":{"rendered":"<p>B\u1ed9 s\u00e1ch 10 cu\u1ed1n g\u1ed3m nh\u1eefng c\u00e2u chuy\u1ec7n th\u00fa v\u1ecb , sinh \u0111\u1ed9ng , d\u1ec5 \u0111\u1ecdc d\u1ec5 hi\u1ec3u trong \u0111\u1eddi s\u1ed1ng , mang \u0111\u1ebfn cho tr\u1ebb c\u00e1ch nh\u00ecn v\u00e0 t\u01b0 duy \u0111a di\u1ec7n v\u1ec1 : h\u1ecdc t\u1eadp , s\u1ef1 t\u1ef1 tin , l\u00f2ng trung th\u1ef1c , l\u00f2ng bi\u1ebft \u01a1n , &#8230; t\u1eeb \u0111\u00f3 b\u1ed3i d\u01b0\u1ee1ng n\u00ean nh\u1eefng \u0111\u1ee9c t\u00ednh t\u1ed1t \u0111\u1eb9p , ti\u1ebfp thu n\u0103ng l\u01b0\u1ee3ng t\u00edch c\u1ef1c . Ng\u00f4n t\u1eeb trong s\u00e1ch \u1ea5m \u00e1p , g\u1ea7n g\u0169i , h\u00ecnh \u1ea3nh t\u01b0\u01a1i s\u00e1ng ph\u00f9 h\u1ee3p v\u1edbi l\u1ee9a tu\u1ed5i t\u1eeb 6 \u2013 12 tu\u1ed5i , g\u00f3p ph\u1ea7n vun \u0111\u1eafp tr\u00ed tu\u1ec7 v\u00e0 c\u1ea3m x\u00fac cho tr\u1ebb , bi\u1ebfn nh\u1eefng l\u00fd l\u1ebd th\u00e0nh ni\u1ec1m tin .<br \/>\nMong r\u1eb1ng b\u1ed9 s\u00e1ch n\u00e0y s\u1ebd l\u00e0 ng\u01b0\u1eddi b\u1ea1n t\u1ed1t gi\u00fap tr\u1ebb kh\u00f4ng ng\u1eebng t\u1ef1 n\u00e2ng cao n\u0103ng l\u1ef1c , t\u1eebng b\u01b0\u1edbc ti\u1ebfn t\u1edbi th\u00e0nh c\u00f4ng !<\/p>\n","protected":false},"excerpt":{"rendered":"<p>B\u1ed9 s\u00e1ch 10 cu\u1ed1n g\u1ed3m nh\u1eefng c\u00e2u chuy\u1ec7n th\u00fa v\u1ecb , sinh \u0111\u1ed9ng , d\u1ec5 \u0111\u1ecdc d\u1ec5 hi\u1ec3u trong \u0111\u1eddi s\u1ed1ng , mang \u0111\u1ebfn cho tr\u1ebb c\u00e1ch nh\u00ecn v\u00e0 t\u01b0 duy \u0111a di\u1ec7n v\u1ec1 : h\u1ecdc t\u1eadp , s\u1ef1 t\u1ef1 tin , l\u00f2ng trung th\u1ef1c , l\u00f2ng bi\u1ebft \u01a1n , &#8230; t\u1eeb \u0111\u00f3 b\u1ed3i d\u01b0\u1ee1ng n\u00ean nh\u1eefng \u0111\u1ee9c t\u00ednh t\u1ed1t \u0111\u1eb9p , ti\u1ebfp thu n\u0103ng l\u01b0\u1ee3ng t\u00edch c\u1ef1c . Ng\u00f4n t\u1eeb trong s\u00e1ch \u1ea5m \u00e1p , g\u1ea7n g\u0169i , h\u00ecnh \u1ea3nh t\u01b0\u01a1i s\u00e1ng ph\u00f9 h\u1ee3p v\u1edbi l\u1ee9a tu\u1ed5i t\u1eeb 6 \u2013 12 tu\u1ed5i , g\u00f3p ph\u1ea7n vun \u0111\u1eafp tr\u00ed tu\u1ec7 v\u00e0 c\u1ea3m x\u00fac cho tr\u1ebb , bi\u1ebfn nh\u1eefng l\u00fd l\u1ebd th\u00e0nh ni\u1ec1m tin .<br \/>\nMong r\u1eb1ng b\u1ed9 s\u00e1ch n\u00e0y s\u1ebd l\u00e0 ng\u01b0\u1eddi b\u1ea1n t\u1ed1t gi\u00fap tr\u1ebb kh\u00f4ng ng\u1eebng t\u1ef1 n\u00e2ng cao n\u0103ng l\u1ef1c , t\u1eebng b\u01b0\u1edbc ti\u1ebfn t\u1edbi th\u00e0nh c\u00f4ng !<\/p>\n","protected":false},"featured_media":9850,"template":"","meta":{"_acf_changed":false},"product_brand":[],"product_cat":[17,26],"product_tag":[],"class_list":{"0":"post-9861","1":"product","2":"type-product","3":"status-publish","4":"has-post-thumbnail","6":"product_cat-sach-danh-cho-cac-be","7":"product_cat-thieu-nien-11-tuoi-18-tuoi","9":"first","10":"outofstock","11":"taxable","12":"shipping-taxable","13":"purchasable","14":"product-type-simple"},"supplier_id":null,"supplier_sku":"","barcode":null,"atum_controlled":true,"out_stock_date":"2021-07-22 20:25:20","out_stock_threshold":null,"inheritable":false,"inbound_stock":2,"stock_on_hold":0,"sold_today":0,"sales_last_days":0,"reserved_stock":0,"customer_returns":0,"warehouse_damage":0,"lost_in_post":0,"other_logs":0,"out_stock_days":1651,"lost_sales":0,"has_location":false,"update_date":"2026-01-28T23:10:45","atum_locations":[],"atum_stock_status":"outofstock","restock_status":false,"low_stock_amount":"","sales_update_date":"2026-01-28T23:10:45","calc_backorders":null,"acf":{"publisher":{"ID":6321,"post_author":"1","post_date":"2021-03-15 01:33:55","post_date_gmt":"2021-03-14 23:33:55","post_content":"","post_title":"Minh Th\u1eafng","post_excerpt":"","post_status":"publish","comment_status":"closed","ping_status":"closed","post_password":"","post_name":"minh-thang","to_ping":"","pinged":"","post_modified":"2021-03-15 01:33:55","post_modified_gmt":"2021-03-14 23:33:55","post_content_filtered":"","post_parent":0,"guid":"https:\/\/sachviet.eu\/blog\/nha-phat-hanh\/minh-thang\/","menu_order":0,"post_type":"publisher","post_mime_type":"","comment_count":"0","filter":"raw"}},"_links":{"self":[{"href":"https:\/\/sachviet.eu\/en\/wp-json\/wp\/v2\/product\/9861","targetHints":{"allow":["GET"]}}],"collection":[{"href":"https:\/\/sachviet.eu\/en\/wp-json\/wp\/v2\/product"}],"about":[{"href":"https:\/\/sachviet.eu\/en\/wp-json\/wp\/v2\/types\/product"}],"wp:featuredmedia":[{"embeddable":true,"href":"https:\/\/sachviet.eu\/en\/wp-json\/wp\/v2\/media\/9850"}],"wp:attachment":[{"href":"https:\/\/sachviet.eu\/en\/wp-json\/wp\/v2\/media?parent=9861"}],"wp:term":[{"taxonomy":"product_brand","embeddable":true,"href":"https:\/\/sachviet.eu\/en\/wp-json\/wp\/v2\/product_brand?post=9861"},{"taxonomy":"product_cat","embeddable":true,"href":"https:\/\/sachviet.eu\/en\/wp-json\/wp\/v2\/product_cat?post=9861"},{"taxonomy":"product_tag","embeddable":true,"href":"https:\/\/sachviet.eu\/en\/wp-json\/wp\/v2\/product_tag?post=9861"}],"curies":[{"name":"wp","href":"https:\/\/api.w.org\/{rel}","templated":true}]}}