{"id":9838,"date":"2021-06-02T01:42:42","date_gmt":"2021-06-01T22:42:42","guid":{"rendered":"https:\/\/sachviet.eu\/shop\/ehon-minh-bi-uot-quan-chut-xiu-luc-di-te\/"},"modified":"2022-02-13T10:25:48","modified_gmt":"2022-02-13T08:25:48","slug":"ehon-minh-bi-uot-quan-chut-xiu-luc-di-te","status":"publish","type":"product","link":"https:\/\/sachviet.eu\/en\/shop\/ehon-minh-bi-uot-quan-chut-xiu-luc-di-te\/","title":{"rendered":"Ehon\u00a0M\u00ecnh b\u1ecb \u01b0\u1edbt qu\u1ea7n ch\u00fat x\u00edu l\u00fac \u0111i t\u00e8"},"content":{"rendered":"<p>\u201cNh\u00ecn t\u1eeb ngo\u00e0i v\u00e0o, ch\u1eafc ch\u1eafn kh\u00f4ng ai bi\u1ebft m\u00ecnh b\u1ecb \u01b0\u1edbt qu\u1ea7n l\u00fac \u0111i t\u00e8. C\u00f3 ai \u0111ang kh\u1ed5 s\u1edf v\u00ec b\u1ecb \u01b0\u1edbt qu\u1ea7n gi\u1ed1ng m\u00ecnh kh\u00f4ng nh\u1ec9?\u201d<\/p>\n<p>C\u00f3 m\u1ed9t c\u1eadu b\u00e9, l\u1ea7n n\u00e0o \u0111i t\u00e8 c\u1eadu c\u0169ng b\u1ecb \u01b0\u1edbt qu\u1ea7n. V\u00e0 c\u1eadu ta tin r\u1eb1ng tr\u00ean th\u1ebf gi\u1edbi n\u00e0y ch\u1eafc ch\u1eafn c\u0169ng c\u00f3 r\u1ea5t nhi\u1ec1u ng\u01b0\u1eddi b\u1ecb \u01b0\u1edbt qu\u1ea7n m\u1ed9t t\u1eb9o khi \u0111i t\u00e8 gi\u1ed1ng m\u00ecnh. M\u00e0 c\u00f3 sao \u0111\u00e2u nh\u1ec9, \u01b0\u1edbt x\u00edu s\u1ebd l\u1ea1i kh\u00f4 c\u01a1 m\u00e0, ch\u1eb3ng hi\u1ec3u sao m\u1eb9 l\u00fac n\u00e0o c\u0169ng m\u1eafng!<\/p>\n<p>Trong khi \u0111i d\u1ea1o ch\u1edd cho qu\u1ea7n kh\u00f4, c\u1eadu \u0111\u00e3 l\u00e0m m\u1ed9t chuy\u1ebfn kh\u1ea3o s\u00e1t v\u00f2ng quanh th\u00e0nh ph\u1ed1. C\u00e1c b\u00e9 bi\u1ebft c\u1eadu \u0111\u00e3 g\u1eb7p nh\u1eefng ai kh\u00f4ng? R\u1ea5t nhi\u1ec1u ng\u01b0\u1eddi! M\u00e0 ng\u01b0\u1eddi n\u00e0o c\u0169ng c\u00f3 nh\u1eefng phi\u1ec1n to\u00e1i ch\u1ec9 ri\u00eang m\u00ecnh h\u1ecd bi\u1ebft. H\u00f3a ra, ai c\u0169ng c\u00f3 n\u1ed7i kh\u1ed5 t\u00e2m ri\u00eang v\u00e0 \u0111i t\u00e8 b\u1ecb \u01b0\u1edbt qu\u1ea7n, bu\u1ed3n thay, l\u00e0 m\u1ed9t trong s\u1ed1 \u0111\u00f3.<\/p>\n<p>M\u1ecdi ng\u01b0\u1eddi \u0111\u1eebng ngh\u0129 r\u1eb1ng \u0111\u00e2y ch\u1ec9 l\u00e0 m\u1ed9t n\u1ed7i b\u1eadn t\u00e2m b\u00e9 x\u00edu th\u00f4i nh\u00e9, cu\u1ed1n s\u00e1ch n\u00e0y ch\u1ee9a \u0111\u1ef1ng c\u1ea3 m\u1ed9t b\u1ea7u tr\u1eddi tri\u1ebft l\u00fd m\u00e0 ch\u1ec9 c\u00f3 nh\u1eefng c\u00f4, c\u1eadu b\u00e9 \u201cb\u1ecb \u01b0\u1edbt qu\u1ea7n l\u00fac \u0111i t\u00e8\u201d m\u1edbi c\u00f3 th\u1ec3 th\u1ea5u hi\u1ec3u \u0111\u01b0\u1ee3c.<\/p>\n<p>B\u1ea1n s\u1ebd kh\u00f4ng th\u1ec3 t\u00ecm \u0111\u01b0\u1ee3c \u1edf \u0111\u00e2u m\u1ed9t cu\u1ed1n s\u00e1ch \u0111\u00e1ng y\u00eau, h\u00e0i h\u01b0\u1edbc v\u00e0 ch\u00e2n th\u1eadt h\u01a1n th\u1ebf n\u1eefa! \u201cM\u00ecnh b\u1ecb \u01b0\u1edbt qu\u1ea7n ch\u00fat x\u00edu l\u00fac \u0111i t\u00e8\u201d s\u1ebd gi\u00fap c\u00e1c b\u00e9 t\u00ecm th\u1ea5y m\u1ed9t ng\u01b0\u1eddi b\u1ea1n gi\u1ed1ng y nh\u01b0 m\u00ecnh, c\u00f9ng chia s\u1ebb v\u1edbi nhau nh\u1eefng \u201cn\u1ed7i ni\u1ec1m th\u1ea7m k\u00edn\u201d.<\/p>\n<p>V\u00e0 sau khi \u0111\u1ecdc xong cu\u1ed1n s\u00e1ch, b\u1ed1 m\u1eb9 s\u1ebd nh\u1eadn ra \u201c\u00c0, h\u00f3a ra \u01b0\u1edbt qu\u1ea7n ch\u00fat x\u00edu c\u0169ng kh\u00f4ng \u0111\u1ebfn n\u1ed7i t\u1ec7\u201d, khi \u0111\u00f3, c\u00e1c b\u1ea1n nh\u1ecf c\u00f3 th\u1ec3 tho\u1ea3i m\u00e1i chia s\u1ebb \u201cv\u1ea5n \u0111\u1ec1\u201d n\u00e0y v\u1edbi b\u1ed1 m\u1eb9 m\u00e0 kh\u00f4ng s\u1ee3 b\u1ecb m\u1eafng n\u1eefa. Th\u1eadt l\u00e0 tuy\u1ec7t \u0111\u00fang kh\u00f4ng!<\/p>\n<p>GI\u1edaI THI\u1ec6U T\u00c1C GI\u1ea2<\/p>\n<p>Yoshitake Shinsuke<\/p>\n<p>Sinh n\u0103m 1973 t\u1ea1i Kanagawa, Nh\u1eadt B\u1ea3n. \u00d4ng t\u1ed1t nghi\u1ec7p cao h\u1ecdc kh\u00f3a T\u1ea1o h\u00ecnh \u0111a ph\u01b0\u01a1ng ti\u1ec7n, khoa Nghi\u00ean c\u1ee9u ngh\u1ec7 thu\u1eadt, \u0110\u1ea1i h\u1ecdc Tsukuba. \u00d4ng n\u1ed5i ti\u1ebfng v\u1edbi c\u00e1c t\u00e1c ph\u1ea9m Ph\u1ea3i ch\u0103ng l\u00e0 m\u1ed9t qu\u1ea3 t\u00e1o (NXB Bronze, gi\u1ea3i Nh\u1ea5t gi\u1ea3i th\u01b0\u1edfng S\u00e1ch tranh MOE l\u1ea7n th\u1ee9 6, gi\u1ea3i M\u0129 thu\u1eadt thu\u1ed9c gi\u1ea3i th\u01b0\u1edfng V\u0103n h\u00f3a xu\u1ea5t b\u1ea3n thi\u1ebfu nhi Sankei l\u1ea7n th\u1ee9 61), M\u00e3i kh\u00f4ng c\u1edfi \u0111\u01b0\u1ee3c (NXB Bronze, gi\u1ea3i Nh\u1ea5t gi\u1ea3i th\u01b0\u1edfng S\u00e1ch tranh MOE l\u1ea7n th\u1ee9 9)&#8230;<\/p>\n<p>C\u00e1c t\u00e1c ph\u1ea9m kh\u00e1c: Con c\u00f3 l\u00fd do m\u00e0, Natsumi c\u00f3 th\u1ec3 bi\u1ebfn th\u00e0nh m\u1ecdi th\u1ee9, Con c\u00f3 \u0111i\u1ec1u kh\u00f3 ch\u1ecbu (NXB Vi\u1ec7n nghi\u00ean c\u1ee9u PHP), Ch\u00e1n qu\u00e1 ch\u00e1n qu\u00e1 (NXB Hakusensha), Hi\u1ec7u s\u00e1ch C\u00f3 S\u00e1ch N\u00e0y Kh\u00f4ng Th\u1ebf (NXB Poplar)&#8230;<\/p>\n<p>Yoshitake Shinsuke c\u00f2n l\u00e0 cha c\u1ee7a hai \u0111\u1ee9a tr\u1ebb.<\/p>\n","protected":false},"excerpt":{"rendered":"<p>\u201cNh\u00ecn t\u1eeb ngo\u00e0i v\u00e0o, ch\u1eafc ch\u1eafn kh\u00f4ng ai bi\u1ebft m\u00ecnh b\u1ecb \u01b0\u1edbt qu\u1ea7n l\u00fac \u0111i t\u00e8. C\u00f3 ai \u0111ang kh\u1ed5 s\u1edf v\u00ec b\u1ecb \u01b0\u1edbt qu\u1ea7n gi\u1ed1ng m\u00ecnh kh\u00f4ng nh\u1ec9?\u201d<\/p>\n<p>C\u00f3 m\u1ed9t c\u1eadu b\u00e9, l\u1ea7n n\u00e0o \u0111i t\u00e8 c\u1eadu c\u0169ng b\u1ecb \u01b0\u1edbt qu\u1ea7n. V\u00e0 c\u1eadu ta tin r\u1eb1ng tr\u00ean th\u1ebf gi\u1edbi n\u00e0y ch\u1eafc ch\u1eafn c\u0169ng c\u00f3 r\u1ea5t nhi\u1ec1u ng\u01b0\u1eddi b\u1ecb \u01b0\u1edbt qu\u1ea7n m\u1ed9t t\u1eb9o khi \u0111i t\u00e8 gi\u1ed1ng m\u00ecnh. M\u00e0 c\u00f3 sao \u0111\u00e2u nh\u1ec9, \u01b0\u1edbt x\u00edu s\u1ebd l\u1ea1i kh\u00f4 c\u01a1 m\u00e0, ch\u1eb3ng hi\u1ec3u sao m\u1eb9 l\u00fac n\u00e0o c\u0169ng m\u1eafng!<\/p>\n<p>Trong khi \u0111i d\u1ea1o ch\u1edd cho qu\u1ea7n kh\u00f4, c\u1eadu \u0111\u00e3 l\u00e0m m\u1ed9t chuy\u1ebfn kh\u1ea3o s\u00e1t v\u00f2ng quanh th\u00e0nh ph\u1ed1. C\u00e1c b\u00e9 bi\u1ebft c\u1eadu \u0111\u00e3 g\u1eb7p nh\u1eefng ai kh\u00f4ng? R\u1ea5t nhi\u1ec1u ng\u01b0\u1eddi! M\u00e0 ng\u01b0\u1eddi n\u00e0o c\u0169ng c\u00f3 nh\u1eefng phi\u1ec1n to\u00e1i ch\u1ec9 ri\u00eang m\u00ecnh h\u1ecd bi\u1ebft. H\u00f3a ra, ai c\u0169ng c\u00f3 n\u1ed7i kh\u1ed5 t\u00e2m ri\u00eang v\u00e0 \u0111i t\u00e8 b\u1ecb \u01b0\u1edbt qu\u1ea7n, bu\u1ed3n thay, l\u00e0 m\u1ed9t trong s\u1ed1 \u0111\u00f3.<\/p>\n<p>M\u1ecdi ng\u01b0\u1eddi \u0111\u1eebng ngh\u0129 r\u1eb1ng \u0111\u00e2y ch\u1ec9 l\u00e0 m\u1ed9t n\u1ed7i b\u1eadn t\u00e2m b\u00e9 x\u00edu th\u00f4i nh\u00e9, cu\u1ed1n s\u00e1ch n\u00e0y ch\u1ee9a \u0111\u1ef1ng c\u1ea3 m\u1ed9t b\u1ea7u tr\u1eddi tri\u1ebft l\u00fd m\u00e0 ch\u1ec9 c\u00f3 nh\u1eefng c\u00f4, c\u1eadu b\u00e9 \u201cb\u1ecb \u01b0\u1edbt qu\u1ea7n l\u00fac \u0111i t\u00e8\u201d m\u1edbi c\u00f3 th\u1ec3 th\u1ea5u hi\u1ec3u \u0111\u01b0\u1ee3c.<\/p>\n<p>B\u1ea1n s\u1ebd kh\u00f4ng th\u1ec3 t\u00ecm \u0111\u01b0\u1ee3c \u1edf \u0111\u00e2u m\u1ed9t cu\u1ed1n s\u00e1ch \u0111\u00e1ng y\u00eau, h\u00e0i h\u01b0\u1edbc v\u00e0 ch\u00e2n th\u1eadt h\u01a1n th\u1ebf n\u1eefa! \u201cM\u00ecnh b\u1ecb \u01b0\u1edbt qu\u1ea7n ch\u00fat x\u00edu l\u00fac \u0111i t\u00e8\u201d s\u1ebd gi\u00fap c\u00e1c b\u00e9 t\u00ecm th\u1ea5y m\u1ed9t ng\u01b0\u1eddi b\u1ea1n gi\u1ed1ng y nh\u01b0 m\u00ecnh, c\u00f9ng chia s\u1ebb v\u1edbi nhau nh\u1eefng \u201cn\u1ed7i ni\u1ec1m th\u1ea7m k\u00edn\u201d.<\/p>\n<p>V\u00e0 sau khi \u0111\u1ecdc xong cu\u1ed1n s\u00e1ch, b\u1ed1 m\u1eb9 s\u1ebd nh\u1eadn ra \u201c\u00c0, h\u00f3a ra \u01b0\u1edbt qu\u1ea7n ch\u00fat x\u00edu c\u0169ng kh\u00f4ng \u0111\u1ebfn n\u1ed7i t\u1ec7\u201d, khi \u0111\u00f3, c\u00e1c b\u1ea1n nh\u1ecf c\u00f3 th\u1ec3 tho\u1ea3i m\u00e1i chia s\u1ebb \u201cv\u1ea5n \u0111\u1ec1\u201d n\u00e0y v\u1edbi b\u1ed1 m\u1eb9 m\u00e0 kh\u00f4ng s\u1ee3 b\u1ecb m\u1eafng n\u1eefa. Th\u1eadt l\u00e0 tuy\u1ec7t \u0111\u00fang kh\u00f4ng!<\/p>\n","protected":false},"featured_media":9827,"template":"","meta":{"_acf_changed":false},"product_brand":[],"product_cat":[24,17],"product_tag":[],"class_list":{"0":"post-9838","1":"product","2":"type-product","3":"status-publish","4":"has-post-thumbnail","6":"product_cat-nha-tre-mau-giao-0-tuoi-6-tuoi","7":"product_cat-sach-danh-cho-cac-be","9":"first","10":"instock","11":"taxable","12":"shipping-taxable","13":"purchasable","14":"product-type-simple"},"supplier_id":null,"supplier_sku":"","barcode":null,"atum_controlled":true,"out_stock_date":null,"out_stock_threshold":null,"inheritable":false,"inbound_stock":3,"stock_on_hold":0,"sold_today":0,"sales_last_days":0,"reserved_stock":0,"customer_returns":0,"warehouse_damage":0,"lost_in_post":0,"other_logs":0,"out_stock_days":0,"lost_sales":0,"has_location":false,"update_date":"2026-01-28T23:10:44","atum_locations":[],"atum_stock_status":"instock","restock_status":false,"low_stock_amount":"","sales_update_date":"2026-01-28T23:10:44","calc_backorders":null,"acf":{"publisher":{"ID":1453,"post_author":"1","post_date":"2021-02-17 01:11:32","post_date_gmt":"2021-02-16 23:11:32","post_content":"<!-- wp:flatsome\/uxbuilder -->\n<h1 style=\"text-align: center;\"><strong>Qu\u1ea3ng V\u0103n<\/strong><\/h1>\n[row]\n\n[col span=\"6\" span__sm=\"12\"]\n\n[ux_image id=\"1552\" image_size=\"medium\"]\n\n\n[\/col]\n[col span=\"6\" span__sm=\"12\"]\n\n<p><strong>Quangvanbooks<\/strong><br \/>Qu\u1ea3ng V\u0103n l\u00e0 t\u1ed5 h\u1ee3p xu\u1ea5t b\u1ea3n, gi\u00e1o d\u1ee5c v\u00e0 nh\u01b0\u1ee3ng quy\u1ec1n h\u00e0ng \u0111\u1ea7u trong ng\u00e0nh c\u00f4ng nghi\u1ec7p s\u00e1ng t\u1ea1o v\u1edbi c\u00e1c th\u01b0\u01a1ng hi\u1ec7u nh\u00e1nh:<\/p>\n<p>Quangvanbooks - Th\u01b0\u01a1ng hi\u1ec7u s\u00e1ch v\u0103n h\u00f3a gi\u00e1o d\u1ee5c v\u00e0 v\u0103n h\u00f3a gi\u1ea3i tr\u00ed<br \/>Ehomebooks - Th\u01b0\u01a1ng hi\u1ec7u s\u00e1ch gi\u00e1o d\u1ee5c gia \u0111\u00ecnh<br \/>Sakurabooks - Th\u01b0\u01a1ng hi\u1ec7u s\u00e1ch Nh\u1eadt B\u1ea3n<br \/>IPERbooks - Th\u01b0\u01a1ng hi\u1ec7u s\u00e1ch gi\u00e1o d\u1ee5c nh\u00e0 tr\u01b0\u1eddng<br \/>IPER - Vi\u1ec7n nghi\u00ean c\u1ee9u xu\u1ea5t b\u1ea3n v\u00e0 gi\u00e1o d\u1ee5c IPER<\/p>\n<p><strong>T\u1ea7m nh\u00ecn<\/strong><br \/>Tr\u1edf th\u00e0nh th\u01b0\u01a1ng hi\u1ec7u s\u00e1ch v\u0103n h\u00f3a gi\u00e1o d\u1ee5c v\u00e0 v\u0103n h\u00f3a gi\u1ea3i tr\u00ed t\u1ed1t nh\u1ea5t v\u00e0 \u0111a d\u1ea1ng nh\u1ea5t Vi\u1ec7t Nam.<\/p>\n<p><br \/><strong>S\u1ee9 m\u1ec7nh<\/strong><br \/>Mang \u0111\u1ebfn nh\u1eefng cu\u1ed1n s\u00e1ch v\u0103n h\u00f3a gi\u00e1o d\u1ee5c v\u00e0 v\u0103n h\u00f3a gi\u1ea3i tr\u00ed \u0111\u1ebfn v\u1edbi \u0111\u1ed9c gi\u1ea3 Vi\u1ec7t Nam v\u00e0 th\u1ebf gi\u1edbi nh\u1eb1m gi\u00fap \u0111\u1ed9c gi\u1ea3 ph\u00e1t tri\u1ec3n b\u1ea3n th\u00e2n, gi\u00e1o d\u1ee5c, gi\u1ea3i tr\u00ed v\u00e0 khai s\u00e1ng nh\u1eb1m x\u00e2y d\u1ef1ng x\u00e3 h\u1ed9i th\u1ecbnh v\u01b0\u1ee3ng, h\u1ea1nh ph\u00fac.<\/p>\n<p><strong>Gi\u00e1 tr\u1ecb c\u1ed1t l\u00f5i<\/strong><\/p>\n<p>S\u00e1ng t\u1ea1o - Linh ho\u1ea1t - H\u1ee3p t\u00e1c - Ch\u00ednh tr\u1ef1c - Nhi\u1ec7t huy\u1ebft - C\u00e2n b\u1eb1ng - H\u1ea1nh ph\u00fac<\/p>\n\n[\/col]\n\n[\/row]\n\n<!-- \/wp:flatsome\/uxbuilder -->","post_title":"Qu\u1ea3ng V\u0103n","post_excerpt":"","post_status":"publish","comment_status":"closed","ping_status":"closed","post_password":"","post_name":"quang-van","to_ping":"","pinged":"","post_modified":"2021-02-17 01:26:44","post_modified_gmt":"2021-02-16 23:26:44","post_content_filtered":"","post_parent":0,"guid":"https:\/\/sachviet.eu\/nha-phat-hanh\/quang-van\/","menu_order":0,"post_type":"publisher","post_mime_type":"","comment_count":"0","filter":"raw"}},"_links":{"self":[{"href":"https:\/\/sachviet.eu\/en\/wp-json\/wp\/v2\/product\/9838","targetHints":{"allow":["GET"]}}],"collection":[{"href":"https:\/\/sachviet.eu\/en\/wp-json\/wp\/v2\/product"}],"about":[{"href":"https:\/\/sachviet.eu\/en\/wp-json\/wp\/v2\/types\/product"}],"wp:featuredmedia":[{"embeddable":true,"href":"https:\/\/sachviet.eu\/en\/wp-json\/wp\/v2\/media\/9827"}],"wp:attachment":[{"href":"https:\/\/sachviet.eu\/en\/wp-json\/wp\/v2\/media?parent=9838"}],"wp:term":[{"taxonomy":"product_brand","embeddable":true,"href":"https:\/\/sachviet.eu\/en\/wp-json\/wp\/v2\/product_brand?post=9838"},{"taxonomy":"product_cat","embeddable":true,"href":"https:\/\/sachviet.eu\/en\/wp-json\/wp\/v2\/product_cat?post=9838"},{"taxonomy":"product_tag","embeddable":true,"href":"https:\/\/sachviet.eu\/en\/wp-json\/wp\/v2\/product_tag?post=9838"}],"curies":[{"name":"wp","href":"https:\/\/api.w.org\/{rel}","templated":true}]}}