{"id":9813,"date":"2021-06-02T01:40:40","date_gmt":"2021-06-01T22:40:40","guid":{"rendered":"https:\/\/sachviet.eu\/shop\/luoc-su-nuoc-viet-bang-tranh-viet-nam-a-brief-history-in-pictures\/"},"modified":"2022-03-20T10:37:32","modified_gmt":"2022-03-20T08:37:32","slug":"luoc-su-nuoc-viet-bang-tranh-viet-nam-a-brief-history-in-pictures","status":"publish","type":"product","link":"https:\/\/sachviet.eu\/en\/shop\/luoc-su-nuoc-viet-bang-tranh-viet-nam-a-brief-history-in-pictures\/","title":{"rendered":"L\u01b0\u1ee3c S\u1eed N\u01b0\u1edbc Vi\u1ec7t B\u1eb1ng Tranh: Viet Nam \u2013 A Brief History In Pictures"},"content":{"rendered":"<p>D\u00f2ng s\u1eed Vi\u1ec7t xu\u00f4i t\u1eeb th\u01b0\u1ee3ng ngu\u1ed3n l\u1ecbch s\u1eed, thu\u1edf cha L\u1ea1c Long Qu\u00e2n k\u1ebft duy\u00ean c\u00f9ng m\u1eb9 \u00c2u C\u01a1. T\u1eeb qu\u00e1 kh\u1ee9 xa x\u01b0a \u0111\u1eabm m\u00e0u huy\u1ec1n t\u00edch, n\u01b0\u1edbc Vi\u1ec7t \u0111\u00e3 tr\u1ea3i qua xi\u1ebft bao bi\u1ebfn c\u1ed1 th\u0103ng tr\u1ea7m. Nh\u1eefng d\u1ea5u ch\u00e2n cha \u00f4ng t\u1eeb ng\u00e0y m\u1edf n\u01b0\u1edbc v\u1eabn c\u00f2n l\u01b0u l\u1ea1i trong th\u1eb3m s\u00e2u t\u00e2m h\u1ed3n d\u00e2n t\u1ed9c. V\u00e0 ta h\u00e3y t\u00ecm xem, nh\u1eefng b\u00f3ng d\u00e1ng n\u00e0o c\u1ee7a ng\u00e0y h\u00f4m qua v\u1eabn c\u00f2n th\u1ea5p tho\u00e1ng trong d\u00f2ng ch\u1ea3y h\u00f4m nay\u2026<\/p>\n<p>Vietnamese history flows from the ancient upstream when father L\u1ea1c Long Qu\u00e2n got married to mother \u00c2u C\u01a1. Since the deeply legendary past, the nation of Vietnam has experienced many ups and downs. The footprints of our ancestors in the time of founding country still remain in the depth of people\u2019s hearts. Let\u2019s find out the stamps of yesterday flickering in the present current of time\u2026<\/p>\n","protected":false},"excerpt":{"rendered":"<p>D\u00f2ng s\u1eed Vi\u1ec7t xu\u00f4i t\u1eeb th\u01b0\u1ee3ng ngu\u1ed3n l\u1ecbch s\u1eed, thu\u1edf cha L\u1ea1c Long Qu\u00e2n k\u1ebft duy\u00ean c\u00f9ng m\u1eb9 \u00c2u C\u01a1. T\u1eeb qu\u00e1 kh\u1ee9 xa x\u01b0a \u0111\u1eabm m\u00e0u huy\u1ec1n t\u00edch, n\u01b0\u1edbc Vi\u1ec7t \u0111\u00e3 tr\u1ea3i qua xi\u1ebft bao bi\u1ebfn c\u1ed1 th\u0103ng tr\u1ea7m. Nh\u1eefng d\u1ea5u ch\u00e2n cha \u00f4ng t\u1eeb ng\u00e0y m\u1edf n\u01b0\u1edbc v\u1eabn c\u00f2n l\u01b0u l\u1ea1i trong th\u1eb3m s\u00e2u t\u00e2m h\u1ed3n d\u00e2n t\u1ed9c. V\u00e0 ta h\u00e3y t\u00ecm xem, nh\u1eefng b\u00f3ng d\u00e1ng n\u00e0o c\u1ee7a ng\u00e0y h\u00f4m qua v\u1eabn c\u00f2n th\u1ea5p tho\u00e1ng trong d\u00f2ng ch\u1ea3y h\u00f4m nay\u2026<\/p>\n<p>Vietnamese history flows from the ancient upstream when father L\u1ea1c Long Qu\u00e2n got married to mother \u00c2u C\u01a1. Since the deeply legendary past, the nation of Vietnam has experienced many ups and downs. The footprints of our ancestors in the time of founding country still remain in the depth of people\u2019s hearts. Let\u2019s find out the stamps of yesterday flickering in the present current of time\u2026<\/p>\n","protected":false},"featured_media":9812,"template":"","meta":{"_acf_changed":false},"product_brand":[],"product_cat":[15,47],"product_tag":[],"class_list":{"0":"post-9813","1":"product","2":"type-product","3":"status-publish","4":"has-post-thumbnail","6":"product_cat-sach-danh-cho-nguoi-lon","7":"product_cat-truyen-ngan-tan-van","9":"first","10":"outofstock","11":"taxable","12":"shipping-taxable","13":"purchasable","14":"product-type-simple"},"supplier_id":null,"supplier_sku":"","barcode":null,"atum_controlled":true,"out_stock_date":"2022-03-20 06:37:32","out_stock_threshold":null,"inheritable":false,"inbound_stock":0,"stock_on_hold":0,"sold_today":0,"sales_last_days":0,"reserved_stock":0,"customer_returns":0,"warehouse_damage":0,"lost_in_post":0,"other_logs":0,"out_stock_days":1410,"lost_sales":0,"has_location":false,"update_date":"2026-01-28T23:10:44","atum_locations":[],"atum_stock_status":"outofstock","restock_status":false,"low_stock_amount":"","sales_update_date":"2026-01-28T23:10:44","calc_backorders":null,"acf":{"publisher":{"ID":1454,"post_author":"1","post_date":"2021-02-17 01:11:34","post_date_gmt":"2021-02-16 23:11:34","post_content":"<!-- wp:flatsome\/uxbuilder -->\n<h1 style=\"text-align: center;\"><strong>Kim \u0110\u1ed3ng<\/strong><\/h1>\n[row]\n\n[col span=\"3\" span__sm=\"12\"]\n\n[ux_image id=\"1534\" image_size=\"medium\"]\n\n\n[\/col]\n[col span=\"9\" span__sm=\"12\"]\n\n<p>Nh\u00e0 xu\u1ea5t b\u1ea3n Kim \u0110\u1ed3ng tr\u1ef1c thu\u1ed9c Trung \u01b0\u01a1ng \u0110o\u00e0n TNCS H\u1ed3 Ch\u00ed Minh l\u00e0 Nh\u00e0 xu\u1ea5t b\u1ea3n t\u1ed5ng h\u1ee3p c\u00f3 ch\u1ee9c n\u0103ng xu\u1ea5t b\u1ea3n s\u00e1ch v\u00e0 v\u0103n h\u00f3a ph\u1ea9m ph\u1ee5c v\u1ee5 thi\u1ebfu nhi v\u00e0 c\u00e1c b\u1eadc ph\u1ee5 huynh trong c\u1ea3 n\u01b0\u1edbc, qu\u1ea3ng b\u00e1 v\u00e0 gi\u1edbi thi\u1ec7u v\u0103n h\u00f3a Vi\u1ec7t Nam ra th\u1ebf gi\u1edbi.<br \/>Nh\u00e0 xu\u1ea5t b\u1ea3n c\u00f3 nhi\u1ec7m v\u1ee5 t\u1ed5 ch\u1ee9c b\u1ea3n th\u1ea3o, bi\u00ean so\u1ea1n, bi\u00ean d\u1ecbch, xu\u1ea5t b\u1ea3n v\u00e0 ph\u00e1t h\u00e0nh c\u00e1c xu\u1ea5t b\u1ea3n ph\u1ea9m c\u00f3 n\u1ed9i dung: gi\u00e1o d\u1ee5c truy\u1ec1n th\u1ed1ng d\u00e2n t\u1ed9c, gi\u00e1o d\u1ee5c v\u1ec1 tri th\u1ee9c, ki\u1ebfn th\u1ee9c\u2026 tr\u00ean c\u00e1c l\u0129nh v\u1ef1c v\u0103n h\u1ecdc, ngh\u1ec7 thu\u1eadt, khoa h\u1ecdc k\u1ef9 thu\u1eadt nh\u1eb1m cung c\u1ea5p cho c\u00e1c em thi\u1ebfu nhi c\u0169ng nh\u01b0 c\u00e1c b\u1eadc ph\u1ee5 huynh c\u00e1c ki\u1ebfn th\u1ee9c c\u1ea7n thi\u1ebft trong cu\u1ed9c s\u1ed1ng, nh\u1eefng tinh hoa c\u1ee7a tri th\u1ee9c nh\u00e2n lo\u1ea1i nh\u1eb1m g\u00f3p ph\u1ea7n gi\u00e1o d\u1ee5c v\u00e0 h\u00ecnh th\u00e0nh nh\u00e2n c\u00e1ch th\u1ebf h\u1ec7 tr\u1ebb.<br \/>\u0110\u1ed1i t\u01b0\u1ee3ng ph\u1ee5c v\u1ee5 c\u1ee7a Nh\u00e0 xu\u1ea5t b\u1ea3n l\u00e0 c\u00e1c em t\u1eeb tu\u1ed5i nh\u00e0 tr\u1ebb m\u1eabu gi\u00e1o (1 \u0111\u1ebfn 5 tu\u1ed5i), nhi \u0111\u1ed3ng (6 \u0111\u1ebfn 9 tu\u1ed5i), thi\u1ebfu ni\u00ean (10 \u0111\u1ebfn 15 tu\u1ed5i) \u0111\u1ebfn c\u00e1c em tu\u1ed5i m\u1edbi l\u1edbn (16 \u0111\u1ebfn 18 tu\u1ed5i) v\u00e0 c\u00e1c b\u1eadc ph\u1ee5 huynh.<\/p>\n\n[\/col]\n\n[\/row]\n\n<!-- \/wp:flatsome\/uxbuilder -->","post_title":"Kim \u0110\u1ed3ng","post_excerpt":"","post_status":"publish","comment_status":"closed","ping_status":"closed","post_password":"","post_name":"kim-dong","to_ping":"","pinged":"","post_modified":"2021-02-17 01:31:56","post_modified_gmt":"2021-02-16 23:31:56","post_content_filtered":"","post_parent":0,"guid":"https:\/\/sachviet.eu\/nha-phat-hanh\/kim-dong\/","menu_order":0,"post_type":"publisher","post_mime_type":"","comment_count":"0","filter":"raw"}},"_links":{"self":[{"href":"https:\/\/sachviet.eu\/en\/wp-json\/wp\/v2\/product\/9813","targetHints":{"allow":["GET"]}}],"collection":[{"href":"https:\/\/sachviet.eu\/en\/wp-json\/wp\/v2\/product"}],"about":[{"href":"https:\/\/sachviet.eu\/en\/wp-json\/wp\/v2\/types\/product"}],"wp:featuredmedia":[{"embeddable":true,"href":"https:\/\/sachviet.eu\/en\/wp-json\/wp\/v2\/media\/9812"}],"wp:attachment":[{"href":"https:\/\/sachviet.eu\/en\/wp-json\/wp\/v2\/media?parent=9813"}],"wp:term":[{"taxonomy":"product_brand","embeddable":true,"href":"https:\/\/sachviet.eu\/en\/wp-json\/wp\/v2\/product_brand?post=9813"},{"taxonomy":"product_cat","embeddable":true,"href":"https:\/\/sachviet.eu\/en\/wp-json\/wp\/v2\/product_cat?post=9813"},{"taxonomy":"product_tag","embeddable":true,"href":"https:\/\/sachviet.eu\/en\/wp-json\/wp\/v2\/product_tag?post=9813"}],"curies":[{"name":"wp","href":"https:\/\/api.w.org\/{rel}","templated":true}]}}