{"id":9811,"date":"2021-06-02T01:40:35","date_gmt":"2021-06-01T22:40:35","guid":{"rendered":"https:\/\/sachviet.eu\/shop\/viet-nam-su-luoc-tran-trong-kim-bia-cung\/"},"modified":"2021-07-16T18:21:46","modified_gmt":"2021-07-16T15:21:46","slug":"viet-nam-su-luoc-tran-trong-kim-bia-cung","status":"publish","type":"product","link":"https:\/\/sachviet.eu\/en\/shop\/viet-nam-su-luoc-tran-trong-kim-bia-cung\/","title":{"rendered":"Vi\u1ec7t Nam S\u1eed L\u01b0\u1ee3c &#8211; Tr\u1ea7n Tr\u1ecdng Kim (B\u00eca C\u1ee9ng)"},"content":{"rendered":"<p>Vi\u1ec7t Nam S\u1eed L\u01b0\u1ee3c (\u1ea4n B\u1ea3n K\u1ec9 Ni\u1ec7m 100 N\u0103m Xu\u1ea5t B\u1ea3n L\u1ea7n \u0110\u1ea7u)<\/p>\n<p>\u0110\u1ea7u th\u1ebf k\u1ef7 XX, gi\u1eefa l\u00fac n\u1ec1n h\u1ecdc thu\u1eadt n\u01b0\u1edbc nh\u00e0 ch\u1ec9 c\u00f3 c\u00e1c b\u1ed9 \u0111\u1ea1i t\u00e1c nh\u01b0 \u0110\u1ea1i Vi\u1ec7t s\u1eed k\u00fd to\u00e0n th\u01b0 hay Kh\u00e2m \u0111\u1ecbnh Vi\u1ec7t s\u1eed th\u00f4ng gi\u00e1m c\u01b0\u01a1ng m\u1ee5c l\u00e0 ngu\u1ed3n s\u1eed li\u1ec7u ch\u00ednh th\u1ed1ng nh\u01b0ng ch\u01b0a \u0111\u00e1p \u1ee9ng nhu c\u1ea7u t\u00ecm hi\u1ec3u l\u1ecbch s\u1eed c\u1ee7a ph\u1ea7n \u0111\u00f4ng d\u00e2n ch\u00fang, th\u00ec Vi\u1ec7t Nam s\u1eed l\u01b0\u1ee3c, v\u1edbi t\u01b0 c\u00e1ch l\u00e0 b\u1ed9 th\u00f4ng s\u1eed chi ti\u1ebft \u0111\u1ea7u ti\u00ean \u0111\u01b0\u1ee3c vi\u1ebft b\u1eb1ng ch\u1eef qu\u1ed1c ng\u1eef, \u0111\u00e3 xu\u1ea5t hi\u1ec7n v\u00e0 nhanh ch\u00f3ng thu h\u00fat s\u1ef1 quan t\u00e2m c\u1ee7a \u0111\u1ed9c gi\u1ea3 l\u1eabn gi\u1edbi nghi\u00ean c\u1ee9u c\u1ea3 n\u01b0\u1edbc. T\u1eeb \u0111\u00f3 \u0111\u1ebfn nay \u0111\u00e3 100 n\u0103m tr\u00f4i qua, t\u00e1c ph\u1ea9m v\u1eabn gi\u1eef nguy\u00ean gi\u00e1 tr\u1ecb v\u00e0 l\u00e0 quy\u1ec3n s\u00e1ch v\u1ee1 l\u00f2ng quen thu\u1ed9c cho nh\u1eefng ai b\u1eaft \u0111\u1ea7u t\u00ecm hi\u1ec3u l\u1ecbch s\u1eed Vi\u1ec7t Nam.<\/p>\n<p>\u0110\u1ec3 g\u00f3p ph\u1ea7n ho\u00e0n thi\u1ec7n v\u00e0 ph\u1ed5 bi\u1ebfn \u201ct\u1ea5m Nam s\u1eed\u201d m\u00e0 h\u1ecdc gi\u1ea3 Tr\u1ea7n Tr\u1ecdng Kim \u0111\u00e3 d\u1ec7t nh\u1eefng s\u1ee3i \u0111\u1ea7u ti\u00ean c\u00e1ch nay \u0111\u00fang m\u1ed9t th\u1ebf k\u1ef7, \u0110\u00f4ng A ti\u1ebfn h\u00e0nh t\u00e1i b\u1ea3n t\u00e1c ph\u1ea9m Vi\u1ec7t Nam s\u1eed l\u01b0\u1ee3c, d\u1ef1a theo b\u1ea3n in c\u1ee7a nh\u00e0 T\u00e2n Vi\u1ec7t n\u0103m 1954, c\u00f3 b\u1ed5 sung m\u1ed9t s\u1ed1 chi ti\u1ebft t\u1eeb c\u00e1c b\u1ea3n in n\u0103m 1920, 1928 v\u00e0 1971. \u0110\u1ed3ng th\u1eddi, ch\u00fang t\u00f4i tuy\u1ec3n l\u1ef1a v\u00e0 th\u00eam v\u00e0o m\u1ed9t s\u1ed1 h\u00ecnh \u1ea3nh minh h\u1ecda t\u1eeb ngu\u1ed3n tranh d\u00e2n gian, b\u1ea3o t\u00e0ng v\u00e0 m\u1ed9t s\u1ed1 t\u01b0 li\u1ec7u s\u00e1ch b\u00e1o x\u01b0a, v\u1edbi mong mu\u1ed1n g\u1eedi t\u1edbi b\u1ea1n \u0111\u1ecdc m\u1ed9t \u1ea5n b\u1ea3n kh\u00f4ng ch\u1ec9 ch\u1ec9n chu v\u1ec1 m\u1eb7t n\u1ed9i dung m\u00e0 c\u00f2n trang nh\u00e3 v\u1ec1 m\u1eb7t h\u00ecnh th\u1ee9c, nh\u00e2n k\u1ef7 ni\u1ec7m 100 n\u0103m ng\u00e0y t\u00e1c ph\u1ea9m ra \u0111\u1eddi 1920 &#8211; 2020.<\/p>\n<p>\u1ea4n b\u1ea3n cao c\u1ea5p Vi\u1ec7t Nam s\u1eed l\u01b0\u1ee3c c\u00f3 b\u00eca c\u1ee9ng, ru\u1ed9t in 2 m\u00e0u tr\u00ean gi\u1ea5y GV76-BB \u0111\u1ecbnh l\u01b0\u1ee3ng 100 gsm, qu\u00e0 t\u1eb7ng k\u00e8m g\u1ed3m b\u1ea3n \u0111\u1ed3, bookmark v\u00e0 b\u1ed9 postcard 8 t\u1ea5m.<\/p>\n<p>Th\u00f4ng tin t\u00e1c gi\u1ea3: Tr\u1ea7n Tr\u1ecdng Kim (1883 &#8211; 1953) l\u00e0 nh\u00e0 gi\u00e1o d\u1ee5c, nh\u00e0 bi\u00ean kh\u1ea3o v\u0103n h\u1ecdc v\u00e0 s\u1eed h\u1ecdc Vi\u1ec7t Nam, hi\u1ec7u L\u1ec7 Th\u1ea7n, ng\u01b0\u1eddi x\u00e3 \u0110an Ph\u1ed1, huy\u1ec7n Nghi Xu\u00e2n, t\u1ec9nh H\u00e0 T\u0129nh. Tr\u1ea7n Tr\u1ecdng Kim thu\u1ed9c th\u1ebf h\u1ec7 tr\u00ed th\u1ee9c Vi\u1ec7t Nam giao th\u1eddi, v\u1eeba uy\u00ean th\u00e2m Nho h\u1ecdc, v\u1eeba am t\u01b0\u1eddng T\u00e2y h\u1ecdc. M\u01b0\u1eddi b\u1ea3y tu\u1ed5i, \u00f4ng thi \u0111\u1ed7 v\u00e0o tr\u01b0\u1eddng Th\u00f4ng ng\u00f4n. N\u0103m 1906, \u00f4ng tham d\u1ef1 h\u1ed9i ch\u1ee3 Marseille r\u1ed3i xin \u1edf l\u1ea1i Ph\u00e1p h\u1ecdc th\u00eam. N\u0103m 1911, \u00f4ng v\u1ec1 n\u01b0\u1edbc v\u00e0 t\u1eadn t\u1ee5y v\u1edbi c\u00f4ng vi\u1ec7c d\u1ea1y h\u1ecdc. Sau khi ngh\u1ec9 h\u01b0u, th\u00e1ng 3 n\u0103m 1945, \u00f4ng tham gia ch\u00ednh tr\u01b0\u1eddng, r\u1ed3i gi\u1eef ch\u1ee9c Th\u1ee7 t\u01b0\u1edbng c\u1ee7a \u0110\u1ebf qu\u1ed1c Vi\u1ec7t Nam cho \u0111\u1ebfn khi ch\u00ednh ph\u1ee7 n\u00e0y s\u1ee5p \u0111\u1ed5 v\u00e0o th\u00e1ng 8 c\u00f9ng n\u0103m. \u00d4ng tr\u1ea3i qua nh\u1eefng n\u0103m th\u00e1ng cu\u1ed1i \u0111\u1eddi trong c\u1ea3nh kh\u00f3 nh\u1ecdc. Ng\u00e0y 2 th\u00e1ng 12 n\u0103m 1953, \u00f4ng \u0111\u1ed9t ng\u1ed9t qua \u0111\u1eddi t\u1ea1i \u0110\u00e0 L\u1ea1t.<\/p>\n<p>Trong s\u1ef1 nghi\u1ec7p nghi\u00ean c\u1ee9u v\u00e0 bi\u00ean kh\u1ea3o, Tr\u1ea7n Tr\u1ecdng Kim \u0111\u1ec3 l\u1ea1i nhi\u1ec1u t\u00e1c ph\u1ea9m gi\u00e1 tr\u1ecb, nh\u01b0 S\u01a1 h\u1ecdc lu\u00e2n l\u00fd, S\u01b0 ph\u1ea1m khoa y\u1ebfu l\u01b0\u1ee3c, Vi\u1ec7t Nam v\u0103n ph\u1ea1m, b\u1ed9 ba Qu\u1ed1c v\u0103n gi\u00e1o khoa th\u01b0, Lu\u00e2n l\u00fd gi\u00e1o khoa th\u01b0, S\u1eed k\u00fd &#8211; \u0111\u1ecba d\u01b0 gi\u00e1o khoa th\u01b0, nh\u01b0ng n\u1ed5i ti\u1ebfng nh\u1ea5t l\u00e0 hai b\u1ed9 Nho gi\u00e1o v\u00e0 Vi\u1ec7t Nam s\u1eed l\u01b0\u1ee3c.<\/p>\n<p>Nh\u1eadn x\u00e9t v\u1ec1 t\u00e1c ph\u1ea9m v\u00e0 t\u00e1c gi\u1ea3:<\/p>\n<p>\u201cC\u00e1i v\u0103n c\u1ed5 k\u00ednh \u0111i\u1ec1m \u0111\u1ea1m, l\u1eddi thu\u1eadt s\u00e1ng s\u1ee7a d\u1ed3i d\u00e0o, c\u00e1ch x\u1ebfp \u0111\u1eb7t c\u00f3 tr\u1eadt t\u1ef1 ph\u00e2n minh, \u00fd cai qu\u00e1t \u0111\u01b0\u1ee3c r\u00f5 r\u00e0ng kh\u00fac chi\u1ebft, \u1ea5y l\u00e0 nh\u1eefng c\u00e1i \u0111\u1eb7c s\u1eafc c\u1ee7a b\u1ed9 Vi\u1ec7t Nam s\u1eed l\u01b0\u1ee3c&#8230;\u201d &#8211; Thi\u1ebfu S\u01a1n, trong Ph\u00ea b\u00ecnh v\u00e0 c\u1ea3o lu\u1eadn.<\/p>\n<p> \u201c\u00d4ng (Tr\u1ea7n Tr\u1ecdng Kim) \u0111\u01b0\u1ee3c xem l\u00e0 m\u1ed9t nh\u00e0 gi\u00e1o g\u01b0\u01a1ng m\u1eabu, m\u1ed9t h\u1ecdc gi\u1ea3 b\u1eadc th\u1ea7y, m\u1ed9t con ng\u01b0\u1eddi nghi\u00eam t\u00fac.\u201d  &#8211; Nh\u00e0 nghi\u00ean c\u1ee9u V\u0169 Ng\u1ecdc Kh\u00e1nh.<\/p>\n","protected":false},"excerpt":{"rendered":"<p>\u0110\u1ea7u th\u1ebf k\u1ef7 XX, gi\u1eefa l\u00fac n\u1ec1n h\u1ecdc thu\u1eadt n\u01b0\u1edbc nh\u00e0 ch\u1ec9 c\u00f3 c\u00e1c b\u1ed9 \u0111\u1ea1i t\u00e1c nh\u01b0 \u0110\u1ea1i Vi\u1ec7t s\u1eed k\u00fd to\u00e0n th\u01b0 hay Kh\u00e2m \u0111\u1ecbnh Vi\u1ec7t s\u1eed th\u00f4ng gi\u00e1m c\u01b0\u01a1ng m\u1ee5c l\u00e0 ngu\u1ed3n s\u1eed li\u1ec7u ch\u00ednh th\u1ed1ng nh\u01b0ng ch\u01b0a \u0111\u00e1p \u1ee9ng nhu c\u1ea7u t\u00ecm hi\u1ec3u l\u1ecbch s\u1eed c\u1ee7a ph\u1ea7n \u0111\u00f4ng d\u00e2n ch\u00fang, th\u00ec Vi\u1ec7t Nam s\u1eed l\u01b0\u1ee3c, v\u1edbi t\u01b0 c\u00e1ch l\u00e0 b\u1ed9 th\u00f4ng s\u1eed chi ti\u1ebft \u0111\u1ea7u ti\u00ean \u0111\u01b0\u1ee3c vi\u1ebft b\u1eb1ng ch\u1eef qu\u1ed1c ng\u1eef, \u0111\u00e3 xu\u1ea5t hi\u1ec7n v\u00e0 nhanh ch\u00f3ng thu h\u00fat s\u1ef1 quan t\u00e2m c\u1ee7a \u0111\u1ed9c gi\u1ea3 l\u1eabn gi\u1edbi nghi\u00ean c\u1ee9u c\u1ea3 n\u01b0\u1edbc. T\u1eeb \u0111\u00f3 \u0111\u1ebfn nay \u0111\u00e3 100 n\u0103m tr\u00f4i qua, t\u00e1c ph\u1ea9m v\u1eabn gi\u1eef nguy\u00ean gi\u00e1 tr\u1ecb v\u00e0 l\u00e0 quy\u1ec3n s\u00e1ch v\u1ee1 l\u00f2ng quen thu\u1ed9c cho nh\u1eefng ai b\u1eaft \u0111\u1ea7u t\u00ecm hi\u1ec3u l\u1ecbch s\u1eed Vi\u1ec7t Nam.<\/p>\n<p>\u0110\u1ec3 g\u00f3p ph\u1ea7n ho\u00e0n thi\u1ec7n v\u00e0 ph\u1ed5 bi\u1ebfn \u201ct\u1ea5m Nam s\u1eed\u201d m\u00e0 h\u1ecdc gi\u1ea3 Tr\u1ea7n Tr\u1ecdng Kim \u0111\u00e3 d\u1ec7t nh\u1eefng s\u1ee3i \u0111\u1ea7u ti\u00ean c\u00e1ch nay \u0111\u00fang m\u1ed9t th\u1ebf k\u1ef7, \u0110\u00f4ng A ti\u1ebfn h\u00e0nh t\u00e1i b\u1ea3n t\u00e1c ph\u1ea9m Vi\u1ec7t Nam s\u1eed l\u01b0\u1ee3c, d\u1ef1a theo b\u1ea3n in c\u1ee7a nh\u00e0 T\u00e2n Vi\u1ec7t n\u0103m 1954, c\u00f3 b\u1ed5 sung m\u1ed9t s\u1ed1 chi ti\u1ebft t\u1eeb c\u00e1c b\u1ea3n in n\u0103m 1920, 1928 v\u00e0 1971. \u0110\u1ed3ng th\u1eddi, ch\u00fang t\u00f4i tuy\u1ec3n l\u1ef1a v\u00e0 th\u00eam v\u00e0o m\u1ed9t s\u1ed1 h\u00ecnh \u1ea3nh minh h\u1ecda t\u1eeb ngu\u1ed3n tranh d\u00e2n gian, b\u1ea3o t\u00e0ng v\u00e0 m\u1ed9t s\u1ed1 t\u01b0 li\u1ec7u s\u00e1ch b\u00e1o x\u01b0a, v\u1edbi mong mu\u1ed1n g\u1eedi t\u1edbi b\u1ea1n \u0111\u1ecdc m\u1ed9t \u1ea5n b\u1ea3n kh\u00f4ng ch\u1ec9 ch\u1ec9n chu v\u1ec1 m\u1eb7t n\u1ed9i dung m\u00e0 c\u00f2n trang nh\u00e3 v\u1ec1 m\u1eb7t h\u00ecnh th\u1ee9c, nh\u00e2n k\u1ef7 ni\u1ec7m 100 n\u0103m ng\u00e0y t\u00e1c ph\u1ea9m ra \u0111\u1eddi 1920 &#8211; 2020.<\/p>\n<p>\u1ea4n b\u1ea3n cao c\u1ea5p Vi\u1ec7t Nam s\u1eed l\u01b0\u1ee3c c\u00f3 b\u00eca c\u1ee9ng, ru\u1ed9t in 2 m\u00e0u tr\u00ean gi\u1ea5y GV76-BB \u0111\u1ecbnh l\u01b0\u1ee3ng 100 gsm, qu\u00e0 t\u1eb7ng k\u00e8m g\u1ed3m b\u1ea3n \u0111\u1ed3, bookmark v\u00e0 b\u1ed9 postcard 8 t\u1ea5m.<\/p>\n","protected":false},"featured_media":9808,"template":"","meta":{"_acf_changed":false},"product_brand":[],"product_cat":[15,47],"product_tag":[],"class_list":{"0":"post-9811","1":"product","2":"type-product","3":"status-publish","4":"has-post-thumbnail","6":"product_cat-sach-danh-cho-nguoi-lon","7":"product_cat-truyen-ngan-tan-van","9":"first","10":"outofstock","11":"taxable","12":"shipping-taxable","13":"purchasable","14":"product-type-simple"},"supplier_id":null,"supplier_sku":"","barcode":null,"atum_controlled":true,"out_stock_date":"2021-07-16 15:21:46","out_stock_threshold":null,"inheritable":false,"inbound_stock":0,"stock_on_hold":0,"sold_today":0,"sales_last_days":0,"reserved_stock":0,"customer_returns":0,"warehouse_damage":0,"lost_in_post":0,"other_logs":0,"out_stock_days":1657,"lost_sales":0,"has_location":false,"update_date":"2026-01-28T23:10:44","atum_locations":[],"atum_stock_status":"outofstock","restock_status":false,"low_stock_amount":"","sales_update_date":"2026-01-28T23:10:44","calc_backorders":null,"acf":{"publisher":{"ID":1544,"post_author":"1","post_date":"2021-02-17 01:24:05","post_date_gmt":"2021-02-16 23:24:05","post_content":"","post_title":"\u0110\u00f4ng A","post_excerpt":"","post_status":"publish","comment_status":"closed","ping_status":"closed","post_password":"","post_name":"dong-a","to_ping":"","pinged":"","post_modified":"2021-02-17 01:24:05","post_modified_gmt":"2021-02-16 23:24:05","post_content_filtered":"","post_parent":0,"guid":"https:\/\/sachviet.eu\/nha-phat-hanh\/dong-a\/","menu_order":0,"post_type":"publisher","post_mime_type":"","comment_count":"0","filter":"raw"}},"_links":{"self":[{"href":"https:\/\/sachviet.eu\/en\/wp-json\/wp\/v2\/product\/9811","targetHints":{"allow":["GET"]}}],"collection":[{"href":"https:\/\/sachviet.eu\/en\/wp-json\/wp\/v2\/product"}],"about":[{"href":"https:\/\/sachviet.eu\/en\/wp-json\/wp\/v2\/types\/product"}],"wp:featuredmedia":[{"embeddable":true,"href":"https:\/\/sachviet.eu\/en\/wp-json\/wp\/v2\/media\/9808"}],"wp:attachment":[{"href":"https:\/\/sachviet.eu\/en\/wp-json\/wp\/v2\/media?parent=9811"}],"wp:term":[{"taxonomy":"product_brand","embeddable":true,"href":"https:\/\/sachviet.eu\/en\/wp-json\/wp\/v2\/product_brand?post=9811"},{"taxonomy":"product_cat","embeddable":true,"href":"https:\/\/sachviet.eu\/en\/wp-json\/wp\/v2\/product_cat?post=9811"},{"taxonomy":"product_tag","embeddable":true,"href":"https:\/\/sachviet.eu\/en\/wp-json\/wp\/v2\/product_tag?post=9811"}],"curies":[{"name":"wp","href":"https:\/\/api.w.org\/{rel}","templated":true}]}}