{"id":9803,"date":"2021-06-02T01:40:12","date_gmt":"2021-06-01T22:40:12","guid":{"rendered":"https:\/\/sachviet.eu\/shop\/lam-sao-de-dung-set-5-quyen\/"},"modified":"2021-06-07T16:24:20","modified_gmt":"2021-06-07T13:24:20","slug":"lam-sao-de-dung-set-5-quyen","status":"publish","type":"product","link":"https:\/\/sachviet.eu\/en\/shop\/lam-sao-de-dung-set-5-quyen\/","title":{"rendered":"L\u00e0m Sao \u0110\u1ec3 D\u1ef1ng &#8211; Set 5 quy\u1ec3n"},"content":{"rendered":"<p>1. L\u00e0m Sao \u0110\u1ec3 D\u1ef1ng M\u00f4 T\u00f4<\/p>\n<p>B\u1ea5y gi\u1edd l\u00e0 \u0111\u1ea7u m\u00f9a xu\u00e2n v\u00e0 ba nh\u00e0 du h\u00e0nh can \u0111\u1ea3m \u2013 ch\u00fa chu\u1ed9t Arnie, con chim s\u1ebb Bill v\u00e0 ch\u00fa \u1ebfch Christian \u2013 v\u1eeba tr\u1edf v\u1ec1 nh\u00e0 t\u1eeb ph\u01b0\u01a1ng nam xa x\u00f4i tr\u00ean chi\u1ebfc m\u00e1y bay t\u1ef1 ch\u1ebf t\u1ea1o. Chuy\u1ebfn \u0111i khi\u1ebfn ch\u00fang m\u1ec7t nho\u00e0i, c\u00f2n c\u00e1c tr\u1ea3i nghi\u1ec7m m\u1edbi th\u00ec c\u00f3 l\u1ebd \u0111\u00e3 thay \u0111\u1ed5i c\u00e1i nh\u00ecn c\u1ee7a ch\u00fang v\u1ec1 th\u1ebf gi\u1edbi. \u0110\u00f3n ch\u00e0o ch\u00fang khi h\u1ea1 c\u00e1nh l\u00e0 hai ng\u01b0\u1eddi b\u1ea1n Titch v\u00e0 Fred c\u00f9ng m\u1ed9t th\u1eed th\u00e1ch ho\u00e0n to\u00e0n m\u1edbi. Arnie th\u00ec ch\u1eb3ng mong mu\u1ed1n g\u00ec h\u01a1n l\u00e0 \u0111\u01b0\u1ee3c d\u00e0nh th\u1eddi gian v\u1edbi c\u00f4 b\u1ea1n g\u00e1i Lucy, ho\u00e0n to\u00e0n kh\u00f4ng ham h\u1ed1 tham gia b\u1ea5t c\u1ee9 s\u1ef1 v\u1ee5 m\u1edbi m\u1ebb n\u00e0o, nh\u01b0ng ho\u00e0n c\u1ea3nh \u0111\u00e3 bu\u1ed9c c\u1eadu ph\u1ea3i thay \u0111\u1ed5i k\u1ebf ho\u1ea1ch. Th\u1ebf l\u00e0 nh\u00f3m b\u1ea1n c\u1ee7a ch\u00fang ta l\u1ea1i tr\u1ea3i qua h\u1ebft ni\u1ec1m vui b\u1ea5t ng\u1edd n\u00e0y \u0111\u1ebfn n\u1ed7i bu\u1ed3n kh\u00f3 l\u01b0\u1eddng n\u1ecd, v\u00e0 cu\u1ed1i c\u00f9ng m\u1ecdi th\u1ee9 th\u1eadm ch\u00ed c\u00f2n l\u1ed9n t\u00f9ng ph\u00e8o h\u1ebft c\u1ea3. Ch\u1ec9 c\u00f3 m\u1ed9t \u0111i\u1ec1u duy nh\u1ea5t m\u00e0 \u0111\u1ed9c gi\u1ea3 c\u00f2n c\u00f3 th\u1ec3 an t\u00e2m khi \u0111\u1ecdc cu\u1ed1n s\u00e1ch n\u00e0y, \u0111\u00f3 ch\u00ednh l\u00e0 c\u01a1 h\u1ed9i \u0111\u1ec3 t\u00ecm hi\u1ec3u c\u00e1ch l\u1eafp r\u00e1p v\u00e0 v\u1eadn h\u00e0nh m\u1ed9t chi\u1ebfc m\u00f4 t\u00f4\u2026<\/p>\n<p>2. L\u00e0m Sao \u0110\u1ec3 D\u1ef1ng M\u00e1y Bay<\/p>\n<p> \u201cC\u1ea3 \u0111\u00eam qua t\u1edb tr\u1eb1n tr\u1ecdc kh\u00f4ng ng\u1ee7 \u0111\u01b0\u1ee3c, Bill. T\u1ea1i sao ch\u00fang m\u00ecnh kh\u00f4ng th\u1ec3 d\u1ef1ng m\u1ed9t chi\u1ebfc m\u00e1y bay nh\u1ec9?\u201d \u201cC\u1eadu kh\u00f4ng th\u1ea5y \u0111i\u1ec1u \u0111\u00f3 h\u01a1i k\u00ec c\u1ee5c \u00e0 Arnie, m\u1ed9t con chim \u0111i d\u1ef1ng m\u1ed9t chi\u1ebfc m\u00e1y bay?\u201d \u0110\u00f3 ch\u00ednh x\u00e1c l\u00e0 c\u00e1ch m\u00e0 c\u00e2u chuy\u1ec7n th\u1ee9 hai c\u1ee7a ch\u00fang ta b\u1eaft \u0111\u1ea7u. L\u1ea7n n\u00e0y c\u00e1c \u0111\u1ed9c gi\u1ea3 s\u1ebd \u0111\u01b0\u1ee3c bi\u1ebft l\u00e0m th\u1ebf n\u00e0o m\u00e1y bay c\u00f3 th\u1ec3 gi\u1eef m\u00ecnh tr\u00ean kh\u00f4ng, c\u00e1ch \u0111i\u1ec1u khi\u1ec3n m\u00e1y bay, c\u00e1c d\u1ee5ng c\u1ee5 m\u00e0 phi c\u00f4ng c\u1ea7n c\u00f3 trong khoang l\u00e1i, h\u00ecnh d\u00e1ng c\u1ee7a \u0111\u1ed9ng c\u01a1 m\u00e1y bay v\u00e0 nhi\u1ec1u \u0111i\u1ec1u kh\u00e1c n\u1eefa.<\/p>\n<p> Ngo\u00e0i nh\u1eefng tr\u1ee5c tr\u1eb7c v\u1ec1 k\u0129 thu\u1eadt, c\u00e1c ng\u01b0\u1eddi h\u00f9ng c\u1ee7a ch\u00fang ta c\u00f2n ph\u1ea3i \u0111\u1ea5u tranh v\u1edbi n\u1ed7i s\u1ee3, ni\u1ec1m nghi ng\u1ea1i v\u00e0, trong m\u1ed9t tr\u01b0\u1eddng h\u1ee3p c\u1ee5 th\u1ec3, m\u1ea1ng s\u1ed1ng c\u1ee7a h\u1ecd th\u1eadt ch\u1eb3ng kh\u00e1c g\u00ec ch\u1ec9 m\u00e0nh treo chu\u00f4ng. Nh\u00f3m b\u1ea1n n\u00e0y kh\u00f4ng \u01b0a th\u1ec3 hi\u1ec7n t\u00ecnh c\u1ea3m qua nh\u1eefng tr\u00f2 c\u01b0\u1eddi \u0111\u00f9a, nh\u01b0ng l\u00fac g\u1eb7p c\u1ea3nh hi\u1ec3m ngh\u00e8o, ch\u1eafc ch\u1eafn h\u1ecd s\u1ebd kh\u00f4ng ng\u1ea7n ng\u1ea1i s\u00e1t c\u00e1nh b\u00ean nhau.<\/p>\n<p> 3. L\u00e0m Sao \u0110\u1ec3 D\u1ef1ng Ng\u00f4i Nh\u00e0<\/p>\n<p> \u201cTh\u1ebf lo\u00e0i chim c\u0169ng \u0111i vay th\u1ebf ch\u1ea5p \u0111\u1ec3 l\u00e0m t\u1ed5 \u00e0?\u201d Ch\u00fa chu\u1ed9t Arnie h\u1ecfi b\u1ea1n th\u00e2n c\u1ee7a n\u00f3 l\u00e0 con chim s\u1ebb Bill.Tu\u1ed5i tr\u1ebb v\u00f4 t\u01b0 v\u00f4 lo c\u1ee7a Arnie \u0111\u00e3 k\u1ebft th\u00fac. Gi\u1edd \u0111\u00e2y n\u00f3 v\u1eeba m\u1edbi c\u01b0\u1edbi v\u1ee3 v\u00e0 \u0111ang d\u1ef1ng nh\u00e0. B\u1ea3n th\u00e2n vi\u1ec7c x\u00e2y d\u1ef1ng \u0111\u00e3 ch\u1eb3ng \u0111\u01a1n gi\u1ea3n g\u00ec r\u1ed3i, nh\u01b0ng c\u00e1c nhi\u1ec7m v\u1ee5 nh\u01b0 thi\u1ebft k\u1ebf nh\u00e0, thu x\u1ebfp gi\u1ea5y ph\u00e9p v\u00e0 tr\u1ea3 ti\u1ec1n th\u1ebf ch\u1ea5p c\u00f2n \u0111\u00f2i h\u1ecfi nh\u1eefng n\u1ed7 l\u1ef1c l\u1edbn h\u01a1n n\u1eefa.<\/p>\n<p>D\u1ea7n d\u1ea7n Arnie tr\u1edf n\u00ean \u1ee7 r\u0169 v\u00ec bi\u1ebft bao g\u00e1nh n\u1eb7ng \u0111ang o\u1eb1n tr\u00ean vai, ho\u00e0n to\u00e0n kh\u00f4ng l\u01b0\u1eddng tr\u01b0\u1edbc \u0111\u01b0\u1ee3c v\u1ea5n \u0111\u1ec1 th\u1ef1c s\u1ef1 c\u00f2n ch\u01b0a \u0111\u1ebfn h\u1ed3i l\u1ed9 di\u1ec7n. Kh\u00f4ng, d\u00f9ng t\u1eeb \u201cv\u1ea5n \u0111\u1ec1\u201d th\u00ec nh\u1eb9 nh\u00e0ng qu\u00e1, ph\u1ea3i g\u1ecdi l\u00e0 \u201cth\u1ea3m ho\u1ea1 to\u00e0n ph\u1ea7n\u201d m\u1edbi \u0111\u00fang! Ch\u00fang ta ch\u1ec9 c\u00f2n bi\u1ebft hi v\u1ecdng r\u1eb1ng m\u1ecdi th\u1ee9 s\u1ebd tr\u1edf n\u00ean \u1ed5n tho\u1ea3 v\u1edbi c\u1eadu ta. M\u00e0 ngh\u0129 l\u1ea1i th\u00ec, ch\u1eb3ng ph\u1ea3i \u0111\u00f3 l\u00e0 c\u00e1i k\u1ebft th\u01b0\u1eddng g\u1eb7p trong c\u1ed5 t\u00edch hay sao?<\/p>\n<p> 4. L\u00e0m Sao \u0110\u1ec3 D\u1ef1ng \u00d4 T\u00f4<\/p>\n<p>Hai ng\u01b0\u1eddi b\u1ea1n, chu\u1ed9t Arnie v\u00e0 chim s\u1ebb Bill, quy\u1ebft \u0111\u1ecbnh s\u1ebd c\u00f9ng nhau d\u1ef1ng m\u1ed9t chi\u1ebfc \u00f4 t\u00f4. Ch\u00fang c\u00f2n thu n\u1ea1p \u0111\u01b0\u1ee3c th\u00eam m\u1ed9t \u0111\u1ed3ng minh \u0111\u1eafc l\u1ef1c l\u00e0 \u1ebfch Christian \u2013 nh\u00e0 cung c\u1ea5p m\u1ecdi b\u1ed9 ph\u1eadn v\u00e0 ph\u1ee5 t\u00f9ng c\u1ea7n thi\u1ebft \u0111\u1ec3 c\u00f4ng vi\u1ec7c c\u00f3 th\u1ec3 ti\u1ebfn h\u00e0nh su\u00f4n s\u1ebb. Tuy v\u1eady ba ng\u01b0\u1eddi h\u00f9ng c\u1ee7a ch\u00fang ta kh\u00f4ng ph\u1ea3i th\u1ea7n th\u00e1nh, v\u00e0 c\u0169ng ch\u1eb3ng ph\u1ea3i l\u00e0 nh\u1eefng ng\u00f4i sao c\u1ee7a v\u01b0\u01a1ng qu\u1ed1c c\u00e1c lo\u00e0i v\u1eadt. Ch\u00fang s\u1ed1ng \u1edf v\u00f9ng ngo\u1ea1i \u00f4, gi\u1eefa c\u00e1c kho\u1ea3nh \u0111\u1ea5t b\u1ecf hoang, ti\u1ec7m s\u1eeda \u00f4 t\u00f4 v\u00e0 m\u1ed9t b\u00e3i ph\u1ebf li\u1ec7u kh\u1ed5ng l\u1ed3. Trong th\u1ebf gi\u1edbi c\u1ee7a ch\u00fang, tr\u00ed \u00f3c nhanh nh\u1ea1y v\u00e0 m\u1ed3m m\u00e9p s\u1eafc b\u00e9n l\u00e0 nh\u1eefng t\u1ed1 ch\u1ea5t h\u1eefu d\u1ee5ng h\u01a1n c\u1ea3. Xuy\u00ean su\u1ed1t m\u1ea1ch truy\u1ec7n, b\u1eb1ng vi\u1ec7c theo d\u00f5i c\u00e1ch m\u00e0 nh\u00f3m c\u1ee7a Arnie v\u01b0\u1ee3t qua v\u00f4 v\u00e0n kh\u00f3 kh\u0103n kh\u00f4ng h\u1eb9n tr\u01b0\u1edbc trong vi\u1ec7c d\u1ef1ng chi\u1ebfc xe, \u0111\u1ed9c gi\u1ea3 s\u1ebd th\u1ea5y \u0111\u01b0\u1ee3c qu\u00e1 tr\u00ecnh l\u1eafp r\u00e1p v\u00e0 c\u00e1ch \u00f4 t\u00f4 v\u1eadn h\u00e0nh. Ch\u1ec9 b\u1eb1ng vi\u1ec7c \u0111\u1ecdc cu\u1ed1n s\u00e1ch nh\u1ecf b\u00e9 n\u00e0y, b\u1ea1n s\u1ebd hi\u1ec3u \u0111\u01b0\u1ee3c c\u00e1c nguy\u00ean l\u00ed \u0111\u1eb1ng sau \u0111\u1ed9ng c\u01a1, li h\u1ee3p, phanh, b\u1ed9 ch\u1ebf ho\u00e0 kh\u00ed v\u00e0 r\u1ea5t nhi\u1ec1u b\u1ed9 ph\u1eadn kh\u00e1c n\u1eefa.<\/p>\n<p>5. L\u00e0m Sao \u0110\u1ec3 D\u1ef1ng H\u1ec7 Th\u1ed1ng Ho\u1ea3 Xa<\/p>\n<p> L\u1ea7n t\u1edbi khi b\u1ea1n \u0111i xe l\u1eeda, h\u00e3y c\u1ed1 g\u1eafng t\u01b0\u1edfng t\u01b0\u1ee3ng quang c\u1ea3nh xung quanh gi\u1ed1ng nh\u01b0 tr\u01b0\u1edbc l\u00fac h\u1ec7 th\u1ed1ng h\u1ecfa xa \u0111\u1ea7u ti\u00ean \u0111\u01b0\u1ee3c h\u00ecnh th\u00e0nh. T\u1ea5t c\u1ea3 nh\u1eefng c\u00e2y c\u1ea7u, nh\u1eefng \u0111\u01b0\u1eddng h\u1ea7m t\u1ed1i \u0111en v\u00e0 nh\u1eefng nh\u00e0 ga n\u00e1o nhi\u1ec7t t\u1ea1o n\u00ean \u1ea5n t\u01b0\u1ee3ng r\u1eb1ng ch\u00fang \u0111\u00e3 c\u00f3 \u1edf \u0111\u00f3 t\u1eeb l\u00e2u r\u1ed3i, ph\u1ea3i v\u1eady kh\u00f4ng? Nh\u01b0ng li\u1ec7u b\u1ea1n c\u00f3 bao gi\u1edd nh\u1eadn ra r\u1eb1ng n\u01a1i b\u1ea1n \u0111ang ng\u1ed3i \u2013 m\u1ed9t toa xe ti\u1ec7n nghi \u2013 c\u00f3 l\u1ebd \u0111\u00e3 t\u1eebng l\u00e0 nh\u1eefng khu r\u1eebng r\u1eadm r\u1ea1p, nh\u1eefng ng\u1ecdn n\u00fai \u0111\u00e1 hay v\u00f9ng \u0111\u1ea7m l\u1ea7y kh\u00f4ng th\u1ec3 n\u00e0o \u0111i xuy\u00ean qua \u0111\u01b0\u1ee3c?<\/p>\n<p> \u00d4ng cha ch\u00fang ta b\u1eaft \u0111\u1ea7u x\u00e2y d\u1ef1ng h\u1ec7 th\u1ed1ng h\u1ecfa xa t\u1eeb h\u01a1n 170 n\u0103m tr\u01b0\u1edbc, v\u00e0 h\u1ecd kh\u00f4ng ch\u1ec9 d\u1ef1ng l\u00ean ch\u00fang th\u1eadt k\u00ec v\u0129 m\u00e0 c\u00f2n v\u00ec h\u1ecd \u0111\u00e3 ch\u1ebf ng\u1ef1 t\u1ea5t c\u1ea3 khi kh\u00f4ng c\u00f3 m\u00e1y x\u00fac, kh\u00f4ng c\u00f3 \u0111i\u1ec7n v\u00e0 kh\u00f4ng c\u00f3 c\u1ea3 \u0111i\u1ec7n tho\u1ea1i di \u0111\u1ed9ng. C\u00f4ng vi\u1ec7c h\u1ecd \u0111\u00e3 th\u1ef1c hi\u1ec7n l\u00e0 v\u00f4 c\u00f9ng h\u1eefu \u00edch, s\u1ebd c\u00f2n ph\u1ee5c v\u1ee5 t\u1ea5t c\u1ea3 ch\u00fang ta trong nhi\u1ec1u th\u1ebf k\u1ec9 n\u1eefa.<\/p>\n<p>C\u00f3 nh\u1eefng ph\u00e1t minh, s\u00e1ng ch\u1ebf t\u1eeb nh\u1eefng ng\u00e0y x\u01b0a c\u0169 m\u00e0 \u0111\u1ebfn nay ch\u00fang ta v\u1eabn c\u00f2n d\u00f9ng \u0111\u1ebfn \u2013 cu\u1ed1n s\u00e1ch n\u00e0y l\u00e0 m\u1ed9t v\u00ed d\u1ee5. Cu\u1ed1n s\u00e1ch cho ph\u00e9p ch\u00fang ta kh\u00e1m ph\u00e1 suy ngh\u0129 c\u1ee7a ng\u01b0\u1eddi kh\u00e1c ho\u1eb7c du h\u00e0nh xuy\u00ean su\u1ed1t d\u00f2ng th\u1eddi gian. Kh\u00f4ng g\u00ec c\u00f3 th\u1ec3 ng\u0103n c\u1ea3n ch\u00fang ta \u0111\u1ebfn th\u0103m nh\u1eefng nh\u00e2n v\u1eadt \u0111\u00e3 d\u1ef1ng l\u00ean h\u1ec7 th\u1ed1ng h\u1ecfa xa c\u1ee7a qu\u00e1 kh\u1ee9 xa x\u00f4i!<\/p>\n","protected":false},"excerpt":{"rendered":"<p>Combo L\u00e0m Sao \u0110\u1ec3 D\u1ef1ng (T\u00e1i B\u1ea3n 2019): H\u1ec7 Th\u1ed1ng Ho\u1ea3 Xa + M\u00e1y Bay + \u00d4 T\u00f4 + M\u00f4 T\u00f4 + Ng\u00f4i Nh\u00e0 (B\u1ed9 5 Cu\u1ed1n)<\/p>\n<p>1. L\u00e0m Sao \u0110\u1ec3 D\u1ef1ng H\u1ec7 Th\u1ed1ng Ho\u1ea3 Xa &#8211; M\u1ed9t C\u00e2u Chuy\u1ec7n C\u1ed5 T\u00edch V\u1ec1 K\u1ec9 Nguy\u00ean H\u01a1i N\u01b0\u1edbc (T\u00e1i B\u1ea3n 2019)<\/p>\n<p>2. L\u00e0m Sao \u0110\u1ec3 D\u1ef1ng M\u00e1y Bay (T\u00e1i B\u1ea3n 2019)<\/p>\n<p>3. L\u00e0m Sao \u0110\u1ec3 D\u1ef1ng \u00d4 T\u00f4 (T\u00e1i B\u1ea3n 2019)<\/p>\n<p>4. L\u00e0m Sao \u0110\u1ec3 D\u1ef1ng M\u00f4 T\u00f4 (T\u00e1i B\u1ea3n 2019)<\/p>\n<p>5. L\u00e0m Sao \u0110\u1ec3 D\u1ef1ng Ng\u00f4i Nh\u00e0 (T\u00e1i B\u1ea3n 2019)<\/p>\n","protected":false},"featured_media":9795,"template":"","meta":{"_acf_changed":false},"product_brand":[],"product_cat":[25,17,26],"product_tag":[],"class_list":{"0":"post-9803","1":"product","2":"type-product","3":"status-publish","4":"has-post-thumbnail","6":"product_cat-nhi-dong-6-tuoi-12-tuoi","7":"product_cat-sach-danh-cho-cac-be","8":"product_cat-thieu-nien-11-tuoi-18-tuoi","10":"first","11":"instock","12":"taxable","13":"shipping-taxable","14":"purchasable","15":"product-type-simple"},"supplier_id":null,"supplier_sku":"","barcode":null,"atum_controlled":true,"out_stock_date":null,"out_stock_threshold":null,"inheritable":false,"inbound_stock":0,"stock_on_hold":0,"sold_today":0,"sales_last_days":0,"reserved_stock":0,"customer_returns":0,"warehouse_damage":0,"lost_in_post":0,"other_logs":0,"out_stock_days":0,"lost_sales":0,"has_location":false,"update_date":"2026-01-28T23:10:44","atum_locations":[],"atum_stock_status":"instock","restock_status":false,"low_stock_amount":"","sales_update_date":"2026-01-28T23:10:44","calc_backorders":null,"acf":{"publisher":{"ID":1454,"post_author":"1","post_date":"2021-02-17 01:11:34","post_date_gmt":"2021-02-16 23:11:34","post_content":"<!-- wp:flatsome\/uxbuilder -->\n<h1 style=\"text-align: center;\"><strong>Kim \u0110\u1ed3ng<\/strong><\/h1>\n[row]\n\n[col span=\"3\" span__sm=\"12\"]\n\n[ux_image id=\"1534\" image_size=\"medium\"]\n\n\n[\/col]\n[col span=\"9\" span__sm=\"12\"]\n\n<p>Nh\u00e0 xu\u1ea5t b\u1ea3n Kim \u0110\u1ed3ng tr\u1ef1c thu\u1ed9c Trung \u01b0\u01a1ng \u0110o\u00e0n TNCS H\u1ed3 Ch\u00ed Minh l\u00e0 Nh\u00e0 xu\u1ea5t b\u1ea3n t\u1ed5ng h\u1ee3p c\u00f3 ch\u1ee9c n\u0103ng xu\u1ea5t b\u1ea3n s\u00e1ch v\u00e0 v\u0103n h\u00f3a ph\u1ea9m ph\u1ee5c v\u1ee5 thi\u1ebfu nhi v\u00e0 c\u00e1c b\u1eadc ph\u1ee5 huynh trong c\u1ea3 n\u01b0\u1edbc, qu\u1ea3ng b\u00e1 v\u00e0 gi\u1edbi thi\u1ec7u v\u0103n h\u00f3a Vi\u1ec7t Nam ra th\u1ebf gi\u1edbi.<br \/>Nh\u00e0 xu\u1ea5t b\u1ea3n c\u00f3 nhi\u1ec7m v\u1ee5 t\u1ed5 ch\u1ee9c b\u1ea3n th\u1ea3o, bi\u00ean so\u1ea1n, bi\u00ean d\u1ecbch, xu\u1ea5t b\u1ea3n v\u00e0 ph\u00e1t h\u00e0nh c\u00e1c xu\u1ea5t b\u1ea3n ph\u1ea9m c\u00f3 n\u1ed9i dung: gi\u00e1o d\u1ee5c truy\u1ec1n th\u1ed1ng d\u00e2n t\u1ed9c, gi\u00e1o d\u1ee5c v\u1ec1 tri th\u1ee9c, ki\u1ebfn th\u1ee9c\u2026 tr\u00ean c\u00e1c l\u0129nh v\u1ef1c v\u0103n h\u1ecdc, ngh\u1ec7 thu\u1eadt, khoa h\u1ecdc k\u1ef9 thu\u1eadt nh\u1eb1m cung c\u1ea5p cho c\u00e1c em thi\u1ebfu nhi c\u0169ng nh\u01b0 c\u00e1c b\u1eadc ph\u1ee5 huynh c\u00e1c ki\u1ebfn th\u1ee9c c\u1ea7n thi\u1ebft trong cu\u1ed9c s\u1ed1ng, nh\u1eefng tinh hoa c\u1ee7a tri th\u1ee9c nh\u00e2n lo\u1ea1i nh\u1eb1m g\u00f3p ph\u1ea7n gi\u00e1o d\u1ee5c v\u00e0 h\u00ecnh th\u00e0nh nh\u00e2n c\u00e1ch th\u1ebf h\u1ec7 tr\u1ebb.<br \/>\u0110\u1ed1i t\u01b0\u1ee3ng ph\u1ee5c v\u1ee5 c\u1ee7a Nh\u00e0 xu\u1ea5t b\u1ea3n l\u00e0 c\u00e1c em t\u1eeb tu\u1ed5i nh\u00e0 tr\u1ebb m\u1eabu gi\u00e1o (1 \u0111\u1ebfn 5 tu\u1ed5i), nhi \u0111\u1ed3ng (6 \u0111\u1ebfn 9 tu\u1ed5i), thi\u1ebfu ni\u00ean (10 \u0111\u1ebfn 15 tu\u1ed5i) \u0111\u1ebfn c\u00e1c em tu\u1ed5i m\u1edbi l\u1edbn (16 \u0111\u1ebfn 18 tu\u1ed5i) v\u00e0 c\u00e1c b\u1eadc ph\u1ee5 huynh.<\/p>\n\n[\/col]\n\n[\/row]\n\n<!-- \/wp:flatsome\/uxbuilder -->","post_title":"Kim \u0110\u1ed3ng","post_excerpt":"","post_status":"publish","comment_status":"closed","ping_status":"closed","post_password":"","post_name":"kim-dong","to_ping":"","pinged":"","post_modified":"2021-02-17 01:31:56","post_modified_gmt":"2021-02-16 23:31:56","post_content_filtered":"","post_parent":0,"guid":"https:\/\/sachviet.eu\/nha-phat-hanh\/kim-dong\/","menu_order":0,"post_type":"publisher","post_mime_type":"","comment_count":"0","filter":"raw"}},"_links":{"self":[{"href":"https:\/\/sachviet.eu\/en\/wp-json\/wp\/v2\/product\/9803","targetHints":{"allow":["GET"]}}],"collection":[{"href":"https:\/\/sachviet.eu\/en\/wp-json\/wp\/v2\/product"}],"about":[{"href":"https:\/\/sachviet.eu\/en\/wp-json\/wp\/v2\/types\/product"}],"wp:featuredmedia":[{"embeddable":true,"href":"https:\/\/sachviet.eu\/en\/wp-json\/wp\/v2\/media\/9795"}],"wp:attachment":[{"href":"https:\/\/sachviet.eu\/en\/wp-json\/wp\/v2\/media?parent=9803"}],"wp:term":[{"taxonomy":"product_brand","embeddable":true,"href":"https:\/\/sachviet.eu\/en\/wp-json\/wp\/v2\/product_brand?post=9803"},{"taxonomy":"product_cat","embeddable":true,"href":"https:\/\/sachviet.eu\/en\/wp-json\/wp\/v2\/product_cat?post=9803"},{"taxonomy":"product_tag","embeddable":true,"href":"https:\/\/sachviet.eu\/en\/wp-json\/wp\/v2\/product_tag?post=9803"}],"curies":[{"name":"wp","href":"https:\/\/api.w.org\/{rel}","templated":true}]}}