{"id":9794,"date":"2021-06-02T01:39:42","date_gmt":"2021-06-01T22:39:42","guid":{"rendered":"https:\/\/sachviet.eu\/shop\/truyen-co-tich-noi-tieng-song-ngu-viet-anh-set-6-quyen\/"},"modified":"2024-08-13T22:41:56","modified_gmt":"2024-08-13T19:41:56","slug":"truyen-co-tich-noi-tieng-song-ngu-viet-anh-set-6-quyen","status":"publish","type":"product","link":"https:\/\/sachviet.eu\/en\/shop\/truyen-co-tich-noi-tieng-song-ngu-viet-anh-set-6-quyen\/","title":{"rendered":"Truy\u1ec7n C\u1ed5 T\u00edch N\u1ed5i Ti\u1ebfng Song Ng\u1eef Vi\u1ec7t Anh &#8211; Set 6 quy\u1ec3n"},"content":{"rendered":"<p>1. C\u00f4 B\u00e9 Qu\u00e0ng Kh\u0103n \u0110\u1ecf:<br \/>\nC\u00f4 B\u00e9 Qu\u00e0ng Kh\u0103n \u0110\u1ecf v\u1ed1n r\u1ea5t ngoan ngo\u00e3n v\u00e0 lu\u00f4n v\u00e2ng l\u1eddi ng\u01b0\u1eddi l\u1edbn. M\u1ed9t h\u00f4m, khi b\u0103ng qua r\u1eebng \u0111\u1ec3 \u0111\u1ebfn th\u0103m b\u00e0 ngo\u1ea1i, c\u00f4 \u0111\u00e3 b\u1ecb con s\u00f3i gian \u00e1c \u0111\u00e1nh l\u1eeba. May sao \u0111\u00fang l\u00fac \u1ea5y, c\u00e1c b\u00e1c th\u1ee3 s\u0103n t\u00ecnh c\u1edd \u0111i ngang qua \u0111\u00e3 c\u1ee9u \u0111\u01b0\u1ee3c hai b\u00e0 ch\u00e1u. C\u00f4 b\u00e9 Qu\u00e0ng Kh\u0103n \u0110\u1ecf \u0111\u00e3 h\u1ecdc \u0111\u01b0\u1ee3c m\u1ed9t b\u00e0i b\u00e0i th\u1ea5m th\u00eda: Khi \u0111i tr\u00ean \u0111\u01b0\u1eddng m\u1ed9t m\u00ecnh, kh\u00f4ng n\u00ean n\u00f3i chuy\u1ec7n v\u1edbi nh\u1eefng ng\u01b0\u1eddi l\u1ea1 m\u1eb7t.<\/p>\n<p>2. C\u00f4 b\u00e9 T\u00f3c V\u00e0ng:<br \/>\nSau khi tr\u1edf v\u1ec1 nh\u00e0, gia \u0111\u00ecnh nh\u00e0 g\u1ea5u ph\u00e1t hi\u1ec7n ra ai \u0111\u00f3 \u0111\u00e3 v\u00e0o nh\u00e0 m\u00ecnh, \u0103n \u0111\u1ed3 \u0103n th\u01a1m ph\u1ee9c tr\u00ean b\u00e0n, ng\u1ee7 tr\u00ean chi\u1ebfc gi\u01b0\u1eddng xinh x\u1eafn c\u1ee7a m\u00ecnh. R\u1ed3i h\u1ecd ph\u00e1t hi\u1ec7n ra, \u0111\u00f3 ch\u00ednh l\u00e0 c\u00f4 b\u00e9 T\u00f3c V\u00e0ng. C\u00f4 b\u00e9 \u0111\u00e3 \u0111i \u0111\u00e2u m\u00e0 l\u1ea1c v\u00e0o t\u1eadn ng\u00f4i nh\u00e0 trong r\u1eebng s\u00e2u th\u1ebf nh\u1ec9?<\/p>\n<p>3. Ba ch\u00fa heo con:<br \/>\nBa anh em nh\u00e0 heo quy\u1ebft \u0111\u1ecbnh x\u00e2y nh\u00e0 ra \u1edf ri\u00eang v\u00e0 m\u1ed7i ch\u00fa \u0111\u00e3 c\u00f3 m\u1ed9t c\u0103n nh\u00e0 xinh x\u1eafn. Nh\u01b0ng khi con s\u00f3i \u0111\u1ed9c \u00e1c \u0111\u1ebfn, ch\u1ec9 c\u00f3 m\u1ed9t ng\u00f4i nh\u00e0 m\u1edbi x\u00e2y duy nh\u1ea5t ng\u0103n \u0111\u01b0\u1ee3c n\u00f3. \u0110\u00f3 l\u00e0 ng\u00f4i nh\u00e0 \u0111\u01b0\u1ee3c x\u00e2y l\u00e2u nh\u1ea5t, t\u1ed1n nhi\u1ec1u c\u00f4ng s\u1ee9c nh\u1ea5t. L\u00e0 ng\u00f4i nh\u00e0 c\u1ee7a ai th\u1ebf nh\u1ec9? C\u00e1c em c\u00f9ng theo d\u00f5i c\u00e2u chuy\u1ec7n \u0111\u1ec3 bi\u1ebft di\u1ec5n bi\u1ebfn truy\u1ec7n nh\u00e9!<\/p>\n<p>4. Ba ch\u00fa Heo con:<br \/>\nBa anh em nh\u00e0 heo quy\u1ebft \u0111\u1ecbnh x\u00e2y nh\u00e0 ra \u1edf ri\u00eang v\u00e0 m\u1ed7i ch\u00fa \u0111\u00e3 c\u00f3 m\u1ed9t c\u0103n nh\u00e0 xinh x\u1eafn. Nh\u01b0ng khi con s\u00f3i \u0111\u1ed9c \u00e1c \u0111\u1ebfn, ch\u1ec9 c\u00f3 m\u1ed9t ng\u00f4i nh\u00e0 m\u1edbi x\u00e2y duy nh\u1ea5t ng\u0103n \u0111\u01b0\u1ee3c n\u00f3. \u0110\u00f3 l\u00e0 ng\u00f4i nh\u00e0 \u0111\u01b0\u1ee3c x\u00e2y l\u00e2u nh\u1ea5t, t\u1ed1n nhi\u1ec1u c\u00f4ng s\u1ee9c nh\u1ea5t. L\u00e0 ng\u00f4i nh\u00e0 c\u1ee7a ai th\u1ebf nh\u1ec9? C\u00e1c em c\u00f9ng theo d\u00f5i c\u00e2u chuy\u1ec7n \u0111\u1ec3 bi\u1ebft di\u1ec5n bi\u1ebfn truy\u1ec7n nh\u00e9!<\/p>\n<p>5. Peter Pan:<br \/>\nC\u00e1c em t\u1eebng \u0111\u01b0\u1ee3c nghe k\u1ec3 v\u1ec1 Peter Pan, c\u1eadu b\u00e9 kh\u00f4ng bao gi\u1edb l\u1edbn \u1edf x\u1ee9 s\u1edf Never Never Land xa x\u00f4i ch\u01b0a? C\u00f4 ch\u1ecb c\u1ea3 Wendy su\u1ed1t ng\u00e0y k\u1ec3 cho hai c\u1eadu em trai v\u1ec1 c\u1eadu b\u00e9 \u0111\u00f3. V\u00e0 th\u1eadt b\u1ea5t ng\u1edd, m\u1ed9t ng\u00e0y kia, c\u1ea3 ba ch\u1ecb em \u0111\u00e3 \u0111\u01b0\u1ee3c Peter Pan \u0111\u01b0a \u0111\u1ebfn x\u1ee9 s\u1edf th\u1ea7n ti\u00ean c\u1ee7a c\u1eadu. C\u00f3 bi\u1ebft bao \u0111i\u1ec1u k\u1ef3 l\u1ea1 \u0111\u00e3 x\u1ea3y ra trong su\u1ed1t cu\u1ed9c h\u00e0nh tr\u00ecnh phi\u00eau l\u01b0u c\u1ee7a h\u1ecd&#8230;<\/p>\n<p>6. V\u1ecb con x\u1ea5u x\u00ed:<\/p>\n<p>C\u00e2u chuy\u1ec7n n\u00e0y k\u1ec3 v\u1ec1 ch\u00fa v\u1ecbt con x\u1ea5u x\u00ed v\u00e0 lu\u00f4n b\u1ecb m\u1ecdi ng\u01b0\u1eddi xa l\u00e1nh. Nh\u01b0ng b\u1eb1ng tr\u00e1i tim \u1ea5m \u00e1p, b\u1eb1ng s\u1ef1 th\u00f4ng minh v\u00e0 l\u00f2ng d\u0169ng c\u1ea3m, ch\u00fa v\u1ecbt con \u0111\u00e3 khi\u1ebfn m\u1ecdi ng\u01b0\u1eddi hi\u1ec3u ra r\u1eb1ng: Kh\u00f4ng n\u00ean gh\u00e9t ai \u0111\u00f3 v\u00ec h\u1ecd kh\u00e1c v\u1edbi m\u00ecnh v\u00e0 b\u1ea5t k\u00ec ai c\u0169ng c\u00f3 nh\u1eefng \u0111i\u1ec1u th\u1eadt t\u1ed1t \u0111\u1eb9p.<\/p>\n<p>B\u1ed9 s\u00e1ch g\u1ed3m nh\u1eefng c\u00e2u chuy\u1ec7n c\u1ed5 t\u00edch n\u1ed5i ti\u1ebfng c\u1ee7a th\u1ebf gi\u1edbi \u0111\u01b0\u1ee3c k\u1ec3 b\u1eb1ng hai ng\u00f4n ng\u1eef Ti\u1ebfng Vi\u1ec7t v\u00e0 Ti\u1ebfng Anh. Ph\u1ea7n d\u1ecbch ti\u1ebfng Vi\u1ec7t kh\u00f4ng d\u1ecbch s\u00e1t t\u1eebng t\u1eeb m\u00e0 chuy\u1ec3n \u00fd linh ho\u1ea1t, ph\u00f9 h\u1ee3p v\u1edbi v\u0103n phong ti\u1ebfng Vi\u1ec7t. Ph\u1ea7n ti\u1ebfng Anh ng\u1eafn g\u1ecdn, d\u1ec5 hi\u1ec3u s\u1ebd gi\u00fap c\u00e1c em h\u1ecdc ngo\u1ea1i ng\u1eef hi\u1ec7u qu\u1ea3.<\/p>\n","protected":false},"excerpt":{"rendered":"<p>1. C\u00f4 B\u00e9 Qu\u00e0ng Kh\u0103n \u0110\u1ecf:<br \/>\nC\u00f4 B\u00e9 Qu\u00e0ng Kh\u0103n \u0110\u1ecf v\u1ed1n r\u1ea5t ngoan ngo\u00e3n v\u00e0 lu\u00f4n v\u00e2ng l\u1eddi ng\u01b0\u1eddi l\u1edbn. M\u1ed9t h\u00f4m, khi b\u0103ng qua r\u1eebng \u0111\u1ec3 \u0111\u1ebfn th\u0103m b\u00e0 ngo\u1ea1i, c\u00f4 \u0111\u00e3 b\u1ecb con s\u00f3i gian \u00e1c \u0111\u00e1nh l\u1eeba. May sao \u0111\u00fang l\u00fac \u1ea5y, c\u00e1c b\u00e1c th\u1ee3 s\u0103n t\u00ecnh c\u1edd \u0111i ngang qua \u0111\u00e3 c\u1ee9u \u0111\u01b0\u1ee3c hai b\u00e0 ch\u00e1u. C\u00f4 b\u00e9 Qu\u00e0ng Kh\u0103n \u0110\u1ecf \u0111\u00e3 h\u1ecdc \u0111\u01b0\u1ee3c m\u1ed9t b\u00e0i b\u00e0i th\u1ea5m th\u00eda: Khi \u0111i tr\u00ean \u0111\u01b0\u1eddng m\u1ed9t m\u00ecnh, kh\u00f4ng n\u00ean n\u00f3i chuy\u1ec7n v\u1edbi nh\u1eefng ng\u01b0\u1eddi l\u1ea1 m\u1eb7t.<\/p>\n<p>2. C\u00f4 b\u00e9 T\u00f3c V\u00e0ng:<br \/>\nSau khi tr\u1edf v\u1ec1 nh\u00e0, gia \u0111\u00ecnh nh\u00e0 g\u1ea5u ph\u00e1t hi\u1ec7n ra ai \u0111\u00f3 \u0111\u00e3 v\u00e0o nh\u00e0 m\u00ecnh, \u0103n \u0111\u1ed3 \u0103n th\u01a1m ph\u1ee9c tr\u00ean b\u00e0n, ng\u1ee7 tr\u00ean chi\u1ebfc gi\u01b0\u1eddng xinh x\u1eafn c\u1ee7a m\u00ecnh. R\u1ed3i h\u1ecd ph\u00e1t hi\u1ec7n ra, \u0111\u00f3 ch\u00ednh l\u00e0 c\u00f4 b\u00e9 T\u00f3c V\u00e0ng. C\u00f4 b\u00e9 \u0111\u00e3 \u0111i \u0111\u00e2u m\u00e0 l\u1ea1c v\u00e0o t\u1eadn ng\u00f4i nh\u00e0 trong r\u1eebng s\u00e2u th\u1ebf nh\u1ec9?<\/p>\n<p>3. Ba ch\u00fa heo con:<br \/>\nBa anh em nh\u00e0 heo quy\u1ebft \u0111\u1ecbnh x\u00e2y nh\u00e0 ra \u1edf ri\u00eang v\u00e0 m\u1ed7i ch\u00fa \u0111\u00e3 c\u00f3 m\u1ed9t c\u0103n nh\u00e0 xinh x\u1eafn. Nh\u01b0ng khi con s\u00f3i \u0111\u1ed9c \u00e1c \u0111\u1ebfn, ch\u1ec9 c\u00f3 m\u1ed9t ng\u00f4i nh\u00e0 m\u1edbi x\u00e2y duy nh\u1ea5t ng\u0103n \u0111\u01b0\u1ee3c n\u00f3. \u0110\u00f3 l\u00e0 ng\u00f4i nh\u00e0 \u0111\u01b0\u1ee3c x\u00e2y l\u00e2u nh\u1ea5t, t\u1ed1n nhi\u1ec1u c\u00f4ng s\u1ee9c nh\u1ea5t. L\u00e0 ng\u00f4i nh\u00e0 c\u1ee7a ai th\u1ebf nh\u1ec9? C\u00e1c em c\u00f9ng theo d\u00f5i c\u00e2u chuy\u1ec7n \u0111\u1ec3 bi\u1ebft di\u1ec5n bi\u1ebfn truy\u1ec7n nh\u00e9!<\/p>\n<p>4. Ba ch\u00fa Heo con:<br \/>\nBa anh em nh\u00e0 heo quy\u1ebft \u0111\u1ecbnh x\u00e2y nh\u00e0 ra \u1edf ri\u00eang v\u00e0 m\u1ed7i ch\u00fa \u0111\u00e3 c\u00f3 m\u1ed9t c\u0103n nh\u00e0 xinh x\u1eafn. Nh\u01b0ng khi con s\u00f3i \u0111\u1ed9c \u00e1c \u0111\u1ebfn, ch\u1ec9 c\u00f3 m\u1ed9t ng\u00f4i nh\u00e0 m\u1edbi x\u00e2y duy nh\u1ea5t ng\u0103n \u0111\u01b0\u1ee3c n\u00f3. \u0110\u00f3 l\u00e0 ng\u00f4i nh\u00e0 \u0111\u01b0\u1ee3c x\u00e2y l\u00e2u nh\u1ea5t, t\u1ed1n nhi\u1ec1u c\u00f4ng s\u1ee9c nh\u1ea5t. L\u00e0 ng\u00f4i nh\u00e0 c\u1ee7a ai th\u1ebf nh\u1ec9? C\u00e1c em c\u00f9ng theo d\u00f5i c\u00e2u chuy\u1ec7n \u0111\u1ec3 bi\u1ebft di\u1ec5n bi\u1ebfn truy\u1ec7n nh\u00e9!<\/p>\n<p>5. Peter Pan:<br \/>\nC\u00e1c em t\u1eebng \u0111\u01b0\u1ee3c nghe k\u1ec3 v\u1ec1 Peter Pan, c\u1eadu b\u00e9 kh\u00f4ng bao gi\u1edb l\u1edbn \u1edf x\u1ee9 s\u1edf Never Never Land xa x\u00f4i ch\u01b0a? C\u00f4 ch\u1ecb c\u1ea3 Wendy su\u1ed1t ng\u00e0y k\u1ec3 cho hai c\u1eadu em trai v\u1ec1 c\u1eadu b\u00e9 \u0111\u00f3. V\u00e0 th\u1eadt b\u1ea5t ng\u1edd, m\u1ed9t ng\u00e0y kia, c\u1ea3 ba ch\u1ecb em \u0111\u00e3 \u0111\u01b0\u1ee3c Peter Pan \u0111\u01b0a \u0111\u1ebfn x\u1ee9 s\u1edf th\u1ea7n ti\u00ean c\u1ee7a c\u1eadu. C\u00f3 bi\u1ebft bao \u0111i\u1ec1u k\u1ef3 l\u1ea1 \u0111\u00e3 x\u1ea3y ra trong su\u1ed1t cu\u1ed9c h\u00e0nh tr\u00ecnh phi\u00eau l\u01b0u c\u1ee7a h\u1ecd&#8230;<\/p>\n<p>6. V\u1ecb con x\u1ea5u x\u00ed:<\/p>\n<p>C\u00e2u chuy\u1ec7n n\u00e0y k\u1ec3 v\u1ec1 ch\u00fa v\u1ecbt con x\u1ea5u x\u00ed v\u00e0 lu\u00f4n b\u1ecb m\u1ecdi ng\u01b0\u1eddi xa l\u00e1nh. Nh\u01b0ng b\u1eb1ng tr\u00e1i tim \u1ea5m \u00e1p, b\u1eb1ng s\u1ef1 th\u00f4ng minh v\u00e0 l\u00f2ng d\u0169ng c\u1ea3m, ch\u00fa v\u1ecbt con \u0111\u00e3 khi\u1ebfn m\u1ecdi ng\u01b0\u1eddi hi\u1ec3u ra r\u1eb1ng: Kh\u00f4ng n\u00ean gh\u00e9t ai \u0111\u00f3 v\u00ec h\u1ecd kh\u00e1c v\u1edbi m\u00ecnh v\u00e0 b\u1ea5t k\u00ec ai c\u0169ng c\u00f3 nh\u1eefng \u0111i\u1ec1u th\u1eadt t\u1ed1t \u0111\u1eb9p.<\/p>\n<p>B\u1ed9 s\u00e1ch g\u1ed3m nh\u1eefng c\u00e2u chuy\u1ec7n c\u1ed5 t\u00edch n\u1ed5i ti\u1ebfng c\u1ee7a th\u1ebf gi\u1edbi \u0111\u01b0\u1ee3c k\u1ec3 b\u1eb1ng hai ng\u00f4n ng\u1eef Ti\u1ebfng Vi\u1ec7t v\u00e0 Ti\u1ebfng Anh. Ph\u1ea7n d\u1ecbch ti\u1ebfng Vi\u1ec7t kh\u00f4ng d\u1ecbch s\u00e1t t\u1eebng t\u1eeb m\u00e0 chuy\u1ec3n \u00fd linh ho\u1ea1t, ph\u00f9 h\u1ee3p v\u1edbi v\u0103n phong ti\u1ebfng Vi\u1ec7t. Ph\u1ea7n ti\u1ebfng Anh ng\u1eafn g\u1ecdn, d\u1ec5 hi\u1ec3u s\u1ebd gi\u00fap c\u00e1c em h\u1ecdc ngo\u1ea1i ng\u1eef hi\u1ec7u qu\u1ea3.<\/p>\n","protected":false},"featured_media":9787,"template":"","meta":{"_acf_changed":false},"product_brand":[],"product_cat":[25,17,39],"product_tag":[],"class_list":{"0":"post-9794","1":"product","2":"type-product","3":"status-publish","4":"has-post-thumbnail","6":"product_cat-nhi-dong-6-tuoi-12-tuoi","7":"product_cat-sach-danh-cho-cac-be","8":"product_cat-sach-song-ngu-anh-viet","10":"first","11":"outofstock","12":"taxable","13":"shipping-taxable","14":"purchasable","15":"product-type-simple"},"supplier_id":null,"supplier_sku":"","barcode":null,"atum_controlled":true,"out_stock_date":"2024-08-13 19:41:56","out_stock_threshold":null,"inheritable":false,"inbound_stock":0,"stock_on_hold":0,"sold_today":0,"sales_last_days":0,"reserved_stock":0,"customer_returns":0,"warehouse_damage":0,"lost_in_post":0,"other_logs":0,"out_stock_days":533,"lost_sales":0,"has_location":false,"update_date":"2026-01-28T23:11:21","atum_locations":[],"atum_stock_status":"outofstock","restock_status":false,"low_stock_amount":"","sales_update_date":"2026-01-28T23:11:21","calc_backorders":null,"acf":{"publisher":{"ID":1454,"post_author":"1","post_date":"2021-02-17 01:11:34","post_date_gmt":"2021-02-16 23:11:34","post_content":"<!-- wp:flatsome\/uxbuilder -->\n<h1 style=\"text-align: center;\"><strong>Kim \u0110\u1ed3ng<\/strong><\/h1>\n[row]\n\n[col span=\"3\" span__sm=\"12\"]\n\n[ux_image id=\"1534\" image_size=\"medium\"]\n\n\n[\/col]\n[col span=\"9\" span__sm=\"12\"]\n\n<p>Nh\u00e0 xu\u1ea5t b\u1ea3n Kim \u0110\u1ed3ng tr\u1ef1c thu\u1ed9c Trung \u01b0\u01a1ng \u0110o\u00e0n TNCS H\u1ed3 Ch\u00ed Minh l\u00e0 Nh\u00e0 xu\u1ea5t b\u1ea3n t\u1ed5ng h\u1ee3p c\u00f3 ch\u1ee9c n\u0103ng xu\u1ea5t b\u1ea3n s\u00e1ch v\u00e0 v\u0103n h\u00f3a ph\u1ea9m ph\u1ee5c v\u1ee5 thi\u1ebfu nhi v\u00e0 c\u00e1c b\u1eadc ph\u1ee5 huynh trong c\u1ea3 n\u01b0\u1edbc, qu\u1ea3ng b\u00e1 v\u00e0 gi\u1edbi thi\u1ec7u v\u0103n h\u00f3a Vi\u1ec7t Nam ra th\u1ebf gi\u1edbi.<br \/>Nh\u00e0 xu\u1ea5t b\u1ea3n c\u00f3 nhi\u1ec7m v\u1ee5 t\u1ed5 ch\u1ee9c b\u1ea3n th\u1ea3o, bi\u00ean so\u1ea1n, bi\u00ean d\u1ecbch, xu\u1ea5t b\u1ea3n v\u00e0 ph\u00e1t h\u00e0nh c\u00e1c xu\u1ea5t b\u1ea3n ph\u1ea9m c\u00f3 n\u1ed9i dung: gi\u00e1o d\u1ee5c truy\u1ec1n th\u1ed1ng d\u00e2n t\u1ed9c, gi\u00e1o d\u1ee5c v\u1ec1 tri th\u1ee9c, ki\u1ebfn th\u1ee9c\u2026 tr\u00ean c\u00e1c l\u0129nh v\u1ef1c v\u0103n h\u1ecdc, ngh\u1ec7 thu\u1eadt, khoa h\u1ecdc k\u1ef9 thu\u1eadt nh\u1eb1m cung c\u1ea5p cho c\u00e1c em thi\u1ebfu nhi c\u0169ng nh\u01b0 c\u00e1c b\u1eadc ph\u1ee5 huynh c\u00e1c ki\u1ebfn th\u1ee9c c\u1ea7n thi\u1ebft trong cu\u1ed9c s\u1ed1ng, nh\u1eefng tinh hoa c\u1ee7a tri th\u1ee9c nh\u00e2n lo\u1ea1i nh\u1eb1m g\u00f3p ph\u1ea7n gi\u00e1o d\u1ee5c v\u00e0 h\u00ecnh th\u00e0nh nh\u00e2n c\u00e1ch th\u1ebf h\u1ec7 tr\u1ebb.<br \/>\u0110\u1ed1i t\u01b0\u1ee3ng ph\u1ee5c v\u1ee5 c\u1ee7a Nh\u00e0 xu\u1ea5t b\u1ea3n l\u00e0 c\u00e1c em t\u1eeb tu\u1ed5i nh\u00e0 tr\u1ebb m\u1eabu gi\u00e1o (1 \u0111\u1ebfn 5 tu\u1ed5i), nhi \u0111\u1ed3ng (6 \u0111\u1ebfn 9 tu\u1ed5i), thi\u1ebfu ni\u00ean (10 \u0111\u1ebfn 15 tu\u1ed5i) \u0111\u1ebfn c\u00e1c em tu\u1ed5i m\u1edbi l\u1edbn (16 \u0111\u1ebfn 18 tu\u1ed5i) v\u00e0 c\u00e1c b\u1eadc ph\u1ee5 huynh.<\/p>\n\n[\/col]\n\n[\/row]\n\n<!-- \/wp:flatsome\/uxbuilder -->","post_title":"Kim \u0110\u1ed3ng","post_excerpt":"","post_status":"publish","comment_status":"closed","ping_status":"closed","post_password":"","post_name":"kim-dong","to_ping":"","pinged":"","post_modified":"2021-02-17 01:31:56","post_modified_gmt":"2021-02-16 23:31:56","post_content_filtered":"","post_parent":0,"guid":"https:\/\/sachviet.eu\/nha-phat-hanh\/kim-dong\/","menu_order":0,"post_type":"publisher","post_mime_type":"","comment_count":"0","filter":"raw"}},"_links":{"self":[{"href":"https:\/\/sachviet.eu\/en\/wp-json\/wp\/v2\/product\/9794","targetHints":{"allow":["GET"]}}],"collection":[{"href":"https:\/\/sachviet.eu\/en\/wp-json\/wp\/v2\/product"}],"about":[{"href":"https:\/\/sachviet.eu\/en\/wp-json\/wp\/v2\/types\/product"}],"wp:featuredmedia":[{"embeddable":true,"href":"https:\/\/sachviet.eu\/en\/wp-json\/wp\/v2\/media\/9787"}],"wp:attachment":[{"href":"https:\/\/sachviet.eu\/en\/wp-json\/wp\/v2\/media?parent=9794"}],"wp:term":[{"taxonomy":"product_brand","embeddable":true,"href":"https:\/\/sachviet.eu\/en\/wp-json\/wp\/v2\/product_brand?post=9794"},{"taxonomy":"product_cat","embeddable":true,"href":"https:\/\/sachviet.eu\/en\/wp-json\/wp\/v2\/product_cat?post=9794"},{"taxonomy":"product_tag","embeddable":true,"href":"https:\/\/sachviet.eu\/en\/wp-json\/wp\/v2\/product_tag?post=9794"}],"curies":[{"name":"wp","href":"https:\/\/api.w.org\/{rel}","templated":true}]}}