{"id":9786,"date":"2021-06-02T01:39:18","date_gmt":"2021-06-01T22:39:18","guid":{"rendered":"https:\/\/sachviet.eu\/shop\/than-gui-mua-ha\/"},"modified":"2023-05-07T11:19:11","modified_gmt":"2023-05-07T08:19:11","slug":"than-gui-mua-ha","status":"publish","type":"product","link":"https:\/\/sachviet.eu\/en\/shop\/than-gui-mua-ha\/","title":{"rendered":"Th\u00e2n G\u1eedi M\u00f9a H\u1ea1"},"content":{"rendered":"<p>Th\u00e2n G\u1eedi M\u00f9a H\u1ea1<\/p>\n<p>\u201cKhi n\u00e0o b\u00e0 ch\u1ebft \u1ea1?\u201d c\u00f4 ch\u00e1u g\u00e1i h\u1ecfi.<\/p>\n<p>\u201cS\u1eafp r\u1ed3i, nh\u01b0ng n\u00f3i chung \u0111\u00f3 kh\u00f4ng ph\u1ea3i chuy\u1ec7n c\u1ee7a con.\u201d B\u00e0 \u0111\u00e1p.<\/p>\n<p>\u201cT\u1ea1i sao \u1ea1?\u201d c\u00f4 b\u00e9 th\u1eafc m\u1eafc.<\/p>\n<p>B\u00e0 c\u1ee5 kh\u00f4ng tr\u1ea3 l\u1eddi m\u00e0 \u0111i l\u00ean ng\u1ecdn \u0111\u1ed3i h\u01b0\u1edbng v\u1ec1 ph\u00eda h\u1ebbm n\u00fai.<\/p>\n<p>\u201cB\u1ed1 con c\u1ea5m \u0111\u1ea5y!\u201d Sophia h\u00e9t l\u00ean.<\/p>\n<p>B\u00e0 khinh kh\u1ec9nh \u0111\u00e1p: \u201cB\u00e0 bi\u1ebft r\u1ed3i, kh\u1ed5 l\u1eafm, n\u00f3i m\u00e3i. C\u1ea3 con v\u00e0 ta \u0111\u1ec1u kh\u00f4ng \u0111\u01b0\u1ee3c ph\u00e9p \u0111\u1ebfn h\u1ebbm n\u00fai nh\u01b0ng ch\u00fang ta c\u1ee9 \u0111i \u0111\u1ea5y th\u00ec \u0111\u00e3 sao n\u00e0o&#8230;\u201d<\/p>\n<p>\u0110\u00f3 l\u00e0 m\u1ed9t trong r\u1ea5t nhi\u1ec1u cu\u1ed9c h\u1ed9i tho\u1ea1i h\u00e0i h\u01b0\u1edbc m\u00e0 t\u1ec9nh b\u01a1 gi\u1eefa c\u00f4 ch\u00e1u g\u00e1i Sophia s\u00e1u tu\u1ed5i v\u00e0 b\u00e0 n\u1ed9i, ho\u1eb7c \u0111\u00fang h\u01a1n l\u00e0 gi\u1eefa hai ng\u01b0\u1eddi b\u1ea1n d\u00f9 tr\u00e1i ng\u01b0\u1ee3c nhau v\u1ec1 tu\u1ed5i t\u00e1c v\u00e0 t\u00ednh c\u00e1ch nh\u01b0ng t\u00e2m h\u1ed3n th\u00ec lu\u00f4n \u0111\u1ed3ng \u0111i\u1ec7u.<\/p>\n<p>M\u1ed9t c\u00f4 ch\u00e1u g\u00e1i ng\u00e2y th\u01a1 v\u00e0 mong manh nh\u01b0ng \u0111\u00f4i l\u00fac tr\u01b0\u1edfng th\u00e0nh b\u1ea5t ch\u1ee3t c\u00f3 th\u1ec3 vi\u1ebft m\u1ed9t cu\u1ed1n s\u00e1ch c\u1ee7a ri\u00eang m\u00ecnh v\u1edbi t\u1ef1a \u0111\u1ec1 \u201cLu\u1eadn v\u1ec1 giun \u0111\u1ea5t b\u1ecb \u0111\u1ee9t th\u00e2n\u201d m\u00e0 kh\u00f4ng nh\u00e0 khoa h\u1ecdc n\u00e0o c\u00f3 \u0111\u01b0\u1ee3c nh\u1eadn \u0111\u1ecbnh s\u00e2u s\u1eafc nh\u01b0 c\u00f4.<\/p>\n<p>M\u1ed9t b\u00e0 n\u1ed9i \u0111\u00f4i khi b\u01b0\u1edbng b\u1ec9nh, l\u00e1u c\u00e1 v\u00e0 ham vui h\u1ec7t nh\u01b0 m\u1ed9t \u0111\u1ee9a tr\u1ebb, b\u00e0 kh\u00f4ng ch\u1ecbu b\u1ecf l\u1ee1 nh\u1eefng th\u00fa vui y\u00ean b\u00ecnh nh\u01b0 \u0111i nghe v\u1ecbt bi\u1ec3n \u0111\u1ebfn b\u1eefa ti\u1ec7c n\u00e1o nhi\u1ec7t v\u00e0 l\u00fac n\u00e0o b\u00e0 c\u0169ng th\u00edch th\u00fa v\u1edbi tr\u00f2 ch\u01a1i m\u1edbi.<\/p>\n<p>S\u1ef1 tung h\u1ee9ng c\u1ee7a b\u00e0 v\u00e0 ch\u00e1u, s\u1ef1 khuy\u1ebfn kh\u00edch v\u00e0 \u1ee7ng h\u1ed9 ng\u01b0\u1eddi kia l\u00e0m nh\u1eefng \u0111i\u1ec1u ch\u01b0a t\u1eebng l\u00e0m \u0111\u00e3 g\u1eafn k\u1ebft hai b\u00e0 ch\u00e1u v\u1edbi nhau. H\u1ecd c\u00f9ng nhau tr\u00f2 chuy\u1ec7n, \u0111i d\u1ea1o v\u00e0 kh\u00e1m ph\u00e1 t\u1eeb khu r\u1eebng ma \u00e1m \u0111\u1ea7y nh\u1eefng t\u00e1c ph\u1ea9m \u0111i\u00eau kh\u1eafc c\u1ee7a b\u00e0 n\u1ed9i \u0111\u1ebfn hang \u0111\u1ed9ng huy\u1ec1n b\u00ed \u0111\u01b0\u1ee3c d\u1eabn \u0111\u1ebfn b\u1edfi l\u1ed1i \u0111i b\u00ed m\u1eadt m\u00e0 Sophia t\u1ea1o ra cho ri\u00eang hai b\u00e0 ch\u00e1u&#8230; Trong nh\u1eefng c\u00e2u chuy\u1ec7n th\u01b0\u1eddng ng\u00e0y \u0111\u00f3, \u0111\u00f4i khi h\u1ecd ng\u00fang ngu\u1ea9y, h\u1ecd gi\u1eabn d\u1ed7i, h\u1ecd tranh lu\u1eadn nh\u01b0ng sau c\u00f9ng h\u1ecd v\u1eabn y\u00eau th\u01b0\u01a1ng.<\/p>\n<p>D\u00f9 t\u00e1c gi\u1ea3 Tove Jansson n\u1ed5i ti\u1ebfng v\u1edbi nh\u1eefng cu\u1ed1n s\u00e1ch vi\u1ebft cho thi\u1ebfu nhi, nh\u01b0ng \u201cTh\u00e2n g\u1eedi m\u00f9a H\u1ea1\u201d l\u1ea1i l\u00e0 cu\u1ed1n s\u00e1ch tuy\u1ec7t v\u1eddi cho b\u1ea5t k\u00ec \u0111\u1ed9 tu\u1ed5i n\u00e0o. V\u1edbi tr\u1ebb th\u01a1, ch\u00fang s\u1ebd t\u00ecm th\u1ea5y m\u1ed9t th\u1ebf gi\u1edbi \u0111\u1ea7y s\u1ed1ng \u0111\u1ed9ng n\u01a1i v\u00f9ng bi\u1ec3n B\u1eafc \u00c2u, c\u00f2n ng\u01b0\u1eddi l\u1edbn (v\u00e0 c\u1ea3 ng\u01b0\u1eddi gi\u00e0) s\u1ebd th\u1ea5y m\u00ecnh \u0111\u01b0\u1ee3c tr\u1ebb l\u1ea1i nh\u1edd c\u00e1ch t\u1eadn h\u01b0\u1edfng cu\u1ed9c s\u1ed1ng t\u1ef1 do \u1edf v\u00f9ng \u0111\u1ea5t \u0111\u00f3.<\/p>\n<p>L\u00e0 m\u1ed9t cu\u1ed1n s\u00e1ch v\u1edbi ng\u00f4n t\u1eeb phong ph\u00fa v\u00e0 \u0111\u1eb9p nh\u01b0 ch\u00ednh m\u00f9a h\u1ea1 tr\u00ean h\u00f2n \u0111\u1ea3o nh\u1ecf, ch\u1ea5t th\u01a1 v\u00e0 s\u1ef1 k\u00ec th\u00fa qua t\u1eebng c\u00e2u ch\u1eef s\u1ebd d\u1eabn d\u1eaft \u0111\u1ed9c gi\u1ea3 \u0111i qua nh\u1eefng tr\u1ea3i nghi\u1ec7m v\u00e0 chi\u00eam nghi\u1ec7m \u0111\u1eb7c bi\u1ec7t c\u1ee7a hai b\u00e0 ch\u00e1u trong su\u1ed1t m\u00f9a h\u00e8.<\/p>\n<p>\u201cTh\u00e2n g\u1eedi m\u00f9a H\u1ea1\u201d \u0111\u00e3 \u0111\u01b0\u1ee3c chuy\u1ec3n th\u1ec3 th\u00e0nh phim \u0111i\u1ec7n \u1ea3nh n\u0103m 2019 v\u1edbi s\u1ef1 tham gia c\u1ee7a di\u1ec5n vi\u00ean n\u1ed5i ti\u1ebfng Julie Walters trong vai ng\u01b0\u1eddi b\u00e0. Ngo\u00e0i ra \u1edf phi\u00ean b\u1ea3n ti\u1ebfng Vi\u1ec7t, b\u00eca s\u00e1ch \u201cTh\u00e2n g\u1eedi m\u00f9a H\u1ea1\u201d \u0111\u01b0\u1ee3c mua b\u1ea3n quy\u1ec1n t\u1eeb s\u00e1ch g\u1ed1c v\u1edbi h\u00ecnh \u1ea3nh h\u00f2n \u0111\u1ea3o nh\u1ecf gi\u1eefa m\u00f9a h\u00e8 v\u00e0ng \u00f3ng, h\u00f2n \u0111\u1ea3o in b\u00f3ng xu\u1ed1ng \u0111\u1ea1i d\u01b0\u01a1ng c\u00e0ng l\u1ed9t t\u1ea3 r\u00f5 h\u01a1n s\u1ef1 \u0111\u1ed3ng \u0111i\u1ec7u v\u00e0 ph\u1ea3n chi\u1ebfu trong t\u00e2m h\u1ed3n c\u1ee7a b\u00e0 n\u1ed9i v\u00e0 ch\u00e1u g\u00e1i Sophia.<\/p>\n","protected":false},"excerpt":{"rendered":"<p>Th\u00e2n G\u1eedi M\u00f9a H\u1ea1<\/p>\n<p>\u201cKhi n\u00e0o b\u00e0 ch\u1ebft \u1ea1?\u201d c\u00f4 ch\u00e1u g\u00e1i h\u1ecfi.<\/p>\n<p>\u201cS\u1eafp r\u1ed3i, nh\u01b0ng n\u00f3i chung \u0111\u00f3 kh\u00f4ng ph\u1ea3i chuy\u1ec7n c\u1ee7a con.\u201d B\u00e0 \u0111\u00e1p.<\/p>\n<p>\u201cT\u1ea1i sao \u1ea1?\u201d c\u00f4 b\u00e9 th\u1eafc m\u1eafc.<\/p>\n<p>B\u00e0 c\u1ee5 kh\u00f4ng tr\u1ea3 l\u1eddi m\u00e0 \u0111i l\u00ean ng\u1ecdn \u0111\u1ed3i h\u01b0\u1edbng v\u1ec1 ph\u00eda h\u1ebbm n\u00fai.<\/p>\n<p>\u201cB\u1ed1 con c\u1ea5m \u0111\u1ea5y!\u201d Sophia h\u00e9t l\u00ean.<\/p>\n<p>B\u00e0 khinh kh\u1ec9nh \u0111\u00e1p: \u201cB\u00e0 bi\u1ebft r\u1ed3i, kh\u1ed5 l\u1eafm, n\u00f3i m\u00e3i. C\u1ea3 con v\u00e0 ta \u0111\u1ec1u kh\u00f4ng \u0111\u01b0\u1ee3c ph\u00e9p \u0111\u1ebfn h\u1ebbm n\u00fai nh\u01b0ng ch\u00fang ta c\u1ee9 \u0111i \u0111\u1ea5y th\u00ec \u0111\u00e3 sao n\u00e0o&#8230;\u201d<\/p>\n<p>\u0110\u00f3 l\u00e0 m\u1ed9t trong r\u1ea5t nhi\u1ec1u cu\u1ed9c h\u1ed9i tho\u1ea1i h\u00e0i h\u01b0\u1edbc m\u00e0 t\u1ec9nh b\u01a1 gi\u1eefa c\u00f4 ch\u00e1u g\u00e1i Sophia s\u00e1u tu\u1ed5i v\u00e0 b\u00e0 n\u1ed9i, ho\u1eb7c \u0111\u00fang h\u01a1n l\u00e0 gi\u1eefa hai ng\u01b0\u1eddi b\u1ea1n d\u00f9 tr\u00e1i ng\u01b0\u1ee3c nhau v\u1ec1 tu\u1ed5i t\u00e1c v\u00e0 t\u00ednh c\u00e1ch nh\u01b0ng t\u00e2m h\u1ed3n th\u00ec lu\u00f4n \u0111\u1ed3ng \u0111i\u1ec7u.<\/p>\n<p>M\u1ed9t c\u00f4 ch\u00e1u g\u00e1i ng\u00e2y th\u01a1 v\u00e0 mong manh nh\u01b0ng \u0111\u00f4i l\u00fac tr\u01b0\u1edfng th\u00e0nh b\u1ea5t ch\u1ee3t c\u00f3 th\u1ec3 vi\u1ebft m\u1ed9t cu\u1ed1n s\u00e1ch c\u1ee7a ri\u00eang m\u00ecnh v\u1edbi t\u1ef1a \u0111\u1ec1 \u201cLu\u1eadn v\u1ec1 giun \u0111\u1ea5t b\u1ecb \u0111\u1ee9t th\u00e2n\u201d m\u00e0 kh\u00f4ng nh\u00e0 khoa h\u1ecdc n\u00e0o c\u00f3 \u0111\u01b0\u1ee3c nh\u1eadn \u0111\u1ecbnh s\u00e2u s\u1eafc nh\u01b0 c\u00f4.<\/p>\n<p>M\u1ed9t b\u00e0 n\u1ed9i \u0111\u00f4i khi b\u01b0\u1edbng b\u1ec9nh, l\u00e1u c\u00e1 v\u00e0 ham vui h\u1ec7t nh\u01b0 m\u1ed9t \u0111\u1ee9a tr\u1ebb, b\u00e0 kh\u00f4ng ch\u1ecbu b\u1ecf l\u1ee1 nh\u1eefng th\u00fa vui y\u00ean b\u00ecnh nh\u01b0 \u0111i nghe v\u1ecbt bi\u1ec3n \u0111\u1ebfn b\u1eefa ti\u1ec7c n\u00e1o nhi\u1ec7t v\u00e0 l\u00fac n\u00e0o b\u00e0 c\u0169ng th\u00edch th\u00fa v\u1edbi tr\u00f2 ch\u01a1i m\u1edbi.<\/p>\n<p>S\u1ef1 tung h\u1ee9ng c\u1ee7a b\u00e0 v\u00e0 ch\u00e1u, s\u1ef1 khuy\u1ebfn kh\u00edch v\u00e0 \u1ee7ng h\u1ed9 ng\u01b0\u1eddi kia l\u00e0m nh\u1eefng \u0111i\u1ec1u ch\u01b0a t\u1eebng l\u00e0m \u0111\u00e3 g\u1eafn k\u1ebft hai b\u00e0 ch\u00e1u v\u1edbi nhau. H\u1ecd c\u00f9ng nhau tr\u00f2 chuy\u1ec7n, \u0111i d\u1ea1o v\u00e0 kh\u00e1m ph\u00e1 t\u1eeb khu r\u1eebng ma \u00e1m \u0111\u1ea7y nh\u1eefng t\u00e1c ph\u1ea9m \u0111i\u00eau kh\u1eafc c\u1ee7a b\u00e0 n\u1ed9i \u0111\u1ebfn hang \u0111\u1ed9ng huy\u1ec1n b\u00ed \u0111\u01b0\u1ee3c d\u1eabn \u0111\u1ebfn b\u1edfi l\u1ed1i \u0111i b\u00ed m\u1eadt m\u00e0 Sophia t\u1ea1o ra cho ri\u00eang hai b\u00e0 ch\u00e1u&#8230; Trong nh\u1eefng c\u00e2u chuy\u1ec7n th\u01b0\u1eddng ng\u00e0y \u0111\u00f3, \u0111\u00f4i khi h\u1ecd ng\u00fang ngu\u1ea9y, h\u1ecd gi\u1eabn d\u1ed7i, h\u1ecd tranh lu\u1eadn nh\u01b0ng sau c\u00f9ng h\u1ecd v\u1eabn y\u00eau th\u01b0\u01a1ng.<\/p>\n<p>D\u00f9 t\u00e1c gi\u1ea3 Tove Jansson n\u1ed5i ti\u1ebfng v\u1edbi nh\u1eefng cu\u1ed1n s\u00e1ch vi\u1ebft cho thi\u1ebfu nhi, nh\u01b0ng \u201cTh\u00e2n g\u1eedi m\u00f9a H\u1ea1\u201d l\u1ea1i l\u00e0 cu\u1ed1n s\u00e1ch tuy\u1ec7t v\u1eddi cho b\u1ea5t k\u00ec \u0111\u1ed9 tu\u1ed5i n\u00e0o. V\u1edbi tr\u1ebb th\u01a1, ch\u00fang s\u1ebd t\u00ecm th\u1ea5y m\u1ed9t th\u1ebf gi\u1edbi \u0111\u1ea7y s\u1ed1ng \u0111\u1ed9ng n\u01a1i v\u00f9ng bi\u1ec3n B\u1eafc \u00c2u, c\u00f2n ng\u01b0\u1eddi l\u1edbn (v\u00e0 c\u1ea3 ng\u01b0\u1eddi gi\u00e0) s\u1ebd th\u1ea5y m\u00ecnh \u0111\u01b0\u1ee3c tr\u1ebb l\u1ea1i nh\u1edd c\u00e1ch t\u1eadn h\u01b0\u1edfng cu\u1ed9c s\u1ed1ng t\u1ef1 do \u1edf v\u00f9ng \u0111\u1ea5t \u0111\u00f3.<\/p>\n<p>L\u00e0 m\u1ed9t cu\u1ed1n s\u00e1ch v\u1edbi ng\u00f4n t\u1eeb phong ph\u00fa v\u00e0 \u0111\u1eb9p nh\u01b0 ch\u00ednh m\u00f9a h\u1ea1 tr\u00ean h\u00f2n \u0111\u1ea3o nh\u1ecf, ch\u1ea5t th\u01a1 v\u00e0 s\u1ef1 k\u00ec th\u00fa qua t\u1eebng c\u00e2u ch\u1eef s\u1ebd d\u1eabn d\u1eaft \u0111\u1ed9c gi\u1ea3 \u0111i qua nh\u1eefng tr\u1ea3i nghi\u1ec7m v\u00e0 chi\u00eam nghi\u1ec7m \u0111\u1eb7c bi\u1ec7t c\u1ee7a hai b\u00e0 ch\u00e1u trong su\u1ed1t m\u00f9a h\u00e8.<\/p>\n<p>\u201cTh\u00e2n g\u1eedi m\u00f9a H\u1ea1\u201d \u0111\u00e3 \u0111\u01b0\u1ee3c chuy\u1ec3n th\u1ec3 th\u00e0nh phim \u0111i\u1ec7n \u1ea3nh n\u0103m 2019 v\u1edbi s\u1ef1 tham gia c\u1ee7a di\u1ec5n vi\u00ean n\u1ed5i ti\u1ebfng Julie Walters trong vai ng\u01b0\u1eddi b\u00e0. Ngo\u00e0i ra \u1edf phi\u00ean b\u1ea3n ti\u1ebfng Vi\u1ec7t, b\u00eca s\u00e1ch \u201cTh\u00e2n g\u1eedi m\u00f9a H\u1ea1\u201d \u0111\u01b0\u1ee3c mua b\u1ea3n quy\u1ec1n t\u1eeb s\u00e1ch g\u1ed1c v\u1edbi h\u00ecnh \u1ea3nh h\u00f2n \u0111\u1ea3o nh\u1ecf gi\u1eefa m\u00f9a h\u00e8 v\u00e0ng \u00f3ng, h\u00f2n \u0111\u1ea3o in b\u00f3ng xu\u1ed1ng \u0111\u1ea1i d\u01b0\u01a1ng c\u00e0ng l\u1ed9t t\u1ea3 r\u00f5 h\u01a1n s\u1ef1 \u0111\u1ed3ng \u0111i\u1ec7u v\u00e0 ph\u1ea3n chi\u1ebfu trong t\u00e2m h\u1ed3n c\u1ee7a b\u00e0 n\u1ed9i v\u00e0 ch\u00e1u g\u00e1i Sophia.<\/p>\n","protected":false},"featured_media":9781,"template":"","meta":{"_acf_changed":false},"product_brand":[],"product_cat":[15,45],"product_tag":[],"class_list":{"0":"post-9786","1":"product","2":"type-product","3":"status-publish","4":"has-post-thumbnail","6":"product_cat-sach-danh-cho-nguoi-lon","7":"product_cat-tieu-thuyet","9":"first","10":"outofstock","11":"taxable","12":"shipping-taxable","13":"purchasable","14":"product-type-simple"},"supplier_id":null,"supplier_sku":"","barcode":null,"atum_controlled":true,"out_stock_date":"2023-05-07 08:19:11","out_stock_threshold":null,"inheritable":false,"inbound_stock":1,"stock_on_hold":0,"sold_today":0,"sales_last_days":0,"reserved_stock":0,"customer_returns":0,"warehouse_damage":0,"lost_in_post":0,"other_logs":0,"out_stock_days":997,"lost_sales":0,"has_location":false,"update_date":"2026-01-28T23:10:44","atum_locations":[],"atum_stock_status":"outofstock","restock_status":false,"low_stock_amount":"","sales_update_date":"2026-01-28T23:10:44","calc_backorders":null,"acf":{"publisher":{"ID":1453,"post_author":"1","post_date":"2021-02-17 01:11:32","post_date_gmt":"2021-02-16 23:11:32","post_content":"<!-- wp:flatsome\/uxbuilder -->\n<h1 style=\"text-align: center;\"><strong>Qu\u1ea3ng V\u0103n<\/strong><\/h1>\n[row]\n\n[col span=\"6\" span__sm=\"12\"]\n\n[ux_image id=\"1552\" image_size=\"medium\"]\n\n\n[\/col]\n[col span=\"6\" span__sm=\"12\"]\n\n<p><strong>Quangvanbooks<\/strong><br \/>Qu\u1ea3ng V\u0103n l\u00e0 t\u1ed5 h\u1ee3p xu\u1ea5t b\u1ea3n, gi\u00e1o d\u1ee5c v\u00e0 nh\u01b0\u1ee3ng quy\u1ec1n h\u00e0ng \u0111\u1ea7u trong ng\u00e0nh c\u00f4ng nghi\u1ec7p s\u00e1ng t\u1ea1o v\u1edbi c\u00e1c th\u01b0\u01a1ng hi\u1ec7u nh\u00e1nh:<\/p>\n<p>Quangvanbooks - Th\u01b0\u01a1ng hi\u1ec7u s\u00e1ch v\u0103n h\u00f3a gi\u00e1o d\u1ee5c v\u00e0 v\u0103n h\u00f3a gi\u1ea3i tr\u00ed<br \/>Ehomebooks - Th\u01b0\u01a1ng hi\u1ec7u s\u00e1ch gi\u00e1o d\u1ee5c gia \u0111\u00ecnh<br \/>Sakurabooks - Th\u01b0\u01a1ng hi\u1ec7u s\u00e1ch Nh\u1eadt B\u1ea3n<br \/>IPERbooks - Th\u01b0\u01a1ng hi\u1ec7u s\u00e1ch gi\u00e1o d\u1ee5c nh\u00e0 tr\u01b0\u1eddng<br \/>IPER - Vi\u1ec7n nghi\u00ean c\u1ee9u xu\u1ea5t b\u1ea3n v\u00e0 gi\u00e1o d\u1ee5c IPER<\/p>\n<p><strong>T\u1ea7m nh\u00ecn<\/strong><br \/>Tr\u1edf th\u00e0nh th\u01b0\u01a1ng hi\u1ec7u s\u00e1ch v\u0103n h\u00f3a gi\u00e1o d\u1ee5c v\u00e0 v\u0103n h\u00f3a gi\u1ea3i tr\u00ed t\u1ed1t nh\u1ea5t v\u00e0 \u0111a d\u1ea1ng nh\u1ea5t Vi\u1ec7t Nam.<\/p>\n<p><br \/><strong>S\u1ee9 m\u1ec7nh<\/strong><br \/>Mang \u0111\u1ebfn nh\u1eefng cu\u1ed1n s\u00e1ch v\u0103n h\u00f3a gi\u00e1o d\u1ee5c v\u00e0 v\u0103n h\u00f3a gi\u1ea3i tr\u00ed \u0111\u1ebfn v\u1edbi \u0111\u1ed9c gi\u1ea3 Vi\u1ec7t Nam v\u00e0 th\u1ebf gi\u1edbi nh\u1eb1m gi\u00fap \u0111\u1ed9c gi\u1ea3 ph\u00e1t tri\u1ec3n b\u1ea3n th\u00e2n, gi\u00e1o d\u1ee5c, gi\u1ea3i tr\u00ed v\u00e0 khai s\u00e1ng nh\u1eb1m x\u00e2y d\u1ef1ng x\u00e3 h\u1ed9i th\u1ecbnh v\u01b0\u1ee3ng, h\u1ea1nh ph\u00fac.<\/p>\n<p><strong>Gi\u00e1 tr\u1ecb c\u1ed1t l\u00f5i<\/strong><\/p>\n<p>S\u00e1ng t\u1ea1o - Linh ho\u1ea1t - H\u1ee3p t\u00e1c - Ch\u00ednh tr\u1ef1c - Nhi\u1ec7t huy\u1ebft - C\u00e2n b\u1eb1ng - H\u1ea1nh ph\u00fac<\/p>\n\n[\/col]\n\n[\/row]\n\n<!-- \/wp:flatsome\/uxbuilder -->","post_title":"Qu\u1ea3ng V\u0103n","post_excerpt":"","post_status":"publish","comment_status":"closed","ping_status":"closed","post_password":"","post_name":"quang-van","to_ping":"","pinged":"","post_modified":"2021-02-17 01:26:44","post_modified_gmt":"2021-02-16 23:26:44","post_content_filtered":"","post_parent":0,"guid":"https:\/\/sachviet.eu\/nha-phat-hanh\/quang-van\/","menu_order":0,"post_type":"publisher","post_mime_type":"","comment_count":"0","filter":"raw"}},"_links":{"self":[{"href":"https:\/\/sachviet.eu\/en\/wp-json\/wp\/v2\/product\/9786","targetHints":{"allow":["GET"]}}],"collection":[{"href":"https:\/\/sachviet.eu\/en\/wp-json\/wp\/v2\/product"}],"about":[{"href":"https:\/\/sachviet.eu\/en\/wp-json\/wp\/v2\/types\/product"}],"wp:featuredmedia":[{"embeddable":true,"href":"https:\/\/sachviet.eu\/en\/wp-json\/wp\/v2\/media\/9781"}],"wp:attachment":[{"href":"https:\/\/sachviet.eu\/en\/wp-json\/wp\/v2\/media?parent=9786"}],"wp:term":[{"taxonomy":"product_brand","embeddable":true,"href":"https:\/\/sachviet.eu\/en\/wp-json\/wp\/v2\/product_brand?post=9786"},{"taxonomy":"product_cat","embeddable":true,"href":"https:\/\/sachviet.eu\/en\/wp-json\/wp\/v2\/product_cat?post=9786"},{"taxonomy":"product_tag","embeddable":true,"href":"https:\/\/sachviet.eu\/en\/wp-json\/wp\/v2\/product_tag?post=9786"}],"curies":[{"name":"wp","href":"https:\/\/api.w.org\/{rel}","templated":true}]}}