{"id":9760,"date":"2021-06-02T01:37:28","date_gmt":"2021-06-01T22:37:28","guid":{"rendered":"https:\/\/sachviet.eu\/shop\/mua-tieu-hoc-cuoi-cung\/"},"modified":"2021-06-23T21:17:55","modified_gmt":"2021-06-23T18:17:55","slug":"mua-tieu-hoc-cuoi-cung","status":"publish","type":"product","link":"https:\/\/sachviet.eu\/en\/shop\/mua-tieu-hoc-cuoi-cung\/","title":{"rendered":"M\u00f9a ti\u1ec3u h\u1ecdc cu\u1ed1i c\u00f9ng"},"content":{"rendered":"<p>B\u1ea1n ng\u1ed3i xu\u1ed1ng \u0111\u00e2y nghe tui k\u1ec3 ch\u00fat n\u00e8, v\u1ec1 m\u1ea5y th\u1eb1ng b\u1ea1n c\u00e0 t\u01b0ng l\u1edbp nh\u1ee9t Hai tr\u01b0\u1eddng ti\u1ec3u h\u1ecdc B\u00ecnh T\u00e2y c\u1ee7a tui. C\u0169ng l\u00e2u l\u1eafm r\u1ed3i \u00e1, h\u1ed3i n\u0103m 1967 l\u1eadn.<\/p>\n<p>Ch\u1eb3ng hi\u1ec3u sao l\u1edbp tui h\u1ed3i \u0111\u00f3 to\u00e0n nh\u1eefng \u0111\u1ee9a c\u00e0 t\u01b0ng th\u00edch l\u00e0m m\u1ea5y chuy\u1ec7n c\u00e0 t\u1eedng. V\u00ed d\u1ee5 nh\u01b0 th\u1eb1ng Ch\u01b0\u01a1ng t\u00ecm ph\u00e9p t\u00e0ng h\u00ecnh nh\u01b0 trong m\u1ea5y tu\u1ed3ng \u1ea4n \u0110\u1ed9 v\u00e0 th\u00e0nh c\u00f4ng th\u1eadt. Th\u1eb1ng Thu b\u1ed7ng m\u1ed9t ng\u00e0y bi\u1ebfn th\u00e0nh con Thu. Th\u1eb1ng Ty t\u00e9 c\u00e2y ch\u00f9m ru\u1ed9t v\u00e0 tr\u1edf th\u00e0nh thi\u00ean t\u00e0i to\u00e1n h\u1ecdc\u2026 T\u1ea5t nhi\u00ean l\u00e0 c\u00f3 c\u1ea3 tui n\u1eefa, qu\u00e2n s\u01b0 qu\u1ea1t mo ki\u00eam th\u1ea7y d\u1ea1y v\u00f5 v\u00e0 l\u00e0 m\u1ed9t nh\u00e0 b\u00e1o \u0111\u1ea1i t\u00e0i.<\/p>\n<p>B\u1ea1n nghe \u0111\u00e3 th\u1ea5y c\u00e0 t\u01b0ng ch\u01b0a? M\u1eddi \u0111\u1ecdc ti\u1ebfp \u0111\u1ec3 bi\u1ebft t\u1ee5i h\u1ecdc tr\u00f2 ti\u1ec3u h\u1ecdc t\u1ee5i tui ng\u00e0y \u1ea5y \u0111\u00e3 qu\u1eady t\u01b0ng b\u1eebng th\u1ebf n\u00e0o nh\u00e9. Kh\u00f4ng thua g\u00ec c\u00e1c b\u1ea1n b\u00e2y gi\u1edd \u0111\u00e2u!<\/p>\n<p>Th\u00f4ng tin t\u00e1c gi\u1ea3:<\/p>\n<p>Nh\u00e0 v\u0103n L\u00ea V\u0103n Ngh\u0129a<\/p>\n<p>Sinh n\u0103m 1953<\/p>\n<p>S\u00e1ch \u0111\u00e3 in:<\/p>\n<p>T\u00e0o lao x\u1ecbt b\u1ed9p (t\u1eadp truy\u1ec7n ng\u1eafn, 2010)<\/p>\n<p>M\u00f9a h\u00e8 n\u0103m Petrus (truy\u1ec7n d\u00e0i, 2012)<\/p>\n<p>Ch\u00fa chi\u1ebfu b\u00f3ng, nh\u00e0 \u1ea3o thu\u1eadt, tay \u0111\u00e1nh b\u00e0i v\u00e0 t\u1ee5i con n\u00edt x\u00f3m nh\u1ecf S\u00e0i G\u00f2n n\u0103m \u1ea5y (truy\u1ec7n d\u00e0i, 2014)<\/p>\n<p>S\u00e0i G\u00f2n Kh\u00e2u L\u1ea1i M\u1ea3nh Th\u1eddi Gian (t\u1ea1p b\u00fat, 2018)<\/p>\n<p>T\u1ee5i l\u1edbp nh\u1ee9t tr\u01b0\u1eddng B\u00ecnh T\u00e2y, c\u00e2y vi\u1ebft m\u00e1y v\u00e0 con ch\u00f3 nh\u1ecf (truy\u1ec7n d\u00e0i, 2018)<\/p>\n","protected":false},"excerpt":{"rendered":"<p>B\u1ea1n ng\u1ed3i xu\u1ed1ng \u0111\u00e2y nghe tui k\u1ec3 ch\u00fat n\u00e8, v\u1ec1 m\u1ea5y th\u1eb1ng b\u1ea1n c\u00e0 t\u01b0ng l\u1edbp nh\u1ee9t Hai tr\u01b0\u1eddng ti\u1ec3u h\u1ecdc B\u00ecnh T\u00e2y c\u1ee7a tui. C\u0169ng l\u00e2u l\u1eafm r\u1ed3i \u00e1, h\u1ed3i n\u0103m 1967 l\u1eadn.<\/p>\n<p>Ch\u1eb3ng hi\u1ec3u sao l\u1edbp tui h\u1ed3i \u0111\u00f3 to\u00e0n nh\u1eefng \u0111\u1ee9a c\u00e0 t\u01b0ng th\u00edch l\u00e0m m\u1ea5y chuy\u1ec7n c\u00e0 t\u1eedng. V\u00ed d\u1ee5 nh\u01b0 th\u1eb1ng Ch\u01b0\u01a1ng t\u00ecm ph\u00e9p t\u00e0ng h\u00ecnh nh\u01b0 trong m\u1ea5y tu\u1ed3ng \u1ea4n \u0110\u1ed9 v\u00e0 th\u00e0nh c\u00f4ng th\u1eadt. Th\u1eb1ng Thu b\u1ed7ng m\u1ed9t ng\u00e0y bi\u1ebfn th\u00e0nh con Thu. Th\u1eb1ng Ty t\u00e9 c\u00e2y ch\u00f9m ru\u1ed9t v\u00e0 tr\u1edf th\u00e0nh thi\u00ean t\u00e0i to\u00e1n h\u1ecdc\u2026 T\u1ea5t nhi\u00ean l\u00e0 c\u00f3 c\u1ea3 tui n\u1eefa, qu\u00e2n s\u01b0 qu\u1ea1t mo ki\u00eam th\u1ea7y d\u1ea1y v\u00f5 v\u00e0 l\u00e0 m\u1ed9t nh\u00e0 b\u00e1o \u0111\u1ea1i t\u00e0i.<\/p>\n<p>B\u1ea1n nghe \u0111\u00e3 th\u1ea5y c\u00e0 t\u01b0ng ch\u01b0a? M\u1eddi \u0111\u1ecdc ti\u1ebfp \u0111\u1ec3 bi\u1ebft t\u1ee5i h\u1ecdc tr\u00f2 ti\u1ec3u h\u1ecdc t\u1ee5i tui ng\u00e0y \u1ea5y \u0111\u00e3 qu\u1eady t\u01b0ng b\u1eebng th\u1ebf n\u00e0o nh\u00e9. Kh\u00f4ng thua g\u00ec c\u00e1c b\u1ea1n b\u00e2y gi\u1edd \u0111\u00e2u!<\/p>\n","protected":false},"featured_media":9759,"template":"","meta":{"_acf_changed":false},"product_brand":[],"product_cat":[15,45],"product_tag":[],"class_list":{"0":"post-9760","1":"product","2":"type-product","3":"status-publish","4":"has-post-thumbnail","6":"product_cat-sach-danh-cho-nguoi-lon","7":"product_cat-tieu-thuyet","9":"first","10":"outofstock","11":"taxable","12":"shipping-taxable","13":"purchasable","14":"product-type-simple"},"supplier_id":null,"supplier_sku":"","barcode":null,"atum_controlled":true,"out_stock_date":"2021-06-23 18:17:55","out_stock_threshold":null,"inheritable":false,"inbound_stock":0,"stock_on_hold":0,"sold_today":0,"sales_last_days":0,"reserved_stock":0,"customer_returns":0,"warehouse_damage":0,"lost_in_post":0,"other_logs":0,"out_stock_days":1680,"lost_sales":0,"has_location":false,"update_date":"2026-01-28T23:10:44","atum_locations":[],"atum_stock_status":"outofstock","restock_status":false,"low_stock_amount":"","sales_update_date":"2026-01-28T23:10:44","calc_backorders":null,"acf":{"publisher":{"ID":1454,"post_author":"1","post_date":"2021-02-17 01:11:34","post_date_gmt":"2021-02-16 23:11:34","post_content":"<!-- wp:flatsome\/uxbuilder -->\n<h1 style=\"text-align: center;\"><strong>Kim \u0110\u1ed3ng<\/strong><\/h1>\n[row]\n\n[col span=\"3\" span__sm=\"12\"]\n\n[ux_image id=\"1534\" image_size=\"medium\"]\n\n\n[\/col]\n[col span=\"9\" span__sm=\"12\"]\n\n<p>Nh\u00e0 xu\u1ea5t b\u1ea3n Kim \u0110\u1ed3ng tr\u1ef1c thu\u1ed9c Trung \u01b0\u01a1ng \u0110o\u00e0n TNCS H\u1ed3 Ch\u00ed Minh l\u00e0 Nh\u00e0 xu\u1ea5t b\u1ea3n t\u1ed5ng h\u1ee3p c\u00f3 ch\u1ee9c n\u0103ng xu\u1ea5t b\u1ea3n s\u00e1ch v\u00e0 v\u0103n h\u00f3a ph\u1ea9m ph\u1ee5c v\u1ee5 thi\u1ebfu nhi v\u00e0 c\u00e1c b\u1eadc ph\u1ee5 huynh trong c\u1ea3 n\u01b0\u1edbc, qu\u1ea3ng b\u00e1 v\u00e0 gi\u1edbi thi\u1ec7u v\u0103n h\u00f3a Vi\u1ec7t Nam ra th\u1ebf gi\u1edbi.<br \/>Nh\u00e0 xu\u1ea5t b\u1ea3n c\u00f3 nhi\u1ec7m v\u1ee5 t\u1ed5 ch\u1ee9c b\u1ea3n th\u1ea3o, bi\u00ean so\u1ea1n, bi\u00ean d\u1ecbch, xu\u1ea5t b\u1ea3n v\u00e0 ph\u00e1t h\u00e0nh c\u00e1c xu\u1ea5t b\u1ea3n ph\u1ea9m c\u00f3 n\u1ed9i dung: gi\u00e1o d\u1ee5c truy\u1ec1n th\u1ed1ng d\u00e2n t\u1ed9c, gi\u00e1o d\u1ee5c v\u1ec1 tri th\u1ee9c, ki\u1ebfn th\u1ee9c\u2026 tr\u00ean c\u00e1c l\u0129nh v\u1ef1c v\u0103n h\u1ecdc, ngh\u1ec7 thu\u1eadt, khoa h\u1ecdc k\u1ef9 thu\u1eadt nh\u1eb1m cung c\u1ea5p cho c\u00e1c em thi\u1ebfu nhi c\u0169ng nh\u01b0 c\u00e1c b\u1eadc ph\u1ee5 huynh c\u00e1c ki\u1ebfn th\u1ee9c c\u1ea7n thi\u1ebft trong cu\u1ed9c s\u1ed1ng, nh\u1eefng tinh hoa c\u1ee7a tri th\u1ee9c nh\u00e2n lo\u1ea1i nh\u1eb1m g\u00f3p ph\u1ea7n gi\u00e1o d\u1ee5c v\u00e0 h\u00ecnh th\u00e0nh nh\u00e2n c\u00e1ch th\u1ebf h\u1ec7 tr\u1ebb.<br \/>\u0110\u1ed1i t\u01b0\u1ee3ng ph\u1ee5c v\u1ee5 c\u1ee7a Nh\u00e0 xu\u1ea5t b\u1ea3n l\u00e0 c\u00e1c em t\u1eeb tu\u1ed5i nh\u00e0 tr\u1ebb m\u1eabu gi\u00e1o (1 \u0111\u1ebfn 5 tu\u1ed5i), nhi \u0111\u1ed3ng (6 \u0111\u1ebfn 9 tu\u1ed5i), thi\u1ebfu ni\u00ean (10 \u0111\u1ebfn 15 tu\u1ed5i) \u0111\u1ebfn c\u00e1c em tu\u1ed5i m\u1edbi l\u1edbn (16 \u0111\u1ebfn 18 tu\u1ed5i) v\u00e0 c\u00e1c b\u1eadc ph\u1ee5 huynh.<\/p>\n\n[\/col]\n\n[\/row]\n\n<!-- \/wp:flatsome\/uxbuilder -->","post_title":"Kim \u0110\u1ed3ng","post_excerpt":"","post_status":"publish","comment_status":"closed","ping_status":"closed","post_password":"","post_name":"kim-dong","to_ping":"","pinged":"","post_modified":"2021-02-17 01:31:56","post_modified_gmt":"2021-02-16 23:31:56","post_content_filtered":"","post_parent":0,"guid":"https:\/\/sachviet.eu\/nha-phat-hanh\/kim-dong\/","menu_order":0,"post_type":"publisher","post_mime_type":"","comment_count":"0","filter":"raw"}},"_links":{"self":[{"href":"https:\/\/sachviet.eu\/en\/wp-json\/wp\/v2\/product\/9760","targetHints":{"allow":["GET"]}}],"collection":[{"href":"https:\/\/sachviet.eu\/en\/wp-json\/wp\/v2\/product"}],"about":[{"href":"https:\/\/sachviet.eu\/en\/wp-json\/wp\/v2\/types\/product"}],"wp:featuredmedia":[{"embeddable":true,"href":"https:\/\/sachviet.eu\/en\/wp-json\/wp\/v2\/media\/9759"}],"wp:attachment":[{"href":"https:\/\/sachviet.eu\/en\/wp-json\/wp\/v2\/media?parent=9760"}],"wp:term":[{"taxonomy":"product_brand","embeddable":true,"href":"https:\/\/sachviet.eu\/en\/wp-json\/wp\/v2\/product_brand?post=9760"},{"taxonomy":"product_cat","embeddable":true,"href":"https:\/\/sachviet.eu\/en\/wp-json\/wp\/v2\/product_cat?post=9760"},{"taxonomy":"product_tag","embeddable":true,"href":"https:\/\/sachviet.eu\/en\/wp-json\/wp\/v2\/product_tag?post=9760"}],"curies":[{"name":"wp","href":"https:\/\/api.w.org\/{rel}","templated":true}]}}