{"id":9758,"date":"2021-06-02T01:37:22","date_gmt":"2021-06-01T22:37:22","guid":{"rendered":"https:\/\/sachviet.eu\/shop\/tinh-yeu-cua-con-song-ngu-set-3-quyen\/"},"modified":"2024-08-13T05:17:17","modified_gmt":"2024-08-13T02:17:17","slug":"tinh-yeu-cua-con-song-ngu-set-3-quyen","status":"publish","type":"product","link":"https:\/\/sachviet.eu\/en\/shop\/tinh-yeu-cua-con-song-ngu-set-3-quyen\/","title":{"rendered":"T\u00ecnh y\u00eau c\u1ee7a con &#8211; Song ng\u1eef &#8211; Set 3 quy\u1ec3n"},"content":{"rendered":"<p>V\u00ec sao con y\u00eau b\u1ed1, v\u00ec sao con y\u00eau m\u1eb9, v\u00ec sao con y\u00eau nh\u00e0 m\u00ecnh?\u2026 T\u1eeb khi con xu\u1ea5t hi\u1ec7n, th\u1ebf gi\u1edbi c\u1ee7a b\u1ed1 m\u1eb9 c\u00f3 bi\u1ebft bao nhi\u00eau \u0111i\u1ec1u k\u1ef3 di\u1ec7u. S\u1ef1 l\u1ea1 l\u1eabm c\u1ee7a cha trong vai tr\u00f2 m\u1edbi, n\u1ed7i v\u1ea5t v\u1ea3 c\u1ee7a m\u1eb9, ni\u1ec1m h\u1ea1nh ph\u00fac c\u1ee7a \u00f4ng b\u00e0\u2026 Con &#8211; thi\u00ean th\u1ea7n nh\u1ecf, m\u1ed7i khi l\u1eafng nghe ti\u1ebfng con l\u00edu lo, b\u1ed1 m\u1eb9 l\u1ea1i c\u1ea3m th\u1ea5y cu\u1ed9c \u0111\u1eddi t\u01b0\u01a1i \u0111\u1eb9p bi\u1ebft bao.<\/p>\n<p>B\u1ed9 th\u01a1 T\u00ecnh y\u00eau c\u1ee7a con g\u1ed3m 3 t\u1eadp: Con y\u00eau nh\u00e0 m\u00ecnh v\u00ec nh\u00e0 m\u00ecnh tuy\u1ec7t v\u1eddi nh\u1ea5t; Con y\u00eau m\u1eb9 v\u00ec me l\u00e0 t\u1ea5t c\u1ea3; Con y\u00eau cha v\u00ec cha th\u1eadt t\u00e0i ba v\u1edbi nh\u1eefng v\u1ea7n th\u01a1 d\u1ec5 nh\u1edb, d\u1ec5 thu\u1ed9c v\u00e0 tr\u00e0n ng\u1eadp nh\u1eefng h\u00ecnh \u1ea3nh \u0111\u00e1ng y\u00eau, \u0111\u1ea7y m\u00e0u s\u1eafc th\u1ec3 hi\u1ec7n t\u00ecnh c\u1ea3m c\u1ee7a b\u00e9 \u0111\u1ed1i v\u1edbi gia \u0111\u00ecnh. B\u1ed9 truy\u1ec7n c\u0169ng trong tr\u1ebbo nh\u01b0 ch\u00ednh t\u00e2m h\u1ed3n tr\u1ebb th\u01a1 v\u1eady.<\/p>\n<p>V\u00ec sao con y\u00eau nh\u00e0 m\u00ecnh? B\u1edfi nh\u00e0 m\u00ecnh c\u00f3 \u00f4ng, c\u00f3 b\u00e0, c\u00f3 m\u1eb9, c\u00f3 b\u1ed1, c\u00f3 c\u00fan, c\u00f3 miu v\u00e0 nh\u1eefng \u0111\u00f3a hoa ng\u00e1t h\u01b0\u01a1ng. \u1ede n\u01a1i \u0111\u00f3, c\u00f3 nh\u1eefng ng\u01b0\u1eddi y\u00eau th\u01b0\u01a1ng con h\u1ebft m\u00ecnh, lu\u00f4n qua t\u00e2m v\u00e0 lo l\u1eafng cho con. \u1ede n\u01a1i \u1ea5y, con \u0111\u01b0\u1ee3c s\u1ed1ng trong b\u00ecnh y\u00ean v\u00e0 h\u1ea1nh ph\u00fac. C\u1ea3m \u01a1n ng\u00f4i nh\u00e0 y\u00eau d\u1ea5u, n\u01a1i tuy\u1ec7t v\u1eddi nh\u1ea5t tr\u00ean th\u1ebf gi\u1edbi n\u00e0y.<\/p>\n<p>M\u1eb9 \u01a1i con y\u00eau m\u1eb9 nhi\u1ec1u l\u1eafm, ch\u1eb3ng c\u00f3 g\u00ec so s\u00e1nh b\u1eb1ng t\u00ecnh m\u1eb9 d\u00e0nh cho con. \u201cCon y\u00eau m\u1eb9&#8221; &#8211; Ba t\u1eeb thi\u00eang li\u00eang m\u00e0 \u0111\u00e3 bao l\u1ea7n con mu\u1ed1n n\u00f3i. C\u00f3 ai k\u1ec3 h\u1ebft \u0111\u01b0\u1ee3c nh\u1eefng vi\u1ec7c m\u1eb9 l\u00e0m cho con? C\u00f3 ai \u0111ong \u0111\u1ebfm \u0111\u01b0\u1ee3c t\u00ecnh y\u00eau m\u1eb9 d\u00e0nh cho con? T\u00ecnh m\u1eb9, nh\u01b0 su\u1ed1i ngu\u1ed1n ch\u1ea3y m\u00e3i, t\u01b0\u1edbi m\u00e1t t\u00e2m h\u1ed3n con. T\u1eeb t\u1eadn \u0111\u00e1y l\u00f2ng con, con ch\u1ec9 mu\u1ed1n n\u00f3i, con y\u00eau m\u1eb9 v\u00ec m\u1eb9 l\u00e0 t\u1ea5t c\u1ea3!<\/p>\n<p>N\u1ebfu nh\u01b0 m\u1eb9 l\u00e0 su\u1ed1i ngu\u1ed3n t\u01b0\u01a1i m\u00e1t th\u00ec cha l\u1ea1i gi\u1ed1ng nh\u01b0 m\u1ed9t ng\u1ecdn n\u00fai th\u1eadt v\u0129 \u0111\u1ea1i v\u00e0 l\u1edbn lao. B\u00f3ng cha tr\u1ea3i kh\u1eafp m\u00eanh m\u00f4ng r\u1ed9ng l\u1edbn, ch\u1edf che v\u00e0 lu\u00f4n b\u00ean con. Cha truy\u1ec1n cho con l\u00f2ng d\u0169ng c\u1ea3m, ti\u1ebfp th\u00eam s\u1ee9c m\u1ea1nh cho con. Ch\u1eb3ng c\u00f3 n\u01a1i n\u00e0o \u1ea5m \u00e1p v\u00e0 an to\u00e0n h\u01a1n v\u00f2ng tay cha. \u0110\u1ed1i v\u1edbi con, cha l\u00e0 b\u1ea7u tr\u1eddi, con l\u1eabn v\u00e0o cha t\u1eeb b\u00e9 \u0111\u1ebfn mu\u00f4n \u0111\u1eddi. Con s\u1ebd v\u1eefng l\u00f2ng \u0111i trong cu\u1ed9c \u0111\u1eddi h\u01a1n, khi c\u00f3 s\u1ef1 che ch\u1edf c\u1ee7a cha.<\/p>\n<p>1. Con Y\u00eau M\u1eb9 V\u00ec M\u1eb9 L\u00e0 T\u1ea5t C\u1ea3<br \/>\n2. Con y\u00eau cha v\u00ec cha th\u1eadt t\u00e0i ba<br \/>\n3. Con y\u00eau nh\u00e0 m\u00ecnh v\u00ec nh\u00e0 m\u00ecnh tuy\u1ec7t v\u1eddi nh\u1ea5t<\/p>\n","protected":false},"excerpt":{"rendered":"<p>V\u00ec sao con y\u00eau b\u1ed1, v\u00ec sao con y\u00eau m\u1eb9, v\u00ec sao con y\u00eau nh\u00e0 m\u00ecnh?\u2026 T\u1eeb khi con xu\u1ea5t hi\u1ec7n, th\u1ebf gi\u1edbi c\u1ee7a b\u1ed1 m\u1eb9 c\u00f3 bi\u1ebft bao nhi\u00eau \u0111i\u1ec1u k\u1ef3 di\u1ec7u. S\u1ef1 l\u1ea1 l\u1eabm c\u1ee7a cha trong vai tr\u00f2 m\u1edbi, n\u1ed7i v\u1ea5t v\u1ea3 c\u1ee7a m\u1eb9, ni\u1ec1m h\u1ea1nh ph\u00fac c\u1ee7a \u00f4ng b\u00e0\u2026 Con &#8211; thi\u00ean th\u1ea7n nh\u1ecf, m\u1ed7i khi l\u1eafng nghe ti\u1ebfng con l\u00edu lo, b\u1ed1 m\u1eb9 l\u1ea1i c\u1ea3m th\u1ea5y cu\u1ed9c \u0111\u1eddi t\u01b0\u01a1i \u0111\u1eb9p bi\u1ebft bao.<\/p>\n<p>B\u1ed9 th\u01a1 T\u00ecnh y\u00eau c\u1ee7a con g\u1ed3m 3 t\u1eadp: Con y\u00eau nh\u00e0 m\u00ecnh v\u00ec nh\u00e0 m\u00ecnh tuy\u1ec7t v\u1eddi nh\u1ea5t; Con y\u00eau m\u1eb9 v\u00ec me l\u00e0 t\u1ea5t c\u1ea3; Con y\u00eau cha v\u00ec cha th\u1eadt t\u00e0i ba v\u1edbi nh\u1eefng v\u1ea7n th\u01a1 d\u1ec5 nh\u1edb, d\u1ec5 thu\u1ed9c v\u00e0 tr\u00e0n ng\u1eadp nh\u1eefng h\u00ecnh \u1ea3nh \u0111\u00e1ng y\u00eau, \u0111\u1ea7y m\u00e0u s\u1eafc th\u1ec3 hi\u1ec7n t\u00ecnh c\u1ea3m c\u1ee7a b\u00e9 \u0111\u1ed1i v\u1edbi gia \u0111\u00ecnh. B\u1ed9 truy\u1ec7n c\u0169ng trong tr\u1ebbo nh\u01b0 ch\u00ednh t\u00e2m h\u1ed3n tr\u1ebb th\u01a1 v\u1eady.<\/p>\n<p>V\u00ec sao con y\u00eau nh\u00e0 m\u00ecnh? B\u1edfi nh\u00e0 m\u00ecnh c\u00f3 \u00f4ng, c\u00f3 b\u00e0, c\u00f3 m\u1eb9, c\u00f3 b\u1ed1, c\u00f3 c\u00fan, c\u00f3 miu v\u00e0 nh\u1eefng \u0111\u00f3a hoa ng\u00e1t h\u01b0\u01a1ng. \u1ede n\u01a1i \u0111\u00f3, c\u00f3 nh\u1eefng ng\u01b0\u1eddi y\u00eau th\u01b0\u01a1ng con h\u1ebft m\u00ecnh, lu\u00f4n qua t\u00e2m v\u00e0 lo l\u1eafng cho con. \u1ede n\u01a1i \u1ea5y, con \u0111\u01b0\u1ee3c s\u1ed1ng trong b\u00ecnh y\u00ean v\u00e0 h\u1ea1nh ph\u00fac. C\u1ea3m \u01a1n ng\u00f4i nh\u00e0 y\u00eau d\u1ea5u, n\u01a1i tuy\u1ec7t v\u1eddi nh\u1ea5t tr\u00ean th\u1ebf gi\u1edbi n\u00e0y.<\/p>\n<p>M\u1eb9 \u01a1i con y\u00eau m\u1eb9 nhi\u1ec1u l\u1eafm, ch\u1eb3ng c\u00f3 g\u00ec so s\u00e1nh b\u1eb1ng t\u00ecnh m\u1eb9 d\u00e0nh cho con. \u201cCon y\u00eau m\u1eb9&#8221; &#8211; Ba t\u1eeb thi\u00eang li\u00eang m\u00e0 \u0111\u00e3 bao l\u1ea7n con mu\u1ed1n n\u00f3i. C\u00f3 ai k\u1ec3 h\u1ebft \u0111\u01b0\u1ee3c nh\u1eefng vi\u1ec7c m\u1eb9 l\u00e0m cho con? C\u00f3 ai \u0111ong \u0111\u1ebfm \u0111\u01b0\u1ee3c t\u00ecnh y\u00eau m\u1eb9 d\u00e0nh cho con? T\u00ecnh m\u1eb9, nh\u01b0 su\u1ed1i ngu\u1ed1n ch\u1ea3y m\u00e3i, t\u01b0\u1edbi m\u00e1t t\u00e2m h\u1ed3n con. T\u1eeb t\u1eadn \u0111\u00e1y l\u00f2ng con, con ch\u1ec9 mu\u1ed1n n\u00f3i, con y\u00eau m\u1eb9 v\u00ec m\u1eb9 l\u00e0 t\u1ea5t c\u1ea3!<\/p>\n<p>N\u1ebfu nh\u01b0 m\u1eb9 l\u00e0 su\u1ed1i ngu\u1ed3n t\u01b0\u01a1i m\u00e1t th\u00ec cha l\u1ea1i gi\u1ed1ng nh\u01b0 m\u1ed9t ng\u1ecdn n\u00fai th\u1eadt v\u0129 \u0111\u1ea1i v\u00e0 l\u1edbn lao. B\u00f3ng cha tr\u1ea3i kh\u1eafp m\u00eanh m\u00f4ng r\u1ed9ng l\u1edbn, ch\u1edf che v\u00e0 lu\u00f4n b\u00ean con. Cha truy\u1ec1n cho con l\u00f2ng d\u0169ng c\u1ea3m, ti\u1ebfp th\u00eam s\u1ee9c m\u1ea1nh cho con. Ch\u1eb3ng c\u00f3 n\u01a1i n\u00e0o \u1ea5m \u00e1p v\u00e0 an to\u00e0n h\u01a1n v\u00f2ng tay cha. \u0110\u1ed1i v\u1edbi con, cha l\u00e0 b\u1ea7u tr\u1eddi, con l\u1eabn v\u00e0o cha t\u1eeb b\u00e9 \u0111\u1ebfn mu\u00f4n \u0111\u1eddi. Con s\u1ebd v\u1eefng l\u00f2ng \u0111i trong cu\u1ed9c \u0111\u1eddi h\u01a1n, khi c\u00f3 s\u1ef1 che ch\u1edf c\u1ee7a cha.<\/p>\n<p>1. Con Y\u00eau M\u1eb9 V\u00ec M\u1eb9 L\u00e0 T\u1ea5t C\u1ea3<br \/>\n2. Con y\u00eau cha v\u00ec cha th\u1eadt t\u00e0i ba<br \/>\n3. Con y\u00eau nh\u00e0 m\u00ecnh v\u00ec nh\u00e0 m\u00ecnh tuy\u1ec7t v\u1eddi nh\u1ea5t<\/p>\n","protected":false},"featured_media":9756,"template":"","meta":{"_acf_changed":false},"product_brand":[],"product_cat":[24,25,17,39],"product_tag":[],"class_list":{"0":"post-9758","1":"product","2":"type-product","3":"status-publish","4":"has-post-thumbnail","6":"product_cat-nha-tre-mau-giao-0-tuoi-6-tuoi","7":"product_cat-nhi-dong-6-tuoi-12-tuoi","8":"product_cat-sach-danh-cho-cac-be","9":"product_cat-sach-song-ngu-anh-viet","11":"first","12":"instock","13":"taxable","14":"shipping-taxable","15":"purchasable","16":"product-type-simple"},"supplier_id":null,"supplier_sku":"","barcode":null,"atum_controlled":true,"out_stock_date":null,"out_stock_threshold":null,"inheritable":false,"inbound_stock":0,"stock_on_hold":0,"sold_today":0,"sales_last_days":0,"reserved_stock":0,"customer_returns":0,"warehouse_damage":0,"lost_in_post":0,"other_logs":0,"out_stock_days":0,"lost_sales":0,"has_location":false,"update_date":"2026-01-28T23:11:21","atum_locations":[],"atum_stock_status":"instock","restock_status":false,"low_stock_amount":"","sales_update_date":"2026-01-28T23:11:21","calc_backorders":null,"acf":{"publisher":{"ID":5287,"post_author":"1","post_date":"2021-03-12 00:21:11","post_date_gmt":"2021-03-11 22:21:11","post_content":"","post_title":"Phuc Minh Books","post_excerpt":"","post_status":"publish","comment_status":"closed","ping_status":"closed","post_password":"","post_name":"phuc-minh-books","to_ping":"","pinged":"","post_modified":"2021-03-12 00:21:11","post_modified_gmt":"2021-03-11 22:21:11","post_content_filtered":"","post_parent":0,"guid":"https:\/\/sachviet.eu\/blog\/nha-phat-hanh\/phuc-minh-books\/","menu_order":0,"post_type":"publisher","post_mime_type":"","comment_count":"0","filter":"raw"}},"_links":{"self":[{"href":"https:\/\/sachviet.eu\/en\/wp-json\/wp\/v2\/product\/9758","targetHints":{"allow":["GET"]}}],"collection":[{"href":"https:\/\/sachviet.eu\/en\/wp-json\/wp\/v2\/product"}],"about":[{"href":"https:\/\/sachviet.eu\/en\/wp-json\/wp\/v2\/types\/product"}],"wp:featuredmedia":[{"embeddable":true,"href":"https:\/\/sachviet.eu\/en\/wp-json\/wp\/v2\/media\/9756"}],"wp:attachment":[{"href":"https:\/\/sachviet.eu\/en\/wp-json\/wp\/v2\/media?parent=9758"}],"wp:term":[{"taxonomy":"product_brand","embeddable":true,"href":"https:\/\/sachviet.eu\/en\/wp-json\/wp\/v2\/product_brand?post=9758"},{"taxonomy":"product_cat","embeddable":true,"href":"https:\/\/sachviet.eu\/en\/wp-json\/wp\/v2\/product_cat?post=9758"},{"taxonomy":"product_tag","embeddable":true,"href":"https:\/\/sachviet.eu\/en\/wp-json\/wp\/v2\/product_tag?post=9758"}],"curies":[{"name":"wp","href":"https:\/\/api.w.org\/{rel}","templated":true}]}}