{"id":9755,"date":"2021-06-02T01:37:15","date_gmt":"2021-06-01T22:37:15","guid":{"rendered":"https:\/\/sachviet.eu\/shop\/co-chi-co-em-set-4-quyen\/"},"modified":"2021-10-28T15:15:39","modified_gmt":"2021-10-28T12:15:39","slug":"co-chi-co-em-set-4-quyen","status":"publish","type":"product","link":"https:\/\/sachviet.eu\/en\/shop\/co-chi-co-em-set-4-quyen\/","title":{"rendered":"C\u00f3 ch\u1ecb c\u00f3 em &#8211; Set 4 quy\u1ec3n"},"content":{"rendered":"<p>Cu\u1ed1n T\u1edb c\u00f3 em r\u1ed3i! thu\u1ed9c b\u1ed9 s\u00e1ch \u201cC\u00f3 ch\u1ecb, c\u00f3 em\u201d &#8211; d\u00e0nh cho tr\u1ebb 3 \u2013 6 tu\u1ed5i, k\u1ec3 v\u1ec1 hai ch\u1ecb em g\u00e1i Maple v\u00e0 Willow v\u00f4 c\u00f9ng \u0111\u00e1ng y\u00eau. \u0110\u00f3 l\u00e0 nh\u1eefng m\u1ea9u chuy\u1ec7n nho nh\u1ecf, nh\u1eefng ho\u1ea1t \u0111\u1ed9ng vui ch\u01a1i, kh\u00e1m ph\u00e1 h\u1eb1ng ng\u00e0y c\u1ee7a hai c\u00f4 b\u00e9, c\u00f3 ni\u1ec1m vui, c\u00f3 n\u1ed7i bu\u1ed3n, c\u00f3 c\u1ea3 nh\u1eefng h\u1eddn d\u1ed7i, nh\u01b0ng bao tr\u00f9m l\u00ean t\u1ea5t c\u1ea3 l\u00e0 t\u00ecnh c\u1ea3m ch\u1ecb em \u1ea5m \u1ea5p.<\/p>\n<p>C\u00e1c cu\u1ed1n s\u00e1ch thu\u1ed9c b\u1ed9 s\u00e1ch C\u00f3 ch\u1ecb, c\u00f3 em:<\/p>\n<p>1. T\u1edb c\u00f3 em r\u1ed3i!<\/p>\n<p>2. Ch\u1ecb em t\u1edb b\u00ean nhau<\/p>\n<p>3. Ch\u1ecb \u0111i h\u1ecdc, em \u1edf nh\u00e0<\/p>\n<p>4. Ch\u1ecb em t\u1edb \u0111\u00f3n Gi\u00e1ng sinh<\/p>\n","protected":false},"excerpt":{"rendered":"<p>Cu\u1ed1n T\u1edb c\u00f3 em r\u1ed3i! thu\u1ed9c b\u1ed9 s\u00e1ch \u201cC\u00f3 ch\u1ecb, c\u00f3 em\u201d &#8211; d\u00e0nh cho tr\u1ebb 3 \u2013 6 tu\u1ed5i, k\u1ec3 v\u1ec1 hai ch\u1ecb em g\u00e1i Maple v\u00e0 Willow v\u00f4 c\u00f9ng \u0111\u00e1ng y\u00eau. \u0110\u00f3 l\u00e0 nh\u1eefng m\u1ea9u chuy\u1ec7n nho nh\u1ecf, nh\u1eefng ho\u1ea1t \u0111\u1ed9ng vui ch\u01a1i, kh\u00e1m ph\u00e1 h\u1eb1ng ng\u00e0y c\u1ee7a hai c\u00f4 b\u00e9, c\u00f3 ni\u1ec1m vui, c\u00f3 n\u1ed7i bu\u1ed3n, c\u00f3 c\u1ea3 nh\u1eefng h\u1eddn d\u1ed7i, nh\u01b0ng bao tr\u00f9m l\u00ean t\u1ea5t c\u1ea3 l\u00e0 t\u00ecnh c\u1ea3m ch\u1ecb em \u1ea5m \u1ea5p.<\/p>\n<p>C\u00e1c cu\u1ed1n s\u00e1ch thu\u1ed9c b\u1ed9 s\u00e1ch C\u00f3 ch\u1ecb, c\u00f3 em:<\/p>\n<p>1. T\u1edb c\u00f3 em r\u1ed3i!<\/p>\n<p>2. Ch\u1ecb em t\u1edb b\u00ean nhau<\/p>\n<p>3. Ch\u1ecb \u0111i h\u1ecdc, em \u1edf nh\u00e0<\/p>\n<p>4. Ch\u1ecb em t\u1edb \u0111\u00f3n Gi\u00e1ng sinh<\/p>\n","protected":false},"featured_media":9746,"template":"","meta":{"_acf_changed":false},"product_brand":[],"product_cat":[25,17],"product_tag":[],"class_list":{"0":"post-9755","1":"product","2":"type-product","3":"status-publish","4":"has-post-thumbnail","6":"product_cat-nhi-dong-6-tuoi-12-tuoi","7":"product_cat-sach-danh-cho-cac-be","9":"first","10":"outofstock","11":"taxable","12":"shipping-taxable","13":"purchasable","14":"product-type-simple"},"supplier_id":null,"supplier_sku":"","barcode":null,"atum_controlled":true,"out_stock_date":"2021-10-28 12:15:39","out_stock_threshold":null,"inheritable":false,"inbound_stock":1,"stock_on_hold":0,"sold_today":0,"sales_last_days":0,"reserved_stock":0,"customer_returns":0,"warehouse_damage":0,"lost_in_post":0,"other_logs":0,"out_stock_days":1553,"lost_sales":0,"has_location":false,"update_date":"2026-01-28T23:10:44","atum_locations":[],"atum_stock_status":"outofstock","restock_status":false,"low_stock_amount":"","sales_update_date":"2026-01-28T23:10:44","calc_backorders":null,"acf":{"publisher":{"ID":9745,"post_author":"1","post_date":"2021-06-02 01:36:43","post_date_gmt":"2021-06-01 22:36:43","post_content":"","post_title":"ADC","post_excerpt":"","post_status":"publish","comment_status":"closed","ping_status":"closed","post_password":"","post_name":"adc","to_ping":"","pinged":"","post_modified":"2021-06-02 01:36:43","post_modified_gmt":"2021-06-01 22:36:43","post_content_filtered":"","post_parent":0,"guid":"https:\/\/sachviet.eu\/nha-phat-hanh\/adc\/","menu_order":0,"post_type":"publisher","post_mime_type":"","comment_count":"0","filter":"raw"}},"_links":{"self":[{"href":"https:\/\/sachviet.eu\/en\/wp-json\/wp\/v2\/product\/9755","targetHints":{"allow":["GET"]}}],"collection":[{"href":"https:\/\/sachviet.eu\/en\/wp-json\/wp\/v2\/product"}],"about":[{"href":"https:\/\/sachviet.eu\/en\/wp-json\/wp\/v2\/types\/product"}],"wp:featuredmedia":[{"embeddable":true,"href":"https:\/\/sachviet.eu\/en\/wp-json\/wp\/v2\/media\/9746"}],"wp:attachment":[{"href":"https:\/\/sachviet.eu\/en\/wp-json\/wp\/v2\/media?parent=9755"}],"wp:term":[{"taxonomy":"product_brand","embeddable":true,"href":"https:\/\/sachviet.eu\/en\/wp-json\/wp\/v2\/product_brand?post=9755"},{"taxonomy":"product_cat","embeddable":true,"href":"https:\/\/sachviet.eu\/en\/wp-json\/wp\/v2\/product_cat?post=9755"},{"taxonomy":"product_tag","embeddable":true,"href":"https:\/\/sachviet.eu\/en\/wp-json\/wp\/v2\/product_tag?post=9755"}],"curies":[{"name":"wp","href":"https:\/\/api.w.org\/{rel}","templated":true}]}}