{"id":9744,"date":"2021-06-02T01:36:40","date_gmt":"2021-06-01T22:36:40","guid":{"rendered":"https:\/\/sachviet.eu\/shop\/dieu-ky-dieu-cho-con-day-dreamers-hanh-trinh-toi-xu-so-trong-mo\/"},"modified":"2024-03-06T10:26:42","modified_gmt":"2024-03-06T08:26:42","slug":"dieu-ky-dieu-cho-con-day-dreamers-hanh-trinh-toi-xu-so-trong-mo","status":"publish","type":"product","link":"https:\/\/sachviet.eu\/en\/shop\/dieu-ky-dieu-cho-con-day-dreamers-hanh-trinh-toi-xu-so-trong-mo\/","title":{"rendered":"\u0110i\u1ec1u K\u1ef3 Di\u1ec7u Cho Con &#8211; Day Dreamers &#8211; H\u00e0nh Tr\u00ecnh T\u1edbi X\u1ee9 S\u1edf Trong M\u01a1"},"content":{"rendered":"<p>Nh\u1eefng con s\u1ed1 \u1ea5n t\u01b0\u1ee3ng c\u1ee7a b\u1ed9 s\u00e1ch \u0110i\u1ec1u k\u1ef3 di\u1ec7u cho con<\/p>\n<p>&#8211; 74 tu\u1ea7n li\u00ean ti\u1ebfp trong danh s\u00e1ch best seller c\u1ee7a New York Times.<\/p>\n<p>&#8211; H\u01a1n n\u1eeda tri\u1ec7u b\u1ea3n \u0111\u01b0\u1ee3c b\u00e1n ra sau h\u01a1n m\u1ed9t n\u0103m ph\u00e1t h\u00e0nh.<\/p>\n<p>&#8211; Top 20 s\u00e1ch thi\u1ebfu nhi b\u00e1n ch\u1ea1y nh\u1ea5t 2015 tr\u00ean Amazon.<\/p>\n<p>&#8211; Cu\u1ed1n s\u00e1ch tranh c\u1ee7a n\u0103m 2015 do Huffington Post b\u00ecnh ch\u1ecdn.<\/p>\n<p>&#8211; Cu\u1ed1n s\u00e1ch khuy\u00ean \u0111\u1ecdc tr\u01b0\u1edbc gi\u1edd \u0111i ng\u1ee7 do B&amp;N b\u00ecnh ch\u1ecdn n\u0103m 2015<\/p>\n<p>&#8211; T\u1eebng \u0111\u01b0\u1ee3c d\u1ecbch ra 15 th\u1ee9 ti\u1ebfng v\u00e0 \u0111ang ti\u1ebfp t\u1ee5c \u0111\u01b0\u1ee3c xu\u1ea5t b\u1ea3n tr\u00ean nhi\u1ec1u qu\u1ed1c gia.<\/p>\n<p>Kh\u00f4ng c\u00f3 c\u1ed1t truy\u1ec7n ph\u1ee9c t\u1ea1p, m\u1ed7i t\u1eadp s\u00e1ch trong \u0110i\u1ec1u k\u1ef3 di\u1ec7u cho con l\u1ea1i mang m\u1ed9t th\u00f4ng \u0111i\u1ec7p nh\u1eb9 nh\u00e0ng nh\u01b0ng r\u1ea5t \u0111\u1ed7i ng\u1ecdt ng\u00e0o d\u00e0nh cho con v\u1ec1 \u01b0\u1edbc m\u01a1, v\u1ec1 t\u00ecnh y\u00eau v\u00e0 s\u1ef1 di\u1ec7u k\u1ef3 c\u1ee7a th\u1ebf gi\u1edbi. T\u1eeb \u0111\u00f3 b\u1ed3i d\u01b0\u1ee1ng v\u00e0 khuy\u1ebfn kh\u00edch nh\u1eefng c\u00e1 t\u00ednh t\u1ed1t trong t\u00e2m h\u1ed3n tr\u1ebb: d\u0169ng c\u1ea3m v\u00e0 t\u00e1o b\u1ea1o, s\u00e1ng t\u1ea1o v\u00e0 th\u00f4ng minh, t\u1ed1t b\u1ee5ng v\u00e0 y\u00eau th\u01b0\u01a1ng.<\/p>\n<p>V\u00e0 \u0111\u01b0\u01a1ng nhi\u00ean, \u0111\u00e2y l\u00e0 m\u1ed9t b\u1ed9 s\u00e1ch kh\u00f4ng ch\u1ec9 d\u00e0nh ri\u00eang cho c\u00e1c \u0111\u1ed9c gi\u1ea3 nh\u00ed. B\u1eb1ng gi\u1ecdng k\u1ec3 tinh ngh\u1ecbch, trong s\u00e1ng v\u00e0 nh\u1eb9 nh\u00e0ng, Emily Winfield Martin \u0111\u00e3 gi\u00fap h\u00e0ng v\u1ea1n \u0111\u1ed9c gi\u1ea3 tr\u01b0\u1edfng th\u00e0nh \u0111\u01b0\u1ee3c quay v\u1ec1 th\u1ebf gi\u1edbi m\u1ed9ng m\u01a1 c\u1ee7a con tr\u1ebb. T\u1eeb h\u00e0nh tr\u00ecnh k\u1ef3 th\u00fa c\u1ee7a gia \u0111\u00ecnh nh\u00e0 g\u1ea5u t\u00ed hon \u0111\u1ebfn nh\u1eefng lo\u00e0i v\u1eadt th\u1ea7n b\u00ed ch\u1ec9 c\u00f3 th\u1ec3 g\u1eb7p \u0111\u01b0\u1ee3c trong m\u01a1. Th\u1ebf gi\u1edbi di\u1ec7u k\u1ef3 c\u1ee7a tr\u1ebb hi\u1ec7n ra \u0111\u1ea7y m\u00e0u s\u1eafc, s\u1ed1ng \u0111\u1ed9ng v\u00e0 ch\u01b0a bao gi\u1edd nh\u00e0m ch\u00e1n. C\u00f3 l\u1ebd ch\u00ednh cu\u1ed9c s\u1ed1ng th\u1ef1c t\u1ea1i c\u1ee7a m\u1ed9t ng\u01b0\u1eddi l\u1edbn \u0111\u00e3 b\u00e0o m\u00f2n d\u1ea7n kh\u1ea3 n\u0103ng t\u01b0\u1edfng t\u01b0\u1ee3ng, m\u1ed9ng m\u01a1 m\u00e0 khi c\u00f2n l\u00e0 m\u1ed9t \u0111\u1ee9a tr\u1ebb ta d\u1ec5 d\u00e0ng c\u00f3 \u0111\u01b0\u1ee3c.<\/p>\n<p>\u0110i\u1ec3m \u0111\u1eb7c bi\u1ec7t c\u1ee7a b\u1ed9 s\u00e1ch l\u00e0 nh\u1eefng trang minh ho\u1ea1 m\u00e0u tuy\u1ec7t \u0111\u1eb9p v\u00e0 \u0111\u1ea7y cu\u1ed1n h\u00fat \u0111\u01b0\u1ee3c th\u1ef1c hi\u1ec7n b\u1edfi ch\u00ednh t\u00e1c gi\u1ea3. M\u1ed7i khung c\u1ea3nh m\u1edf ra kh\u00f4ng \u0111\u01a1n thu\u1ea7n di\u1ec5n t\u1ea3 l\u1ea1i nh\u1eefng n\u1ed9i dung \u0111\u00e3 c\u00f3 trong ph\u1ea7n l\u1eddi m\u00e0 c\u00f2n k\u1ec3 nhi\u1ec1u h\u01a1n n\u1eefa.<\/p>\n<p>S\u1ebd kh\u00f4ng b\u1ea5t ng\u1edd khi t\u00e1c ph\u1ea9m c\u1ee7a n\u1eef t\u00e1c gi\u1ea3 ng\u01b0\u1eddi M\u1ef9 n\u00e0y s\u1ebd chinh ph\u1ee5c \u0111\u01b0\u1ee3c tr\u00e1i tim c\u1ee7a m\u1ecdi \u0111\u1ed9c gi\u1ea3 tr\u1ebb em v\u00e0 ng\u01b0\u1eddi l\u1edbn.<\/p>\n","protected":false},"excerpt":{"rendered":"<p>Nh\u1eefng con s\u1ed1 \u1ea5n t\u01b0\u1ee3ng c\u1ee7a b\u1ed9 s\u00e1ch \u0110i\u1ec1u k\u1ef3 di\u1ec7u cho con<\/p>\n<p>&#8211; 74 tu\u1ea7n li\u00ean ti\u1ebfp trong danh s\u00e1ch best seller c\u1ee7a New York Times.<\/p>\n<p>&#8211; H\u01a1n n\u1eeda tri\u1ec7u b\u1ea3n \u0111\u01b0\u1ee3c b\u00e1n ra sau h\u01a1n m\u1ed9t n\u0103m ph\u00e1t h\u00e0nh.<\/p>\n<p>&#8211; Top 20 s\u00e1ch thi\u1ebfu nhi b\u00e1n ch\u1ea1y nh\u1ea5t 2015 tr\u00ean Amazon.<\/p>\n<p>&#8211; Cu\u1ed1n s\u00e1ch tranh c\u1ee7a n\u0103m 2015 do Huffington Post b\u00ecnh ch\u1ecdn.<\/p>\n<p>&#8211; Cu\u1ed1n s\u00e1ch khuy\u00ean \u0111\u1ecdc tr\u01b0\u1edbc gi\u1edd \u0111i ng\u1ee7 do B&amp;N b\u00ecnh ch\u1ecdn n\u0103m 2015<\/p>\n<p>&#8211; T\u1eebng \u0111\u01b0\u1ee3c d\u1ecbch ra 15 th\u1ee9 ti\u1ebfng v\u00e0 \u0111ang ti\u1ebfp t\u1ee5c \u0111\u01b0\u1ee3c xu\u1ea5t b\u1ea3n tr\u00ean nhi\u1ec1u qu\u1ed1c gia.<\/p>\n<p>Kh\u00f4ng c\u00f3 c\u1ed1t truy\u1ec7n ph\u1ee9c t\u1ea1p, m\u1ed7i t\u1eadp s\u00e1ch trong \u0110i\u1ec1u k\u1ef3 di\u1ec7u cho con l\u1ea1i mang m\u1ed9t th\u00f4ng \u0111i\u1ec7p nh\u1eb9 nh\u00e0ng nh\u01b0ng r\u1ea5t \u0111\u1ed7i ng\u1ecdt ng\u00e0o d\u00e0nh cho con v\u1ec1 \u01b0\u1edbc m\u01a1, v\u1ec1 t\u00ecnh y\u00eau v\u00e0 s\u1ef1 di\u1ec7u k\u1ef3 c\u1ee7a th\u1ebf gi\u1edbi. T\u1eeb \u0111\u00f3 b\u1ed3i d\u01b0\u1ee1ng v\u00e0 khuy\u1ebfn kh\u00edch nh\u1eefng c\u00e1 t\u00ednh t\u1ed1t trong t\u00e2m h\u1ed3n tr\u1ebb: d\u0169ng c\u1ea3m v\u00e0 t\u00e1o b\u1ea1o, s\u00e1ng t\u1ea1o v\u00e0 th\u00f4ng minh, t\u1ed1t b\u1ee5ng v\u00e0 y\u00eau th\u01b0\u01a1ng.<\/p>\n<p>V\u00e0 \u0111\u01b0\u01a1ng nhi\u00ean, \u0111\u00e2y l\u00e0 m\u1ed9t b\u1ed9 s\u00e1ch kh\u00f4ng ch\u1ec9 d\u00e0nh ri\u00eang cho c\u00e1c \u0111\u1ed9c gi\u1ea3 nh\u00ed. B\u1eb1ng gi\u1ecdng k\u1ec3 tinh ngh\u1ecbch, trong s\u00e1ng v\u00e0 nh\u1eb9 nh\u00e0ng, Emily Winfield Martin \u0111\u00e3 gi\u00fap h\u00e0ng v\u1ea1n \u0111\u1ed9c gi\u1ea3 tr\u01b0\u1edfng th\u00e0nh \u0111\u01b0\u1ee3c quay v\u1ec1 th\u1ebf gi\u1edbi m\u1ed9ng m\u01a1 c\u1ee7a con tr\u1ebb. T\u1eeb h\u00e0nh tr\u00ecnh k\u1ef3 th\u00fa c\u1ee7a gia \u0111\u00ecnh nh\u00e0 g\u1ea5u t\u00ed hon \u0111\u1ebfn nh\u1eefng lo\u00e0i v\u1eadt th\u1ea7n b\u00ed ch\u1ec9 c\u00f3 th\u1ec3 g\u1eb7p \u0111\u01b0\u1ee3c trong m\u01a1. Th\u1ebf gi\u1edbi di\u1ec7u k\u1ef3 c\u1ee7a tr\u1ebb hi\u1ec7n ra \u0111\u1ea7y m\u00e0u s\u1eafc, s\u1ed1ng \u0111\u1ed9ng v\u00e0 ch\u01b0a bao gi\u1edd nh\u00e0m ch\u00e1n. C\u00f3 l\u1ebd ch\u00ednh cu\u1ed9c s\u1ed1ng th\u1ef1c t\u1ea1i c\u1ee7a m\u1ed9t ng\u01b0\u1eddi l\u1edbn \u0111\u00e3 b\u00e0o m\u00f2n d\u1ea7n kh\u1ea3 n\u0103ng t\u01b0\u1edfng t\u01b0\u1ee3ng, m\u1ed9ng m\u01a1 m\u00e0 khi c\u00f2n l\u00e0 m\u1ed9t \u0111\u1ee9a tr\u1ebb ta d\u1ec5 d\u00e0ng c\u00f3 \u0111\u01b0\u1ee3c.<\/p>\n<p>\u0110i\u1ec3m \u0111\u1eb7c bi\u1ec7t c\u1ee7a b\u1ed9 s\u00e1ch l\u00e0 nh\u1eefng trang minh ho\u1ea1 m\u00e0u tuy\u1ec7t \u0111\u1eb9p v\u00e0 \u0111\u1ea7y cu\u1ed1n h\u00fat \u0111\u01b0\u1ee3c th\u1ef1c hi\u1ec7n b\u1edfi ch\u00ednh t\u00e1c gi\u1ea3. M\u1ed7i khung c\u1ea3nh m\u1edf ra kh\u00f4ng \u0111\u01a1n thu\u1ea7n di\u1ec5n t\u1ea3 l\u1ea1i nh\u1eefng n\u1ed9i dung \u0111\u00e3 c\u00f3 trong ph\u1ea7n l\u1eddi m\u00e0 c\u00f2n k\u1ec3 nhi\u1ec1u h\u01a1n n\u1eefa.<\/p>\n<p>S\u1ebd kh\u00f4ng b\u1ea5t ng\u1edd khi t\u00e1c ph\u1ea9m c\u1ee7a n\u1eef t\u00e1c gi\u1ea3 ng\u01b0\u1eddi M\u1ef9 n\u00e0y s\u1ebd chinh ph\u1ee5c \u0111\u01b0\u1ee3c tr\u00e1i tim c\u1ee7a m\u1ecdi \u0111\u1ed9c gi\u1ea3 tr\u1ebb em v\u00e0 ng\u01b0\u1eddi l\u1edbn.<\/p>\n","protected":false},"featured_media":9735,"template":"","meta":{"_acf_changed":false},"product_brand":[],"product_cat":[25,17],"product_tag":[],"class_list":{"0":"post-9744","1":"product","2":"type-product","3":"status-publish","4":"has-post-thumbnail","6":"product_cat-nhi-dong-6-tuoi-12-tuoi","7":"product_cat-sach-danh-cho-cac-be","9":"first","10":"outofstock","11":"taxable","12":"shipping-taxable","13":"purchasable","14":"product-type-simple"},"supplier_id":null,"supplier_sku":"","barcode":null,"atum_controlled":true,"out_stock_date":"2024-03-06 08:26:42","out_stock_threshold":null,"inheritable":false,"inbound_stock":0,"stock_on_hold":0,"sold_today":0,"sales_last_days":0,"reserved_stock":0,"customer_returns":0,"warehouse_damage":0,"lost_in_post":0,"other_logs":0,"out_stock_days":693,"lost_sales":0,"has_location":false,"update_date":"2026-01-28T23:10:44","atum_locations":[],"atum_stock_status":"outofstock","restock_status":false,"low_stock_amount":"","sales_update_date":"2026-01-28T23:10:44","calc_backorders":null,"acf":{"publisher":{"ID":1470,"post_author":"2","post_date":"2021-02-17 01:12:47","post_date_gmt":"2021-02-16 23:12:47","post_content":"<!-- wp:flatsome\/uxbuilder -->\n<h1 style=\"text-align: center\"><strong>\u0110inh T\u1ecb<\/strong><\/h1>\n[row]\n\n[col span=\"4\" span__sm=\"12\"]\n\n[ux_image id=\"1831\" image_size=\"medium\"]\n\n\n[\/col]\n[col span=\"8\" span__sm=\"12\"]\n\n<p><strong>\u0110inh T\u1ecb Books - Ti\u00ean phong s\u00e1ng t\u1ea1o<\/strong><\/p>\n<p>Th\u00e0nh l\u1eadp n\u0103m 2006, t\u1edbi nay \u0110inh T\u1ecb Books \u0111\u01b0\u1ee3c \u0111\u00e1nh gi\u1ea3 l\u00e0 \u0111\u01a1n v\u1ecb xu\u1ea5t b\u1ea3n uy t\u00edn c\u00f3 t\u1ed1c \u0111\u1ed9 ph\u00e1t tri\u1ec3n nhanh nh\u1ea5t g\u1eafn v\u1edbi th\u00e0nh c\u00f4ng c\u1ee7a hai t\u1ee7 s\u00e1ch l\u1edbn: T\u1ee7 s\u00e1ch Thi\u1ebfu nhi - T\u1ee7 s\u00e1ch V\u0103n h\u1ecdc. Trong \u0111\u00f3 ph\u1ea3i k\u1ec3 t\u1edbi b\u01b0\u1edbc chuy\u1ec3n m\u00ecnh \u0111\u1ea7y \u1ea5n t\u01b0\u1ee3ng, tr\u1edf th\u00e0nh \u0111\u01a1n v\u1ecb ti\u00ean phong s\u00e1ng t\u1ea1o d\u00f2ng S\u00c1CH T\u01af\u01a0NG T\u00c1C thi\u1ebfu nhi. V\u1edbi h\u01a1n 300 t\u1ef1a s\u00e1ch t\u01b0\u01a1ng t\u00e1c \u0111ang l\u01b0u h\u00e0nh, \u0110inh T\u1ecb Books \u0111\u00e3 mang \u0111\u1ebfn nh\u1eefng gi\u00e1 tr\u1ecb tr\u1ea3i nghi\u1ec7m tuy\u1ec7t v\u1eddi, \u0111\u01b0a vi\u1ec7c h\u1ecdc v\u00e0 ch\u01a1i c\u00f9ng s\u00e1ch tr\u1edf n\u00ean hi\u1ec7u qu\u1ea3 h\u01a1n, gi\u00fap tr\u1ebb th\u00f4ng minh, t\u0103ng tr\u01b0\u1edfng c\u00e1c ch\u1ec9 s\u1ed1 IQ, EQ.<\/p>\n<p><strong>Th\u1ebf m\u1ea1nh c\u1ee7a \u0110inh T\u1ecb Books<\/strong><\/p>\n<p>V\u1edbi kinh nghi\u1ec7m nhi\u1ec1u n\u0103m trong ng\u00e0nh xu\u1ea5t b\u1ea3n, \u0110inh T\u1ecb Books tin r\u1eb1ng c\u00e1c b\u1eadc cha m\u1eb9 lu\u00f4n d\u00e0nh nh\u1eefng \u0111i\u1ec1u t\u1ed1t \u0111\u1eb9p nh\u1ea5t cho c\u00e1c con c\u1ee7a m\u00ecnh. \u0110\u1ecdc s\u00e1ch c\u00f9ng con lu\u00f4n l\u00e0 l\u1ef1a ch\u1ecdn h\u00e0ng \u0111\u1ea7u gi\u00fap g\u1eafn k\u1ebft t\u00ecnh y\u00eau th\u01b0\u01a1ng \u0111\u1ed3ng th\u1eddi gi\u00fap con nu\u00f4i d\u01b0\u1ee1ng ni\u1ec1m \u0111am m\u00ea v\u1edbi s\u00e1ch.<\/p>\n\n[\/col]\n\n[\/row]\n<p><strong>T\u00ecnh y\u00eau l\u1edbn d\u00e0nh cho nh\u1eefng cu\u1ed1n s\u00e1ch.<\/strong><\/p>\n<p>Xu\u1ea5t ph\u00e1t t\u1eeb t\u00ecnh y\u00eau v\u1edbi nh\u1eefng cu\u1ed1n s\u00e1ch, l\u00f2ng t\u1eadn t\u00e2m mu\u1ed1n g\u00ecn gi\u1eef nh\u1eefng gi\u00e1 tr\u1ecb v\u0103n h\u00f3a truy\u1ec1n th\u1ed1ng c\u1ee7a Vi\u1ec7t Nam, mong mu\u1ed1n \u0111\u01b0a nh\u1eefng gi\u00e1 tr\u1ecb \u0111\u1eadm ch\u1ea5t Vi\u1ec7t Nam \u0111\u1ebfn v\u1edbi tr\u1ebb em Vi\u1ec7t, c\u00e1c th\u00e0nh vi\u00ean s\u00e1ng t\u1ea1o c\u1ee7a \u0110inh T\u1ecb Books \u0111\u00e3 kh\u00f4ng ng\u1eebng n\u1ed7 l\u1ef1c, t\u00ecm t\u00f2i v\u00e0 h\u1ecdc h\u1ecfi, \u0111\u1ec3 \u0111\u01b0a nh\u1eefng cu\u1ed1n s\u00e1ch \u201c100% made in Vietnam\u201d \u0111\u1ebfn v\u1edbi tr\u1ebb em Vi\u1ec7t. C\u00e1c ki\u1ebfn th\u1ee9c b\u1ed5 \u00edch \u0111\u01b0\u1ee3c truy\u1ec1n t\u1ea3i th\u00f4ng qua nh\u1eefng t\u01b0\u01a1ng t\u00e1c th\u00fa v\u1ecb gi\u00fap tr\u1ebb nh\u1edb l\u00e2u h\u01a1n, h\u1ecdc t\u1ed1t h\u01a1n.<\/p>\n<p>Nh\u1eadn ra \u0111\u01b0\u1ee3c s\u1ee9 m\u1ec7nh v\u00e0 t\u1ea7m nh\u00ecn c\u1ee7a \u0110inh T\u1ecb, <strong>SACHVIET.EU<\/strong> \u0111\u00e3 li\u00ean l\u1ea1c v\u1edbi \u0110inh T\u1ecb \u0111\u1ec3 \u0111\u01b0\u1ee3c h\u1ed7 tr\u1ee3 \u0111\u01b0a nh\u1eefng cu\u1ed1n s\u00e1ch mang gi\u00e1 tr\u1ecb \u0111\u1eadm ch\u1ea5t Vi\u1ec7t Nam \u0111\u1ebfn v\u1edbi tr\u1ebb em Vi\u1ec7t v\u00e0 c\u1ed9ng \u0111\u1ed3ng Vi\u1ec7t s\u1ed1ng t\u1ea1i Ch\u00e2u \u00c2u. SACHVIET.EU \u0111\u1eb7t l\u00f2ng tin \u1edf \u0110inh T\u1ecb s\u1ebd lu\u00f4n \u0111em \u0111\u1ebfn nh\u1eefng gi\u00e1 tr\u1ecb cao qua t\u1eebng trang s\u00e1ch v\u00e0 hy v\u1ecdng \u0111\u1ed9c gi\u1ea3 s\u1ebd lu\u00f4n h\u00e0i l\u00f2ng v\u1edbi ch\u1ea5t l\u01b0\u1ee3ng m\u00e0 \u0110inh T\u1ecb theo \u0111u\u1ed5i bao n\u0103m qua.<\/p>\n\n<!-- \/wp:flatsome\/uxbuilder -->","post_title":"\u0110inh T\u1ecb","post_excerpt":"","post_status":"publish","comment_status":"closed","ping_status":"closed","post_password":"","post_name":"dinh-ti","to_ping":"","pinged":"","post_modified":"2022-12-19 23:15:43","post_modified_gmt":"2022-12-19 21:15:43","post_content_filtered":"","post_parent":0,"guid":"https:\/\/sachviet.eu\/nha-phat-hanh\/dinh-ti\/","menu_order":0,"post_type":"publisher","post_mime_type":"","comment_count":"0","filter":"raw"}},"_links":{"self":[{"href":"https:\/\/sachviet.eu\/en\/wp-json\/wp\/v2\/product\/9744","targetHints":{"allow":["GET"]}}],"collection":[{"href":"https:\/\/sachviet.eu\/en\/wp-json\/wp\/v2\/product"}],"about":[{"href":"https:\/\/sachviet.eu\/en\/wp-json\/wp\/v2\/types\/product"}],"wp:featuredmedia":[{"embeddable":true,"href":"https:\/\/sachviet.eu\/en\/wp-json\/wp\/v2\/media\/9735"}],"wp:attachment":[{"href":"https:\/\/sachviet.eu\/en\/wp-json\/wp\/v2\/media?parent=9744"}],"wp:term":[{"taxonomy":"product_brand","embeddable":true,"href":"https:\/\/sachviet.eu\/en\/wp-json\/wp\/v2\/product_brand?post=9744"},{"taxonomy":"product_cat","embeddable":true,"href":"https:\/\/sachviet.eu\/en\/wp-json\/wp\/v2\/product_cat?post=9744"},{"taxonomy":"product_tag","embeddable":true,"href":"https:\/\/sachviet.eu\/en\/wp-json\/wp\/v2\/product_tag?post=9744"}],"curies":[{"name":"wp","href":"https:\/\/api.w.org\/{rel}","templated":true}]}}