{"id":9699,"date":"2021-06-02T01:32:29","date_gmt":"2021-06-01T22:32:29","guid":{"rendered":"https:\/\/sachviet.eu\/shop\/goc-san-va-khoang-troi-huy-hoang\/"},"modified":"2021-07-27T00:48:56","modified_gmt":"2021-07-26T21:48:56","slug":"goc-san-va-khoang-troi-huy-hoang","status":"publish","type":"product","link":"https:\/\/sachviet.eu\/en\/shop\/goc-san-va-khoang-troi-huy-hoang\/","title":{"rendered":"G\u00f3c S\u00e2n V\u00e0 Kho\u1ea3ng Tr\u1eddi\u00a0(Huy Ho\u00e0ng)"},"content":{"rendered":"<p>&#8220;Nh\u00e0 th\u01a1 Tr\u1ea7n \u0110\u0103ng Khoa \u0111\u00e3 t\u1eebng \u0111\u01b0\u1ee3c m\u1ec7nh danh l\u00e0 th\u1ea7n \u0111\u1ed3ng th\u01a1, \u0111\u01b0\u1ee3c Nh\u00e0 n\u01b0\u1edbc trao t\u1eb7ng Gi\u1ea3i th\u01b0\u1edfng Nh\u00e0 n\u01b0\u1edbc \u0111\u1ee3t I v\u1ec1 V\u0103n h\u1ecdc ngh\u1ec7 thu\u1eadt n\u0103m 2001 cho ba t\u1eadp th\u01a1 G\u00f3c s\u00e2n v\u00e0 kho\u1ea3ng tr\u1eddi, B\u00ean c\u1eeda s\u1ed5 m\u00e1y bay v\u00e0 Th\u01a1 Tr\u1ea7n \u0110\u0103ng Khoa 1966-2000. T\u1eadp tuy\u1ec3n n\u00e0y ch\u1ecdn l\u1ecdc nh\u1eefng t\u00e1c ph\u1ea9m ti\u00eau bi\u1ec3u nh\u1ea5t trong th\u1eddi gian Tr\u1ea7n \u0110\u0103ng Khoa c\u00f2n l\u00e0 h\u1ecdc sinh ph\u1ed5 th\u00f4ng. Hi v\u1ecdng cu\u1ed1n s\u00e1ch s\u1ebd mang \u0111\u1ebfn cho \u0111\u1ed9c gi\u1ea3, nh\u1ea5t l\u00e0 \u0111\u1ed9c gi\u1ea3 nh\u1ecf tu\u1ed5i nh\u1eefng c\u1ea3m nh\u1eadn th\u00fa v\u1ecb.<\/p>\n<p>Th\u01a1 c\u1ee7a Tr\u1ea7n \u0110\u0103ng Khoa t\u1ef1 nhi\u00ean, t\u1ef1 nhi\u00ean nh\u01b0 cu\u1ed9c s\u1ed1ng v\u1ed1n th\u1ebf, l\u00e0 t\u1ea5t c\u1ea3 nh\u1eefng g\u00ec di\u1ec5n ra h\u00e0ng ng\u00e0y d\u01b0\u1edbi con m\u1eaft c\u1ee7a m\u1ed9t c\u1eadu b\u00e9, r\u1ea5t g\u1ea7n g\u0169i, dung d\u1ecb nh\u01b0ng c\u0169ng r\u1ea5t tinh t\u1ebf\u2026&#8221;<\/p>\n","protected":false},"excerpt":{"rendered":"<p>&#8220;Nh\u00e0 th\u01a1 Tr\u1ea7n \u0110\u0103ng Khoa \u0111\u00e3 t\u1eebng \u0111\u01b0\u1ee3c m\u1ec7nh danh l\u00e0 th\u1ea7n \u0111\u1ed3ng th\u01a1, \u0111\u01b0\u1ee3c Nh\u00e0 n\u01b0\u1edbc trao t\u1eb7ng Gi\u1ea3i th\u01b0\u1edfng Nh\u00e0 n\u01b0\u1edbc \u0111\u1ee3t I v\u1ec1 V\u0103n h\u1ecdc ngh\u1ec7 thu\u1eadt n\u0103m 2001 cho ba t\u1eadp th\u01a1 G\u00f3c s\u00e2n v\u00e0 kho\u1ea3ng tr\u1eddi, B\u00ean c\u1eeda s\u1ed5 m\u00e1y bay v\u00e0 Th\u01a1 Tr\u1ea7n \u0110\u0103ng Khoa 1966-2000. T\u1eadp tuy\u1ec3n n\u00e0y ch\u1ecdn l\u1ecdc nh\u1eefng t\u00e1c ph\u1ea9m ti\u00eau bi\u1ec3u nh\u1ea5t trong th\u1eddi gian Tr\u1ea7n \u0110\u0103ng Khoa c\u00f2n l\u00e0 h\u1ecdc sinh ph\u1ed5 th\u00f4ng. Hi v\u1ecdng cu\u1ed1n s\u00e1ch s\u1ebd mang \u0111\u1ebfn cho \u0111\u1ed9c gi\u1ea3, nh\u1ea5t l\u00e0 \u0111\u1ed9c gi\u1ea3 nh\u1ecf tu\u1ed5i nh\u1eefng c\u1ea3m nh\u1eadn th\u00fa v\u1ecb.<\/p>\n<p>Th\u01a1 c\u1ee7a Tr\u1ea7n \u0110\u0103ng Khoa t\u1ef1 nhi\u00ean, t\u1ef1 nhi\u00ean nh\u01b0 cu\u1ed9c s\u1ed1ng v\u1ed1n th\u1ebf, l\u00e0 t\u1ea5t c\u1ea3 nh\u1eefng g\u00ec di\u1ec5n ra h\u00e0ng ng\u00e0y d\u01b0\u1edbi con m\u1eaft c\u1ee7a m\u1ed9t c\u1eadu b\u00e9, r\u1ea5t g\u1ea7n g\u0169i, dung d\u1ecb nh\u01b0ng c\u0169ng r\u1ea5t tinh t\u1ebf\u2026&#8221;<\/p>\n","protected":false},"featured_media":9698,"template":"","meta":{"_acf_changed":false},"product_brand":[],"product_cat":[25,17,71],"product_tag":[],"class_list":{"0":"post-9699","1":"product","2":"type-product","3":"status-publish","4":"has-post-thumbnail","6":"product_cat-nhi-dong-6-tuoi-12-tuoi","7":"product_cat-sach-danh-cho-cac-be","8":"product_cat-sach-tre-em-thuan-viet","10":"first","11":"instock","12":"taxable","13":"shipping-taxable","14":"purchasable","15":"product-type-simple"},"supplier_id":null,"supplier_sku":"","barcode":null,"atum_controlled":true,"out_stock_date":null,"out_stock_threshold":null,"inheritable":false,"inbound_stock":1,"stock_on_hold":0,"sold_today":0,"sales_last_days":0,"reserved_stock":0,"customer_returns":0,"warehouse_damage":0,"lost_in_post":0,"other_logs":0,"out_stock_days":0,"lost_sales":0,"has_location":false,"update_date":"2026-01-28T23:10:44","atum_locations":[],"atum_stock_status":"instock","restock_status":false,"low_stock_amount":"","sales_update_date":"2026-01-28T23:10:44","calc_backorders":null,"acf":{"publisher":{"ID":1472,"post_author":"1","post_date":"2021-02-17 01:12:50","post_date_gmt":"2021-02-16 23:12:50","post_content":"","post_title":"Huy Ho\u00e0ng Bookstore","post_excerpt":"","post_status":"publish","comment_status":"closed","ping_status":"closed","post_password":"","post_name":"huy-hoang-bookstore","to_ping":"","pinged":"","post_modified":"2021-02-17 01:12:50","post_modified_gmt":"2021-02-16 23:12:50","post_content_filtered":"","post_parent":0,"guid":"https:\/\/sachviet.eu\/nha-phat-hanh\/huy-hoang-bookstore\/","menu_order":0,"post_type":"publisher","post_mime_type":"","comment_count":"0","filter":"raw"}},"_links":{"self":[{"href":"https:\/\/sachviet.eu\/en\/wp-json\/wp\/v2\/product\/9699","targetHints":{"allow":["GET"]}}],"collection":[{"href":"https:\/\/sachviet.eu\/en\/wp-json\/wp\/v2\/product"}],"about":[{"href":"https:\/\/sachviet.eu\/en\/wp-json\/wp\/v2\/types\/product"}],"wp:featuredmedia":[{"embeddable":true,"href":"https:\/\/sachviet.eu\/en\/wp-json\/wp\/v2\/media\/9698"}],"wp:attachment":[{"href":"https:\/\/sachviet.eu\/en\/wp-json\/wp\/v2\/media?parent=9699"}],"wp:term":[{"taxonomy":"product_brand","embeddable":true,"href":"https:\/\/sachviet.eu\/en\/wp-json\/wp\/v2\/product_brand?post=9699"},{"taxonomy":"product_cat","embeddable":true,"href":"https:\/\/sachviet.eu\/en\/wp-json\/wp\/v2\/product_cat?post=9699"},{"taxonomy":"product_tag","embeddable":true,"href":"https:\/\/sachviet.eu\/en\/wp-json\/wp\/v2\/product_tag?post=9699"}],"curies":[{"name":"wp","href":"https:\/\/api.w.org\/{rel}","templated":true}]}}