{"id":9697,"date":"2021-06-02T01:32:23","date_gmt":"2021-06-01T22:32:23","guid":{"rendered":"https:\/\/sachviet.eu\/shop\/ehon-cay-soi-tai-ban-2020\/"},"modified":"2024-08-25T22:41:47","modified_gmt":"2024-08-25T19:41:47","slug":"ehon-cay-soi-tai-ban-2020","status":"publish","type":"product","link":"https:\/\/sachviet.eu\/en\/shop\/ehon-cay-soi-tai-ban-2020\/","title":{"rendered":"Ehon &#8211; C\u00e2y S\u1ed3i (T\u00e1i B\u1ea3n 2020)"},"content":{"rendered":"<p>Xuy\u00ean qua c\u00e1nh r\u1eebng n\u1ecd, c\u00f3 m\u1ed9t c\u00e2y S\u1ed3i nh\u1ecf m\u1ecdc tr\u00ean c\u00e1nh \u0111\u1ed3ng. N\u0103m nay l\u00e0 n\u0103m \u0111\u1ea7u ti\u00ean c\u00e2y S\u1ed3i ra qu\u1ea3. V\u00e0 c\u00e2u chuy\u1ec7n \u0111\u01b0\u1ee3c v\u1ebd ra t\u1eeb \u0111\u00e2y.<\/p>\n<p>C\u00e2y S\u1ed3i lu\u00f4n mong r\u1eb1ng c\u00f3 b\u1ea1n n\u00e0o \u0111\u00f3 \u0103n qu\u1ea3 c\u1ee7a m\u00ecnh. V\u00e0 r\u1ed3i, c\u0169ng c\u00f3 m\u1ed9t ch\u00fa S\u00f3c \u0111\u1ebfn \u0103n qu\u1ea3 S\u1ed3i, S\u1ed3i v\u00f4 c\u00f9ng mong \u0111\u1ee3i l\u1eddi khen ng\u1ee3i c\u1ee7a S\u00f3c. Nh\u01b0ng ng\u01b0\u1ee3c l\u1ea1i S\u00f3c ch\u1ec9 \u0103n v\u00e0 ch\u00ea bai qu\u1ea3 S\u1ed3i qu\u00e1 d\u1edf. C\u00e2y S\u1ed3i bu\u1ed3n b\u00e3, c\u1ee9 ngh\u0129 r\u1eb1ng do b\u1ea3n th\u00e2n m\u00ecnh kh\u00f4ng ra \u0111\u01b0\u1ee3c tr\u00e1i ngon. S\u1ed3i c\u00e0ng ngh\u0129 ng\u1ee3i th\u00ec qu\u1ea3 c\u1ee7a n\u00f3 l\u1ea1i c\u00e0ng \u0111\u1eafng. T\u1eeb \u0111\u00f3, mu\u00f4n th\u00fa trong r\u1eebng truy\u1ec1n tai nhau b\u00e0i h\u00e1t \u201cQu\u1ea3 s\u1ed3i v\u1eeba \u0111\u1eafng v\u1eeba c\u1ee9ng. D\u00f9 c\u00f3 n\u1ea5u, c\u00f3 n\u01b0\u1edbng c\u0169ng kh\u00f4ng th\u1ec3 n\u00e0o \u0103n \u0111\u01b0\u1ee3c.\u201d Nh\u01b0ng ng\u1edd \u0111\u00e2u s\u1ef1 th\u1eadt l\u00e0 ch\u00fa S\u00f3c kia \u0111\u00e3 \u0103n tr\u00fang qu\u1ea3 v\u1eabn con xanh n\u00ean c\u1eadu \u1ea5y kh\u00f4ng c\u1ea3m nh\u1eadn v\u1ecb ngon c\u1ee7a S\u1ed3i. V\u00e0 S\u1ed3i c\u1ee9 ngh\u0129 nh\u1eefng \u0111i\u1ec1u S\u00f3c n\u00f3i l\u00e0 s\u1ef1 th\u1eadt.<\/p>\n<p>V\u00e0i n\u0103m tr\u00f4i qua, S\u1ed3i kh\u00f4ng cho ra \u0111\u01b0\u1ee3c qu\u1ea3 n\u00e0o c\u1ea3. S\u1ed3i c\u0169ng kh\u00f4ng c\u00f2n \u0111\u01b0\u1ee3c t\u01b0\u01a1i t\u1eafn nh\u01b0 tr\u01b0\u1edbc, nh\u01b0ng th\u00e2n c\u00e2y S\u1ed3i th\u00ec r\u1ea5t v\u1eefng ch\u00e3i. R\u1ed3i b\u1ed7ng nhi\u00ean, c\u00f3 m\u1ed9t ch\u00fa S\u00f3c ngang qua v\u00e0 mu\u1ed1n ch\u1ecdn c\u00e2y S\u1ed3i n\u00e0y l\u00e0m nh\u00e0. Nh\u01b0ng S\u1ed3i kh\u00f4ng \u0111\u1ed3ng \u00fd, v\u00ec c\u1eadu \u1ea5y v\u1eabn c\u00f2n nh\u1edb \u0111\u1ebfn vi\u1ec7c t\u1ea1i sao c\u1eadu \u1ea5y kh\u00f4ng cho \u0111\u01b0\u1ee3c qu\u1ea3. S\u1ed3i r\u1ea5t gh\u00e9t lo\u00e0i S\u00f3c.<\/p>\n<p>Nh\u01b0ng r\u1ed3i S\u00f3c c\u0169ng c\u1ea3m h\u00f3a \u0111\u01b0\u1ee3c S\u1ed3i ch\u1ec9 v\u00ec m\u1ed9t c\u00e2u n\u00f3i \u201c\u01a0, nh\u01b0ng m\u00e0 t\u1edb th\u00edch c\u1eadu. T\u1edb mu\u1ed1n \u1edf \u0111\u00e2y!\u201d  V\u00e0  S\u1ed3i \u0111\u00e3 cho S\u00f3c \u1edf chung v\u1edbi S\u1ed3i. S\u00f3c x\u00e2y nh\u00e0 cho m\u00ecnh th\u1eadt \u0111\u1eb9p tr\u00ean th\u00e2n c\u00e2y S\u1ed3i. Hai b\u1ea1n r\u1ea5t vui v\u1ebb v\u1edbi nhau, ng\u00f4i nh\u00e0 c\u1ee7a S\u00f3c \u0111\u01b0\u1ee3c mu\u00f4ng th\u00fa trong r\u1eebng th\u00edch th\u00fa v\u00e0 mong mu\u1ed1n c\u00f3 \u0111\u01b0\u1ee3c, c\u0169ng t\u1eeb \u0111\u00f3 quanh c\u00e2y S\u1ed3i l\u00fac n\u00e0o c\u0169ng vui v\u1ebb v\u00e0 n\u00e1o nhi\u1ec7t ti\u1ebfng c\u1ee7a c\u00e1c lo\u00e0i tr\u00f2 chuy\u1ec7n.<\/p>\n<p>R\u1ed3i m\u1ed9t h\u00f4m b\u1ea1n c\u1ee7a S\u00f3c \u0111\u1ebfn ch\u01a1i, v\u00e0 h\u00e1t l\u1ea1i b\u00e0i h\u00e1t v\u1ec1 c\u00e2y S\u1ed3i \u201cQu\u1ea3 s\u1ed3i v\u1eeba \u0111\u1eafng v\u1eeba c\u1ee9ng. D\u00f9 c\u00f3 n\u1ea5u, c\u00f3 n\u01b0\u1edbng c\u0169ng kh\u00f4ng th\u1ec3 n\u00e0o \u0103n \u0111\u01b0\u1ee3c.\u201d Sau khi nghe, S\u00f3c l\u1eadp t\u1ee9c ph\u1ea3n b\u00e1c l\u1ea1i v\u00e0 kh\u1eb3ng \u0111\u1ecbnh r\u1eb1ng nh\u1ea5t \u0111\u1ecbnh S\u1ed3i s\u1ebd cho ra qu\u1ea3 ngon. T\u1eeb \u0111\u00f3, S\u00f3c c\u1ee9 ch\u0103m s\u00f3c S\u1ed3i h\u00e0ng ng\u00e0y, m\u1eb7c d\u00f9 S\u1ed3i c\u00f3 m\u1ea5t ni\u1ec1m tin, hay h\u1ea5t h\u1ee7i S\u00f3c t\u1edbi \u0111\u00e2u \u0111i ch\u0103ng n\u1eefa, S\u00f3c v\u1eabn lu\u00f4n ch\u0103m s\u00f3c, an \u1ee7i v\u00e0 \u0111\u1ed3ng h\u00e0nh c\u00f9ng S\u1ed3i. S\u00f3c n\u00f3i v\u1edbi S\u1ed3i r\u1eb1ng: \u201cD\u00f9 c\u1eadu c\u00f3 ra qu\u1ea3 hay kh\u00f4ng,  th\u00ec t\u1edb v\u1eabn y\u00eau qu\u00fd c\u1eadu m\u00e0.\u201d<\/p>\n<p>V\u00e0 th\u1eddi gian \u0111\u00e3 ch\u1ee9ng m\u00ecnh b\u1eb1ng nh\u1eefng qu\u1ea3 S\u1ed3i th\u01a1m ngon, v\u00e0 th\u1eddi gian c\u0169ng ch\u1ee9ng minh r\u1eb1ng y\u00eau th\u01b0\u01a1ng l\u00e0 li\u1ec1u thu\u1ed1c ch\u1eefa l\u00e0nh m\u1ecdi t\u1ed5n th\u01b0\u01a1ng v\u00e0 l\u00e0 m\u1ed9t ph\u00e9p m\u00e0u th\u1ea7n k\u1ef3 \u0111\u1ec3 c\u1ee9u l\u1ea5y s\u1ef1 s\u1ed1ng c\u1ee7a b\u1ea5t k\u1ef3 ai \u0111ang tuy\u1ec7t v\u1ecdng.<\/p>\n<p>B\u1ed1 m\u1eb9 \u01a1i, b\u1ed1 m\u1eb9 c\u00f3 th\u1ea5y \u0111i\u1ec1u g\u00ec trong c\u00e2u chuy\u1ec7n n\u00e0y kh\u00f4ng. Ch\u1ec9 \u0111\u01a1n gi\u1ea3n l\u00e0 c\u00e2u chuy\u1ec7n xoay quanh c\u00e2y S\u1ed3i v\u00e0 S\u00f3c th\u00f4i nh\u01b0ng mang l\u1ea1i r\u1ea5t nhi\u1ec1u \u0111i\u1ec1u khi\u1ebfn ch\u00fang ta ph\u1ea3i ng\u1eabm ngh\u0129.<\/p>\n<p> Ch\u1ec9 \u0111\u01a1n gi\u1ea3n l\u00e0 y\u00eau th\u01b0\u01a1ng th\u00f4i, c\u0169ng c\u00f3 th\u1ec3 c\u1ed7 v\u0169 cho s\u1ef1 ph\u00e1t tri\u1ec3n c\u1ee7a ng\u01b0\u1eddi kh\u00e1c.<br \/>\n Ch\u1ec9 \u0111\u01a1n gi\u1ea3n l\u00e0 tin t\u01b0\u1edfng th\u00f4i, c\u0169ng c\u00f3 th\u1ec3 c\u1ee9u v\u1edbt l\u1ea5y s\u1ef1 s\u1ed1ng cho m\u1ed9t ai \u0111\u00f3.<br \/>\n Ch\u1ec9 \u0111\u01a1n gi\u1ea3n l\u00e0 s\u1ef1 \u0111\u1ed3ng h\u00e0nh, c\u0169ng c\u00f3 th\u1ec3 gi\u00fap \u0111\u1ee1 \u0111\u01b0\u1ee3c m\u1ed9t ai \u0111\u00f3 \u0111ang m\u1ea5t hy v\u1ecdng.<\/p>\n","protected":false},"excerpt":{"rendered":"<p>Xuy\u00ean qua c\u00e1nh r\u1eebng n\u1ecd, c\u00f3 m\u1ed9t c\u00e2y S\u1ed3i nh\u1ecf m\u1ecdc tr\u00ean c\u00e1nh \u0111\u1ed3ng. N\u0103m nay l\u00e0 n\u0103m \u0111\u1ea7u ti\u00ean c\u00e2y S\u1ed3i ra qu\u1ea3. V\u00e0 c\u00e2u chuy\u1ec7n \u0111\u01b0\u1ee3c v\u1ebd ra t\u1eeb \u0111\u00e2y.<\/p>\n<p>C\u00e2y S\u1ed3i lu\u00f4n mong r\u1eb1ng c\u00f3 b\u1ea1n n\u00e0o \u0111\u00f3 \u0103n qu\u1ea3 c\u1ee7a m\u00ecnh. V\u00e0 r\u1ed3i, c\u0169ng c\u00f3 m\u1ed9t ch\u00fa S\u00f3c \u0111\u1ebfn \u0103n qu\u1ea3 S\u1ed3i, S\u1ed3i v\u00f4 c\u00f9ng mong \u0111\u1ee3i l\u1eddi khen ng\u1ee3i c\u1ee7a S\u00f3c. Nh\u01b0ng ng\u01b0\u1ee3c l\u1ea1i S\u00f3c ch\u1ec9 \u0103n v\u00e0 ch\u00ea bai qu\u1ea3 S\u1ed3i qu\u00e1 d\u1edf. C\u00e2y S\u1ed3i bu\u1ed3n b\u00e3, c\u1ee9 ngh\u0129 r\u1eb1ng do b\u1ea3n th\u00e2n m\u00ecnh kh\u00f4ng ra \u0111\u01b0\u1ee3c tr\u00e1i ngon. S\u1ed3i c\u00e0ng ngh\u0129 ng\u1ee3i th\u00ec qu\u1ea3 c\u1ee7a n\u00f3 l\u1ea1i c\u00e0ng \u0111\u1eafng. T\u1eeb \u0111\u00f3, mu\u00f4n th\u00fa trong r\u1eebng truy\u1ec1n tai nhau b\u00e0i h\u00e1t \u201cQu\u1ea3 s\u1ed3i v\u1eeba \u0111\u1eafng v\u1eeba c\u1ee9ng. D\u00f9 c\u00f3 n\u1ea5u, c\u00f3 n\u01b0\u1edbng c\u0169ng kh\u00f4ng th\u1ec3 n\u00e0o \u0103n \u0111\u01b0\u1ee3c.\u201d Nh\u01b0ng ng\u1edd \u0111\u00e2u s\u1ef1 th\u1eadt l\u00e0 ch\u00fa S\u00f3c kia \u0111\u00e3 \u0103n tr\u00fang qu\u1ea3 v\u1eabn con xanh n\u00ean c\u1eadu \u1ea5y kh\u00f4ng c\u1ea3m nh\u1eadn v\u1ecb ngon c\u1ee7a S\u1ed3i. V\u00e0 S\u1ed3i c\u1ee9 ngh\u0129 nh\u1eefng \u0111i\u1ec1u S\u00f3c n\u00f3i l\u00e0 s\u1ef1 th\u1eadt.<\/p>\n<p>V\u00e0i n\u0103m tr\u00f4i qua, S\u1ed3i kh\u00f4ng cho ra \u0111\u01b0\u1ee3c qu\u1ea3 n\u00e0o c\u1ea3. S\u1ed3i c\u0169ng kh\u00f4ng c\u00f2n \u0111\u01b0\u1ee3c t\u01b0\u01a1i t\u1eafn nh\u01b0 tr\u01b0\u1edbc, nh\u01b0ng th\u00e2n c\u00e2y S\u1ed3i th\u00ec r\u1ea5t v\u1eefng ch\u00e3i. R\u1ed3i b\u1ed7ng nhi\u00ean, c\u00f3 m\u1ed9t ch\u00fa S\u00f3c ngang qua v\u00e0 mu\u1ed1n ch\u1ecdn c\u00e2y S\u1ed3i n\u00e0y l\u00e0m nh\u00e0. Nh\u01b0ng S\u1ed3i kh\u00f4ng \u0111\u1ed3ng \u00fd, v\u00ec c\u1eadu \u1ea5y v\u1eabn c\u00f2n nh\u1edb \u0111\u1ebfn vi\u1ec7c t\u1ea1i sao c\u1eadu \u1ea5y kh\u00f4ng cho \u0111\u01b0\u1ee3c qu\u1ea3. S\u1ed3i r\u1ea5t gh\u00e9t lo\u00e0i S\u00f3c.<\/p>\n<p>Nh\u01b0ng r\u1ed3i S\u00f3c c\u0169ng c\u1ea3m h\u00f3a \u0111\u01b0\u1ee3c S\u1ed3i ch\u1ec9 v\u00ec m\u1ed9t c\u00e2u n\u00f3i \u201c\u01a0, nh\u01b0ng m\u00e0 t\u1edb th\u00edch c\u1eadu. T\u1edb mu\u1ed1n \u1edf \u0111\u00e2y!\u201d  V\u00e0  S\u1ed3i \u0111\u00e3 cho S\u00f3c \u1edf chung v\u1edbi S\u1ed3i. S\u00f3c x\u00e2y nh\u00e0 cho m\u00ecnh th\u1eadt \u0111\u1eb9p tr\u00ean th\u00e2n c\u00e2y S\u1ed3i. Hai b\u1ea1n r\u1ea5t vui v\u1ebb v\u1edbi nhau, ng\u00f4i nh\u00e0 c\u1ee7a S\u00f3c \u0111\u01b0\u1ee3c mu\u00f4ng th\u00fa trong r\u1eebng th\u00edch th\u00fa v\u00e0 mong mu\u1ed1n c\u00f3 \u0111\u01b0\u1ee3c, c\u0169ng t\u1eeb \u0111\u00f3 quanh c\u00e2y S\u1ed3i l\u00fac n\u00e0o c\u0169ng vui v\u1ebb v\u00e0 n\u00e1o nhi\u1ec7t ti\u1ebfng c\u1ee7a c\u00e1c lo\u00e0i tr\u00f2 chuy\u1ec7n.<\/p>\n<p>R\u1ed3i m\u1ed9t h\u00f4m b\u1ea1n c\u1ee7a S\u00f3c \u0111\u1ebfn ch\u01a1i, v\u00e0 h\u00e1t l\u1ea1i b\u00e0i h\u00e1t v\u1ec1 c\u00e2y S\u1ed3i \u201cQu\u1ea3 s\u1ed3i v\u1eeba \u0111\u1eafng v\u1eeba c\u1ee9ng. D\u00f9 c\u00f3 n\u1ea5u, c\u00f3 n\u01b0\u1edbng c\u0169ng kh\u00f4ng th\u1ec3 n\u00e0o \u0103n \u0111\u01b0\u1ee3c.\u201d Sau khi nghe, S\u00f3c l\u1eadp t\u1ee9c ph\u1ea3n b\u00e1c l\u1ea1i v\u00e0 kh\u1eb3ng \u0111\u1ecbnh r\u1eb1ng nh\u1ea5t \u0111\u1ecbnh S\u1ed3i s\u1ebd cho ra qu\u1ea3 ngon. T\u1eeb \u0111\u00f3, S\u00f3c c\u1ee9 ch\u0103m s\u00f3c S\u1ed3i h\u00e0ng ng\u00e0y, m\u1eb7c d\u00f9 S\u1ed3i c\u00f3 m\u1ea5t ni\u1ec1m tin, hay h\u1ea5t h\u1ee7i S\u00f3c t\u1edbi \u0111\u00e2u \u0111i ch\u0103ng n\u1eefa, S\u00f3c v\u1eabn lu\u00f4n ch\u0103m s\u00f3c, an \u1ee7i v\u00e0 \u0111\u1ed3ng h\u00e0nh c\u00f9ng S\u1ed3i. S\u00f3c n\u00f3i v\u1edbi S\u1ed3i r\u1eb1ng: \u201cD\u00f9 c\u1eadu c\u00f3 ra qu\u1ea3 hay kh\u00f4ng,  th\u00ec t\u1edb v\u1eabn y\u00eau qu\u00fd c\u1eadu m\u00e0.\u201d<\/p>\n<p>V\u00e0 th\u1eddi gian \u0111\u00e3 ch\u1ee9ng m\u00ecnh b\u1eb1ng nh\u1eefng qu\u1ea3 S\u1ed3i th\u01a1m ngon, v\u00e0 th\u1eddi gian c\u0169ng ch\u1ee9ng minh r\u1eb1ng y\u00eau th\u01b0\u01a1ng l\u00e0 li\u1ec1u thu\u1ed1c ch\u1eefa l\u00e0nh m\u1ecdi t\u1ed5n th\u01b0\u01a1ng v\u00e0 l\u00e0 m\u1ed9t ph\u00e9p m\u00e0u th\u1ea7n k\u1ef3 \u0111\u1ec3 c\u1ee9u l\u1ea5y s\u1ef1 s\u1ed1ng c\u1ee7a b\u1ea5t k\u1ef3 ai \u0111ang tuy\u1ec7t v\u1ecdng.<\/p>\n<p>B\u1ed1 m\u1eb9 \u01a1i, b\u1ed1 m\u1eb9 c\u00f3 th\u1ea5y \u0111i\u1ec1u g\u00ec trong c\u00e2u chuy\u1ec7n n\u00e0y kh\u00f4ng. Ch\u1ec9 \u0111\u01a1n gi\u1ea3n l\u00e0 c\u00e2u chuy\u1ec7n xoay quanh c\u00e2y S\u1ed3i v\u00e0 S\u00f3c th\u00f4i nh\u01b0ng mang l\u1ea1i r\u1ea5t nhi\u1ec1u \u0111i\u1ec1u khi\u1ebfn ch\u00fang ta ph\u1ea3i ng\u1eabm ngh\u0129.<\/p>\n<p> Ch\u1ec9 \u0111\u01a1n gi\u1ea3n l\u00e0 y\u00eau th\u01b0\u01a1ng th\u00f4i, c\u0169ng c\u00f3 th\u1ec3 c\u1ed7 v\u0169 cho s\u1ef1 ph\u00e1t tri\u1ec3n c\u1ee7a ng\u01b0\u1eddi kh\u00e1c.<br \/>\n Ch\u1ec9 \u0111\u01a1n gi\u1ea3n l\u00e0 tin t\u01b0\u1edfng th\u00f4i, c\u0169ng c\u00f3 th\u1ec3 c\u1ee9u v\u1edbt l\u1ea5y s\u1ef1 s\u1ed1ng cho m\u1ed9t ai \u0111\u00f3.<br \/>\n Ch\u1ec9 \u0111\u01a1n gi\u1ea3n l\u00e0 s\u1ef1 \u0111\u1ed3ng h\u00e0nh, c\u0169ng c\u00f3 th\u1ec3 gi\u00fap \u0111\u1ee1 \u0111\u01b0\u1ee3c m\u1ed9t ai \u0111\u00f3 \u0111ang m\u1ea5t hy v\u1ecdng.<\/p>\n","protected":false},"featured_media":9690,"template":"","meta":{"_acf_changed":false},"product_brand":[],"product_cat":[25,17],"product_tag":[],"class_list":{"0":"post-9697","1":"product","2":"type-product","3":"status-publish","4":"has-post-thumbnail","6":"product_cat-nhi-dong-6-tuoi-12-tuoi","7":"product_cat-sach-danh-cho-cac-be","9":"first","10":"instock","11":"taxable","12":"shipping-taxable","13":"purchasable","14":"product-type-simple"},"supplier_id":null,"supplier_sku":"","barcode":null,"atum_controlled":true,"out_stock_date":null,"out_stock_threshold":null,"inheritable":false,"inbound_stock":0,"stock_on_hold":0,"sold_today":0,"sales_last_days":0,"reserved_stock":0,"customer_returns":0,"warehouse_damage":0,"lost_in_post":0,"other_logs":0,"out_stock_days":0,"lost_sales":0,"has_location":false,"update_date":"2026-01-28T23:11:24","atum_locations":[],"atum_stock_status":"instock","restock_status":false,"low_stock_amount":"","sales_update_date":"2026-01-28T23:11:24","calc_backorders":null,"acf":{"publisher":{"ID":1474,"post_author":"1","post_date":"2021-02-17 01:12:51","post_date_gmt":"2021-02-16 23:12:51","post_content":"","post_title":"Th\u00e1i H\u00e0","post_excerpt":"","post_status":"publish","comment_status":"closed","ping_status":"closed","post_password":"","post_name":"thai-ha","to_ping":"","pinged":"","post_modified":"2021-02-17 01:12:51","post_modified_gmt":"2021-02-16 23:12:51","post_content_filtered":"","post_parent":0,"guid":"https:\/\/sachviet.eu\/nha-phat-hanh\/thai-ha\/","menu_order":0,"post_type":"publisher","post_mime_type":"","comment_count":"0","filter":"raw"}},"_links":{"self":[{"href":"https:\/\/sachviet.eu\/en\/wp-json\/wp\/v2\/product\/9697","targetHints":{"allow":["GET"]}}],"collection":[{"href":"https:\/\/sachviet.eu\/en\/wp-json\/wp\/v2\/product"}],"about":[{"href":"https:\/\/sachviet.eu\/en\/wp-json\/wp\/v2\/types\/product"}],"wp:featuredmedia":[{"embeddable":true,"href":"https:\/\/sachviet.eu\/en\/wp-json\/wp\/v2\/media\/9690"}],"wp:attachment":[{"href":"https:\/\/sachviet.eu\/en\/wp-json\/wp\/v2\/media?parent=9697"}],"wp:term":[{"taxonomy":"product_brand","embeddable":true,"href":"https:\/\/sachviet.eu\/en\/wp-json\/wp\/v2\/product_brand?post=9697"},{"taxonomy":"product_cat","embeddable":true,"href":"https:\/\/sachviet.eu\/en\/wp-json\/wp\/v2\/product_cat?post=9697"},{"taxonomy":"product_tag","embeddable":true,"href":"https:\/\/sachviet.eu\/en\/wp-json\/wp\/v2\/product_tag?post=9697"}],"curies":[{"name":"wp","href":"https:\/\/api.w.org\/{rel}","templated":true}]}}