{"id":9689,"date":"2021-06-02T01:31:56","date_gmt":"2021-06-01T22:31:56","guid":{"rendered":"https:\/\/sachviet.eu\/shop\/vo-cung-tan-nhan-vo-cung-yeu-thuong\/"},"modified":"2021-06-17T22:32:18","modified_gmt":"2021-06-17T19:32:18","slug":"vo-cung-tan-nhan-vo-cung-yeu-thuong","status":"publish","type":"product","link":"https:\/\/sachviet.eu\/en\/shop\/vo-cung-tan-nhan-vo-cung-yeu-thuong\/","title":{"rendered":"V\u00f4 C\u00f9ng T\u00e0n Nh\u1eabn, V\u00f4 C\u00f9ng Y\u00eau Th\u01b0\u01a1ng"},"content":{"rendered":"<p>V\u00f4 c\u00f9ng t\u00e0n nh\u1eabn v\u00f4 c\u00f9ng y\u00eau th\u01b0\u01a1ng l\u00e0 ch\u1ea5p b\u00fat c\u1ee7a m\u1ed9t b\u00e0 m\u1eb9 Do Th\u00e1i sinh ra v\u00e0 l\u1edbn l\u00ean \u1edf Th\u01b0\u1ee3ng H\u1ea3i, \u0111\u00e3 b\u1ed3i d\u01b0\u1ee1ng con c\u00e1i c\u1ee7a m\u00ecnh tr\u1edf th\u00e0nh tri\u1ec7u ph\u00fa.<\/p>\n<p>Do Th\u00e1i l\u00e0 m\u1ed9t d\u00e2n t\u1ed9c huy\u1ec1n b\u00ed, t\u1eebng xu\u1ea5t hi\u1ec7n nhi\u1ec1u tri\u1ebft gia v\u0129 \u0111\u1ea1i v\u00e0 doanh nh\u00e2n th\u00e0nh c\u00f4ng \u1edf kh\u1eafp m\u1ecdi n\u01a1i tr\u00ean th\u1ebf gi\u1edbi. M\u1eb7c d\u00f9 d\u00e2n s\u1ed1 kh\u00f4ng \u0111\u00f4ng nh\u01b0ng l\u1ea1i c\u00f3 ngu\u1ed3n s\u1ee9c m\u1ea1nh ti\u1ec1m \u1ea9n kh\u1ed5ng l\u1ed3, ch\u01b0a bi\u1ebft ch\u1eebng c\u00f2n n\u1eafm gi\u1eef huy\u1ebft m\u1ea1ch c\u1ee7a c\u1ea3 th\u1ebf gi\u1edbi.<\/p>\n<p>T\u00edch h\u1ee3p ph\u01b0\u01a1ng ph\u00e1p gi\u00e1o d\u1ee5c c\u1ee7a Trung Qu\u1ed1c v\u00e0 Do Th\u00e1i, Sara cho r\u1eb1ng: \u201cNg\u01b0\u1eddi n\u00e0o nu\u00f4ng chi\u1ec1u con c\u00e1i, \u1eaft c\u00f3 ng\u00e0y ng\u01b0\u1eddi \u0111\u00f3 ph\u1ea3i b\u0103ng b\u00f3 v\u1ebft th\u01b0\u01a1ng cho con. M\u1ec1m m\u1ecfng l\u00e0 h\u1ea1i, t\u00e0n nh\u1eabn l\u00e0 y\u00eau!\u201d B\u00e0 c\u0169ng v\u00ed von: \u201cM\u1ed9t s\u1ed1 cha m\u1eb9 Trung Qu\u1ed1c y\u00eau th\u01b0\u01a1ng con gi\u1ed1ng h\u00ecnh t\u1eed cung, c\u00f2n c\u00e1c b\u1eadc cha m\u1eb9 Do Th\u00e1i y\u00eau th\u01b0\u01a1ng con c\u00e1i nh\u01b0 h\u00ecnh \u0111\u1ed1ng l\u1eeda.\u201d<\/p>\n<p>Gi\u00e1o d\u1ee5c con c\u00e1i l\u00e0 m\u1ed9t m\u00f4n h\u1ecdc, m\u1ed9t ngh\u1ec7 thu\u1eadt, m\u00e0 t\u1ea5t c\u1ea3 m\u1ecdi ng\u01b0\u1eddi \u0111\u1ec1u ph\u1ea3i h\u1ecdc t\u1eadp. \u0110\u00e1ng th\u01b0\u01a1ng cho t\u1ea5m l\u00f2ng cha m\u1eb9 trong thi\u00ean h\u1ea1, n\u1ebfu kh\u00f4ng h\u1ecdc c\u00e1ch nu\u00f4i d\u1ea1y con \u0111\u00fang \u0111\u1eafn th\u00ec ch\u1eafc ch\u1eafn s\u1ebd chu\u1ed1c l\u1ea5y h\u1eadu qu\u1ea3 \u0111\u00e1ng s\u1ee3 v\u00e0 \u0111\u00e1ng h\u1eadn. \u201cCon mu\u1ed1n h\u1ecdc m\u00e0 cha m\u1eb9 kh\u00f4ng d\u1ea1y\u201d c\u0169ng bi th\u01b0\u01a1ng nh\u01b0 \u201ccon mu\u1ed1n nu\u00f4i, m\u00e0 cha m\u1eb9 ch\u1eb3ng c\u00f2n\u201d. V\u1eady cha m\u1eb9 c\u1ea7n d\u1ea1y d\u1ed7 con m\u1ed9t c\u00e1ch khoa h\u1ecdc nh\u01b0 th\u1ebf n\u00e0o? \u0110\u00f3 l\u00e0 m\u1ed9t c\u00e2u h\u1ecfi v\u00e0 c\u0169ng l\u00e0 m\u1ed9t v\u1ea5n \u0111\u1ec1 l\u1edbn c\u00f3 li\u00ean quan m\u1eadt thi\u1ebft \u0111\u1ebfn s\u1ef1 th\u00e0nh c\u00f4ng hay th\u1ea5t b\u1ea1i c\u1ee7a m\u1ed9t ng\u01b0\u1eddi v\u00e0 c\u0169ng nh\u01b0 s\u1ef1 h\u01b0ng th\u1ecbnh hay suy tho\u00e1i c\u1ee7a c\u1ea3 m\u1ed9t d\u00e2n t\u1ed9c.<\/p>\n","protected":false},"excerpt":{"rendered":"<p>V\u00f4 c\u00f9ng t\u00e0n nh\u1eabn v\u00f4 c\u00f9ng y\u00eau th\u01b0\u01a1ng l\u00e0 ch\u1ea5p b\u00fat c\u1ee7a m\u1ed9t b\u00e0 m\u1eb9 Do Th\u00e1i sinh ra v\u00e0 l\u1edbn l\u00ean \u1edf Th\u01b0\u1ee3ng H\u1ea3i, \u0111\u00e3 b\u1ed3i d\u01b0\u1ee1ng con c\u00e1i c\u1ee7a m\u00ecnh tr\u1edf th\u00e0nh tri\u1ec7u ph\u00fa.<\/p>\n<p>Do Th\u00e1i l\u00e0 m\u1ed9t d\u00e2n t\u1ed9c huy\u1ec1n b\u00ed, t\u1eebng xu\u1ea5t hi\u1ec7n nhi\u1ec1u tri\u1ebft gia v\u0129 \u0111\u1ea1i v\u00e0 doanh nh\u00e2n th\u00e0nh c\u00f4ng \u1edf kh\u1eafp m\u1ecdi n\u01a1i tr\u00ean th\u1ebf gi\u1edbi. M\u1eb7c d\u00f9 d\u00e2n s\u1ed1 kh\u00f4ng \u0111\u00f4ng nh\u01b0ng l\u1ea1i c\u00f3 ngu\u1ed3n s\u1ee9c m\u1ea1nh ti\u1ec1m \u1ea9n kh\u1ed5ng l\u1ed3, ch\u01b0a bi\u1ebft ch\u1eebng c\u00f2n n\u1eafm gi\u1eef huy\u1ebft m\u1ea1ch c\u1ee7a c\u1ea3 th\u1ebf gi\u1edbi.<\/p>\n<p>T\u00edch h\u1ee3p ph\u01b0\u01a1ng ph\u00e1p gi\u00e1o d\u1ee5c c\u1ee7a Trung Qu\u1ed1c v\u00e0 Do Th\u00e1i, Sara cho r\u1eb1ng: \u201cNg\u01b0\u1eddi n\u00e0o nu\u00f4ng chi\u1ec1u con c\u00e1i, \u1eaft c\u00f3 ng\u00e0y ng\u01b0\u1eddi \u0111\u00f3 ph\u1ea3i b\u0103ng b\u00f3 v\u1ebft th\u01b0\u01a1ng cho con. M\u1ec1m m\u1ecfng l\u00e0 h\u1ea1i, t\u00e0n nh\u1eabn l\u00e0 y\u00eau!\u201d B\u00e0 c\u0169ng v\u00ed von: \u201cM\u1ed9t s\u1ed1 cha m\u1eb9 Trung Qu\u1ed1c y\u00eau th\u01b0\u01a1ng con gi\u1ed1ng h\u00ecnh t\u1eed cung, c\u00f2n c\u00e1c b\u1eadc cha m\u1eb9 Do Th\u00e1i y\u00eau th\u01b0\u01a1ng con c\u00e1i nh\u01b0 h\u00ecnh \u0111\u1ed1ng l\u1eeda.\u201d<\/p>\n<p>Gi\u00e1o d\u1ee5c con c\u00e1i l\u00e0 m\u1ed9t m\u00f4n h\u1ecdc, m\u1ed9t ngh\u1ec7 thu\u1eadt, m\u00e0 t\u1ea5t c\u1ea3 m\u1ecdi ng\u01b0\u1eddi \u0111\u1ec1u ph\u1ea3i h\u1ecdc t\u1eadp. \u0110\u00e1ng th\u01b0\u01a1ng cho t\u1ea5m l\u00f2ng cha m\u1eb9 trong thi\u00ean h\u1ea1, n\u1ebfu kh\u00f4ng h\u1ecdc c\u00e1ch nu\u00f4i d\u1ea1y con \u0111\u00fang \u0111\u1eafn th\u00ec ch\u1eafc ch\u1eafn s\u1ebd chu\u1ed1c l\u1ea5y h\u1eadu qu\u1ea3 \u0111\u00e1ng s\u1ee3 v\u00e0 \u0111\u00e1ng h\u1eadn. \u201cCon mu\u1ed1n h\u1ecdc m\u00e0 cha m\u1eb9 kh\u00f4ng d\u1ea1y\u201d c\u0169ng bi th\u01b0\u01a1ng nh\u01b0 \u201ccon mu\u1ed1n nu\u00f4i, m\u00e0 cha m\u1eb9 ch\u1eb3ng c\u00f2n\u201d. V\u1eady cha m\u1eb9 c\u1ea7n d\u1ea1y d\u1ed7 con m\u1ed9t c\u00e1ch khoa h\u1ecdc nh\u01b0 th\u1ebf n\u00e0o? \u0110\u00f3 l\u00e0 m\u1ed9t c\u00e2u h\u1ecfi v\u00e0 c\u0169ng l\u00e0 m\u1ed9t v\u1ea5n \u0111\u1ec1 l\u1edbn c\u00f3 li\u00ean quan m\u1eadt thi\u1ebft \u0111\u1ebfn s\u1ef1 th\u00e0nh c\u00f4ng hay th\u1ea5t b\u1ea1i c\u1ee7a m\u1ed9t ng\u01b0\u1eddi v\u00e0 c\u0169ng nh\u01b0 s\u1ef1 h\u01b0ng th\u1ecbnh hay suy tho\u00e1i c\u1ee7a c\u1ea3 m\u1ed9t d\u00e2n t\u1ed9c.<\/p>\n","protected":false},"featured_media":9680,"template":"","meta":{"_acf_changed":false},"product_brand":[],"product_cat":[19],"product_tag":[],"class_list":{"0":"post-9689","1":"product","2":"type-product","3":"status-publish","4":"has-post-thumbnail","6":"product_cat-nuoi-day-con","8":"first","9":"outofstock","10":"taxable","11":"shipping-taxable","12":"purchasable","13":"product-type-simple"},"supplier_id":null,"supplier_sku":"","barcode":null,"atum_controlled":true,"out_stock_date":"2021-06-17 19:32:18","out_stock_threshold":null,"inheritable":false,"inbound_stock":0,"stock_on_hold":0,"sold_today":0,"sales_last_days":0,"reserved_stock":0,"customer_returns":0,"warehouse_damage":0,"lost_in_post":0,"other_logs":0,"out_stock_days":1686,"lost_sales":0,"has_location":false,"update_date":"2026-01-28T23:10:44","atum_locations":[],"atum_stock_status":"outofstock","restock_status":false,"low_stock_amount":"","sales_update_date":"2026-01-28T23:10:44","calc_backorders":null,"acf":{"publisher":{"ID":2817,"post_author":"1","post_date":"2021-02-27 00:00:35","post_date_gmt":"2021-02-26 22:00:35","post_content":"","post_title":"Alpha Books","post_excerpt":"","post_status":"publish","comment_status":"closed","ping_status":"closed","post_password":"","post_name":"alpha-books","to_ping":"","pinged":"","post_modified":"2021-02-27 00:00:35","post_modified_gmt":"2021-02-26 22:00:35","post_content_filtered":"","post_parent":0,"guid":"https:\/\/sachviet.eu\/nha-phat-hanh\/alpha-books\/","menu_order":0,"post_type":"publisher","post_mime_type":"","comment_count":"0","filter":"raw"}},"_links":{"self":[{"href":"https:\/\/sachviet.eu\/en\/wp-json\/wp\/v2\/product\/9689","targetHints":{"allow":["GET"]}}],"collection":[{"href":"https:\/\/sachviet.eu\/en\/wp-json\/wp\/v2\/product"}],"about":[{"href":"https:\/\/sachviet.eu\/en\/wp-json\/wp\/v2\/types\/product"}],"wp:featuredmedia":[{"embeddable":true,"href":"https:\/\/sachviet.eu\/en\/wp-json\/wp\/v2\/media\/9680"}],"wp:attachment":[{"href":"https:\/\/sachviet.eu\/en\/wp-json\/wp\/v2\/media?parent=9689"}],"wp:term":[{"taxonomy":"product_brand","embeddable":true,"href":"https:\/\/sachviet.eu\/en\/wp-json\/wp\/v2\/product_brand?post=9689"},{"taxonomy":"product_cat","embeddable":true,"href":"https:\/\/sachviet.eu\/en\/wp-json\/wp\/v2\/product_cat?post=9689"},{"taxonomy":"product_tag","embeddable":true,"href":"https:\/\/sachviet.eu\/en\/wp-json\/wp\/v2\/product_tag?post=9689"}],"curies":[{"name":"wp","href":"https:\/\/api.w.org\/{rel}","templated":true}]}}