{"id":9679,"date":"2021-06-02T01:31:27","date_gmt":"2021-06-01T22:31:27","guid":{"rendered":"https:\/\/sachviet.eu\/shop\/kheo-an-noi-se-co-duoc-long-thien-ha\/"},"modified":"2021-06-04T17:58:30","modified_gmt":"2021-06-04T14:58:30","slug":"kheo-an-noi-se-co-duoc-long-thien-ha","status":"publish","type":"product","link":"https:\/\/sachviet.eu\/en\/shop\/kheo-an-noi-se-co-duoc-long-thien-ha\/","title":{"rendered":"Kh\u00e9o \u0103n n\u00f3i s\u1ebd c\u00f3 \u0111\u01b0\u1ee3c l\u00f2ng thi\u00ean h\u1ea1"},"content":{"rendered":"<p>Kh\u00e9o \u0102n N\u00f3i S\u1ebd C\u00f3 \u0110\u01b0\u1ee3c Thi\u00ean H\u1ea1<\/p>\n<p>X\u00e3 h\u1ed9i hi\u1ec7n \u0111\u1ea1i, t\u1eeb xin vi\u1ec7c \u0111\u1ebfn th\u0103ng ch\u1ee9c, t\u1eeb t\u00ecnh y\u00eau \u0111\u1ebfn h\u00f4n nh\u00e2n, t\u1eeb giao l\u01b0u \u0111\u1ebfn h\u1ee3p t\u00e1c\u2026 kh\u00f4ng vi\u1ec7c g\u00ec kh\u00f4ng c\u1ea7n t\u00e0i \u0103n n\u00f3i.<\/p>\n<p>Kh\u00e9o \u0103n n\u00f3i gi\u1ed1ng nh\u01b0 s\u1edf h\u1eefu lo\u1ea1i \u201cd\u1ea7u b\u00f4i tr\u01a1n\u201d \u0111\u1ea3m b\u1ea3o c\u00e1c m\u1ed1i quan h\u1ec7 c\u1ee7a b\u1ea1n \u201cv\u1eadn h\u00e0nh\u201d tr\u01a1n tru. Kh\u00f4ng kh\u00e9o \u0103n n\u00f3i, g\u1eb7p chuy\u1ec7n nh\u1ecf m\u1eafc tr\u1edf ng\u1ea1i, g\u1eb7p chuy\u1ec7n l\u1edbn v\u1ea5p th\u1ea5t b\u1ea1i.<\/p>\n<p>L\u00e0m th\u1ebf n\u00e0o \u0111\u1ec3 n\u00f3i n\u0103ng tr\u00f4i ch\u1ea3y? L\u00e0m th\u1ebf n\u00e0o \u0111\u1ec3 n\u00f3i l\u1eddi \u201c\u0111i v\u00e0o l\u00f2ng ng\u01b0\u1eddi\u201d? Trong nh\u1eefng d\u1ecbp kh\u00e1c nhau, v\u1edbi nh\u1eefng ng\u01b0\u1eddi kh\u00e1c nhau, \u1edf nh\u1eefng t\u00ecnh hu\u1ed1ng kh\u00f4ng gi\u1ed1ng nhau\u2026 c\u00f3 cu\u1ed1n s\u00e1ch n\u00e0y g\u1ee3i \u00fd, b\u1ea1n s\u1ebd th\u00e0nh ng\u01b0\u1eddi kh\u00e9o \u0103n n\u00f3i.<\/p>\n","protected":false},"excerpt":{"rendered":"<p>Kh\u00e9o \u0102n N\u00f3i S\u1ebd C\u00f3 \u0110\u01b0\u1ee3c Thi\u00ean H\u1ea1<\/p>\n<p>X\u00e3 h\u1ed9i hi\u1ec7n \u0111\u1ea1i, t\u1eeb xin vi\u1ec7c \u0111\u1ebfn th\u0103ng ch\u1ee9c, t\u1eeb t\u00ecnh y\u00eau \u0111\u1ebfn h\u00f4n nh\u00e2n, t\u1eeb giao l\u01b0u \u0111\u1ebfn h\u1ee3p t\u00e1c\u2026 kh\u00f4ng vi\u1ec7c g\u00ec kh\u00f4ng c\u1ea7n t\u00e0i \u0103n n\u00f3i.<\/p>\n<p>Kh\u00e9o \u0103n n\u00f3i gi\u1ed1ng nh\u01b0 s\u1edf h\u1eefu lo\u1ea1i \u201cd\u1ea7u b\u00f4i tr\u01a1n\u201d \u0111\u1ea3m b\u1ea3o c\u00e1c m\u1ed1i quan h\u1ec7 c\u1ee7a b\u1ea1n \u201cv\u1eadn h\u00e0nh\u201d tr\u01a1n tru. Kh\u00f4ng kh\u00e9o \u0103n n\u00f3i, g\u1eb7p chuy\u1ec7n nh\u1ecf m\u1eafc tr\u1edf ng\u1ea1i, g\u1eb7p chuy\u1ec7n l\u1edbn v\u1ea5p th\u1ea5t b\u1ea1i.<\/p>\n<p>L\u00e0m th\u1ebf n\u00e0o \u0111\u1ec3 n\u00f3i n\u0103ng tr\u00f4i ch\u1ea3y? L\u00e0m th\u1ebf n\u00e0o \u0111\u1ec3 n\u00f3i l\u1eddi \u201c\u0111i v\u00e0o l\u00f2ng ng\u01b0\u1eddi\u201d? Trong nh\u1eefng d\u1ecbp kh\u00e1c nhau, v\u1edbi nh\u1eefng ng\u01b0\u1eddi kh\u00e1c nhau, \u1edf nh\u1eefng t\u00ecnh hu\u1ed1ng kh\u00f4ng gi\u1ed1ng nhau\u2026 c\u00f3 cu\u1ed1n s\u00e1ch n\u00e0y g\u1ee3i \u00fd, b\u1ea1n s\u1ebd th\u00e0nh ng\u01b0\u1eddi kh\u00e9o \u0103n n\u00f3i.<\/p>\n","protected":false},"featured_media":9668,"template":"","meta":{"_acf_changed":false},"product_brand":[],"product_cat":[15,46],"product_tag":[],"class_list":{"0":"post-9679","1":"product","2":"type-product","3":"status-publish","4":"has-post-thumbnail","6":"product_cat-sach-danh-cho-nguoi-lon","7":"product_cat-ky-nang-song","9":"first","10":"outofstock","11":"taxable","12":"shipping-taxable","13":"purchasable","14":"product-type-simple"},"supplier_id":null,"supplier_sku":"","barcode":null,"atum_controlled":true,"out_stock_date":"2021-06-04 14:58:30","out_stock_threshold":null,"inheritable":false,"inbound_stock":0,"stock_on_hold":0,"sold_today":0,"sales_last_days":0,"reserved_stock":0,"customer_returns":0,"warehouse_damage":0,"lost_in_post":0,"other_logs":0,"out_stock_days":1699,"lost_sales":0,"has_location":false,"update_date":"2026-01-28T23:10:44","atum_locations":[],"atum_stock_status":"outofstock","restock_status":false,"low_stock_amount":"","sales_update_date":"2026-01-28T23:10:44","calc_backorders":null,"acf":{"publisher":{"ID":9667,"post_author":"1","post_date":"2021-06-02 01:30:53","post_date_gmt":"2021-06-01 22:30:53","post_content":"","post_title":"Minh Long","post_excerpt":"","post_status":"publish","comment_status":"closed","ping_status":"closed","post_password":"","post_name":"minh-long","to_ping":"","pinged":"","post_modified":"2021-06-02 01:30:53","post_modified_gmt":"2021-06-01 22:30:53","post_content_filtered":"","post_parent":0,"guid":"https:\/\/sachviet.eu\/nha-phat-hanh\/minh-long\/","menu_order":0,"post_type":"publisher","post_mime_type":"","comment_count":"0","filter":"raw"}},"_links":{"self":[{"href":"https:\/\/sachviet.eu\/en\/wp-json\/wp\/v2\/product\/9679","targetHints":{"allow":["GET"]}}],"collection":[{"href":"https:\/\/sachviet.eu\/en\/wp-json\/wp\/v2\/product"}],"about":[{"href":"https:\/\/sachviet.eu\/en\/wp-json\/wp\/v2\/types\/product"}],"wp:featuredmedia":[{"embeddable":true,"href":"https:\/\/sachviet.eu\/en\/wp-json\/wp\/v2\/media\/9668"}],"wp:attachment":[{"href":"https:\/\/sachviet.eu\/en\/wp-json\/wp\/v2\/media?parent=9679"}],"wp:term":[{"taxonomy":"product_brand","embeddable":true,"href":"https:\/\/sachviet.eu\/en\/wp-json\/wp\/v2\/product_brand?post=9679"},{"taxonomy":"product_cat","embeddable":true,"href":"https:\/\/sachviet.eu\/en\/wp-json\/wp\/v2\/product_cat?post=9679"},{"taxonomy":"product_tag","embeddable":true,"href":"https:\/\/sachviet.eu\/en\/wp-json\/wp\/v2\/product_tag?post=9679"}],"curies":[{"name":"wp","href":"https:\/\/api.w.org\/{rel}","templated":true}]}}