{"id":9666,"date":"2021-06-02T01:30:50","date_gmt":"2021-06-01T22:30:50","guid":{"rendered":"https:\/\/sachviet.eu\/shop\/tap-van-nguyen-ngoc-tu\/"},"modified":"2021-08-08T15:34:11","modified_gmt":"2021-08-08T12:34:11","slug":"tap-van-nguyen-ngoc-tu","status":"publish","type":"product","link":"https:\/\/sachviet.eu\/en\/shop\/tap-van-nguyen-ngoc-tu\/","title":{"rendered":"T\u1ea1p v\u0103n Nguy\u1ec5n Ng\u1ecdc T\u01b0"},"content":{"rendered":"<p>&#8220;T\u1ea1p v\u0103n Nguy\u1ec5n Ng\u1ecdc T\u01b0&#8221; khi\u1ebfn cho ng\u01b0\u1eddi ta th\u1ea5y r\u1eb1ng nh\u00e0 v\u0103n tr\u1ebb c\u00f3 th\u1ec3 bi\u1ebfn m\u1ecdi \u0111\u1ec1 t\u00e0i &#8220;t\u1ea7m th\u01b0\u1eddng&#8221; tr\u1edf th\u00e0nh th\u1eddi s\u1ef1. \u1ea8n sau &#8220;gi\u1ecdng n\u00f3i&#8221; trong tr\u1ebbo, duy\u00ean d\u00e1ng c\u1ee7a m\u1ed9t c\u00f4 g\u00e1i l\u00e0 s\u1ef1 tr\u1ea3i nghi\u1ec7m v\u1ec1 th\u1eddi cu\u1ed9c, \u0111\u1eddi s\u1ed1ng d\u00e2n d\u00e3 v\u00e0 chi\u1ec1u s\u00e2u v\u0103n ho\u00e1 c\u1ee7a v\u00f9ng \u0111\u1ea5t c\u1ef1c Nam T\u1ed5 qu\u1ed1c&#8230; NXB Tr\u1ebb tr\u00e2n tr\u1ecdng gi\u1edbi thi\u1ec7u c\u00f9ng b\u1ea1n \u0111\u1ecdc.<\/p>\n","protected":false},"excerpt":{"rendered":"<p>&#8220;T\u1ea1p v\u0103n Nguy\u1ec5n Ng\u1ecdc T\u01b0&#8221; khi\u1ebfn cho ng\u01b0\u1eddi ta th\u1ea5y r\u1eb1ng nh\u00e0 v\u0103n tr\u1ebb c\u00f3 th\u1ec3 bi\u1ebfn m\u1ecdi \u0111\u1ec1 t\u00e0i &#8220;t\u1ea7m th\u01b0\u1eddng&#8221; tr\u1edf th\u00e0nh th\u1eddi s\u1ef1. \u1ea8n sau &#8220;gi\u1ecdng n\u00f3i&#8221; trong tr\u1ebbo, duy\u00ean d\u00e1ng c\u1ee7a m\u1ed9t c\u00f4 g\u00e1i l\u00e0 s\u1ef1 tr\u1ea3i nghi\u1ec7m v\u1ec1 th\u1eddi cu\u1ed9c, \u0111\u1eddi s\u1ed1ng d\u00e2n d\u00e3 v\u00e0 chi\u1ec1u s\u00e2u v\u0103n ho\u00e1 c\u1ee7a v\u00f9ng \u0111\u1ea5t c\u1ef1c Nam T\u1ed5 qu\u1ed1c&#8230; NXB Tr\u1ebb tr\u00e2n tr\u1ecdng gi\u1edbi thi\u1ec7u c\u00f9ng b\u1ea1n \u0111\u1ecdc.<\/p>\n","protected":false},"featured_media":9665,"template":"","meta":{"_acf_changed":false},"product_brand":[],"product_cat":[15,47],"product_tag":[],"class_list":{"0":"post-9666","1":"product","2":"type-product","3":"status-publish","4":"has-post-thumbnail","6":"product_cat-sach-danh-cho-nguoi-lon","7":"product_cat-truyen-ngan-tan-van","9":"first","10":"outofstock","11":"taxable","12":"shipping-taxable","13":"purchasable","14":"product-type-simple"},"supplier_id":null,"supplier_sku":"","barcode":null,"atum_controlled":true,"out_stock_date":"2021-08-08 12:34:12","out_stock_threshold":null,"inheritable":false,"inbound_stock":0,"stock_on_hold":0,"sold_today":0,"sales_last_days":0,"reserved_stock":0,"customer_returns":0,"warehouse_damage":0,"lost_in_post":0,"other_logs":0,"out_stock_days":1634,"lost_sales":0,"has_location":false,"update_date":"2026-01-28T23:10:44","atum_locations":[],"atum_stock_status":"outofstock","restock_status":false,"low_stock_amount":"","sales_update_date":"2026-01-28T23:10:44","calc_backorders":null,"acf":{"publisher":{"ID":1517,"post_author":"1","post_date":"2021-02-17 01:14:41","post_date_gmt":"2021-02-16 23:14:41","post_content":"","post_title":"NXB Tr\u1ebb","post_excerpt":"","post_status":"publish","comment_status":"closed","ping_status":"closed","post_password":"","post_name":"nxb-tre","to_ping":"","pinged":"","post_modified":"2021-02-17 01:14:41","post_modified_gmt":"2021-02-16 23:14:41","post_content_filtered":"","post_parent":0,"guid":"https:\/\/sachviet.eu\/nha-phat-hanh\/nxb-tre\/","menu_order":0,"post_type":"publisher","post_mime_type":"","comment_count":"0","filter":"raw"}},"_links":{"self":[{"href":"https:\/\/sachviet.eu\/en\/wp-json\/wp\/v2\/product\/9666","targetHints":{"allow":["GET"]}}],"collection":[{"href":"https:\/\/sachviet.eu\/en\/wp-json\/wp\/v2\/product"}],"about":[{"href":"https:\/\/sachviet.eu\/en\/wp-json\/wp\/v2\/types\/product"}],"wp:featuredmedia":[{"embeddable":true,"href":"https:\/\/sachviet.eu\/en\/wp-json\/wp\/v2\/media\/9665"}],"wp:attachment":[{"href":"https:\/\/sachviet.eu\/en\/wp-json\/wp\/v2\/media?parent=9666"}],"wp:term":[{"taxonomy":"product_brand","embeddable":true,"href":"https:\/\/sachviet.eu\/en\/wp-json\/wp\/v2\/product_brand?post=9666"},{"taxonomy":"product_cat","embeddable":true,"href":"https:\/\/sachviet.eu\/en\/wp-json\/wp\/v2\/product_cat?post=9666"},{"taxonomy":"product_tag","embeddable":true,"href":"https:\/\/sachviet.eu\/en\/wp-json\/wp\/v2\/product_tag?post=9666"}],"curies":[{"name":"wp","href":"https:\/\/api.w.org\/{rel}","templated":true}]}}