{"id":9664,"date":"2021-06-02T01:30:44","date_gmt":"2021-06-01T22:30:44","guid":{"rendered":"https:\/\/sachviet.eu\/shop\/chuyen-di-dao-cua-co-ga-mai-rosie-rosies-walk\/"},"modified":"2024-08-11T22:15:14","modified_gmt":"2024-08-11T19:15:14","slug":"chuyen-di-dao-cua-co-ga-mai-rosie-rosies-walk","status":"publish","type":"product","link":"https:\/\/sachviet.eu\/en\/shop\/chuyen-di-dao-cua-co-ga-mai-rosie-rosies-walk\/","title":{"rendered":"Chuy\u1ebfn \u0110i D\u1ea1o C\u1ee7a C\u00f4 G\u00e0 M\u00e1i Rosie \u2013 Rosie\u2019s Walk"},"content":{"rendered":"<p>C\u00f4 g\u00e0 m\u00e1i Rosie r\u1eddi kh\u1ecfi chu\u1ed3ng v\u00e0 l\u00ean \u0111\u01b0\u1eddng \u0111i d\u1ea1o. \u0110i theo sau c\u00f4 l\u00e0 m\u1ed9t con c\u00e1o ranh m\u00e3nh lu\u00f4n r\u00ecnh r\u1eadp nh\u01b0ng Rosie kh\u00f4ng h\u1ec1 hay bi\u1ebft. Chuy\u1ebfn \u0111i d\u1ea1o c\u1ee7a Rosie v\u1eabn di\u1ec5n ra nh\u1eb9 nh\u00e0ng, b\u00ecnh y\u00ean, cu\u1ed1i c\u00f9ng c\u00f4 tr\u1edf v\u1ec1 chu\u1ed3ng an to\u00e0n v\u00e0 k\u1ecbp gi\u1edd \u0103n t\u1ed1i.  <\/p>\n<p>\u0110\u01b0\u1ee3c \u0111\u00e1nh gi\u00e1 l\u00e0 m\u1ed9t v\u1edf k\u1ecbch c\u00e2m h\u00e0i h\u01b0\u1edbc v\u00e0 vui nh\u1ed9n, \u201cChuy\u1ebfn \u0111i d\u1ea1o c\u1ee7a c\u00f4 g\u00e0 m\u00e1i Rosie\u201d s\u1ebd mang ti\u1ebfng c\u01b0\u1eddi \u0111\u1ebfn cho c\u00e1c em nh\u1ecf. C\u00f9ng v\u1edbi \u0111\u00f3, t\u00e1c ph\u1ea9m n\u00e0y c\u00f2n mang \u0111\u1ebfn gi\u00e1 tr\u1ecb nh\u00e2n v\u0103n s\u00e2u s\u1eafc: \u1edf hi\u1ec1n g\u1eb7p l\u00e0nh th\u00f4ng qua c\u00e1ch k\u1ec3 chuy\u1ec7n \u0111\u01a1n gi\u1ea3n b\u1eb1ng h\u00ecnh \u1ea3nh m\u00e0 kh\u00f4ng c\u1ea7n l\u1eddi tho\u1ea1i.<\/p>\n<p>Trong cu\u1ed1n s\u00e1ch song ng\u1eef n\u00e0y, l\u1eddi k\u1ec3 chuy\u1ec7n tuy \u0111\u01a1n gi\u1ea3n nh\u01b0ng s\u1eed d\u1ee5ng m\u1eabu c\u00e2u phong ph\u00fa v\u00e0 minh h\u1ecda sinh \u0111\u1ed9ng, \u0111\u1eb9p m\u1eaft s\u1ebd gi\u00fap b\u00e9 h\u1ecdc ti\u1ebfng Anh hi\u1ec7u qu\u1ea3.<\/p>\n<p>&#8220;Chuy\u1ebfn \u0111i d\u1ea1o c\u1ee7a c\u00f4 g\u00e0 m\u00e1i Rosie&#8221; c\u1ee7a t\u00e1c gi\u1ea3 Pat Hutchins \u2013 ng\u01b0\u1eddi \u0111\u01b0\u1ee3c nh\u1eadn x\u00e9t l\u00e0 sinh ra \u0111\u1ec3 minh h\u1ecda cho c\u00e1c cu\u1ed1n s\u00e1ch tranh, s\u1ebd l\u00e0 m\u1ed9t cu\u1ed1n s\u00e1ch tuy\u1ec7t v\u1eddi cho c\u00e1c b\u00e9 t\u1eeb 0-6 tu\u1ed5i.<\/p>\n","protected":false},"excerpt":{"rendered":"<p>C\u00f4 g\u00e0 m\u00e1i Rosie r\u1eddi kh\u1ecfi chu\u1ed3ng v\u00e0 l\u00ean \u0111\u01b0\u1eddng \u0111i d\u1ea1o. \u0110i theo sau c\u00f4 l\u00e0 m\u1ed9t con c\u00e1o ranh m\u00e3nh lu\u00f4n r\u00ecnh r\u1eadp nh\u01b0ng Rosie kh\u00f4ng h\u1ec1 hay bi\u1ebft. Chuy\u1ebfn \u0111i d\u1ea1o c\u1ee7a Rosie v\u1eabn di\u1ec5n ra nh\u1eb9 nh\u00e0ng, b\u00ecnh y\u00ean, cu\u1ed1i c\u00f9ng c\u00f4 tr\u1edf v\u1ec1 chu\u1ed3ng an to\u00e0n v\u00e0 k\u1ecbp gi\u1edd \u0103n t\u1ed1i.  <\/p>\n<p>\u0110\u01b0\u1ee3c \u0111\u00e1nh gi\u00e1 l\u00e0 m\u1ed9t v\u1edf k\u1ecbch c\u00e2m h\u00e0i h\u01b0\u1edbc v\u00e0 vui nh\u1ed9n, \u201cChuy\u1ebfn \u0111i d\u1ea1o c\u1ee7a c\u00f4 g\u00e0 m\u00e1i Rosie\u201d s\u1ebd mang ti\u1ebfng c\u01b0\u1eddi \u0111\u1ebfn cho c\u00e1c em nh\u1ecf. C\u00f9ng v\u1edbi \u0111\u00f3, t\u00e1c ph\u1ea9m n\u00e0y c\u00f2n mang \u0111\u1ebfn gi\u00e1 tr\u1ecb nh\u00e2n v\u0103n s\u00e2u s\u1eafc: \u1edf hi\u1ec1n g\u1eb7p l\u00e0nh th\u00f4ng qua c\u00e1ch k\u1ec3 chuy\u1ec7n \u0111\u01a1n gi\u1ea3n b\u1eb1ng h\u00ecnh \u1ea3nh m\u00e0 kh\u00f4ng c\u1ea7n l\u1eddi tho\u1ea1i.<\/p>\n<p>Trong cu\u1ed1n s\u00e1ch song ng\u1eef n\u00e0y, l\u1eddi k\u1ec3 chuy\u1ec7n tuy \u0111\u01a1n gi\u1ea3n nh\u01b0ng s\u1eed d\u1ee5ng m\u1eabu c\u00e2u phong ph\u00fa v\u00e0 minh h\u1ecda sinh \u0111\u1ed9ng, \u0111\u1eb9p m\u1eaft s\u1ebd gi\u00fap b\u00e9 h\u1ecdc ti\u1ebfng Anh hi\u1ec7u qu\u1ea3.<\/p>\n<p>&#8220;Chuy\u1ebfn \u0111i d\u1ea1o c\u1ee7a c\u00f4 g\u00e0 m\u00e1i Rosie&#8221; c\u1ee7a t\u00e1c gi\u1ea3 Pat Hutchins \u2013 ng\u01b0\u1eddi \u0111\u01b0\u1ee3c nh\u1eadn x\u00e9t l\u00e0 sinh ra \u0111\u1ec3 minh h\u1ecda cho c\u00e1c cu\u1ed1n s\u00e1ch tranh, s\u1ebd l\u00e0 m\u1ed9t cu\u1ed1n s\u00e1ch tuy\u1ec7t v\u1eddi cho c\u00e1c b\u00e9 t\u1eeb 0-6 tu\u1ed5i.<\/p>\n","protected":false},"featured_media":9657,"template":"","meta":{"_acf_changed":false},"product_brand":[],"product_cat":[24,25,17,39],"product_tag":[],"class_list":{"0":"post-9664","1":"product","2":"type-product","3":"status-publish","4":"has-post-thumbnail","6":"product_cat-nha-tre-mau-giao-0-tuoi-6-tuoi","7":"product_cat-nhi-dong-6-tuoi-12-tuoi","8":"product_cat-sach-danh-cho-cac-be","9":"product_cat-sach-song-ngu-anh-viet","11":"first","12":"instock","13":"taxable","14":"shipping-taxable","15":"purchasable","16":"product-type-simple"},"supplier_id":null,"supplier_sku":"","barcode":null,"atum_controlled":true,"out_stock_date":null,"out_stock_threshold":null,"inheritable":false,"inbound_stock":3,"stock_on_hold":0,"sold_today":0,"sales_last_days":0,"reserved_stock":0,"customer_returns":0,"warehouse_damage":0,"lost_in_post":0,"other_logs":0,"out_stock_days":0,"lost_sales":0,"has_location":false,"update_date":"2026-01-28T23:11:19","atum_locations":[],"atum_stock_status":"instock","restock_status":false,"low_stock_amount":"","sales_update_date":"2026-01-28T23:11:19","calc_backorders":null,"acf":{"publisher":{"ID":1453,"post_author":"1","post_date":"2021-02-17 01:11:32","post_date_gmt":"2021-02-16 23:11:32","post_content":"<!-- wp:flatsome\/uxbuilder -->\n<h1 style=\"text-align: center;\"><strong>Qu\u1ea3ng V\u0103n<\/strong><\/h1>\n[row]\n\n[col span=\"6\" span__sm=\"12\"]\n\n[ux_image id=\"1552\" image_size=\"medium\"]\n\n\n[\/col]\n[col span=\"6\" span__sm=\"12\"]\n\n<p><strong>Quangvanbooks<\/strong><br \/>Qu\u1ea3ng V\u0103n l\u00e0 t\u1ed5 h\u1ee3p xu\u1ea5t b\u1ea3n, gi\u00e1o d\u1ee5c v\u00e0 nh\u01b0\u1ee3ng quy\u1ec1n h\u00e0ng \u0111\u1ea7u trong ng\u00e0nh c\u00f4ng nghi\u1ec7p s\u00e1ng t\u1ea1o v\u1edbi c\u00e1c th\u01b0\u01a1ng hi\u1ec7u nh\u00e1nh:<\/p>\n<p>Quangvanbooks - Th\u01b0\u01a1ng hi\u1ec7u s\u00e1ch v\u0103n h\u00f3a gi\u00e1o d\u1ee5c v\u00e0 v\u0103n h\u00f3a gi\u1ea3i tr\u00ed<br \/>Ehomebooks - Th\u01b0\u01a1ng hi\u1ec7u s\u00e1ch gi\u00e1o d\u1ee5c gia \u0111\u00ecnh<br \/>Sakurabooks - Th\u01b0\u01a1ng hi\u1ec7u s\u00e1ch Nh\u1eadt B\u1ea3n<br \/>IPERbooks - Th\u01b0\u01a1ng hi\u1ec7u s\u00e1ch gi\u00e1o d\u1ee5c nh\u00e0 tr\u01b0\u1eddng<br \/>IPER - Vi\u1ec7n nghi\u00ean c\u1ee9u xu\u1ea5t b\u1ea3n v\u00e0 gi\u00e1o d\u1ee5c IPER<\/p>\n<p><strong>T\u1ea7m nh\u00ecn<\/strong><br \/>Tr\u1edf th\u00e0nh th\u01b0\u01a1ng hi\u1ec7u s\u00e1ch v\u0103n h\u00f3a gi\u00e1o d\u1ee5c v\u00e0 v\u0103n h\u00f3a gi\u1ea3i tr\u00ed t\u1ed1t nh\u1ea5t v\u00e0 \u0111a d\u1ea1ng nh\u1ea5t Vi\u1ec7t Nam.<\/p>\n<p><br \/><strong>S\u1ee9 m\u1ec7nh<\/strong><br \/>Mang \u0111\u1ebfn nh\u1eefng cu\u1ed1n s\u00e1ch v\u0103n h\u00f3a gi\u00e1o d\u1ee5c v\u00e0 v\u0103n h\u00f3a gi\u1ea3i tr\u00ed \u0111\u1ebfn v\u1edbi \u0111\u1ed9c gi\u1ea3 Vi\u1ec7t Nam v\u00e0 th\u1ebf gi\u1edbi nh\u1eb1m gi\u00fap \u0111\u1ed9c gi\u1ea3 ph\u00e1t tri\u1ec3n b\u1ea3n th\u00e2n, gi\u00e1o d\u1ee5c, gi\u1ea3i tr\u00ed v\u00e0 khai s\u00e1ng nh\u1eb1m x\u00e2y d\u1ef1ng x\u00e3 h\u1ed9i th\u1ecbnh v\u01b0\u1ee3ng, h\u1ea1nh ph\u00fac.<\/p>\n<p><strong>Gi\u00e1 tr\u1ecb c\u1ed1t l\u00f5i<\/strong><\/p>\n<p>S\u00e1ng t\u1ea1o - Linh ho\u1ea1t - H\u1ee3p t\u00e1c - Ch\u00ednh tr\u1ef1c - Nhi\u1ec7t huy\u1ebft - C\u00e2n b\u1eb1ng - H\u1ea1nh ph\u00fac<\/p>\n\n[\/col]\n\n[\/row]\n\n<!-- \/wp:flatsome\/uxbuilder -->","post_title":"Qu\u1ea3ng V\u0103n","post_excerpt":"","post_status":"publish","comment_status":"closed","ping_status":"closed","post_password":"","post_name":"quang-van","to_ping":"","pinged":"","post_modified":"2021-02-17 01:26:44","post_modified_gmt":"2021-02-16 23:26:44","post_content_filtered":"","post_parent":0,"guid":"https:\/\/sachviet.eu\/nha-phat-hanh\/quang-van\/","menu_order":0,"post_type":"publisher","post_mime_type":"","comment_count":"0","filter":"raw"}},"_links":{"self":[{"href":"https:\/\/sachviet.eu\/en\/wp-json\/wp\/v2\/product\/9664","targetHints":{"allow":["GET"]}}],"collection":[{"href":"https:\/\/sachviet.eu\/en\/wp-json\/wp\/v2\/product"}],"about":[{"href":"https:\/\/sachviet.eu\/en\/wp-json\/wp\/v2\/types\/product"}],"wp:featuredmedia":[{"embeddable":true,"href":"https:\/\/sachviet.eu\/en\/wp-json\/wp\/v2\/media\/9657"}],"wp:attachment":[{"href":"https:\/\/sachviet.eu\/en\/wp-json\/wp\/v2\/media?parent=9664"}],"wp:term":[{"taxonomy":"product_brand","embeddable":true,"href":"https:\/\/sachviet.eu\/en\/wp-json\/wp\/v2\/product_brand?post=9664"},{"taxonomy":"product_cat","embeddable":true,"href":"https:\/\/sachviet.eu\/en\/wp-json\/wp\/v2\/product_cat?post=9664"},{"taxonomy":"product_tag","embeddable":true,"href":"https:\/\/sachviet.eu\/en\/wp-json\/wp\/v2\/product_tag?post=9664"}],"curies":[{"name":"wp","href":"https:\/\/api.w.org\/{rel}","templated":true}]}}