{"id":9656,"date":"2021-06-02T01:30:22","date_gmt":"2021-06-01T22:30:22","guid":{"rendered":"https:\/\/sachviet.eu\/shop\/ai-cung-nhin-thay-chu-meo-they-all-saw-a-cat\/"},"modified":"2025-03-19T16:03:51","modified_gmt":"2025-03-19T14:03:51","slug":"ai-cung-nhin-thay-chu-meo-they-all-saw-a-cat","status":"publish","type":"product","link":"https:\/\/sachviet.eu\/en\/shop\/ai-cung-nhin-thay-chu-meo-they-all-saw-a-cat\/","title":{"rendered":"Ai C\u0169ng Nh\u00ecn Th\u1ea5y Ch\u00fa M\u00e8o \u2013 They All Saw A Cat"},"content":{"rendered":"<p>C\u00f3 m\u1ed9t ch\u00fa m\u00e8o \u0111i kh\u1eafp th\u1ebf gian, c\u00e1c b\u00e9 s\u1ebd nh\u00ecn th\u1ea5y ch\u00fa m\u00e8o v\u1edbi b\u1ed9 r\u00e2u, \u0111\u00f4i tai v\u00e0 \u0111\u00f4i ch\u00e2n c\u1ee7a ch\u00fa. Nh\u01b0ng&#8230; M\u1ed9t b\u1ea1n ch\u00f3 s\u1ebd nh\u00ecn th\u1ea5y ch\u00fa m\u00e8o tr\u00f4ng nh\u01b0 th\u1ebf n\u00e0o? Ch\u1eafc ch\u1eafn s\u1ebd kh\u00e1c v\u1edbi h\u00ecnh \u1ea3nh ch\u00fa m\u00e8o m\u00e0 b\u1ea1n c\u00e1, b\u1ea1n chu\u1ed9t hay b\u1ea1n ong nh\u00ecn th\u1ea5y r\u1ed3i.<\/p>\n<p>Nh\u01b0ng c\u00e1c b\u00e9 c\u00f3 bi\u1ebft trong m\u1eaft c\u00e1c lo\u00e0i \u0111\u1ed9ng v\u1eadt h\u00ecnh \u1ea3nh ch\u00fa m\u00e8o s\u1ebd kh\u00e1c nhau nh\u01b0 th\u1ebf n\u00e0o kh\u00f4ng? C\u00e2u tr\u1ea3 l\u1eddi b\u1ea5t ng\u1edd s\u1ebd c\u00f3 trong cu\u1ed1n s\u00e1ch \u201cAi c\u0169ng nh\u00ecn th\u1ea5y ch\u00fa m\u00e8o \u2013 They all saw a cat\u201d \u2013 Cu\u1ed1n s\u00e1ch tranh song ng\u1eef tuy\u1ec7t v\u1eddi m\u00f4 t\u1ea3 th\u1ebf gi\u1edbi qua \u0111\u00f4i m\u1eaft tr\u1ebb th\u01a1.<\/p>\n<p>Cu\u1ed1n s\u00e1ch n\u00e0y s\u1ebd \u0111\u1ec1 cao s\u1ef1 quan s\u00e1t, tr\u00ed t\u00f2 m\u00f2 v\u00e0 s\u1ee9c t\u01b0\u1edfng t\u01b0\u1ee3ng c\u1ee7a c\u00e1c b\u00e9. T\u00e1c gi\u1ea3 \u0111\u00e3 gi\u00fap \u0111\u1ed9c gi\u1ea3 th\u1ea5y \u0111\u01b0\u1ee3c mu\u00f4n h\u00ecnh mu\u00f4n v\u1ebb c\u1ee7a m\u1ed9t ch\u00fa m\u00e8o, c\u0169ng nh\u01b0 hi\u1ec3u \u0111\u01b0\u1ee3c r\u1eb1ng nh\u1eefng th\u1ee9 ta nh\u00ecn th\u1ea5y s\u1ebd thay \u0111\u1ed5i t\u00f9y theo g\u00f3c nh\u00ecn c\u1ee7a ch\u00fang ta<\/p>\n","protected":false},"excerpt":{"rendered":"<p>C\u00f3 m\u1ed9t ch\u00fa m\u00e8o \u0111i kh\u1eafp th\u1ebf gian, c\u00e1c b\u00e9 s\u1ebd nh\u00ecn th\u1ea5y ch\u00fa m\u00e8o v\u1edbi b\u1ed9 r\u00e2u, \u0111\u00f4i tai v\u00e0 \u0111\u00f4i ch\u00e2n c\u1ee7a ch\u00fa. Nh\u01b0ng&#8230; M\u1ed9t b\u1ea1n ch\u00f3 s\u1ebd nh\u00ecn th\u1ea5y ch\u00fa m\u00e8o tr\u00f4ng nh\u01b0 th\u1ebf n\u00e0o? Ch\u1eafc ch\u1eafn s\u1ebd kh\u00e1c v\u1edbi h\u00ecnh \u1ea3nh ch\u00fa m\u00e8o m\u00e0 b\u1ea1n c\u00e1, b\u1ea1n chu\u1ed9t hay b\u1ea1n ong nh\u00ecn th\u1ea5y r\u1ed3i.<\/p>\n<p>Nh\u01b0ng c\u00e1c b\u00e9 c\u00f3 bi\u1ebft trong m\u1eaft c\u00e1c lo\u00e0i \u0111\u1ed9ng v\u1eadt h\u00ecnh \u1ea3nh ch\u00fa m\u00e8o s\u1ebd kh\u00e1c nhau nh\u01b0 th\u1ebf n\u00e0o kh\u00f4ng? C\u00e2u tr\u1ea3 l\u1eddi b\u1ea5t ng\u1edd s\u1ebd c\u00f3 trong cu\u1ed1n s\u00e1ch \u201cAi c\u0169ng nh\u00ecn th\u1ea5y ch\u00fa m\u00e8o \u2013 They all saw a cat\u201d \u2013 Cu\u1ed1n s\u00e1ch tranh song ng\u1eef tuy\u1ec7t v\u1eddi m\u00f4 t\u1ea3 th\u1ebf gi\u1edbi qua \u0111\u00f4i m\u1eaft tr\u1ebb th\u01a1.<\/p>\n<p>Cu\u1ed1n s\u00e1ch n\u00e0y s\u1ebd \u0111\u1ec1 cao s\u1ef1 quan s\u00e1t, tr\u00ed t\u00f2 m\u00f2 v\u00e0 s\u1ee9c t\u01b0\u1edfng t\u01b0\u1ee3ng c\u1ee7a c\u00e1c b\u00e9. T\u00e1c gi\u1ea3 \u0111\u00e3 gi\u00fap \u0111\u1ed9c gi\u1ea3 th\u1ea5y \u0111\u01b0\u1ee3c mu\u00f4n h\u00ecnh mu\u00f4n v\u1ebb c\u1ee7a m\u1ed9t ch\u00fa m\u00e8o, c\u0169ng nh\u01b0 hi\u1ec3u \u0111\u01b0\u1ee3c r\u1eb1ng nh\u1eefng th\u1ee9 ta nh\u00ecn th\u1ea5y s\u1ebd thay \u0111\u1ed5i t\u00f9y theo g\u00f3c nh\u00ecn c\u1ee7a ch\u00fang ta<\/p>\n","protected":false},"featured_media":9646,"template":"","meta":{"_acf_changed":false},"product_brand":[],"product_cat":[24,25,17,39],"product_tag":[],"class_list":{"0":"post-9656","1":"product","2":"type-product","3":"status-publish","4":"has-post-thumbnail","6":"product_cat-nha-tre-mau-giao-0-tuoi-6-tuoi","7":"product_cat-nhi-dong-6-tuoi-12-tuoi","8":"product_cat-sach-danh-cho-cac-be","9":"product_cat-sach-song-ngu-anh-viet","11":"first","12":"outofstock","13":"taxable","14":"shipping-taxable","15":"purchasable","16":"product-type-simple"},"supplier_id":null,"supplier_sku":"","barcode":null,"atum_controlled":true,"out_stock_date":"2025-03-19 14:03:51","out_stock_threshold":null,"inheritable":false,"inbound_stock":3,"stock_on_hold":0,"sold_today":0,"sales_last_days":0,"reserved_stock":0,"customer_returns":0,"warehouse_damage":0,"lost_in_post":0,"other_logs":0,"out_stock_days":315,"lost_sales":0,"has_location":false,"update_date":"2026-01-28T23:11:28","atum_locations":[],"atum_stock_status":"outofstock","restock_status":false,"low_stock_amount":"","sales_update_date":"2026-01-28T23:11:28","calc_backorders":null,"acf":{"publisher":{"ID":1453,"post_author":"1","post_date":"2021-02-17 01:11:32","post_date_gmt":"2021-02-16 23:11:32","post_content":"<!-- wp:flatsome\/uxbuilder -->\n<h1 style=\"text-align: center;\"><strong>Qu\u1ea3ng V\u0103n<\/strong><\/h1>\n[row]\n\n[col span=\"6\" span__sm=\"12\"]\n\n[ux_image id=\"1552\" image_size=\"medium\"]\n\n\n[\/col]\n[col span=\"6\" span__sm=\"12\"]\n\n<p><strong>Quangvanbooks<\/strong><br \/>Qu\u1ea3ng V\u0103n l\u00e0 t\u1ed5 h\u1ee3p xu\u1ea5t b\u1ea3n, gi\u00e1o d\u1ee5c v\u00e0 nh\u01b0\u1ee3ng quy\u1ec1n h\u00e0ng \u0111\u1ea7u trong ng\u00e0nh c\u00f4ng nghi\u1ec7p s\u00e1ng t\u1ea1o v\u1edbi c\u00e1c th\u01b0\u01a1ng hi\u1ec7u nh\u00e1nh:<\/p>\n<p>Quangvanbooks - Th\u01b0\u01a1ng hi\u1ec7u s\u00e1ch v\u0103n h\u00f3a gi\u00e1o d\u1ee5c v\u00e0 v\u0103n h\u00f3a gi\u1ea3i tr\u00ed<br \/>Ehomebooks - Th\u01b0\u01a1ng hi\u1ec7u s\u00e1ch gi\u00e1o d\u1ee5c gia \u0111\u00ecnh<br \/>Sakurabooks - Th\u01b0\u01a1ng hi\u1ec7u s\u00e1ch Nh\u1eadt B\u1ea3n<br \/>IPERbooks - Th\u01b0\u01a1ng hi\u1ec7u s\u00e1ch gi\u00e1o d\u1ee5c nh\u00e0 tr\u01b0\u1eddng<br \/>IPER - Vi\u1ec7n nghi\u00ean c\u1ee9u xu\u1ea5t b\u1ea3n v\u00e0 gi\u00e1o d\u1ee5c IPER<\/p>\n<p><strong>T\u1ea7m nh\u00ecn<\/strong><br \/>Tr\u1edf th\u00e0nh th\u01b0\u01a1ng hi\u1ec7u s\u00e1ch v\u0103n h\u00f3a gi\u00e1o d\u1ee5c v\u00e0 v\u0103n h\u00f3a gi\u1ea3i tr\u00ed t\u1ed1t nh\u1ea5t v\u00e0 \u0111a d\u1ea1ng nh\u1ea5t Vi\u1ec7t Nam.<\/p>\n<p><br \/><strong>S\u1ee9 m\u1ec7nh<\/strong><br \/>Mang \u0111\u1ebfn nh\u1eefng cu\u1ed1n s\u00e1ch v\u0103n h\u00f3a gi\u00e1o d\u1ee5c v\u00e0 v\u0103n h\u00f3a gi\u1ea3i tr\u00ed \u0111\u1ebfn v\u1edbi \u0111\u1ed9c gi\u1ea3 Vi\u1ec7t Nam v\u00e0 th\u1ebf gi\u1edbi nh\u1eb1m gi\u00fap \u0111\u1ed9c gi\u1ea3 ph\u00e1t tri\u1ec3n b\u1ea3n th\u00e2n, gi\u00e1o d\u1ee5c, gi\u1ea3i tr\u00ed v\u00e0 khai s\u00e1ng nh\u1eb1m x\u00e2y d\u1ef1ng x\u00e3 h\u1ed9i th\u1ecbnh v\u01b0\u1ee3ng, h\u1ea1nh ph\u00fac.<\/p>\n<p><strong>Gi\u00e1 tr\u1ecb c\u1ed1t l\u00f5i<\/strong><\/p>\n<p>S\u00e1ng t\u1ea1o - Linh ho\u1ea1t - H\u1ee3p t\u00e1c - Ch\u00ednh tr\u1ef1c - Nhi\u1ec7t huy\u1ebft - C\u00e2n b\u1eb1ng - H\u1ea1nh ph\u00fac<\/p>\n\n[\/col]\n\n[\/row]\n\n<!-- \/wp:flatsome\/uxbuilder -->","post_title":"Qu\u1ea3ng V\u0103n","post_excerpt":"","post_status":"publish","comment_status":"closed","ping_status":"closed","post_password":"","post_name":"quang-van","to_ping":"","pinged":"","post_modified":"2021-02-17 01:26:44","post_modified_gmt":"2021-02-16 23:26:44","post_content_filtered":"","post_parent":0,"guid":"https:\/\/sachviet.eu\/nha-phat-hanh\/quang-van\/","menu_order":0,"post_type":"publisher","post_mime_type":"","comment_count":"0","filter":"raw"}},"_links":{"self":[{"href":"https:\/\/sachviet.eu\/en\/wp-json\/wp\/v2\/product\/9656","targetHints":{"allow":["GET"]}}],"collection":[{"href":"https:\/\/sachviet.eu\/en\/wp-json\/wp\/v2\/product"}],"about":[{"href":"https:\/\/sachviet.eu\/en\/wp-json\/wp\/v2\/types\/product"}],"wp:featuredmedia":[{"embeddable":true,"href":"https:\/\/sachviet.eu\/en\/wp-json\/wp\/v2\/media\/9646"}],"wp:attachment":[{"href":"https:\/\/sachviet.eu\/en\/wp-json\/wp\/v2\/media?parent=9656"}],"wp:term":[{"taxonomy":"product_brand","embeddable":true,"href":"https:\/\/sachviet.eu\/en\/wp-json\/wp\/v2\/product_brand?post=9656"},{"taxonomy":"product_cat","embeddable":true,"href":"https:\/\/sachviet.eu\/en\/wp-json\/wp\/v2\/product_cat?post=9656"},{"taxonomy":"product_tag","embeddable":true,"href":"https:\/\/sachviet.eu\/en\/wp-json\/wp\/v2\/product_tag?post=9656"}],"curies":[{"name":"wp","href":"https:\/\/api.w.org\/{rel}","templated":true}]}}