{"id":965,"date":"2021-02-14T00:22:47","date_gmt":"2021-02-13T22:22:47","guid":{"rendered":"https:\/\/sachviet.eu\/shop\/osho-yeu-being-in-love\/"},"modified":"2023-12-06T12:27:38","modified_gmt":"2023-12-06T10:27:38","slug":"osho-yeu-being-in-love","status":"publish","type":"product","link":"https:\/\/sachviet.eu\/en\/shop\/osho-yeu-being-in-love\/","title":{"rendered":"OSHO &#8211; Y\u00eau &#8211; Being In Love"},"content":{"rendered":"<p>Tr\u01b0\u1edbc ti\u00ean, Osho \u0111\u01b0a ra m\u1ed9t danh s\u00e1ch nh\u1eefng \u0111i\u1ec1u kh\u00f4ng ph\u1ea3i l\u00e0 t\u00ecnh y\u00eau. \u00d4ng ph\u00e2n t\u00edch nh\u1eefng nhu c\u1ea7u \u0111i k\u00e8m t\u00ecnh y\u00eau th\u01b0\u01a1ng \u0111\u00e3 ph\u00e1 h\u1ee7y t\u00ecnh y\u00eau ra sao, \u0111i\u1ec1u n\u00e0y di\u1ec5n ra k\u1ec3 t\u1eeb khi con ng\u01b0\u1eddi m\u1edbi ch\u00e0o \u0111\u1eddi cho \u0111\u1ebfn khi tr\u01b0\u1edfng th\u00e0nh. Nh\u1eefng th\u00f3i quen \u0111\u00f2i h\u1ecfi, mong mu\u1ed1n s\u1edf h\u1eefu ng\u01b0\u1eddi kh\u00e1c, k\u1ef3 v\u1ecdng v\u00e0o ng\u01b0\u1eddi kh\u00e1c\u2026 \u0111\u1ec1u t\u1ea1o n\u00ean s\u1ef1 h\u1ee7y di\u1ec7t v\u00e0 xung \u0111\u1ed9t trong m\u1ecdi m\u1ed1i quan h\u1ec7 t\u00ecnh c\u1ea3m, bao g\u1ed3m c\u1ea3 t\u00ecnh y\u00eau. Theo \u00f4ng, t\u00ecnh y\u00eau kh\u00f4ng bao g\u1ed3m c\u1ea3m gi\u00e1c ghen tu\u00f4ng, chi\u1ebfm h\u1eefu, c\u1ea1nh tranh, ph\u1ee5 thu\u1ed9c, hay vi\u1ec7c \u0111\u00f2i h\u1ecfi ng\u01b0\u1eddi m\u00ecnh y\u00eau ph\u1ea3i ho\u00e0n h\u1ea3o. Nh\u1eefng \u0111i\u1ec1u tr\u00ean \u0111\u1ec1u kh\u1edfi ngu\u1ed3n t\u1eeb c\u00e1i t\u00f4i, v\u00e0 Osho cho r\u1eb1ng:<\/p>\n<p>&#8220;Khi b\u1ea1n th\u1eadt s\u1ef1 y\u00eau ai \u0111\u00f3, c\u00e1i t\u00f4i c\u1ee7a b\u1ea1n b\u1eaft \u0111\u1ea7u tan ch\u1ea3y v\u00e0 bi\u1ebfn m\u1ea5t. &#8221;<\/p>\n<p>Th\u00f4ng qua t\u1eebng ch\u01b0\u01a1ng c\u1ee7a cu\u1ed1n s\u00e1ch, b\u1ea1n \u0111\u1ecdc nh\u1eadn di\u1ec7n nh\u1eefng d\u1ea5u hi\u1ec7u c\u1ee7a m\u1ed9t t\u00ecnh y\u00eau \u0111\u00edch th\u1ef1c: S\u1ef1 cho \u0111i v\u00e0 kh\u00f4ng ch\u1edd \u0111\u1ee3i \u0111\u01b0\u1ee3c nh\u1eadn l\u1ea1i, s\u1ef1 tr\u01b0\u1edfng th\u00e0nh c\u00e1 nh\u00e2n, \u0111\u1eb7c bi\u1ec7t l\u00e0 s\u1ef1 t\u1ec9nh th\u1ee9c khi y\u00eau.<\/p>\n<p>Trong ph\u1ea7n tr\u1ecdng t\u00e2m c\u1ee7a cu\u1ed1n s\u00e1ch T\u00ecnh y\u00eau l\u00e0 c\u01a1n gi\u00f3 m\u00e1t l\u00e0nh, Osho d\u00e0nh nhi\u1ec1u th\u1eddi l\u01b0\u1ee3ng b\u00e0n v\u1ec1 nh\u1eefng ch\u1ec9 d\u1eabn y\u00eau \u0111\u01b0\u01a1ng, tinh t\u1ebf, th\u1ea5u c\u1ea3m, h\u00e0i h\u01b0\u1edbc v\u00e0 nhi\u1ec7t t\u00ecnh ch\u1eb3ng k\u00e9m g\u00ec m\u1ed9t nh\u00e0 t\u01b0 v\u1ea5n t\u00e2m l\u00fd hi\u1ec7n \u0111\u1ea1i t\u00e0i ba nh\u1ea5t. \u00d4ng ho\u00e1 gi\u1ea3i nh\u1eefng tr\u1ea3i nghi\u1ec7m t\u1ec7 h\u1ea1i m\u00e0 ta g\u1eb7p ph\u1ea3i khi y\u00eau: S\u1ef1 h\u1ee5t h\u1eabng sau nh\u1eefng ph\u1ea5n kh\u00edch ban \u0111\u1ea7u hay th\u1ea5t v\u1ecdng v\u1ec1 t\u00ecnh d\u1ee5c. Hi\u1ebfm c\u00f3 m\u1ed9t b\u1eadc th\u1ea7y t\u00e2m linh n\u00e0o l\u1ea1i mang \u00e1nh s\u00e1ng c\u1ee7a thi\u1ec1n v\u00e0 \u0111\u1ea1o v\u00e0o v\u1ea5n \u0111\u1ec1 t\u00ecnh d\u1ee5c, kho\u00e1i c\u1ea3m nh\u01b0 Osho v\u00e0 \u00f4ng \u0111\u00e3 ki\u1ebfn gi\u1ea3i v\u1ea5n \u0111\u1ec1 n\u00e0y v\u00f4 c\u00f9ng uy\u00ean b\u00e1c, th\u1ea5u \u0111\u00e1o v\u00e0 c\u00f3 t\u00ednh gi\u00e1o d\u1ee5c cao h\u01a1n b\u1ea5t c\u1ee9 cu\u1ed1n s\u00e1ch gi\u00e1o d\u1ee5c gi\u1edbi t\u00ednh n\u00e0o trong v\u1ea5n \u0111\u1ec1 t\u00ecnh d\u1ee5c t\u1eebng c\u00f3. Osho c\u0169ng th\u1eb3ng th\u1eebng g\u1ea1t ph\u0103ng nh\u1eefng hi\u1ec3u l\u1ea7m, nh\u1eefng \u201c\u00fd ngh\u0129 v\u00f4 ngh\u0129a\u201d v\u1ec1 t\u00ecnh y\u00eau nh\u01b0 t\u01b0 t\u01b0\u1edfng \u201cy\u00eau l\u00e0 \u0111au kh\u1ed5\u201d hay ph\u1ee5 n\u1eef kh\u00f4ng n\u00ean l\u00e0 ng\u01b0\u1eddi ch\u1ee7 \u0111\u1ed9ng khi y\u00eau.<\/p>\n<p>Sau c\u00f9ng, Osho \u0111\u01b0a ra nh\u1eefng ni\u1ec1m tin m\u1edbi, c\u1ed5 v\u0169 b\u1ea1n \u0111\u1ecdc d\u1ea5n th\u00e2n v\u00e0o t\u00ecnh y\u00eau \u0111\u00edch th\u1ef1c, th\u1ee9 t\u00ecnh y\u00eau c\u1ee7a nh\u1eefng linh h\u1ed3n tr\u01b0\u1edfng th\u00e0nh \u0111\u1ec3 \u0111em \u0111\u1ebfn s\u1ef1 h\u1ea1nh ph\u00fac, khai s\u00e1ng v\u00e0 ch\u1eefa l\u00e0nh cho t\u1ea5t c\u1ea3. Osho c\u0169ng \u0111\u01b0a ra nhi\u1ec1u l\u1eddi khuy\u00ean \u0111\u00e1ng gi\u00e1 cho c\u00e1c c\u1eb7p \u0111\u00f4i \u0111ang y\u00eau.<\/p>\n<p>Ch\u00fang ta th\u01b0\u1eddng s\u1ee3 h\u00e3i khi ngh\u0129 v\u1ec1 t\u00ecnh y\u00eau, ta e ng\u1ea1i nh\u1eefng n\u1ed7i \u0111au l\u1eabn r\u1eafc r\u1ed1i m\u00e0 n\u00f3 \u0111em \u0111\u1ebfn. V\u1edbi Y\u00eau, b\u1eb1ng gi\u1ecdng v\u0103n c\u00e1 t\u00ednh v\u00e0 cu\u1ed1n h\u00fat \u0111\u1eb7c tr\u01b0ng, Osho \u0111em \u0111\u1ebfn s\u1ef1 th\u1ea5u hi\u1ec3u tr\u1ecdn v\u1eb9n v\u1ec1 t\u00ecnh y\u00eau, \u0111\u1ed3ng th\u1eddi truy\u1ec1n ni\u1ec1m tin v\u00e0 s\u1ef1 d\u0169ng c\u1ea3m \u0111\u1ec3 b\u1ea1n \u0111\u1ecdc b\u01b0\u1edbc v\u00e0o tr\u1ea3i nghi\u1ec7m ph\u1ee9c t\u1ea1p n\u00e0y m\u1ed9t c\u00e1ch m\u1edbi m\u1ebb trong th\u1ee9 \u00e1nh s\u00e1ng t\u1ec9nh th\u1ee9c c\u1ee7a t\u00e2m linh.<\/p>\n<p>&#8220;T\u00ecnh y\u00eau ch\u1ec9 c\u00f3 th\u1ec3 tr\u01b0\u1edfng th\u00e0nh trong t\u00ecnh y\u00eau. C\u00f3 \u0111i\u1ec1u g\u00ec \u0111\u00f3 th\u1eadt \u0111\u1eb9p \u0111ang ch\u1edd b\u1ea1n ph\u00eda tr\u01b0\u1edbc. N\u1ebfu b\u1ea1n c\u00f3 th\u1ec3 ch\u1edd \u0111\u1ee3i, n\u1ebfu b\u1ea1n c\u00f3 \u0111\u1ee7 ki\u00ean nh\u1eabn v\u00e0 c\u00f3 th\u1ec3 tin t\u01b0\u1edfng, n\u00f3 s\u1ebd \u0111\u1ebfn.&#8221;  <div class=\"banner-grid-wrapper\">\n  <div id=\"banner-grid-1412094076\" class=\"banner-grid row row-grid row-small\" data-packery-options=\"\">\n                      <div class=\"col grid-col large-6 grid-col-1\" ><div class=\"col-inner\">\t<div class=\"img has-hover x md-x lg-x y md-y lg-y\" id=\"image_1415210964\">\n\t\t\t\t\t\t\t\t<div class=\"img-inner dark\" >\n\t\t\t<img loading=\"lazy\" decoding=\"async\" width=\"1020\" height=\"680\" src=\"https:\/\/sachviet.eu\/wp-content\/uploads\/2021\/02\/4503_sach-yeu.jpg\" class=\"attachment-large size-large\" alt=\"\" srcset=\"https:\/\/sachviet.eu\/wp-content\/uploads\/2021\/02\/4503_sach-yeu.jpg 1024w, https:\/\/sachviet.eu\/wp-content\/uploads\/2021\/02\/4503_sach-yeu-300x200.jpg 300w, https:\/\/sachviet.eu\/wp-content\/uploads\/2021\/02\/4503_sach-yeu-768x512.jpg 768w, https:\/\/sachviet.eu\/wp-content\/uploads\/2021\/02\/4503_sach-yeu-600x400.jpg 600w\" sizes=\"auto, (max-width: 1020px) 100vw, 1020px\" \/>\t\t\t\t\t\t\n\t\t\t\t\t<\/div>\n\t\t\t\t\t\t\t\t\n<style>\n#image_1415210964 {\n  width: 100%;\n}\n<\/style>\n\t<\/div>\n\t<\/div><\/div><div class=\"col grid-col large-6 grid-col-1-2\" ><div class=\"col-inner\">\t<div class=\"img has-hover x md-x lg-x y md-y lg-y\" id=\"image_1220222655\">\n\t\t\t\t\t\t\t\t<div class=\"img-inner dark\" >\n\t\t\t<img loading=\"lazy\" decoding=\"async\" width=\"1020\" height=\"829\" src=\"https:\/\/sachviet.eu\/wp-content\/uploads\/2021\/02\/dscf1115-1024x832.jpg\" class=\"attachment-large size-large\" alt=\"\" srcset=\"https:\/\/sachviet.eu\/wp-content\/uploads\/2021\/02\/dscf1115-1024x832.jpg 1024w, https:\/\/sachviet.eu\/wp-content\/uploads\/2021\/02\/dscf1115-300x244.jpg 300w, https:\/\/sachviet.eu\/wp-content\/uploads\/2021\/02\/dscf1115-768x624.jpg 768w, https:\/\/sachviet.eu\/wp-content\/uploads\/2021\/02\/dscf1115-1536x1248.jpg 1536w, https:\/\/sachviet.eu\/wp-content\/uploads\/2021\/02\/dscf1115-600x488.jpg 600w, https:\/\/sachviet.eu\/wp-content\/uploads\/2021\/02\/dscf1115.jpg 1600w\" sizes=\"auto, (max-width: 1020px) 100vw, 1020px\" \/>\t\t\t\t\t\t\n\t\t\t\t\t<\/div>\n\t\t\t\t\t\t\t\t\n<style>\n#image_1220222655 {\n  width: 100%;\n}\n<\/style>\n\t<\/div>\n\t<\/div><\/div><div class=\"col grid-col large-6 grid-col-1-2\" ><div class=\"col-inner\">\t<div class=\"img has-hover x md-x lg-x y md-y lg-y\" id=\"image_1794105591\">\n\t\t\t\t\t\t\t\t<div class=\"img-inner dark\" >\n\t\t\t<img loading=\"lazy\" decoding=\"async\" width=\"1000\" height=\"667\" src=\"https:\/\/sachviet.eu\/wp-content\/uploads\/2021\/02\/yeu-31-.jpg\" class=\"attachment-large size-large\" alt=\"\" srcset=\"https:\/\/sachviet.eu\/wp-content\/uploads\/2021\/02\/yeu-31-.jpg 1000w, https:\/\/sachviet.eu\/wp-content\/uploads\/2021\/02\/yeu-31--300x200.jpg 300w, https:\/\/sachviet.eu\/wp-content\/uploads\/2021\/02\/yeu-31--768x512.jpg 768w, https:\/\/sachviet.eu\/wp-content\/uploads\/2021\/02\/yeu-31--600x400.jpg 600w\" sizes=\"auto, (max-width: 1000px) 100vw, 1000px\" \/>\t\t\t\t\t\t\n\t\t\t\t\t<\/div>\n\t\t\t\t\t\t\t\t\n<style>\n#image_1794105591 {\n  width: 100%;\n}\n<\/style>\n\t<\/div>\n\t<\/div><\/div>            <\/div>\n    <style>\n    #banner-grid-1412094076 .grid-col-1{height: 600px}\n    #banner-grid-1412094076 .grid-col-1-2{height: 300px}\n    #banner-grid-1412094076 .grid-col-1-3{height:200px}\n    #banner-grid-1412094076 .grid-col-2-3{height: 400px}\n    #banner-grid-1412094076 .grid-col-1-4{height: 150px}\n    #banner-grid-1412094076 .grid-col-3-4{height: 450px}\n\n\n    \n    \n\n  <\/style>\n    <\/div>\n  \n","protected":false},"excerpt":{"rendered":"<p>Nh\u1eefng ng\u01b0\u1eddi \u0111\u00f3i kh\u00e1t trong nhu c\u1ea7u, nh\u1eefng ng\u01b0\u1eddi lu\u00f4n k\u1ef3 v\u1ecdng \u1edf t\u00ecnh y\u00eau ch\u00ednh l\u00e0 nh\u1eefng ng\u01b0\u1eddi \u0111au kh\u1ed5 nh\u1ea5t. Hai k\u1ebb \u0111\u00f3i kh\u00e1t t\u00ecm th\u1ea5y nhau trong m\u1ed9t m\u1ed1i quan h\u1ec7 y\u00eau \u0111\u01b0\u01a1ng c\u00f9ng nh\u1eefng k\u1ef3 v\u1ecdng ng\u01b0\u1eddi kia s\u1ebd mang \u0111\u1ebfn cho m\u00ecnh th\u1ee9 m\u00ecnh c\u1ea7n \u2013 v\u1ec1 c\u01a1 b\u1ea3n s\u1ebd nhanh ch\u00f3ng th\u1ea5t v\u1ecdng v\u1ec1 nhau v\u00e0 c\u00f9ng mang \u0111\u1ebfn ng\u1ee5c t\u00f9 kh\u1ed5 \u0111au cho nhau.<br \/>\nTrong cu\u1ed1n s\u00e1ch Y\u00eau, Osho &#8211; b\u1eadc th\u1ea7y t\u00e2m linh, ng\u01b0\u1eddi \u0111\u01b0\u1ee3c t\u00f4n vinh l\u00e0 m\u1ed9t trong 1000 ng\u01b0\u1eddi ki\u1ebfn t\u1ea1o c\u1ee7a th\u1ebf k\u1ef7 20 \u2013 \u0111\u00e3 \u0111\u01b0a ra nh\u1eefng ki\u1ebfn gi\u1ea3i s\u00e2u s\u1eafc v\u1ec1 nhu c\u1ea7u t\u00e2m l\u00fd c\u00f3 s\u1ee9c m\u1ea1nh l\u1edbn nh\u1ea5t c\u1ee7a nh\u00e2n lo\u1ea1i v\u00e0 ch\u1ec9 cho ch\u00fang ta c\u00e1ch tr\u1ea3i nghi\u1ec7m t\u00ecnh y\u00eau.<\/p>\n<p>Trong Y\u00eau (T\u1ef1a g\u1ed1c: Being in Love), Osho d\u1eabn ng\u01b0\u1eddi \u0111\u1ecdc v\u00e0o m\u1ed9t h\u00e0nh tr\u00ecnh t\u00ecm hi\u1ec3u t\u00e1o b\u1ea1o v\u00e0 \u0111\u1ea7y s\u00f4i n\u1ed5i v\u1ec1 \u201chi\u1ec7n t\u01b0\u1ee3ng b\u00ed \u1ea9n\u201d mang t\u00ean t\u00ecnh y\u00eau.<\/p>\n","protected":false},"featured_media":951,"template":"","meta":{"_acf_changed":false},"product_brand":[],"product_cat":[15,46],"product_tag":[],"class_list":{"0":"post-965","1":"product","2":"type-product","3":"status-publish","4":"has-post-thumbnail","6":"product_cat-sach-danh-cho-nguoi-lon","7":"product_cat-ky-nang-song","9":"first","10":"outofstock","11":"taxable","12":"shipping-taxable","13":"purchasable","14":"product-type-simple"},"supplier_id":null,"supplier_sku":"","barcode":null,"atum_controlled":true,"out_stock_date":"2023-12-06 10:27:38","out_stock_threshold":null,"inheritable":false,"inbound_stock":0,"stock_on_hold":0,"sold_today":0,"sales_last_days":0,"reserved_stock":0,"customer_returns":0,"warehouse_damage":0,"lost_in_post":0,"other_logs":0,"out_stock_days":784,"lost_sales":0,"has_location":false,"update_date":"2026-01-28T23:10:29","atum_locations":[],"atum_stock_status":"outofstock","restock_status":false,"low_stock_amount":"","sales_update_date":"2026-01-28T23:10:29","calc_backorders":null,"acf":{"publisher":{"ID":1457,"post_author":"1","post_date":"2021-02-17 01:12:22","post_date_gmt":"2021-02-16 23:12:22","post_content":"<!-- wp:flatsome\/uxbuilder -->\n<h1 style=\"text-align: center;\"><strong>First News Tr\u00ed Vi\u1ec7t<\/strong><\/h1>\n[row]\n\n[col span=\"10\" span__sm=\"12\"]\n\n<p>\u0110\u01b0\u1ee3c th\u00e0nh l\u1eadp v\u00e0o ng\u00e0y 10\/12\/1994 v\u1edbi t\u00ean g\u1ecdi ban \u0111\u1ea7u l\u00e0 \u201cBan Bi\u00ean D\u1ecbch First News\u201d, tr\u1ea3i qua 25 n\u0103m lu\u00f4n n\u1ed7 l\u1ef1c v\u00e0 s\u00e1ng t\u1ea1o, \u0111\u1ebfn nay First News \u2013 Tr\u00ed Vi\u1ec7t \u0111\u00e3 kh\u1eb3ng \u0111\u1ecbnh \u0111\u01b0\u1ee3c v\u1ecb th\u1ebf c\u0169ng nh\u01b0 uy t\u00edn c\u1ee7a m\u00ecnh trong l\u00f2ng b\u1ea1n \u0111\u1ecdc, kh\u00f4ng nh\u1eefng b\u1edfi s\u1ef1 phong ph\u00fa c\u1ee7a nh\u1eefng d\u00f2ng s\u00e1ch gi\u00e1 tr\u1ecb tr\u00ean th\u1ebf gi\u1edbi m\u00e0 First News \u0111\u00e3 nh\u1ea1y b\u00e9n chuy\u1ec3n ng\u1eef ph\u1ee5c v\u1ee5 ng\u01b0\u1eddi Vi\u1ec7t Nam, m\u00e0 c\u00f2n v\u00ec ch\u1ea5t l\u01b0\u1ee3ng c\u0169ng nh\u01b0 s\u1ef1 ch\u1ec9n chu trong t\u1eebng quy\u1ec3n s\u00e1ch m\u00e0 First News mong mu\u1ed1n mang \u0111\u1ebfn cho b\u1ea1n \u0111\u1ecdc.<\/p>\n\n[\/col]\n[col span=\"2\" span__sm=\"12\"]\n\n[ux_image id=\"1696\" image_size=\"medium\"]\n\n\n[\/col]\n\n[\/row]\n\n<!-- \/wp:flatsome\/uxbuilder -->","post_title":"First News - Tr\u00ed Vi\u1ec7t","post_excerpt":"","post_status":"publish","comment_status":"closed","ping_status":"closed","post_password":"","post_name":"first-news-tri-viet","to_ping":"","pinged":"","post_modified":"2021-02-17 01:46:54","post_modified_gmt":"2021-02-16 23:46:54","post_content_filtered":"","post_parent":0,"guid":"https:\/\/sachviet.eu\/nha-phat-hanh\/first-news-tri-viet\/","menu_order":0,"post_type":"publisher","post_mime_type":"","comment_count":"0","filter":"raw"}},"_links":{"self":[{"href":"https:\/\/sachviet.eu\/en\/wp-json\/wp\/v2\/product\/965","targetHints":{"allow":["GET"]}}],"collection":[{"href":"https:\/\/sachviet.eu\/en\/wp-json\/wp\/v2\/product"}],"about":[{"href":"https:\/\/sachviet.eu\/en\/wp-json\/wp\/v2\/types\/product"}],"wp:featuredmedia":[{"embeddable":true,"href":"https:\/\/sachviet.eu\/en\/wp-json\/wp\/v2\/media\/951"}],"wp:attachment":[{"href":"https:\/\/sachviet.eu\/en\/wp-json\/wp\/v2\/media?parent=965"}],"wp:term":[{"taxonomy":"product_brand","embeddable":true,"href":"https:\/\/sachviet.eu\/en\/wp-json\/wp\/v2\/product_brand?post=965"},{"taxonomy":"product_cat","embeddable":true,"href":"https:\/\/sachviet.eu\/en\/wp-json\/wp\/v2\/product_cat?post=965"},{"taxonomy":"product_tag","embeddable":true,"href":"https:\/\/sachviet.eu\/en\/wp-json\/wp\/v2\/product_tag?post=965"}],"curies":[{"name":"wp","href":"https:\/\/api.w.org\/{rel}","templated":true}]}}