{"id":9645,"date":"2021-06-02T01:29:53","date_gmt":"2021-06-01T22:29:53","guid":{"rendered":"https:\/\/sachviet.eu\/shop\/qua-trung-cua-lon-con-pigs-egg\/"},"modified":"2025-04-20T10:34:29","modified_gmt":"2025-04-20T07:34:29","slug":"qua-trung-cua-lon-con-pigs-egg","status":"publish","type":"product","link":"https:\/\/sachviet.eu\/en\/shop\/qua-trung-cua-lon-con-pigs-egg\/","title":{"rendered":"Qu\u1ea3 Tr\u1ee9ng C\u1ee7a L\u1ee3n Con \u2013 Pig\u2019S Egg"},"content":{"rendered":"<p>M\u1ed9t ch\u00fa l\u1ee3n con s\u1ed1ng \u1edf m\u1ed9t trang tr\u1ea1i.<\/p>\n<p>Kho\u1ea3ng s\u00e2n trong trang tr\u1ea1i c\u00f3 nh\u1eefng c\u00e2u chuy\u1ec7n th\u1eadt hay ho nh\u01b0ng l\u1eafm l\u00fac l\u1ee3n con c\u0169ng c\u1ea3m th\u1ea5y m\u00ecnh th\u1eadt l\u1ea1c l\u00f5ng.<\/p>\n<p>L\u1ee3n con nh\u00ecn th\u1ea5y c\u00f4 Ng\u1ed7ng bay, c\u00f4 V\u1ecbt bay, c\u00f4 G\u00e0 M\u00e1i c\u0169ng bay \u0111\u01b0\u1ee3c n\u1eefa, nh\u01b0ng l\u1ee3n con th\u00ec kh\u00f4ng th\u1ec3.<\/p>\n<p>L\u1ee3n con th\u1ea5y qu\u1ea3 tr\u1ee9ng c\u1ee7a c\u00f4 G\u00e0 M\u00e1i n\u1edf, qu\u1ea3 tr\u1ee9ng c\u1ee7a c\u00f4 V\u1ecbt n\u1edf v\u00e0 qu\u1ea3 tr\u1ee9ng c\u1ee7a c\u00f4 Ng\u1ed7ng c\u0169ng n\u1edf, v\u00e0 L\u1ee3n con l\u1ea1i c\u00e0ng c\u1ea3m th\u1ea5y l\u1ea1c l\u00f5ng h\u01a1n n\u1eefa. <\/p>\n<p>Nh\u01b0ng l\u1ee3n con \u0111\u00e3 ph\u00e1t hi\u1ec7n \u0111\u01b0\u1ee3c m\u1ed9t qu\u1ea3 tr\u1ee9ng r\u1ed3i, ngay trong chu\u1ed3ng c\u1ee7a m\u00ecnh, v\u00e0 L\u1ee3n con tin ch\u1eafc r\u1eb1ng \u0111\u00f3 l\u00e0 qu\u1ea3 tr\u1ee9ng c\u1ee7a m\u00ecnh.<\/p>\n<p>Nh\u01b0ng c\u00f3 \u0111i\u1ec1u g\u00ec \u0111\u00f3 k\u1ef3 l\u1ea1 th\u00ec ph\u1ea3i ???<\/p>\n<p>M\u1ecdi ng\u01b0\u1eddi \u0111\u1ec1u n\u00f3i qu\u1ea3 tr\u1ee9ng n\u00e0y gi\u1ed1ng &#8211; m\u1ed9t &#8211; c\u1ee7 &#8211; c\u1ea3i h\u01a1n!?<\/p>\n<p>L\u1ee3n con v\u1eabn ki\u00ean \u0111\u1ecbnh v\u1edbi suy ngh\u0129 c\u1ee7a m\u00ecnh, li\u1ec7u \u0111i\u1ec1u g\u00ec c\u00f3 th\u1ec3 x\u1ea3y ra v\u1edbi m\u1ed9t qu\u1ea3 tr\u1ee9ng tr\u00f4ng \u2013 gi\u1ed1ng \u2013 c\u1ee7 &#8211; c\u1ea3i nh\u1ec9 ??<\/p>\n<p>\u201cQu\u1ea3 tr\u1ee9ng c\u1ee7a l\u1ee3n con\u201d l\u00e0 cu\u1ed1n s\u00e1ch song ng\u1eef \u0111\u1ea7y m\u00e0u s\u1eafc c\u1ee7a t\u00e1c gi\u1ea3 Katherine Sully, \u0111\u01b0\u1ee3c minh h\u1ecda b\u1edfi Sam Chaffey mang \u0111\u1ebfn cho c\u00e1c b\u1ea1n nh\u1ecf m\u1ed9t c\u00e2u chuy\u1ec7n l\u1ea1 l\u00f9ng \u0111\u1ea7y th\u00fa v\u1ecb v\u1ec1 c\u00e1ch ch\u00fang ta nh\u00ecn nh\u1eadn b\u1ea3n th\u00e2n, b\u00e0i h\u1ecdc v\u1ec1 t\u00ecnh y\u00eau th\u01b0\u01a1ng d\u00e0nh cho nh\u1eefng \u0111i\u1ec1u kh\u00e1c bi\u1ec7t v\u00e0 nh\u1eefng g\u00f3c nh\u00ecn \u0111\u1ed9c \u0111\u00e1o kh\u00e1c nhau v\u1ec1 th\u1ebf gi\u1edbi. <\/p>\n","protected":false},"excerpt":{"rendered":"<p>M\u1ed9t ch\u00fa l\u1ee3n con s\u1ed1ng \u1edf m\u1ed9t trang tr\u1ea1i.<\/p>\n<p>Kho\u1ea3ng s\u00e2n trong trang tr\u1ea1i c\u00f3 nh\u1eefng c\u00e2u chuy\u1ec7n th\u1eadt hay ho nh\u01b0ng l\u1eafm l\u00fac l\u1ee3n con c\u0169ng c\u1ea3m th\u1ea5y m\u00ecnh th\u1eadt l\u1ea1c l\u00f5ng.<\/p>\n<p>L\u1ee3n con nh\u00ecn th\u1ea5y c\u00f4 Ng\u1ed7ng bay, c\u00f4 V\u1ecbt bay, c\u00f4 G\u00e0 M\u00e1i c\u0169ng bay \u0111\u01b0\u1ee3c n\u1eefa, nh\u01b0ng l\u1ee3n con th\u00ec kh\u00f4ng th\u1ec3.<\/p>\n<p>L\u1ee3n con th\u1ea5y qu\u1ea3 tr\u1ee9ng c\u1ee7a c\u00f4 G\u00e0 M\u00e1i n\u1edf, qu\u1ea3 tr\u1ee9ng c\u1ee7a c\u00f4 V\u1ecbt n\u1edf v\u00e0 qu\u1ea3 tr\u1ee9ng c\u1ee7a c\u00f4 Ng\u1ed7ng c\u0169ng n\u1edf, v\u00e0 L\u1ee3n con l\u1ea1i c\u00e0ng c\u1ea3m th\u1ea5y l\u1ea1c l\u00f5ng h\u01a1n n\u1eefa. <\/p>\n<p>Nh\u01b0ng l\u1ee3n con \u0111\u00e3 ph\u00e1t hi\u1ec7n \u0111\u01b0\u1ee3c m\u1ed9t qu\u1ea3 tr\u1ee9ng r\u1ed3i, ngay trong chu\u1ed3ng c\u1ee7a m\u00ecnh, v\u00e0 L\u1ee3n con tin ch\u1eafc r\u1eb1ng \u0111\u00f3 l\u00e0 qu\u1ea3 tr\u1ee9ng c\u1ee7a m\u00ecnh.<\/p>\n<p>Nh\u01b0ng c\u00f3 \u0111i\u1ec1u g\u00ec \u0111\u00f3 k\u1ef3 l\u1ea1 th\u00ec ph\u1ea3i ???<\/p>\n<p>M\u1ecdi ng\u01b0\u1eddi \u0111\u1ec1u n\u00f3i qu\u1ea3 tr\u1ee9ng n\u00e0y gi\u1ed1ng &#8211; m\u1ed9t &#8211; c\u1ee7 &#8211; c\u1ea3i h\u01a1n!?<\/p>\n<p>L\u1ee3n con v\u1eabn ki\u00ean \u0111\u1ecbnh v\u1edbi suy ngh\u0129 c\u1ee7a m\u00ecnh, li\u1ec7u \u0111i\u1ec1u g\u00ec c\u00f3 th\u1ec3 x\u1ea3y ra v\u1edbi m\u1ed9t qu\u1ea3 tr\u1ee9ng tr\u00f4ng \u2013 gi\u1ed1ng \u2013 c\u1ee7 &#8211; c\u1ea3i nh\u1ec9 ??<\/p>\n<p>\u201cQu\u1ea3 tr\u1ee9ng c\u1ee7a l\u1ee3n con\u201d l\u00e0 cu\u1ed1n s\u00e1ch song ng\u1eef \u0111\u1ea7y m\u00e0u s\u1eafc c\u1ee7a t\u00e1c gi\u1ea3 Katherine Sully, \u0111\u01b0\u1ee3c minh h\u1ecda b\u1edfi Sam Chaffey mang \u0111\u1ebfn cho c\u00e1c b\u1ea1n nh\u1ecf m\u1ed9t c\u00e2u chuy\u1ec7n l\u1ea1 l\u00f9ng \u0111\u1ea7y th\u00fa v\u1ecb v\u1ec1 c\u00e1ch ch\u00fang ta nh\u00ecn nh\u1eadn b\u1ea3n th\u00e2n, b\u00e0i h\u1ecdc v\u1ec1 t\u00ecnh y\u00eau th\u01b0\u01a1ng d\u00e0nh cho nh\u1eefng \u0111i\u1ec1u kh\u00e1c bi\u1ec7t v\u00e0 nh\u1eefng g\u00f3c nh\u00ecn \u0111\u1ed9c \u0111\u00e1o kh\u00e1c nhau v\u1ec1 th\u1ebf gi\u1edbi.<\/p>\n","protected":false},"featured_media":9639,"template":"","meta":{"_acf_changed":false},"product_brand":[],"product_cat":[24,25,17,39],"product_tag":[],"class_list":{"0":"post-9645","1":"product","2":"type-product","3":"status-publish","4":"has-post-thumbnail","6":"product_cat-nha-tre-mau-giao-0-tuoi-6-tuoi","7":"product_cat-nhi-dong-6-tuoi-12-tuoi","8":"product_cat-sach-danh-cho-cac-be","9":"product_cat-sach-song-ngu-anh-viet","11":"first","12":"instock","13":"taxable","14":"shipping-taxable","15":"purchasable","16":"product-type-simple"},"supplier_id":null,"supplier_sku":"","barcode":null,"atum_controlled":true,"out_stock_date":null,"out_stock_threshold":null,"inheritable":false,"inbound_stock":3,"stock_on_hold":0,"sold_today":0,"sales_last_days":0,"reserved_stock":0,"customer_returns":0,"warehouse_damage":0,"lost_in_post":0,"other_logs":0,"out_stock_days":0,"lost_sales":0,"has_location":false,"update_date":"2026-01-28T23:11:28","atum_locations":[],"atum_stock_status":"instock","restock_status":false,"low_stock_amount":"","sales_update_date":"2026-01-28T23:11:28","calc_backorders":null,"acf":{"publisher":{"ID":1453,"post_author":"1","post_date":"2021-02-17 01:11:32","post_date_gmt":"2021-02-16 23:11:32","post_content":"<!-- wp:flatsome\/uxbuilder -->\n<h1 style=\"text-align: center;\"><strong>Qu\u1ea3ng V\u0103n<\/strong><\/h1>\n[row]\n\n[col span=\"6\" span__sm=\"12\"]\n\n[ux_image id=\"1552\" image_size=\"medium\"]\n\n\n[\/col]\n[col span=\"6\" span__sm=\"12\"]\n\n<p><strong>Quangvanbooks<\/strong><br \/>Qu\u1ea3ng V\u0103n l\u00e0 t\u1ed5 h\u1ee3p xu\u1ea5t b\u1ea3n, gi\u00e1o d\u1ee5c v\u00e0 nh\u01b0\u1ee3ng quy\u1ec1n h\u00e0ng \u0111\u1ea7u trong ng\u00e0nh c\u00f4ng nghi\u1ec7p s\u00e1ng t\u1ea1o v\u1edbi c\u00e1c th\u01b0\u01a1ng hi\u1ec7u nh\u00e1nh:<\/p>\n<p>Quangvanbooks - Th\u01b0\u01a1ng hi\u1ec7u s\u00e1ch v\u0103n h\u00f3a gi\u00e1o d\u1ee5c v\u00e0 v\u0103n h\u00f3a gi\u1ea3i tr\u00ed<br \/>Ehomebooks - Th\u01b0\u01a1ng hi\u1ec7u s\u00e1ch gi\u00e1o d\u1ee5c gia \u0111\u00ecnh<br \/>Sakurabooks - Th\u01b0\u01a1ng hi\u1ec7u s\u00e1ch Nh\u1eadt B\u1ea3n<br \/>IPERbooks - Th\u01b0\u01a1ng hi\u1ec7u s\u00e1ch gi\u00e1o d\u1ee5c nh\u00e0 tr\u01b0\u1eddng<br \/>IPER - Vi\u1ec7n nghi\u00ean c\u1ee9u xu\u1ea5t b\u1ea3n v\u00e0 gi\u00e1o d\u1ee5c IPER<\/p>\n<p><strong>T\u1ea7m nh\u00ecn<\/strong><br \/>Tr\u1edf th\u00e0nh th\u01b0\u01a1ng hi\u1ec7u s\u00e1ch v\u0103n h\u00f3a gi\u00e1o d\u1ee5c v\u00e0 v\u0103n h\u00f3a gi\u1ea3i tr\u00ed t\u1ed1t nh\u1ea5t v\u00e0 \u0111a d\u1ea1ng nh\u1ea5t Vi\u1ec7t Nam.<\/p>\n<p><br \/><strong>S\u1ee9 m\u1ec7nh<\/strong><br \/>Mang \u0111\u1ebfn nh\u1eefng cu\u1ed1n s\u00e1ch v\u0103n h\u00f3a gi\u00e1o d\u1ee5c v\u00e0 v\u0103n h\u00f3a gi\u1ea3i tr\u00ed \u0111\u1ebfn v\u1edbi \u0111\u1ed9c gi\u1ea3 Vi\u1ec7t Nam v\u00e0 th\u1ebf gi\u1edbi nh\u1eb1m gi\u00fap \u0111\u1ed9c gi\u1ea3 ph\u00e1t tri\u1ec3n b\u1ea3n th\u00e2n, gi\u00e1o d\u1ee5c, gi\u1ea3i tr\u00ed v\u00e0 khai s\u00e1ng nh\u1eb1m x\u00e2y d\u1ef1ng x\u00e3 h\u1ed9i th\u1ecbnh v\u01b0\u1ee3ng, h\u1ea1nh ph\u00fac.<\/p>\n<p><strong>Gi\u00e1 tr\u1ecb c\u1ed1t l\u00f5i<\/strong><\/p>\n<p>S\u00e1ng t\u1ea1o - Linh ho\u1ea1t - H\u1ee3p t\u00e1c - Ch\u00ednh tr\u1ef1c - Nhi\u1ec7t huy\u1ebft - C\u00e2n b\u1eb1ng - H\u1ea1nh ph\u00fac<\/p>\n\n[\/col]\n\n[\/row]\n\n<!-- \/wp:flatsome\/uxbuilder -->","post_title":"Qu\u1ea3ng V\u0103n","post_excerpt":"","post_status":"publish","comment_status":"closed","ping_status":"closed","post_password":"","post_name":"quang-van","to_ping":"","pinged":"","post_modified":"2021-02-17 01:26:44","post_modified_gmt":"2021-02-16 23:26:44","post_content_filtered":"","post_parent":0,"guid":"https:\/\/sachviet.eu\/nha-phat-hanh\/quang-van\/","menu_order":0,"post_type":"publisher","post_mime_type":"","comment_count":"0","filter":"raw"}},"_links":{"self":[{"href":"https:\/\/sachviet.eu\/en\/wp-json\/wp\/v2\/product\/9645","targetHints":{"allow":["GET"]}}],"collection":[{"href":"https:\/\/sachviet.eu\/en\/wp-json\/wp\/v2\/product"}],"about":[{"href":"https:\/\/sachviet.eu\/en\/wp-json\/wp\/v2\/types\/product"}],"wp:featuredmedia":[{"embeddable":true,"href":"https:\/\/sachviet.eu\/en\/wp-json\/wp\/v2\/media\/9639"}],"wp:attachment":[{"href":"https:\/\/sachviet.eu\/en\/wp-json\/wp\/v2\/media?parent=9645"}],"wp:term":[{"taxonomy":"product_brand","embeddable":true,"href":"https:\/\/sachviet.eu\/en\/wp-json\/wp\/v2\/product_brand?post=9645"},{"taxonomy":"product_cat","embeddable":true,"href":"https:\/\/sachviet.eu\/en\/wp-json\/wp\/v2\/product_cat?post=9645"},{"taxonomy":"product_tag","embeddable":true,"href":"https:\/\/sachviet.eu\/en\/wp-json\/wp\/v2\/product_tag?post=9645"}],"curies":[{"name":"wp","href":"https:\/\/api.w.org\/{rel}","templated":true}]}}