{"id":9638,"date":"2021-06-02T01:29:03","date_gmt":"2021-06-01T22:29:03","guid":{"rendered":"https:\/\/sachviet.eu\/shop\/phu-nu-hieu-biet-se-co-cuoc-song-dang-cap-hon\/"},"modified":"2021-09-11T15:18:48","modified_gmt":"2021-09-11T12:18:48","slug":"phu-nu-hieu-biet-se-co-cuoc-song-dang-cap-hon","status":"publish","type":"product","link":"https:\/\/sachviet.eu\/en\/shop\/phu-nu-hieu-biet-se-co-cuoc-song-dang-cap-hon\/","title":{"rendered":"Ph\u1ee5 N\u1eef Hi\u1ec3u Bi\u1ebft S\u1ebd C\u00f3 Cu\u1ed9c S\u1ed1ng \u0110\u1eb3ng C\u1ea5p H\u01a1n"},"content":{"rendered":"<p>Ph\u1ee5 N\u1eef Hi\u1ec3u Bi\u1ebft S\u1ebd C\u00f3 Cu\u1ed9c S\u1ed1ng \u0110\u1eb3ng C\u1ea5p H\u01a1n<\/p>\n<p>Th\u1ebf gi\u1edbi n\u00e0y c\u00f3 m\u1ed9t ki\u1ec3u ph\u1ee5 n\u1eef s\u1ed1ng v\u00f4 t\u01b0 tho\u1ea3i m\u00e1i, r\u1ea5t kh\u00f3 \u0111\u1ec3 nh\u00ecn th\u1ea5y d\u00e1ng v\u1ebb chau m\u00e0y nh\u0103n nh\u00f3 c\u1ee7a h\u1ecd, c\u0169ng ch\u01b0a bao gi\u1edd nghe th\u1ea5y h\u1ecd than th\u00e2n tr\u00e1ch ph\u1eadn. V\u00ec h\u1ecd bi\u1ebft n\u1ed9i t\u00e2m m\u00ecnh khao kh\u00e1t \u0111i\u1ec1u g\u00ec nh\u1ea5t n\u00ean h\u1ecd bi\u1ebft c\u00e1ch l\u1ef1a ch\u1ecdn, kh\u00f4ng d\u00e2y d\u01b0a l\u1eb1ng nh\u1eb1ng, kh\u00f4ng ti\u1ebfc nu\u1ed1i, c\u00e0ng kh\u00f4ng bao gi\u1edd ph\u1ea3i lo l\u1eafng v\u1ec1 c\u00e1i g\u1ecdi l\u00e0 b\u1ecf l\u1ee1.<\/p>\n<p>T\u00f4i v\u1eabn lu\u00f4n cho r\u1eb1ng, ph\u1ee5 n\u1eef th\u1eddi nay coi tr\u1ecdng \u0111\u00e0n \u00f4ng, t\u00ecnh y\u00eau v\u00e0 h\u00f4n nh\u00e2n, \u0111\u1ebfn m\u1ee9c kh\u00f4ng ng\u1eebng b\u00e1m v\u00edu v\u00e0o th\u00e1i \u0111\u1ed9 c\u1ee7a \u0111\u00e0n \u00f4ng \u0111\u1ed1i v\u1edbi m\u00ecnh. Ng\u01b0\u1eddi \u0111\u00e0n \u00f4ng nh\u01b0 v\u1eady r\u1ed1t cu\u1ed9c c\u00f3 \u0111\u00e1ng \u0111\u1ec3 l\u1ea5y l\u00e0m ch\u1ed3ng kh\u00f4ng. N\u00f3i th\u1ef1c l\u00f2ng, n\u1ebfu b\u1ea1n d\u1ed3n h\u1ebft nh\u1eefng t\u00e2m t\u01b0 \u0111\u00e3 \u0111\u1eb7t v\u00e0o \u0111\u00e0n \u00f4ng \u0111\u1ec3 trau d\u1ed3i cho b\u1ea3n th\u00e2n, th\u00ec b\u1ea1n \u0111\u00e3 tr\u1edf th\u00e0nh n\u1eef th\u1ea7n l\u00e2u r\u1ed3i.<\/p>\n<p>Cu\u1ed9c \u0111\u1eddi c\u1ee7a m\u1ed9t ng\u01b0\u1eddi ph\u1ee5 n\u1eef s\u1ebd ph\u1ea3i \u0111\u1ed1i m\u1eb7t v\u1edbi nhi\u1ec1u ch\u1ecdn l\u1ef1a h\u01a1n \u0111\u00e0n \u00f4ng, tr\u00e1ch nhi\u1ec7m c\u00e0ng n\u1eb7ng n\u1ec1 th\u00ec suy ngh\u0129 c\u0169ng s\u1ebd c\u00e0ng nhi\u1ec1u, nh\u01b0ng \u0111i\u1ec1u th\u1ef1c s\u1ef1 khi\u1ebfn ph\u1ee5 n\u1eef ng\u00e0y m\u1ed9t h\u00e9o m\u00f2n v\u1ed1n kh\u00f4ng ph\u1ea3i s\u1ef1 kh\u00f3 x\u1eed khi \u0111\u01b0a ra nh\u1eefng quy\u1ebft \u0111\u1ecbnh, m\u00e0 l\u00e0 khi h\u1ecd kh\u00f4ng bi\u1ebft b\u1ea3n th\u00e2n mu\u1ed1n g\u00ec. Kh\u00f4ng t\u1ef1 tin v\u1ec1 cu\u1ed9c s\u1ed1ng m\u00e0 b\u1ea3n th\u00e2n mong mu\u1ed1n, kh\u00f4ng \u0111\u1ee7 b\u1ea3n l\u0129nh ch\u00ednh l\u00e0 g\u00e1nh n\u1eb7ng l\u1edbn nh\u1ea5t c\u1ee7a ng\u01b0\u1eddi ph\u1ee5 n\u1eef.<\/p>\n<p>H\u00e3y c\u1ee9 ng\u1eabm ngh\u0129 m\u00e0 xem, c\u00f3 bi\u1ebft bao ng\u01b0\u1eddi ph\u1ee5 n\u1eef ph\u1ea3i s\u1ed1ng m\u1ed9t cu\u1ed9c \u0111\u1eddi khu\u00f4n m\u1eabu r\u1ed3i? N\u1ebfu n\u00f3i nh\u1eefng phi\u00ean b\u1ea3n c\u0169 \u0111\u00e3 \u0111\u01b0\u1ee3c c\u00e0i \u0111\u1eb7t s\u1eb5n t\u1eeb tr\u01b0\u1edbc khi ch\u00fang ta ra \u0111\u1eddi, v\u1eady th\u00ec c\u0169ng gi\u1ed1ng nh\u01b0 trong tr\u00f2 ch\u01a1i \u0111i\u1ec7n t\u1eed, ch\u00fang ta c\u00f3 th\u1ec3 ch\u01a1i l\u1ea1i m\u1ed9t v\u00e1n m\u1edbi b\u1ea5t c\u1ee9 l\u00fac n\u00e0o. Nhi\u1ec1u l\u00fac, ch\u00fang ta kh\u00f4ng th\u1ec3 bu\u00f4ng b\u1ecf t\u1ea5t c\u1ea3 nh\u1eefng g\u00ec b\u1ea3n th\u00e2n \u0111\u00e3 t\u00edch l\u0169y \u0111\u01b0\u1ee3c trong qu\u00e1 kh\u1ee9 l\u00e0 b\u1edfi ch\u00fang ta lu\u00f4n tin r\u1eb1ng, gi\u00e0u sang quy\u1ec1n qu\u00fd m\u1edbi c\u00f3 th\u1ec3 nu\u00f4i s\u1ed1ng m\u1ed9t cu\u1ed9c \u0111\u1eddi l\u00fd t\u01b0\u1edfng.<\/p>\n<p>Ch\u1ec9 khi ch\u00fang ta tin r\u1eb1ng b\u1ea3n th\u00e2n c\u00f3 \u0111\u1ee7 n\u0103ng l\u1ef1c \u0111\u1ec3 gi\u01b0\u01a1ng bu\u1ed3m ra kh\u01a1i b\u1ea5t c\u1ee9 l\u00fac n\u00e0o, ch\u00fang ta m\u1edbi c\u00f3 th\u1ec3 bu\u00f4ng b\u1ecf nh\u1eefng th\u00e0nh c\u00f4ng v\u00e0 th\u1ea5t b\u1ea1i trong qu\u00e1 kh\u1ee9. M\u1ed9t ng\u01b0\u1eddi ph\u1ee5 n\u1eef hi\u1ec3u bi\u1ebft, ch\u00ednh l\u00e0 ng\u01b0\u1eddi \u0111\u1ee7 t\u1ef1 tin \u0111\u1ec3 ph\u00e1 v\u1ee1 nh\u1eefng khu\u00f4n m\u1eabu \u0111\u00f3, d\u00e0nh l\u1ea1i cho m\u00ecnh m\u1ed9t cu\u1ed9c s\u1ed1ng \u0111\u1eb3ng c\u1ea5p h\u01a1n.<\/p>\n<p>Ph\u1ee5 n\u1eef hi\u1ec3u bi\u1ebft s\u1ebd c\u00f3 cu\u1ed9c s\u1ed1ng \u0111\u1eb3ng c\u1ea5p h\u01a1n \u2013 H\u00e3y t\u1ef1 n\u00e2ng c\u1ea5p b\u1ea3n th\u00e2n m\u1ed9t c\u00e1ch to\u00e0n di\u1ec7n, b\u1edfi m\u1ed9t ng\u01b0\u1eddi ph\u1ee5 n\u1eef c\u00f3 s\u1ee9c quy\u1ebfn r\u0169 kh\u00f4ng ch\u1ec9 nh\u1edd m\u1ed9t g\u01b0\u01a1ng m\u1eb7t \u0111\u1eb9p, m\u00e0 c\u00f2n nh\u1edd s\u1ef1 hi\u1ec3u bi\u1ebft c\u1ee7a b\u1ea3n th\u00e2n.<\/p>\n","protected":false},"excerpt":{"rendered":"<p>Ph\u1ee5 N\u1eef Hi\u1ec3u Bi\u1ebft S\u1ebd C\u00f3 Cu\u1ed9c S\u1ed1ng \u0110\u1eb3ng C\u1ea5p H\u01a1n<\/p>\n<p>Th\u1ebf gi\u1edbi n\u00e0y c\u00f3 m\u1ed9t ki\u1ec3u ph\u1ee5 n\u1eef s\u1ed1ng v\u00f4 t\u01b0 tho\u1ea3i m\u00e1i, r\u1ea5t kh\u00f3 \u0111\u1ec3 nh\u00ecn th\u1ea5y d\u00e1ng v\u1ebb chau m\u00e0y nh\u0103n nh\u00f3 c\u1ee7a h\u1ecd, c\u0169ng ch\u01b0a bao gi\u1edd nghe th\u1ea5y h\u1ecd than th\u00e2n tr\u00e1ch ph\u1eadn. V\u00ec h\u1ecd bi\u1ebft n\u1ed9i t\u00e2m m\u00ecnh khao kh\u00e1t \u0111i\u1ec1u g\u00ec nh\u1ea5t n\u00ean h\u1ecd bi\u1ebft c\u00e1ch l\u1ef1a ch\u1ecdn, kh\u00f4ng d\u00e2y d\u01b0a l\u1eb1ng nh\u1eb1ng, kh\u00f4ng ti\u1ebfc nu\u1ed1i, c\u00e0ng kh\u00f4ng bao gi\u1edd ph\u1ea3i lo l\u1eafng v\u1ec1 c\u00e1i g\u1ecdi l\u00e0 b\u1ecf l\u1ee1.<\/p>\n<p>T\u00f4i v\u1eabn lu\u00f4n cho r\u1eb1ng, ph\u1ee5 n\u1eef th\u1eddi nay coi tr\u1ecdng \u0111\u00e0n \u00f4ng, t\u00ecnh y\u00eau v\u00e0 h\u00f4n nh\u00e2n, \u0111\u1ebfn m\u1ee9c kh\u00f4ng ng\u1eebng b\u00e1m v\u00edu v\u00e0o th\u00e1i \u0111\u1ed9 c\u1ee7a \u0111\u00e0n \u00f4ng \u0111\u1ed1i v\u1edbi m\u00ecnh. Ng\u01b0\u1eddi \u0111\u00e0n \u00f4ng nh\u01b0 v\u1eady r\u1ed1t cu\u1ed9c c\u00f3 \u0111\u00e1ng \u0111\u1ec3 l\u1ea5y l\u00e0m ch\u1ed3ng kh\u00f4ng. N\u00f3i th\u1ef1c l\u00f2ng, n\u1ebfu b\u1ea1n d\u1ed3n h\u1ebft nh\u1eefng t\u00e2m t\u01b0 \u0111\u00e3 \u0111\u1eb7t v\u00e0o \u0111\u00e0n \u00f4ng \u0111\u1ec3 trau d\u1ed3i cho b\u1ea3n th\u00e2n, th\u00ec b\u1ea1n \u0111\u00e3 tr\u1edf th\u00e0nh n\u1eef th\u1ea7n l\u00e2u r\u1ed3i.<\/p>\n<p>Cu\u1ed9c \u0111\u1eddi c\u1ee7a m\u1ed9t ng\u01b0\u1eddi ph\u1ee5 n\u1eef s\u1ebd ph\u1ea3i \u0111\u1ed1i m\u1eb7t v\u1edbi nhi\u1ec1u ch\u1ecdn l\u1ef1a h\u01a1n \u0111\u00e0n \u00f4ng, tr\u00e1ch nhi\u1ec7m c\u00e0ng n\u1eb7ng n\u1ec1 th\u00ec suy ngh\u0129 c\u0169ng s\u1ebd c\u00e0ng nhi\u1ec1u, nh\u01b0ng \u0111i\u1ec1u th\u1ef1c s\u1ef1 khi\u1ebfn ph\u1ee5 n\u1eef ng\u00e0y m\u1ed9t h\u00e9o m\u00f2n v\u1ed1n kh\u00f4ng ph\u1ea3i s\u1ef1 kh\u00f3 x\u1eed khi \u0111\u01b0a ra nh\u1eefng quy\u1ebft \u0111\u1ecbnh, m\u00e0 l\u00e0 khi h\u1ecd kh\u00f4ng bi\u1ebft b\u1ea3n th\u00e2n mu\u1ed1n g\u00ec. Kh\u00f4ng t\u1ef1 tin v\u1ec1 cu\u1ed9c s\u1ed1ng m\u00e0 b\u1ea3n th\u00e2n mong mu\u1ed1n, kh\u00f4ng \u0111\u1ee7 b\u1ea3n l\u0129nh ch\u00ednh l\u00e0 g\u00e1nh n\u1eb7ng l\u1edbn nh\u1ea5t c\u1ee7a ng\u01b0\u1eddi ph\u1ee5 n\u1eef.<\/p>\n<p>H\u00e3y c\u1ee9 ng\u1eabm ngh\u0129 m\u00e0 xem, c\u00f3 bi\u1ebft bao ng\u01b0\u1eddi ph\u1ee5 n\u1eef ph\u1ea3i s\u1ed1ng m\u1ed9t cu\u1ed9c \u0111\u1eddi khu\u00f4n m\u1eabu r\u1ed3i? N\u1ebfu n\u00f3i nh\u1eefng phi\u00ean b\u1ea3n c\u0169 \u0111\u00e3 \u0111\u01b0\u1ee3c c\u00e0i \u0111\u1eb7t s\u1eb5n t\u1eeb tr\u01b0\u1edbc khi ch\u00fang ta ra \u0111\u1eddi, v\u1eady th\u00ec c\u0169ng gi\u1ed1ng nh\u01b0 trong tr\u00f2 ch\u01a1i \u0111i\u1ec7n t\u1eed, ch\u00fang ta c\u00f3 th\u1ec3 ch\u01a1i l\u1ea1i m\u1ed9t v\u00e1n m\u1edbi b\u1ea5t c\u1ee9 l\u00fac n\u00e0o. Nhi\u1ec1u l\u00fac, ch\u00fang ta kh\u00f4ng th\u1ec3 bu\u00f4ng b\u1ecf t\u1ea5t c\u1ea3 nh\u1eefng g\u00ec b\u1ea3n th\u00e2n \u0111\u00e3 t\u00edch l\u0169y \u0111\u01b0\u1ee3c trong qu\u00e1 kh\u1ee9 l\u00e0 b\u1edfi ch\u00fang ta lu\u00f4n tin r\u1eb1ng, gi\u00e0u sang quy\u1ec1n qu\u00fd m\u1edbi c\u00f3 th\u1ec3 nu\u00f4i s\u1ed1ng m\u1ed9t cu\u1ed9c \u0111\u1eddi l\u00fd t\u01b0\u1edfng.<\/p>\n<p>Ch\u1ec9 khi ch\u00fang ta tin r\u1eb1ng b\u1ea3n th\u00e2n c\u00f3 \u0111\u1ee7 n\u0103ng l\u1ef1c \u0111\u1ec3 gi\u01b0\u01a1ng bu\u1ed3m ra kh\u01a1i b\u1ea5t c\u1ee9 l\u00fac n\u00e0o, ch\u00fang ta m\u1edbi c\u00f3 th\u1ec3 bu\u00f4ng b\u1ecf nh\u1eefng th\u00e0nh c\u00f4ng v\u00e0 th\u1ea5t b\u1ea1i trong qu\u00e1 kh\u1ee9. M\u1ed9t ng\u01b0\u1eddi ph\u1ee5 n\u1eef hi\u1ec3u bi\u1ebft, ch\u00ednh l\u00e0 ng\u01b0\u1eddi \u0111\u1ee7 t\u1ef1 tin \u0111\u1ec3 ph\u00e1 v\u1ee1 nh\u1eefng khu\u00f4n m\u1eabu \u0111\u00f3, d\u00e0nh l\u1ea1i cho m\u00ecnh m\u1ed9t cu\u1ed9c s\u1ed1ng \u0111\u1eb3ng c\u1ea5p h\u01a1n.<\/p>\n<p>Ph\u1ee5 n\u1eef hi\u1ec3u bi\u1ebft s\u1ebd c\u00f3 cu\u1ed9c s\u1ed1ng \u0111\u1eb3ng c\u1ea5p h\u01a1n \u2013 H\u00e3y t\u1ef1 n\u00e2ng c\u1ea5p b\u1ea3n th\u00e2n m\u1ed9t c\u00e1ch to\u00e0n di\u1ec7n, b\u1edfi m\u1ed9t ng\u01b0\u1eddi ph\u1ee5 n\u1eef c\u00f3 s\u1ee9c quy\u1ebfn r\u0169 kh\u00f4ng ch\u1ec9 nh\u1edd m\u1ed9t g\u01b0\u01a1ng m\u1eb7t \u0111\u1eb9p, m\u00e0 c\u00f2n nh\u1edd s\u1ef1 hi\u1ec3u bi\u1ebft c\u1ee7a b\u1ea3n th\u00e2n.<\/p>\n","protected":false},"featured_media":9637,"template":"","meta":{"_acf_changed":false},"product_brand":[],"product_cat":[15,46],"product_tag":[],"class_list":{"0":"post-9638","1":"product","2":"type-product","3":"status-publish","4":"has-post-thumbnail","6":"product_cat-sach-danh-cho-nguoi-lon","7":"product_cat-ky-nang-song","9":"first","10":"outofstock","11":"taxable","12":"shipping-taxable","13":"purchasable","14":"product-type-simple"},"supplier_id":null,"supplier_sku":"","barcode":null,"atum_controlled":true,"out_stock_date":"2021-09-11 12:18:48","out_stock_threshold":null,"inheritable":false,"inbound_stock":0,"stock_on_hold":0,"sold_today":0,"sales_last_days":0,"reserved_stock":0,"customer_returns":0,"warehouse_damage":0,"lost_in_post":0,"other_logs":0,"out_stock_days":1600,"lost_sales":0,"has_location":false,"update_date":"2026-01-28T23:10:44","atum_locations":[],"atum_stock_status":"outofstock","restock_status":false,"low_stock_amount":"","sales_update_date":"2026-01-28T23:10:44","calc_backorders":null,"acf":{"publisher":{"ID":1785,"post_author":"1","post_date":"2021-02-17 01:54:46","post_date_gmt":"2021-02-16 23:54:46","post_content":"<!-- wp:flatsome\/uxbuilder -->\n<h1 style=\"text-align: center;\"><strong>AZ VIETNAM<\/strong><\/h1>\n[row]\n\n[col span=\"8\" span__sm=\"12\"]\n\n<p>Th\u00e0nh l\u1eadp n\u0103m: 2015<br \/>V\u1ed1n \u0111\u1ea7u t\u01b0: 4,000,000,000 \u0111\u1ed3ng<br \/><strong>L\u0129nh v\u1ef1c:<\/strong><br \/>- Xu\u1ea5t b\u1ea3n v\u00e0 ph\u00e1t h\u00e0nh v\u0103n h\u00f3a ph\u1ea9m<br \/>- Cung c\u1ea5p v\u0103n h\u00f3a ph\u1ea9m, c\u00e1c s\u1ea3n ph\u1ea9m cho in \u1ea5n, trang thi\u1ebft b\u1ecb cho c\u00e1c th\u01b0 vi\u1ec7n v\u00e0 trung t\u00e2m s\u00e1ch tr\u00ean c\u1ea3 n\u01b0\u1edbc.<br \/>- Th\u1eddi trang v\u00e0 c\u00e1c s\u1ea3n ph\u1ea9m li\u00ean quan \u0111\u1ebfn l\u0129nh v\u1ef1c th\u1eddi trang<br \/>- Xu\u1ea5t nh\u1eadp kh\u1ea9u c\u00e1c s\u1ea3n ph\u1ea9m v\u0103n h\u00f3a<\/p>\n<p><strong>Quy m\u00f4:<\/strong> 60 nh\u00e2n vi\u00ean<br \/>Kh\u1edfi ngu\u1ed3n c\u1ee7a AZ Vi\u1ec7t Nam ng\u00e0y nay l\u00e0 C\u00f4ng ty TNHH Trung t\u00e2m S\u00e1ch v\u00e0 Thi\u1ebft b\u1ecb Th\u01b0 vi\u1ec7n, v\u1edbi ho\u1ea1t \u0111\u1ed9ng \u0111\u1ea7u ti\u00ean l\u00e0 cung c\u1ea5p s\u00e1ch, trang thi\u1ebft b\u1ecb, v\u0103n h\u00f3a ph\u1ea9m cho c\u00e1c th\u01b0 vi\u1ec7n v\u00e0 trung t\u00e2m s\u00e1ch tr\u00ean c\u1ea3 n\u01b0\u1edbc. T\u1eeb cu\u1ed1i n\u0103m 2010 \u0111\u1ebfn nay, ch\u00fang t\u00f4i \u0111\u00e3 kh\u00f4ng ng\u1eebng n\u1ed7 l\u1ef1c khai ph\u00e1 v\u00e0 ph\u00e1t tri\u1ec3n c\u00e1c d\u00f2ng s\u1ea3n ph\u1ea9m m\u1edbi v\u1edbi 8 th\u01b0\u01a1ng hi\u1ec7u uy t\u00edn. \u0110\u1ec3 \u0111\u00e1p \u1ee9ng nhu c\u1ea7u ph\u00e1t tri\u1ec3n ng\u00e0y m\u1ed9t l\u1edbn m\u1ea1nh v\u00e0 t\u1eadp h\u1ee3p c\u00e1c th\u01b0\u01a1ng hi\u1ec7u \u0111\u00e3 \u0111\u01b0\u1ee3c ch\u00fang t\u00f4i x\u00e2y d\u1ef1ng, 2015 C\u00f4ng ty TNHH AZ Vi\u1ec7t Nam \u0111\u00e3 ra \u0111\u1eddi v\u1edbi s\u1ee9 m\u1ec7nh mang \u0111\u1ebfn nhi\u1ec1u h\u01a1n n\u1eefa nh\u1eefng gi\u00e1 tr\u1ecb tinh th\u1ea7n, tri th\u1ee9c ti\u00ean ti\u1ebfn cho ng\u01b0\u1eddi ti\u00eau d\u00f9ng b\u1eb1ng vi\u1ec7c cung c\u1ea5p nh\u1eefng s\u1ea3n ph\u1ea9m c\u00f3 ch\u1ea5t l\u01b0\u1ee3ng.<\/p>\n\n[\/col]\n[col span=\"4\" span__sm=\"12\"]\n\n[ux_image id=\"1836\" image_size=\"medium\"]\n\n\n[\/col]\n\n[\/row]\n\n<!-- \/wp:flatsome\/uxbuilder -->","post_title":"AZ Vi\u1ec7t Nam","post_excerpt":"","post_status":"publish","comment_status":"closed","ping_status":"closed","post_password":"","post_name":"az-viet-nam","to_ping":"","pinged":"","post_modified":"2021-02-17 22:07:10","post_modified_gmt":"2021-02-17 20:07:10","post_content_filtered":"","post_parent":0,"guid":"https:\/\/sachviet.eu\/nha-phat-hanh\/az-viet-nam\/","menu_order":0,"post_type":"publisher","post_mime_type":"","comment_count":"0","filter":"raw"}},"_links":{"self":[{"href":"https:\/\/sachviet.eu\/en\/wp-json\/wp\/v2\/product\/9638","targetHints":{"allow":["GET"]}}],"collection":[{"href":"https:\/\/sachviet.eu\/en\/wp-json\/wp\/v2\/product"}],"about":[{"href":"https:\/\/sachviet.eu\/en\/wp-json\/wp\/v2\/types\/product"}],"wp:featuredmedia":[{"embeddable":true,"href":"https:\/\/sachviet.eu\/en\/wp-json\/wp\/v2\/media\/9637"}],"wp:attachment":[{"href":"https:\/\/sachviet.eu\/en\/wp-json\/wp\/v2\/media?parent=9638"}],"wp:term":[{"taxonomy":"product_brand","embeddable":true,"href":"https:\/\/sachviet.eu\/en\/wp-json\/wp\/v2\/product_brand?post=9638"},{"taxonomy":"product_cat","embeddable":true,"href":"https:\/\/sachviet.eu\/en\/wp-json\/wp\/v2\/product_cat?post=9638"},{"taxonomy":"product_tag","embeddable":true,"href":"https:\/\/sachviet.eu\/en\/wp-json\/wp\/v2\/product_tag?post=9638"}],"curies":[{"name":"wp","href":"https:\/\/api.w.org\/{rel}","templated":true}]}}