{"id":9629,"date":"2021-06-02T01:28:44","date_gmt":"2021-06-01T22:28:44","guid":{"rendered":"https:\/\/sachviet.eu\/shop\/nuoi-con-khong-phai-la-cuoc-chien-tron-bo-3-quyen\/"},"modified":"2025-03-11T17:41:03","modified_gmt":"2025-03-11T15:41:03","slug":"nuoi-con-khong-phai-la-cuoc-chien-tron-bo-3-quyen","status":"publish","type":"product","link":"https:\/\/sachviet.eu\/en\/shop\/nuoi-con-khong-phai-la-cuoc-chien-tron-bo-3-quyen\/","title":{"rendered":"Nu\u00f4i Con Kh\u00f4ng Ph\u1ea3i L\u00e0 Cu\u1ed9c Chi\u1ebfn &#8211; Tr\u1ecdn B\u1ed9 3 quy\u1ec3n"},"content":{"rendered":"<p>M\u1ed1c thai k\u00ec 40 tu\u1ea7n \u0111\u1ebfn g\u1ea7n, l\u00fac n\u00e0y c\u0169ng l\u00e0 l\u00fac m\u00e0 b\u1ea3n n\u0103ng \u201cl\u00e0m t\u1ed5\u201d c\u1ee7a m\u1eb9 tr\u1ed7i d\u1eady. Nhi\u1ec1u cha m\u1eb9, \u0111\u1eb7c bi\u1ec7t l\u00e0 c\u00e1c cha m\u1eb9 ch\u1edd \u0111\u1ee3i \u0111\u1ee9a con \u0111\u1ea7u l\u00f2ng ch\u1eafc h\u1eb3n kh\u00f4ng tr\u00e1nh kh\u1ecfi c\u1ea3m th\u1ea5y lo l\u1eafng, b\u1ed3n ch\u1ed3n ho\u1eb7c t\u1ea5t b\u1eadt mua s\u1eafm \u0111\u1ed3 d\u00f9ng, gi\u1eb7t l\u00e0 qu\u1ea7n \u00e1o v\u00e0 chu\u1ea9n b\u1ecb t\u01b0\u01a1m t\u1ea5t, ch\u1edd ng\u00e0y \u0111\u01b0\u1ee3c g\u1eb7p m\u1eb7t con y\u00eau.<\/p>\n<p>\u0110\u00e2y c\u0169ng l\u00e0 l\u00fac m\u00e0 c\u00e2u chuy\u1ec7n c\u1ee7a ch\u00fang ta b\u1eaft \u0111\u1ea7u\u2026<\/p>\n<p>B\u00ean c\u1ea1nh nh\u1eefng v\u1eadt ch\u1ea5t c\u01a1 b\u1ea3n nh\u01b0 qu\u1ea7n \u00e1o, t\u00e3, b\u00ecnh\u2026 th\u00ec nh\u1eefng ki\u1ebfn th\u1ee9c khoa h\u1ecdc v\u1ec1 \u0103n, ng\u1ee7 v\u00e0 an to\u00e0n cho b\u00e9 c\u0169ng l\u00e0 nh\u1eefng y\u1ebfu t\u1ed1 h\u1ebft s\u1ee9c c\u1ea7n thi\u1ebft m\u00e0 cha m\u1eb9 c\u1ea7n trang b\u1ecb cho m\u00ecnh t\u1eeb tr\u01a3\u1edbc khi con ch\u00e0o \u0111\u1eddi. Khoa h\u1ecdc v\u1ec1 dinh d\u01b0\u1ee1ng tr\u1ebb s\u01a1 sinh, v\u1ec1 s\u1eefa non v\u00e0 d\u1ef1 tr\u1eef dinh d\u01b0\u1ee1ng n\u01a1i cu\u1ed1ng r\u1ed1n, khoa h\u1ecdc v\u1ec1 gi\u1ea5c ng\u1ee7 c\u1ee7a tr\u1ebb v\u00e0 nh\u1eefng \u0111i\u1ec1u ki\u1ec7n an to\u00e0n \u0103n v\u00e0 an to\u00e0n ng\u1ee7 c\u1ee7a b\u00e9 s\u01a1 sinh l\u00e0 nh\u1eefng th\u00f4ng tin thi\u1ebft y\u1ebfu m\u00e0 cha m\u1eb9 th\u1ef1c s\u1ef1 c\u1ea7n trang b\u1ecb \u0111\u1ea7y \u0111\u1ee7 \u0111\u1ec3 \u0111\u00f3n ch\u00e0o b\u00e9 th\u01a1.<\/p>\n<p>Th\u1eddi kh\u1eafc B\u00e9 ch\u00e0o \u0111\u1eddi c\u0169ng l\u00e0 l\u00fac m\u00e0 nh\u1ecbp sinh ho\u1ea1t c\u1ee7a gia \u0111\u00ecnh x\u00e1o tr\u1ed9n, v\u00e0 l\u00fac \u0111\u00f3 s\u1ef1 ph\u1ee5c h\u1ed3i s\u1ee9c kho\u1ebb c\u1ee7a ng\u01a3\u1eddi m\u1eb9 ph\u1ee5 thu\u1ed9c r\u1ea5t nhi\u1ec1u v\u00e0o c\u00e1ch t\u1ed5 ch\u1ee9c n\u1ebfp s\u1ed1ng, sinh ho\u1ea1t c\u0169ng nh\u01b0 b\u1ed1 tr\u00ed vi\u1ec7c \u0103n ng\u1ee7 d\u00e0nh cho b\u00e9 s\u01a1 sinh.<\/p>\n<p>B\u1ed9 s\u00e1ch n\u00e0y l\u00e0 s\u1ef1 gi\u1ea3i \u0111\u00e1p cho nh\u1eefng c\u00e2u h\u1ecfi m\u00e0 ch\u00fang t\u00f4i nh\u1eadn \u0111\u01b0\u1ee3c t\u1eeb c\u00e1c b\u1eadc cha m\u1eb9 tr\u1ebb trong 5 n\u0103m qua v\u1ec1 nh\u1eefng v\u1ea5n \u0111\u1ec1 c\u1ee7a c\u00e1c em b\u00e9 t\u1eeb s\u01a1 sinh cho \u0111\u1ebfn ch\u1eadp ch\u1eefng bi\u1ebft \u0111i: con \u0103n ra sao, con ng\u1ee7 bao nhi\u00eau l\u00e0 \u0111\u1ee7\u2026 V\u00e0 b\u00ed quy\u1ebft l\u00e0 g\u00ec \u0111\u1ec3 nu\u00f4i con kho\u1ebb m\u1ea1nh v\u00e0 khoa h\u1ecdc nh\u1ea5t, \u0111\u1ec3 t\u0103ng th\u00eam th\u00e0nh vi\u00ean m\u1edbi l\u00e0 t\u0103ng th\u00eam ni\u1ec1m vui ch\u1ee9 kh\u00f4ng ph\u1ea3i g\u00e1nh n\u1eb7ng v\u1ea5t v\u1ea3 cho m\u1ecdi ng\u01a3\u1eddi? L\u00e0m th\u1ebf n\u00e0o \u0111\u1ec3 con ng\u1ee7 \u0111\u1ee7 theo nhu c\u1ea7u l\u1ee9a tu\u1ed5i v\u00e0 c\u00f3 n\u1ec1n t\u1ea3ng t\u1ed1t nh\u1ea5t cho s\u1ef1 ph\u00e1t tri\u1ec3n th\u1ec3 ch\u1ea5t v\u00e0 tr\u00ed tu\u1ec7? L\u00e0m th\u1ebf n\u00e0o \u0111\u1ec3 b\u00e9 th\u01a1 c\u00f3 th\u1ec3 t\u1ef1 h\u1ecdc c\u00e1ch \u0111\u01b0a m\u00ecnh v\u00e0o gi\u1ea5c ng\u1ee7 m\u00e0 kh\u00f4ng c\u1ea7n ph\u1ea3i ch\u1edd \u0111\u1ebfn ti m\u1eb9, kh\u00f4ng ph\u1ea3i ph\u1ee5 thu\u1ed9c v\u00e0o c\u00e1nh tay b\u1ebf hay t\u1eeb s\u1ef1 \u0111ung \u0111\u01b0a c\u1ee7a nh\u1eefng chi\u1ebfc v\u00f5ng v\u00e0 nh\u1eefng l\u1eddi ru \u0111\u1ebfn l\u1ea1c gi\u1ecdng c\u1ee7a ng\u01b0\u1eddi l\u1edbn?<\/p>\n<p>Song h\u00e0nh c\u00f9ng b\u1ea1n, qua b\u1ed9 s\u00e1ch n\u00e0y, ch\u00fang t\u00f4i c\u1ed1 g\u1eafng cung c\u1ea5p \u0111\u1ea7y \u0111\u1ee7 v\u00e0 chi ti\u1ebft h\u01a1n theo nh\u1eefng m\u1ed1c ph\u00e1t tri\u1ec3n c\u1ee7a b\u00e9 c\u0169ng nh\u01b0 l\u00fd gi\u1ea3i nh\u1eefng kh\u00fac m\u1eafc v\u00e0 gi\u1ea3m b\u1edbt nh\u1eefng lo l\u1eafng, hoang mang kh\u00f4ng c\u1ea7n thi\u1ebft cho nh\u1eefng b\u1eadc \u00f4ng b\u00e0 \u2013 cha m\u1eb9 khi nu\u00f4i con trong nh\u1eefng n\u0103m \u0111\u1ea7u \u0111\u1eddi. Ch\u00fang t\u00f4i mong r\u1eb1ng b\u1ed9 s\u00e1ch n\u00e0y s\u1ebd mang \u0111\u1ebfn cho gia \u0111\u00ecnh b\u1ea1n s\u1ef1 an t\u00e2m, th\u01a3 gi\u00e3n v\u00e0 phong th\u00e1i b\u00ecnh t\u0129nh khi nu\u00f4i v\u00e0 d\u1ea1y b\u00e9 th\u01a1. B\u1edfi, suy cho c\u00f9ng, nu\u00f4i con kh\u00f4ng bao gi\u1edd l\u00e0 cu\u1ed9c chi\u1ebfn c\u1ea3. K\u1ef7 ni\u1ec7m c\u1ee7a b\u1ea1n v\u1ec1 nh\u1eefng ng\u00e0y th\u01a1 \u1ea5u c\u00f9ng con s\u1ebd l\u00e0 nh\u1eefng chu\u1ed7i ng\u00e0y ng\u1eadp tr\u00e0n ni\u1ec1m vui, c\u00f9ng con l\u1edbn l\u00ean t\u1eeb b\u00f2 tr\u01b0\u1eddn cho \u0111\u1ebfn ch\u1eadp ch\u1eefng bi\u1ebft \u0111i, t\u1eeb ni\u1ec1m vui khi ng\u1eafm con b\u00fa t\u1eebng gi\u1ecdt s\u1eefa cho \u0111\u1ebfn s\u1ef1 ph\u1ea5n kh\u00edch khi con b\u1ecfm b\u1ebbm nhai trong t\u1eebng b\u1eefa \u0103n. T\u1ea5t c\u1ea3 b\u00ed quy\u1ebft \u0111\u00f3 n\u1eb1m \u1edf s\u1ef1 th\u00f4ng th\u00e1i, tinh th\u1ea7n b\u00ecnh t\u0129nh, ki\u00ean tr\u00ec m\u00e0 quy\u1ebft \u0111o\u00e1n, c\u1ed9ng v\u1edbi r\u1ea5t nhi\u1ec1u t\u00ecnh y\u00eau.<\/p>\n<p>Cu\u1ed1n 1: EM B\u00c9 S\u01a0 SINH CH\u00c0O \u0110\u1edcI \u2013 Khoa h\u1ecdc v\u1ec1 b\u1eefa \u0103n v\u00e0 gi\u1ea5c ng\u1ee7 c\u1ee7a b\u00e9 th\u01a1. <\/p>\n<p>Bao g\u1ed3m nh\u1eefng ki\u1ebfn th\u1ee9c chung cha m\u1eb9 c\u1ea7n bi\u1ebft v\u1ec1 tr\u1ebb t\u1eeb l\u00fac s\u01a1 sinh, gi\u00fap cha m\u1eb9 kh\u1edfi \u0111\u1ed9ng k\u1ef9 n\u0103ng quan s\u00e1t, l\u1eafng nghe v\u00e0 k\u1ebft n\u1ed1i v\u1edbi con m\u00ecnh. L\u00e0m cha me th\u00f4ng th\u00e1i b\u1eaft \u0111\u1ea7u t\u1eeb nh\u1eefng hi\u1ec3u bi\u1ebft khoa h\u1ecdc l\u00e0 \u0111\u00e2y.<\/p>\n<p>\u0110\u1ed3ng h\u00e0nh t\u1eeb \u0111\u1ea7u \u0111\u1ebfn cu\u1ed1i c\u1ee7a cu\u1ed1n s\u00e1ch n\u00e0y, b\u1ea1n s\u1ebd \u0111\u1ecdc \u0111\u01b0\u1ee3c r\u1ea5t nhi\u1ec1u v\u1ec1 N\u00daT CH\u1edc v\u00e0 v\u1ec1 tr\u00ecnh t\u1ef1 sinh ho\u1ea1t (routine). <\/p>\n<p>N\u00fat ch\u1edd ch\u00ednh l\u00e0 b\u00e0i h\u1ecdc v\u1ec1 s\u1ef1 quan s\u00e1t v\u00e0 ki\u00ean nh\u1eabn t\u1eeb c\u1ea3 ph\u00eda cha m\u1eb9 v\u00e0 b\u00e9. N\u00fat ch\u1edd l\u00e0 l\u00fac cha m\u1eb9 quan s\u00e1t v\u00e0 h\u1ecdc \u201cng\u00f4n ng\u1eef\u201d c\u1ee7a con, l\u00e0 l\u00fac cha m\u1eb9 t\u00ecm ra c\u00e2u h\u1ecfi \u0111\u00fang nh\u1ea5t cho t\u1eebng ti\u1ebfng kh\u00f3c v\u00e0 t\u1eebng c\u1eed ch\u1ec9 c\u1ee7a b\u00e9. N\u00fat ch\u1edd l\u00e0 b\u00e0i h\u1ecdc qu\u00ed gi\u00e1 v\u1ec1 s\u1ef1 ki\u00ean nh\u1eabn v\u1edbi cha m\u1eb9 v\u00e0 c\u1ea3 cho b\u00e9 n\u1eefa. <\/p>\n<p>Tr\u00ecnh t\u1ef1 sinh ho\u1ea1t (routine) ch\u00ednh l\u00e0 vi\u1ec7c t\u1ea1o ph\u1ea3n x\u1ea1 c\u00f3 \u0111i\u1ec1u ki\u1ec7n cho b\u00e9, gi\u00fap b\u00e9 nh\u1eadn bi\u1ebft tr\u01b0\u1edbc \u0111\u01b0\u1ee3c \u0111i\u1ec1u g\u00ec s\u1ebd x\u1ea3y ra v\u1edbi ch\u00ednh m\u00ecnh. T\u1eeb \u0111\u00f3, n\u1ebfp s\u1ed1ng c\u1ee7a gia \u0111\u00ecnh c\u00f3 th\u1ec3 theo m\u1ed9t chu k\u1ef3 nh\u1ea5t \u0111\u1ecbnh, nh\u1ecbp nh\u00e0ng v\u00e0 t\u01b0\u01a1ng \u0111\u1ed1i \u00edt bi\u1ebfn \u0111\u1ed9ng v\u00e0 \u00edt chao \u0111\u1ea3o h\u01a1n r\u1ea5t nhi\u1ec1u so v\u1edbi sinh ho\u1ea1t ng\u1eabu h\u1ee9ng. <\/p>\n<p>Ch\u00fang t\u00f4i s\u1ebd b\u00e0n nhi\u1ec1u h\u01a1n v\u1ec1 n\u00fat ch\u1edd v\u00e0 tr\u00ecnh t\u1ef1 sinh ho\u1ea1t, c\u0169ng nh\u01a3 c\u00e1ch \u00e1p d\u1ee5ng nh\u1eefng ch\u00eca kho\u00e1 v\u00e0ng n\u00e0y v\u00e0o ho\u1ea1t \u0111\u1ed9ng h\u00e0ng ng\u00e0y c\u1ee7a b\u00e9 \u1edf c\u00e1c ch\u01a3\u01a1ng sau c\u1ee7a cu\u1ed1n s\u00e1ch. S\u1ef1 chuy\u1ec3n bi\u1ebfn t\u1eeb sinh ho\u1ea1t tu\u1ef3 ti\u1ec7n l\u1ed9n t\u00f9ng ph\u00e8o sang n\u1ec1 n\u1ebfp s\u1ebd \u0111\u01b0\u1ee3c tr\u00ecnh b\u00e0y qua r\u1ea5t nhi\u1ec1u v\u00ed d\u1ee5 th\u1ef1c t\u1ebf c\u1ee7a c\u00e1c m\u1eb9 Vi\u1ec7t \u0111\u00e3 v\u00e0 \u0111ang \u00e1p d\u1ee5ng h\u00e0ng ng\u00e0y.<\/p>\n<p>Cu\u1ed1n 2: EASY \u2013 Ch\u00eca kh\u00f3a c\u1ee7a cha m\u1eb9 th\u00f4ng th\u00e1i. <\/p>\n<p>\u0110\u00e2y l\u00e0 n\u1ed9i dung ch\u1ee7 \u0111i\u1ec3m c\u1ee7a b\u1ed9 s\u00e1ch, trong \u0111\u00f3 nh\u00f3m t\u00e1c gi\u1ea3 \u0111i s\u00e2u v\u00e0o gi\u1ea3i quy\u1ebft nhi\u1ec1u v\u1ea5n \u0111\u1ec1 l\u1edbn nh\u1ecf c\u1ee7a nh\u1eefng m\u1ed1c \u0111\u1ed9 tu\u1ed5i kh\u00e1c nhau: t\u1eeb nh\u1eefng kh\u1ee7ng ho\u1ea3ng ng\u1ee7 cho \u0111\u1ebfn nh\u1eefng v\u1ea5n \u0111\u1ec1 s\u1ee3 xa c\u00e1ch, b\u00e1m m\u1eb9\u2026 Nh\u00f3m t\u00e1c gi\u1ea3 c\u0169ng g\u1ee3i \u00fd nhi\u1ec1u gi\u1ea3i ph\u00e1p cho v\u1ea5n \u0111\u1ec1 ng\u1ee7 ng\u1eafn, khuy\u1ebfn kh\u00edch b\u00e9 ng\u1ee7 qua \u0111\u00eam hay v\u1ea5n \u0111\u1ec1 \u0103n thi\u1ebfu hi\u1ec7u qu\u1ea3. EASY ch\u00ednh l\u00e0 tr\u1ecdng t\u00e2m \u0111\u1ec3 t\u1ea1o n\u00ean s\u1ef1 tin t\u01b0\u1edfng v\u00e0 k\u1ebft n\u1ed1i c\u00f9ng ph\u00e1t tri\u1ec3n gi\u1eefa em b\u00e9 v\u00e0 nh\u1eefng ng\u01a3\u1eddi xung quanh m\u00ecnh.<\/p>\n<p>E.A.S.Y kh\u00f4ng c\u00f3 g\u00ec to t\u00e1t c\u1ea3, n\u00f3 b\u1eaft \u0111\u1ea7u t\u1eeb kh\u00e1i ni\u1ec7m v\u1ec1 qui lu\u1eadt\/chu k\u00ec\/nh\u1ecbp sinh ho\u1ea1t. E.A.S.Y gi\u00fap con v\u00e0 c\u1ea3 nh\u1eefng ng\u01b0\u1eddi ch\u0103m s\u00f3c b\u00e9 n\u1eafm b\u1eaft \u0111\u01b0\u1ee3c nh\u1eefng g\u00ec s\u1ebd x\u1ea3y ra trong ng\u00e0y. Em b\u00e9 c\u00f3 quy\u1ec1n \u0111\u01b0\u1ee3c bi\u1ebft nh\u1eefng g\u00ec x\u1ea3y ra v\u1edbi m\u00ecnh. Nh\u1eefng ng\u01b0\u1eddi ch\u0103m s\u00f3c b\u00e9 c\u0169ng c\u00f3 th\u1ec3 \u0111o\u00e1n tr\u01b0\u1edbc \u0111\u01b0\u1ee3c nhu c\u1ea7u s\u1eafp t\u1edbi c\u1ee7a b\u00e9 khi b\u00e9 theo m\u1ed9t chu k\u1ef3 sinh ho\u1ea1t nh\u1ea5t \u0111\u1ecbnh. \u0110i\u1ec1u n\u00e0y gi\u00fap cho t\u1ea5t c\u1ea3 c\u00e1c th\u00e0nh vi\u00ean trong gia \u0111\u00ecnh \u2013 d\u00f9 \u1edf b\u1ea5t c\u1ee9 c\u01b0\u01a1ng v\u1ecb n\u00e0o \u2013 \u0111\u1ec1u c\u00f3 th\u1ec3 tr\u1edf n\u00ean ch\u1ee7 \u0111\u1ed9ng h\u1ee3n, bi\u1ebft tr\u01b0\u1edbc \u0111\u01b0\u1ee3c nh\u1eefng \u0111i\u1ec1u g\u00ec s\u1eafp \u0111\u1ebfn, m\u1ecdi vi\u1ec7c s\u1ebd di\u1ec5n ra tr\u00f4i ch\u1ea3y h\u01a1n, \u00edt c\u00e1c bi\u1ebfn \u0111\u1ed9ng b\u1ea5t ng\u1edd h\u01a1n v\u00e0 t\u1eeb \u0111\u00f3 vi\u1ec7c ch\u0103m s\u00f3c tr\u1ebb c\u0169ng tr\u1edf n\u00ean d\u1ec5 d\u00e0ng h\u01a1n. . \u0110\u00e2y c\u0169ng ch\u00ednh l\u00e0 n\u1ec1n t\u1ea3ng x\u00e2y d\u1ef1ng s\u1ef1 tin t\u01b0\u1edfng l\u1eabn nhau gi\u1eefa em b\u00e9 v\u00e0 ng\u01a3\u1eddi ch\u0103m s\u00f3c, c\u0169ng nh\u01a3 x\u00e2y d\u1ef1ng m\u1ed1i li\u00ean k\u1ebft gi\u1eefa b\u00e9 v\u00e0 gia \u0111\u00ecnh.<\/p>\n<p> \u1ede ph\u1ea7n 2 c\u1ee7a b\u1ed9 s\u00e1ch n\u00e0y, nh\u00f3m t\u00e1c gi\u1ea3 m\u1eddi \u0111\u1ecdc gi\u1ea3 c\u00f9ng t\u00ecm hi\u1ec3u v\u1ec1 kh\u00e1i ni\u1ec7m E.A.S.Y v\u00e0 l\u00fd do v\u00ec sao n\u00f3 l\u1ea1i th\u00e0nh c\u00f4ng \u0111\u1ebfn v\u1eady; c\u00e1ch \u00e1p d\u1ee5ng E.A.S.Y cho t\u1eebng l\u1ee9a tu\u1ed5i; nh\u1eefng l\u1ecbch sinh ho\u1ea1t m\u1eabu v\u00e0 nh\u1eefng kh\u00fac m\u1eafc trong \u00e1p d\u1ee5ng E.A.S.Y khi con tr\u1ea3i qua c\u00e1c giai \u0111o\u1ea1n ph\u00e1t tri\u1ec3n th\u1ec3 ch\u1ea5t v\u00e0 tinh th\u1ea7n. Ch\u00fang t\u00f4i c\u0169ng ghi nh\u1eadn l\u1ea1i nh\u1eefng tr\u01a3\u1eddng h\u1ee3p kinh \u0111i\u1ec3n v\u00e0 nh\u1eefng kinh nghi\u1ec7m qu\u00fd b\u00e1u c\u1ee7a c\u00e1c b\u1eadc cha m\u1eb9 \u0111i tr\u01a3\u1edbc truy\u1ec1n l\u1ea1i hay nh\u1eefng gi\u1ea3i ph\u00e1p t\u1ed5 ch\u1ee9c cu\u1ed9c s\u1ed1ng khoa h\u1ecdc khi m\u1eb9 quay tr\u1edf l\u1ea1i \u0111i l\u00e0m\u2026 Xuy\u00ean su\u1ed1t cu\u1ed1n s\u00e1ch n\u00e0y, v\u1edbi mong mu\u1ed1n nh\u1ea5n m\u1ea1nh \u0111\u1ebfn t\u00ednh ch\u1ea5t duy nh\u1ea5t v\u00e0 \u0111\u1eb7c bi\u1ec7t c\u1ee7a t\u1eebng em b\u00e9, ch\u00fang t\u00f4i c\u0169ng kh\u00f4ng qu\u00ean \u0111\u01b0a ra nh\u1eefng gi\u1ea3i ph\u00e1p \u0111\u1eb7c bi\u1ec7t \u0111\u1ec3 cha m\u1eb9 c\u00f3 th\u1ec3 t\u1ef1 thi\u1ebft k\u1ebf l\u1ecbch sinh ho\u1ea1t ph\u00f9 h\u1ee3p v\u1edbi con v\u00e0 v\u1edbi \u0111i\u1ec1u ki\u1ec7n c\u1ee7a t\u1eebng gia \u0111\u00ecnh.<\/p>\n<p>Cu\u1ed1n 3: B\u00c9 TH\u01a0 T\u1ef0 NG\u1ee6 \u2013 Cha m\u1eb9 th\u01b0 th\u00e1i.<\/p>\n<p>Ng\u1ee7 r\u1ea5t quan tr\u1ecdng \u0111\u1ed1i v\u1edbi s\u1ef1 ph\u00e1t tri\u1ec3n c\u1ee7a c\u01a1 th\u1ec3, n\u00e3o v\u00e0 c\u00e1c ch\u1ee9c n\u0103ng n\u1ed9i ti\u1ebft. Th\u1eadm ch\u00ed, c\u01a1 b\u1eafp c\u1ee7a ch\u00fang ta c\u0169ng ph\u00e1t tri\u1ec3n ngay trong l\u00fac ch\u00fang ta \u0111ang ng\u1ee7, \u0111\u1eb7c bi\u1ec7t l\u00e0 \u1edf tr\u1ebb s\u01a1 sinh. Ng\u1ee7<\/p>\n<p>kh\u00f4ng \u0111\u1ee7 gi\u1ea5c ho\u1eb7c ch\u1ea5t l\u01b0\u1ee3ng gi\u1ea5c ng\u1ee7 k\u00e9m s\u1ebd g\u00e2y ra nh\u1eefng \u1ea3nh h\u01b0\u1edfng v\u1ec1 th\u1ec3 ch\u1ea5t, tinh th\u1ea7n, t\u00ecnh c\u1ea3m, h\u00e0nh vi v\u00e0 nh\u1eadn th\u1ee9c<\/p>\n<p> Em b\u00e9 t\u1ef1 ng\u1ee7 l\u00e0 m\u1ed9t trong nh\u1eefng ch\u1ee7 \u0111\u1ec1 nh\u1ea1y c\u1ea3m m\u00e0 b\u1ea5y l\u00e2u nay tuy \u0111\u01a3\u1ee3c \u00e1p d\u1ee5ng r\u1ea5t ph\u1ed5 bi\u1ebfn t\u1ea1i ph\u01a3\u01a1ng t\u00e2y nh\u01a3ng c\u00f2n kh\u00e1 xa l\u1ea1 v\u1edbi c\u00e1c b\u1eadc cha m\u1eb9 Vi\u1ec7t. Em b\u00e9 t\u1ef1 ng\u1ee7 h\u1ea7u nh\u01b0 l\u00e0 kh\u00f4ng th\u1ec3 trong quan ni\u1ec7m c\u1ee7a cha m\u1eb9 Vi\u1ec7t, nh\u01a3ng m\u1ed9t th\u1ef1c t\u1ebf ng\u00e0y c\u00e0ng \u0111\u01a3\u1ee3c h\u00ecnh th\u00e0nh v\u00e0 kh\u1eb3ng \u0111\u1ecbnh r\u1eb1ng m\u1ed9t khi nh\u1eefng em b\u00e9 bi\u1ebft t\u1ef1 ng\u1ee7, ng\u1ee7 t\u1ef1 l\u1eadp m\u00e0 kh\u00f4ng c\u1ea7n s\u1ef1 h\u1ed7 tr\u1ee3 (ti m\u1eb9, ru \u1eb5m\u2026) c\u00f3 nhi\u1ec1u c\u01a1 h\u1ed9i h\u01a1n \u0111\u1ec3 ng\u1ee7 \u0111\u1ee7 theo nhu c\u1ea7u c\u1ee7a m\u00ecnh.<\/p>\n<p>Trong cu\u1ed1n s\u00e1ch n\u00e0y, nh\u00f3m t\u00e1c gi\u1ea3 t\u1ed5ng k\u1ebft c\u00e1c ph\u01b0\u01a1ng ph\u00e1p khuy\u1ebfn kh\u00edch b\u00e9 th\u01a1 t\u1ef1 \u0111\u01b0a m\u00ecnh v\u00e0o gi\u1ea5c ng\u1ee7, tr\u1ea3 l\u1eddi nh\u1eefng th\u1eafc m\u1eafc l\u1edbn nh\u1ecf c\u1ee7a c\u00e1c b\u1eadc cha m\u1eb9 qua c\u00e1c m\u1ed1c th\u1eddi gian, c\u0169ng nh\u01b0 ghi l\u1ea1i nh\u1eefng kinh nghi\u1ec7m qu\u00fd b\u00e1u c\u1ee7a r\u1ea5t nhi\u1ec1u tr\u01b0\u1eddng h\u1ee3p \u00e1p d\u1ee5ng th\u00e0nh c\u00f4ng. Hy v\u1ecdng s\u1ebd chia s\u1ebb v\u00e0 x\u00f3a b\u1edbt nh\u1eefng lo l\u1eafng c\u00f9ng c\u00e1c gia \u0111\u00ecnh, \u0111\u1ec3 c\u00e1c b\u1eadc ph\u1ee5 huynh s\u1ebd tr\u1edf th\u00e0nh nh\u1eefng chuy\u00ean gia c\u1ee7a ngh\u1ec7 thu\u1eadt l\u00e0m \u201ccha m\u1eb9 th\u01a3 th\u00e1i\u201d.<\/p>\n<p>Ch\u00e0o m\u1eebng b\u1ea1n \u0111\u1ebfn v\u1edbi C\u00e2u l\u1ea1c b\u1ed9 Cha m\u1eb9 B\u00ecnh t\u0129nh. Qu\u00e3ng \u0111\u01b0\u1eddng tuy \u0111\u00f4i l\u00fac c\u00f3 ch\u00fat kh\u00fac khu\u1ef7u nh\u01b0ng \u0111\u1ea3m b\u1ea3o s\u1ebd tr\u00e0n ng\u1eadp ni\u1ec1m vui!<\/p>\n","protected":false},"excerpt":{"rendered":"<p>M\u1ed1c thai k\u00ec 40 tu\u1ea7n \u0111\u1ebfn g\u1ea7n, l\u00fac n\u00e0y c\u0169ng l\u00e0 l\u00fac m\u00e0 b\u1ea3n n\u0103ng \u201cl\u00e0m t\u1ed5\u201d c\u1ee7a m\u1eb9 tr\u1ed7i d\u1eady. Nhi\u1ec1u cha m\u1eb9, \u0111\u1eb7c bi\u1ec7t l\u00e0 c\u00e1c cha m\u1eb9 ch\u1edd \u0111\u1ee3i \u0111\u1ee9a con \u0111\u1ea7u l\u00f2ng ch\u1eafc h\u1eb3n kh\u00f4ng tr\u00e1nh kh\u1ecfi c\u1ea3m th\u1ea5y lo l\u1eafng, b\u1ed3n ch\u1ed3n ho\u1eb7c t\u1ea5t b\u1eadt mua s\u1eafm \u0111\u1ed3 d\u00f9ng, gi\u1eb7t l\u00e0 qu\u1ea7n \u00e1o v\u00e0 chu\u1ea9n b\u1ecb t\u01b0\u01a1m t\u1ea5t, ch\u1edd ng\u00e0y \u0111\u01b0\u1ee3c g\u1eb7p m\u1eb7t con y\u00eau.<\/p>\n<p>\u0110\u00e2y c\u0169ng l\u00e0 l\u00fac m\u00e0 c\u00e2u chuy\u1ec7n c\u1ee7a ch\u00fang ta b\u1eaft \u0111\u1ea7u\u2026<\/p>\n<p>B\u00ean c\u1ea1nh nh\u1eefng v\u1eadt ch\u1ea5t c\u01a1 b\u1ea3n nh\u01b0 qu\u1ea7n \u00e1o, t\u00e3, b\u00ecnh\u2026 th\u00ec nh\u1eefng ki\u1ebfn th\u1ee9c khoa h\u1ecdc v\u1ec1 \u0103n, ng\u1ee7 v\u00e0 an to\u00e0n cho b\u00e9 c\u0169ng l\u00e0 nh\u1eefng y\u1ebfu t\u1ed1 h\u1ebft s\u1ee9c c\u1ea7n thi\u1ebft m\u00e0 cha m\u1eb9 c\u1ea7n trang b\u1ecb cho m\u00ecnh t\u1eeb tr\u01a3\u1edbc khi con ch\u00e0o \u0111\u1eddi. Khoa h\u1ecdc v\u1ec1 dinh d\u01b0\u1ee1ng tr\u1ebb s\u01a1 sinh, v\u1ec1 s\u1eefa non v\u00e0 d\u1ef1 tr\u1eef dinh d\u01b0\u1ee1ng n\u01a1i cu\u1ed1ng r\u1ed1n, khoa h\u1ecdc v\u1ec1 gi\u1ea5c ng\u1ee7 c\u1ee7a tr\u1ebb v\u00e0 nh\u1eefng \u0111i\u1ec1u ki\u1ec7n an to\u00e0n \u0103n v\u00e0 an to\u00e0n ng\u1ee7 c\u1ee7a b\u00e9 s\u01a1 sinh l\u00e0 nh\u1eefng th\u00f4ng tin thi\u1ebft y\u1ebfu m\u00e0 cha m\u1eb9 th\u1ef1c s\u1ef1 c\u1ea7n trang b\u1ecb \u0111\u1ea7y \u0111\u1ee7 \u0111\u1ec3 \u0111\u00f3n ch\u00e0o b\u00e9 th\u01a1.<\/p>\n<p>Th\u1eddi kh\u1eafc B\u00e9 ch\u00e0o \u0111\u1eddi c\u0169ng l\u00e0 l\u00fac m\u00e0 nh\u1ecbp sinh ho\u1ea1t c\u1ee7a gia \u0111\u00ecnh x\u00e1o tr\u1ed9n, v\u00e0 l\u00fac \u0111\u00f3 s\u1ef1 ph\u1ee5c h\u1ed3i s\u1ee9c kho\u1ebb c\u1ee7a ng\u01a3\u1eddi m\u1eb9 ph\u1ee5 thu\u1ed9c r\u1ea5t nhi\u1ec1u v\u00e0o c\u00e1ch t\u1ed5 ch\u1ee9c n\u1ebfp s\u1ed1ng, sinh ho\u1ea1t c\u0169ng nh\u01b0 b\u1ed1 tr\u00ed vi\u1ec7c \u0103n ng\u1ee7 d\u00e0nh cho b\u00e9 s\u01a1 sinh.<\/p>\n<p>B\u1ed9 s\u00e1ch n\u00e0y l\u00e0 s\u1ef1 gi\u1ea3i \u0111\u00e1p cho nh\u1eefng c\u00e2u h\u1ecfi m\u00e0 ch\u00fang t\u00f4i nh\u1eadn \u0111\u01b0\u1ee3c t\u1eeb c\u00e1c b\u1eadc cha m\u1eb9 tr\u1ebb trong 5 n\u0103m qua v\u1ec1 nh\u1eefng v\u1ea5n \u0111\u1ec1 c\u1ee7a c\u00e1c em b\u00e9 t\u1eeb s\u01a1 sinh cho \u0111\u1ebfn ch\u1eadp ch\u1eefng bi\u1ebft \u0111i: con \u0103n ra sao, con ng\u1ee7 bao nhi\u00eau l\u00e0 \u0111\u1ee7\u2026 V\u00e0 b\u00ed quy\u1ebft l\u00e0 g\u00ec \u0111\u1ec3 nu\u00f4i con kho\u1ebb m\u1ea1nh v\u00e0 khoa h\u1ecdc nh\u1ea5t, \u0111\u1ec3 t\u0103ng th\u00eam th\u00e0nh vi\u00ean m\u1edbi l\u00e0 t\u0103ng th\u00eam ni\u1ec1m vui ch\u1ee9 kh\u00f4ng ph\u1ea3i g\u00e1nh n\u1eb7ng v\u1ea5t v\u1ea3 cho m\u1ecdi ng\u01a3\u1eddi? L\u00e0m th\u1ebf n\u00e0o \u0111\u1ec3 con ng\u1ee7 \u0111\u1ee7 theo nhu c\u1ea7u l\u1ee9a tu\u1ed5i v\u00e0 c\u00f3 n\u1ec1n t\u1ea3ng t\u1ed1t nh\u1ea5t cho s\u1ef1 ph\u00e1t tri\u1ec3n th\u1ec3 ch\u1ea5t v\u00e0 tr\u00ed tu\u1ec7? L\u00e0m th\u1ebf n\u00e0o \u0111\u1ec3 b\u00e9 th\u01a1 c\u00f3 th\u1ec3 t\u1ef1 h\u1ecdc c\u00e1ch \u0111\u01b0a m\u00ecnh v\u00e0o gi\u1ea5c ng\u1ee7 m\u00e0 kh\u00f4ng c\u1ea7n ph\u1ea3i ch\u1edd \u0111\u1ebfn ti m\u1eb9, kh\u00f4ng ph\u1ea3i ph\u1ee5 thu\u1ed9c v\u00e0o c\u00e1nh tay b\u1ebf hay t\u1eeb s\u1ef1 \u0111ung \u0111\u01b0a c\u1ee7a nh\u1eefng chi\u1ebfc v\u00f5ng v\u00e0 nh\u1eefng l\u1eddi ru \u0111\u1ebfn l\u1ea1c gi\u1ecdng c\u1ee7a ng\u01b0\u1eddi l\u1edbn?<\/p>\n<p>Song h\u00e0nh c\u00f9ng b\u1ea1n, qua b\u1ed9 s\u00e1ch n\u00e0y, ch\u00fang t\u00f4i c\u1ed1 g\u1eafng cung c\u1ea5p \u0111\u1ea7y \u0111\u1ee7 v\u00e0 chi ti\u1ebft h\u01a1n theo nh\u1eefng m\u1ed1c ph\u00e1t tri\u1ec3n c\u1ee7a b\u00e9 c\u0169ng nh\u01b0 l\u00fd gi\u1ea3i nh\u1eefng kh\u00fac m\u1eafc v\u00e0 gi\u1ea3m b\u1edbt nh\u1eefng lo l\u1eafng, hoang mang kh\u00f4ng c\u1ea7n thi\u1ebft cho nh\u1eefng b\u1eadc \u00f4ng b\u00e0 \u2013 cha m\u1eb9 khi nu\u00f4i con trong nh\u1eefng n\u0103m \u0111\u1ea7u \u0111\u1eddi. Ch\u00fang t\u00f4i mong r\u1eb1ng b\u1ed9 s\u00e1ch n\u00e0y s\u1ebd mang \u0111\u1ebfn cho gia \u0111\u00ecnh b\u1ea1n s\u1ef1 an t\u00e2m, th\u01a3 gi\u00e3n v\u00e0 phong th\u00e1i b\u00ecnh t\u0129nh khi nu\u00f4i v\u00e0 d\u1ea1y b\u00e9 th\u01a1. B\u1edfi, suy cho c\u00f9ng, nu\u00f4i con kh\u00f4ng bao gi\u1edd l\u00e0 cu\u1ed9c chi\u1ebfn c\u1ea3. K\u1ef7 ni\u1ec7m c\u1ee7a b\u1ea1n v\u1ec1 nh\u1eefng ng\u00e0y th\u01a1 \u1ea5u c\u00f9ng con s\u1ebd l\u00e0 nh\u1eefng chu\u1ed7i ng\u00e0y ng\u1eadp tr\u00e0n ni\u1ec1m vui, c\u00f9ng con l\u1edbn l\u00ean t\u1eeb b\u00f2 tr\u01b0\u1eddn cho \u0111\u1ebfn ch\u1eadp ch\u1eefng bi\u1ebft \u0111i, t\u1eeb ni\u1ec1m vui khi ng\u1eafm con b\u00fa t\u1eebng gi\u1ecdt s\u1eefa cho \u0111\u1ebfn s\u1ef1 ph\u1ea5n kh\u00edch khi con b\u1ecfm b\u1ebbm nhai trong t\u1eebng b\u1eefa \u0103n. T\u1ea5t c\u1ea3 b\u00ed quy\u1ebft \u0111\u00f3 n\u1eb1m \u1edf s\u1ef1 th\u00f4ng th\u00e1i, tinh th\u1ea7n b\u00ecnh t\u0129nh, ki\u00ean tr\u00ec m\u00e0 quy\u1ebft \u0111o\u00e1n, c\u1ed9ng v\u1edbi r\u1ea5t nhi\u1ec1u t\u00ecnh y\u00eau.<\/p>\n","protected":false},"featured_media":9625,"template":"","meta":{"_acf_changed":false},"product_brand":[],"product_cat":[19],"product_tag":[],"class_list":{"0":"post-9629","1":"product","2":"type-product","3":"status-publish","4":"has-post-thumbnail","6":"product_cat-nuoi-day-con","8":"first","9":"instock","10":"taxable","11":"shipping-taxable","12":"purchasable","13":"product-type-simple"},"supplier_id":null,"supplier_sku":"","barcode":null,"atum_controlled":true,"out_stock_date":null,"out_stock_threshold":null,"inheritable":false,"inbound_stock":1,"stock_on_hold":0,"sold_today":0,"sales_last_days":0,"reserved_stock":0,"customer_returns":0,"warehouse_damage":0,"lost_in_post":0,"other_logs":0,"out_stock_days":0,"lost_sales":0,"has_location":false,"update_date":"2026-01-28T23:11:27","atum_locations":[],"atum_stock_status":"instock","restock_status":false,"low_stock_amount":"","sales_update_date":"2026-01-28T23:11:27","calc_backorders":null,"acf":{"publisher":{"ID":1474,"post_author":"1","post_date":"2021-02-17 01:12:51","post_date_gmt":"2021-02-16 23:12:51","post_content":"","post_title":"Th\u00e1i H\u00e0","post_excerpt":"","post_status":"publish","comment_status":"closed","ping_status":"closed","post_password":"","post_name":"thai-ha","to_ping":"","pinged":"","post_modified":"2021-02-17 01:12:51","post_modified_gmt":"2021-02-16 23:12:51","post_content_filtered":"","post_parent":0,"guid":"https:\/\/sachviet.eu\/nha-phat-hanh\/thai-ha\/","menu_order":0,"post_type":"publisher","post_mime_type":"","comment_count":"0","filter":"raw"}},"_links":{"self":[{"href":"https:\/\/sachviet.eu\/en\/wp-json\/wp\/v2\/product\/9629","targetHints":{"allow":["GET"]}}],"collection":[{"href":"https:\/\/sachviet.eu\/en\/wp-json\/wp\/v2\/product"}],"about":[{"href":"https:\/\/sachviet.eu\/en\/wp-json\/wp\/v2\/types\/product"}],"wp:featuredmedia":[{"embeddable":true,"href":"https:\/\/sachviet.eu\/en\/wp-json\/wp\/v2\/media\/9625"}],"wp:attachment":[{"href":"https:\/\/sachviet.eu\/en\/wp-json\/wp\/v2\/media?parent=9629"}],"wp:term":[{"taxonomy":"product_brand","embeddable":true,"href":"https:\/\/sachviet.eu\/en\/wp-json\/wp\/v2\/product_brand?post=9629"},{"taxonomy":"product_cat","embeddable":true,"href":"https:\/\/sachviet.eu\/en\/wp-json\/wp\/v2\/product_cat?post=9629"},{"taxonomy":"product_tag","embeddable":true,"href":"https:\/\/sachviet.eu\/en\/wp-json\/wp\/v2\/product_tag?post=9629"}],"curies":[{"name":"wp","href":"https:\/\/api.w.org\/{rel}","templated":true}]}}