{"id":9619,"date":"2021-06-02T01:28:05","date_gmt":"2021-06-01T22:28:05","guid":{"rendered":"https:\/\/sachviet.eu\/shop\/peter-pan\/"},"modified":"2023-05-22T13:42:20","modified_gmt":"2023-05-22T10:42:20","slug":"peter-pan","status":"publish","type":"product","link":"https:\/\/sachviet.eu\/en\/shop\/peter-pan\/","title":{"rendered":"Peter Pan"},"content":{"rendered":"<p>Peter Pan<\/p>\n<p>Peter Pan s\u1ed1ng \u1edf Neverland, h\u00f2n \u0111\u1ea3o xinh \u0111\u1eb9p, s\u1ed1ng \u0111\u1ed9ng nh\u01b0ng c\u0169ng \u0111\u1ea7y b\u00ed \u1ea9n d\u01b0\u1edbi s\u01b0\u01a1ng m\u00f9 c\u1ee7a tr\u00ed nh\u1edb v\u00e0 m\u1ed9ng m\u01a1. \u1ede Neverland, l\u0169 tr\u1ebb \u0111i l\u1ea1c chung s\u1ed1ng v\u1edbi nh\u1eefng c\u00f4 c\u1eadu ti\u00ean b\u00e9 x\u00edu, v\u1edbi th\u1ed5 d\u00e2n da \u0111\u1ecf, d\u00e3 th\u00fa, ti\u00ean c\u00e1 v\u00e0 c\u1ea3 h\u1ea3i t\u1eb7c. \u1ede \u0111\u00f3 th\u1eddi gian d\u01b0\u1eddng nh\u01b0 \u0111\u1ee9ng im, ch\u1ec9 c\u00f3 nh\u1eefng cu\u1ed9c r\u01b0\u1ee3t b\u1eaft c\u1ee9 xoay v\u00f2ng, xoay v\u00f2ng.<\/p>\n<p>M\u1ed9t l\u1ea7n \u0111i ch\u01a1i xa, Peter g\u1eb7p c\u00f4 b\u00e9 Wendy m\u00ea m\u1ea9n nh\u1eefng chuy\u1ec7n th\u1ea7n ti\u00ean. Xi\u00eau l\u00f2ng tr\u01b0\u1edbc nh\u1eefng l\u1eddi r\u1ee7 r\u00ea c\u1ee7a Peter, Wendy \u0111\u00e3 c\u00f9ng c\u1eadu bay \u0111\u1ebfn h\u00f2n \u0111\u1ea3o k\u00ec di\u1ec7u, h\u0103m h\u1edf nh\u01b0 m\u1ecdi \u0111\u1ee9a tr\u1ebb tr\u00ean \u0111\u1eddi l\u1ea7n \u0111\u1ea7u \u0111\u01b0\u1ee3c t\u1eadn m\u1eaft th\u1ea5y ph\u00e9p m\u1ea7u x\u1ea3y ra. \u0110\u1ec3 r\u1ed3i, hai b\u1ea1n nh\u1ecf c\u00f9ng nhau b\u01b0\u1edbc v\u00e0o m\u1ed9t cu\u1ed9c phi\u00eau l\u01b0u \u0111\u1ea7y bi\u1ebfn c\u1ed1\u2026<\/p>\n<p>Ra \u0111\u1eddi c\u00e1ch nay \u0111\u00e3 h\u01a1n m\u1ed9t tr\u0103m n\u0103m, c\u00e2u chuy\u1ec7n v\u1ec1 c\u1eadu b\u00e9 Peter Pan qu\u1ea3 c\u1ea3m, bi\u1ebft bay v\u00e0 kh\u00f4ng bao gi\u1edd ch\u1ecbu l\u1edbn \u0111\u00e3 chinh ph\u1ee5c m\u1ecdi \u0111\u1ed9c gi\u1ea3 tr\u1ebb th\u01a1 v\u00e0 \u0111\u1ed9c gi\u1ea3 \u0111\u00e3 \u0111i qua tu\u1ed5i th\u01a1. M\u1ed9t c\u00e2u chuy\u1ec7n l\u1ea5p l\u00e1nh ph\u00e9p m\u1ea7u song l\u1ea1i ch\u1eb3ng ph\u1ea3i c\u1ed5 t\u00edch, d\u00e0nh cho tr\u1ebb em, cho c\u1ea3 nh\u1eefng ng\u01b0\u1eddi l\u1edbn bi\u1ebft r\u1eb1ng m\u00ecnh \u0111\u00e3 l\u1edbn, ngo\u00e1i tr\u00f4ng l\u1ea1i tu\u1ed5i th\u01a1 v\u1edbi n\u1ee5 c\u01b0\u1eddi ti\u1ebfc nh\u1edb, b\u00e2ng khu\u00e2ng.<\/p>\n<p>V\u00e0i n\u00e9t v\u1ec1 t\u00e1c gi\u1ea3:<\/p>\n<p>J. M. Barrie (1860 \u2013 1937) l\u00e0 nh\u00e0 so\u1ea1n k\u1ecbch v\u00e0 ti\u1ec3u thuy\u1ebft gia n\u1ed5i ti\u1ebfng ng\u01b0\u1eddi Scotland \u0111\u01b0\u1ee3c bi\u1ebft \u0111\u1ebfn nhi\u1ec1u nh\u1ea5t v\u1edbi vai tr\u00f2 cha \u0111\u1ebb c\u1ee7a nh\u00e2n v\u1eadt Peter Pan. C\u1eadu b\u00e9 tinh ngh\u1ecbch n\u00e0y l\u1ea7n \u0111\u1ea7u xu\u1ea5t hi\u1ec7n trong ti\u1ec3u thuy\u1ebft Ch\u00fa chim tr\u1eafng b\u00e9 con xu\u1ea5t b\u1ea3n n\u0103m 1902 v\u00e0 sau \u0111\u00f3 l\u00e0 trong t\u00e1c ph\u1ea9m n\u1ed5i ti\u1ebfng nh\u1ea5t c\u1ee7a \u00f4ng, v\u1edf k\u1ecbch Peter Pan, hay C\u1eadu b\u00e9 ch\u1eb3ng bao gi\u1edd l\u1edbn, \u0111\u01b0\u1ee3c c\u00f4ng di\u1ec5n l\u1ea7n \u0111\u1ea7u v\u00e0o n\u0103m 1904 r\u1ed3i v\u1ec1 sau \u0111\u01b0\u1ee3c vi\u1ebft l\u1ea1i th\u00e0nh ti\u1ec3u thuy\u1ebft v\u00e0o n\u0103m 1911. \u0110\u1ec3 vi\u1ebft n\u00ean Peter Pan, Barrie \u0111\u00e3 l\u1ea5y c\u1ea3m h\u1ee9ng t\u1eeb nh\u1eefng ng\u01b0\u1eddi b\u1ea1n nh\u1ecf trong m\u1ed9t gia \u0111\u00ecnh m\u00e0 \u00f4ng quen bi\u1ebft. N\u0103m 1912, \u00f4ng \u0111\u00e3 b\u00ed m\u1eadt cho d\u1ef1ng t\u01b0\u1ee3ng Peter Pan trong V\u01b0\u1eddn Kensington \u0111\u1ec3 l\u00e0m m\u00f3n qu\u00e0 b\u1ea5t ng\u1edd cho tr\u1ebb em \u1edf London.<\/p>\n","protected":false},"excerpt":{"rendered":"<p>Peter Pan<\/p>\n<p>Peter Pan s\u1ed1ng \u1edf Neverland, h\u00f2n \u0111\u1ea3o xinh \u0111\u1eb9p, s\u1ed1ng \u0111\u1ed9ng nh\u01b0ng c\u0169ng \u0111\u1ea7y b\u00ed \u1ea9n d\u01b0\u1edbi s\u01b0\u01a1ng m\u00f9 c\u1ee7a tr\u00ed nh\u1edb v\u00e0 m\u1ed9ng m\u01a1. \u1ede Neverland, l\u0169 tr\u1ebb \u0111i l\u1ea1c chung s\u1ed1ng v\u1edbi nh\u1eefng c\u00f4 c\u1eadu ti\u00ean b\u00e9 x\u00edu, v\u1edbi th\u1ed5 d\u00e2n da \u0111\u1ecf, d\u00e3 th\u00fa, ti\u00ean c\u00e1 v\u00e0 c\u1ea3 h\u1ea3i t\u1eb7c. \u1ede \u0111\u00f3 th\u1eddi gian d\u01b0\u1eddng nh\u01b0 \u0111\u1ee9ng im, ch\u1ec9 c\u00f3 nh\u1eefng cu\u1ed9c r\u01b0\u1ee3t b\u1eaft c\u1ee9 xoay v\u00f2ng, xoay v\u00f2ng.<\/p>\n<p>M\u1ed9t l\u1ea7n \u0111i ch\u01a1i xa, Peter g\u1eb7p c\u00f4 b\u00e9 Wendy m\u00ea m\u1ea9n nh\u1eefng chuy\u1ec7n th\u1ea7n ti\u00ean. Xi\u00eau l\u00f2ng tr\u01b0\u1edbc nh\u1eefng l\u1eddi r\u1ee7 r\u00ea c\u1ee7a Peter, Wendy \u0111\u00e3 c\u00f9ng c\u1eadu bay \u0111\u1ebfn h\u00f2n \u0111\u1ea3o k\u00ec di\u1ec7u, h\u0103m h\u1edf nh\u01b0 m\u1ecdi \u0111\u1ee9a tr\u1ebb tr\u00ean \u0111\u1eddi l\u1ea7n \u0111\u1ea7u \u0111\u01b0\u1ee3c t\u1eadn m\u1eaft th\u1ea5y ph\u00e9p m\u1ea7u x\u1ea3y ra. \u0110\u1ec3 r\u1ed3i, hai b\u1ea1n nh\u1ecf c\u00f9ng nhau b\u01b0\u1edbc v\u00e0o m\u1ed9t cu\u1ed9c phi\u00eau l\u01b0u \u0111\u1ea7y bi\u1ebfn c\u1ed1\u2026<\/p>\n<p>Ra \u0111\u1eddi c\u00e1ch nay \u0111\u00e3 h\u01a1n m\u1ed9t tr\u0103m n\u0103m, c\u00e2u chuy\u1ec7n v\u1ec1 c\u1eadu b\u00e9 Peter Pan qu\u1ea3 c\u1ea3m, bi\u1ebft bay v\u00e0 kh\u00f4ng bao gi\u1edd ch\u1ecbu l\u1edbn \u0111\u00e3 chinh ph\u1ee5c m\u1ecdi \u0111\u1ed9c gi\u1ea3 tr\u1ebb th\u01a1 v\u00e0 \u0111\u1ed9c gi\u1ea3 \u0111\u00e3 \u0111i qua tu\u1ed5i th\u01a1. M\u1ed9t c\u00e2u chuy\u1ec7n l\u1ea5p l\u00e1nh ph\u00e9p m\u1ea7u song l\u1ea1i ch\u1eb3ng ph\u1ea3i c\u1ed5 t\u00edch, d\u00e0nh cho tr\u1ebb em, cho c\u1ea3 nh\u1eefng ng\u01b0\u1eddi l\u1edbn bi\u1ebft r\u1eb1ng m\u00ecnh \u0111\u00e3 l\u1edbn, ngo\u00e1i tr\u00f4ng l\u1ea1i tu\u1ed5i th\u01a1 v\u1edbi n\u1ee5 c\u01b0\u1eddi ti\u1ebfc nh\u1edb, b\u00e2ng khu\u00e2ng.<\/p>\n","protected":false},"featured_media":9613,"template":"","meta":{"_acf_changed":false},"product_brand":[],"product_cat":[17,26,77],"product_tag":[85],"class_list":{"0":"post-9619","1":"product","2":"type-product","3":"status-publish","4":"has-post-thumbnail","6":"product_cat-sach-danh-cho-cac-be","7":"product_cat-thieu-nien-11-tuoi-18-tuoi","8":"product_cat-van-hoc-kinh-dien","9":"product_tag-special-editions","11":"first","12":"outofstock","13":"taxable","14":"shipping-taxable","15":"purchasable","16":"product-type-simple"},"supplier_id":null,"supplier_sku":"","barcode":null,"atum_controlled":true,"out_stock_date":"2023-05-22 10:42:20","out_stock_threshold":null,"inheritable":false,"inbound_stock":1,"stock_on_hold":0,"sold_today":0,"sales_last_days":0,"reserved_stock":0,"customer_returns":0,"warehouse_damage":0,"lost_in_post":0,"other_logs":0,"out_stock_days":982,"lost_sales":0,"has_location":false,"update_date":"2026-01-28T23:10:44","atum_locations":[],"atum_stock_status":"outofstock","restock_status":false,"low_stock_amount":"","sales_update_date":"2026-01-28T23:10:44","calc_backorders":null,"acf":{"publisher":{"ID":1544,"post_author":"1","post_date":"2021-02-17 01:24:05","post_date_gmt":"2021-02-16 23:24:05","post_content":"","post_title":"\u0110\u00f4ng A","post_excerpt":"","post_status":"publish","comment_status":"closed","ping_status":"closed","post_password":"","post_name":"dong-a","to_ping":"","pinged":"","post_modified":"2021-02-17 01:24:05","post_modified_gmt":"2021-02-16 23:24:05","post_content_filtered":"","post_parent":0,"guid":"https:\/\/sachviet.eu\/nha-phat-hanh\/dong-a\/","menu_order":0,"post_type":"publisher","post_mime_type":"","comment_count":"0","filter":"raw"}},"_links":{"self":[{"href":"https:\/\/sachviet.eu\/en\/wp-json\/wp\/v2\/product\/9619","targetHints":{"allow":["GET"]}}],"collection":[{"href":"https:\/\/sachviet.eu\/en\/wp-json\/wp\/v2\/product"}],"about":[{"href":"https:\/\/sachviet.eu\/en\/wp-json\/wp\/v2\/types\/product"}],"wp:featuredmedia":[{"embeddable":true,"href":"https:\/\/sachviet.eu\/en\/wp-json\/wp\/v2\/media\/9613"}],"wp:attachment":[{"href":"https:\/\/sachviet.eu\/en\/wp-json\/wp\/v2\/media?parent=9619"}],"wp:term":[{"taxonomy":"product_brand","embeddable":true,"href":"https:\/\/sachviet.eu\/en\/wp-json\/wp\/v2\/product_brand?post=9619"},{"taxonomy":"product_cat","embeddable":true,"href":"https:\/\/sachviet.eu\/en\/wp-json\/wp\/v2\/product_cat?post=9619"},{"taxonomy":"product_tag","embeddable":true,"href":"https:\/\/sachviet.eu\/en\/wp-json\/wp\/v2\/product_tag?post=9619"}],"curies":[{"name":"wp","href":"https:\/\/api.w.org\/{rel}","templated":true}]}}