{"id":9612,"date":"2021-06-02T01:27:40","date_gmt":"2021-06-01T22:27:40","guid":{"rendered":"https:\/\/sachviet.eu\/shop\/vun-dap-tam-hon-khac-biet-moi-tuyet-lam-sao-set-4-quyen\/"},"modified":"2023-04-02T13:00:07","modified_gmt":"2023-04-02T10:00:07","slug":"vun-dap-tam-hon-khac-biet-moi-tuyet-lam-sao-set-4-quyen","status":"publish","type":"product","link":"https:\/\/sachviet.eu\/en\/shop\/vun-dap-tam-hon-khac-biet-moi-tuyet-lam-sao-set-4-quyen\/","title":{"rendered":"Vun \u0110\u1eafp T\u00e2m H\u1ed3n &#8211; Kh\u00e1c Bi\u1ec7t M\u1edbi Tuy\u1ec7t L\u00e0m Sao &#8211; Set 4 quy\u1ec3n"},"content":{"rendered":"<p>1\/ Vun \u0110\u1eafp T\u00e2m H\u1ed3n &#8211; Kh\u00e1c Bi\u1ec7t M\u1edbi Tuy\u1ec7t L\u00e0m Sao &#8211; Ch\u00fa Nh\u1ecf \u00d4m Gi\u1ea5c M\u01a1 Ti\u00ean<\/p>\n<p>M\u01b0\u1eddi n\u0103m m\u1ed9t l\u1ea7n, nh\u1eefng b\u00e9 trai ngoan nh\u1ea5t \u0111\u01b0\u1ee3c g\u1eedi l\u00ean tr\u1eddi \u0111\u1ec3 r\u00e8n th\u00e0nh b\u1ee5t, c\u00f2n nh\u1eefng b\u00e9 g\u00e1i th\u00ec h\u1ecdc l\u00e0m ti\u00ean. D\u00f9 c\u1ed1 g\u1eafng c\u00e1ch m\u1ea5y, ch\u00fa nh\u1ecf v\u1eabn ch\u1eb3ng t\u00e0i n\u00e0o theo k\u1ecbp c\u00e1c b\u1ea1n trai l\u1edbp b\u1ee5t. V\u00ec n\u01a1i ch\u00fa th\u1ef1c s\u1ef1 thu\u1ed9c v\u1ec1 ch\u00ednh l\u00e0\u2026 l\u1edbp ti\u00ean! Li\u1ec7u Ch\u00fa Nh\u1ecf c\u00f3 \u0111\u1ee7 ngh\u1ecb l\u1ef1c \u0111\u1ec3 \u0111\u1ea1t \u0111\u01b0\u1ee3c gi\u1ea5c m\u01a1 bay tr\u00ean \u0111\u00f4i c\u00e1nh?<\/p>\n<p>Kh\u00e1c bi\u1ec7t m\u1edbi tuy\u1ec7t l\u00e0m sao l\u00e0 b\u1ed9 s\u00e1ch v\u1edbi th\u00f4ng \u0111i\u1ec7p \u0111\u1ea7y \u00fd ngh\u0129a d\u00e0nh cho c\u00e1c b\u00e9. M\u1ed7i ch\u00fang ta \u0111\u1ec1u kh\u00e1c bi\u1ec7t, nh\u01b0ng kh\u00e1c bi\u1ec7t l\u00e0 m\u1ed9t \u0111i\u1ec1u tuy\u1ec7t v\u1eddi. Kh\u00e1c bi\u1ec7t nh\u01b0 th\u1ebf n\u00e0o th\u00ec t\u1ed1t v\u00e0 l\u00e0m th\u1ebf n\u00e0o \u0111\u1ec3 s\u1ef1 kh\u00e1c bi\u1ec7t c\u00f3 \u00edch cho m\u1ed7i ng\u01b0\u1eddi, c\u00f9ng \u0111\u1ecdc s\u00e1ch \u0111\u1ec3 bi\u1ebft th\u00eam nh\u00e9.<\/p>\n<p>2\/ Vun \u0110\u1eafp T\u00e2m H\u1ed3n &#8211; Kh\u00e1c Bi\u1ec7t M\u1edbi Tuy\u1ec7t L\u00e0m Sao &#8211; L\u00e3o Ma C\u00e0 R\u1ed3ng Cu\u1ed3ng C\u00e0 R\u1ed1t<\/p>\n<p>Nh\u1ea5t quy\u1ebft \u0103n c\u00e0 r\u1ed1t thay v\u00ec h\u00fat m\u00e1u, l\u00e3o ma c\u00e0 r\u1ed3ng b\u1ecb hai v\u1ee3 ch\u1ed3ng h\u00e0ng x\u00f3m \u00e1p gi\u1ea3i \u0111\u1ebfn b\u1ec7nh vi\u1ec7n t\u00e2m th\u1ea7n. T\u1ea1i \u0111\u00e2y, b\u00e1c s\u0129 kh\u00e1m ph\u00e1 ra m\u1ed9t b\u00ed m\u1eadt \u0111\u00e3 khi\u1ebfn l\u00e3o thay \u0111\u1ed5i th\u00f3i quen \u0103n u\u1ed1ng v\u0129nh vi\u1ec5n.<\/p>\n<p>L\u00e3o ma c\u00e0 r\u1ed3ng c\u00f3 th\u1ef1c s\u1ef1 \u201cm\u00e1t d\u00e2y\u201d? B\u00e1c s\u0129 s\u1ebd k\u00ea thu\u1ed1c g\u00ec cho tr\u01b0\u1eddng h\u1ee3p l\u1ea1 l\u00f9ng n\u00e0y? M\u1ecdi th\u1ee9 s\u1ebd s\u00e1ng t\u1ecf \u1edf ph\u1ea7n cu\u1ed1i c\u00e2u chuy\u1ec7n, c\u0169ng l\u00e0 m\u00f3n qu\u00e0 t\u00e1c gi\u1ea3 d\u00e0nh t\u1eb7ng nh\u1eefng ai c\u00f3 ni\u1ec1m tin kh\u00e1c bi\u1ec7t v\u1edbi s\u1ed1 \u0111\u00f4ng.<\/p>\n<p>Kh\u00e1c bi\u1ec7t m\u1edbi tuy\u1ec7t l\u00e0m sao l\u00e0 b\u1ed9 s\u00e1ch v\u1edbi th\u00f4ng \u0111i\u1ec7p \u0111\u1ea7y \u00fd ngh\u0129a d\u00e0nh cho c\u00e1c b\u00e9. M\u1ed7i ch\u00fang ta \u0111\u1ec1u kh\u00e1c bi\u1ec7t, nh\u01b0ng kh\u00e1c bi\u1ec7t l\u00e0 m\u1ed9t \u0111i\u1ec1u tuy\u1ec7t v\u1eddi. Kh\u00e1c bi\u1ec7t nh\u01b0 th\u1ebf n\u00e0o th\u00ec t\u1ed1t v\u00e0 l\u00e0m th\u1ebf n\u00e0o \u0111\u1ec3 s\u1ef1 kh\u00e1c bi\u1ec7t c\u00f3 \u00edch cho m\u1ed7i ng\u01b0\u1eddi, c\u00f9ng \u0111\u1ecdc s\u00e1ch \u0111\u1ec3 bi\u1ebft th\u00eam nh\u00e9.<\/p>\n<p>3\/ Vun \u0110\u1eafp T\u00e2m H\u1ed3n &#8211; Kh\u00e1c Bi\u1ec7t M\u1edbi Tuy\u1ec7t L\u00e0m Sao &#8211; N\u00e0ng R\u1ed3ng Kh\u00e8 Ra Tr\u00e0 S\u1eefa<\/p>\n<p>N\u00e0ng r\u1ed3ng kh\u00e1t khao x\u00f4ng tr\u1eadn, ng\u00e0y \u0111\u00eam t\u00f4i luy\u1ec7n \u0111\u1ec3 \u1ee9ng tuy\u1ec3n v\u00e0o h\u00e0ng ng\u0169 R\u1ed3ng Chi\u1ebfn Binh. V\u00f2ng lo\u1ea1i k\u1ebft th\u00fac, n\u00e0ng n\u1eb1m trong t\u1ed1p th\u00ed sinh s\u00e1ng gi\u00e1 nh\u1ea5t v\u00f9ng, \u0111\u01b0\u1ee3c R\u1ed3ng \u0110\u1ea1i Ca truy\u1ec1n b\u00ed thu\u1eadt kh\u00e8 l\u1eeda. \u0110\u1ec3 r\u1ed3i n\u00e0ng l\u1ea1i kh\u00e8 ra to\u00e0n\u2026 tr\u00e0 s\u1eefa m\u00e0 th\u00f4i! N\u00e0ng r\u1ed3ng s\u1ebd xoay s\u1edf th\u1ebf n\u00e0o khi v\u0169 kh\u00ed c\u1ee7a k\u1ebb th\u00f9 ng\u00e0y c\u00e0ng hung t\u1ee3n?<\/p>\n<p>Kh\u00e1c bi\u1ec7t m\u1edbi tuy\u1ec7t l\u00e0m sao l\u00e0 b\u1ed9 s\u00e1ch v\u1edbi th\u00f4ng \u0111i\u1ec7p \u0111\u1ea7y \u00fd ngh\u0129a d\u00e0nh cho c\u00e1c b\u00e9. M\u1ed7i ch\u00fang ta \u0111\u1ec1u kh\u00e1c bi\u1ec7t, nh\u01b0ng kh\u00e1c bi\u1ec7t l\u00e0 m\u1ed9t \u0111i\u1ec1u tuy\u1ec7t v\u1eddi. Kh\u00e1c bi\u1ec7t nh\u01b0 th\u1ebf n\u00e0o th\u00ec t\u1ed1t v\u00e0 l\u00e0m th\u1ebf n\u00e0o \u0111\u1ec3 s\u1ef1 kh\u00e1c bi\u1ec7t c\u00f3 \u00edch cho m\u1ed7i ng\u01b0\u1eddi, c\u00f9ng \u0111\u1ecdc s\u00e1ch \u0111\u1ec3 bi\u1ebft th\u00eam nh\u00e9.<\/p>\n<p>4\/ Vun \u0110\u1eafp T\u00e2m H\u1ed3n &#8211; Kh\u00e1c Bi\u1ec7t M\u1edbi Tuy\u1ec7t L\u00e0m Sao &#8211; Nh\u00f3c K\u00ec L\u00e2n M\u1ecdc S\u1eebng B\u00faa \u0110\u1ebdo<\/p>\n<p>Gi\u1eefa b\u1ea7y k\u00ec l\u00e2n s\u1eebng nh\u1ecdn, m\u1ed9t nh\u00f3c con l\u1ea1c lo\u00e0i v\u00ec tr\u00f3t mang tr\u00ean \u0111\u1ea7u chi\u1ebfc s\u1eebng h\u00ecnh\u2026 b\u00faa \u0111\u1ebdo! \u0110\u1eb7c \u0111i\u1ec3m ng\u1ed9 ngh\u0129nh n\u00e0y khi\u1ebfn c\u1eadu b\u1ecb b\u1ea1n b\u00e8 tr\u00eau ch\u1ecdc v\u00e0 xa l\u00e1nh. \u0110\u1ec3 r\u1ed3i, khi m\u1ed9t s\u1ef1 c\u1ed1 x\u1ea3y ra, c\u1eadu \u0111\u00e3 l\u1eadt ng\u01b0\u1ee3c t\u00ecnh th\u1ebf ch\u00ednh nh\u1edd g\u1ee3i \u00fd t\u1eeb s\u1ef1 kh\u00e1c bi\u1ec7t c\u1ee7a m\u00ecnh. \u0110i\u1ec1u g\u00ec \u0111\u00e3 bi\u1ebfn nh\u00f3c k\u00ec l\u00e2n t\u1eeb m\u1ed9t k\u1ebb b\u1ecb k\u00ec th\u1ecb tr\u1edf th\u00e0nh m\u1ed9t \u00e2n nh\u00e2n?<\/p>\n<p>Kh\u00e1c bi\u1ec7t m\u1edbi tuy\u1ec7t l\u00e0m sao l\u00e0 b\u1ed9 s\u00e1ch v\u1edbi th\u00f4ng \u0111i\u1ec7p \u0111\u1ea7y \u00fd ngh\u0129a d\u00e0nh cho c\u00e1c b\u00e9. M\u1ed7i ch\u00fang ta \u0111\u1ec1u kh\u00e1c bi\u1ec7t, nh\u01b0ng kh\u00e1c bi\u1ec7t l\u00e0 m\u1ed9t \u0111i\u1ec1u tuy\u1ec7t v\u1eddi. Kh\u00e1c bi\u1ec7t nh\u01b0 th\u1ebf n\u00e0o th\u00ec t\u1ed1t v\u00e0 l\u00e0m th\u1ebf n\u00e0o \u0111\u1ec3 s\u1ef1 kh\u00e1c bi\u1ec7t c\u00f3 \u00edch cho m\u1ed7i ng\u01b0\u1eddi, c\u00f9ng \u0111\u1ecdc s\u00e1ch \u0111\u1ec3 bi\u1ebft th\u00eam nh\u00e9.<\/p>\n","protected":false},"excerpt":{"rendered":"<p>1\/ Vun \u0110\u1eafp T\u00e2m H\u1ed3n &#8211; Kh\u00e1c Bi\u1ec7t M\u1edbi Tuy\u1ec7t L\u00e0m Sao &#8211; Ch\u00fa Nh\u1ecf \u00d4m Gi\u1ea5c M\u01a1 Ti\u00ean<\/p>\n<p>M\u01b0\u1eddi n\u0103m m\u1ed9t l\u1ea7n, nh\u1eefng b\u00e9 trai ngoan nh\u1ea5t \u0111\u01b0\u1ee3c g\u1eedi l\u00ean tr\u1eddi \u0111\u1ec3 r\u00e8n th\u00e0nh b\u1ee5t, c\u00f2n nh\u1eefng b\u00e9 g\u00e1i th\u00ec h\u1ecdc l\u00e0m ti\u00ean. D\u00f9 c\u1ed1 g\u1eafng c\u00e1ch m\u1ea5y, ch\u00fa nh\u1ecf v\u1eabn ch\u1eb3ng t\u00e0i n\u00e0o theo k\u1ecbp c\u00e1c b\u1ea1n trai l\u1edbp b\u1ee5t. V\u00ec n\u01a1i ch\u00fa th\u1ef1c s\u1ef1 thu\u1ed9c v\u1ec1 ch\u00ednh l\u00e0\u2026 l\u1edbp ti\u00ean! Li\u1ec7u Ch\u00fa Nh\u1ecf c\u00f3 \u0111\u1ee7 ngh\u1ecb l\u1ef1c \u0111\u1ec3 \u0111\u1ea1t \u0111\u01b0\u1ee3c gi\u1ea5c m\u01a1 bay tr\u00ean \u0111\u00f4i c\u00e1nh?<\/p>\n<p>2\/ Vun \u0110\u1eafp T\u00e2m H\u1ed3n &#8211; Kh\u00e1c Bi\u1ec7t M\u1edbi Tuy\u1ec7t L\u00e0m Sao &#8211; L\u00e3o Ma C\u00e0 R\u1ed3ng Cu\u1ed3ng C\u00e0 R\u1ed1t<\/p>\n<p>Nh\u1ea5t quy\u1ebft \u0103n c\u00e0 r\u1ed1t thay v\u00ec h\u00fat m\u00e1u, l\u00e3o ma c\u00e0 r\u1ed3ng b\u1ecb hai v\u1ee3 ch\u1ed3ng h\u00e0ng x\u00f3m \u00e1p gi\u1ea3i \u0111\u1ebfn b\u1ec7nh vi\u1ec7n t\u00e2m th\u1ea7n. T\u1ea1i \u0111\u00e2y, b\u00e1c s\u0129 kh\u00e1m ph\u00e1 ra m\u1ed9t b\u00ed m\u1eadt \u0111\u00e3 khi\u1ebfn l\u00e3o thay \u0111\u1ed5i th\u00f3i quen \u0103n u\u1ed1ng v\u0129nh vi\u1ec5n.<\/p>\n<p>L\u00e3o ma c\u00e0 r\u1ed3ng c\u00f3 th\u1ef1c s\u1ef1 \u201cm\u00e1t d\u00e2y\u201d? B\u00e1c s\u0129 s\u1ebd k\u00ea thu\u1ed1c g\u00ec cho tr\u01b0\u1eddng h\u1ee3p l\u1ea1 l\u00f9ng n\u00e0y? M\u1ecdi th\u1ee9 s\u1ebd s\u00e1ng t\u1ecf \u1edf ph\u1ea7n cu\u1ed1i c\u00e2u chuy\u1ec7n, c\u0169ng l\u00e0 m\u00f3n qu\u00e0 t\u00e1c gi\u1ea3 d\u00e0nh t\u1eb7ng nh\u1eefng ai c\u00f3 ni\u1ec1m tin kh\u00e1c bi\u1ec7t v\u1edbi s\u1ed1 \u0111\u00f4ng.<\/p>\n<p>3\/ Vun \u0110\u1eafp T\u00e2m H\u1ed3n &#8211; Kh\u00e1c Bi\u1ec7t M\u1edbi Tuy\u1ec7t L\u00e0m Sao &#8211; N\u00e0ng R\u1ed3ng Kh\u00e8 Ra Tr\u00e0 S\u1eefa<\/p>\n<p>N\u00e0ng r\u1ed3ng kh\u00e1t khao x\u00f4ng tr\u1eadn, ng\u00e0y \u0111\u00eam t\u00f4i luy\u1ec7n \u0111\u1ec3 \u1ee9ng tuy\u1ec3n v\u00e0o h\u00e0ng ng\u0169 R\u1ed3ng Chi\u1ebfn Binh. V\u00f2ng lo\u1ea1i k\u1ebft th\u00fac, n\u00e0ng n\u1eb1m trong t\u1ed1p th\u00ed sinh s\u00e1ng gi\u00e1 nh\u1ea5t v\u00f9ng, \u0111\u01b0\u1ee3c R\u1ed3ng \u0110\u1ea1i Ca truy\u1ec1n b\u00ed thu\u1eadt kh\u00e8 l\u1eeda. \u0110\u1ec3 r\u1ed3i n\u00e0ng l\u1ea1i kh\u00e8 ra to\u00e0n\u2026 tr\u00e0 s\u1eefa m\u00e0 th\u00f4i! N\u00e0ng r\u1ed3ng s\u1ebd xoay s\u1edf th\u1ebf n\u00e0o khi v\u0169 kh\u00ed c\u1ee7a k\u1ebb th\u00f9 ng\u00e0y c\u00e0ng hung t\u1ee3n?<\/p>\n<p>4\/ Vun \u0110\u1eafp T\u00e2m H\u1ed3n &#8211; Kh\u00e1c Bi\u1ec7t M\u1edbi Tuy\u1ec7t L\u00e0m Sao &#8211; Nh\u00f3c K\u00ec L\u00e2n M\u1ecdc S\u1eebng B\u00faa \u0110\u1ebdo<\/p>\n<p>Gi\u1eefa b\u1ea7y k\u00ec l\u00e2n s\u1eebng nh\u1ecdn, m\u1ed9t nh\u00f3c con l\u1ea1c lo\u00e0i v\u00ec tr\u00f3t mang tr\u00ean \u0111\u1ea7u chi\u1ebfc s\u1eebng h\u00ecnh\u2026 b\u00faa \u0111\u1ebdo! \u0110\u1eb7c \u0111i\u1ec3m ng\u1ed9 ngh\u0129nh n\u00e0y khi\u1ebfn c\u1eadu b\u1ecb b\u1ea1n b\u00e8 tr\u00eau ch\u1ecdc v\u00e0 xa l\u00e1nh. \u0110\u1ec3 r\u1ed3i, khi m\u1ed9t s\u1ef1 c\u1ed1 x\u1ea3y ra, c\u1eadu \u0111\u00e3 l\u1eadt ng\u01b0\u1ee3c t\u00ecnh th\u1ebf ch\u00ednh nh\u1edd g\u1ee3i \u00fd t\u1eeb s\u1ef1 kh\u00e1c bi\u1ec7t c\u1ee7a m\u00ecnh. \u0110i\u1ec1u g\u00ec \u0111\u00e3 bi\u1ebfn nh\u00f3c k\u00ec l\u00e2n t\u1eeb m\u1ed9t k\u1ebb b\u1ecb k\u00ec th\u1ecb tr\u1edf th\u00e0nh m\u1ed9t \u00e2n nh\u00e2n?<\/p>\n<p>Kh\u00e1c bi\u1ec7t m\u1edbi tuy\u1ec7t l\u00e0m sao l\u00e0 b\u1ed9 s\u00e1ch v\u1edbi th\u00f4ng \u0111i\u1ec7p \u0111\u1ea7y \u00fd ngh\u0129a d\u00e0nh cho c\u00e1c b\u00e9. M\u1ed7i ch\u00fang ta \u0111\u1ec1u kh\u00e1c bi\u1ec7t, nh\u01b0ng kh\u00e1c bi\u1ec7t l\u00e0 m\u1ed9t \u0111i\u1ec1u tuy\u1ec7t v\u1eddi. Kh\u00e1c bi\u1ec7t nh\u01b0 th\u1ebf n\u00e0o th\u00ec t\u1ed1t v\u00e0 l\u00e0m th\u1ebf n\u00e0o \u0111\u1ec3 s\u1ef1 kh\u00e1c bi\u1ec7t c\u00f3 \u00edch cho m\u1ed7i ng\u01b0\u1eddi, c\u00f9ng \u0111\u1ecdc s\u00e1ch \u0111\u1ec3 bi\u1ebft th\u00eam nh\u00e9.<\/p>\n","protected":false},"featured_media":9607,"template":"","meta":{"_acf_changed":false},"product_brand":[],"product_cat":[25,17,26],"product_tag":[],"class_list":{"0":"post-9612","1":"product","2":"type-product","3":"status-publish","4":"has-post-thumbnail","6":"product_cat-nhi-dong-6-tuoi-12-tuoi","7":"product_cat-sach-danh-cho-cac-be","8":"product_cat-thieu-nien-11-tuoi-18-tuoi","10":"first","11":"instock","12":"taxable","13":"shipping-taxable","14":"purchasable","15":"product-type-simple"},"supplier_id":null,"supplier_sku":"","barcode":null,"atum_controlled":true,"out_stock_date":null,"out_stock_threshold":null,"inheritable":false,"inbound_stock":2,"stock_on_hold":0,"sold_today":0,"sales_last_days":0,"reserved_stock":0,"customer_returns":0,"warehouse_damage":0,"lost_in_post":0,"other_logs":0,"out_stock_days":0,"lost_sales":0,"has_location":false,"update_date":"2026-01-28T23:10:44","atum_locations":[],"atum_stock_status":"instock","restock_status":false,"low_stock_amount":"","sales_update_date":"2026-01-28T23:10:44","calc_backorders":null,"acf":{"publisher":{"ID":1454,"post_author":"1","post_date":"2021-02-17 01:11:34","post_date_gmt":"2021-02-16 23:11:34","post_content":"<!-- wp:flatsome\/uxbuilder -->\n<h1 style=\"text-align: center;\"><strong>Kim \u0110\u1ed3ng<\/strong><\/h1>\n[row]\n\n[col span=\"3\" span__sm=\"12\"]\n\n[ux_image id=\"1534\" image_size=\"medium\"]\n\n\n[\/col]\n[col span=\"9\" span__sm=\"12\"]\n\n<p>Nh\u00e0 xu\u1ea5t b\u1ea3n Kim \u0110\u1ed3ng tr\u1ef1c thu\u1ed9c Trung \u01b0\u01a1ng \u0110o\u00e0n TNCS H\u1ed3 Ch\u00ed Minh l\u00e0 Nh\u00e0 xu\u1ea5t b\u1ea3n t\u1ed5ng h\u1ee3p c\u00f3 ch\u1ee9c n\u0103ng xu\u1ea5t b\u1ea3n s\u00e1ch v\u00e0 v\u0103n h\u00f3a ph\u1ea9m ph\u1ee5c v\u1ee5 thi\u1ebfu nhi v\u00e0 c\u00e1c b\u1eadc ph\u1ee5 huynh trong c\u1ea3 n\u01b0\u1edbc, qu\u1ea3ng b\u00e1 v\u00e0 gi\u1edbi thi\u1ec7u v\u0103n h\u00f3a Vi\u1ec7t Nam ra th\u1ebf gi\u1edbi.<br \/>Nh\u00e0 xu\u1ea5t b\u1ea3n c\u00f3 nhi\u1ec7m v\u1ee5 t\u1ed5 ch\u1ee9c b\u1ea3n th\u1ea3o, bi\u00ean so\u1ea1n, bi\u00ean d\u1ecbch, xu\u1ea5t b\u1ea3n v\u00e0 ph\u00e1t h\u00e0nh c\u00e1c xu\u1ea5t b\u1ea3n ph\u1ea9m c\u00f3 n\u1ed9i dung: gi\u00e1o d\u1ee5c truy\u1ec1n th\u1ed1ng d\u00e2n t\u1ed9c, gi\u00e1o d\u1ee5c v\u1ec1 tri th\u1ee9c, ki\u1ebfn th\u1ee9c\u2026 tr\u00ean c\u00e1c l\u0129nh v\u1ef1c v\u0103n h\u1ecdc, ngh\u1ec7 thu\u1eadt, khoa h\u1ecdc k\u1ef9 thu\u1eadt nh\u1eb1m cung c\u1ea5p cho c\u00e1c em thi\u1ebfu nhi c\u0169ng nh\u01b0 c\u00e1c b\u1eadc ph\u1ee5 huynh c\u00e1c ki\u1ebfn th\u1ee9c c\u1ea7n thi\u1ebft trong cu\u1ed9c s\u1ed1ng, nh\u1eefng tinh hoa c\u1ee7a tri th\u1ee9c nh\u00e2n lo\u1ea1i nh\u1eb1m g\u00f3p ph\u1ea7n gi\u00e1o d\u1ee5c v\u00e0 h\u00ecnh th\u00e0nh nh\u00e2n c\u00e1ch th\u1ebf h\u1ec7 tr\u1ebb.<br \/>\u0110\u1ed1i t\u01b0\u1ee3ng ph\u1ee5c v\u1ee5 c\u1ee7a Nh\u00e0 xu\u1ea5t b\u1ea3n l\u00e0 c\u00e1c em t\u1eeb tu\u1ed5i nh\u00e0 tr\u1ebb m\u1eabu gi\u00e1o (1 \u0111\u1ebfn 5 tu\u1ed5i), nhi \u0111\u1ed3ng (6 \u0111\u1ebfn 9 tu\u1ed5i), thi\u1ebfu ni\u00ean (10 \u0111\u1ebfn 15 tu\u1ed5i) \u0111\u1ebfn c\u00e1c em tu\u1ed5i m\u1edbi l\u1edbn (16 \u0111\u1ebfn 18 tu\u1ed5i) v\u00e0 c\u00e1c b\u1eadc ph\u1ee5 huynh.<\/p>\n\n[\/col]\n\n[\/row]\n\n<!-- \/wp:flatsome\/uxbuilder -->","post_title":"Kim \u0110\u1ed3ng","post_excerpt":"","post_status":"publish","comment_status":"closed","ping_status":"closed","post_password":"","post_name":"kim-dong","to_ping":"","pinged":"","post_modified":"2021-02-17 01:31:56","post_modified_gmt":"2021-02-16 23:31:56","post_content_filtered":"","post_parent":0,"guid":"https:\/\/sachviet.eu\/nha-phat-hanh\/kim-dong\/","menu_order":0,"post_type":"publisher","post_mime_type":"","comment_count":"0","filter":"raw"}},"_links":{"self":[{"href":"https:\/\/sachviet.eu\/en\/wp-json\/wp\/v2\/product\/9612","targetHints":{"allow":["GET"]}}],"collection":[{"href":"https:\/\/sachviet.eu\/en\/wp-json\/wp\/v2\/product"}],"about":[{"href":"https:\/\/sachviet.eu\/en\/wp-json\/wp\/v2\/types\/product"}],"wp:featuredmedia":[{"embeddable":true,"href":"https:\/\/sachviet.eu\/en\/wp-json\/wp\/v2\/media\/9607"}],"wp:attachment":[{"href":"https:\/\/sachviet.eu\/en\/wp-json\/wp\/v2\/media?parent=9612"}],"wp:term":[{"taxonomy":"product_brand","embeddable":true,"href":"https:\/\/sachviet.eu\/en\/wp-json\/wp\/v2\/product_brand?post=9612"},{"taxonomy":"product_cat","embeddable":true,"href":"https:\/\/sachviet.eu\/en\/wp-json\/wp\/v2\/product_cat?post=9612"},{"taxonomy":"product_tag","embeddable":true,"href":"https:\/\/sachviet.eu\/en\/wp-json\/wp\/v2\/product_tag?post=9612"}],"curies":[{"name":"wp","href":"https:\/\/api.w.org\/{rel}","templated":true}]}}