{"id":9606,"date":"2021-06-02T01:27:26","date_gmt":"2021-06-01T22:27:26","guid":{"rendered":"https:\/\/sachviet.eu\/shop\/bo-hop-sach-arsene-lupin-sieu-trom-hao-hoa-tron-bo-5-quyen\/"},"modified":"2023-07-25T10:34:40","modified_gmt":"2023-07-25T07:34:40","slug":"bo-hop-sach-arsene-lupin-sieu-trom-hao-hoa-tron-bo-5-quyen","status":"publish","type":"product","link":"https:\/\/sachviet.eu\/en\/shop\/bo-hop-sach-arsene-lupin-sieu-trom-hao-hoa-tron-bo-5-quyen\/","title":{"rendered":"B\u1ed9 H\u1ed9p S\u00e1ch Ars\u00e8ne Lupin &#8211; Si\u00eau Tr\u1ed9m H\u00e0o Hoa &#8211; Tr\u1ecdn B\u1ed9 5 quy\u1ec3n"},"content":{"rendered":"<p>Si\u00eau tr\u1ed9m h\u00e0o hoa, \u201cHo\u00e0ng t\u1eed \u0111\u1ea1o ch\u00edch\u201d, \u201cRobin Hood c\u1ee7a gi\u1edbi t\u1ed9i ph\u1ea1m\u201d, \u0111\u00f3 l\u00e0 nh\u1eefng m\u1ef9 danh \u0111\u01b0\u1ee3c d\u00e0nh t\u1eb7ng cho m\u1ed9t trong nh\u1eefng nh\u00e2n v\u1eadt ti\u1ebfng t\u0103m nh\u1ea5t c\u1ee7a d\u00f2ng v\u0103n h\u1ecdc trinh th\u00e1m phi\u00eau l\u01b0u n\u01b0\u1edbc Ph\u00e1p: Ars\u00e8ne Lupin. Ra m\u1eaft \u0111\u1ed9c gi\u1ea3 v\u00e0o n\u0103m 1905 d\u01b0\u1edbi d\u1ea1ng truy\u1ec7n ng\u1eafn d\u00e0i k\u1ef3 tr\u00ean t\u1ea1p ch\u00ed Je sais tout, g\u00e3 \u0111\u1ea1o ch\u00edch th\u00f4ng minh, quy\u1ebfn r\u0169 nh\u01b0ng kh\u00f4ng k\u00e9m ph\u1ea7n h\u00e0i h\u01b0\u1edbc v\u00e0 l\u00e1u c\u00e1 \u1ea5y \u0111\u00e3 khi\u1ebfn S\u1edf C\u1ea3nh s\u00e1t kh\u1ed1n kh\u1ed5 v\u00f2 \u0111\u1ea7u b\u1ee9t tai, c\u00e1nh nh\u00e0 gi\u00e0u ng\u00e0y \u0111\u00eam lo ngay ng\u00e1y v\u00ec m\u1ea5t c\u1ee7a, c\u00f2n c\u00f4ng ch\u00fang th\u00ec kh\u00f4ng ng\u1eebng t\u00e1n th\u01b0\u1edfng v\u00e0 h\u1ed3i h\u1ed9p d\u00f5i theo nh\u1eefng m\u00e0n tr\u00ecnh di\u1ec5n \u0111\u1ea7y h\u1ea5p d\u1eabn v\u00e0 kh\u00f4ng th\u1ec3 \u0111o\u00e1n tr\u01b0\u1edbc k\u1ebft c\u1ee5c.<\/p>\n<p>V\u1edbi gi\u1ecdng v\u0103n ph\u00f3ng kho\u00e1ng \u0111\u1ea7y l\u00f4i cu\u1ed1n k\u1ebft h\u1ee3p v\u1edbi b\u00fat ph\u00e1p tr\u00e0o l\u1ed9ng \u0111\u1eb7c tr\u01b0ng, b\u1ed9 s\u00e1ch Ars\u00e8ne Lupin, si\u00eau tr\u1ed9m h\u00e0o hoa s\u1ebd t\u00e1i hi\u1ec7n l\u1ea1i kh\u00f4ng ch\u1ec9 nh\u1eefng v\u1ee5 tr\u1ed9m cao tay m\u00e0 c\u00f2n c\u1ea3 nh\u1eefng l\u1ea7n h\u00e0nh hi\u1ec7p tr\u01b0\u1ee3ng ngh\u0129a \u0111\u00e1ng nh\u1edb c\u1ee7a g\u00e3 si\u00eau \u0111\u1ea1o ch\u00edch, qua \u0111\u00f3, \u0111\u1ed9c gi\u1ea3 s\u1ebd c\u00f3 \u0111\u01b0\u1ee3c c\u00e1i nh\u00ecn r\u00f5 h\u01a1n v\u1ec1 th\u00e2n ph\u1eadn, t\u00ednh c\u00e1ch, t\u00e0i n\u0103ng c\u1ee7a nh\u00e2n v\u1eadt \u0111\u1eb7c bi\u1ec7t n\u00e0y.<\/p>\n<p>M\u1eddi c\u00e1c b\u1ea1n \u0111\u00f3n \u0111\u1ecdc!<\/p>\n<p>&#8212;&#8212;-<\/p>\n<p>MAURICE LEBLANC<\/p>\n<p>Maurice Leblanc sinh n\u0103m 1864 t\u1ea1i Rouen, Ph\u00e1p. T\u00ean tu\u1ed5i c\u1ee7a \u00f4ng th\u1ef1c s\u1ef1 \u0111\u01b0\u1ee3c bi\u1ebft t\u1edbi v\u00e0 \u0111\u1ec3 l\u1ea1i d\u1ea5u \u1ea5n s\u00e2u \u0111\u1eadm trong l\u00f2ng \u0111\u1ed9c gi\u1ea3 su\u1ed1t h\u01a1n m\u1ed9t th\u1ebf k\u1ef7 qua nh\u1edd series truy\u1ec7n d\u00e0i k\u1ef3 cho t\u1ea1p ch\u00ed Je sais tout v\u1ec1 nh\u00e2n v\u1eadt si\u00eau \u0111\u1ea1o ch\u00edch Ars\u00e8ne Lupin. Nh\u1edd nh\u1eefng c\u1ed1ng hi\u1ebfn kh\u00f4ng ng\u1eebng ngh\u1ec9 c\u1ee7a m\u00ecnh, Leblanc \u0111\u00e3 \u0111\u01b0\u1ee3c trao t\u1eb7ng Hu\u00e2n ch\u01b0\u01a1ng B\u1eafc \u0110\u1ea9u b\u1ed9i tinh. \u00d4ng m\u1ea5t n\u0103m 1941 t\u1ea1i Perpignan.<\/p>\n<p>V\u1ee5 ch\u01a1i kh\u0103m ng\u00e0i tri\u1ec7u ph\u00fa v\u1ed1n l\u00e0 m\u1ed9t v\u1edf k\u1ecbch do Maurice Leblanc v\u00e0 Francis de Croisset \u0111\u1ed3ng s\u00e1ng t\u00e1c, sau \u0111\u01b0\u1ee3c Edgar Jepson vi\u1ebft l\u1ea1i th\u00e0nh ti\u1ec3u thuy\u1ebft b\u1eb1ng ti\u1ebfng Anh.<\/p>\n","protected":false},"excerpt":{"rendered":"<p>Si\u00eau tr\u1ed9m h\u00e0o hoa, \u201cHo\u00e0ng t\u1eed \u0111\u1ea1o ch\u00edch\u201d, \u201cRobin Hood c\u1ee7a gi\u1edbi t\u1ed9i ph\u1ea1m\u201d, \u0111\u00f3 l\u00e0 nh\u1eefng m\u1ef9 danh \u0111\u01b0\u1ee3c d\u00e0nh t\u1eb7ng cho m\u1ed9t trong nh\u1eefng nh\u00e2n v\u1eadt ti\u1ebfng t\u0103m nh\u1ea5t c\u1ee7a d\u00f2ng v\u0103n h\u1ecdc trinh th\u00e1m phi\u00eau l\u01b0u n\u01b0\u1edbc Ph\u00e1p: Ars\u00e8ne Lupin. Ra m\u1eaft \u0111\u1ed9c gi\u1ea3 v\u00e0o n\u0103m 1905 d\u01b0\u1edbi d\u1ea1ng truy\u1ec7n ng\u1eafn d\u00e0i k\u1ef3 tr\u00ean t\u1ea1p ch\u00ed Je sais tout, g\u00e3 \u0111\u1ea1o ch\u00edch th\u00f4ng minh, quy\u1ebfn r\u0169 nh\u01b0ng kh\u00f4ng k\u00e9m ph\u1ea7n h\u00e0i h\u01b0\u1edbc v\u00e0 l\u00e1u c\u00e1 \u1ea5y \u0111\u00e3 khi\u1ebfn S\u1edf C\u1ea3nh s\u00e1t kh\u1ed1n kh\u1ed5 v\u00f2 \u0111\u1ea7u b\u1ee9t tai, c\u00e1nh nh\u00e0 gi\u00e0u ng\u00e0y \u0111\u00eam lo ngay ng\u00e1y v\u00ec m\u1ea5t c\u1ee7a, c\u00f2n c\u00f4ng ch\u00fang th\u00ec kh\u00f4ng ng\u1eebng t\u00e1n th\u01b0\u1edfng v\u00e0 h\u1ed3i h\u1ed9p d\u00f5i theo nh\u1eefng m\u00e0n tr\u00ecnh di\u1ec5n \u0111\u1ea7y h\u1ea5p d\u1eabn v\u00e0 kh\u00f4ng th\u1ec3 \u0111o\u00e1n tr\u01b0\u1edbc k\u1ebft c\u1ee5c.<\/p>\n<p>V\u1edbi gi\u1ecdng v\u0103n ph\u00f3ng kho\u00e1ng \u0111\u1ea7y l\u00f4i cu\u1ed1n k\u1ebft h\u1ee3p v\u1edbi b\u00fat ph\u00e1p tr\u00e0o l\u1ed9ng \u0111\u1eb7c tr\u01b0ng, b\u1ed9 s\u00e1ch Ars\u00e8ne Lupin, si\u00eau tr\u1ed9m h\u00e0o hoa s\u1ebd t\u00e1i hi\u1ec7n l\u1ea1i kh\u00f4ng ch\u1ec9 nh\u1eefng v\u1ee5 tr\u1ed9m cao tay m\u00e0 c\u00f2n c\u1ea3 nh\u1eefng l\u1ea7n h\u00e0nh hi\u1ec7p tr\u01b0\u1ee3ng ngh\u0129a \u0111\u00e1ng nh\u1edb c\u1ee7a g\u00e3 si\u00eau \u0111\u1ea1o ch\u00edch, qua \u0111\u00f3, \u0111\u1ed9c gi\u1ea3 s\u1ebd c\u00f3 \u0111\u01b0\u1ee3c c\u00e1i nh\u00ecn r\u00f5 h\u01a1n v\u1ec1 th\u00e2n ph\u1eadn, t\u00ednh c\u00e1ch, t\u00e0i n\u0103ng c\u1ee7a nh\u00e2n v\u1eadt \u0111\u1eb7c bi\u1ec7t n\u00e0y.<\/p>\n<p>M\u1eddi c\u00e1c b\u1ea1n \u0111\u00f3n \u0111\u1ecdc!<\/p>\n","protected":false},"featured_media":9598,"template":"","meta":{"_acf_changed":false},"product_brand":[],"product_cat":[15,72],"product_tag":[81],"class_list":{"0":"post-9606","1":"product","2":"type-product","3":"status-publish","4":"has-post-thumbnail","6":"product_cat-sach-danh-cho-nguoi-lon","7":"product_cat-trinh-tham-kinh-di","8":"product_tag-sach-gia-uu-dai","10":"first","11":"outofstock","12":"sale","13":"taxable","14":"shipping-taxable","15":"purchasable","16":"product-type-simple"},"supplier_id":null,"supplier_sku":"","barcode":null,"atum_controlled":true,"out_stock_date":"2023-07-25 07:34:40","out_stock_threshold":null,"inheritable":false,"inbound_stock":0,"stock_on_hold":0,"sold_today":0,"sales_last_days":0,"reserved_stock":0,"customer_returns":0,"warehouse_damage":0,"lost_in_post":0,"other_logs":0,"out_stock_days":918,"lost_sales":0,"has_location":false,"update_date":"2026-01-28T23:10:44","atum_locations":[],"atum_stock_status":"outofstock","restock_status":false,"low_stock_amount":"","sales_update_date":"2026-01-28T23:10:44","calc_backorders":null,"acf":{"publisher":{"ID":1470,"post_author":"2","post_date":"2021-02-17 01:12:47","post_date_gmt":"2021-02-16 23:12:47","post_content":"<!-- wp:flatsome\/uxbuilder -->\n<h1 style=\"text-align: center\"><strong>\u0110inh T\u1ecb<\/strong><\/h1>\n[row]\n\n[col span=\"4\" span__sm=\"12\"]\n\n[ux_image id=\"1831\" image_size=\"medium\"]\n\n\n[\/col]\n[col span=\"8\" span__sm=\"12\"]\n\n<p><strong>\u0110inh T\u1ecb Books - Ti\u00ean phong s\u00e1ng t\u1ea1o<\/strong><\/p>\n<p>Th\u00e0nh l\u1eadp n\u0103m 2006, t\u1edbi nay \u0110inh T\u1ecb Books \u0111\u01b0\u1ee3c \u0111\u00e1nh gi\u1ea3 l\u00e0 \u0111\u01a1n v\u1ecb xu\u1ea5t b\u1ea3n uy t\u00edn c\u00f3 t\u1ed1c \u0111\u1ed9 ph\u00e1t tri\u1ec3n nhanh nh\u1ea5t g\u1eafn v\u1edbi th\u00e0nh c\u00f4ng c\u1ee7a hai t\u1ee7 s\u00e1ch l\u1edbn: T\u1ee7 s\u00e1ch Thi\u1ebfu nhi - T\u1ee7 s\u00e1ch V\u0103n h\u1ecdc. Trong \u0111\u00f3 ph\u1ea3i k\u1ec3 t\u1edbi b\u01b0\u1edbc chuy\u1ec3n m\u00ecnh \u0111\u1ea7y \u1ea5n t\u01b0\u1ee3ng, tr\u1edf th\u00e0nh \u0111\u01a1n v\u1ecb ti\u00ean phong s\u00e1ng t\u1ea1o d\u00f2ng S\u00c1CH T\u01af\u01a0NG T\u00c1C thi\u1ebfu nhi. V\u1edbi h\u01a1n 300 t\u1ef1a s\u00e1ch t\u01b0\u01a1ng t\u00e1c \u0111ang l\u01b0u h\u00e0nh, \u0110inh T\u1ecb Books \u0111\u00e3 mang \u0111\u1ebfn nh\u1eefng gi\u00e1 tr\u1ecb tr\u1ea3i nghi\u1ec7m tuy\u1ec7t v\u1eddi, \u0111\u01b0a vi\u1ec7c h\u1ecdc v\u00e0 ch\u01a1i c\u00f9ng s\u00e1ch tr\u1edf n\u00ean hi\u1ec7u qu\u1ea3 h\u01a1n, gi\u00fap tr\u1ebb th\u00f4ng minh, t\u0103ng tr\u01b0\u1edfng c\u00e1c ch\u1ec9 s\u1ed1 IQ, EQ.<\/p>\n<p><strong>Th\u1ebf m\u1ea1nh c\u1ee7a \u0110inh T\u1ecb Books<\/strong><\/p>\n<p>V\u1edbi kinh nghi\u1ec7m nhi\u1ec1u n\u0103m trong ng\u00e0nh xu\u1ea5t b\u1ea3n, \u0110inh T\u1ecb Books tin r\u1eb1ng c\u00e1c b\u1eadc cha m\u1eb9 lu\u00f4n d\u00e0nh nh\u1eefng \u0111i\u1ec1u t\u1ed1t \u0111\u1eb9p nh\u1ea5t cho c\u00e1c con c\u1ee7a m\u00ecnh. \u0110\u1ecdc s\u00e1ch c\u00f9ng con lu\u00f4n l\u00e0 l\u1ef1a ch\u1ecdn h\u00e0ng \u0111\u1ea7u gi\u00fap g\u1eafn k\u1ebft t\u00ecnh y\u00eau th\u01b0\u01a1ng \u0111\u1ed3ng th\u1eddi gi\u00fap con nu\u00f4i d\u01b0\u1ee1ng ni\u1ec1m \u0111am m\u00ea v\u1edbi s\u00e1ch.<\/p>\n\n[\/col]\n\n[\/row]\n<p><strong>T\u00ecnh y\u00eau l\u1edbn d\u00e0nh cho nh\u1eefng cu\u1ed1n s\u00e1ch.<\/strong><\/p>\n<p>Xu\u1ea5t ph\u00e1t t\u1eeb t\u00ecnh y\u00eau v\u1edbi nh\u1eefng cu\u1ed1n s\u00e1ch, l\u00f2ng t\u1eadn t\u00e2m mu\u1ed1n g\u00ecn gi\u1eef nh\u1eefng gi\u00e1 tr\u1ecb v\u0103n h\u00f3a truy\u1ec1n th\u1ed1ng c\u1ee7a Vi\u1ec7t Nam, mong mu\u1ed1n \u0111\u01b0a nh\u1eefng gi\u00e1 tr\u1ecb \u0111\u1eadm ch\u1ea5t Vi\u1ec7t Nam \u0111\u1ebfn v\u1edbi tr\u1ebb em Vi\u1ec7t, c\u00e1c th\u00e0nh vi\u00ean s\u00e1ng t\u1ea1o c\u1ee7a \u0110inh T\u1ecb Books \u0111\u00e3 kh\u00f4ng ng\u1eebng n\u1ed7 l\u1ef1c, t\u00ecm t\u00f2i v\u00e0 h\u1ecdc h\u1ecfi, \u0111\u1ec3 \u0111\u01b0a nh\u1eefng cu\u1ed1n s\u00e1ch \u201c100% made in Vietnam\u201d \u0111\u1ebfn v\u1edbi tr\u1ebb em Vi\u1ec7t. C\u00e1c ki\u1ebfn th\u1ee9c b\u1ed5 \u00edch \u0111\u01b0\u1ee3c truy\u1ec1n t\u1ea3i th\u00f4ng qua nh\u1eefng t\u01b0\u01a1ng t\u00e1c th\u00fa v\u1ecb gi\u00fap tr\u1ebb nh\u1edb l\u00e2u h\u01a1n, h\u1ecdc t\u1ed1t h\u01a1n.<\/p>\n<p>Nh\u1eadn ra \u0111\u01b0\u1ee3c s\u1ee9 m\u1ec7nh v\u00e0 t\u1ea7m nh\u00ecn c\u1ee7a \u0110inh T\u1ecb, <strong>SACHVIET.EU<\/strong> \u0111\u00e3 li\u00ean l\u1ea1c v\u1edbi \u0110inh T\u1ecb \u0111\u1ec3 \u0111\u01b0\u1ee3c h\u1ed7 tr\u1ee3 \u0111\u01b0a nh\u1eefng cu\u1ed1n s\u00e1ch mang gi\u00e1 tr\u1ecb \u0111\u1eadm ch\u1ea5t Vi\u1ec7t Nam \u0111\u1ebfn v\u1edbi tr\u1ebb em Vi\u1ec7t v\u00e0 c\u1ed9ng \u0111\u1ed3ng Vi\u1ec7t s\u1ed1ng t\u1ea1i Ch\u00e2u \u00c2u. SACHVIET.EU \u0111\u1eb7t l\u00f2ng tin \u1edf \u0110inh T\u1ecb s\u1ebd lu\u00f4n \u0111em \u0111\u1ebfn nh\u1eefng gi\u00e1 tr\u1ecb cao qua t\u1eebng trang s\u00e1ch v\u00e0 hy v\u1ecdng \u0111\u1ed9c gi\u1ea3 s\u1ebd lu\u00f4n h\u00e0i l\u00f2ng v\u1edbi ch\u1ea5t l\u01b0\u1ee3ng m\u00e0 \u0110inh T\u1ecb theo \u0111u\u1ed5i bao n\u0103m qua.<\/p>\n\n<!-- \/wp:flatsome\/uxbuilder -->","post_title":"\u0110inh T\u1ecb","post_excerpt":"","post_status":"publish","comment_status":"closed","ping_status":"closed","post_password":"","post_name":"dinh-ti","to_ping":"","pinged":"","post_modified":"2022-12-19 23:15:43","post_modified_gmt":"2022-12-19 21:15:43","post_content_filtered":"","post_parent":0,"guid":"https:\/\/sachviet.eu\/nha-phat-hanh\/dinh-ti\/","menu_order":0,"post_type":"publisher","post_mime_type":"","comment_count":"0","filter":"raw"}},"_links":{"self":[{"href":"https:\/\/sachviet.eu\/en\/wp-json\/wp\/v2\/product\/9606","targetHints":{"allow":["GET"]}}],"collection":[{"href":"https:\/\/sachviet.eu\/en\/wp-json\/wp\/v2\/product"}],"about":[{"href":"https:\/\/sachviet.eu\/en\/wp-json\/wp\/v2\/types\/product"}],"wp:featuredmedia":[{"embeddable":true,"href":"https:\/\/sachviet.eu\/en\/wp-json\/wp\/v2\/media\/9598"}],"wp:attachment":[{"href":"https:\/\/sachviet.eu\/en\/wp-json\/wp\/v2\/media?parent=9606"}],"wp:term":[{"taxonomy":"product_brand","embeddable":true,"href":"https:\/\/sachviet.eu\/en\/wp-json\/wp\/v2\/product_brand?post=9606"},{"taxonomy":"product_cat","embeddable":true,"href":"https:\/\/sachviet.eu\/en\/wp-json\/wp\/v2\/product_cat?post=9606"},{"taxonomy":"product_tag","embeddable":true,"href":"https:\/\/sachviet.eu\/en\/wp-json\/wp\/v2\/product_tag?post=9606"}],"curies":[{"name":"wp","href":"https:\/\/api.w.org\/{rel}","templated":true}]}}