{"id":9589,"date":"2021-06-02T01:26:17","date_gmt":"2021-06-01T22:26:17","guid":{"rendered":"https:\/\/sachviet.eu\/shop\/muon-kiep-nhan-sinh-many-lives-many-times-kho-to\/"},"modified":"2024-03-20T00:32:08","modified_gmt":"2024-03-19T22:32:08","slug":"muon-kiep-nhan-sinh-many-lives-many-times-kho-to","status":"publish","type":"product","link":"https:\/\/sachviet.eu\/en\/shop\/muon-kiep-nhan-sinh-many-lives-many-times-kho-to\/","title":{"rendered":"Mu\u00f4n Ki\u1ebfp Nh\u00e2n Sinh (Many Lives &#8211; Many Times) &#8211;\u00a0Kh\u1ed5 to"},"content":{"rendered":"<p>Gi\u00e1o s\u01b0 John V\u0169 \u2013 Nguy\u00ean Phong v\u00e0 nh\u1eefng c\u00e2u chuy\u1ec7n ch\u01b0a t\u1eebng c\u00f3 v\u1ec1 ti\u1ec1n ki\u1ebfp, kh\u00e1m ph\u00e1 lu\u1eadt Nh\u00e2n qu\u1ea3, Lu\u00e2n h\u1ed3i.<\/p>\n<p>\u201cMu\u00f4n ki\u1ebfp nh\u00e2n sinh\u201d l\u00e0 t\u00e1c ph\u1ea9m do Gi\u00e1o s\u01b0 John V\u0169 &#8211; Nguy\u00ean Phong vi\u1ebft t\u1eeb n\u0103m 2017 v\u00e0 ho\u00e0n t\u1ea5t \u0111\u1ea7u n\u0103m 2020 ghi l\u1ea1i nh\u1eefng c\u00e2u chuy\u1ec7n, tr\u1ea3i nghi\u1ec7m ti\u1ec1n ki\u1ebfp k\u1ef3 l\u1ea1 t\u1eeb nhi\u1ec1u ki\u1ebfp s\u1ed1ng c\u1ee7a ng\u01b0\u1eddi b\u1ea1n t\u00e2m giao l\u00e2u n\u0103m, \u00f4ng Thomas \u2013 m\u1ed9t nh\u00e0 kinh doanh t\u00e0i ch\u00ednh n\u1ed5i ti\u1ebfng \u1edf New York. Nh\u1eefng c\u00e2u chuy\u1ec7n ch\u01b0a t\u1eebng ti\u1ebft l\u1ed9 n\u00e0y s\u1ebd gi\u00fap m\u1ecdi ng\u01b0\u1eddi tr\u00ean th\u1ebf gi\u1edbi chi\u00eam nghi\u1ec7m, kh\u00e1m ph\u00e1 c\u00e1c quy lu\u1eadt v\u1ec1 lu\u1eadt Nh\u00e2n qu\u1ea3 v\u00e0 Lu\u00e2n h\u1ed3i c\u1ee7a v\u0169 tr\u1ee5 gi\u1eefa l\u00fac tr\u00e1i \u0111\u1ea5t \u0111ang g\u1eb7p nhi\u1ec1u tai \u01b0\u01a1ng, bi\u1ebfn \u0111\u1ed9ng, kh\u1ee7ng ho\u1ea3ng t\u1eebng ng\u00e0y.<\/p>\n<p>\u201cMu\u00f4n ki\u1ebfp nh\u00e2n sinh\u201d l\u00e0 m\u1ed9t b\u1ee9c tranh l\u1edbn v\u1edbi v\u00f4 v\u00e0n m\u1ea3nh gh\u00e9p cu\u1ed9c \u0111\u1eddi, l\u00e0 m\u1ed9t cu\u1ed1n phim \u0111\u1ed3 s\u1ed9, s\u1ed1ng \u0111\u1ed9ng v\u1ec1 nh\u1eefng ki\u1ebfp s\u1ed1ng huy\u1ec1n b\u00ed, tr\u1ea3i d\u00e0i t\u1eeb n\u1ec1n v\u0103n minh Atlantis h\u00f9ng m\u1ea1nh \u0111\u1ebfn v\u01b0\u01a1ng qu\u1ed1c Ai C\u1eadp c\u1ed5 \u0111\u1ea1i c\u1ee7a c\u00e1c Pharaoh quy\u1ec1n uy, \u0111\u1ebfn H\u1ee3p Ch\u1ee7ng Qu\u1ed1c Hoa K\u1ef3 ng\u00e0y nay.<\/p>\n","protected":false},"excerpt":{"rendered":"<p>Gi\u00e1o s\u01b0 John V\u0169 \u2013 Nguy\u00ean Phong v\u00e0 nh\u1eefng c\u00e2u chuy\u1ec7n ch\u01b0a t\u1eebng c\u00f3 v\u1ec1 ti\u1ec1n ki\u1ebfp, kh\u00e1m ph\u00e1 lu\u1eadt Nh\u00e2n qu\u1ea3, Lu\u00e2n h\u1ed3i.<\/p>\n<p>\u201cMu\u00f4n ki\u1ebfp nh\u00e2n sinh\u201d l\u00e0 t\u00e1c ph\u1ea9m do Gi\u00e1o s\u01b0 John V\u0169 &#8211; Nguy\u00ean Phong vi\u1ebft t\u1eeb n\u0103m 2017 v\u00e0 ho\u00e0n t\u1ea5t \u0111\u1ea7u n\u0103m 2020 ghi l\u1ea1i nh\u1eefng c\u00e2u chuy\u1ec7n, tr\u1ea3i nghi\u1ec7m ti\u1ec1n ki\u1ebfp k\u1ef3 l\u1ea1 t\u1eeb nhi\u1ec1u ki\u1ebfp s\u1ed1ng c\u1ee7a ng\u01b0\u1eddi b\u1ea1n t\u00e2m giao l\u00e2u n\u0103m, \u00f4ng Thomas \u2013 m\u1ed9t nh\u00e0 kinh doanh t\u00e0i ch\u00ednh n\u1ed5i ti\u1ebfng \u1edf New York. Nh\u1eefng c\u00e2u chuy\u1ec7n ch\u01b0a t\u1eebng ti\u1ebft l\u1ed9 n\u00e0y s\u1ebd gi\u00fap m\u1ecdi ng\u01b0\u1eddi tr\u00ean th\u1ebf gi\u1edbi chi\u00eam nghi\u1ec7m, kh\u00e1m ph\u00e1 c\u00e1c quy lu\u1eadt v\u1ec1 lu\u1eadt Nh\u00e2n qu\u1ea3 v\u00e0 Lu\u00e2n h\u1ed3i c\u1ee7a v\u0169 tr\u1ee5 gi\u1eefa l\u00fac tr\u00e1i \u0111\u1ea5t \u0111ang g\u1eb7p nhi\u1ec1u tai \u01b0\u01a1ng, bi\u1ebfn \u0111\u1ed9ng, kh\u1ee7ng ho\u1ea3ng t\u1eebng ng\u00e0y.<\/p>\n<p>\u201cMu\u00f4n ki\u1ebfp nh\u00e2n sinh\u201d l\u00e0 m\u1ed9t b\u1ee9c tranh l\u1edbn v\u1edbi v\u00f4 v\u00e0n m\u1ea3nh gh\u00e9p cu\u1ed9c \u0111\u1eddi, l\u00e0 m\u1ed9t cu\u1ed1n phim \u0111\u1ed3 s\u1ed9, s\u1ed1ng \u0111\u1ed9ng v\u1ec1 nh\u1eefng ki\u1ebfp s\u1ed1ng huy\u1ec1n b\u00ed, tr\u1ea3i d\u00e0i t\u1eeb n\u1ec1n v\u0103n minh Atlantis h\u00f9ng m\u1ea1nh \u0111\u1ebfn v\u01b0\u01a1ng qu\u1ed1c Ai C\u1eadp c\u1ed5 \u0111\u1ea1i c\u1ee7a c\u00e1c Pharaoh quy\u1ec1n uy, \u0111\u1ebfn H\u1ee3p Ch\u1ee7ng Qu\u1ed1c Hoa K\u1ef3 ng\u00e0y nay.<\/p>\n","protected":false},"featured_media":9582,"template":"","meta":{"_acf_changed":false},"product_brand":[],"product_cat":[15,76],"product_tag":[81],"class_list":{"0":"post-9589","1":"product","2":"type-product","3":"status-publish","4":"has-post-thumbnail","6":"product_cat-sach-danh-cho-nguoi-lon","7":"product_cat-ton-giao-tam-linh","8":"product_tag-sach-gia-uu-dai","10":"first","11":"outofstock","12":"taxable","13":"shipping-taxable","14":"purchasable","15":"product-type-simple"},"supplier_id":null,"supplier_sku":"","barcode":null,"atum_controlled":true,"out_stock_date":"2024-03-19 22:32:08","out_stock_threshold":null,"inheritable":false,"inbound_stock":0,"stock_on_hold":0,"sold_today":0,"sales_last_days":0,"reserved_stock":1,"customer_returns":0,"warehouse_damage":0,"lost_in_post":0,"other_logs":0,"out_stock_days":680,"lost_sales":0,"has_location":false,"update_date":"2026-01-28T23:10:44","atum_locations":[],"atum_stock_status":"outofstock","restock_status":false,"low_stock_amount":"","sales_update_date":"2026-01-28T23:10:44","calc_backorders":null,"acf":{"publisher":{"ID":6196,"post_author":"1","post_date":"2021-03-15 01:26:01","post_date_gmt":"2021-03-14 23:26:01","post_content":"","post_title":"FIRST NEWS","post_excerpt":"","post_status":"publish","comment_status":"closed","ping_status":"closed","post_password":"","post_name":"first-news","to_ping":"","pinged":"","post_modified":"2021-03-15 01:26:01","post_modified_gmt":"2021-03-14 23:26:01","post_content_filtered":"","post_parent":0,"guid":"https:\/\/sachviet.eu\/blog\/nha-phat-hanh\/first-news\/","menu_order":0,"post_type":"publisher","post_mime_type":"","comment_count":"0","filter":"raw"}},"_links":{"self":[{"href":"https:\/\/sachviet.eu\/en\/wp-json\/wp\/v2\/product\/9589","targetHints":{"allow":["GET"]}}],"collection":[{"href":"https:\/\/sachviet.eu\/en\/wp-json\/wp\/v2\/product"}],"about":[{"href":"https:\/\/sachviet.eu\/en\/wp-json\/wp\/v2\/types\/product"}],"wp:featuredmedia":[{"embeddable":true,"href":"https:\/\/sachviet.eu\/en\/wp-json\/wp\/v2\/media\/9582"}],"wp:attachment":[{"href":"https:\/\/sachviet.eu\/en\/wp-json\/wp\/v2\/media?parent=9589"}],"wp:term":[{"taxonomy":"product_brand","embeddable":true,"href":"https:\/\/sachviet.eu\/en\/wp-json\/wp\/v2\/product_brand?post=9589"},{"taxonomy":"product_cat","embeddable":true,"href":"https:\/\/sachviet.eu\/en\/wp-json\/wp\/v2\/product_cat?post=9589"},{"taxonomy":"product_tag","embeddable":true,"href":"https:\/\/sachviet.eu\/en\/wp-json\/wp\/v2\/product_tag?post=9589"}],"curies":[{"name":"wp","href":"https:\/\/api.w.org\/{rel}","templated":true}]}}