{"id":9581,"date":"2021-06-02T01:25:53","date_gmt":"2021-06-01T22:25:53","guid":{"rendered":"https:\/\/sachviet.eu\/shop\/tro-ve-tu-coi-sang-tai-ban-2020\/"},"modified":"2024-02-15T23:41:33","modified_gmt":"2024-02-15T21:41:33","slug":"tro-ve-tu-coi-sang-tai-ban-2020","status":"publish","type":"product","link":"https:\/\/sachviet.eu\/en\/shop\/tro-ve-tu-coi-sang-tai-ban-2020\/","title":{"rendered":"Tr\u1edf V\u1ec1 T\u1eeb C\u00f5i S\u00e1ng"},"content":{"rendered":"<p>Th\u1ebf gi\u1edbi t\u00e2m linh v\u00e0 nh\u1eefng b\u00ed m\u1eadt b\u00ean kia c\u1eeda t\u1eed Sinh \u2013 l\u00e3o \u2013 b\u1ec7nh \u2013 t\u1eed l\u00e0 quy lu\u1eadt c\u1ee7a \u0111\u1eddi ng\u01b0\u1eddi d\u00f9 mu\u1ed1n hay kh\u00f4ng mu\u1ed1n con ng\u01b0\u1eddi v\u1eabn ph\u1ea3i tr\u1ea3i qua. V\u00f2ng quay c\u1ee7a quy lu\u1eadt \u1ea5y \u0111\u1ed1i v\u1edbi m\u1ed7i con ng\u01b0\u1eddi c\u00f3 th\u1ec3 d\u00e0i hay ng\u1eafn, nh\u01b0ng c\u00f3 sinh, c\u00f3 t\u1eed l\u00e0 \u0111i\u1ec1u t\u1ea5t y\u1ebfu. \u0110\u00e3 l\u00e0 con ng\u01b0\u1eddi, cho d\u00f9 \u0111\u1eb9p \u0111\u1ebd hay x\u1ea5u xa, gi\u00e0u c\u00f3 hay ngh\u00e8o h\u00e8n, kh\u00f4n ngoan hay kh\u1edd d\u1ea1i th\u00ec ch\u00fang ta c\u0169ng kh\u00f4ng sao tr\u00e1nh kh\u1ecfi s\u1ef1 ch\u1ebft. Th\u1ebf nh\u01b0ng n\u00f3i \u0111\u1ebfn s\u1ef1 ch\u1ebft ai c\u0169ng s\u1ee3, c\u0169ng ch\u00ednh v\u00ec s\u1ee3 m\u00e0 kh\u00f4ng \u0111i s\u00e2u t\u00ecm hi\u1ec3u v\u00e0 chu\u1ea9n b\u1ecb v\u1ec1 m\u1eb7t t\u00e2m l\u00fd \u0111\u1ec3 ch\u1ea5p nh\u1eadn n\u00f3 m\u1ed9t c\u00e1ch nh\u1eb9 nh\u00f5m. Th\u1ea7n ch\u1ebft lu\u00f4n lu\u00f4n b\u00e1m \u0111u\u1ed5i cu\u1ed9c s\u1ed1ng con ng\u01b0\u1eddi nh\u01b0  h\u00ecnh v\u1edbi b\u00f3ng v\u00e0 c\u00f3 th\u1ec3 bu\u1ed9c cu\u1ed9c s\u1ed1ng c\u1ee7a m\u1ed7i ng\u01b0\u1eddi d\u1eebng l\u1ea1i theo c\u00e1ch kh\u00e1c nhau .<\/p>\n<p>D\u00e2n gian c\u00f3 c\u00e2u \u201cch\u1ebft ch\u01b0a ph\u1ea3i l\u00e0 h\u1ebft\u201d, nh\u01b0ng l\u1ea1i ch\u01b0a c\u00f3 nh\u1eefng l\u1eddi minh gi\u1ea3i cho c\u00e2u n\u00f3i \u1ea5y, v\u00ec th\u1ebf ng\u01b0\u1eddi ng\u01b0\u1eddi kh\u00f4ng hi\u1ec3u \u0111\u01b0\u1ee3c th\u1ef1c ch\u1ea5t c\u1ee7a c\u1ee5m t\u1eeb \u201cch\u01b0a ph\u1ea3i l\u00e0 h\u1ebft\u201d. N\u1ebfu ch\u00fang ta ai c\u0169ng hi\u1ec3u bi\u1ebft t\u01b0\u1eddng t\u1eadn v\u1ec1 s\u1ef1 ch\u1ebft th\u00ec ch\u1ebft kh\u00f4ng ph\u1ea3i l\u00e0 v\u1ea5n \u0111\u1ec1 \u0111\u00e1ng s\u1ee3 n\u1eefa. Nh\u1eefng chuy\u1ec7n c\u00f3 th\u1eadt trong Tr\u1edf V\u1ec1 T\u1eeb C\u00f5i S\u00e1ng do Gi\u00e1o s\u01b0 Nguy\u00ean Phong bi\u00ean so\u1ea1n v\u00e0 d\u1ecbch thu\u1eadt, s\u1ebd h\u00e9 m\u1edf c\u00e1nh c\u1eeda huy\u1ec1n b\u00ed ti\u1ebft l\u1ed9 cho b\u1ea1n \u0111\u1ecdc v\u00e0i \u0111i\u1ec1u b\u00ed m\u1eadt v\u1ec1 b\u00ean kia c\u1eeda t\u1eed. M\u1ed9t trong nh\u1eefng b\u1ed9 s\u00e1ch \u0111\u1eb7c bi\u1ec7t c\u1ee7a T\u00e2y T\u1ea1ng l\u00e0 b\u1ed9 T\u1eed Th\u01b0 (Tibetian Book of the Death) vi\u1ebft v\u1ec1 \u0111\u1eddi s\u1ed1ng sau khi ch\u1ebft. Cu\u1ed1n s\u00e1ch \u0111\u00e3 \u0111\u01b0\u1ee3c nhi\u1ec1u ng\u01b0\u1eddi nghi\u00ean c\u1ee9u v\u00e0 d\u1ecbch thu\u1eadt,  nh\u01b0ng v\u00ec n\u00f3 qu\u00e1 h\u00e0m s\u00fac, kh\u00f3 hi\u1ec3u n\u00ean m\u1ed9t s\u1ed1 h\u1ecdc gi\u1ea3 \u0111\u00e3 r\u00fat t\u1ec9a v\u00e0i \u0111o\u1ea1n trong \u0111\u00f3, khai tri\u1ec3n r\u1ed9ng ra \u0111\u1ec3 an \u1ee7i nh\u1eefng ng\u01b0\u1eddi \u0111ang \u0111au kh\u1ed5 v\u00ec c\u1ea3nh t\u1eed bi\u1ec7t.<\/p>\n<p>Cu\u1ed1n  s\u00e1ch \u201cTr\u1edf V\u1ec1 T\u1eeb C\u00f5i S\u00e1ng\u201d do Nguy\u00ean Phong d\u1ecbch, g\u1ed3m nhi\u1ec1u c\u00e2u chuy\u1ec7n c\u1ee7a nh\u1eefng ng\u01b0\u1eddi \u0111\u00e3 \u0111\u01b0\u1ee3c tr\u1ea3i nghi\u1ec7m kho\u1ea3nh kh\u1eafc b\u01b0\u1edbc qua c\u1eeda t\u1eed r\u1ed3i nh\u1edd m\u1ed9t ph\u00e9p m\u00e0u n\u00e0o \u0111\u00f3 \u0111\u01b0\u1ee3c quay l\u1ea1i s\u1ef1 s\u1ed1ng. H\u1ecd th\u1ea5y g\u00ec \u1edf b\u00ean kia c\u1eeda t\u1eed? L\u00e0m th\u1ebf n\u00e0o \u0111\u1ec3 khi ch\u1ebft kh\u00f4ng \u0111au kh\u1ed5? Nh\u1eefng c\u00e1ch \u0111\u1ec3 gi\u00fap ng\u01b0\u1eddi m\u1edbi qua \u0111\u1eddi; Khi r\u1eddi th\u1ec3 x\u00e1c linh h\u1ed3n nh\u1eb9 nh\u00e0ng nh\u01b0 bay. Embraced by the Light (Tr\u1edf V\u1ec1 T\u1eeb C\u00f5i S\u00e1ng) c\u1ee7a b\u00e0 Betty Eadie, \u0111\u01b0\u1ee3c Nguy\u00ean Phong gi\u1edbi thi\u1ec7u: Xu\u1ea5t b\u1ea3n \u0111\u1ea7u n\u0103m 1992, n\u00f3 \u0111\u00e3 tr\u1edf n\u00ean m\u1ed9t &#8220;Best Seller&#8221; v\u1edbi s\u1ed1 b\u1ea3n k\u1ef7 l\u1ee5c v\u00e0 d\u1eabn \u0111\u1ea7u nh\u1eefng cu\u1ed1n s\u00e1ch b\u00e1n ch\u1ea1y nh\u1ea5t Hoa K\u1ef3. B\u1eaft \u0111\u1ea7u t\u1eeb th\u00e1ng 2\/1994, n\u00f3 tr\u1edf n\u00ean cu\u1ed1n s\u00e1ch b\u00e1n ch\u1ea1y nh\u1ea5t th\u1ebf gi\u1edbi v\u1edbi 18 \u1ea5n b\u1ea3n b\u1eb1ng c\u00e1c th\u1ee9 ti\u1ebfng kh\u00e1c nhau.<\/p>\n<p>Trong \u1ea5n b\u1ea3n \u0111\u1ea7u t\u1ea1i \u00c2u Ch\u00e2u, nhi\u1ec1u \u0111\u1ecdc gi\u1ea3 \u0111\u00e3 ph\u1ea3i mua gi\u00e1 ch\u1ee3 \u0111en v\u00ec nh\u00e0 xu\u1ea5t b\u1ea3n in kh\u00f4ng k\u1ecbp. T\u1ea1i Nh\u1eadt B\u1ea3n nh\u1eefng ng\u01b0\u1eddi kh\u00f4ng mu\u1ed1n ch\u1edd \u0111\u1ee3i, \u0111\u00e3 x\u1ebfp h\u00e0ng \u0111\u1ec3 mua tr\u01b0\u1edbc c\u1eeda nh\u00e0 in\u2026 T\u1ea1i sao cu\u1ed1n s\u00e1ch n\u00e0y l\u1ea1i b\u00e1n ch\u1ea1y nh\u01b0 v\u1eady? Theo c\u00e1c nh\u00e0 b\u00ecnh lu\u1eadn th\u00ec kh\u00f4ng nh\u1eefng n\u1ed9i dung cu\u1ed1n s\u00e1ch n\u00e0y phong ph\u00fa h\u01a1n nhi\u1ec1u cu\u1ed1n s\u00e1ch t\u01b0\u01a1ng t\u1ef1 m\u00e0 t\u00e1c gi\u1ea3, b\u00e0 Betty Eadie, \u0111\u00e3 tr\u1ea3i qua s\u1ef1 ch\u1ebft v\u00e0 k\u1ec3 l\u1ea1i nh\u1eefng di\u1ec5n ti\u1ebfn \u1edf c\u00f5i b\u00ean kia, m\u00e0 b\u00e0 ta g\u1ecdi l\u00e0 c\u00f5i s\u00e1ng, m\u1ed9t c\u00e1ch chi ti\u1ebft r\u00f5 r\u00e0ng. Sau khi cu\u1ed1n s\u00e1ch xu\u1ea5t b\u1ea3n, t\u00e1c gi\u1ea3 \u0111\u00e3 \u0111\u01b0\u1ee3c m\u1eddi \u0111i di\u1ec5n thuy\u1ebft kh\u1eafp n\u01a1i, \u0111\u00e2u \u0111\u00e2u b\u00e0 c\u0169ng th\u01b0 h\u00fat \u0111\u01b0\u1ee3c ng\u01b0\u1eddi nghe \u0111\u00f4ng \u0111\u1ea3o ch\u01b0a t\u1eebng th\u1ea5y. Nhi\u1ec1u \u0111\u00e0i ph\u00e1t thanh v\u00e0 truy\u1ec1n h\u00ecnh tr\u00ean th\u1ebf gi\u1edbi \u0111\u00e3 c\u00f3 ch\u01b0\u01a1ng tr\u00ecnh ph\u1ecfng v\u1ea5n t\u00e1c gi\u1ea3 v\u00e0 th\u1ea3o lu\u1eadn v\u1ec1 hi\u1ec7n t\u01b0\u1ee3ng &#8220;ng\u01b0\u1eddi ch\u1ebft s\u1ed1ng l\u1ea1i&#8221;. \u0110\u00e2y l\u00e0 m\u1ed9t \u0111\u1ec1 t\u00e0i \u0111ang \u0111\u01b0\u1ee3c b\u00e0n c\u00e3i r\u1ea5t s\u00f4i n\u1ed5i, ng\u01b0\u1eddi tin k\u1ebb ng\u1edd, v\u00e0 c\u00f3 ng\u01b0\u1eddi \u0111\u00e3 ch\u1ea5t v\u1ea5n t\u00e1c gi\u1ea3 t\u1eebng chi ti\u1ebft m\u1ed9t nh\u01b0ng b\u00e0 Eadie \u0111\u00e3 gi\u1ea3i \u0111\u00e1p \u0111\u01b0\u1ee3c h\u1ea7u h\u1ebft th\u1eafc m\u1eafc c\u1ee7a m\u1ecdi ng\u01b0\u1eddi n\u00ean s\u1ed1 ng\u01b0\u1eddi h\u00e2m m\u1ed9 b\u00e0 ng\u00e0y c\u00e0ng nhi\u1ec1u.<\/p>\n<p>Nh\u1eadn th\u1ea5y \u0111\u00e2y l\u00e0 m\u1ed9t quy\u1ec3n s\u00e1ch gi\u00e1 tr\u1ecb, m\u1ed9t \u0111\u1ec1 t\u00e0i \u0111\u00e1ng \u0111\u1ec3 cho ch\u00fang ta suy ng\u1eabm First News Tr\u00ed Vi\u1ec7t \u0111\u00e3 mua b\u1ea3n quy\u1ec1n, bi\u00ean d\u1ecbch l\u1ea1i. Mong r\u1eb1ng cu\u1ed1n s\u00e1ch s\u1ebd gi\u00fap b\u1ea1n \u0111\u1ecdc hi\u1ec3u r\u1eb1ng s\u1ef1 ch\u1ebft kh\u00f4ng \u0111em l\u1ea1i m\u1ed9t thay \u0111\u1ed5i g\u00ec cho con ng\u01b0\u1eddi  th\u1eadt s\u1ef1 c\u1ea3. Kh\u00f4ng th\u1ec3 n\u00e0o m\u1ed9t ng\u01b0\u1eddi v\u1eeba ch\u1ebft v\u00e0 tr\u1edf n\u00ean m\u1ed9t v\u1ecb th\u00e1nh, hay m\u1ed9t b\u1eadc v\u0129 nh\u00e2n, hi\u1ec3u bi\u1ebft v\u00e0 c\u00f3 th\u1ec3 chi ph\u1ed1i \u0111\u01b0\u1ee3c m\u1ecdi s\u1ef1, m\u00e0 ch\u1ec9 l\u00e0 m\u1ed9t ng\u01b0\u1eddi gi\u1ed1ng nh\u01b0 tr\u01b0\u1edbc khi ch\u1ebft m\u1ed9t ng\u00e0y hay m\u1ed9t v\u00e0i gi\u1edd m\u00e0 th\u00f4i. Hi\u1ec3n nhi\u00ean, ng\u01b0\u1eddi \u0111\u00f3 c\u0169ng c\u00f3 t\u00ecnh c\u1ea3m, ki\u1ebfn th\u1ee9c, s\u1ef1 hi\u1ec3u bi\u1ebft, ch\u1ec9 kh\u00e1c \u1edf ch\u1ed7 h\u1ecd \u0111\u00e3 c\u1edfi b\u1ecf b\u1ed9 \u00e1o m\u1eb7c tr\u00ean ng\u01b0\u1eddi ra, c\u1edfi b\u1ecf c\u00e1i g\u00e1nh n\u1eb7ng tr\u00ean vai, b\u00eanh t\u1eadt m\u1ec7t nh\u1ecdc c\u1ee7a x\u00e1c th\u00e2n, v\u00e0 c\u00f3 c\u1ea3m gi\u00e1c th\u1ea3nh th\u01a1i t\u1ef1 t\u1ea1i. Cu\u1ed1n s\u00e1ch c\u0169ng kh\u00f4ng ch\u00fa tr\u1ecdng \u0111\u1ebfn hi\u1ec7n t\u01b0\u1ee3ng &#8220;ng\u01b0\u1eddi ch\u1ebft s\u1ed1ng l\u1ea1i&#8221; v\u00ec \u0111\u00e3 c\u00f3 nhi\u1ec1u cu\u1ed1n s\u00e1ch vi\u1ebft v\u1ec1 \u0111\u1ec1 t\u00e0i n\u00e0y r\u1ed3i v\u00e0 c\u0169ng kh\u00f4ng mu\u1ed1n \u0111i v\u00e0o chi ti\u1ebft nh\u1eefng c\u1ea3nh gi\u1edbi t\u00e1c gi\u1ea3 \u0111\u1ec1 c\u1eadp \u1edf c\u00f5i b\u00ean kia. Trong ph\u1ea7n l\u01b0\u1ee3c d\u1ecbch n\u00e0y, ch\u1ec9 \u0111\u1ec1 c\u1eadp \u0111\u1ebfn n\u1ed9i dung c\u1ee7a cu\u1ed1n s\u00e1ch, hay th\u00f4ng \u0111i\u1ec7p c\u1ea7n thi\u1ebft cho nh\u00e2n lo\u1ea1i, m\u00e0 t\u00e1c gi\u1ea3 \u0111\u00e3 nh\u1ea5n m\u1ea1nh r\u1eb1ng \u0111\u00f3 ch\u00ednh l\u00e0 l\u00fd do \u0111\u1ec3 tr\u1edf l\u1ea1i c\u00f5i tr\u1ea7n.<\/p>\n<p>\u0110\u00f4i n\u00e9t v\u1ec1 t\u00e1c gi\u1ea3 Nguy\u00ean Phong: T\u00ean th\u1eadt l\u00e0 V\u0169 V\u0103n Du, sinh n\u0103m 1950 t\u1ea1i H\u00e0 N\u1ed9i. N\u0103m 1968, \u00f4ng r\u1eddi kh\u1ecfi Vi\u1ec7t Nam, sang Hoa K\u1ef3 du h\u1ecdc hai ngh\u00e0nh Sinh v\u1eadt h\u1ecdc v\u00e0 \u0110i\u1ec7n to\u00e1n, sau \u0111\u00f3 \u00f4ng s\u1ed1ng v\u00e0 l\u00e0m vi\u1ec7c t\u1ea1i Hoa K\u1ef3 cho \u0111\u1ebfn nay. B\u00ean c\u1ea1nh vai tr\u00f2 l\u00e0 m\u1ed9t nh\u00e0 khoa h\u1ecdc, Nguy\u00ean Phong c\u00f2n l\u00e0 d\u1ecbch gi\u1ea3 c\u1ee7a h\u00e0ng lo\u1ea1t s\u00e1ch v\u1ec1 v\u0103n h\u00f3a v\u00e0 t\u00e2m linh ph\u01b0\u01a1ng \u0110\u00f4ng r\u1ea5t n\u1ed5i ti\u1ebfng. Trong s\u1ed1 \u0111\u00f3, c\u00f3 th\u1ec3 k\u1ec3 \u0111\u1ebfn: H\u00e0nh Tr\u00ecnh V\u1ec1 Ph\u01b0\u01a1ng \u0110\u00f4ng, Ng\u1ecdc S\u00e1ng Trong Hoa Sen, B\u00ean R\u1eb7ng Tuy\u1ebft S\u01a1n, Hoa Sen Tr\u00ean Tuy\u1ebft, Hoa Tr\u00f4i Tr\u00ean S\u00f3ng N\u01b0\u1edbc, Tr\u1edf V\u1ec1 T\u1eeb X\u1ee9 Tuy\u1ebft, Minh Tri\u1ebft Trong \u0110\u1eddi S\u1ed1ng \u0102n U\u1ed1ng, \u0110\u01b0\u1eddng M\u00e2y Qua X\u1ee9 Tuy\u1ebft\u2026<\/p>\n","protected":false},"excerpt":{"rendered":"<p>Th\u1ebf gi\u1edbi t\u00e2m linh v\u00e0 nh\u1eefng b\u00ed m\u1eadt b\u00ean kia c\u1eeda t\u1eed Sinh \u2013 l\u00e3o \u2013 b\u1ec7nh \u2013 t\u1eed l\u00e0 quy lu\u1eadt c\u1ee7a \u0111\u1eddi ng\u01b0\u1eddi d\u00f9 mu\u1ed1n hay kh\u00f4ng mu\u1ed1n con ng\u01b0\u1eddi v\u1eabn ph\u1ea3i tr\u1ea3i qua. V\u00f2ng quay c\u1ee7a quy lu\u1eadt \u1ea5y \u0111\u1ed1i v\u1edbi m\u1ed7i con ng\u01b0\u1eddi c\u00f3 th\u1ec3 d\u00e0i hay ng\u1eafn, nh\u01b0ng c\u00f3 sinh, c\u00f3 t\u1eed l\u00e0 \u0111i\u1ec1u t\u1ea5t y\u1ebfu. \u0110\u00e3 l\u00e0 con ng\u01b0\u1eddi, cho d\u00f9 \u0111\u1eb9p \u0111\u1ebd hay x\u1ea5u xa, gi\u00e0u c\u00f3 hay ngh\u00e8o h\u00e8n, kh\u00f4n ngoan hay kh\u1edd d\u1ea1i th\u00ec ch\u00fang ta c\u0169ng kh\u00f4ng sao tr\u00e1nh kh\u1ecfi s\u1ef1 ch\u1ebft. Th\u1ebf nh\u01b0ng n\u00f3i \u0111\u1ebfn s\u1ef1 ch\u1ebft ai c\u0169ng s\u1ee3, c\u0169ng ch\u00ednh v\u00ec s\u1ee3 m\u00e0 kh\u00f4ng \u0111i s\u00e2u t\u00ecm hi\u1ec3u v\u00e0 chu\u1ea9n b\u1ecb v\u1ec1 m\u1eb7t t\u00e2m l\u00fd \u0111\u1ec3 ch\u1ea5p nh\u1eadn n\u00f3 m\u1ed9t c\u00e1ch nh\u1eb9 nh\u00f5m. Th\u1ea7n ch\u1ebft lu\u00f4n lu\u00f4n b\u00e1m \u0111u\u1ed5i cu\u1ed9c s\u1ed1ng con ng\u01b0\u1eddi nh\u01b0  h\u00ecnh v\u1edbi b\u00f3ng v\u00e0 c\u00f3 th\u1ec3 bu\u1ed9c cu\u1ed9c s\u1ed1ng c\u1ee7a m\u1ed7i ng\u01b0\u1eddi d\u1eebng l\u1ea1i theo c\u00e1ch kh\u00e1c nhau .<\/p>\n<p>D\u00e2n gian c\u00f3 c\u00e2u \u201cch\u1ebft ch\u01b0a ph\u1ea3i l\u00e0 h\u1ebft\u201d, nh\u01b0ng l\u1ea1i ch\u01b0a c\u00f3 nh\u1eefng l\u1eddi minh gi\u1ea3i cho c\u00e2u n\u00f3i \u1ea5y, v\u00ec th\u1ebf ng\u01b0\u1eddi ng\u01b0\u1eddi kh\u00f4ng hi\u1ec3u \u0111\u01b0\u1ee3c th\u1ef1c ch\u1ea5t c\u1ee7a c\u1ee5m t\u1eeb \u201cch\u01b0a ph\u1ea3i l\u00e0 h\u1ebft\u201d. N\u1ebfu ch\u00fang ta ai c\u0169ng hi\u1ec3u bi\u1ebft t\u01b0\u1eddng t\u1eadn v\u1ec1 s\u1ef1 ch\u1ebft th\u00ec ch\u1ebft kh\u00f4ng ph\u1ea3i l\u00e0 v\u1ea5n \u0111\u1ec1 \u0111\u00e1ng s\u1ee3 n\u1eefa. Nh\u1eefng chuy\u1ec7n c\u00f3 th\u1eadt trong Tr\u1edf V\u1ec1 T\u1eeb C\u00f5i S\u00e1ng do Gi\u00e1o s\u01b0 Nguy\u00ean Phong bi\u00ean so\u1ea1n v\u00e0 d\u1ecbch thu\u1eadt, s\u1ebd h\u00e9 m\u1edf c\u00e1nh c\u1eeda huy\u1ec1n b\u00ed ti\u1ebft l\u1ed9 cho b\u1ea1n \u0111\u1ecdc v\u00e0i \u0111i\u1ec1u b\u00ed m\u1eadt v\u1ec1 b\u00ean kia c\u1eeda t\u1eed. M\u1ed9t trong nh\u1eefng b\u1ed9 s\u00e1ch \u0111\u1eb7c bi\u1ec7t c\u1ee7a T\u00e2y T\u1ea1ng l\u00e0 b\u1ed9 T\u1eed Th\u01b0 (Tibetian Book of the Death) vi\u1ebft v\u1ec1 \u0111\u1eddi s\u1ed1ng sau khi ch\u1ebft. Cu\u1ed1n s\u00e1ch \u0111\u00e3 \u0111\u01b0\u1ee3c nhi\u1ec1u ng\u01b0\u1eddi nghi\u00ean c\u1ee9u v\u00e0 d\u1ecbch thu\u1eadt,  nh\u01b0ng v\u00ec n\u00f3 qu\u00e1 h\u00e0m s\u00fac, kh\u00f3 hi\u1ec3u n\u00ean m\u1ed9t s\u1ed1 h\u1ecdc gi\u1ea3 \u0111\u00e3 r\u00fat t\u1ec9a v\u00e0i \u0111o\u1ea1n trong \u0111\u00f3, khai tri\u1ec3n r\u1ed9ng ra \u0111\u1ec3 an \u1ee7i nh\u1eefng ng\u01b0\u1eddi \u0111ang \u0111au kh\u1ed5 v\u00ec c\u1ea3nh t\u1eed bi\u1ec7t.<\/p>\n<p>Cu\u1ed1n  s\u00e1ch \u201cTr\u1edf V\u1ec1 T\u1eeb C\u00f5i S\u00e1ng\u201d do Nguy\u00ean Phong d\u1ecbch, g\u1ed3m nhi\u1ec1u c\u00e2u chuy\u1ec7n c\u1ee7a nh\u1eefng ng\u01b0\u1eddi \u0111\u00e3 \u0111\u01b0\u1ee3c tr\u1ea3i nghi\u1ec7m kho\u1ea3nh kh\u1eafc b\u01b0\u1edbc qua c\u1eeda t\u1eed r\u1ed3i nh\u1edd m\u1ed9t ph\u00e9p m\u00e0u n\u00e0o \u0111\u00f3 \u0111\u01b0\u1ee3c quay l\u1ea1i s\u1ef1 s\u1ed1ng. H\u1ecd th\u1ea5y g\u00ec \u1edf b\u00ean kia c\u1eeda t\u1eed? L\u00e0m th\u1ebf n\u00e0o \u0111\u1ec3 khi ch\u1ebft kh\u00f4ng \u0111au kh\u1ed5? Nh\u1eefng c\u00e1ch \u0111\u1ec3 gi\u00fap ng\u01b0\u1eddi m\u1edbi qua \u0111\u1eddi; Khi r\u1eddi th\u1ec3 x\u00e1c linh h\u1ed3n nh\u1eb9 nh\u00e0ng nh\u01b0 bay. Embraced by the Light (Tr\u1edf V\u1ec1 T\u1eeb C\u00f5i S\u00e1ng) c\u1ee7a b\u00e0 Betty Eadie, \u0111\u01b0\u1ee3c Nguy\u00ean Phong gi\u1edbi thi\u1ec7u: Xu\u1ea5t b\u1ea3n \u0111\u1ea7u n\u0103m 1992, n\u00f3 \u0111\u00e3 tr\u1edf n\u00ean m\u1ed9t &#8220;Best Seller&#8221; v\u1edbi s\u1ed1 b\u1ea3n k\u1ef7 l\u1ee5c v\u00e0 d\u1eabn \u0111\u1ea7u nh\u1eefng cu\u1ed1n s\u00e1ch b\u00e1n ch\u1ea1y nh\u1ea5t Hoa K\u1ef3. B\u1eaft \u0111\u1ea7u t\u1eeb th\u00e1ng 2\/1994, n\u00f3 tr\u1edf n\u00ean cu\u1ed1n s\u00e1ch b\u00e1n ch\u1ea1y nh\u1ea5t th\u1ebf gi\u1edbi v\u1edbi 18 \u1ea5n b\u1ea3n b\u1eb1ng c\u00e1c th\u1ee9 ti\u1ebfng kh\u00e1c nhau.<\/p>\n","protected":false},"featured_media":9580,"template":"","meta":{"_acf_changed":false},"product_brand":[],"product_cat":[15,76],"product_tag":[],"class_list":{"0":"post-9581","1":"product","2":"type-product","3":"status-publish","4":"has-post-thumbnail","6":"product_cat-sach-danh-cho-nguoi-lon","7":"product_cat-ton-giao-tam-linh","9":"first","10":"outofstock","11":"taxable","12":"shipping-taxable","13":"purchasable","14":"product-type-simple"},"supplier_id":null,"supplier_sku":"","barcode":null,"atum_controlled":true,"out_stock_date":"2024-02-15 21:41:33","out_stock_threshold":null,"inheritable":false,"inbound_stock":0,"stock_on_hold":0,"sold_today":0,"sales_last_days":0,"reserved_stock":1,"customer_returns":0,"warehouse_damage":0,"lost_in_post":0,"other_logs":0,"out_stock_days":713,"lost_sales":0,"has_location":false,"update_date":"2026-01-28T23:10:44","atum_locations":[],"atum_stock_status":"outofstock","restock_status":false,"low_stock_amount":"","sales_update_date":"2026-01-28T23:10:44","calc_backorders":null,"acf":{"publisher":{"ID":6196,"post_author":"1","post_date":"2021-03-15 01:26:01","post_date_gmt":"2021-03-14 23:26:01","post_content":"","post_title":"FIRST NEWS","post_excerpt":"","post_status":"publish","comment_status":"closed","ping_status":"closed","post_password":"","post_name":"first-news","to_ping":"","pinged":"","post_modified":"2021-03-15 01:26:01","post_modified_gmt":"2021-03-14 23:26:01","post_content_filtered":"","post_parent":0,"guid":"https:\/\/sachviet.eu\/blog\/nha-phat-hanh\/first-news\/","menu_order":0,"post_type":"publisher","post_mime_type":"","comment_count":"0","filter":"raw"}},"_links":{"self":[{"href":"https:\/\/sachviet.eu\/en\/wp-json\/wp\/v2\/product\/9581","targetHints":{"allow":["GET"]}}],"collection":[{"href":"https:\/\/sachviet.eu\/en\/wp-json\/wp\/v2\/product"}],"about":[{"href":"https:\/\/sachviet.eu\/en\/wp-json\/wp\/v2\/types\/product"}],"wp:featuredmedia":[{"embeddable":true,"href":"https:\/\/sachviet.eu\/en\/wp-json\/wp\/v2\/media\/9580"}],"wp:attachment":[{"href":"https:\/\/sachviet.eu\/en\/wp-json\/wp\/v2\/media?parent=9581"}],"wp:term":[{"taxonomy":"product_brand","embeddable":true,"href":"https:\/\/sachviet.eu\/en\/wp-json\/wp\/v2\/product_brand?post=9581"},{"taxonomy":"product_cat","embeddable":true,"href":"https:\/\/sachviet.eu\/en\/wp-json\/wp\/v2\/product_cat?post=9581"},{"taxonomy":"product_tag","embeddable":true,"href":"https:\/\/sachviet.eu\/en\/wp-json\/wp\/v2\/product_tag?post=9581"}],"curies":[{"name":"wp","href":"https:\/\/api.w.org\/{rel}","templated":true}]}}