{"id":9579,"date":"2021-06-02T01:25:49","date_gmt":"2021-06-01T22:25:49","guid":{"rendered":"https:\/\/sachviet.eu\/shop\/harry-potter-va-chiec-coc-lua-tap-4-ban-dac-biet-co-tranh-minh-hoa-mau\/"},"modified":"2024-08-10T16:13:36","modified_gmt":"2024-08-10T13:13:36","slug":"harry-potter-va-chiec-coc-lua-tap-4-ban-dac-biet-co-tranh-minh-hoa-mau","status":"publish","type":"product","link":"https:\/\/sachviet.eu\/en\/shop\/harry-potter-va-chiec-coc-lua-tap-4-ban-dac-biet-co-tranh-minh-hoa-mau\/","title":{"rendered":"Harry Potter V\u00e0 Chi\u1ebfc C\u1ed1c L\u1eeda &#8211; T\u1eadp 4 (B\u1ea3n \u0110\u1eb7c Bi\u1ec7t C\u00f3 Tranh Minh H\u1ecda M\u00e0u)"},"content":{"rendered":"<p>Sau c\u1ea3 tr\u0103m n\u0103m gi\u00e1n \u0111o\u1ea1n, cu\u1ed9c thi \u0111\u1ea5u Tam Ph\u00e1p Thu\u1eadt l\u1ea7n \u0111\u1ea7u ti\u00ean \u0111\u01b0\u1ee3c t\u1ed5 ch\u1ee9c tr\u1edf l\u1ea1i. H\u1ecdc vi\u1ec7n ph\u00e1p thu\u1eadt v\u00e0 ma thu\u1eadt Hogwarts \u0111\u00f3n ch\u00e0o \u0111\u1ea1i di\u1ec7n hai tr\u01b0\u1eddng ph\u00f9 th\u1ee7y kh\u00e1c. Chi\u1ebfc c\u1ed1c l\u1eeda ch\u1ecdn ra \u0111\u1ea1i di\u1ec7n c\u00e1c tr\u01b0\u1eddng, v\u00e0 b\u1ea5t ng\u1edd thay, c\u00f3 c\u1ea3 t\u00ean Harry Potter. Trong n\u0103m h\u1ecdc n\u00e0y, c\u1eadu kh\u00f4ng ch\u1ec9 ph\u1ea3i \u0111\u1ed1i m\u1eb7t v\u1edbi nh\u1eefng th\u1eed th\u00e1ch trong cu\u1ed9c thi, m\u00e0 c\u1ea3 v\u1edbi m\u1ed9t \u00e2m m\u01b0u \u0111en t\u1ed1i \u0111ang d\u1ea7n h\u00ecnh th\u00e0nh.<\/p>\n","protected":false},"excerpt":{"rendered":"<p>Sau c\u1ea3 tr\u0103m n\u0103m gi\u00e1n \u0111o\u1ea1n, cu\u1ed9c thi \u0111\u1ea5u Tam Ph\u00e1p Thu\u1eadt l\u1ea7n \u0111\u1ea7u ti\u00ean \u0111\u01b0\u1ee3c t\u1ed5 ch\u1ee9c tr\u1edf l\u1ea1i. H\u1ecdc vi\u1ec7n ph\u00e1p thu\u1eadt v\u00e0 ma thu\u1eadt Hogwarts \u0111\u00f3n ch\u00e0o \u0111\u1ea1i di\u1ec7n hai tr\u01b0\u1eddng ph\u00f9 th\u1ee7y kh\u00e1c. Chi\u1ebfc c\u1ed1c l\u1eeda ch\u1ecdn ra \u0111\u1ea1i di\u1ec7n c\u00e1c tr\u01b0\u1eddng, v\u00e0 b\u1ea5t ng\u1edd thay, c\u00f3 c\u1ea3 t\u00ean Harry Potter. Trong n\u0103m h\u1ecdc n\u00e0y, c\u1eadu kh\u00f4ng ch\u1ec9 ph\u1ea3i \u0111\u1ed1i m\u1eb7t v\u1edbi nh\u1eefng th\u1eed th\u00e1ch trong cu\u1ed9c thi, m\u00e0 c\u1ea3 v\u1edbi m\u1ed9t \u00e2m m\u01b0u \u0111en t\u1ed1i \u0111ang d\u1ea7n h\u00ecnh th\u00e0nh.<\/p>\n","protected":false},"featured_media":9577,"template":"","meta":{"_acf_changed":false},"product_brand":[],"product_cat":[15,74],"product_tag":[85],"class_list":{"0":"post-9579","1":"product","2":"type-product","3":"status-publish","4":"has-post-thumbnail","6":"product_cat-sach-danh-cho-nguoi-lon","7":"product_cat-vien-tuong-kiem-hiep","8":"product_tag-special-editions","10":"first","11":"outofstock","12":"taxable","13":"shipping-taxable","14":"purchasable","15":"product-type-simple"},"supplier_id":null,"supplier_sku":"","barcode":null,"atum_controlled":true,"out_stock_date":"2024-08-10 13:13:36","out_stock_threshold":null,"inheritable":false,"inbound_stock":0,"stock_on_hold":0,"sold_today":0,"sales_last_days":0,"reserved_stock":0,"customer_returns":0,"warehouse_damage":0,"lost_in_post":0,"other_logs":0,"out_stock_days":536,"lost_sales":0,"has_location":false,"update_date":"2026-01-28T23:11:18","atum_locations":[],"atum_stock_status":"outofstock","restock_status":false,"low_stock_amount":"","sales_update_date":"2026-01-28T23:11:18","calc_backorders":null,"acf":{"publisher":{"ID":1517,"post_author":"1","post_date":"2021-02-17 01:14:41","post_date_gmt":"2021-02-16 23:14:41","post_content":"","post_title":"NXB Tr\u1ebb","post_excerpt":"","post_status":"publish","comment_status":"closed","ping_status":"closed","post_password":"","post_name":"nxb-tre","to_ping":"","pinged":"","post_modified":"2021-02-17 01:14:41","post_modified_gmt":"2021-02-16 23:14:41","post_content_filtered":"","post_parent":0,"guid":"https:\/\/sachviet.eu\/nha-phat-hanh\/nxb-tre\/","menu_order":0,"post_type":"publisher","post_mime_type":"","comment_count":"0","filter":"raw"}},"_links":{"self":[{"href":"https:\/\/sachviet.eu\/en\/wp-json\/wp\/v2\/product\/9579","targetHints":{"allow":["GET"]}}],"collection":[{"href":"https:\/\/sachviet.eu\/en\/wp-json\/wp\/v2\/product"}],"about":[{"href":"https:\/\/sachviet.eu\/en\/wp-json\/wp\/v2\/types\/product"}],"wp:featuredmedia":[{"embeddable":true,"href":"https:\/\/sachviet.eu\/en\/wp-json\/wp\/v2\/media\/9577"}],"wp:attachment":[{"href":"https:\/\/sachviet.eu\/en\/wp-json\/wp\/v2\/media?parent=9579"}],"wp:term":[{"taxonomy":"product_brand","embeddable":true,"href":"https:\/\/sachviet.eu\/en\/wp-json\/wp\/v2\/product_brand?post=9579"},{"taxonomy":"product_cat","embeddable":true,"href":"https:\/\/sachviet.eu\/en\/wp-json\/wp\/v2\/product_cat?post=9579"},{"taxonomy":"product_tag","embeddable":true,"href":"https:\/\/sachviet.eu\/en\/wp-json\/wp\/v2\/product_tag?post=9579"}],"curies":[{"name":"wp","href":"https:\/\/api.w.org\/{rel}","templated":true}]}}