{"id":9576,"date":"2021-06-02T01:25:39","date_gmt":"2021-06-01T22:25:39","guid":{"rendered":"https:\/\/sachviet.eu\/shop\/harry-potter-va-ten-tu-nhan-nguc-azkaban-tap-3-ban-dac-biet-co-tranh-minh-hoa-mau\/"},"modified":"2024-08-10T16:13:36","modified_gmt":"2024-08-10T13:13:36","slug":"harry-potter-va-ten-tu-nhan-nguc-azkaban-tap-3-ban-dac-biet-co-tranh-minh-hoa-mau","status":"publish","type":"product","link":"https:\/\/sachviet.eu\/en\/shop\/harry-potter-va-ten-tu-nhan-nguc-azkaban-tap-3-ban-dac-biet-co-tranh-minh-hoa-mau\/","title":{"rendered":"Harry Potter V\u00e0 T\u00ean T\u00f9 Nh\u00e2n Ng\u1ee5c Azkaban &#8211; T\u1eadp 3 (B\u1ea3n \u0110\u1eb7c Bi\u1ec7t C\u00f3 Tranh Minh H\u1ecda M\u00e0u)"},"content":{"rendered":"<p>Harry Potter may m\u1eafn s\u1ed1ng s\u00f3t \u0111\u1ebfn tu\u1ed5i 13, sau nhi\u1ec1u cu\u1ed9c t\u1ea5n c\u00f4ng c\u1ee7a Ch\u00faa t\u1ec3 h\u1eafc \u00e1m.<\/p>\n<p>Nh\u01b0ng hy v\u1ecdng c\u00f3 m\u1ed9t h\u1ecdc k\u1ef3 y\u00ean \u1ed5n v\u1edbi Quidditch c\u1ee7a c\u1eadu \u0111\u00e3 ti\u00eau tan th\u00e0nh m\u00e2y kh\u00f3i khi m\u1ed9t k\u1ebb \u0111i\u00ean cu\u1ed3ng gi\u1ebft ng\u01b0\u1eddi h\u00e0ng lo\u1ea1t v\u1eeba tho\u00e1t kh\u1ecfi nh\u00e0 t\u00f9 Azkaban, v\u1edbi s\u1ef1 l\u00f9ng s\u1ee5c c\u1ee7a nh\u1eefng cai t\u00f9 l\u00e0 gi\u00e1m ng\u1ee5c.<\/p>\n<p>D\u01b0\u1eddng nh\u01b0 tr\u01b0\u1eddng Hogwarts l\u00e0 n\u01a1i an to\u00e0n nh\u1ea5t cho Harry l\u00fac n\u00e0y. Nh\u01b0ng c\u00f3 ph\u1ea3i l\u00e0 s\u1ef1 tr\u00f9ng h\u1ee3p khi c\u1eadu lu\u00f4n c\u1ea3m gi\u00e1c c\u00f3 ai \u0111ang quan s\u00e1t m\u00ecnh t\u1eeb b\u00f3ng \u0111\u00eam, v\u00e0 nh\u1eefng \u0111i\u1ec1m b\u00e1o c\u1ee7a gi\u00e1o s\u01b0 Trelawney li\u1ec7u c\u00f3 ch\u00ednh x\u00e1c?<\/p>\n<p>C\u00e2u chuy\u1ec7n \u0111\u01b0\u1ee3c k\u1ec3 v\u1edbi tr\u00ed t\u01b0\u1edfng t\u01b0\u1ee3ng bay b\u1ed5ng, s\u1ef1 h\u00e0i h\u01b0\u1edbc b\u1ea5t t\u1eadn c\u00f3 th\u1ec3 quy\u1ebfn r\u0169 c\u1ea3 ng\u01b0\u1eddi l\u1edbn l\u1eabn tr\u1ebb em.<\/p>\n","protected":false},"excerpt":{"rendered":"<p>Harry Potter may m\u1eafn s\u1ed1ng s\u00f3t \u0111\u1ebfn tu\u1ed5i 13, sau nhi\u1ec1u cu\u1ed9c t\u1ea5n c\u00f4ng c\u1ee7a Ch\u00faa t\u1ec3 h\u1eafc \u00e1m.<\/p>\n<p>Nh\u01b0ng hy v\u1ecdng c\u00f3 m\u1ed9t h\u1ecdc k\u1ef3 y\u00ean \u1ed5n v\u1edbi Quidditch c\u1ee7a c\u1eadu \u0111\u00e3 ti\u00eau tan th\u00e0nh m\u00e2y kh\u00f3i khi m\u1ed9t k\u1ebb \u0111i\u00ean cu\u1ed3ng gi\u1ebft ng\u01b0\u1eddi h\u00e0ng lo\u1ea1t v\u1eeba tho\u00e1t kh\u1ecfi nh\u00e0 t\u00f9 Azkaban, v\u1edbi s\u1ef1 l\u00f9ng s\u1ee5c c\u1ee7a nh\u1eefng cai t\u00f9 l\u00e0 gi\u00e1m ng\u1ee5c.<\/p>\n<p>D\u01b0\u1eddng nh\u01b0 tr\u01b0\u1eddng Hogwarts l\u00e0 n\u01a1i an to\u00e0n nh\u1ea5t cho Harry l\u00fac n\u00e0y. Nh\u01b0ng c\u00f3 ph\u1ea3i l\u00e0 s\u1ef1 tr\u00f9ng h\u1ee3p khi c\u1eadu lu\u00f4n c\u1ea3m gi\u00e1c c\u00f3 ai \u0111ang quan s\u00e1t m\u00ecnh t\u1eeb b\u00f3ng \u0111\u00eam, v\u00e0 nh\u1eefng \u0111i\u1ec1m b\u00e1o c\u1ee7a gi\u00e1o s\u01b0 Trelawney li\u1ec7u c\u00f3 ch\u00ednh x\u00e1c?<\/p>\n<p>C\u00e2u chuy\u1ec7n \u0111\u01b0\u1ee3c k\u1ec3 v\u1edbi tr\u00ed t\u01b0\u1edfng t\u01b0\u1ee3ng bay b\u1ed5ng, s\u1ef1 h\u00e0i h\u01b0\u1edbc b\u1ea5t t\u1eadn c\u00f3 th\u1ec3 quy\u1ebfn r\u0169 c\u1ea3 ng\u01b0\u1eddi l\u1edbn l\u1eabn tr\u1ebb em.<\/p>\n","protected":false},"featured_media":9571,"template":"","meta":{"_acf_changed":false},"product_brand":[],"product_cat":[15,74],"product_tag":[85],"class_list":{"0":"post-9576","1":"product","2":"type-product","3":"status-publish","4":"has-post-thumbnail","6":"product_cat-sach-danh-cho-nguoi-lon","7":"product_cat-vien-tuong-kiem-hiep","8":"product_tag-special-editions","10":"first","11":"outofstock","12":"taxable","13":"shipping-taxable","14":"purchasable","15":"product-type-simple"},"supplier_id":null,"supplier_sku":"","barcode":null,"atum_controlled":true,"out_stock_date":"2024-08-10 13:13:36","out_stock_threshold":null,"inheritable":false,"inbound_stock":0,"stock_on_hold":0,"sold_today":0,"sales_last_days":0,"reserved_stock":0,"customer_returns":0,"warehouse_damage":0,"lost_in_post":0,"other_logs":0,"out_stock_days":536,"lost_sales":0,"has_location":false,"update_date":"2026-01-28T23:11:18","atum_locations":[],"atum_stock_status":"outofstock","restock_status":false,"low_stock_amount":"","sales_update_date":"2026-01-28T23:11:18","calc_backorders":null,"acf":{"publisher":{"ID":1517,"post_author":"1","post_date":"2021-02-17 01:14:41","post_date_gmt":"2021-02-16 23:14:41","post_content":"","post_title":"NXB Tr\u1ebb","post_excerpt":"","post_status":"publish","comment_status":"closed","ping_status":"closed","post_password":"","post_name":"nxb-tre","to_ping":"","pinged":"","post_modified":"2021-02-17 01:14:41","post_modified_gmt":"2021-02-16 23:14:41","post_content_filtered":"","post_parent":0,"guid":"https:\/\/sachviet.eu\/nha-phat-hanh\/nxb-tre\/","menu_order":0,"post_type":"publisher","post_mime_type":"","comment_count":"0","filter":"raw"}},"_links":{"self":[{"href":"https:\/\/sachviet.eu\/en\/wp-json\/wp\/v2\/product\/9576","targetHints":{"allow":["GET"]}}],"collection":[{"href":"https:\/\/sachviet.eu\/en\/wp-json\/wp\/v2\/product"}],"about":[{"href":"https:\/\/sachviet.eu\/en\/wp-json\/wp\/v2\/types\/product"}],"wp:featuredmedia":[{"embeddable":true,"href":"https:\/\/sachviet.eu\/en\/wp-json\/wp\/v2\/media\/9571"}],"wp:attachment":[{"href":"https:\/\/sachviet.eu\/en\/wp-json\/wp\/v2\/media?parent=9576"}],"wp:term":[{"taxonomy":"product_brand","embeddable":true,"href":"https:\/\/sachviet.eu\/en\/wp-json\/wp\/v2\/product_brand?post=9576"},{"taxonomy":"product_cat","embeddable":true,"href":"https:\/\/sachviet.eu\/en\/wp-json\/wp\/v2\/product_cat?post=9576"},{"taxonomy":"product_tag","embeddable":true,"href":"https:\/\/sachviet.eu\/en\/wp-json\/wp\/v2\/product_tag?post=9576"}],"curies":[{"name":"wp","href":"https:\/\/api.w.org\/{rel}","templated":true}]}}