{"id":9570,"date":"2021-06-02T01:25:09","date_gmt":"2021-06-01T22:25:09","guid":{"rendered":"https:\/\/sachviet.eu\/shop\/harry-potter-hanh-trinh-xuyen-lich-su-phap-thuat\/"},"modified":"2023-01-20T23:34:48","modified_gmt":"2023-01-20T21:34:48","slug":"harry-potter-hanh-trinh-xuyen-lich-su-phap-thuat","status":"publish","type":"product","link":"https:\/\/sachviet.eu\/en\/shop\/harry-potter-hanh-trinh-xuyen-lich-su-phap-thuat\/","title":{"rendered":"Harry Potter H\u00e0nh Tr\u00ecnh Xuy\u00ean L\u1ecbch S\u1eed Ph\u00e1p Thu\u1eadt"},"content":{"rendered":"<p>20 n\u0103m \u0111\u00e3 tr\u00f4i qua k\u1ec3 t\u1eeb ng\u00e0y t\u1eadp \u0111\u1ea7u ti\u00ean \u2013 Harry Potter v\u00e0 H\u00f2n \u0111\u00e1 ph\u00f9 th\u1ee7y \u2013 \u0111\u01b0\u1ee3c ph\u00e1t h\u00e0nh, v\u00e0 chi\u1ebfm tr\u1ecdn tr\u00e1i tim h\u00e0ng tri\u1ec7u b\u1ea1n \u0111\u1ecdc tr\u00ean to\u00e0n th\u1ebf gi\u1edbi. Nh\u00e2n d\u1ecbp k\u1ef7 ni\u1ec7m \u1ea5y, British Library (Th\u01b0 vi\u1ec7n Anh qu\u1ed1c) t\u1ed5 ch\u1ee9c m\u1ed9t cu\u1ed9c tri\u1ec3n l\u00e3m \u0111\u1ed9c \u0111\u00e1o v\u00e0 th\u00fa v\u1ecb, tr\u01b0ng b\u00e0y c\u00e1c hi\u1ec7n v\u1eadt c\u1ed5 kim c\u00f3 li\u00ean quan \u0111\u1ebfn t\u00e1c ph\u1ea9m Harry Potter. Cu\u1ed1n s\u00e1ch n\u00e0y gi\u1edbi thi\u1ec7u v\u1ec1 nh\u1eefng hi\u1ec7n v\u1eadt tri\u1ec3n l\u00e3m \u1ea5y k\u00e8m tr\u00edch \u0111o\u1ea1n Harry Potter c\u00f3 li\u00ean quan, v\u00e0 nh\u1eefng h\u00ecnh v\u1ebd tuy\u1ec7t \u0111\u1eb9p c\u1ee7a Jim Kay \u2013 h\u1ecda s\u0129 cho b\u1ed9 Harry Potter b\u1ea3n c\u00f3 minh h\u1ecda m\u00e0u.<\/p>\n<p>S\u00e1ch \u0111\u01b0\u1ee3c vi\u1ebft gi\u1ea3n d\u1ecb, k\u00e8m nhi\u1ec1u ho\u1ea1t \u0111\u1ed9ng \u201cph\u00e9p thu\u1eadt vui\u201d t\u1ef1 l\u00e0m, h\u01b0\u1edbng \u0111\u1ebfn \u0111\u1ed1i t\u01b0\u1ee3ng thi\u1ebfu nhi. \u0110\u1eb7c bi\u1ec7t h\u01a1n n\u1eefa l\u00e0 nh\u1eefng trang b\u1ea3n th\u1ea3o ch\u01b0a t\u1eebng ra m\u1eaft c\u00f4ng ch\u00fang c\u1ee7a t\u00e1c gi\u1ea3 J.K. Rowling. N\u1ebfu b\u1ea1n \u0111\u00e3 t\u1eebng mu\u1ed1n m\u1ed9t l\u1ea7n s\u1ed1ng trong th\u1ebf gi\u1edbi c\u1ee7a Harry, \u0111\u00e2y l\u00e0 quy\u1ec3n s\u00e1ch cho b\u1ea1n m\u1ed9t l\u1ea7n n\u1eefa c\u00f3 \u0111\u01b0\u1ee3c c\u1ea3m gi\u00e1c \u0111\u00f3, c\u00f9ng v\u1edbi con em m\u00ecnh. Vi\u00ean s\u1ecfi d\u00ea m\u00e0 Harry cho Ron nu\u1ed1t ch\u1eefa \u0111\u1ed9c, li\u1ec7u c\u00f3 th\u1eadt kh\u00f4ng nh\u1ec9? T\u1ea1i sao h\u00ecnh \u1ea3nh b\u00e0 ph\u00f9 th\u1ee7y c\u1ee9 g\u1eafn v\u1edbi c\u00e1i v\u1ea1c thu\u1ed1c b\u1ed1c h\u01a1i? C\u00f4ng th\u1ee9c ch\u1ebf t\u1ea1o H\u00f2n \u0111\u00e1 ph\u00f9 th\u1ee7y l\u00e0 g\u00ec? Ng\u01b0\u1eddi x\u01b0a ngh\u0129 v\u1ec1 r\u1ed3ng, k\u1ef3 m\u00e3, ng\u01b0\u1eddi c\u00e1 v\u00e0 t\u1eed x\u00e0 ra sao\u2026?<\/p>\n","protected":false},"excerpt":{"rendered":"<p>20 n\u0103m \u0111\u00e3 tr\u00f4i qua k\u1ec3 t\u1eeb ng\u00e0y t\u1eadp \u0111\u1ea7u ti\u00ean \u2013 Harry Potter v\u00e0 H\u00f2n \u0111\u00e1 ph\u00f9 th\u1ee7y \u2013 \u0111\u01b0\u1ee3c ph\u00e1t h\u00e0nh, v\u00e0 chi\u1ebfm tr\u1ecdn tr\u00e1i tim h\u00e0ng tri\u1ec7u b\u1ea1n \u0111\u1ecdc tr\u00ean to\u00e0n th\u1ebf gi\u1edbi. Nh\u00e2n d\u1ecbp k\u1ef7 ni\u1ec7m \u1ea5y, British Library (Th\u01b0 vi\u1ec7n Anh qu\u1ed1c) t\u1ed5 ch\u1ee9c m\u1ed9t cu\u1ed9c tri\u1ec3n l\u00e3m \u0111\u1ed9c \u0111\u00e1o v\u00e0 th\u00fa v\u1ecb, tr\u01b0ng b\u00e0y c\u00e1c hi\u1ec7n v\u1eadt c\u1ed5 kim c\u00f3 li\u00ean quan \u0111\u1ebfn t\u00e1c ph\u1ea9m Harry Potter. Cu\u1ed1n s\u00e1ch n\u00e0y gi\u1edbi thi\u1ec7u v\u1ec1 nh\u1eefng hi\u1ec7n v\u1eadt tri\u1ec3n l\u00e3m \u1ea5y k\u00e8m tr\u00edch \u0111o\u1ea1n Harry Potter c\u00f3 li\u00ean quan, v\u00e0 nh\u1eefng h\u00ecnh v\u1ebd tuy\u1ec7t \u0111\u1eb9p c\u1ee7a Jim Kay \u2013 h\u1ecda s\u0129 cho b\u1ed9 Harry Potter b\u1ea3n c\u00f3 minh h\u1ecda m\u00e0u.<\/p>\n<p>S\u00e1ch \u0111\u01b0\u1ee3c vi\u1ebft gi\u1ea3n d\u1ecb, k\u00e8m nhi\u1ec1u ho\u1ea1t \u0111\u1ed9ng \u201cph\u00e9p thu\u1eadt vui\u201d t\u1ef1 l\u00e0m, h\u01b0\u1edbng \u0111\u1ebfn \u0111\u1ed1i t\u01b0\u1ee3ng thi\u1ebfu nhi. \u0110\u1eb7c bi\u1ec7t h\u01a1n n\u1eefa l\u00e0 nh\u1eefng trang b\u1ea3n th\u1ea3o ch\u01b0a t\u1eebng ra m\u1eaft c\u00f4ng ch\u00fang c\u1ee7a t\u00e1c gi\u1ea3 J.K. Rowling. N\u1ebfu b\u1ea1n \u0111\u00e3 t\u1eebng mu\u1ed1n m\u1ed9t l\u1ea7n s\u1ed1ng trong th\u1ebf gi\u1edbi c\u1ee7a Harry, \u0111\u00e2y l\u00e0 quy\u1ec3n s\u00e1ch cho b\u1ea1n m\u1ed9t l\u1ea7n n\u1eefa c\u00f3 \u0111\u01b0\u1ee3c c\u1ea3m gi\u00e1c \u0111\u00f3, c\u00f9ng v\u1edbi con em m\u00ecnh. Vi\u00ean s\u1ecfi d\u00ea m\u00e0 Harry cho Ron nu\u1ed1t ch\u1eefa \u0111\u1ed9c, li\u1ec7u c\u00f3 th\u1eadt kh\u00f4ng nh\u1ec9? T\u1ea1i sao h\u00ecnh \u1ea3nh b\u00e0 ph\u00f9 th\u1ee7y c\u1ee9 g\u1eafn v\u1edbi c\u00e1i v\u1ea1c thu\u1ed1c b\u1ed1c h\u01a1i? C\u00f4ng th\u1ee9c ch\u1ebf t\u1ea1o H\u00f2n \u0111\u00e1 ph\u00f9 th\u1ee7y l\u00e0 g\u00ec? Ng\u01b0\u1eddi x\u01b0a ngh\u0129 v\u1ec1 r\u1ed3ng, k\u1ef3 m\u00e3, ng\u01b0\u1eddi c\u00e1 v\u00e0 t\u1eed x\u00e0 ra sao\u2026?<\/p>\n","protected":false},"featured_media":9563,"template":"","meta":{"_acf_changed":false},"product_brand":[],"product_cat":[15,74],"product_tag":[],"class_list":{"0":"post-9570","1":"product","2":"type-product","3":"status-publish","4":"has-post-thumbnail","6":"product_cat-sach-danh-cho-nguoi-lon","7":"product_cat-vien-tuong-kiem-hiep","9":"first","10":"instock","11":"taxable","12":"shipping-taxable","13":"purchasable","14":"product-type-simple"},"supplier_id":null,"supplier_sku":"","barcode":null,"atum_controlled":true,"out_stock_date":null,"out_stock_threshold":null,"inheritable":false,"inbound_stock":0,"stock_on_hold":0,"sold_today":0,"sales_last_days":0,"reserved_stock":0,"customer_returns":0,"warehouse_damage":0,"lost_in_post":0,"other_logs":0,"out_stock_days":0,"lost_sales":0,"has_location":false,"update_date":"2026-01-28T23:10:44","atum_locations":[],"atum_stock_status":"instock","restock_status":false,"low_stock_amount":"","sales_update_date":"2026-01-28T23:10:44","calc_backorders":null,"acf":{"publisher":{"ID":1517,"post_author":"1","post_date":"2021-02-17 01:14:41","post_date_gmt":"2021-02-16 23:14:41","post_content":"","post_title":"NXB Tr\u1ebb","post_excerpt":"","post_status":"publish","comment_status":"closed","ping_status":"closed","post_password":"","post_name":"nxb-tre","to_ping":"","pinged":"","post_modified":"2021-02-17 01:14:41","post_modified_gmt":"2021-02-16 23:14:41","post_content_filtered":"","post_parent":0,"guid":"https:\/\/sachviet.eu\/nha-phat-hanh\/nxb-tre\/","menu_order":0,"post_type":"publisher","post_mime_type":"","comment_count":"0","filter":"raw"}},"_links":{"self":[{"href":"https:\/\/sachviet.eu\/en\/wp-json\/wp\/v2\/product\/9570","targetHints":{"allow":["GET"]}}],"collection":[{"href":"https:\/\/sachviet.eu\/en\/wp-json\/wp\/v2\/product"}],"about":[{"href":"https:\/\/sachviet.eu\/en\/wp-json\/wp\/v2\/types\/product"}],"wp:featuredmedia":[{"embeddable":true,"href":"https:\/\/sachviet.eu\/en\/wp-json\/wp\/v2\/media\/9563"}],"wp:attachment":[{"href":"https:\/\/sachviet.eu\/en\/wp-json\/wp\/v2\/media?parent=9570"}],"wp:term":[{"taxonomy":"product_brand","embeddable":true,"href":"https:\/\/sachviet.eu\/en\/wp-json\/wp\/v2\/product_brand?post=9570"},{"taxonomy":"product_cat","embeddable":true,"href":"https:\/\/sachviet.eu\/en\/wp-json\/wp\/v2\/product_cat?post=9570"},{"taxonomy":"product_tag","embeddable":true,"href":"https:\/\/sachviet.eu\/en\/wp-json\/wp\/v2\/product_tag?post=9570"}],"curies":[{"name":"wp","href":"https:\/\/api.w.org\/{rel}","templated":true}]}}