{"id":9562,"date":"2021-06-02T01:24:38","date_gmt":"2021-06-01T22:24:38","guid":{"rendered":"https:\/\/sachviet.eu\/shop\/suoi-nguon-tai-ban\/"},"modified":"2021-07-05T09:03:06","modified_gmt":"2021-07-05T06:03:06","slug":"suoi-nguon-tai-ban","status":"publish","type":"product","link":"https:\/\/sachviet.eu\/en\/shop\/suoi-nguon-tai-ban\/","title":{"rendered":"Su\u1ed1i Ngu\u1ed3n (T\u00e1i B\u1ea3n)"},"content":{"rendered":"<p>Su\u1ed1i ngu\u1ed3n (The Fountainhead) ti\u1ec3u thuy\u1ebft c\u1ee7a Ayn Rand, t\u00e1c gi\u1ea3 c\u00f3 \u1ea3nh h\u01b0\u1edfng l\u1edbn nh\u1ea5t \u0111\u1ebfn \u0111\u1ed9c gi\u1ea3 M\u1ef9 trong th\u1ebf k\u1ef7 20. &#8211; T\u00e1c ph\u1ea9m \u0111\u00e3 b\u00e1n \u0111\u01b0\u1ee3c 6 tri\u1ec7u b\u1ea3n trong h\u01a1n 60 n\u0103m qua k\u1ec3 t\u1eeb khi xu\u1ea5t b\u1ea3n l\u1ea7n \u0111\u1ea7u (n\u0103m 1943). &#8211; \u0110\u01b0\u1ee3c d\u1ecbch ra nhi\u1ec1u th\u1ee9 ti\u1ebfng v\u00e0 v\u1eabn li\u00ean t\u1ee5c \u0111\u01b0\u1ee3c t\u00e1i b\u1ea3n h\u00e0ng n\u0103m. &#8211; M\u1ed9t ti\u1ec3u thuy\u1ebft kinh \u0111i\u1ec3n c\u1ea7n \u0111\u1ecdc nay \u0111\u00e3 c\u00f3 m\u1eb7t t\u1ea1i Vi\u1ec7t Nam v\u1edbi b\u1ea3n d\u1ecbch ti\u1ebfng Vi\u1ec7t. Xin tr\u00e2n tr\u1ecdng gi\u1edbi thi\u1ec7u c\u00f9ng qu\u00fd \u0111\u1ed9c gi\u1ea3.<\/p>\n","protected":false},"excerpt":{"rendered":"<p>Su\u1ed1i ngu\u1ed3n (The Fountainhead) ti\u1ec3u thuy\u1ebft c\u1ee7a Ayn Rand, t\u00e1c gi\u1ea3 c\u00f3 \u1ea3nh h\u01b0\u1edfng l\u1edbn nh\u1ea5t \u0111\u1ebfn \u0111\u1ed9c gi\u1ea3 M\u1ef9 trong th\u1ebf k\u1ef7 20. &#8211; T\u00e1c ph\u1ea9m \u0111\u00e3 b\u00e1n \u0111\u01b0\u1ee3c 6 tri\u1ec7u b\u1ea3n trong h\u01a1n 60 n\u0103m qua k\u1ec3 t\u1eeb khi xu\u1ea5t b\u1ea3n l\u1ea7n \u0111\u1ea7u (n\u0103m 1943). &#8211; \u0110\u01b0\u1ee3c d\u1ecbch ra nhi\u1ec1u th\u1ee9 ti\u1ebfng v\u00e0 v\u1eabn li\u00ean t\u1ee5c \u0111\u01b0\u1ee3c t\u00e1i b\u1ea3n h\u00e0ng n\u0103m. &#8211; M\u1ed9t ti\u1ec3u thuy\u1ebft kinh \u0111i\u1ec3n c\u1ea7n \u0111\u1ecdc nay \u0111\u00e3 c\u00f3 m\u1eb7t t\u1ea1i Vi\u1ec7t Nam v\u1edbi b\u1ea3n d\u1ecbch ti\u1ebfng Vi\u1ec7t. Xin tr\u00e2n tr\u1ecdng gi\u1edbi thi\u1ec7u c\u00f9ng qu\u00fd \u0111\u1ed9c gi\u1ea3.<\/p>\n","protected":false},"featured_media":9561,"template":"","meta":{"_acf_changed":false},"product_brand":[],"product_cat":[15,45],"product_tag":[],"class_list":{"0":"post-9562","1":"product","2":"type-product","3":"status-publish","4":"has-post-thumbnail","6":"product_cat-sach-danh-cho-nguoi-lon","7":"product_cat-tieu-thuyet","9":"first","10":"outofstock","11":"taxable","12":"shipping-taxable","13":"purchasable","14":"product-type-simple"},"supplier_id":null,"supplier_sku":"","barcode":null,"atum_controlled":true,"out_stock_date":"2021-07-05 06:03:06","out_stock_threshold":null,"inheritable":false,"inbound_stock":0,"stock_on_hold":0,"sold_today":0,"sales_last_days":0,"reserved_stock":0,"customer_returns":0,"warehouse_damage":0,"lost_in_post":0,"other_logs":0,"out_stock_days":1668,"lost_sales":0,"has_location":false,"update_date":"2026-01-28T23:10:44","atum_locations":[],"atum_stock_status":"outofstock","restock_status":false,"low_stock_amount":"","sales_update_date":"2026-01-28T23:10:44","calc_backorders":null,"acf":{"publisher":{"ID":1517,"post_author":"1","post_date":"2021-02-17 01:14:41","post_date_gmt":"2021-02-16 23:14:41","post_content":"","post_title":"NXB Tr\u1ebb","post_excerpt":"","post_status":"publish","comment_status":"closed","ping_status":"closed","post_password":"","post_name":"nxb-tre","to_ping":"","pinged":"","post_modified":"2021-02-17 01:14:41","post_modified_gmt":"2021-02-16 23:14:41","post_content_filtered":"","post_parent":0,"guid":"https:\/\/sachviet.eu\/nha-phat-hanh\/nxb-tre\/","menu_order":0,"post_type":"publisher","post_mime_type":"","comment_count":"0","filter":"raw"}},"_links":{"self":[{"href":"https:\/\/sachviet.eu\/en\/wp-json\/wp\/v2\/product\/9562","targetHints":{"allow":["GET"]}}],"collection":[{"href":"https:\/\/sachviet.eu\/en\/wp-json\/wp\/v2\/product"}],"about":[{"href":"https:\/\/sachviet.eu\/en\/wp-json\/wp\/v2\/types\/product"}],"wp:featuredmedia":[{"embeddable":true,"href":"https:\/\/sachviet.eu\/en\/wp-json\/wp\/v2\/media\/9561"}],"wp:attachment":[{"href":"https:\/\/sachviet.eu\/en\/wp-json\/wp\/v2\/media?parent=9562"}],"wp:term":[{"taxonomy":"product_brand","embeddable":true,"href":"https:\/\/sachviet.eu\/en\/wp-json\/wp\/v2\/product_brand?post=9562"},{"taxonomy":"product_cat","embeddable":true,"href":"https:\/\/sachviet.eu\/en\/wp-json\/wp\/v2\/product_cat?post=9562"},{"taxonomy":"product_tag","embeddable":true,"href":"https:\/\/sachviet.eu\/en\/wp-json\/wp\/v2\/product_tag?post=9562"}],"curies":[{"name":"wp","href":"https:\/\/api.w.org\/{rel}","templated":true}]}}