{"id":9548,"date":"2021-06-02T01:23:30","date_gmt":"2021-06-01T22:23:30","guid":{"rendered":"https:\/\/sachviet.eu\/shop\/tu-duy-sau\/"},"modified":"2021-07-16T18:21:46","modified_gmt":"2021-07-16T15:21:46","slug":"tu-duy-sau","status":"publish","type":"product","link":"https:\/\/sachviet.eu\/en\/shop\/tu-duy-sau\/","title":{"rendered":"T\u01b0 Duy S\u00e2u"},"content":{"rendered":"<p>Francis Bacon \u0111\u00e3 t\u1eebng ph\u1ea3i th\u1ed1t l\u00ean m\u1ed9t c\u00e2u kinh \u0111i\u1ec3n th\u1ebf n\u00e0y: \u201cTri th\u1ee9c ch\u00ednh l\u00e0 l\u1ef1c l\u01b0\u1ee3ng\u201d<\/p>\n<p>Trong qu\u00e1 tr\u00ecnh ph\u00e1t tri\u1ec3n c\u1ee7a x\u00e3 h\u1ed9i lo\u00e0i ng\u01b0\u1eddi, nh\u00e2n t\u1ed1 quy\u1ebft \u0111\u1ecbnh s\u1ef1 m\u1ea1nh y\u1ebfu c\u1ee7a m\u1ed9t c\u00e1 th\u1ec3 lu\u00f4n lu\u00f4n thay \u0111\u1ed5i.<\/p>\n<p>\u0110i\u1ec3m chung l\u1edbn nh\u1ea5t c\u1ee7a gi\u1edbi tinh hoa kh\u00f4ng ph\u1ea3i l\u00e0 t\u00e0i n\u0103ng xu\u1ea5t ch\u00fang, m\u00e0 l\u00e0 t\u01b0 duy s\u00e2u. B\u1ea1n c\u00f3 th\u1ec3 l\u1eadp \u0111\u01b0\u1ee3c k\u1ebf ho\u1ea1ch chi\u1ebfn l\u01b0\u1ee3c nh\u01b0 th\u1ebf n\u00e0o? B\u1ea1n c\u00f3 kh\u1ea3 n\u0103ng t\u01b0 duy \u0111\u1ec3 gi\u1ea3i quy\u1ebft c\u00e1c v\u1ea5n \u0111\u1ec1 trong cu\u1ed9c s\u1ed1ng hay kh\u00f4ng? Hay b\u1ea1n c\u00f3 th\u1ec3 \u0111\u01b0a ra \u0111\u01b0\u1ee3c nh\u1eefng \u0111i\u1ec1u \u1ea5y \u0111\u1ec1u c\u1ea7n \u0111\u1ebfn m\u1ed9t th\u1ee9 v\u0169 kh\u00ed t\u1ed1t nh\u1ea5t cho n\u00e3o b\u1ed9 \u0111\u1ea5y l\u00e0 ph\u01b0\u01a1ng ph\u00e1p t\u01b0 duy s\u00e2u.<\/p>\n<p>T\u01b0 duy s\u00e2u s\u1ebd gi\u00fap b\u1ea1n c\u00f3 \u0111\u01b0\u1ee3c chu\u1ed7i t\u01b0 duy logic; \u0111\u1ed9t ph\u00e1 gi\u1edbi h\u1ea1n c\u1ee7a b\u1ea3n th\u00e2n, c\u00f3 c\u00e1i nh\u00ecn linh ho\u1ea1t khi \u0111\u1ed1i di\u1ec7n v\u1edbi m\u1ed9t v\u1ea5n \u0111\u1ec1 n\u00e0o \u0111\u00f3; x\u1eed l\u00fd l\u01b0\u1ee3ng th\u00f4ng tin t\u01b0\u01a1ng \u0111\u1ed1i l\u1edbn khi ph\u1ea3i ti\u1ebfp nh\u1eadn nh\u1eefng th\u00f4ng tin h\u1ed7n lo\u1ea1n; \u0111\u1ee9ng tr\u00ean g\u00f3c \u0111\u1ed9 v\u0129 m\u00f4 \u0111\u1ec3 ph\u00e2n t\u00edch v\u1ea5n \u0111\u1ec1, nh\u1eadn bi\u1ebft nh\u1eefng \u0111\u1eb7c \u0111i\u1ec3m sinh th\u00e1i, nh\u1eefng xu h\u01b0\u1edbng d\u00e0i h\u1ea1n c\u1ee7a s\u1ef1 v\u1eadt,&#8230; <\/p>\n<p>\u201cT\u01b0 Duy S\u00e2u&#8221; l\u00e0 m\u1ed9t cu\u1ed1n s\u00e1ch s\u1ebd d\u1eabn c\u00e1c b\u1ea1n \u0111i t\u1eeb nh\u1eefng b\u01b0\u1edbc c\u01a1 b\u1ea3n \u0111\u1ebfn ph\u1ee9c t\u1ea1p, t\u00ecm hi\u1ec3u s\u00e2u v\u00e0o kh\u1ea3 n\u0103ng c\u1ee7a b\u1ea3n th\u00e2n v\u00e0 c\u1ee7a n\u00e3o b\u1ed9 th\u00f4ng qua c\u00e1c ph\u01b0\u01a1ng ph\u00e1p v\u00e0 m\u00f4 h\u00ecnh nguy\u00ean l\u00fd chuy\u00ean s\u00e2u \u0111\u1ebfn t\u1eeb kinh nghi\u1ec7m v\u00e0 ki\u1ebfn th\u1ee9c c\u1ee7a chuy\u00ean gia v\u1ec1 c\u00e1c ph\u01b0\u01a1ng ph\u00e1p t\u01b0 duy &#8211; Di\u1ec7p Tu.<\/p>\n<p>Hy v\u1ecdng b\u1ea1n s\u1ebd t\u00ecm hi\u1ec3u r\u00f5 \u0111\u01b0\u1ee3c h\u01b0\u1edbng \u0111i cho b\u1ea3n th\u00e2n sau khi \u0111\u1ecdc xong cu\u1ed1n s\u00e1ch n\u00e0y!<\/p>\n","protected":false},"excerpt":{"rendered":"<p>Francis Bacon \u0111\u00e3 t\u1eebng ph\u1ea3i th\u1ed1t l\u00ean m\u1ed9t c\u00e2u kinh \u0111i\u1ec3n th\u1ebf n\u00e0y: \u201cTri th\u1ee9c ch\u00ednh l\u00e0 l\u1ef1c l\u01b0\u1ee3ng\u201d<\/p>\n<p>Trong qu\u00e1 tr\u00ecnh ph\u00e1t tri\u1ec3n c\u1ee7a x\u00e3 h\u1ed9i lo\u00e0i ng\u01b0\u1eddi, nh\u00e2n t\u1ed1 quy\u1ebft \u0111\u1ecbnh s\u1ef1 m\u1ea1nh y\u1ebfu c\u1ee7a m\u1ed9t c\u00e1 th\u1ec3 lu\u00f4n lu\u00f4n thay \u0111\u1ed5i.<\/p>\n<p>\u0110i\u1ec3m chung l\u1edbn nh\u1ea5t c\u1ee7a gi\u1edbi tinh hoa kh\u00f4ng ph\u1ea3i l\u00e0 t\u00e0i n\u0103ng xu\u1ea5t ch\u00fang, m\u00e0 l\u00e0 t\u01b0 duy s\u00e2u. B\u1ea1n c\u00f3 th\u1ec3 l\u1eadp \u0111\u01b0\u1ee3c k\u1ebf ho\u1ea1ch chi\u1ebfn l\u01b0\u1ee3c nh\u01b0 th\u1ebf n\u00e0o? B\u1ea1n c\u00f3 kh\u1ea3 n\u0103ng t\u01b0 duy \u0111\u1ec3 gi\u1ea3i quy\u1ebft c\u00e1c v\u1ea5n \u0111\u1ec1 trong cu\u1ed9c s\u1ed1ng hay kh\u00f4ng? Hay b\u1ea1n c\u00f3 th\u1ec3 \u0111\u01b0a ra \u0111\u01b0\u1ee3c nh\u1eefng \u0111i\u1ec1u \u1ea5y \u0111\u1ec1u c\u1ea7n \u0111\u1ebfn m\u1ed9t th\u1ee9 v\u0169 kh\u00ed t\u1ed1t nh\u1ea5t cho n\u00e3o b\u1ed9 \u0111\u1ea5y l\u00e0 ph\u01b0\u01a1ng ph\u00e1p t\u01b0 duy s\u00e2u.<\/p>\n<p>T\u01b0 duy s\u00e2u s\u1ebd gi\u00fap b\u1ea1n c\u00f3 \u0111\u01b0\u1ee3c chu\u1ed7i t\u01b0 duy logic; \u0111\u1ed9t ph\u00e1 gi\u1edbi h\u1ea1n c\u1ee7a b\u1ea3n th\u00e2n, c\u00f3 c\u00e1i nh\u00ecn linh ho\u1ea1t khi \u0111\u1ed1i di\u1ec7n v\u1edbi m\u1ed9t v\u1ea5n \u0111\u1ec1 n\u00e0o \u0111\u00f3; x\u1eed l\u00fd l\u01b0\u1ee3ng th\u00f4ng tin t\u01b0\u01a1ng \u0111\u1ed1i l\u1edbn khi ph\u1ea3i ti\u1ebfp nh\u1eadn nh\u1eefng th\u00f4ng tin h\u1ed7n lo\u1ea1n; \u0111\u1ee9ng tr\u00ean g\u00f3c \u0111\u1ed9 v\u0129 m\u00f4 \u0111\u1ec3 ph\u00e2n t\u00edch v\u1ea5n \u0111\u1ec1, nh\u1eadn bi\u1ebft nh\u1eefng \u0111\u1eb7c \u0111i\u1ec3m sinh th\u00e1i, nh\u1eefng xu h\u01b0\u1edbng d\u00e0i h\u1ea1n c\u1ee7a s\u1ef1 v\u1eadt,&#8230; <\/p>\n<p>\u201cT\u01b0 Duy S\u00e2u&#8221; l\u00e0 m\u1ed9t cu\u1ed1n s\u00e1ch s\u1ebd d\u1eabn c\u00e1c b\u1ea1n \u0111i t\u1eeb nh\u1eefng b\u01b0\u1edbc c\u01a1 b\u1ea3n \u0111\u1ebfn ph\u1ee9c t\u1ea1p, t\u00ecm hi\u1ec3u s\u00e2u v\u00e0o kh\u1ea3 n\u0103ng c\u1ee7a b\u1ea3n th\u00e2n v\u00e0 c\u1ee7a n\u00e3o b\u1ed9 th\u00f4ng qua c\u00e1c ph\u01b0\u01a1ng ph\u00e1p v\u00e0 m\u00f4 h\u00ecnh nguy\u00ean l\u00fd chuy\u00ean s\u00e2u \u0111\u1ebfn t\u1eeb kinh nghi\u1ec7m v\u00e0 ki\u1ebfn th\u1ee9c c\u1ee7a chuy\u00ean gia v\u1ec1 c\u00e1c ph\u01b0\u01a1ng ph\u00e1p t\u01b0 duy &#8211; Di\u1ec7p Tu.<\/p>\n<p>Hy v\u1ecdng b\u1ea1n s\u1ebd t\u00ecm hi\u1ec3u r\u00f5 \u0111\u01b0\u1ee3c h\u01b0\u1edbng \u0111i cho b\u1ea3n th\u00e2n sau khi \u0111\u1ecdc xong cu\u1ed1n s\u00e1ch n\u00e0y!<\/p>\n","protected":false},"featured_media":9546,"template":"","meta":{"_acf_changed":false},"product_brand":[],"product_cat":[15,46],"product_tag":[],"class_list":{"0":"post-9548","1":"product","2":"type-product","3":"status-publish","4":"has-post-thumbnail","6":"product_cat-sach-danh-cho-nguoi-lon","7":"product_cat-ky-nang-song","9":"first","10":"outofstock","11":"taxable","12":"shipping-taxable","13":"purchasable","14":"product-type-simple"},"supplier_id":null,"supplier_sku":"","barcode":null,"atum_controlled":true,"out_stock_date":"2021-07-16 15:21:46","out_stock_threshold":null,"inheritable":false,"inbound_stock":1,"stock_on_hold":0,"sold_today":0,"sales_last_days":0,"reserved_stock":0,"customer_returns":0,"warehouse_damage":0,"lost_in_post":0,"other_logs":0,"out_stock_days":1657,"lost_sales":2364,"has_location":false,"update_date":"2026-01-28T23:10:44","atum_locations":[],"atum_stock_status":"outofstock","restock_status":false,"low_stock_amount":"","sales_update_date":"2026-01-28T23:10:44","calc_backorders":null,"acf":{"publisher":{"ID":1785,"post_author":"1","post_date":"2021-02-17 01:54:46","post_date_gmt":"2021-02-16 23:54:46","post_content":"<!-- wp:flatsome\/uxbuilder -->\n<h1 style=\"text-align: center;\"><strong>AZ VIETNAM<\/strong><\/h1>\n[row]\n\n[col span=\"8\" span__sm=\"12\"]\n\n<p>Th\u00e0nh l\u1eadp n\u0103m: 2015<br \/>V\u1ed1n \u0111\u1ea7u t\u01b0: 4,000,000,000 \u0111\u1ed3ng<br \/><strong>L\u0129nh v\u1ef1c:<\/strong><br \/>- Xu\u1ea5t b\u1ea3n v\u00e0 ph\u00e1t h\u00e0nh v\u0103n h\u00f3a ph\u1ea9m<br \/>- Cung c\u1ea5p v\u0103n h\u00f3a ph\u1ea9m, c\u00e1c s\u1ea3n ph\u1ea9m cho in \u1ea5n, trang thi\u1ebft b\u1ecb cho c\u00e1c th\u01b0 vi\u1ec7n v\u00e0 trung t\u00e2m s\u00e1ch tr\u00ean c\u1ea3 n\u01b0\u1edbc.<br \/>- Th\u1eddi trang v\u00e0 c\u00e1c s\u1ea3n ph\u1ea9m li\u00ean quan \u0111\u1ebfn l\u0129nh v\u1ef1c th\u1eddi trang<br \/>- Xu\u1ea5t nh\u1eadp kh\u1ea9u c\u00e1c s\u1ea3n ph\u1ea9m v\u0103n h\u00f3a<\/p>\n<p><strong>Quy m\u00f4:<\/strong> 60 nh\u00e2n vi\u00ean<br \/>Kh\u1edfi ngu\u1ed3n c\u1ee7a AZ Vi\u1ec7t Nam ng\u00e0y nay l\u00e0 C\u00f4ng ty TNHH Trung t\u00e2m S\u00e1ch v\u00e0 Thi\u1ebft b\u1ecb Th\u01b0 vi\u1ec7n, v\u1edbi ho\u1ea1t \u0111\u1ed9ng \u0111\u1ea7u ti\u00ean l\u00e0 cung c\u1ea5p s\u00e1ch, trang thi\u1ebft b\u1ecb, v\u0103n h\u00f3a ph\u1ea9m cho c\u00e1c th\u01b0 vi\u1ec7n v\u00e0 trung t\u00e2m s\u00e1ch tr\u00ean c\u1ea3 n\u01b0\u1edbc. T\u1eeb cu\u1ed1i n\u0103m 2010 \u0111\u1ebfn nay, ch\u00fang t\u00f4i \u0111\u00e3 kh\u00f4ng ng\u1eebng n\u1ed7 l\u1ef1c khai ph\u00e1 v\u00e0 ph\u00e1t tri\u1ec3n c\u00e1c d\u00f2ng s\u1ea3n ph\u1ea9m m\u1edbi v\u1edbi 8 th\u01b0\u01a1ng hi\u1ec7u uy t\u00edn. \u0110\u1ec3 \u0111\u00e1p \u1ee9ng nhu c\u1ea7u ph\u00e1t tri\u1ec3n ng\u00e0y m\u1ed9t l\u1edbn m\u1ea1nh v\u00e0 t\u1eadp h\u1ee3p c\u00e1c th\u01b0\u01a1ng hi\u1ec7u \u0111\u00e3 \u0111\u01b0\u1ee3c ch\u00fang t\u00f4i x\u00e2y d\u1ef1ng, 2015 C\u00f4ng ty TNHH AZ Vi\u1ec7t Nam \u0111\u00e3 ra \u0111\u1eddi v\u1edbi s\u1ee9 m\u1ec7nh mang \u0111\u1ebfn nhi\u1ec1u h\u01a1n n\u1eefa nh\u1eefng gi\u00e1 tr\u1ecb tinh th\u1ea7n, tri th\u1ee9c ti\u00ean ti\u1ebfn cho ng\u01b0\u1eddi ti\u00eau d\u00f9ng b\u1eb1ng vi\u1ec7c cung c\u1ea5p nh\u1eefng s\u1ea3n ph\u1ea9m c\u00f3 ch\u1ea5t l\u01b0\u1ee3ng.<\/p>\n\n[\/col]\n[col span=\"4\" span__sm=\"12\"]\n\n[ux_image id=\"1836\" image_size=\"medium\"]\n\n\n[\/col]\n\n[\/row]\n\n<!-- \/wp:flatsome\/uxbuilder -->","post_title":"AZ Vi\u1ec7t Nam","post_excerpt":"","post_status":"publish","comment_status":"closed","ping_status":"closed","post_password":"","post_name":"az-viet-nam","to_ping":"","pinged":"","post_modified":"2021-02-17 22:07:10","post_modified_gmt":"2021-02-17 20:07:10","post_content_filtered":"","post_parent":0,"guid":"https:\/\/sachviet.eu\/nha-phat-hanh\/az-viet-nam\/","menu_order":0,"post_type":"publisher","post_mime_type":"","comment_count":"0","filter":"raw"}},"_links":{"self":[{"href":"https:\/\/sachviet.eu\/en\/wp-json\/wp\/v2\/product\/9548","targetHints":{"allow":["GET"]}}],"collection":[{"href":"https:\/\/sachviet.eu\/en\/wp-json\/wp\/v2\/product"}],"about":[{"href":"https:\/\/sachviet.eu\/en\/wp-json\/wp\/v2\/types\/product"}],"wp:featuredmedia":[{"embeddable":true,"href":"https:\/\/sachviet.eu\/en\/wp-json\/wp\/v2\/media\/9546"}],"wp:attachment":[{"href":"https:\/\/sachviet.eu\/en\/wp-json\/wp\/v2\/media?parent=9548"}],"wp:term":[{"taxonomy":"product_brand","embeddable":true,"href":"https:\/\/sachviet.eu\/en\/wp-json\/wp\/v2\/product_brand?post=9548"},{"taxonomy":"product_cat","embeddable":true,"href":"https:\/\/sachviet.eu\/en\/wp-json\/wp\/v2\/product_cat?post=9548"},{"taxonomy":"product_tag","embeddable":true,"href":"https:\/\/sachviet.eu\/en\/wp-json\/wp\/v2\/product_tag?post=9548"}],"curies":[{"name":"wp","href":"https:\/\/api.w.org\/{rel}","templated":true}]}}