{"id":9541,"date":"2021-06-02T01:23:04","date_gmt":"2021-06-01T22:23:04","guid":{"rendered":"https:\/\/sachviet.eu\/shop\/thien-than-nho-cua-toi-tai-ban\/"},"modified":"2021-06-15T15:13:23","modified_gmt":"2021-06-15T12:13:23","slug":"thien-than-nho-cua-toi-tai-ban","status":"publish","type":"product","link":"https:\/\/sachviet.eu\/en\/shop\/thien-than-nho-cua-toi-tai-ban\/","title":{"rendered":"Thi\u00ean Th\u1ea7n Nh\u1ecf C\u1ee7a T\u00f4i (T\u00e1i B\u1ea3n)"},"content":{"rendered":"<p>Khi d\u1ecdn v\u1ec1 ng\u00f4i nh\u00e0 m\u1edbi, Kha c\u00f3 m\u1ed9t c\u00f4 b\u1ea1n ngh\u00e8o s\u1ed1ng trong ng\u00f5 h\u1ebbm g\u1ea7n \u0111\u00f3. Khu v\u01b0\u1eddn v\u00e0 ng\u00f4i bi\u1ec7t th\u1ef1 m\u00e0 cha m\u1eb9 Kha \u0111\u01b0\u1ee3c c\u1ea5p kh\u00f4ng ng\u1edd l\u00e0 n\u01a1i quen thu\u1ed9c c\u1ee7a H\u1ed3ng Hoa, c\u1ee9 nh\u01b0 c\u00f4 \u1ea5y \u0111\u00e3 g\u1eafn b\u00f3 v\u1edbi n\u00f3 t\u1eeb l\u00e2u r\u1ed3i. V\u00ec th\u1ebf, d\u00f9 b\u1ecb ch\u1ee7 nh\u00e0 m\u1edbi ng\u0103n c\u1ea5m, c\u00f4 v\u1eabn l\u00e9n l\u00fat t\u00ecm v\u00e0o khu v\u01b0\u1eddn, \u0111\u1ec3 r\u1ed3i g\u1eb7p ph\u1ea3i tai n\u1ea1n&#8230; V\u00e0\u2026<\/p>\n","protected":false},"excerpt":{"rendered":"<p>Khi d\u1ecdn v\u1ec1 ng\u00f4i nh\u00e0 m\u1edbi, Kha c\u00f3 m\u1ed9t c\u00f4 b\u1ea1n ngh\u00e8o s\u1ed1ng trong ng\u00f5 h\u1ebbm g\u1ea7n \u0111\u00f3. Khu v\u01b0\u1eddn v\u00e0 ng\u00f4i bi\u1ec7t th\u1ef1 m\u00e0 cha m\u1eb9 Kha \u0111\u01b0\u1ee3c c\u1ea5p kh\u00f4ng ng\u1edd l\u00e0 n\u01a1i quen thu\u1ed9c c\u1ee7a H\u1ed3ng Hoa, c\u1ee9 nh\u01b0 c\u00f4 \u1ea5y \u0111\u00e3 g\u1eafn b\u00f3 v\u1edbi n\u00f3 t\u1eeb l\u00e2u r\u1ed3i. V\u00ec th\u1ebf, d\u00f9 b\u1ecb ch\u1ee7 nh\u00e0 m\u1edbi ng\u0103n c\u1ea5m, c\u00f4 v\u1eabn l\u00e9n l\u00fat t\u00ecm v\u00e0o khu v\u01b0\u1eddn, \u0111\u1ec3 r\u1ed3i g\u1eb7p ph\u1ea3i tai n\u1ea1n&#8230; V\u00e0\u2026<\/p>\n","protected":false},"featured_media":9530,"template":"","meta":{"_acf_changed":false},"product_brand":[],"product_cat":[15,45],"product_tag":[],"class_list":{"0":"post-9541","1":"product","2":"type-product","3":"status-publish","4":"has-post-thumbnail","6":"product_cat-sach-danh-cho-nguoi-lon","7":"product_cat-tieu-thuyet","9":"first","10":"outofstock","11":"taxable","12":"shipping-taxable","13":"purchasable","14":"product-type-simple"},"supplier_id":null,"supplier_sku":"","barcode":null,"atum_controlled":true,"out_stock_date":"2021-06-15 12:13:23","out_stock_threshold":null,"inheritable":false,"inbound_stock":0,"stock_on_hold":0,"sold_today":0,"sales_last_days":0,"reserved_stock":0,"customer_returns":0,"warehouse_damage":0,"lost_in_post":0,"other_logs":0,"out_stock_days":1688,"lost_sales":0,"has_location":false,"update_date":"2026-01-28T23:10:44","atum_locations":[],"atum_stock_status":"outofstock","restock_status":false,"low_stock_amount":"","sales_update_date":"2026-01-28T23:10:44","calc_backorders":null,"acf":{"publisher":{"ID":1517,"post_author":"1","post_date":"2021-02-17 01:14:41","post_date_gmt":"2021-02-16 23:14:41","post_content":"","post_title":"NXB Tr\u1ebb","post_excerpt":"","post_status":"publish","comment_status":"closed","ping_status":"closed","post_password":"","post_name":"nxb-tre","to_ping":"","pinged":"","post_modified":"2021-02-17 01:14:41","post_modified_gmt":"2021-02-16 23:14:41","post_content_filtered":"","post_parent":0,"guid":"https:\/\/sachviet.eu\/nha-phat-hanh\/nxb-tre\/","menu_order":0,"post_type":"publisher","post_mime_type":"","comment_count":"0","filter":"raw"}},"_links":{"self":[{"href":"https:\/\/sachviet.eu\/en\/wp-json\/wp\/v2\/product\/9541","targetHints":{"allow":["GET"]}}],"collection":[{"href":"https:\/\/sachviet.eu\/en\/wp-json\/wp\/v2\/product"}],"about":[{"href":"https:\/\/sachviet.eu\/en\/wp-json\/wp\/v2\/types\/product"}],"wp:featuredmedia":[{"embeddable":true,"href":"https:\/\/sachviet.eu\/en\/wp-json\/wp\/v2\/media\/9530"}],"wp:attachment":[{"href":"https:\/\/sachviet.eu\/en\/wp-json\/wp\/v2\/media?parent=9541"}],"wp:term":[{"taxonomy":"product_brand","embeddable":true,"href":"https:\/\/sachviet.eu\/en\/wp-json\/wp\/v2\/product_brand?post=9541"},{"taxonomy":"product_cat","embeddable":true,"href":"https:\/\/sachviet.eu\/en\/wp-json\/wp\/v2\/product_cat?post=9541"},{"taxonomy":"product_tag","embeddable":true,"href":"https:\/\/sachviet.eu\/en\/wp-json\/wp\/v2\/product_tag?post=9541"}],"curies":[{"name":"wp","href":"https:\/\/api.w.org\/{rel}","templated":true}]}}