{"id":9529,"date":"2021-06-02T01:22:04","date_gmt":"2021-06-01T22:22:04","guid":{"rendered":"https:\/\/sachviet.eu\/shop\/cay-chuoi-non-di-giay-xanh\/"},"modified":"2021-06-23T21:17:55","modified_gmt":"2021-06-23T18:17:55","slug":"cay-chuoi-non-di-giay-xanh","status":"publish","type":"product","link":"https:\/\/sachviet.eu\/en\/shop\/cay-chuoi-non-di-giay-xanh\/","title":{"rendered":"C\u00e2y Chu\u1ed1i Non \u0110i Gi\u00e0y Xanh"},"content":{"rendered":"<p>Tr\u00edch &#8220;C\u00e2y Chu\u1ed1i Non \u0110i Gi\u00e0y Xanh&#8221;<br \/>\n&#8220;Kh\u00e1c v\u1edbi m\u00f9a thu r\u00f3n r\u00e9n, bao gi\u1edd m\u00f9a h\u00e8 c\u0169ng v\u1ec1 v\u1edbi nh\u1eefng b\u01b0\u1edbc ch\u00e2n r\u1ed9n r\u00e0ng. C\u00e2y ph\u01b0\u1ee3ng tr\u01b0\u1edbc s\u00e2n tr\u01b0\u1eddng t\u00f4i v\u00e0 c\u00e2y ph\u01b0\u1ee3ng tr\u01b0\u1edbc s\u00e2n ch\u00f9a Gi\u00e1c Nguy\u00ean thi nhau n\u1edf \u0111\u1ecf th\u1eafm m\u1ea5y h\u00f4m nay. Tr\u00ean nh\u1eefng ng\u1ecdn c\u00e2y cao hai b\u00ean b\u1edd su\u1ed1i, ti\u1ebfng ve \u0111\u00e3 b\u1eaft \u0111\u1ea7u r\u00e2m ran. V\u00e0 tr\u00ean c\u00e1nh \u0111\u1ed3ng d\u1eabn v\u00f4 con su\u1ed1i x\u00f3m Trong, c\u1ecf kh\u00f4 \u0111i d\u01b0\u1edbi c\u00e1i n\u1eafng nh\u01b0 thi\u00eau, r\u1ee7 nhau chuy\u1ec3n sang m\u00e0u r\u01a1m r\u1ea1 v\u00e0 ph\u00e1t ra ti\u1ebfng k\u00eau l\u1ea1o x\u1ea1o m\u1ed7i khi b\u00e1nh xe c\u1ee7a ch\u00fa ti\u1ec3u Kh\u00f4i l\u0103n qua.<\/p>\n<p>&#8230;.<\/p>\n<p>Khi ng\u01b0\u1eddi ta l\u1edbn l\u00ean, ni\u1ec1m vui v\u00e0 n\u1ed7i bu\u1ed3n c\u0169ng l\u1edbn l\u00ean theo. Trong nh\u1eefng gi\u1ea5c m\u01a1 c\u1ee7a t\u00f4i, kh\u00f4ng c\u00f3 ch\u00e2u ch\u1ea5u chu\u1ed3n chu\u1ed3n nh\u01b0 nh\u1eefng ng\u00e0y th\u01a1 b\u00e9. \u0110\u00e3 c\u00f3 b\u00e3o gi\u00f4ng theo v\u1ec1 trong nh\u1eefng \u0111\u00eam gi\u00f3 lu\u1ed3n qua m\u00e1i l\u00e1. \u1edc, ngay c\u1ea3 gi\u1ea5c m\u01a1 c\u0169ng l\u1edbn l\u00ean \u0111\u00f3 th\u00f4i.&#8221;<\/p>\n","protected":false},"excerpt":{"rendered":"<p>Tr\u00edch &#8220;C\u00e2y Chu\u1ed1i Non \u0110i Gi\u00e0y Xanh&#8221;<br \/>\n&#8220;Kh\u00e1c v\u1edbi m\u00f9a thu r\u00f3n r\u00e9n, bao gi\u1edd m\u00f9a h\u00e8 c\u0169ng v\u1ec1 v\u1edbi nh\u1eefng b\u01b0\u1edbc ch\u00e2n r\u1ed9n r\u00e0ng. C\u00e2y ph\u01b0\u1ee3ng tr\u01b0\u1edbc s\u00e2n tr\u01b0\u1eddng t\u00f4i v\u00e0 c\u00e2y ph\u01b0\u1ee3ng tr\u01b0\u1edbc s\u00e2n ch\u00f9a Gi\u00e1c Nguy\u00ean thi nhau n\u1edf \u0111\u1ecf th\u1eafm m\u1ea5y h\u00f4m nay. Tr\u00ean nh\u1eefng ng\u1ecdn c\u00e2y cao hai b\u00ean b\u1edd su\u1ed1i, ti\u1ebfng ve \u0111\u00e3 b\u1eaft \u0111\u1ea7u r\u00e2m ran. V\u00e0 tr\u00ean c\u00e1nh \u0111\u1ed3ng d\u1eabn v\u00f4 con su\u1ed1i x\u00f3m Trong, c\u1ecf kh\u00f4 \u0111i d\u01b0\u1edbi c\u00e1i n\u1eafng nh\u01b0 thi\u00eau, r\u1ee7 nhau chuy\u1ec3n sang m\u00e0u r\u01a1m r\u1ea1 v\u00e0 ph\u00e1t ra ti\u1ebfng k\u00eau l\u1ea1o x\u1ea1o m\u1ed7i khi b\u00e1nh xe c\u1ee7a ch\u00fa ti\u1ec3u Kh\u00f4i l\u0103n qua.<\/p>\n<p>&#8230;.<\/p>\n<p>Khi ng\u01b0\u1eddi ta l\u1edbn l\u00ean, ni\u1ec1m vui v\u00e0 n\u1ed7i bu\u1ed3n c\u0169ng l\u1edbn l\u00ean theo. Trong nh\u1eefng gi\u1ea5c m\u01a1 c\u1ee7a t\u00f4i, kh\u00f4ng c\u00f3 ch\u00e2u ch\u1ea5u chu\u1ed3n chu\u1ed3n nh\u01b0 nh\u1eefng ng\u00e0y th\u01a1 b\u00e9. \u0110\u00e3 c\u00f3 b\u00e3o gi\u00f4ng theo v\u1ec1 trong nh\u1eefng \u0111\u00eam gi\u00f3 lu\u1ed3n qua m\u00e1i l\u00e1. \u1edc, ngay c\u1ea3 gi\u1ea5c m\u01a1 c\u0169ng l\u1edbn l\u00ean \u0111\u00f3 th\u00f4i.&#8221;<\/p>\n","protected":false},"featured_media":9528,"template":"","meta":{"_acf_changed":false},"product_brand":[],"product_cat":[15,45],"product_tag":[],"class_list":{"0":"post-9529","1":"product","2":"type-product","3":"status-publish","4":"has-post-thumbnail","6":"product_cat-sach-danh-cho-nguoi-lon","7":"product_cat-tieu-thuyet","9":"first","10":"outofstock","11":"taxable","12":"shipping-taxable","13":"purchasable","14":"product-type-simple"},"supplier_id":null,"supplier_sku":"","barcode":null,"atum_controlled":true,"out_stock_date":"2021-06-23 18:17:55","out_stock_threshold":null,"inheritable":false,"inbound_stock":0,"stock_on_hold":0,"sold_today":0,"sales_last_days":0,"reserved_stock":0,"customer_returns":0,"warehouse_damage":0,"lost_in_post":0,"other_logs":0,"out_stock_days":1680,"lost_sales":0,"has_location":false,"update_date":"2026-01-28T23:10:44","atum_locations":[],"atum_stock_status":"outofstock","restock_status":false,"low_stock_amount":"","sales_update_date":"2026-01-28T23:10:44","calc_backorders":null,"acf":{"publisher":{"ID":1517,"post_author":"1","post_date":"2021-02-17 01:14:41","post_date_gmt":"2021-02-16 23:14:41","post_content":"","post_title":"NXB Tr\u1ebb","post_excerpt":"","post_status":"publish","comment_status":"closed","ping_status":"closed","post_password":"","post_name":"nxb-tre","to_ping":"","pinged":"","post_modified":"2021-02-17 01:14:41","post_modified_gmt":"2021-02-16 23:14:41","post_content_filtered":"","post_parent":0,"guid":"https:\/\/sachviet.eu\/nha-phat-hanh\/nxb-tre\/","menu_order":0,"post_type":"publisher","post_mime_type":"","comment_count":"0","filter":"raw"}},"_links":{"self":[{"href":"https:\/\/sachviet.eu\/en\/wp-json\/wp\/v2\/product\/9529","targetHints":{"allow":["GET"]}}],"collection":[{"href":"https:\/\/sachviet.eu\/en\/wp-json\/wp\/v2\/product"}],"about":[{"href":"https:\/\/sachviet.eu\/en\/wp-json\/wp\/v2\/types\/product"}],"wp:featuredmedia":[{"embeddable":true,"href":"https:\/\/sachviet.eu\/en\/wp-json\/wp\/v2\/media\/9528"}],"wp:attachment":[{"href":"https:\/\/sachviet.eu\/en\/wp-json\/wp\/v2\/media?parent=9529"}],"wp:term":[{"taxonomy":"product_brand","embeddable":true,"href":"https:\/\/sachviet.eu\/en\/wp-json\/wp\/v2\/product_brand?post=9529"},{"taxonomy":"product_cat","embeddable":true,"href":"https:\/\/sachviet.eu\/en\/wp-json\/wp\/v2\/product_cat?post=9529"},{"taxonomy":"product_tag","embeddable":true,"href":"https:\/\/sachviet.eu\/en\/wp-json\/wp\/v2\/product_tag?post=9529"}],"curies":[{"name":"wp","href":"https:\/\/api.w.org\/{rel}","templated":true}]}}