{"id":9527,"date":"2021-06-02T01:21:58","date_gmt":"2021-06-01T22:21:58","guid":{"rendered":"https:\/\/sachviet.eu\/shop\/chuc-mot-ngay-tot-lanh\/"},"modified":"2021-06-23T21:17:55","modified_gmt":"2021-06-23T18:17:55","slug":"chuc-mot-ngay-tot-lanh","status":"publish","type":"product","link":"https:\/\/sachviet.eu\/en\/shop\/chuc-mot-ngay-tot-lanh\/","title":{"rendered":"Ch\u00fac M\u1ed9t Ng\u00e0y T\u1ed1t L\u00e0nh"},"content":{"rendered":"<p>\u0110\u1ecdc t\u1ef1a cu\u1ed1n s\u00e1ch m\u1edbi nh\u1ea5t c\u1ee7a nh\u00e0 v\u0103n Nguy\u1ec5n Nh\u1eadt \u00c1nh l\u00e0 mu\u1ed1n m\u1edf ngay trang s\u00e1ch. B\u1ea1n s\u1ebd th\u1ea5y m\u1ed9t th\u1ee9 ng\u00f4n ng\u1eef l\u1ea1 c\u1ee7a H\u00e0n Qu\u1ed1c hay c\u1ee7a n\u01b0\u1edbc n\u00e0o t\u00f9y b\u1ea1n \u0111o\u00e1n, G\u00f4 un un l\u00e0 Ch\u00e0o bu\u1ed5i s\u00e1ng; Un g\u00f4 g\u00f4 l\u00e0 Ch\u00fac ng\u1ee7 ngon, v\u00e0 n\u1eefa, Chi\u1ebfp un un; \u0102ng g\u00f4 g\u00f4; Chi\u1ebfp chi\u1ebfp g\u00f4\u2026<\/p>\n<p>Sau ch\u00f3 B\u00ea T\u00f4, r\u1ed3i Hai con m\u00e8o ng\u1ed3i b\u00ean c\u1eeda s\u1ed5, nh\u00e0 v\u0103n vi\u1ebft v\u1ec1 m\u1ed9t c\u1eb7p heo<\/p>\n<p>Nh\u00e2n v\u1eadt ch\u00ednh l\u00e0 hai con heo con, L\u1ecd N\u1ed3i th\u00f4ng minh v\u00e0 \u0110eo N\u01a1 xinh \u0111\u1eb9p, c\u00f9ng b\u1ea1n ch\u00f3 M\u00f5m Ng\u1eafn con ch\u1ecb V\u1ec7n, m\u1eb9 N\u00e1i S\u1ec1, anh \u0110u\u00f4i Xo\u0103n, C\u00e1nh C\u1ee5t v\u00e0 b\u1ecdn g\u00e0 ch\u00edp nh\u00e0 ch\u1ecb M\u00e1i Hoa,\u2026 \u0111\u00e3 l\u00e0m n\u00ean m\u1ed9t c\u00e2u chuy\u1ec7n v\u00f4 c\u00f9ng th\u00fa v\u1ecb..<\/p>\n<p>V\u00e0 th\u1ebf gi\u1edbi tr\u1edf n\u00ean thay \u0111\u1ed5i!<\/p>\n","protected":false},"excerpt":{"rendered":"<p>\u0110\u1ecdc t\u1ef1a cu\u1ed1n s\u00e1ch m\u1edbi nh\u1ea5t c\u1ee7a nh\u00e0 v\u0103n Nguy\u1ec5n Nh\u1eadt \u00c1nh l\u00e0 mu\u1ed1n m\u1edf ngay trang s\u00e1ch. B\u1ea1n s\u1ebd th\u1ea5y m\u1ed9t th\u1ee9 ng\u00f4n ng\u1eef l\u1ea1 c\u1ee7a H\u00e0n Qu\u1ed1c hay c\u1ee7a n\u01b0\u1edbc n\u00e0o t\u00f9y b\u1ea1n \u0111o\u00e1n, G\u00f4 un un l\u00e0 Ch\u00e0o bu\u1ed5i s\u00e1ng; Un g\u00f4 g\u00f4 l\u00e0 Ch\u00fac ng\u1ee7 ngon, v\u00e0 n\u1eefa, Chi\u1ebfp un un; \u0102ng g\u00f4 g\u00f4; Chi\u1ebfp chi\u1ebfp g\u00f4\u2026<\/p>\n<p>Sau ch\u00f3 B\u00ea T\u00f4, r\u1ed3i Hai con m\u00e8o ng\u1ed3i b\u00ean c\u1eeda s\u1ed5, nh\u00e0 v\u0103n vi\u1ebft v\u1ec1 m\u1ed9t c\u1eb7p heo<\/p>\n<p>Nh\u00e2n v\u1eadt ch\u00ednh l\u00e0 hai con heo con, L\u1ecd N\u1ed3i th\u00f4ng minh v\u00e0 \u0110eo N\u01a1 xinh \u0111\u1eb9p, c\u00f9ng b\u1ea1n ch\u00f3 M\u00f5m Ng\u1eafn con ch\u1ecb V\u1ec7n, m\u1eb9 N\u00e1i S\u1ec1, anh \u0110u\u00f4i Xo\u0103n, C\u00e1nh C\u1ee5t v\u00e0 b\u1ecdn g\u00e0 ch\u00edp nh\u00e0 ch\u1ecb M\u00e1i Hoa,\u2026 \u0111\u00e3 l\u00e0m n\u00ean m\u1ed9t c\u00e2u chuy\u1ec7n v\u00f4 c\u00f9ng th\u00fa v\u1ecb..<\/p>\n<p>V\u00e0 th\u1ebf gi\u1edbi tr\u1edf n\u00ean thay \u0111\u1ed5i!<\/p>\n","protected":false},"featured_media":9514,"template":"","meta":{"_acf_changed":false},"product_brand":[],"product_cat":[15,45],"product_tag":[],"class_list":{"0":"post-9527","1":"product","2":"type-product","3":"status-publish","4":"has-post-thumbnail","6":"product_cat-sach-danh-cho-nguoi-lon","7":"product_cat-tieu-thuyet","9":"first","10":"outofstock","11":"taxable","12":"shipping-taxable","13":"purchasable","14":"product-type-simple"},"supplier_id":null,"supplier_sku":"","barcode":null,"atum_controlled":true,"out_stock_date":"2021-06-23 18:17:55","out_stock_threshold":null,"inheritable":false,"inbound_stock":0,"stock_on_hold":0,"sold_today":0,"sales_last_days":0,"reserved_stock":0,"customer_returns":0,"warehouse_damage":0,"lost_in_post":0,"other_logs":0,"out_stock_days":1680,"lost_sales":0,"has_location":false,"update_date":"2026-01-28T23:10:44","atum_locations":[],"atum_stock_status":"outofstock","restock_status":false,"low_stock_amount":"","sales_update_date":"2026-01-28T23:10:44","calc_backorders":null,"acf":{"publisher":{"ID":1517,"post_author":"1","post_date":"2021-02-17 01:14:41","post_date_gmt":"2021-02-16 23:14:41","post_content":"","post_title":"NXB Tr\u1ebb","post_excerpt":"","post_status":"publish","comment_status":"closed","ping_status":"closed","post_password":"","post_name":"nxb-tre","to_ping":"","pinged":"","post_modified":"2021-02-17 01:14:41","post_modified_gmt":"2021-02-16 23:14:41","post_content_filtered":"","post_parent":0,"guid":"https:\/\/sachviet.eu\/nha-phat-hanh\/nxb-tre\/","menu_order":0,"post_type":"publisher","post_mime_type":"","comment_count":"0","filter":"raw"}},"_links":{"self":[{"href":"https:\/\/sachviet.eu\/en\/wp-json\/wp\/v2\/product\/9527","targetHints":{"allow":["GET"]}}],"collection":[{"href":"https:\/\/sachviet.eu\/en\/wp-json\/wp\/v2\/product"}],"about":[{"href":"https:\/\/sachviet.eu\/en\/wp-json\/wp\/v2\/types\/product"}],"wp:featuredmedia":[{"embeddable":true,"href":"https:\/\/sachviet.eu\/en\/wp-json\/wp\/v2\/media\/9514"}],"wp:attachment":[{"href":"https:\/\/sachviet.eu\/en\/wp-json\/wp\/v2\/media?parent=9527"}],"wp:term":[{"taxonomy":"product_brand","embeddable":true,"href":"https:\/\/sachviet.eu\/en\/wp-json\/wp\/v2\/product_brand?post=9527"},{"taxonomy":"product_cat","embeddable":true,"href":"https:\/\/sachviet.eu\/en\/wp-json\/wp\/v2\/product_cat?post=9527"},{"taxonomy":"product_tag","embeddable":true,"href":"https:\/\/sachviet.eu\/en\/wp-json\/wp\/v2\/product_tag?post=9527"}],"curies":[{"name":"wp","href":"https:\/\/api.w.org\/{rel}","templated":true}]}}